{"id":1810,"date":"2025-04-28T15:42:54","date_gmt":"2025-04-28T13:42:54","guid":{"rendered":"https:\/\/pysslingen.se\/vitabergen\/?page_id=1810"},"modified":"2025-04-29T15:41:25","modified_gmt":"2025-04-29T13:41:25","slug":"simskola","status":"publish","type":"page","link":"https:\/\/pysslingen.se\/vitabergen\/simskola\/","title":{"rendered":"Simskola p\u00e5 Pysslingen Vita Bergen"},"content":{"rendered":"\n\t\n\t\n\t\n\n\t\n\t\n\t\t\n<section  class=\"c-block l-stacked  \" data-color-scheme=\"nyans2_av_cta-hover-standard\">\n\t<div class=\"ams-fifty ams-fifty--container ams-fifty--right ams-fifty--bottom l-container u-pt-fluid-2xl-4xl u-pb-fluid-2xl-4xl\">\n\t\t<div class=\"ams-fifty__content l-stack l-stack-xl is-left is-left@lg\">\n\t\t\t<div class=\"ams-fifty__text l-stack l-stack-lg\">\n\t\t\t\t\t\n\t<h1\n\tclass=\"c-heading u-font-title-1 \"\n\tstyle=\"\">\n\t\t\n\t\t\t\t\t\t\t\t\tHur fungerar simskola p\u00e5 f\u00f6rskolan?\n\t\t\t\t<span class=\"c-heading__sub is-below u-font-title-3\">\n\t\t\t\t\tPysslingen Vita Bergen\n\t\t\t\t<\/span>\n\t\t\t\t\t\t\t\n\t<\/h1>\n\n\t\t\t\t\t\t\t\t\t<div class=\"text l-stack u-font-body\">\n\t\t\t\t\t\t<p>P\u00e5 Vita Bergens f\u00f6rskola erbjuder vi simskola f\u00f6r de \u00e4ldsta barnen, som en del av v\u00e5rt Sista \u00e5ret-koncept, d\u00e4r vi p\u00e5 ett lekfullt och pedagogiskt s\u00e4tt f\u00f6rbereder barnen inf\u00f6r skolstarten. Barnen f\u00e5r under \u00e5tta tillf\u00e4llen l\u00e4ra sig simningens grunder under ledning av erfarna och utbildade instrukt\u00f6rer. M\u00e5let \u00e4r inte bara att utveckla barnens simkunnighet, utan \u00e4ven att st\u00e4rka barnens trygghet och s\u00e4kerhet i vattnet.<\/p>\n\n\t\t\t\t\t<\/div>\n\t\t\t\t\t\t\t<\/div>\n\n\t\t\t\t\t<\/div>\n\n\t\t <div class=\"ams-fifty__media u-ratio-landscape\">\n\t\t \t\t\t\t\t<img decoding=\"async\" width=\"600\" height=\"450\" src=\"https:\/\/pysslingen.se\/wp-content\/uploads\/sites\/79\/2025\/04\/tempimageklzg0t-600x450.jpg\" class=\"attachment-md size-md\" alt=\"\" sizes=\"(min-width: 64em) 600px, calc(100vw - 160px)\" srcset=\"https:\/\/pysslingen.se\/wp-content\/uploads\/sites\/79\/2025\/04\/tempimageklzg0t-600x450.jpg 600w, https:\/\/pysslingen.se\/wp-content\/uploads\/sites\/79\/2025\/04\/tempimageklzg0t-300x225.jpg 300w, https:\/\/pysslingen.se\/wp-content\/uploads\/sites\/79\/2025\/04\/tempimageklzg0t-400x300.jpg 400w, https:\/\/pysslingen.se\/wp-content\/uploads\/sites\/79\/2025\/04\/tempimageklzg0t-800x600.jpg 800w, https:\/\/pysslingen.se\/wp-content\/uploads\/sites\/79\/2025\/04\/tempimageklzg0t-1024x768.jpg 1024w, https:\/\/pysslingen.se\/wp-content\/uploads\/sites\/79\/2025\/04\/tempimageklzg0t-1200x900.jpg 1200w, https:\/\/pysslingen.se\/wp-content\/uploads\/sites\/79\/2025\/04\/tempimageklzg0t-768x576.jpg 768w\" \/>\n\t\t\t\n\t\t\t\n\t\t\t\t\t<\/div>\n\t<\/div>\n\n\t\t\n\n<\/section>\n\n\n\n\t\n\t\n\t\n\n\t\n\t\n\t\t\n<section  class=\"c-block l-stacked  \" data-color-scheme=\"nyans2_av_cta-hover-standard\">\n\t<div class=\"ams-fifty ams-fifty--container ams-fifty--left ams-fifty--bottom l-container u-pt-fluid-2xl-4xl u-pb-fluid-2xl-4xl\">\n\t\t<div class=\"ams-fifty__content l-stack l-stack-xl is-left is-left@lg\">\n\t\t\t<div class=\"ams-fifty__text l-stack l-stack-lg\">\n\t\t\t\t\t\n\t<h2\n\tclass=\"c-heading u-font-title-1 \"\n\tstyle=\"\">\n\t\t\n\t\t\t\t\tMer om f\u00f6rskolan Vita Bergen p\u00e5 S\u00f6dermalm\n\t\t\t\t\n\t<\/h2>\n\n\t\t\t\t\t\t\t\t\t<div class=\"text l-stack u-font-body\">\n\t\t\t\t\t\t<p>F\u00f6rskolan Vita Bergen ligger vid Vitabergsparken p\u00e5 S\u00f6dermalm, med n\u00e4rhet till m\u00e5nga fler parker.<\/p>\n<p>Hela v\u00e5r verksamhet pr\u00e4glas av v\u00e5rt arbete med h\u00e5llbar utveckling. Vi uppm\u00e4rksammar djur och natur i v\u00e5r omgivning och g\u00e5r p\u00e5 utflykter flera g\u00e5nger i veckan. Vi arbetar processinriktat med naturmaterial som utg\u00e5ngspunkt och utforskande som inst\u00e4llning, utifr\u00e5n barnens intressen. Kreativitet och skapande har stor del i undervisningen liksom spr\u00e5k, matematik, h\u00e4lsa och lek.<\/p>\n<p>Varmt v\u00e4lkomna till oss!<\/p>\n\n\t\t\t\t\t<\/div>\n\t\t\t\t\t\t\t<\/div>\n\n\t\t\t\t\t<\/div>\n\n\t\t <div class=\"ams-fifty__media u-ratio-landscape\">\n\t\t \t\t\t\t\t<img decoding=\"async\" width=\"600\" height=\"400\" src=\"https:\/\/pysslingen.se\/wp-content\/uploads\/sites\/79\/2020\/11\/77a5537-vanligwebstorlek-max1024pixlarpbreddenellerhjden.jpg\" class=\"attachment-md size-md\" alt=\"Blond flicka m\u00e5lar och tittar in i kameran\" sizes=\"(min-width: 64em) 600px, calc(100vw - 160px)\" srcset=\"https:\/\/pysslingen.se\/wp-content\/uploads\/sites\/79\/2020\/11\/77a5537-vanligwebstorlek-max1024pixlarpbreddenellerhjden.jpg 768w, https:\/\/pysslingen.se\/wp-content\/uploads\/sites\/79\/2020\/11\/77a5537-vanligwebstorlek-max1024pixlarpbreddenellerhjden-300x200.jpg 300w\" \/>\n\t\t\t\n\t\t\t\n\t\t\t\t\t<\/div>\n\t<\/div>\n\n\t\t\n\n<\/section>\n\n\n\n\n<section  class=\"ams-cta ams-cta--stacked c-block l-stacked\" data-color-scheme=\"usp-pink-background-blue-cards\">\n\t<div class=\"l-container l-stack l-stack-fluid-2xl u-pt-fluid-2xl-4xl u-pb-fluid-2xl-4xl is-center is-center@md\">\n\t\t\t\t\t<div class=\"ams-cta__intro l-stack l-stack-lg\">\n\t\t\t\t\t\n\t<h2\n\tclass=\"c-heading u-font-title-1 \"\n\tstyle=\"\">\n\t\t\n\t\t\t\t\tVill du ans\u00f6ka till Vita Bergens f\u00f6rskola?\n\t\t\t\t\n\t<\/h2>\n\n\t\t\t\t\t\t\t\t\t<div class=\"c-text l-stack u-cs-xl u-font-body\">\n\t\t\t\t\t\t<p>Vad roligt att du \u00e4r intresserad av en plats hos oss p\u00e5 Vita Bergens f\u00f6rskola!<\/p>\n<p>F\u00f6r att st\u00e4lla ditt barn i k\u00f6 g\u00e5r du in p\u00e5 Stockholm stads webbplats och g\u00f6r din platsans\u00f6kan. D\u00e4r kan du l\u00e4sa om turordningsreglerna. Om du vill ha hj\u00e4lp med att st\u00e4lla dig i k\u00f6 ringer du kommunens Kontaktcenter p\u00e5 08-508 11 550.<\/p>\n<p>Har du fr\u00e5gor om k\u00f6 och intag \u00e4r du v\u00e4lkommen att kontakta v\u00e5r intendent, se kontaktuppgifter nedan.<\/p>\n\n\t\t\t\t\t<\/div>\n\t\t\t\t\t\t\t<\/div>\n\t\t\n\t\t\n\t\t\t<div class=\"ams-cta__action u-inline-items\">\n\t\t\t\t\t\t\t\n\n\n<a href=\"https:\/\/forskola.stockholm\"\n\t\n\tclass=\"c-btn \"\n\tdata-style=\"rounded\"\n\tdata-size=\"md\"\n\tdata-width=\"full-mobile\"\n\tdata-variant=\"default\"\n\ttarget=\"_blank\">\n\t\t\t<span class=\"label\"> Till k\u00f6anm\u00e4lan<\/span>\n\t\t\t<\/a>\n\t\t\t<\/div>\n\t<\/div>\n\n\t\t\n\n<\/section>\n\n\n\n<section \n\t\t class=\"\n\t\t ams-contact\n\t\t \n\t\t c-block l-stacked\n\t\t \n\t\t \n\t\t js-load-more\n\t\t \"\n\t\t data-color-scheme=\"\"\n\t\t\t\t\tdata-count=\"3\"\n\t\t\t\t\t\t\tdata-count-mobile=\"2\"\n\t\t\t\t>\n\t<div\n\t\t class=\"\n\t\t l-container\n\t\t l-stack l-stack-fluid-2xl\n\t\t u-pt-fluid-2xl-4xl\n\t\t u-pb-fluid-2xl-4xl\n\t\t is-center\n\t\t is-center@md\n\t\t \">\n\t\t\t\t\t<div class=\"ams-contact__intro l-stack l-stack-lg\">\n\t\t\t\t\t\n\t<h2\n\tclass=\"c-heading u-font-title-1 \"\n\tstyle=\"\">\n\t\t\n\t\t\t\t\tKontakta oss:\n\t\t\t\t\n\t<\/h2>\n\n\t\t\t\t\t\t\t\t\t<div class=\"c-text l-stack u-cs-xl u-font-body\">\n\t\t\t\t\t\t<p>Har du fr\u00e5gor om f\u00f6rskolan \u00e4r du varmt v\u00e4lkommen att kontakta oss.<\/p>\n\n\t\t\t\t\t<\/div>\n\t\t\t\t\t\t\t<\/div>\n\t\t\n\t\t\n\t\t    \t\n\t\t\n\t\t<ul\n\t\t\tid=\"contact-grid-69f4e687616af\"\n\t\t\tclass=\"ams-contact__list l-grid u-gap-fluid-2xl-4xl u-justify-center js-results \"\n\t\t\taria-label=\"Kontakter\"\n\t\t\tdata-filter-animation=\"off\"\n\t\t\t>\n\t\t\t\t\t<\/ul>\n\n\t\t\n\t\t    <div class=\"ams-contact__more u-inline-items js-load-more-btn\">\n        <button href=\"#\"\n                class=\"c-btn\"\n                data-style=\"rounded\"\n                data-size=\"md\"\n                data-width=\"full-mobile\"\n                data-variant=\"outline\">\n        \tVisa mer\n        <\/button>\n    <\/div>\n\n\t\t\t<\/div>\n\n\t\t\n\n<\/section>\n\n\n\n\n<section  class=\"ams-cta ams-cta--stacked c-block l-stacked\">\n\t<div class=\"l-container l-stack l-stack-fluid-2xl u-pt-fluid-md-xl u-pb-fluid-md-xl is-center is-center@md\">\n\t\t\t\t\t<div class=\"ams-cta__intro l-stack l-stack-lg\">\n\t\t\t\t\t\n\t<h2\n\tclass=\"c-heading u-font-title-1 \"\n\tstyle=\"\">\n\t\t\n\t\t\t\t\tVill du veta mer om Vita Bergen?\n\t\t\t\t\n\t<\/h2>\n\n\t\t\t\t\t\t\t<\/div>\n\t\t\n\t\t\n\t\t\t<div class=\"ams-cta__action u-inline-items\">\n\t\t\t\t\t\t\t\n\n\n<a href=\"https:\/\/pysslingen.se\/vitabergen\/om-forskolan\/\"\n\t\n\tclass=\"c-btn \"\n\tdata-style=\"rounded\"\n\tdata-size=\"md\"\n\tdata-width=\"full-mobile\"\n\tdata-variant=\"default\"\n\ttarget=\"_self\">\n\t\t\t<span class=\"label\"> L\u00e4s mer om f\u00f6rskolan<\/span>\n\t\t\t<\/a>\n\t\t\t<\/div>\n\t<\/div>\n\n\t\t\n\n<\/section>\n","protected":false},"excerpt":{"rendered":"","protected":false},"author":103,"featured_media":0,"parent":0,"menu_order":0,"comment_status":"closed","ping_status":"closed","template":"","meta":{"footnotes":""},"yoast_head":"<!-- This site is optimized with the Yoast SEO plugin v22.0 - https:\/\/yoast.com\/wordpress\/plugins\/seo\/ -->\n<title>Vita Bergen<\/title>\n<meta name=\"robots\" content=\"index, follow, max-snippet:-1, max-image-preview:large, max-video-preview:-1\" \/>\n<link rel=\"canonical\" href=\"https:\/\/pysslingen.se\/vitabergen\/simskola\/\" \/>\n<meta property=\"og:locale\" content=\"sv_SE\" \/>\n<meta property=\"og:type\" content=\"article\" \/>\n<meta property=\"og:url\" content=\"https:\/\/pysslingen.se\/vitabergen\/simskola\/\" \/>\n<meta property=\"og:site_name\" content=\"Vita Bergen\" \/>\n<meta property=\"article:modified_time\" content=\"2025-04-29T13:41:25+00:00\" \/>\n<meta name=\"twitter:card\" content=\"summary_large_image\" \/>\n<script type=\"application\/ld+json\" class=\"yoast-schema-graph\">{\"@context\":\"https:\/\/schema.org\",\"@graph\":[{\"@type\":\"WebPage\",\"@id\":\"https:\/\/pysslingen.se\/vitabergen\/simskola\/\",\"url\":\"https:\/\/pysslingen.se\/vitabergen\/simskola\/\",\"name\":\"Simskola p\u00e5 Pysslingen Vita Bergen - Vita Bergen\",\"isPartOf\":{\"@id\":\"https:\/\/pysslingen.se\/vitabergen\/#website\"},\"datePublished\":\"2025-04-28T13:42:54+00:00\",\"dateModified\":\"2025-04-29T13:41:25+00:00\",\"breadcrumb\":{\"@id\":\"https:\/\/pysslingen.se\/vitabergen\/simskola\/#breadcrumb\"},\"inLanguage\":\"sv-SE\",\"potentialAction\":[{\"@type\":\"ReadAction\",\"target\":[\"https:\/\/pysslingen.se\/vitabergen\/simskola\/\"]}]},{\"@type\":\"BreadcrumbList\",\"@id\":\"https:\/\/pysslingen.se\/vitabergen\/simskola\/#breadcrumb\",\"itemListElement\":[{\"@type\":\"ListItem\",\"position\":1,\"name\":\"Start\",\"item\":\"https:\/\/pysslingen.se\/vitabergen\/\"},{\"@type\":\"ListItem\",\"position\":2,\"name\":\"Simskola p\u00e5 Pysslingen Vita Bergen\"}]},{\"@type\":\"WebSite\",\"@id\":\"https:\/\/pysslingen.se\/vitabergen\/#website\",\"url\":\"https:\/\/pysslingen.se\/vitabergen\/\",\"name\":\"Vita Bergen\",\"description\":\"En trygg och stimulerande v\u00e4rld\",\"publisher\":{\"@id\":\"https:\/\/pysslingen.se\/vitabergen\/#organization\"},\"potentialAction\":[{\"@type\":\"SearchAction\",\"target\":{\"@type\":\"EntryPoint\",\"urlTemplate\":\"https:\/\/pysslingen.se\/vitabergen\/?s={search_term_string}\"},\"query-input\":\"required name=search_term_string\"}],\"inLanguage\":\"sv-SE\"},{\"@type\":\"Organization\",\"@id\":\"https:\/\/pysslingen.se\/vitabergen\/#organization\",\"name\":\"Pysslingen F\u00f6rskolor\",\"url\":\"https:\/\/pysslingen.se\/vitabergen\/\",\"logo\":{\"@type\":\"ImageObject\",\"inLanguage\":\"sv-SE\",\"@id\":\"https:\/\/pysslingen.se\/vitabergen\/#\/schema\/logo\/image\/\",\"url\":\"https:\/\/pysslingen.se\/wp-content\/uploads\/2021\/05\/pysslingen-forskolor.png\",\"contentUrl\":\"https:\/\/pysslingen.se\/wp-content\/uploads\/2021\/05\/pysslingen-forskolor.png\",\"width\":1120,\"height\":630,\"caption\":\"Pysslingen F\u00f6rskolor\"},\"image\":{\"@id\":\"https:\/\/pysslingen.se\/vitabergen\/#\/schema\/logo\/image\/\"}}]}<\/script>\n<!-- \/ Yoast SEO plugin. -->","yoast_head_json":{"title":"Vita Bergen","robots":{"index":"index","follow":"follow","max-snippet":"max-snippet:-1","max-image-preview":"max-image-preview:large","max-video-preview":"max-video-preview:-1"},"canonical":"https:\/\/pysslingen.se\/vitabergen\/simskola\/","og_locale":"sv_SE","og_type":"article","og_url":"https:\/\/pysslingen.se\/vitabergen\/simskola\/","og_site_name":"Vita Bergen","article_modified_time":"2025-04-29T13:41:25+00:00","twitter_card":"summary_large_image","schema":{"@context":"https:\/\/schema.org","@graph":[{"@type":"WebPage","@id":"https:\/\/pysslingen.se\/vitabergen\/simskola\/","url":"https:\/\/pysslingen.se\/vitabergen\/simskola\/","name":"Simskola p\u00e5 Pysslingen Vita Bergen - Vita Bergen","isPartOf":{"@id":"https:\/\/pysslingen.se\/vitabergen\/#website"},"datePublished":"2025-04-28T13:42:54+00:00","dateModified":"2025-04-29T13:41:25+00:00","breadcrumb":{"@id":"https:\/\/pysslingen.se\/vitabergen\/simskola\/#breadcrumb"},"inLanguage":"sv-SE","potentialAction":[{"@type":"ReadAction","target":["https:\/\/pysslingen.se\/vitabergen\/simskola\/"]}]},{"@type":"BreadcrumbList","@id":"https:\/\/pysslingen.se\/vitabergen\/simskola\/#breadcrumb","itemListElement":[{"@type":"ListItem","position":1,"name":"Start","item":"https:\/\/pysslingen.se\/vitabergen\/"},{"@type":"ListItem","position":2,"name":"Simskola p\u00e5 Pysslingen Vita Bergen"}]},{"@type":"WebSite","@id":"https:\/\/pysslingen.se\/vitabergen\/#website","url":"https:\/\/pysslingen.se\/vitabergen\/","name":"Vita Bergen","description":"En trygg och stimulerande v\u00e4rld","publisher":{"@id":"https:\/\/pysslingen.se\/vitabergen\/#organization"},"potentialAction":[{"@type":"SearchAction","target":{"@type":"EntryPoint","urlTemplate":"https:\/\/pysslingen.se\/vitabergen\/?s={search_term_string}"},"query-input":"required name=search_term_string"}],"inLanguage":"sv-SE"},{"@type":"Organization","@id":"https:\/\/pysslingen.se\/vitabergen\/#organization","name":"Pysslingen F\u00f6rskolor","url":"https:\/\/pysslingen.se\/vitabergen\/","logo":{"@type":"ImageObject","inLanguage":"sv-SE","@id":"https:\/\/pysslingen.se\/vitabergen\/#\/schema\/logo\/image\/","url":"https:\/\/pysslingen.se\/wp-content\/uploads\/2021\/05\/pysslingen-forskolor.png","contentUrl":"https:\/\/pysslingen.se\/wp-content\/uploads\/2021\/05\/pysslingen-forskolor.png","width":1120,"height":630,"caption":"Pysslingen F\u00f6rskolor"},"image":{"@id":"https:\/\/pysslingen.se\/vitabergen\/#\/schema\/logo\/image\/"}}]}},"_links":{"self":[{"href":"https:\/\/pysslingen.se\/vitabergen\/wp-json\/wp\/v2\/pages\/1810"}],"collection":[{"href":"https:\/\/pysslingen.se\/vitabergen\/wp-json\/wp\/v2\/pages"}],"about":[{"href":"https:\/\/pysslingen.se\/vitabergen\/wp-json\/wp\/v2\/types\/page"}],"author":[{"embeddable":true,"href":"https:\/\/pysslingen.se\/vitabergen\/wp-json\/wp\/v2\/users\/103"}],"replies":[{"embeddable":true,"href":"https:\/\/pysslingen.se\/vitabergen\/wp-json\/wp\/v2\/comments?post=1810"}],"version-history":[{"count":10,"href":"https:\/\/pysslingen.se\/vitabergen\/wp-json\/wp\/v2\/pages\/1810\/revisions"}],"predecessor-version":[{"id":1823,"href":"https:\/\/pysslingen.se\/vitabergen\/wp-json\/wp\/v2\/pages\/1810\/revisions\/1823"}],"wp:attachment":[{"href":"https:\/\/pysslingen.se\/vitabergen\/wp-json\/wp\/v2\/media?parent=1810"}],"curies":[{"name":"wp","href":"https:\/\/api.w.org\/{rel}","templated":true}]}}