{"id":461,"date":"2020-10-16T12:33:05","date_gmt":"2020-10-16T12:33:05","guid":{"rendered":"https:\/\/pysslingen.se\/varangen\/?page_id=461"},"modified":"2025-08-18T08:25:39","modified_gmt":"2025-08-18T06:25:39","slug":"besok-oss","status":"publish","type":"page","link":"https:\/\/pysslingen.se\/varangen\/besok-oss\/","title":{"rendered":"Bes\u00f6k oss"},"content":{"rendered":"\n\t\n\t\n\t\n\n\t\n\t\n\t\t\n<section  class=\"c-block l-stacked  \" data-color-scheme=\"\">\n\t<div class=\"ams-fifty ams-fifty--container ams-fifty--right ams-fifty--bottom l-container u-pt-fluid-3xl-6xl u-pb-fluid-md-xl\">\n\t\t<div class=\"ams-fifty__content l-stack l-stack-xl is-left is-left@lg\">\n\t\t\t<div class=\"ams-fifty__text l-stack l-stack-lg\">\n\t\t\t\t\t\n\t<h1\n\tclass=\"c-heading u-font-title-1 \"\n\tstyle=\"\">\n\t\t\n\t\t\t\t\tVarmt v\u00e4lkommen att bes\u00f6ka Pysslingen V\u00e5r\u00e4ngen\n\t\t\t\t\n\t<\/h1>\n\n\t\t\t\t\t\t\t\t\t<div class=\"text l-stack u-font-body\">\n\t\t\t\t\t\t<p>\u00c4r du intresserad av att bes\u00f6ka oss p\u00e5 f\u00f6rskolan?<\/p>\n<p>Kontakta samordnare om du har fr\u00e5gor om f\u00f6rskolan eller vill komma p\u00e5 bes\u00f6k. V\u00e4lkomna!<\/p>\n\n\t\t\t\t\t<\/div>\n\t\t\t\t\t\t\t<\/div>\n\n\t\t\t\t<div class=\"ams-fifty__action u-inline-items\">\n\t\t\t\t\t\t\t\n\n\n<a href=\"https:\/\/pysslingen.se\/varangen\/besok-oss\/#kontakt\"\n\t\n\tclass=\"c-btn \"\n\tdata-style=\"rounded\"\n\tdata-size=\"md\"\n\tdata-width=\"full-mobile\"\n\tdata-variant=\"default\"\n\ttarget=\"_self\">\n\t\t\t<span class=\"label\"> Kontakta oss<\/span>\n\t\t\t<\/a>\n\t\t\t<\/div>\n\t\t<\/div>\n\n\t\t <div class=\"ams-fifty__media u-ratio-landscape\">\n\t\t \t\t\t\t\t<img decoding=\"async\" width=\"400\" height=\"302\" src=\"https:\/\/pysslingen.se\/wp-content\/uploads\/sites\/7\/2024\/08\/vh-barnwebb-400x302.jpg\" class=\"attachment-md size-md\" alt=\"Kvinna som h\u00e5ller om ett barn och tittar p\u00e5 ett annat\" sizes=\"(min-width: 64em) 600px, calc(100vw - 160px)\" srcset=\"https:\/\/pysslingen.se\/wp-content\/uploads\/sites\/7\/2024\/08\/vh-barnwebb-400x302.jpg 400w, https:\/\/pysslingen.se\/wp-content\/uploads\/sites\/7\/2024\/08\/vh-barnwebb-300x226.jpg 300w, https:\/\/pysslingen.se\/wp-content\/uploads\/sites\/7\/2024\/08\/vh-barnwebb-1024x772.jpg 1024w, https:\/\/pysslingen.se\/wp-content\/uploads\/sites\/7\/2024\/08\/vh-barnwebb-768x579.jpg 768w, https:\/\/pysslingen.se\/wp-content\/uploads\/sites\/7\/2024\/08\/vh-barnwebb-500x377.jpg 500w, https:\/\/pysslingen.se\/wp-content\/uploads\/sites\/7\/2024\/08\/vh-barnwebb-304x229.jpg 304w, https:\/\/pysslingen.se\/wp-content\/uploads\/sites\/7\/2024\/08\/vh-barnwebb-340x256.jpg 340w, https:\/\/pysslingen.se\/wp-content\/uploads\/sites\/7\/2024\/08\/vh-barnwebb-888x670.jpg 888w, https:\/\/pysslingen.se\/wp-content\/uploads\/sites\/7\/2024\/08\/vh-barnwebb-600x453.jpg 600w, https:\/\/pysslingen.se\/wp-content\/uploads\/sites\/7\/2024\/08\/vh-barnwebb.jpg 1034w\" \/>\n\t\t\t\n\t\t\t\n\t\t\t\t\t<\/div>\n\t<\/div>\n\n\t\t\n\n<\/section>\n\n\n\n\t\n\t\n\t\n\n\t\n\t\n\t\t\n<section  class=\"c-block l-stacked  \" data-color-scheme=\"nyans2_av_p2-card-bakgrund-hover-standard_standard\">\n\t<div class=\"ams-fifty ams-fifty--container ams-fifty--left ams-fifty--bottom l-container u-pt-fluid-md-xl u-pb-fluid-md-xl\">\n\t\t<div class=\"ams-fifty__content l-stack l-stack-xl is-left is-left@lg\">\n\t\t\t<div class=\"ams-fifty__text l-stack l-stack-lg\">\n\t\t\t\t\t\n\t<h2\n\tclass=\"c-heading u-font-title-1 \"\n\tstyle=\"\">\n\t\t\n\t\t\t\t\tVad inneb\u00e4r en visning?\n\t\t\t\t\n\t<\/h2>\n\n\t\t\t\t\t\t\t\t\t<div class=\"text l-stack u-font-body\">\n\t\t\t\t\t\t<p>Under visningen visar en samordnare runt dig i v\u00e5ra lokaler och ber\u00e4ttar hur vi arbetar f\u00f6r att skapa en trygg och l\u00e4rorik vardag f\u00f6r v\u00e5ra barn.<\/p>\n<p><strong>Tre anledningar att boka en visning av f\u00f6rskolan:<\/strong><br \/>\n&#8211; F\u00e5 en k\u00e4nsla f\u00f6r v\u00e5ra lokaler och milj\u00f6n p\u00e5 f\u00f6rskolan<br \/>\n&#8211; St\u00e4ll dina fr\u00e5gor direkt till en pedagog<br \/>\n&#8211; Se hur vi jobbar med trygghet och l\u00e4rande fr\u00e5n introduktionen till sista \u00e5ret p\u00e5 f\u00f6rskolan.<\/p>\n\n\t\t\t\t\t<\/div>\n\t\t\t\t\t\t\t<\/div>\n\n\t\t\t\t\t<\/div>\n\n\t\t <div class=\"ams-fifty__media u-ratio-landscape\">\n\t\t \t\t\t\t\t<img decoding=\"async\" width=\"600\" height=\"400\" src=\"https:\/\/pysslingen.se\/wp-content\/uploads\/sites\/7\/2021\/11\/fv4a8630-scaled.jpg\" class=\"attachment-md size-md\" alt=\"Barn l\u00e4ser en bok f\u00f6r en pedagog.\" sizes=\"(min-width: 64em) 600px, calc(100vw - 160px)\" srcset=\"https:\/\/pysslingen.se\/wp-content\/uploads\/sites\/7\/2021\/11\/fv4a8630-scaled.jpg 2560w, https:\/\/pysslingen.se\/wp-content\/uploads\/sites\/7\/2021\/11\/fv4a8630-300x200.jpg 300w, https:\/\/pysslingen.se\/wp-content\/uploads\/sites\/7\/2021\/11\/fv4a8630-1024x683.jpg 1024w, https:\/\/pysslingen.se\/wp-content\/uploads\/sites\/7\/2021\/11\/fv4a8630-768x512.jpg 768w, https:\/\/pysslingen.se\/wp-content\/uploads\/sites\/7\/2021\/11\/fv4a8630-1536x1025.jpg 1536w, https:\/\/pysslingen.se\/wp-content\/uploads\/sites\/7\/2021\/11\/fv4a8630-2048x1366.jpg 2048w, https:\/\/pysslingen.se\/wp-content\/uploads\/sites\/7\/2021\/11\/fv4a8630-1920x1281.jpg 1920w, https:\/\/pysslingen.se\/wp-content\/uploads\/sites\/7\/2021\/11\/fv4a8630-500x333.jpg 500w, https:\/\/pysslingen.se\/wp-content\/uploads\/sites\/7\/2021\/11\/fv4a8630-340x227.jpg 340w, https:\/\/pysslingen.se\/wp-content\/uploads\/sites\/7\/2021\/11\/fv4a8630-1100x734.jpg 1100w, https:\/\/pysslingen.se\/wp-content\/uploads\/sites\/7\/2021\/11\/fv4a8630-1000x667.jpg 1000w\" \/>\n\t\t\t\n\t\t\t\n\t\t\t\t\t<\/div>\n\t<\/div>\n\n\t\t\n\n<\/section>\n\n\n\n<section id=kontakt\n\t\t class=\"\n\t\t ams-contact\n\t\t \n\t\t c-block l-stacked\n\t\t \n\t\t \n\t\t js-load-more\n\t\t \"\n\t\t data-color-scheme=\"\"\n\t\t\t\t\tdata-count=\"3\"\n\t\t\t\t\t\t\tdata-count-mobile=\"2\"\n\t\t\t\t>\n\t<div\n\t\t class=\"\n\t\t l-container\n\t\t l-stack l-stack-fluid-2xl\n\t\t u-pt-fluid-3xl-6xl\n\t\t u-pb-fluid-3xl-6xl\n\t\t is-center\n\t\t is-center@md\n\t\t \">\n\t\t\t\t\t<div class=\"ams-contact__intro l-stack l-stack-lg\">\n\t\t\t\t\t\n\t<h2\n\tclass=\"c-heading u-font-title-1 \"\n\tstyle=\"\">\n\t\t\n\t\t\t\t\tBoka visning:\n\t\t\t\t\n\t<\/h2>\n\n\t\t\t\t\t\t\t\t\t<div class=\"c-text l-stack u-cs-xl u-font-body\">\n\t\t\t\t\t\t<p>V\u00e4lkommen att kontakta v\u00e5r samordnare f\u00f6r att f\u00e5 svar p\u00e5 dina fr\u00e5gor om f\u00f6rskolan eller boka in en visning.<\/p>\n\n\t\t\t\t\t<\/div>\n\t\t\t\t\t\t\t<\/div>\n\t\t\n\t\t\n\t\t    \t\n\t\t\n\t\t<ul\n\t\t\tid=\"contact-grid-69e1ab2b02ce8\"\n\t\t\tclass=\"ams-contact__list l-grid u-gap-fluid-2xl-4xl u-justify-center js-results \"\n\t\t\taria-label=\"Kontakter\"\n\t\t\tdata-filter-animation=\"off\"\n\t\t\t>\n\t\t\t\t\t\t\t\t\t\t\t\n\t\t\t\t\n\t\t\t\t<li class=\"l-col-6@md l-col-4@lg \" data-filter=\"samordnare\">\n\t\t\t\t\t<article class=\"c-card \" data-variant=\"neutral\">\n\t\t\t\t\t\t<div class=\"c-card__content u-text-center\">\n\t\t\t\t\t\t\t\t\t\t\t\t\t\t\t<h3 class=\"c-card__title u-font-title-3\">\n\t\t\t\t\t\t\t\t\tSussie Hansevall\n\t\t\t\t\t\t\t\t<\/h3>\n\t\t\t\t\t\t\t\n\t\t\t\t\t\t\t\t\t\t\t\t\t\t\t<p class=\"position u-font-body\">Samordnare<\/p>\n\t\t\t\t\t\t\t\n\t\t\t\t\t\t\t\t\t\t\t\t\t\t\t<div class=\"contact-info u-font-body\">\n\t\t\t\t\t\t\t\t\t\t\t\t\t\t\t\t\t\t\t\t\t\t\t\t\t\t\t\t\t\t<p class=\"phone\"><a\n\t\t\t\t\t\t\t\t\t\t\t\t\thref=\"tel:0761148813\"\n\t\t\t\t\t\t\t\t\t\t\t\t\tclass=\"u-text-link\">076-114 88 13<\/a>\n\t\t\t\t\t\t\t\t\t\t\t<\/p>\n\t\t\t\t\t\t\t\t\t\t\t\t\t\t\t\t\t\t\t\n\t\t\t\t\t\t\t\t\t\t\t\t\t\t\t\t\t\t\t\t\t\t\t\t\t\t\t\t\t\t<p class=\"email\"><a\n\t\t\t\t\t\t\t\t\t\t\t\t\thref=\"&#109;&#097;ilto:sus&#097;nn&#101;.&#104;a&#110;&#115;&#101;v&#097;ll&#064;&#112;yssl&#105;&#110;&#103;&#101;&#110;&#046;&#115;e\"\n\t\t\t\t\t\t\t\t\t\t\t\t\tclass=\"u-text-link\">&#115;u&#115;a&#110;n&#101;.&#104;&#097;ns&#101;&#118;&#097;ll&#064;&#112;ys&#115;&#108;&#105;&#110;g&#101;n.s&#101;<\/a>\n\t\t\t\t\t\t\t\t\t\t\t<\/p>\n\t\t\t\t\t\t\t\t\t\t\t\t\t\t\t\t\t\t\t\t\t\t\t\t\t\t\t<\/div>\n\t\t\t\t\t\t\t\n\t\t\t\t\t\t\t\t\t\t\t\t\t<\/div>\n\t\t\t\t\t\t<div class=\"c-card__media\">\n\t\t\t\t\t\t\t\t\t\t\t\t\t\t\t\t\t\t\t\t\t\t\t\t\t\t\t\t\t\t\t\t\t\t\t\t\t\t\t\t\t\t\t\t\t\t\t\t\t<img decoding=\"async\" width=\"400\" height=\"476\" src=\"https:\/\/pysslingen.se\/wp-content\/uploads\/sites\/7\/2023\/09\/image-2-e1728650304147-400x476.jpeg\" class=\"u-radius-rounded u-ratio-landscape  \" alt=\"Portr\u00e4ttbild p\u00e5 medarbetare.\" sizes=\"(max-width: 300px) 100vw, 300px\" srcset=\"https:\/\/pysslingen.se\/wp-content\/uploads\/sites\/7\/2023\/09\/image-2-e1728650304147-400x476.jpeg 400w, https:\/\/pysslingen.se\/wp-content\/uploads\/sites\/7\/2023\/09\/image-2-e1728650304147-300x357.jpeg 300w, https:\/\/pysslingen.se\/wp-content\/uploads\/sites\/7\/2023\/09\/image-2-e1728650304147-600x714.jpeg 600w, https:\/\/pysslingen.se\/wp-content\/uploads\/sites\/7\/2023\/09\/image-2-e1728650304147-800x952.jpeg 800w, https:\/\/pysslingen.se\/wp-content\/uploads\/sites\/7\/2023\/09\/image-2-e1728650304147-1024x1219.jpeg 1024w, https:\/\/pysslingen.se\/wp-content\/uploads\/sites\/7\/2023\/09\/image-2-e1728650304147-1200x1428.jpeg 1200w, https:\/\/pysslingen.se\/wp-content\/uploads\/sites\/7\/2023\/09\/image-2-e1728650304147.jpeg 1819w\" \/>\n\t\t\t\t\t\t<\/div>\n\t\t\t\t\t<\/article>\n\t\t\t\t<\/li>\n\t\t\t\t\t<\/ul>\n\n\t\t\n\t\t    <div class=\"ams-contact__more u-inline-items js-load-more-btn\">\n        <button href=\"#\"\n                class=\"c-btn\"\n                data-style=\"rounded\"\n                data-size=\"md\"\n                data-width=\"full-mobile\"\n                data-variant=\"outline\">\n        \tVisa mer\n        <\/button>\n    <\/div>\n\n\t\t\t<\/div>\n\n\t\t\n\n<\/section>\n","protected":false},"excerpt":{"rendered":"","protected":false},"author":3,"featured_media":0,"parent":0,"menu_order":0,"comment_status":"closed","ping_status":"closed","template":"","meta":{"footnotes":""},"yoast_head":"<!-- This site is optimized with the Yoast SEO plugin v22.0 - https:\/\/yoast.com\/wordpress\/plugins\/seo\/ -->\n<title>Bes\u00f6k oss p\u00e5 f\u00f6rskolan V\u00e5r\u00e4ngen!<\/title>\n<meta name=\"description\" content=\"V\u00e4lkommen att bes\u00f6ka oss p\u00e5 f\u00f6rskolan V\u00e5r\u00e4ngen! Vi erbjuder visningar och aktiviteter f\u00f6r barn och f\u00f6r\u00e4ldrar. L\u00e4s mer!\" \/>\n<meta name=\"robots\" content=\"index, follow, max-snippet:-1, max-image-preview:large, max-video-preview:-1\" \/>\n<link rel=\"canonical\" href=\"https:\/\/pysslingen.se\/varangen\/besok-oss\/\" \/>\n<meta property=\"og:locale\" content=\"sv_SE\" \/>\n<meta property=\"og:type\" content=\"article\" \/>\n<meta property=\"og:title\" content=\"Bes\u00f6k oss p\u00e5 f\u00f6rskolan V\u00e5r\u00e4ngen!\" \/>\n<meta property=\"og:description\" content=\"V\u00e4lkommen att bes\u00f6ka oss p\u00e5 f\u00f6rskolan V\u00e5r\u00e4ngen! Vi erbjuder visningar och aktiviteter f\u00f6r barn och f\u00f6r\u00e4ldrar. L\u00e4s mer!\" \/>\n<meta property=\"og:url\" content=\"https:\/\/pysslingen.se\/varangen\/besok-oss\/\" \/>\n<meta property=\"og:site_name\" content=\"V\u00e5r\u00e4ngen\" \/>\n<meta property=\"article:modified_time\" content=\"2025-08-18T06:25:39+00:00\" \/>\n<meta name=\"twitter:card\" content=\"summary_large_image\" \/>\n<meta name=\"twitter:title\" content=\"Bes\u00f6k oss p\u00e5 f\u00f6rskolan V\u00e5r\u00e4ngen!\" \/>\n<meta name=\"twitter:description\" content=\"V\u00e4lkommen att bes\u00f6ka oss p\u00e5 f\u00f6rskolan V\u00e5r\u00e4ngen! Vi erbjuder visningar och aktiviteter f\u00f6r barn och f\u00f6r\u00e4ldrar. L\u00e4s mer!\" \/>\n<script type=\"application\/ld+json\" class=\"yoast-schema-graph\">{\"@context\":\"https:\/\/schema.org\",\"@graph\":[{\"@type\":\"WebPage\",\"@id\":\"https:\/\/pysslingen.se\/varangen\/besok-oss\/\",\"url\":\"https:\/\/pysslingen.se\/varangen\/besok-oss\/\",\"name\":\"Bes\u00f6k oss p\u00e5 f\u00f6rskolan V\u00e5r\u00e4ngen!\",\"isPartOf\":{\"@id\":\"https:\/\/pysslingen.se\/varangen\/#website\"},\"datePublished\":\"2020-10-16T12:33:05+00:00\",\"dateModified\":\"2025-08-18T06:25:39+00:00\",\"description\":\"V\u00e4lkommen att bes\u00f6ka oss p\u00e5 f\u00f6rskolan V\u00e5r\u00e4ngen! Vi erbjuder visningar och aktiviteter f\u00f6r barn och f\u00f6r\u00e4ldrar. L\u00e4s mer!\",\"breadcrumb\":{\"@id\":\"https:\/\/pysslingen.se\/varangen\/besok-oss\/#breadcrumb\"},\"inLanguage\":\"sv-SE\",\"potentialAction\":[{\"@type\":\"ReadAction\",\"target\":[\"https:\/\/pysslingen.se\/varangen\/besok-oss\/\"]}]},{\"@type\":\"BreadcrumbList\",\"@id\":\"https:\/\/pysslingen.se\/varangen\/besok-oss\/#breadcrumb\",\"itemListElement\":[{\"@type\":\"ListItem\",\"position\":1,\"name\":\"Start\",\"item\":\"https:\/\/pysslingen.se\/varangen\/\"},{\"@type\":\"ListItem\",\"position\":2,\"name\":\"Bes\u00f6k oss\"}]},{\"@type\":\"WebSite\",\"@id\":\"https:\/\/pysslingen.se\/varangen\/#website\",\"url\":\"https:\/\/pysslingen.se\/varangen\/\",\"name\":\"V\u00e5r\u00e4ngen\",\"description\":\"En trygg och stimulerande v\u00e4rld\",\"publisher\":{\"@id\":\"https:\/\/pysslingen.se\/varangen\/#organization\"},\"potentialAction\":[{\"@type\":\"SearchAction\",\"target\":{\"@type\":\"EntryPoint\",\"urlTemplate\":\"https:\/\/pysslingen.se\/varangen\/?s={search_term_string}\"},\"query-input\":\"required name=search_term_string\"}],\"inLanguage\":\"sv-SE\"},{\"@type\":\"Organization\",\"@id\":\"https:\/\/pysslingen.se\/varangen\/#organization\",\"name\":\"Pysslingen F\u00f6rskolor\",\"url\":\"https:\/\/pysslingen.se\/varangen\/\",\"logo\":{\"@type\":\"ImageObject\",\"inLanguage\":\"sv-SE\",\"@id\":\"https:\/\/pysslingen.se\/varangen\/#\/schema\/logo\/image\/\",\"url\":\"https:\/\/pysslingen.se\/wp-content\/uploads\/2021\/05\/pysslingen-forskolor.png\",\"contentUrl\":\"https:\/\/pysslingen.se\/wp-content\/uploads\/2021\/05\/pysslingen-forskolor.png\",\"width\":1120,\"height\":630,\"caption\":\"Pysslingen F\u00f6rskolor\"},\"image\":{\"@id\":\"https:\/\/pysslingen.se\/varangen\/#\/schema\/logo\/image\/\"}}]}<\/script>\n<!-- \/ Yoast SEO plugin. -->","yoast_head_json":{"title":"Bes\u00f6k oss p\u00e5 f\u00f6rskolan V\u00e5r\u00e4ngen!","description":"V\u00e4lkommen att bes\u00f6ka oss p\u00e5 f\u00f6rskolan V\u00e5r\u00e4ngen! Vi erbjuder visningar och aktiviteter f\u00f6r barn och f\u00f6r\u00e4ldrar. L\u00e4s mer!","robots":{"index":"index","follow":"follow","max-snippet":"max-snippet:-1","max-image-preview":"max-image-preview:large","max-video-preview":"max-video-preview:-1"},"canonical":"https:\/\/pysslingen.se\/varangen\/besok-oss\/","og_locale":"sv_SE","og_type":"article","og_title":"Bes\u00f6k oss p\u00e5 f\u00f6rskolan V\u00e5r\u00e4ngen!","og_description":"V\u00e4lkommen att bes\u00f6ka oss p\u00e5 f\u00f6rskolan V\u00e5r\u00e4ngen! Vi erbjuder visningar och aktiviteter f\u00f6r barn och f\u00f6r\u00e4ldrar. L\u00e4s mer!","og_url":"https:\/\/pysslingen.se\/varangen\/besok-oss\/","og_site_name":"V\u00e5r\u00e4ngen","article_modified_time":"2025-08-18T06:25:39+00:00","twitter_card":"summary_large_image","twitter_title":"Bes\u00f6k oss p\u00e5 f\u00f6rskolan V\u00e5r\u00e4ngen!","twitter_description":"V\u00e4lkommen att bes\u00f6ka oss p\u00e5 f\u00f6rskolan V\u00e5r\u00e4ngen! Vi erbjuder visningar och aktiviteter f\u00f6r barn och f\u00f6r\u00e4ldrar. L\u00e4s mer!","schema":{"@context":"https:\/\/schema.org","@graph":[{"@type":"WebPage","@id":"https:\/\/pysslingen.se\/varangen\/besok-oss\/","url":"https:\/\/pysslingen.se\/varangen\/besok-oss\/","name":"Bes\u00f6k oss p\u00e5 f\u00f6rskolan V\u00e5r\u00e4ngen!","isPartOf":{"@id":"https:\/\/pysslingen.se\/varangen\/#website"},"datePublished":"2020-10-16T12:33:05+00:00","dateModified":"2025-08-18T06:25:39+00:00","description":"V\u00e4lkommen att bes\u00f6ka oss p\u00e5 f\u00f6rskolan V\u00e5r\u00e4ngen! Vi erbjuder visningar och aktiviteter f\u00f6r barn och f\u00f6r\u00e4ldrar. L\u00e4s mer!","breadcrumb":{"@id":"https:\/\/pysslingen.se\/varangen\/besok-oss\/#breadcrumb"},"inLanguage":"sv-SE","potentialAction":[{"@type":"ReadAction","target":["https:\/\/pysslingen.se\/varangen\/besok-oss\/"]}]},{"@type":"BreadcrumbList","@id":"https:\/\/pysslingen.se\/varangen\/besok-oss\/#breadcrumb","itemListElement":[{"@type":"ListItem","position":1,"name":"Start","item":"https:\/\/pysslingen.se\/varangen\/"},{"@type":"ListItem","position":2,"name":"Bes\u00f6k oss"}]},{"@type":"WebSite","@id":"https:\/\/pysslingen.se\/varangen\/#website","url":"https:\/\/pysslingen.se\/varangen\/","name":"V\u00e5r\u00e4ngen","description":"En trygg och stimulerande v\u00e4rld","publisher":{"@id":"https:\/\/pysslingen.se\/varangen\/#organization"},"potentialAction":[{"@type":"SearchAction","target":{"@type":"EntryPoint","urlTemplate":"https:\/\/pysslingen.se\/varangen\/?s={search_term_string}"},"query-input":"required name=search_term_string"}],"inLanguage":"sv-SE"},{"@type":"Organization","@id":"https:\/\/pysslingen.se\/varangen\/#organization","name":"Pysslingen F\u00f6rskolor","url":"https:\/\/pysslingen.se\/varangen\/","logo":{"@type":"ImageObject","inLanguage":"sv-SE","@id":"https:\/\/pysslingen.se\/varangen\/#\/schema\/logo\/image\/","url":"https:\/\/pysslingen.se\/wp-content\/uploads\/2021\/05\/pysslingen-forskolor.png","contentUrl":"https:\/\/pysslingen.se\/wp-content\/uploads\/2021\/05\/pysslingen-forskolor.png","width":1120,"height":630,"caption":"Pysslingen F\u00f6rskolor"},"image":{"@id":"https:\/\/pysslingen.se\/varangen\/#\/schema\/logo\/image\/"}}]}},"_links":{"self":[{"href":"https:\/\/pysslingen.se\/varangen\/wp-json\/wp\/v2\/pages\/461"}],"collection":[{"href":"https:\/\/pysslingen.se\/varangen\/wp-json\/wp\/v2\/pages"}],"about":[{"href":"https:\/\/pysslingen.se\/varangen\/wp-json\/wp\/v2\/types\/page"}],"author":[{"embeddable":true,"href":"https:\/\/pysslingen.se\/varangen\/wp-json\/wp\/v2\/users\/3"}],"replies":[{"embeddable":true,"href":"https:\/\/pysslingen.se\/varangen\/wp-json\/wp\/v2\/comments?post=461"}],"version-history":[{"count":10,"href":"https:\/\/pysslingen.se\/varangen\/wp-json\/wp\/v2\/pages\/461\/revisions"}],"predecessor-version":[{"id":1272,"href":"https:\/\/pysslingen.se\/varangen\/wp-json\/wp\/v2\/pages\/461\/revisions\/1272"}],"wp:attachment":[{"href":"https:\/\/pysslingen.se\/varangen\/wp-json\/wp\/v2\/media?parent=461"}],"curies":[{"name":"wp","href":"https:\/\/api.w.org\/{rel}","templated":true}]}}