{"id":1697,"date":"2025-05-05T15:14:07","date_gmt":"2025-05-05T13:14:07","guid":{"rendered":"https:\/\/pysslingen.se\/valberga\/?page_id=1697"},"modified":"2026-01-09T12:38:17","modified_gmt":"2026-01-09T11:38:17","slug":"simskola","status":"publish","type":"page","link":"https:\/\/pysslingen.se\/valberga\/simskola\/","title":{"rendered":"Simskola p\u00e5 Pysslingen V\u00e5lberga"},"content":{"rendered":"\n\t\n\t\n\t\n\n\t\n\t\n\t\t\n<section  class=\"c-block l-stacked  \" data-color-scheme=\"nyans2_av_cta-hover-standard\">\n\t<div class=\"ams-fifty ams-fifty--container ams-fifty--right ams-fifty--bottom l-container u-pt-fluid-2xl-4xl u-pb-fluid-2xl-4xl\">\n\t\t<div class=\"ams-fifty__content l-stack l-stack-xl is-left is-left@lg\">\n\t\t\t<div class=\"ams-fifty__text l-stack l-stack-lg\">\n\t\t\t\t\t\n\t<h1\n\tclass=\"c-heading u-font-title-1 \"\n\tstyle=\"\">\n\t\t\n\t\t\t\t\t\t\t\t\tHur fungerar simskola p\u00e5 f\u00f6rskolan?\n\t\t\t\t<span class=\"c-heading__sub is-below u-font-title-3\">\n\t\t\t\t\tPysslingen V\u00e5lberga\n\t\t\t\t<\/span>\n\t\t\t\t\t\t\t\n\t<\/h1>\n\n\t\t\t\t\t\t\t\t\t<div class=\"text l-stack u-font-body\">\n\t\t\t\t\t\t<p>P\u00e5 V\u00e5lbergas f\u00f6rskola erbjuder vi simskola f\u00f6r de \u00e4ldsta barnen, som en del av v\u00e5rt Sista \u00e5ret-koncept, d\u00e4r vi p\u00e5 ett lekfullt och pedagogiskt s\u00e4tt f\u00f6rbereder barnen inf\u00f6r skolstarten. Barnen f\u00e5r under \u00e5tta tillf\u00e4llen l\u00e4ra sig simningens grunder under ledning av erfarna och utbildade instrukt\u00f6rer. M\u00e5let \u00e4r inte bara att utveckla barnens simkunnighet, utan \u00e4ven att st\u00e4rka barnens trygghet och s\u00e4kerhet i vattnet.<\/p>\n\n\t\t\t\t\t<\/div>\n\t\t\t\t\t\t\t<\/div>\n\n\t\t\t\t\t<\/div>\n\n\t\t <div class=\"ams-fifty__media u-ratio-landscape\">\n\t\t \t\t\t\t\t<img decoding=\"async\" width=\"600\" height=\"600\" src=\"https:\/\/pysslingen.se\/wp-content\/uploads\/sites\/65\/2025\/05\/plockar-upp-ett-foremal-pa-botten-600x600.png\" class=\"attachment-md size-md\" alt=\"Pyss badar\" sizes=\"(min-width: 64em) 600px, calc(100vw - 160px)\" srcset=\"https:\/\/pysslingen.se\/wp-content\/uploads\/sites\/65\/2025\/05\/plockar-upp-ett-foremal-pa-botten-600x600.png 600w, https:\/\/pysslingen.se\/wp-content\/uploads\/sites\/65\/2025\/05\/plockar-upp-ett-foremal-pa-botten-150x150.png 150w, https:\/\/pysslingen.se\/wp-content\/uploads\/sites\/65\/2025\/05\/plockar-upp-ett-foremal-pa-botten-300x300.png 300w, https:\/\/pysslingen.se\/wp-content\/uploads\/sites\/65\/2025\/05\/plockar-upp-ett-foremal-pa-botten-400x400.png 400w, https:\/\/pysslingen.se\/wp-content\/uploads\/sites\/65\/2025\/05\/plockar-upp-ett-foremal-pa-botten-800x800.png 800w, https:\/\/pysslingen.se\/wp-content\/uploads\/sites\/65\/2025\/05\/plockar-upp-ett-foremal-pa-botten-1024x1024.png 1024w, https:\/\/pysslingen.se\/wp-content\/uploads\/sites\/65\/2025\/05\/plockar-upp-ett-foremal-pa-botten-1200x1200.png 1200w\" \/>\n\t\t\t\n\t\t\t\n\t\t\t\t\t<\/div>\n\t<\/div>\n\n\t\t\n\n<\/section>\n\n\n\n\t\n\t\n\t\n\n\t\n\t\n\t\t\n<section  class=\"c-block l-stacked  \" data-color-scheme=\"nyans2_av_cta-hover-standard\">\n\t<div class=\"ams-fifty ams-fifty--container ams-fifty--left ams-fifty--bottom l-container u-pt-fluid-2xl-4xl u-pb-fluid-2xl-4xl\">\n\t\t<div class=\"ams-fifty__content l-stack l-stack-xl is-left is-left@lg\">\n\t\t\t<div class=\"ams-fifty__text l-stack l-stack-lg\">\n\t\t\t\t\t\n\t<h2\n\tclass=\"c-heading u-font-title-1 \"\n\tstyle=\"\">\n\t\t\n\t\t\t\t\tMer om f\u00f6rskolan V\u00e5lberga i J\u00e4rf\u00e4lla\n\t\t\t\t\n\t<\/h2>\n\n\t\t\t\t\t\t\t\t\t<div class=\"text l-stack u-font-body\">\n\t\t\t\t\t\t<p>F\u00f6rskolan V\u00e5lberga ligger i Barkarby med n\u00e4rhet till b\u00e5de kommunikationer och skogsomr\u00e5den. V\u00e5r f\u00f6rskola har fem avdelningar f\u00f6rdelade p\u00e5 tv\u00e5 olika hus: ett p\u00e5 Jaktv\u00e4gen och ett p\u00e5 Flygarv\u00e4gen.<\/p>\n<p>P\u00e5 V\u00e5lberga l\u00e4gger vi stor vikt vid m\u00f6tet \u2013 v\u00e5rt m\u00f6te med barnen och deras familjer samt barnens m\u00f6ten med sin omv\u00e4rld. Vi vill att alla ska k\u00e4nna sig sedda och lyssnade p\u00e5 hos oss och vi vill att barnen f\u00e5r ett l\u00e4rorikt \u00e4ventyr varje dag.<\/p>\n<p>P\u00e5 V\u00e5lberga jobbar vi aktivt tillsammans med barnen f\u00f6r skapa trygghet i v\u00e5r n\u00e4rmilj\u00f6 och uppleva r\u00f6relse och gemenskap p\u00e5 olika s\u00e4tt. Tillsammans\u00a0uppt\u00e4cker vi vad som finns omkring oss i skog och mark och bearbetar upplevelser i reflektion genom skapande och samtal. Vi g\u00f6r trygghetsvandringar d\u00e4r barnen ges m\u00f6jlighet att p\u00e5verka sin l\u00e4rmilj\u00f6 och g\u00f6ra sin r\u00f6st h\u00f6rd i fr\u00e5gor som ber\u00f6r dem.<\/p>\n\n\t\t\t\t\t<\/div>\n\t\t\t\t\t\t\t<\/div>\n\n\t\t\t\t\t<\/div>\n\n\t\t <div class=\"ams-fifty__media u-ratio-landscape\">\n\t\t \t\t\t\t\t<img decoding=\"async\" width=\"600\" height=\"414\" src=\"https:\/\/pysslingen.se\/wp-content\/uploads\/sites\/65\/2022\/06\/skogsutflykt.jpg\" class=\"attachment-md size-md\" alt=\"pedagog och barn sitter p\u00e5 en filt ute i skogen och \u00e4ter\" sizes=\"(min-width: 64em) 600px, calc(100vw - 160px)\" srcset=\"https:\/\/pysslingen.se\/wp-content\/uploads\/sites\/65\/2022\/06\/skogsutflykt.jpg 1000w, https:\/\/pysslingen.se\/wp-content\/uploads\/sites\/65\/2022\/06\/skogsutflykt-300x207.jpg 300w, https:\/\/pysslingen.se\/wp-content\/uploads\/sites\/65\/2022\/06\/skogsutflykt-768x530.jpg 768w, https:\/\/pysslingen.se\/wp-content\/uploads\/sites\/65\/2022\/06\/skogsutflykt-500x345.jpg 500w, https:\/\/pysslingen.se\/wp-content\/uploads\/sites\/65\/2022\/06\/skogsutflykt-332x229.jpg 332w, https:\/\/pysslingen.se\/wp-content\/uploads\/sites\/65\/2022\/06\/skogsutflykt-340x235.jpg 340w, https:\/\/pysslingen.se\/wp-content\/uploads\/sites\/65\/2022\/06\/skogsutflykt-325x225.jpg 325w, https:\/\/pysslingen.se\/wp-content\/uploads\/sites\/65\/2022\/06\/skogsutflykt-971x670.jpg 971w\" \/>\n\t\t\t\n\t\t\t\n\t\t\t\t\t<\/div>\n\t<\/div>\n\n\t\t\n\n<\/section>\n\n\n\n\n<section  class=\"ams-cta ams-cta--stacked c-block l-stacked\" data-color-scheme=\"usp-pink-background-blue-cards\">\n\t<div class=\"l-container l-stack l-stack-fluid-2xl u-pt-fluid-3xl-6xl u-pb-fluid-3xl-6xl is-center is-center@md\">\n\t\t\t\t\t<div class=\"ams-cta__intro l-stack l-stack-lg\">\n\t\t\t\t\t\n\t<h2\n\tclass=\"c-heading u-font-title-1 \"\n\tstyle=\"\">\n\t\t\n\t\t\t\t\tVill du ans\u00f6ka till V\u00e5lbergas f\u00f6rskola?\n\t\t\t\t\n\t<\/h2>\n\n\t\t\t\t\t\t\t\t\t<div class=\"c-text l-stack u-cs-xl u-font-body\">\n\t\t\t\t\t\t<p>Vad roligt att du \u00e4r intresserad av en plats hos oss p\u00e5 V\u00e5lbergas f\u00f6rskola!<\/p>\n<p>F\u00f6r att st\u00e4lla ditt barn i k\u00f6 g\u00e5r du in p\u00e5 J\u00e4rf\u00e4lla stads webbplats (klicka p\u00e5 knappen nedan) och g\u00f6r din platsans\u00f6kan d\u00e4r. D\u00e4r kan du l\u00e4sa om turordningsreglerna. Om du vill ha hj\u00e4lp med att st\u00e4lla dig i k\u00f6 ringer du kommunens Kontaktcenter p\u00e5 08- 580 285 00.<\/p>\n<p>Har du fr\u00e5gor om k\u00f6 och intag \u00e4r du v\u00e4lkommen att kontakta v\u00e5r intendent, se kontaktuppgifter nedan.<\/p>\n\n\t\t\t\t\t<\/div>\n\t\t\t\t\t\t\t<\/div>\n\t\t\n\t\t\n\t\t\t<div class=\"ams-cta__action u-inline-items\">\n\t\t\t\t\t\t\t\n\n\n<a href=\"https:\/\/www.jarfalla.se\/forskolaochskola\/forskolebarn\/forskolaochpedagogiskomsorg.4.640dac6b1300db73e7c80005086.html\"\n\t\n\tclass=\"c-btn \"\n\tdata-style=\"rounded\"\n\tdata-size=\"md\"\n\tdata-width=\"full-mobile\"\n\tdata-variant=\"default\"\n\ttarget=\"_blank\">\n\t\t\t<span class=\"label\"> Till k\u00f6anm\u00e4lan<\/span>\n\t\t\t<\/a>\n\t\t\t<\/div>\n\t<\/div>\n\n\t\t\n\n<\/section>\n\n\n\n<section \n\t\t class=\"\n\t\t ams-contact\n\t\t \n\t\t c-block l-stacked\n\t\t \n\t\t \n\t\t js-load-more\n\t\t \"\n\t\t data-color-scheme=\"\"\n\t\t\t\t\tdata-count=\"3\"\n\t\t\t\t\t\t\tdata-count-mobile=\"2\"\n\t\t\t\t>\n\t<div\n\t\t class=\"\n\t\t l-container\n\t\t l-stack l-stack-fluid-2xl\n\t\t u-pt-fluid-3xl-6xl\n\t\t u-pb-fluid-3xl-6xl\n\t\t is-center\n\t\t is-center@md\n\t\t \">\n\t\t\t\t\t<div class=\"ams-contact__intro l-stack l-stack-lg\">\n\t\t\t\t\t\n\t<h2\n\tclass=\"c-heading u-font-title-1 \"\n\tstyle=\"\">\n\t\t\n\t\t\t\t\tKontakta oss:\n\t\t\t\t\n\t<\/h2>\n\n\t\t\t\t\t\t\t\t\t<div class=\"c-text l-stack u-cs-xl u-font-body\">\n\t\t\t\t\t\t<p>Har du fr\u00e5gor om f\u00f6rskolan \u00e4r du varmt v\u00e4lkommen att kontakta oss.<\/p>\n\n\t\t\t\t\t<\/div>\n\t\t\t\t\t\t\t<\/div>\n\t\t\n\t\t\n\t\t    \t\n\t\t\n\t\t<ul\n\t\t\tid=\"contact-grid-69f9e8032632d\"\n\t\t\tclass=\"ams-contact__list l-grid u-gap-fluid-2xl-4xl u-justify-center js-results \"\n\t\t\taria-label=\"Kontakter\"\n\t\t\tdata-filter-animation=\"off\"\n\t\t\t>\n\t\t\t\t\t<\/ul>\n\n\t\t\n\t\t    <div class=\"ams-contact__more u-inline-items js-load-more-btn\">\n        <button href=\"#\"\n                class=\"c-btn\"\n                data-style=\"rounded\"\n                data-size=\"md\"\n                data-width=\"full-mobile\"\n                data-variant=\"outline\">\n        \tVisa mer\n        <\/button>\n    <\/div>\n\n\t\t\t<\/div>\n\n\t\t\n\n<\/section>\n\n\n\n\n<section  class=\"ams-cta ams-cta--stacked c-block l-stacked\">\n\t<div class=\"l-container l-stack l-stack-fluid-2xl u-pt-fluid-3xl-6xl u-pb-fluid-3xl-6xl is-center is-center@md\">\n\t\t\t\t\t<div class=\"ams-cta__intro l-stack l-stack-lg\">\n\t\t\t\t\t\n\t<h2\n\tclass=\"c-heading u-font-title-1 \"\n\tstyle=\"\">\n\t\t\n\t\t\t\t\tVill du veta mer om V\u00e5lberga?\n\t\t\t\t\n\t<\/h2>\n\n\t\t\t\t\t\t\t<\/div>\n\t\t\n\t\t\n\t\t\t<div class=\"ams-cta__action u-inline-items\">\n\t\t\t\t\t\t\t\n\n\n<a href=\"https:\/\/pysslingen.se\/valberga\/om-forskolan\/\"\n\t\n\tclass=\"c-btn \"\n\tdata-style=\"rounded\"\n\tdata-size=\"md\"\n\tdata-width=\"full-mobile\"\n\tdata-variant=\"default\"\n\ttarget=\"_self\">\n\t\t\t<span class=\"label\"> L\u00e4s mer om f\u00f6rskolan<\/span>\n\t\t\t<\/a>\n\t\t\t<\/div>\n\t<\/div>\n\n\t\t\n\n<\/section>\n","protected":false},"excerpt":{"rendered":"","protected":false},"author":103,"featured_media":0,"parent":0,"menu_order":0,"comment_status":"closed","ping_status":"closed","template":"","meta":{"footnotes":""},"yoast_head":"<!-- This site is optimized with the Yoast SEO plugin v22.0 - https:\/\/yoast.com\/wordpress\/plugins\/seo\/ -->\n<title>V\u00e5lberga<\/title>\n<meta name=\"description\" content=\"P\u00e5 V\u00e5lbergas f\u00f6rskola erbjuder vi simskola f\u00f6r de \u00e4ldsta barnen. Under \u00e5tta tillf\u00e4llen f\u00e5r barnen \u00f6va sin vattenvana i bass\u00e4ngen.\" \/>\n<meta name=\"robots\" content=\"index, follow, max-snippet:-1, max-image-preview:large, max-video-preview:-1\" \/>\n<link rel=\"canonical\" href=\"https:\/\/pysslingen.se\/valberga\/simskola\/\" \/>\n<meta property=\"og:locale\" content=\"sv_SE\" \/>\n<meta property=\"og:type\" content=\"article\" \/>\n<meta property=\"og:description\" content=\"P\u00e5 V\u00e5lbergas f\u00f6rskola erbjuder vi simskola f\u00f6r de \u00e4ldsta barnen. Under \u00e5tta tillf\u00e4llen f\u00e5r barnen \u00f6va sin vattenvana i bass\u00e4ngen.\" \/>\n<meta property=\"og:url\" content=\"https:\/\/pysslingen.se\/valberga\/simskola\/\" \/>\n<meta property=\"og:site_name\" content=\"V\u00e5lberga\" \/>\n<meta property=\"article:modified_time\" content=\"2026-01-09T11:38:17+00:00\" \/>\n<meta name=\"twitter:card\" content=\"summary_large_image\" \/>\n<meta name=\"twitter:description\" content=\"P\u00e5 V\u00e5lbergas f\u00f6rskola erbjuder vi simskola f\u00f6r de \u00e4ldsta barnen. Under \u00e5tta tillf\u00e4llen f\u00e5r barnen \u00f6va sin vattenvana i bass\u00e4ngen.\" \/>\n<script type=\"application\/ld+json\" class=\"yoast-schema-graph\">{\"@context\":\"https:\/\/schema.org\",\"@graph\":[{\"@type\":\"WebPage\",\"@id\":\"https:\/\/pysslingen.se\/valberga\/simskola\/\",\"url\":\"https:\/\/pysslingen.se\/valberga\/simskola\/\",\"name\":\"Simskola p\u00e5 Pysslingen V\u00e5lberga - V\u00e5lberga\",\"isPartOf\":{\"@id\":\"https:\/\/pysslingen.se\/valberga\/#website\"},\"datePublished\":\"2025-05-05T13:14:07+00:00\",\"dateModified\":\"2026-01-09T11:38:17+00:00\",\"description\":\"P\u00e5 V\u00e5lbergas f\u00f6rskola erbjuder vi simskola f\u00f6r de \u00e4ldsta barnen. Under \u00e5tta tillf\u00e4llen f\u00e5r barnen \u00f6va sin vattenvana i bass\u00e4ngen.\",\"breadcrumb\":{\"@id\":\"https:\/\/pysslingen.se\/valberga\/simskola\/#breadcrumb\"},\"inLanguage\":\"sv-SE\",\"potentialAction\":[{\"@type\":\"ReadAction\",\"target\":[\"https:\/\/pysslingen.se\/valberga\/simskola\/\"]}]},{\"@type\":\"BreadcrumbList\",\"@id\":\"https:\/\/pysslingen.se\/valberga\/simskola\/#breadcrumb\",\"itemListElement\":[{\"@type\":\"ListItem\",\"position\":1,\"name\":\"Start\",\"item\":\"https:\/\/pysslingen.se\/valberga\/\"},{\"@type\":\"ListItem\",\"position\":2,\"name\":\"Simskola p\u00e5 Pysslingen V\u00e5lberga\"}]},{\"@type\":\"WebSite\",\"@id\":\"https:\/\/pysslingen.se\/valberga\/#website\",\"url\":\"https:\/\/pysslingen.se\/valberga\/\",\"name\":\"V\u00e5lberga\",\"description\":\"En trygg och stimulerande v\u00e4rld\",\"publisher\":{\"@id\":\"https:\/\/pysslingen.se\/valberga\/#organization\"},\"potentialAction\":[{\"@type\":\"SearchAction\",\"target\":{\"@type\":\"EntryPoint\",\"urlTemplate\":\"https:\/\/pysslingen.se\/valberga\/?s={search_term_string}\"},\"query-input\":\"required name=search_term_string\"}],\"inLanguage\":\"sv-SE\"},{\"@type\":\"Organization\",\"@id\":\"https:\/\/pysslingen.se\/valberga\/#organization\",\"name\":\"Pysslingen F\u00f6rskolor\",\"url\":\"https:\/\/pysslingen.se\/valberga\/\",\"logo\":{\"@type\":\"ImageObject\",\"inLanguage\":\"sv-SE\",\"@id\":\"https:\/\/pysslingen.se\/valberga\/#\/schema\/logo\/image\/\",\"url\":\"https:\/\/pysslingen.se\/wp-content\/uploads\/2021\/05\/pysslingen-forskolor.png\",\"contentUrl\":\"https:\/\/pysslingen.se\/wp-content\/uploads\/2021\/05\/pysslingen-forskolor.png\",\"width\":1120,\"height\":630,\"caption\":\"Pysslingen F\u00f6rskolor\"},\"image\":{\"@id\":\"https:\/\/pysslingen.se\/valberga\/#\/schema\/logo\/image\/\"}}]}<\/script>\n<!-- \/ Yoast SEO plugin. -->","yoast_head_json":{"title":"V\u00e5lberga","description":"P\u00e5 V\u00e5lbergas f\u00f6rskola erbjuder vi simskola f\u00f6r de \u00e4ldsta barnen. Under \u00e5tta tillf\u00e4llen f\u00e5r barnen \u00f6va sin vattenvana i bass\u00e4ngen.","robots":{"index":"index","follow":"follow","max-snippet":"max-snippet:-1","max-image-preview":"max-image-preview:large","max-video-preview":"max-video-preview:-1"},"canonical":"https:\/\/pysslingen.se\/valberga\/simskola\/","og_locale":"sv_SE","og_type":"article","og_description":"P\u00e5 V\u00e5lbergas f\u00f6rskola erbjuder vi simskola f\u00f6r de \u00e4ldsta barnen. Under \u00e5tta tillf\u00e4llen f\u00e5r barnen \u00f6va sin vattenvana i bass\u00e4ngen.","og_url":"https:\/\/pysslingen.se\/valberga\/simskola\/","og_site_name":"V\u00e5lberga","article_modified_time":"2026-01-09T11:38:17+00:00","twitter_card":"summary_large_image","twitter_description":"P\u00e5 V\u00e5lbergas f\u00f6rskola erbjuder vi simskola f\u00f6r de \u00e4ldsta barnen. Under \u00e5tta tillf\u00e4llen f\u00e5r barnen \u00f6va sin vattenvana i bass\u00e4ngen.","schema":{"@context":"https:\/\/schema.org","@graph":[{"@type":"WebPage","@id":"https:\/\/pysslingen.se\/valberga\/simskola\/","url":"https:\/\/pysslingen.se\/valberga\/simskola\/","name":"Simskola p\u00e5 Pysslingen V\u00e5lberga - V\u00e5lberga","isPartOf":{"@id":"https:\/\/pysslingen.se\/valberga\/#website"},"datePublished":"2025-05-05T13:14:07+00:00","dateModified":"2026-01-09T11:38:17+00:00","description":"P\u00e5 V\u00e5lbergas f\u00f6rskola erbjuder vi simskola f\u00f6r de \u00e4ldsta barnen. Under \u00e5tta tillf\u00e4llen f\u00e5r barnen \u00f6va sin vattenvana i bass\u00e4ngen.","breadcrumb":{"@id":"https:\/\/pysslingen.se\/valberga\/simskola\/#breadcrumb"},"inLanguage":"sv-SE","potentialAction":[{"@type":"ReadAction","target":["https:\/\/pysslingen.se\/valberga\/simskola\/"]}]},{"@type":"BreadcrumbList","@id":"https:\/\/pysslingen.se\/valberga\/simskola\/#breadcrumb","itemListElement":[{"@type":"ListItem","position":1,"name":"Start","item":"https:\/\/pysslingen.se\/valberga\/"},{"@type":"ListItem","position":2,"name":"Simskola p\u00e5 Pysslingen V\u00e5lberga"}]},{"@type":"WebSite","@id":"https:\/\/pysslingen.se\/valberga\/#website","url":"https:\/\/pysslingen.se\/valberga\/","name":"V\u00e5lberga","description":"En trygg och stimulerande v\u00e4rld","publisher":{"@id":"https:\/\/pysslingen.se\/valberga\/#organization"},"potentialAction":[{"@type":"SearchAction","target":{"@type":"EntryPoint","urlTemplate":"https:\/\/pysslingen.se\/valberga\/?s={search_term_string}"},"query-input":"required name=search_term_string"}],"inLanguage":"sv-SE"},{"@type":"Organization","@id":"https:\/\/pysslingen.se\/valberga\/#organization","name":"Pysslingen F\u00f6rskolor","url":"https:\/\/pysslingen.se\/valberga\/","logo":{"@type":"ImageObject","inLanguage":"sv-SE","@id":"https:\/\/pysslingen.se\/valberga\/#\/schema\/logo\/image\/","url":"https:\/\/pysslingen.se\/wp-content\/uploads\/2021\/05\/pysslingen-forskolor.png","contentUrl":"https:\/\/pysslingen.se\/wp-content\/uploads\/2021\/05\/pysslingen-forskolor.png","width":1120,"height":630,"caption":"Pysslingen F\u00f6rskolor"},"image":{"@id":"https:\/\/pysslingen.se\/valberga\/#\/schema\/logo\/image\/"}}]}},"_links":{"self":[{"href":"https:\/\/pysslingen.se\/valberga\/wp-json\/wp\/v2\/pages\/1697"}],"collection":[{"href":"https:\/\/pysslingen.se\/valberga\/wp-json\/wp\/v2\/pages"}],"about":[{"href":"https:\/\/pysslingen.se\/valberga\/wp-json\/wp\/v2\/types\/page"}],"author":[{"embeddable":true,"href":"https:\/\/pysslingen.se\/valberga\/wp-json\/wp\/v2\/users\/103"}],"replies":[{"embeddable":true,"href":"https:\/\/pysslingen.se\/valberga\/wp-json\/wp\/v2\/comments?post=1697"}],"version-history":[{"count":7,"href":"https:\/\/pysslingen.se\/valberga\/wp-json\/wp\/v2\/pages\/1697\/revisions"}],"predecessor-version":[{"id":1741,"href":"https:\/\/pysslingen.se\/valberga\/wp-json\/wp\/v2\/pages\/1697\/revisions\/1741"}],"wp:attachment":[{"href":"https:\/\/pysslingen.se\/valberga\/wp-json\/wp\/v2\/media?parent=1697"}],"curies":[{"name":"wp","href":"https:\/\/api.w.org\/{rel}","templated":true}]}}