{"id":1454,"date":"2023-01-16T09:51:59","date_gmt":"2023-01-16T09:51:59","guid":{"rendered":"https:\/\/pysslingen.se\/valberga\/?page_id=1454"},"modified":"2025-08-28T12:41:56","modified_gmt":"2025-08-28T10:41:56","slug":"besok-oss","status":"publish","type":"page","link":"https:\/\/pysslingen.se\/valberga\/besok-oss\/","title":{"rendered":"Bes\u00f6k oss"},"content":{"rendered":"\n\t\n\t\n\t\n\n\t\n\t\n\t\t\n<section  class=\"c-block l-stacked  \" data-color-scheme=\"\">\n\t<div class=\"ams-fifty ams-fifty--container ams-fifty--right ams-fifty--bottom l-container u-pt-fluid-3xl-6xl u-pb-fluid-md-xl\">\n\t\t<div class=\"ams-fifty__content l-stack l-stack-xl is-left is-left@lg\">\n\t\t\t<div class=\"ams-fifty__text l-stack l-stack-lg\">\n\t\t\t\t\t\n\t<h1\n\tclass=\"c-heading u-font-title-1 \"\n\tstyle=\"\">\n\t\t\n\t\t\t\t\tBes\u00f6k oss p\u00e5 f\u00f6rskolan V\u00e5lberga\n\t\t\t\t\n\t<\/h1>\n\n\t\t\t\t\t\t\t\t\t<div class=\"text l-stack u-font-body\">\n\t\t\t\t\t\t<p>V\u00e4lkommen att bes\u00f6ka oss p\u00e5 Pysslingen V\u00e5lberga! F\u00f6r att boka en visning av f\u00f6rskolan, kontakta oss. Vi ser fram emot att tr\u00e4ffa er!<\/p>\n\n\t\t\t\t\t<\/div>\n\t\t\t\t\t\t\t<\/div>\n\n\t\t\t\t<div class=\"ams-fifty__action u-inline-items\">\n\t\t\t\t\t\t\t\n\n\n<a href=\"https:\/\/pysslingen.se\/valberga\/besok-oss\/#kontakt\"\n\t\n\tclass=\"c-btn \"\n\tdata-style=\"rounded\"\n\tdata-size=\"md\"\n\tdata-width=\"full-mobile\"\n\tdata-variant=\"default\"\n\ttarget=\"_self\">\n\t\t\t<span class=\"label\"> Boka visning<\/span>\n\t\t\t<\/a>\n\t\t\t<\/div>\n\t\t<\/div>\n\n\t\t <div class=\"ams-fifty__media u-ratio-landscape\">\n\t\t \t\t\t\t\t<img decoding=\"async\" width=\"600\" height=\"400\" src=\"https:\/\/pysslingen.se\/wp-content\/uploads\/sites\/65\/2025\/07\/fat0305-600x400.png\" class=\"attachment-md size-md\" alt=\"Uteg\u00e5rden p\u00e5 V\u00e5lbergas f\u00f6rskola.\" sizes=\"(min-width: 64em) 600px, calc(100vw - 160px)\" srcset=\"https:\/\/pysslingen.se\/wp-content\/uploads\/sites\/65\/2025\/07\/fat0305-600x400.png 600w, https:\/\/pysslingen.se\/wp-content\/uploads\/sites\/65\/2025\/07\/fat0305-300x200.png 300w, https:\/\/pysslingen.se\/wp-content\/uploads\/sites\/65\/2025\/07\/fat0305-400x267.png 400w, https:\/\/pysslingen.se\/wp-content\/uploads\/sites\/65\/2025\/07\/fat0305-800x534.png 800w, https:\/\/pysslingen.se\/wp-content\/uploads\/sites\/65\/2025\/07\/fat0305.png 1000w\" \/>\n\t\t\t\n\t\t\t\n\t\t\t\t\t<\/div>\n\t<\/div>\n\n\t\t\n\n<\/section>\n\n\n\n\t\n\t\n\t\n\n\t\n\t\n\t\t\n<section  class=\"c-block l-stacked  \" data-color-scheme=\"nyans2_av_p2-card-bakgrund-hover-standard_standard\">\n\t<div class=\"ams-fifty ams-fifty--container ams-fifty--left ams-fifty--bottom l-container u-pt-fluid-md-xl u-pb-fluid-md-xl\">\n\t\t<div class=\"ams-fifty__content l-stack l-stack-xl is-left is-left@lg\">\n\t\t\t<div class=\"ams-fifty__text l-stack l-stack-lg\">\n\t\t\t\t\t\n\t<h2\n\tclass=\"c-heading u-font-title-1 \"\n\tstyle=\"\">\n\t\t\n\t\t\t\t\tVad inneb\u00e4r en visning?\n\t\t\t\t\n\t<\/h2>\n\n\t\t\t\t\t\t\t\t\t<div class=\"text l-stack u-font-body\">\n\t\t\t\t\t\t<p>Under visningen visar en platsansvarig\/samordnare runt dig i v\u00e5ra lokaler och ber\u00e4ttar hur vi arbetar f\u00f6r att skapa en trygg och l\u00e4rorik vardag f\u00f6r v\u00e5ra barn.<\/p>\n<p><strong>Tre anledningar att boka en visning av f\u00f6rskolan:<\/strong><br \/>\n&#8211; F\u00e5 en k\u00e4nsla f\u00f6r v\u00e5ra lokaler och milj\u00f6n p\u00e5 f\u00f6rskolan<br \/>\n&#8211; St\u00e4ll dina fr\u00e5gor direkt till en pedagog<br \/>\n&#8211; Se hur vi jobbar med trygghet och l\u00e4rande fr\u00e5n introduktionen till sista \u00e5ret p\u00e5 f\u00f6rskolan.<\/p>\n\n\t\t\t\t\t<\/div>\n\t\t\t\t\t\t\t<\/div>\n\n\t\t\t\t\t<\/div>\n\n\t\t <div class=\"ams-fifty__media u-ratio-landscape\">\n\t\t \t\t\t\t\t<img decoding=\"async\" width=\"600\" height=\"400\" src=\"https:\/\/pysslingen.se\/wp-content\/uploads\/sites\/65\/2020\/11\/natur-flicka-3.jpg\" class=\"attachment-md size-md\" alt=\"Flicka vattnar plantor\" sizes=\"(min-width: 64em) 600px, calc(100vw - 160px)\" srcset=\"https:\/\/pysslingen.se\/wp-content\/uploads\/sites\/65\/2020\/11\/natur-flicka-3.jpg 1000w, https:\/\/pysslingen.se\/wp-content\/uploads\/sites\/65\/2020\/11\/natur-flicka-3-300x200.jpg 300w, https:\/\/pysslingen.se\/wp-content\/uploads\/sites\/65\/2020\/11\/natur-flicka-3-768x512.jpg 768w\" \/>\n\t\t\t\n\t\t\t\n\t\t\t\t\t<\/div>\n\t<\/div>\n\n\t\t\n\n<\/section>\n\n\n\n<section \n\t\t class=\"\n\t\t ams-contact\n\t\t \n\t\t c-block l-stacked\n\t\t \n\t\t \n\t\t js-load-more\n\t\t \"\n\t\t data-color-scheme=\"\"\n\t\t\t\t\tdata-count=\"3\"\n\t\t\t\t\t\t\tdata-count-mobile=\"2\"\n\t\t\t\t>\n\t<div\n\t\t class=\"\n\t\t l-container\n\t\t l-stack l-stack-fluid-2xl\n\t\t u-pt-fluid-3xl-6xl\n\t\t u-pb-fluid-3xl-6xl\n\t\t is-center\n\t\t is-center@md\n\t\t \">\n\t\t\t\t\t<div class=\"ams-contact__intro l-stack l-stack-lg\">\n\t\t\t\t\t\n\t<h2\n\tclass=\"c-heading u-font-title-1 \"\n\tstyle=\"\">\n\t\t\n\t\t\t\t\tBoka visning:\n\t\t\t\t\n\t<\/h2>\n\n\t\t\t\t\t\t\t\t\t<div class=\"c-text l-stack u-cs-xl u-font-body\">\n\t\t\t\t\t\t<p>Kontakta v\u00e5ra samordnare om du \u00e4r intresserad av f\u00f6rskolan och vill komma p\u00e5 bes\u00f6k. V\u00e4lkomna!<\/p>\n\n\t\t\t\t\t<\/div>\n\t\t\t\t\t\t\t<\/div>\n\t\t\n\t\t\n\t\t    \t\n\t\t\n\t\t<ul\n\t\t\tid=\"contact-grid-69f9e80a58198\"\n\t\t\tclass=\"ams-contact__list l-grid u-gap-fluid-2xl-4xl u-justify-center js-results \"\n\t\t\taria-label=\"Kontakter\"\n\t\t\tdata-filter-animation=\"off\"\n\t\t\t>\n\t\t\t\t\t\t\t\t\t\t\t\n\t\t\t\t\n\t\t\t\t<li class=\"l-col-6@md l-col-4@lg \" data-filter=\"samordnare\">\n\t\t\t\t\t<article class=\"c-card \" data-variant=\"neutral\">\n\t\t\t\t\t\t<div class=\"c-card__content u-text-center\">\n\t\t\t\t\t\t\t\t\t\t\t\t\t\t\t<h3 class=\"c-card__title u-font-title-3\">\n\t\t\t\t\t\t\t\t\tRoula Nasr\n\t\t\t\t\t\t\t\t<\/h3>\n\t\t\t\t\t\t\t\n\t\t\t\t\t\t\t\t\t\t\t\t\t\t\t<p class=\"position u-font-body\">Samordnare<\/p>\n\t\t\t\t\t\t\t\n\t\t\t\t\t\t\t\t\t\t\t\t\t\t\t<div class=\"contact-info u-font-body\">\n\t\t\t\t\t\t\t\t\t\t\t\t\t\t\t\t\t\t\t\t\t\t\t\t\t\t\t\t\t\t<p class=\"phone\"><a\n\t\t\t\t\t\t\t\t\t\t\t\t\thref=\"tel:0730727969\"\n\t\t\t\t\t\t\t\t\t\t\t\t\tclass=\"u-text-link\">073-072 79 69<\/a>\n\t\t\t\t\t\t\t\t\t\t\t<\/p>\n\t\t\t\t\t\t\t\t\t\t\t\t\t\t\t\t\t\t\t\n\t\t\t\t\t\t\t\t\t\t\t\t\t\t\t\t\t\t\t\t\t\t\t\t\t\t\t\t\t\t<p class=\"email\"><a\n\t\t\t\t\t\t\t\t\t\t\t\t\thref=\"&#109;&#097;&#105;lto&#058;&#114;ou&#108;a.&#110;as&#114;&#064;&#112;&#121;&#115;&#115;&#108;i&#110;&#103;e&#110;.s&#101;\"\n\t\t\t\t\t\t\t\t\t\t\t\t\tclass=\"u-text-link\">r&#111;u&#108;a.&#110;as&#114;&#064;p&#121;ss&#108;ing&#101;n.s&#101;<\/a>\n\t\t\t\t\t\t\t\t\t\t\t<\/p>\n\t\t\t\t\t\t\t\t\t\t\t\t\t\t\t\t\t\t\t\t\t\t\t\t\t\t\t<\/div>\n\t\t\t\t\t\t\t\n\t\t\t\t\t\t\t\t\t\t\t\t\t<\/div>\n\t\t\t\t\t\t<div class=\"c-card__media\">\n\t\t\t\t\t\t\t\t\t\t\t\t\t\t\t\t\t\t\t\t\t\t\t\t\t\t\t\t\t\t\t\t\t\t\t\t\t\t\t\t\t\t\t\t\t\t\t\t\t<img decoding=\"async\" width=\"400\" height=\"361\" src=\"https:\/\/pysslingen.se\/wp-content\/uploads\/sites\/65\/2022\/11\/1ad07dc1-e51f-44ed-9116-a4dc29ad82881201a.jpeg\" class=\"u-radius-rounded u-ratio-landscape  \" alt=\"Portr\u00e4ttbild p\u00e5 medarbetare.\" sizes=\"(max-width: 300px) 100vw, 300px\" srcset=\"https:\/\/pysslingen.se\/wp-content\/uploads\/sites\/65\/2022\/11\/1ad07dc1-e51f-44ed-9116-a4dc29ad82881201a.jpeg 1077w, https:\/\/pysslingen.se\/wp-content\/uploads\/sites\/65\/2022\/11\/1ad07dc1-e51f-44ed-9116-a4dc29ad82881201a-300x270.jpeg 300w, https:\/\/pysslingen.se\/wp-content\/uploads\/sites\/65\/2022\/11\/1ad07dc1-e51f-44ed-9116-a4dc29ad82881201a-1024x923.jpeg 1024w, https:\/\/pysslingen.se\/wp-content\/uploads\/sites\/65\/2022\/11\/1ad07dc1-e51f-44ed-9116-a4dc29ad82881201a-768x692.jpeg 768w, https:\/\/pysslingen.se\/wp-content\/uploads\/sites\/65\/2022\/11\/1ad07dc1-e51f-44ed-9116-a4dc29ad82881201a-500x451.jpeg 500w, https:\/\/pysslingen.se\/wp-content\/uploads\/sites\/65\/2022\/11\/1ad07dc1-e51f-44ed-9116-a4dc29ad82881201a-254x229.jpeg 254w, https:\/\/pysslingen.se\/wp-content\/uploads\/sites\/65\/2022\/11\/1ad07dc1-e51f-44ed-9116-a4dc29ad82881201a-340x307.jpeg 340w, https:\/\/pysslingen.se\/wp-content\/uploads\/sites\/65\/2022\/11\/1ad07dc1-e51f-44ed-9116-a4dc29ad82881201a-743x670.jpeg 743w\" \/>\n\t\t\t\t\t\t<\/div>\n\t\t\t\t\t<\/article>\n\t\t\t\t<\/li>\n\t\t\t\t\t\t\t\t\t\t\t\n\t\t\t\t\n\t\t\t\t<li class=\"l-col-6@md l-col-4@lg \" data-filter=\"samordnare samordnare-2\">\n\t\t\t\t\t<article class=\"c-card \" data-variant=\"neutral\">\n\t\t\t\t\t\t<div class=\"c-card__content u-text-center\">\n\t\t\t\t\t\t\t\t\t\t\t\t\t\t\t<h3 class=\"c-card__title u-font-title-3\">\n\t\t\t\t\t\t\t\t\tSkala Ali\n\t\t\t\t\t\t\t\t<\/h3>\n\t\t\t\t\t\t\t\n\t\t\t\t\t\t\t\t\t\t\t\t\t\t\t<p class=\"position u-font-body\">Samordnare<\/p>\n\t\t\t\t\t\t\t\n\t\t\t\t\t\t\t\t\t\t\t\t\t\t\t<div class=\"contact-info u-font-body\">\n\t\t\t\t\t\t\t\t\t\t\t\t\t\t\t\t\t\t\t\t\t\t\t\t\t\t\t\t\t\t<p class=\"phone\"><a\n\t\t\t\t\t\t\t\t\t\t\t\t\thref=\"tel:0735600518\"\n\t\t\t\t\t\t\t\t\t\t\t\t\tclass=\"u-text-link\">073-560 05 18<\/a>\n\t\t\t\t\t\t\t\t\t\t\t<\/p>\n\t\t\t\t\t\t\t\t\t\t\t\t\t\t\t\t\t\t\t\n\t\t\t\t\t\t\t\t\t\t\t\t\t\t\t\t\t\t\t\t\t\t\t\t\t\t\t\t\t\t<p class=\"email\"><a\n\t\t\t\t\t\t\t\t\t\t\t\t\thref=\"&#109;&#097;&#105;&#108;&#116;&#111;:sk&#097;&#108;&#097;.al&#105;&#064;pys&#115;&#108;ingen&#046;&#115;&#101;\"\n\t\t\t\t\t\t\t\t\t\t\t\t\tclass=\"u-text-link\">sk&#097;&#108;a.&#097;&#108;i&#064;pys&#115;li&#110;gen&#046;&#115;e<\/a>\n\t\t\t\t\t\t\t\t\t\t\t<\/p>\n\t\t\t\t\t\t\t\t\t\t\t\t\t\t\t\t\t\t\t\t\t\t\t\t\t\t\t<\/div>\n\t\t\t\t\t\t\t\n\t\t\t\t\t\t\t\t\t\t\t\t\t<\/div>\n\t\t\t\t\t\t<div class=\"c-card__media\">\n\t\t\t\t\t\t\t\t\t\t\t\t\t\t\t\t\t\t\t\t\t\t\t\t\t\t\t\t\t\t\t\t\t\t\t\t\t\t\t\t\t\t\t\t\t\t\t\t\t<img decoding=\"async\" width=\"400\" height=\"456\" src=\"https:\/\/pysslingen.se\/wp-content\/uploads\/sites\/65\/2025\/08\/skala-e1756823467756-400x456.jpg\" class=\"u-radius-rounded u-ratio-landscape  \" alt=\"Portr\u00e4ttbild p\u00e5 medarbetare.\" sizes=\"(max-width: 300px) 100vw, 300px\" srcset=\"https:\/\/pysslingen.se\/wp-content\/uploads\/sites\/65\/2025\/08\/skala-e1756823467756-400x456.jpg 400w, https:\/\/pysslingen.se\/wp-content\/uploads\/sites\/65\/2025\/08\/skala-e1756823467756-300x342.jpg 300w, https:\/\/pysslingen.se\/wp-content\/uploads\/sites\/65\/2025\/08\/skala-e1756823467756-600x684.jpg 600w, https:\/\/pysslingen.se\/wp-content\/uploads\/sites\/65\/2025\/08\/skala-e1756823467756-800x912.jpg 800w, https:\/\/pysslingen.se\/wp-content\/uploads\/sites\/65\/2025\/08\/skala-e1756823467756-1024x1167.jpg 1024w, https:\/\/pysslingen.se\/wp-content\/uploads\/sites\/65\/2025\/08\/skala-e1756823467756.jpg 1079w\" \/>\n\t\t\t\t\t\t<\/div>\n\t\t\t\t\t<\/article>\n\t\t\t\t<\/li>\n\t\t\t\t\t<\/ul>\n\n\t\t\n\t\t    <div class=\"ams-contact__more u-inline-items js-load-more-btn\">\n        <button href=\"#\"\n                class=\"c-btn\"\n                data-style=\"rounded\"\n                data-size=\"md\"\n                data-width=\"full-mobile\"\n                data-variant=\"outline\">\n        \tVisa mer\n        <\/button>\n    <\/div>\n\n\t\t\t<\/div>\n\n\t\t\n\n<\/section>\n","protected":false},"excerpt":{"rendered":"","protected":false},"author":4,"featured_media":0,"parent":0,"menu_order":0,"comment_status":"closed","ping_status":"closed","template":"","meta":{"footnotes":""},"yoast_head":"<!-- This site is optimized with the Yoast SEO plugin v22.0 - https:\/\/yoast.com\/wordpress\/plugins\/seo\/ -->\n<title>V\u00e5lberga<\/title>\n<meta name=\"description\" content=\"V\u00e4lkommen att bes\u00f6ka oss p\u00e5 V\u00e5lberga f\u00f6rskola! Vi arrangerar visningar och aktiviteter f\u00f6r dig som \u00e4r f\u00f6r\u00e4ldraledig.\" \/>\n<meta name=\"robots\" content=\"index, follow, max-snippet:-1, max-image-preview:large, max-video-preview:-1\" \/>\n<link rel=\"canonical\" href=\"https:\/\/pysslingen.se\/valberga\/besok-oss\/\" \/>\n<meta property=\"og:locale\" content=\"sv_SE\" \/>\n<meta property=\"og:type\" content=\"article\" \/>\n<meta property=\"og:description\" content=\"V\u00e4lkommen att bes\u00f6ka oss p\u00e5 V\u00e5lberga f\u00f6rskola! Vi arrangerar visningar och aktiviteter f\u00f6r dig som \u00e4r f\u00f6r\u00e4ldraledig.\" \/>\n<meta property=\"og:url\" content=\"https:\/\/pysslingen.se\/valberga\/besok-oss\/\" \/>\n<meta property=\"og:site_name\" content=\"V\u00e5lberga\" \/>\n<meta property=\"article:modified_time\" content=\"2025-08-28T10:41:56+00:00\" \/>\n<meta name=\"twitter:card\" content=\"summary_large_image\" \/>\n<meta name=\"twitter:description\" content=\"V\u00e4lkommen att bes\u00f6ka oss p\u00e5 V\u00e5lberga f\u00f6rskola! Vi arrangerar visningar och aktiviteter f\u00f6r dig som \u00e4r f\u00f6r\u00e4ldraledig.\" \/>\n<script type=\"application\/ld+json\" class=\"yoast-schema-graph\">{\"@context\":\"https:\/\/schema.org\",\"@graph\":[{\"@type\":\"WebPage\",\"@id\":\"https:\/\/pysslingen.se\/valberga\/besok-oss\/\",\"url\":\"https:\/\/pysslingen.se\/valberga\/besok-oss\/\",\"name\":\"Bes\u00f6k oss - V\u00e5lberga\",\"isPartOf\":{\"@id\":\"https:\/\/pysslingen.se\/valberga\/#website\"},\"datePublished\":\"2023-01-16T09:51:59+00:00\",\"dateModified\":\"2025-08-28T10:41:56+00:00\",\"description\":\"V\u00e4lkommen att bes\u00f6ka oss p\u00e5 V\u00e5lberga f\u00f6rskola! Vi arrangerar visningar och aktiviteter f\u00f6r dig som \u00e4r f\u00f6r\u00e4ldraledig.\",\"breadcrumb\":{\"@id\":\"https:\/\/pysslingen.se\/valberga\/besok-oss\/#breadcrumb\"},\"inLanguage\":\"sv-SE\",\"potentialAction\":[{\"@type\":\"ReadAction\",\"target\":[\"https:\/\/pysslingen.se\/valberga\/besok-oss\/\"]}]},{\"@type\":\"BreadcrumbList\",\"@id\":\"https:\/\/pysslingen.se\/valberga\/besok-oss\/#breadcrumb\",\"itemListElement\":[{\"@type\":\"ListItem\",\"position\":1,\"name\":\"Start\",\"item\":\"https:\/\/pysslingen.se\/valberga\/\"},{\"@type\":\"ListItem\",\"position\":2,\"name\":\"Bes\u00f6k oss\"}]},{\"@type\":\"WebSite\",\"@id\":\"https:\/\/pysslingen.se\/valberga\/#website\",\"url\":\"https:\/\/pysslingen.se\/valberga\/\",\"name\":\"V\u00e5lberga\",\"description\":\"En trygg och stimulerande v\u00e4rld\",\"publisher\":{\"@id\":\"https:\/\/pysslingen.se\/valberga\/#organization\"},\"potentialAction\":[{\"@type\":\"SearchAction\",\"target\":{\"@type\":\"EntryPoint\",\"urlTemplate\":\"https:\/\/pysslingen.se\/valberga\/?s={search_term_string}\"},\"query-input\":\"required name=search_term_string\"}],\"inLanguage\":\"sv-SE\"},{\"@type\":\"Organization\",\"@id\":\"https:\/\/pysslingen.se\/valberga\/#organization\",\"name\":\"Pysslingen F\u00f6rskolor\",\"url\":\"https:\/\/pysslingen.se\/valberga\/\",\"logo\":{\"@type\":\"ImageObject\",\"inLanguage\":\"sv-SE\",\"@id\":\"https:\/\/pysslingen.se\/valberga\/#\/schema\/logo\/image\/\",\"url\":\"https:\/\/pysslingen.se\/wp-content\/uploads\/2021\/05\/pysslingen-forskolor.png\",\"contentUrl\":\"https:\/\/pysslingen.se\/wp-content\/uploads\/2021\/05\/pysslingen-forskolor.png\",\"width\":1120,\"height\":630,\"caption\":\"Pysslingen F\u00f6rskolor\"},\"image\":{\"@id\":\"https:\/\/pysslingen.se\/valberga\/#\/schema\/logo\/image\/\"}}]}<\/script>\n<!-- \/ Yoast SEO plugin. -->","yoast_head_json":{"title":"V\u00e5lberga","description":"V\u00e4lkommen att bes\u00f6ka oss p\u00e5 V\u00e5lberga f\u00f6rskola! Vi arrangerar visningar och aktiviteter f\u00f6r dig som \u00e4r f\u00f6r\u00e4ldraledig.","robots":{"index":"index","follow":"follow","max-snippet":"max-snippet:-1","max-image-preview":"max-image-preview:large","max-video-preview":"max-video-preview:-1"},"canonical":"https:\/\/pysslingen.se\/valberga\/besok-oss\/","og_locale":"sv_SE","og_type":"article","og_description":"V\u00e4lkommen att bes\u00f6ka oss p\u00e5 V\u00e5lberga f\u00f6rskola! Vi arrangerar visningar och aktiviteter f\u00f6r dig som \u00e4r f\u00f6r\u00e4ldraledig.","og_url":"https:\/\/pysslingen.se\/valberga\/besok-oss\/","og_site_name":"V\u00e5lberga","article_modified_time":"2025-08-28T10:41:56+00:00","twitter_card":"summary_large_image","twitter_description":"V\u00e4lkommen att bes\u00f6ka oss p\u00e5 V\u00e5lberga f\u00f6rskola! Vi arrangerar visningar och aktiviteter f\u00f6r dig som \u00e4r f\u00f6r\u00e4ldraledig.","schema":{"@context":"https:\/\/schema.org","@graph":[{"@type":"WebPage","@id":"https:\/\/pysslingen.se\/valberga\/besok-oss\/","url":"https:\/\/pysslingen.se\/valberga\/besok-oss\/","name":"Bes\u00f6k oss - V\u00e5lberga","isPartOf":{"@id":"https:\/\/pysslingen.se\/valberga\/#website"},"datePublished":"2023-01-16T09:51:59+00:00","dateModified":"2025-08-28T10:41:56+00:00","description":"V\u00e4lkommen att bes\u00f6ka oss p\u00e5 V\u00e5lberga f\u00f6rskola! Vi arrangerar visningar och aktiviteter f\u00f6r dig som \u00e4r f\u00f6r\u00e4ldraledig.","breadcrumb":{"@id":"https:\/\/pysslingen.se\/valberga\/besok-oss\/#breadcrumb"},"inLanguage":"sv-SE","potentialAction":[{"@type":"ReadAction","target":["https:\/\/pysslingen.se\/valberga\/besok-oss\/"]}]},{"@type":"BreadcrumbList","@id":"https:\/\/pysslingen.se\/valberga\/besok-oss\/#breadcrumb","itemListElement":[{"@type":"ListItem","position":1,"name":"Start","item":"https:\/\/pysslingen.se\/valberga\/"},{"@type":"ListItem","position":2,"name":"Bes\u00f6k oss"}]},{"@type":"WebSite","@id":"https:\/\/pysslingen.se\/valberga\/#website","url":"https:\/\/pysslingen.se\/valberga\/","name":"V\u00e5lberga","description":"En trygg och stimulerande v\u00e4rld","publisher":{"@id":"https:\/\/pysslingen.se\/valberga\/#organization"},"potentialAction":[{"@type":"SearchAction","target":{"@type":"EntryPoint","urlTemplate":"https:\/\/pysslingen.se\/valberga\/?s={search_term_string}"},"query-input":"required name=search_term_string"}],"inLanguage":"sv-SE"},{"@type":"Organization","@id":"https:\/\/pysslingen.se\/valberga\/#organization","name":"Pysslingen F\u00f6rskolor","url":"https:\/\/pysslingen.se\/valberga\/","logo":{"@type":"ImageObject","inLanguage":"sv-SE","@id":"https:\/\/pysslingen.se\/valberga\/#\/schema\/logo\/image\/","url":"https:\/\/pysslingen.se\/wp-content\/uploads\/2021\/05\/pysslingen-forskolor.png","contentUrl":"https:\/\/pysslingen.se\/wp-content\/uploads\/2021\/05\/pysslingen-forskolor.png","width":1120,"height":630,"caption":"Pysslingen F\u00f6rskolor"},"image":{"@id":"https:\/\/pysslingen.se\/valberga\/#\/schema\/logo\/image\/"}}]}},"_links":{"self":[{"href":"https:\/\/pysslingen.se\/valberga\/wp-json\/wp\/v2\/pages\/1454"}],"collection":[{"href":"https:\/\/pysslingen.se\/valberga\/wp-json\/wp\/v2\/pages"}],"about":[{"href":"https:\/\/pysslingen.se\/valberga\/wp-json\/wp\/v2\/types\/page"}],"author":[{"embeddable":true,"href":"https:\/\/pysslingen.se\/valberga\/wp-json\/wp\/v2\/users\/4"}],"replies":[{"embeddable":true,"href":"https:\/\/pysslingen.se\/valberga\/wp-json\/wp\/v2\/comments?post=1454"}],"version-history":[{"count":10,"href":"https:\/\/pysslingen.se\/valberga\/wp-json\/wp\/v2\/pages\/1454\/revisions"}],"predecessor-version":[{"id":1731,"href":"https:\/\/pysslingen.se\/valberga\/wp-json\/wp\/v2\/pages\/1454\/revisions\/1731"}],"wp:attachment":[{"href":"https:\/\/pysslingen.se\/valberga\/wp-json\/wp\/v2\/media?parent=1454"}],"curies":[{"name":"wp","href":"https:\/\/api.w.org\/{rel}","templated":true}]}}