{"id":1553,"date":"2025-07-14T09:08:33","date_gmt":"2025-07-14T07:08:33","guid":{"rendered":"https:\/\/pysslingen.se\/ulriksdal\/?page_id=1553"},"modified":"2025-07-14T09:20:19","modified_gmt":"2025-07-14T07:20:19","slug":"simskola","status":"publish","type":"page","link":"https:\/\/pysslingen.se\/ulriksdal\/simskola\/","title":{"rendered":"Simskola"},"content":{"rendered":"\n\t\n\t\n\t\n\n\t\n\t\n\t\t\n<section  class=\"c-block l-stacked  \" data-color-scheme=\"nyans2_av_cta-hover-standard\">\n\t<div class=\"ams-fifty ams-fifty--container ams-fifty--right ams-fifty--bottom l-container u-pt-fluid-md-xl u-pb-fluid-md-xl\">\n\t\t<div class=\"ams-fifty__content l-stack l-stack-xl is-left is-left@lg\">\n\t\t\t<div class=\"ams-fifty__text l-stack l-stack-lg\">\n\t\t\t\t\t\n\t<h1\n\tclass=\"c-heading u-font-title-1 \"\n\tstyle=\"\">\n\t\t\n\t\t\t\t\t\t\t\t\tHur fungerar simskola p\u00e5 f\u00f6rskolan?\n\t\t\t\t<span class=\"c-heading__sub is-below u-font-title-3\">\n\t\t\t\t\tPysslingen Ulriksdal\n\t\t\t\t<\/span>\n\t\t\t\t\t\t\t\n\t<\/h1>\n\n\t\t\t\t\t\t\t\t\t<div class=\"text l-stack u-font-body\">\n\t\t\t\t\t\t<p class=\"\" data-start=\"129\" data-end=\"520\">P\u00e5 Pysslingen Ulriksdal f\u00e5r de \u00e4ldsta barnen i f\u00f6rskolan m\u00f6jlighet till simskola i f\u00f6rskolan som en del av v\u00e5r h\u00e4lsofr\u00e4mjande undervisning. Simning \u00e4r inte bara en viktig livskunskap, det st\u00e4rker \u00e4ven barnens motorik, trygghet i vatten och tro p\u00e5 sin egen f\u00f6rm\u00e5ga.<\/p>\n<p class=\"\" data-start=\"522\" data-end=\"779\">Vid flera tillf\u00e4llen under \u00e5ret f\u00e5r barnen, under ledning av utbildade siml\u00e4rare, p\u00e5 ett roligt och s\u00e4kert s\u00e4tt bekanta sig med simningens grunder. V\u00e5ra pedagoger \u00e4r alltid n\u00e4rvarande och st\u00f6ttar barnen l\u00e4ngs bass\u00e4ngkanten f\u00f6r att skapa en trygg upplevelse.<\/p>\n\n\t\t\t\t\t<\/div>\n\t\t\t\t\t\t\t<\/div>\n\n\t\t\t\t\t<\/div>\n\n\t\t <div class=\"ams-fifty__media u-ratio-landscape\">\n\t\t \t\t\t\t\t<img decoding=\"async\" width=\"600\" height=\"450\" src=\"https:\/\/pysslingen.se\/wp-content\/uploads\/sites\/70\/2024\/09\/simma-600x450.jpg\" class=\"attachment-md size-md\" alt=\"leende barn simmar under vattenytan\" sizes=\"(min-width: 64em) 600px, calc(100vw - 160px)\" srcset=\"https:\/\/pysslingen.se\/wp-content\/uploads\/sites\/70\/2024\/09\/simma-600x450.jpg 600w, https:\/\/pysslingen.se\/wp-content\/uploads\/sites\/70\/2024\/09\/simma-300x225.jpg 300w, https:\/\/pysslingen.se\/wp-content\/uploads\/sites\/70\/2024\/09\/simma-400x300.jpg 400w, https:\/\/pysslingen.se\/wp-content\/uploads\/sites\/70\/2024\/09\/simma-800x600.jpg 800w, https:\/\/pysslingen.se\/wp-content\/uploads\/sites\/70\/2024\/09\/simma-1024x768.jpg 1024w, https:\/\/pysslingen.se\/wp-content\/uploads\/sites\/70\/2024\/09\/simma-1200x900.jpg 1200w, https:\/\/pysslingen.se\/wp-content\/uploads\/sites\/70\/2024\/09\/simma-768x576.jpg 768w, https:\/\/pysslingen.se\/wp-content\/uploads\/sites\/70\/2024\/09\/simma.jpg 1890w\" \/>\n\t\t\t\n\t\t\t\n\t\t\t\t\t<\/div>\n\t<\/div>\n\n\t\t\n\n<\/section>\n\n\n\n\t\n\t\n\t\n\n\t\n\t\n\t\t\n<section  class=\"c-block l-stacked  \" data-color-scheme=\"nyans2_av_cta-hover-standard\">\n\t<div class=\"ams-fifty ams-fifty--container ams-fifty--left ams-fifty--bottom l-container u-pt-fluid-md-xl u-pb-fluid-md-xl\">\n\t\t<div class=\"ams-fifty__content l-stack l-stack-xl is-left is-left@lg\">\n\t\t\t<div class=\"ams-fifty__text l-stack l-stack-lg\">\n\t\t\t\t\t\n\t<h2\n\tclass=\"c-heading u-font-title-1 \"\n\tstyle=\"\">\n\t\t\n\t\t\t\t\tMer om f\u00f6rskolan Ulriksdal i Solna\n\t\t\t\t\n\t<\/h2>\n\n\t\t\t\t\t\t\t\t\t<div class=\"text l-stack u-font-body\">\n\t\t\t\t\t\t<p>V\u00e5r f\u00f6rskola ligger i Ulriksdal, Solna. F\u00f6rskolans l\u00e4ge g\u00f6r att vi enkelt kan bes\u00f6ka b\u00e5de Stockholms innerstad och v\u00e5ra vackra omgivningar, s\u00e5som Ulriksdals slottspark, Brunnsviken och \u00d6verj\u00e4rva G\u00e5rd.<\/p>\n<p>V\u00e5r egen kock serverar varierad, n\u00e4ringsrik och delvis ekologisk mat. Vid matborden samtalar barn och pedagoger om mat, smak, f\u00e4rg, form, h\u00e4lsa och h\u00e5llbar utveckling.\u00a0Som v\u00e5rdnadshavare p\u00e5 f\u00f6rskolan Ulriksdal m\u00f6ts du av engagerade pedagoger som har ditt barn i fokus.<\/p>\n\n\t\t\t\t\t<\/div>\n\t\t\t\t\t\t\t<\/div>\n\n\t\t\t\t\t<\/div>\n\n\t\t <div class=\"ams-fifty__media u-ratio-landscape\">\n\t\t \t\t\t\t\t<img decoding=\"async\" width=\"600\" height=\"400\" src=\"https:\/\/pysslingen.se\/wp-content\/uploads\/sites\/70\/2025\/07\/fat0540-600x400.png\" class=\"attachment-md size-md\" alt=\"Uteg\u00e5rden p\u00e5 Ulriksdal.\" sizes=\"(min-width: 64em) 600px, calc(100vw - 160px)\" srcset=\"https:\/\/pysslingen.se\/wp-content\/uploads\/sites\/70\/2025\/07\/fat0540-600x400.png 600w, https:\/\/pysslingen.se\/wp-content\/uploads\/sites\/70\/2025\/07\/fat0540-300x200.png 300w, https:\/\/pysslingen.se\/wp-content\/uploads\/sites\/70\/2025\/07\/fat0540-400x267.png 400w, https:\/\/pysslingen.se\/wp-content\/uploads\/sites\/70\/2025\/07\/fat0540-800x533.png 800w, https:\/\/pysslingen.se\/wp-content\/uploads\/sites\/70\/2025\/07\/fat0540-1024x682.png 1024w, https:\/\/pysslingen.se\/wp-content\/uploads\/sites\/70\/2025\/07\/fat0540-1200x800.png 1200w, https:\/\/pysslingen.se\/wp-content\/uploads\/sites\/70\/2025\/07\/fat0540.png 1835w\" \/>\n\t\t\t\n\t\t\t\n\t\t\t\t\t<\/div>\n\t<\/div>\n\n\t\t\n\n<\/section>\n\n\n\n\n<section  class=\"ams-cta ams-cta--stacked c-block l-stacked\" data-color-scheme=\"usp-pink-background-blue-cards\">\n\t<div class=\"l-container l-stack l-stack-fluid-2xl u-pt-fluid-md-xl u-pb-fluid-md-xl is-center is-center@md\">\n\t\t\t\t\t<div class=\"ams-cta__intro l-stack l-stack-lg\">\n\t\t\t\t\t\n\t<h2\n\tclass=\"c-heading u-font-title-1 \"\n\tstyle=\"\">\n\t\t\n\t\t\t\t\tAns\u00f6k till Pysslingen Ulriksdal:\n\t\t\t\t\n\t<\/h2>\n\n\t\t\t\t\t\t\t\t\t<div class=\"c-text l-stack u-cs-xl u-font-body\">\n\t\t\t\t\t\t<p>Vad roligt att du \u00e4r intresserad av en plats hos oss p\u00e5 Ulriksdals f\u00f6rskola!<\/p>\n<p>F\u00f6r att st\u00e4lla ditt barn i k\u00f6 g\u00e5r du in p\u00e5\u00a0<a href=\"https:\/\/www.solna.se\/barn--utbildning\/forskola\/ansok-om-plats\">Solna stads webbplats<\/a>(\u00f6ppnas i nytt f\u00f6nster)\u00a0och g\u00f6r din platsans\u00f6kan d\u00e4r. D\u00e4r kan du l\u00e4sa om turordningsreglerna. Om du vill ha hj\u00e4lp med att st\u00e4lla dig i k\u00f6 ringer du kommunens Kontaktcenter p\u00e5 telefon\u00a008-746 10 00.<\/p>\n\n\t\t\t\t\t<\/div>\n\t\t\t\t\t\t\t<\/div>\n\t\t\n\t\t\n\t\t\t<div class=\"ams-cta__action u-inline-items\">\n\t\t\t\t\t\t\t\n\n\n<a href=\"https:\/\/www.solna.se\/barn--utbildning\/forskola\/ansok-om-plats\"\n\t\n\tclass=\"c-btn \"\n\tdata-style=\"rounded\"\n\tdata-size=\"md\"\n\tdata-width=\"full-mobile\"\n\tdata-variant=\"default\"\n\ttarget=\"_blank\">\n\t\t\t<span class=\"label\"> Till k\u00f6anm\u00e4lan<\/span>\n\t\t\t<\/a>\n\t\t\t<\/div>\n\t<\/div>\n\n\t\t\n\n<\/section>\n\n\n\n<section \n\t\t class=\"\n\t\t ams-contact\n\t\t \n\t\t c-block l-stacked\n\t\t \n\t\t \n\t\t js-load-more\n\t\t \"\n\t\t data-color-scheme=\"\"\n\t\t\t\t\tdata-count=\"3\"\n\t\t\t\t\t\t\tdata-count-mobile=\"2\"\n\t\t\t\t>\n\t<div\n\t\t class=\"\n\t\t l-container\n\t\t l-stack l-stack-fluid-2xl\n\t\t u-pt-fluid-md-xl\n\t\t u-pb-fluid-md-xl\n\t\t is-center\n\t\t is-center@md\n\t\t \">\n\t\t\t\t\t<div class=\"ams-contact__intro l-stack l-stack-lg\">\n\t\t\t\t\t\n\t<h2\n\tclass=\"c-heading u-font-title-1 \"\n\tstyle=\"\">\n\t\t\n\t\t\t\t\tKontakta oss:\n\t\t\t\t\n\t<\/h2>\n\n\t\t\t\t\t\t\t\t\t<div class=\"c-text l-stack u-cs-xl u-font-body\">\n\t\t\t\t\t\t<p>Har du fr\u00e5gor om f\u00f6rskolan \u00e4r du varmt v\u00e4lkommen att kontakta oss.<\/p>\n\n\t\t\t\t\t<\/div>\n\t\t\t\t\t\t\t<\/div>\n\t\t\n\t\t\n\t\t    \t\n\t\t\n\t\t<ul\n\t\t\tid=\"contact-grid-69e20940448d6\"\n\t\t\tclass=\"ams-contact__list l-grid u-gap-fluid-2xl-4xl u-justify-center js-results \"\n\t\t\taria-label=\"Kontakter\"\n\t\t\tdata-filter-animation=\"off\"\n\t\t\t>\n\t\t\t\t\t\t\t\t\t\t\t\n\t\t\t\t\n\t\t\t\t<li class=\"l-col-6@md l-col-4@lg \" data-filter=\"samordnare\">\n\t\t\t\t\t<article class=\"c-card \" data-variant=\"neutral\">\n\t\t\t\t\t\t<div class=\"c-card__content u-text-center\">\n\t\t\t\t\t\t\t\t\t\t\t\t\t\t\t<h3 class=\"c-card__title u-font-title-3\">\n\t\t\t\t\t\t\t\t\tAmanda Jonsson\n\t\t\t\t\t\t\t\t<\/h3>\n\t\t\t\t\t\t\t\n\t\t\t\t\t\t\t\t\t\t\t\t\t\t\t<p class=\"position u-font-body\">Samordnare<\/p>\n\t\t\t\t\t\t\t\n\t\t\t\t\t\t\t\t\t\t\t\t\t\t\t<div class=\"contact-info u-font-body\">\n\t\t\t\t\t\t\t\t\t\t\t\t\t\t\t\t\t\t\t\t\t\t\t\t\t\t\t\t\t\t<p class=\"phone\"><a\n\t\t\t\t\t\t\t\t\t\t\t\t\thref=\"tel:0706707727\"\n\t\t\t\t\t\t\t\t\t\t\t\t\tclass=\"u-text-link\">070-670 77 27<\/a>\n\t\t\t\t\t\t\t\t\t\t\t<\/p>\n\t\t\t\t\t\t\t\t\t\t\t\t\t\t\t\t\t\t\t\n\t\t\t\t\t\t\t\t\t\t\t\t\t\t\t\t\t\t\t\t\t\t\t\t\t\t\t\t\t\t<p class=\"email\"><a\n\t\t\t\t\t\t\t\t\t\t\t\t\thref=\"m&#097;&#105;&#108;to&#058;a&#109;and&#097;&#046;&#106;o&#110;s&#115;o&#110;&#064;pyssl&#105;ngen&#046;&#115;&#101;\"\n\t\t\t\t\t\t\t\t\t\t\t\t\tclass=\"u-text-link\">a&#109;and&#097;.j&#111;&#110;s&#115;o&#110;&#064;p&#121;ssl&#105;&#110;g&#101;n.&#115;e<\/a>\n\t\t\t\t\t\t\t\t\t\t\t<\/p>\n\t\t\t\t\t\t\t\t\t\t\t\t\t\t\t\t\t\t\t\t\t\t\t\t\t\t\t<\/div>\n\t\t\t\t\t\t\t\n\t\t\t\t\t\t\t\t\t\t\t\t\t<\/div>\n\t\t\t\t\t\t<div class=\"c-card__media\">\n\t\t\t\t\t\t\t\t\t\t\t\t\t\t\t\t\t\t\t\t\t\t\t\t\t\t\t\t\t\t\t\t\t\t\t\t\t\t\t\t\t\t\t\t\t\t\t\t\t<img decoding=\"async\" width=\"400\" height=\"428\" src=\"https:\/\/pysslingen.se\/wp-content\/uploads\/sites\/70\/2023\/03\/img5801.jpeg\" class=\"u-radius-rounded u-ratio-landscape  \" alt=\"Portr\u00e4ttbild p\u00e5 medarbetare.\" sizes=\"(max-width: 300px) 100vw, 300px\" srcset=\"https:\/\/pysslingen.se\/wp-content\/uploads\/sites\/70\/2023\/03\/img5801.jpeg 683w, https:\/\/pysslingen.se\/wp-content\/uploads\/sites\/70\/2023\/03\/img5801-281x300.jpeg 281w, https:\/\/pysslingen.se\/wp-content\/uploads\/sites\/70\/2023\/03\/img5801-500x534.jpeg 500w, https:\/\/pysslingen.se\/wp-content\/uploads\/sites\/70\/2023\/03\/img5801-214x229.jpeg 214w, https:\/\/pysslingen.se\/wp-content\/uploads\/sites\/70\/2023\/03\/img5801-340x363.jpeg 340w, https:\/\/pysslingen.se\/wp-content\/uploads\/sites\/70\/2023\/03\/img5801-627x670.jpeg 627w\" \/>\n\t\t\t\t\t\t<\/div>\n\t\t\t\t\t<\/article>\n\t\t\t\t<\/li>\n\t\t\t\t\t\t\t\t\t\t\t\n\t\t\t\t\n\t\t\t\t<li class=\"l-col-6@md l-col-4@lg \" data-filter=\"samordnare\">\n\t\t\t\t\t<article class=\"c-card \" data-variant=\"neutral\">\n\t\t\t\t\t\t<div class=\"c-card__content u-text-center\">\n\t\t\t\t\t\t\t\t\t\t\t\t\t\t\t<h3 class=\"c-card__title u-font-title-3\">\n\t\t\t\t\t\t\t\t\tJessica Carlsson\n\t\t\t\t\t\t\t\t<\/h3>\n\t\t\t\t\t\t\t\n\t\t\t\t\t\t\t\t\t\t\t\t\t\t\t<p class=\"position u-font-body\">Samordnare<\/p>\n\t\t\t\t\t\t\t\n\t\t\t\t\t\t\t\t\t\t\t\t\t\t\t<div class=\"contact-info u-font-body\">\n\t\t\t\t\t\t\t\t\t\t\t\t\t\t\t\t\t\t\t\t\t\t\t\t\t\t\t\t\t\t<p class=\"phone\"><a\n\t\t\t\t\t\t\t\t\t\t\t\t\thref=\"tel:0706707727\"\n\t\t\t\t\t\t\t\t\t\t\t\t\tclass=\"u-text-link\">070-670 77 27<\/a>\n\t\t\t\t\t\t\t\t\t\t\t<\/p>\n\t\t\t\t\t\t\t\t\t\t\t\t\t\t\t\t\t\t\t\n\t\t\t\t\t\t\t\t\t\t\t\t\t\t\t\t\t\t\t\t\t\t\t\t\t\t\t\t\t\t<p class=\"email\"><a\n\t\t\t\t\t\t\t\t\t\t\t\t\thref=\"&#109;a&#105;lto&#058;j&#101;ss&#105;&#099;a.&#099;&#097;&#114;ls&#115;on&#064;&#112;&#121;s&#115;&#108;&#105;&#110;gen.s&#101;\"\n\t\t\t\t\t\t\t\t\t\t\t\t\tclass=\"u-text-link\">&#106;&#101;ss&#105;&#099;&#097;&#046;&#099;ar&#108;&#115;&#115;o&#110;&#064;pyssl&#105;&#110;&#103;en&#046;s&#101;<\/a>\n\t\t\t\t\t\t\t\t\t\t\t<\/p>\n\t\t\t\t\t\t\t\t\t\t\t\t\t\t\t\t\t\t\t\t\t\t\t\t\t\t\t<\/div>\n\t\t\t\t\t\t\t\n\t\t\t\t\t\t\t\t\t\t\t\t\t<\/div>\n\t\t\t\t\t\t<div class=\"c-card__media\">\n\t\t\t\t\t\t\t\t\t\t\t\t\t\t\t\t\t\t\t\t\t\t\t\t\t\t\t\t\t\t\t\t\t\t\t\t\t\t\t\t\t\t\t\t\t\t\t\t\t<img decoding=\"async\" width=\"400\" height=\"536\" src=\"https:\/\/pysslingen.se\/wp-content\/uploads\/sites\/70\/2020\/11\/ulriksdaljessica-carlsson-platsansvarig.jpg\" class=\"u-radius-rounded u-ratio-landscape  \" alt=\"Portr\u00e4ttbild p\u00e5 medarbetare.\" sizes=\"(max-width: 300px) 100vw, 300px\" srcset=\"https:\/\/pysslingen.se\/wp-content\/uploads\/sites\/70\/2020\/11\/ulriksdaljessica-carlsson-platsansvarig.jpg 1181w, https:\/\/pysslingen.se\/wp-content\/uploads\/sites\/70\/2020\/11\/ulriksdaljessica-carlsson-platsansvarig-224x300.jpg 224w, https:\/\/pysslingen.se\/wp-content\/uploads\/sites\/70\/2020\/11\/ulriksdaljessica-carlsson-platsansvarig-764x1024.jpg 764w, https:\/\/pysslingen.se\/wp-content\/uploads\/sites\/70\/2020\/11\/ulriksdaljessica-carlsson-platsansvarig-768x1029.jpg 768w, https:\/\/pysslingen.se\/wp-content\/uploads\/sites\/70\/2020\/11\/ulriksdaljessica-carlsson-platsansvarig-1146x1536.jpg 1146w, https:\/\/pysslingen.se\/wp-content\/uploads\/sites\/70\/2020\/11\/ulriksdaljessica-carlsson-platsansvarig-1024x1373.jpg 1024w, https:\/\/pysslingen.se\/wp-content\/uploads\/sites\/70\/2020\/11\/ulriksdaljessica-carlsson-platsansvarig-1100x1474.jpg 1100w, https:\/\/pysslingen.se\/wp-content\/uploads\/sites\/70\/2020\/11\/ulriksdaljessica-carlsson-platsansvarig-500x670.jpg 500w\" \/>\n\t\t\t\t\t\t<\/div>\n\t\t\t\t\t<\/article>\n\t\t\t\t<\/li>\n\t\t\t\t\t<\/ul>\n\n\t\t\n\t\t    <div class=\"ams-contact__more u-inline-items js-load-more-btn\">\n        <button href=\"#\"\n                class=\"c-btn\"\n                data-style=\"rounded\"\n                data-size=\"md\"\n                data-width=\"full-mobile\"\n                data-variant=\"outline\">\n        \tVisa mer\n        <\/button>\n    <\/div>\n\n\t\t\t<\/div>\n\n\t\t\n\n<\/section>\n\n\n\n\n<section  class=\"ams-cta ams-cta--stacked c-block l-stacked\">\n\t<div class=\"l-container l-stack l-stack-fluid-2xl u-pt-fluid-md-xl u-pb-fluid-md-xl is-center is-center@md\">\n\t\t\t\t\t<div class=\"ams-cta__intro l-stack l-stack-lg\">\n\t\t\t\t\t\n\t<h2\n\tclass=\"c-heading u-font-title-1 \"\n\tstyle=\"\">\n\t\t\n\t\t\t\t\t\t\t\t\tVill du veta mer om v\u00e5r f\u00f6rskola?\n\t\t\t\t<span class=\"c-heading__sub is-below u-font-title-3\">\n\t\t\t\t\tPysslingen Ulriksdal\n\t\t\t\t<\/span>\n\t\t\t\t\t\t\t\n\t<\/h2>\n\n\t\t\t\t\t\t\t<\/div>\n\t\t\n\t\t\n\t\t\t<div class=\"ams-cta__action u-inline-items\">\n\t\t\t\t\t\t\t\n\n\n<a href=\"https:\/\/pysslingen.se\/ulriksdal\/om-forskolan\/\"\n\t\n\tclass=\"c-btn \"\n\tdata-style=\"rounded\"\n\tdata-size=\"md\"\n\tdata-width=\"full-mobile\"\n\tdata-variant=\"default\"\n\ttarget=\"_self\">\n\t\t\t<span class=\"label\"> L\u00e4s mer om f\u00f6rskolan<\/span>\n\t\t\t<\/a>\n\t\t\t<\/div>\n\t<\/div>\n\n\t\t\n\n<\/section>\n","protected":false},"excerpt":{"rendered":"","protected":false},"author":99,"featured_media":0,"parent":0,"menu_order":0,"comment_status":"closed","ping_status":"closed","template":"","meta":{"footnotes":""},"yoast_head":"<!-- This site is optimized with the Yoast SEO plugin v22.0 - https:\/\/yoast.com\/wordpress\/plugins\/seo\/ -->\n<title>Ulriksdal<\/title>\n<meta name=\"robots\" content=\"index, follow, max-snippet:-1, max-image-preview:large, max-video-preview:-1\" \/>\n<link rel=\"canonical\" href=\"https:\/\/pysslingen.se\/ulriksdal\/simskola\/\" \/>\n<meta property=\"og:locale\" content=\"sv_SE\" \/>\n<meta property=\"og:type\" content=\"article\" \/>\n<meta property=\"og:url\" content=\"https:\/\/pysslingen.se\/ulriksdal\/simskola\/\" \/>\n<meta property=\"og:site_name\" content=\"Ulriksdal\" \/>\n<meta property=\"article:modified_time\" content=\"2025-07-14T07:20:19+00:00\" \/>\n<meta name=\"twitter:card\" content=\"summary_large_image\" \/>\n<script type=\"application\/ld+json\" class=\"yoast-schema-graph\">{\"@context\":\"https:\/\/schema.org\",\"@graph\":[{\"@type\":\"WebPage\",\"@id\":\"https:\/\/pysslingen.se\/ulriksdal\/simskola\/\",\"url\":\"https:\/\/pysslingen.se\/ulriksdal\/simskola\/\",\"name\":\"Simskola - Ulriksdal\",\"isPartOf\":{\"@id\":\"https:\/\/pysslingen.se\/ulriksdal\/#website\"},\"datePublished\":\"2025-07-14T07:08:33+00:00\",\"dateModified\":\"2025-07-14T07:20:19+00:00\",\"breadcrumb\":{\"@id\":\"https:\/\/pysslingen.se\/ulriksdal\/simskola\/#breadcrumb\"},\"inLanguage\":\"sv-SE\",\"potentialAction\":[{\"@type\":\"ReadAction\",\"target\":[\"https:\/\/pysslingen.se\/ulriksdal\/simskola\/\"]}]},{\"@type\":\"BreadcrumbList\",\"@id\":\"https:\/\/pysslingen.se\/ulriksdal\/simskola\/#breadcrumb\",\"itemListElement\":[{\"@type\":\"ListItem\",\"position\":1,\"name\":\"Start\",\"item\":\"https:\/\/pysslingen.se\/ulriksdal\/\"},{\"@type\":\"ListItem\",\"position\":2,\"name\":\"Simskola\"}]},{\"@type\":\"WebSite\",\"@id\":\"https:\/\/pysslingen.se\/ulriksdal\/#website\",\"url\":\"https:\/\/pysslingen.se\/ulriksdal\/\",\"name\":\"Ulriksdal\",\"description\":\"En trygg och stimulerande v\u00e4rld\",\"publisher\":{\"@id\":\"https:\/\/pysslingen.se\/ulriksdal\/#organization\"},\"potentialAction\":[{\"@type\":\"SearchAction\",\"target\":{\"@type\":\"EntryPoint\",\"urlTemplate\":\"https:\/\/pysslingen.se\/ulriksdal\/?s={search_term_string}\"},\"query-input\":\"required name=search_term_string\"}],\"inLanguage\":\"sv-SE\"},{\"@type\":\"Organization\",\"@id\":\"https:\/\/pysslingen.se\/ulriksdal\/#organization\",\"name\":\"Pysslingen F\u00f6rskolor\",\"url\":\"https:\/\/pysslingen.se\/ulriksdal\/\",\"logo\":{\"@type\":\"ImageObject\",\"inLanguage\":\"sv-SE\",\"@id\":\"https:\/\/pysslingen.se\/ulriksdal\/#\/schema\/logo\/image\/\",\"url\":\"https:\/\/pysslingen.se\/wp-content\/uploads\/2021\/05\/pysslingen-forskolor.png\",\"contentUrl\":\"https:\/\/pysslingen.se\/wp-content\/uploads\/2021\/05\/pysslingen-forskolor.png\",\"width\":1120,\"height\":630,\"caption\":\"Pysslingen F\u00f6rskolor\"},\"image\":{\"@id\":\"https:\/\/pysslingen.se\/ulriksdal\/#\/schema\/logo\/image\/\"}}]}<\/script>\n<!-- \/ Yoast SEO plugin. -->","yoast_head_json":{"title":"Ulriksdal","robots":{"index":"index","follow":"follow","max-snippet":"max-snippet:-1","max-image-preview":"max-image-preview:large","max-video-preview":"max-video-preview:-1"},"canonical":"https:\/\/pysslingen.se\/ulriksdal\/simskola\/","og_locale":"sv_SE","og_type":"article","og_url":"https:\/\/pysslingen.se\/ulriksdal\/simskola\/","og_site_name":"Ulriksdal","article_modified_time":"2025-07-14T07:20:19+00:00","twitter_card":"summary_large_image","schema":{"@context":"https:\/\/schema.org","@graph":[{"@type":"WebPage","@id":"https:\/\/pysslingen.se\/ulriksdal\/simskola\/","url":"https:\/\/pysslingen.se\/ulriksdal\/simskola\/","name":"Simskola - Ulriksdal","isPartOf":{"@id":"https:\/\/pysslingen.se\/ulriksdal\/#website"},"datePublished":"2025-07-14T07:08:33+00:00","dateModified":"2025-07-14T07:20:19+00:00","breadcrumb":{"@id":"https:\/\/pysslingen.se\/ulriksdal\/simskola\/#breadcrumb"},"inLanguage":"sv-SE","potentialAction":[{"@type":"ReadAction","target":["https:\/\/pysslingen.se\/ulriksdal\/simskola\/"]}]},{"@type":"BreadcrumbList","@id":"https:\/\/pysslingen.se\/ulriksdal\/simskola\/#breadcrumb","itemListElement":[{"@type":"ListItem","position":1,"name":"Start","item":"https:\/\/pysslingen.se\/ulriksdal\/"},{"@type":"ListItem","position":2,"name":"Simskola"}]},{"@type":"WebSite","@id":"https:\/\/pysslingen.se\/ulriksdal\/#website","url":"https:\/\/pysslingen.se\/ulriksdal\/","name":"Ulriksdal","description":"En trygg och stimulerande v\u00e4rld","publisher":{"@id":"https:\/\/pysslingen.se\/ulriksdal\/#organization"},"potentialAction":[{"@type":"SearchAction","target":{"@type":"EntryPoint","urlTemplate":"https:\/\/pysslingen.se\/ulriksdal\/?s={search_term_string}"},"query-input":"required name=search_term_string"}],"inLanguage":"sv-SE"},{"@type":"Organization","@id":"https:\/\/pysslingen.se\/ulriksdal\/#organization","name":"Pysslingen F\u00f6rskolor","url":"https:\/\/pysslingen.se\/ulriksdal\/","logo":{"@type":"ImageObject","inLanguage":"sv-SE","@id":"https:\/\/pysslingen.se\/ulriksdal\/#\/schema\/logo\/image\/","url":"https:\/\/pysslingen.se\/wp-content\/uploads\/2021\/05\/pysslingen-forskolor.png","contentUrl":"https:\/\/pysslingen.se\/wp-content\/uploads\/2021\/05\/pysslingen-forskolor.png","width":1120,"height":630,"caption":"Pysslingen F\u00f6rskolor"},"image":{"@id":"https:\/\/pysslingen.se\/ulriksdal\/#\/schema\/logo\/image\/"}}]}},"_links":{"self":[{"href":"https:\/\/pysslingen.se\/ulriksdal\/wp-json\/wp\/v2\/pages\/1553"}],"collection":[{"href":"https:\/\/pysslingen.se\/ulriksdal\/wp-json\/wp\/v2\/pages"}],"about":[{"href":"https:\/\/pysslingen.se\/ulriksdal\/wp-json\/wp\/v2\/types\/page"}],"author":[{"embeddable":true,"href":"https:\/\/pysslingen.se\/ulriksdal\/wp-json\/wp\/v2\/users\/99"}],"replies":[{"embeddable":true,"href":"https:\/\/pysslingen.se\/ulriksdal\/wp-json\/wp\/v2\/comments?post=1553"}],"version-history":[{"count":4,"href":"https:\/\/pysslingen.se\/ulriksdal\/wp-json\/wp\/v2\/pages\/1553\/revisions"}],"predecessor-version":[{"id":1562,"href":"https:\/\/pysslingen.se\/ulriksdal\/wp-json\/wp\/v2\/pages\/1553\/revisions\/1562"}],"wp:attachment":[{"href":"https:\/\/pysslingen.se\/ulriksdal\/wp-json\/wp\/v2\/media?parent=1553"}],"curies":[{"name":"wp","href":"https:\/\/api.w.org\/{rel}","templated":true}]}}