{"id":668,"date":"2020-10-22T15:00:28","date_gmt":"2020-10-22T15:00:28","guid":{"rendered":"https:\/\/pysslingen.se\/typografen\/?page_id=668"},"modified":"2025-04-28T15:19:29","modified_gmt":"2025-04-28T13:19:29","slug":"skolforberedande","status":"publish","type":"page","link":"https:\/\/pysslingen.se\/typografen\/skolforberedande\/","title":{"rendered":"Skolf\u00f6rberedande"},"content":{"rendered":"\n<h1 class=\"wp-block-heading\">De \u00e4ldsta barnen p\u00e5 Typografen deltar i skolf\u00f6rberedande aktiviteter<\/h1>\n\n\n\n\t<div class=\"module_wrapper ams_remote_pages_module \">\n\t\t\t\t\t\t\t<div class=\"container core-paragraph\">\n\t\t\t\t\t\t<div class=\"row\">\n\t\t\t\t\t\t\t<div class=\"col-12\">\n\t\t\t\t\t\t\t\t\n<p class=\"has-text-align-left\">Barnets sista \u00e5r i f\u00f6rskolan \u00e4r ett annorlunda \u00e5r f\u00f6r hela familjen. Att vara \u00e4ldst p\u00e5 f\u00f6rskolan och veta att man snart ska b\u00f6rja f\u00f6rskoleklass \u00e4r en speciell period i ditt barns liv. Det kan ocks\u00e5 k\u00e4nnas speciellt f\u00f6r dig som v\u00e5rdnadshavare till ett blivande skolbarn. Du kanske undrar om ditt barn f\u00e5tt med sig vad det beh\u00f6ver f\u00f6r att klara av att b\u00f6rja f\u00f6rskoleklass.<\/p>\n\t\t\t\t\t\t\t<\/div>\n\t\t\t\t\t\t<\/div>\n\t\t\t\t\t<\/div>\n\t\t\t\t\t\n\t\n\t\n\t\n\n\t\n\t\n\t\t\n<section  class=\"c-block l-stacked  \" data-color-scheme=\"1527\">\n\t<div class=\"ams-fifty ams-fifty--container ams-fifty--left ams-fifty--top l-container u-pt-fluid-md-xl u-pb-fluid-md-xl\">\n\t\t<div class=\"ams-fifty__content l-stack l-stack-xl is-left is-left@lg\">\n\t\t\t<div class=\"ams-fifty__text l-stack l-stack-lg\">\n\t\t\t\t\t\n\t<h2\n\tclass=\"c-heading u-font-title-1 \"\n\tstyle=\"\">\n\t\t\n\t\t\t\t\tSista \u00e5ret p\u00e5 f\u00f6rskolan\n\t\t\t\t\n\t<\/h2>\n\n\t\t\t\t\t\t\t\t\t<div class=\"text l-stack u-font-body\">\n\t\t\t\t\t\t<p>F\u00f6r oss \u00e4r det viktigt att ditt barn \u00e4r rustat p\u00e5 b\u00e4sta m\u00f6jliga s\u00e4tt n\u00e4r det l\u00e4mnar f\u00f6rskolans v\u00e4rld och att \u00f6verg\u00e5ngen till f\u00f6rskoleklass k\u00e4nns trygg f\u00f6r b\u00e5de f\u00f6r dig och ditt barn. Alla barn ska ha ett likv\u00e4rdigt sista \u00e5r oavsett vilken Pysslingen-f\u00f6rskola de g\u00e5r i. Under sista \u00e5ret p\u00e5 f\u00f6rskolan sker t\u00e4t kontakt mellan f\u00f6rskolan och hemmet f\u00f6r att kunna samverka om de fr\u00e5gor och funderingar som kan uppst\u00e5 hos b\u00e5de barn och v\u00e5rdnadshavare.<\/p>\n<p>Vid v\u00e5rterminens slut ser vi till att barnen som l\u00e4mnar f\u00f6rskolan blir ordentligt firade, uppm\u00e4rksammade och avtackade i samband med f\u00f6rskolans \u00e5rliga sommarfest. Under firandet f\u00e5r ditt barn ta emot ett diplom f\u00f6r att minnas f\u00f6rskole\u00e5ren. Nu \u00e4r ditt barn redo f\u00f6r att ta n\u00e4sta stora steg i sitt liv, att b\u00f6rja f\u00f6rskoleklass!<\/p>\n\n\t\t\t\t\t<\/div>\n\t\t\t\t\t\t\t<\/div>\n\n\t\t\t\t\t<\/div>\n\n\t\t <div class=\"ams-fifty__media u-ratio-landscape\">\n\t\t \t\t\t\t\t<img decoding=\"async\" width=\"600\" height=\"608\" src=\"https:\/\/pysslingen.se\/wp-content\/uploads\/2023\/11\/pyss-och-ling-abc-e1701181880733.jpg\" class=\"attachment-md size-md\" alt=\"Pyss och Ling med ABC-b\u00f6cker\" sizes=\"(min-width: 64em) 600px, calc(100vw - 160px)\" srcset=\"https:\/\/pysslingen.se\/wp-content\/uploads\/2023\/11\/pyss-och-ling-abc-e1701181880733.jpg 948w, https:\/\/pysslingen.se\/wp-content\/uploads\/2023\/11\/pyss-och-ling-abc-e1701181880733-296x300.jpg 296w, https:\/\/pysslingen.se\/wp-content\/uploads\/2023\/11\/pyss-och-ling-abc-e1701181880733-768x779.jpg 768w, https:\/\/pysslingen.se\/wp-content\/uploads\/2023\/11\/pyss-och-ling-abc-e1701181880733-500x507.jpg 500w, https:\/\/pysslingen.se\/wp-content\/uploads\/2023\/11\/pyss-och-ling-abc-e1701181880733-226x229.jpg 226w, https:\/\/pysslingen.se\/wp-content\/uploads\/2023\/11\/pyss-och-ling-abc-e1701181880733-340x345.jpg 340w, https:\/\/pysslingen.se\/wp-content\/uploads\/2023\/11\/pyss-och-ling-abc-e1701181880733-661x670.jpg 661w, https:\/\/pysslingen.se\/wp-content\/uploads\/2023\/11\/pyss-och-ling-abc-e1701181880733-100x100.jpg 100w\" \/>\n\t\t\t\n\t\t\t\n\t\t\t\t\t<\/div>\n\t<\/div>\n\n\t\t\n\n<\/section>\n\n\t\n\t\n\t\n\n\t\n\t\n\t\t\n<section  class=\"c-block l-stacked  \" data-color-scheme=\"1527\">\n\t<div class=\"ams-fifty ams-fifty--container ams-fifty--right ams-fifty--top l-container u-pt-fluid-md-xl u-pb-fluid-md-xl\">\n\t\t<div class=\"ams-fifty__content l-stack l-stack-xl is-left is-left@lg\">\n\t\t\t<div class=\"ams-fifty__text l-stack l-stack-lg\">\n\t\t\t\t\t\n\t<h2\n\tclass=\"c-heading u-font-title-1 \"\n\tstyle=\"\">\n\t\t\n\t\t\t\t\tUppdrag med olika teman \n\t\t\t\t\n\t<\/h2>\n\n\t\t\t\t\t\t\t\t\t<div class=\"text l-stack u-font-body\">\n\t\t\t\t\t\t<p>Som en del av f\u00f6rberedelsen inf\u00f6r \u00f6verg\u00e5ngen till f\u00f6rskoleklass, f\u00e5r ditt barn utf\u00f6ra olika uppdrag under sitt sista \u00e5r hos oss. Uppdragen \u00e4r speciellt utformade f\u00f6r f\u00f6rskolans \u00e4ldsta barn och inneb\u00e4r att barnet f\u00e5r axla ett lite st\u00f6rre ansvar f\u00f6r att utveckla sin sj\u00e4lvst\u00e4ndighet och tillit till sin egen f\u00f6rm\u00e5ga.<\/p>\n<p>Uppdragen har tre olika teman &#8211; h\u00e5llbarhet med aktiviteter som odling och att leka milj\u00f6detektiv, spr\u00e5kutveckling med ABC-\u00e4ventyr och r\u00f6relse i Pyss &amp; Lings idrottsklubb. H\u00e4r tr\u00e4nar vi p\u00e5 f\u00f6rm\u00e5gor s\u00e5som att skriva, tala, \u00e5terber\u00e4tta, argumentera, samarbeta och l\u00f6sa problem. I b\u00f6rjan av \u00e5ret f\u00e5r ditt barn tr\u00e4ffa v\u00e5ra maskotar Pyss &amp; Ling som delar ut uppdrag och tillh\u00f6rande material. Under \u00e5ret deltar barnet i uppdragen tillsammans med sina j\u00e4mn\u00e5riga kompisar och sina pedagoger.<\/p>\n\n\t\t\t\t\t<\/div>\n\t\t\t\t\t\t\t<\/div>\n\n\t\t\t\t\t<\/div>\n\n\t\t <div class=\"ams-fifty__media u-ratio-landscape\">\n\t\t \t\t\t\t\t<img decoding=\"async\" width=\"600\" height=\"400\" src=\"https:\/\/pysslingen.se\/wp-content\/uploads\/2024\/09\/idrottsklubben-600x400.jpg\" class=\"attachment-md size-md\" alt=\"flicka springer med stafettpinne medan andra barn tittar p\u00e5\" sizes=\"(min-width: 64em) 600px, calc(100vw - 160px)\" srcset=\"https:\/\/pysslingen.se\/wp-content\/uploads\/2024\/09\/idrottsklubben-600x400.jpg 600w, https:\/\/pysslingen.se\/wp-content\/uploads\/2024\/09\/idrottsklubben-300x200.jpg 300w, https:\/\/pysslingen.se\/wp-content\/uploads\/2024\/09\/idrottsklubben-400x267.jpg 400w, https:\/\/pysslingen.se\/wp-content\/uploads\/2024\/09\/idrottsklubben-800x533.jpg 800w, https:\/\/pysslingen.se\/wp-content\/uploads\/2024\/09\/idrottsklubben-1024x683.jpg 1024w, https:\/\/pysslingen.se\/wp-content\/uploads\/2024\/09\/idrottsklubben-1200x800.jpg 1200w, https:\/\/pysslingen.se\/wp-content\/uploads\/2024\/09\/idrottsklubben.jpg 1500w\" \/>\n\t\t\t\n\t\t\t\n\t\t\t\t\t<\/div>\n\t<\/div>\n\n\t\t\n\n<\/section>\n\t<\/div>\n\n\t\n\n\n\n<section  class=\"ams-cta ams-cta--stacked c-block l-stacked\">\n\t<div class=\"l-container l-stack l-stack-fluid-2xl u-pt-fluid-3xl-6xl u-pb-fluid-3xl-6xl is-center is-center@md\">\n\t\t\t\t\t<div class=\"ams-cta__intro l-stack l-stack-lg\">\n\t\t\t\t\t\n\t<h2\n\tclass=\"c-heading u-font-title-1 \"\n\tstyle=\"\">\n\t\t\n\t\t\t\t\tAlla v\u00e5ra barn f\u00e5r tillg\u00e5ng till ett digitalt bibliotek hemma\n\t\t\t\t\n\t<\/h2>\n\n\t\t\t\t\t\t\t<\/div>\n\t\t\n\t\t\n\t\t\t<div class=\"ams-cta__action u-inline-items\">\n\t\t\t\t\t\t\t\n\n\n<a href=\"https:\/\/pysslingen.se\/typografen\/sprakstimulans\/\"\n\t\n\tclass=\"c-btn \"\n\tdata-style=\"rounded\"\n\tdata-size=\"md\"\n\tdata-width=\"full-mobile\"\n\tdata-variant=\"default\"\n\ttarget=\"_self\">\n\t\t\t<span class=\"label\"> L\u00e4s mer om spr\u00e5kstimulans<\/span>\n\t\t\t<\/a>\n\t\t\t<\/div>\n\t<\/div>\n\n\t\t\n\n<\/section>\n","protected":false},"excerpt":{"rendered":"<p>De \u00e4ldsta barnen p\u00e5 Typografen deltar i skolf\u00f6rberedande aktiviteter<\/p>\n","protected":false},"author":5,"featured_media":0,"parent":0,"menu_order":0,"comment_status":"closed","ping_status":"closed","template":"","meta":{"footnotes":""},"yoast_head":"<!-- This site is optimized with the Yoast SEO plugin v22.0 - https:\/\/yoast.com\/wordpress\/plugins\/seo\/ -->\n<title>De \u00e4ldsta barnen p\u00e5 Typografen deltar i skolf\u00f6rberedande aktiviteter<\/title>\n<meta name=\"description\" content=\"Att vara \u00e4ldst p\u00e5 f\u00f6rskolan och veta att man snart ska b\u00f6rja f\u00f6rskoleklass \u00e4r en speciell period i ditt barns liv.\" \/>\n<meta name=\"robots\" content=\"index, follow, max-snippet:-1, max-image-preview:large, max-video-preview:-1\" \/>\n<link rel=\"canonical\" href=\"https:\/\/pysslingen.se\/typografen\/skolforberedande\/\" \/>\n<meta property=\"og:locale\" content=\"sv_SE\" \/>\n<meta property=\"og:type\" content=\"article\" \/>\n<meta property=\"og:title\" content=\"De \u00e4ldsta barnen p\u00e5 Typografen deltar i skolf\u00f6rberedande aktiviteter\" \/>\n<meta property=\"og:description\" content=\"Att vara \u00e4ldst p\u00e5 f\u00f6rskolan och veta att man snart ska b\u00f6rja f\u00f6rskoleklass \u00e4r en speciell period i ditt barns liv.\" \/>\n<meta property=\"og:url\" content=\"https:\/\/pysslingen.se\/typografen\/skolforberedande\/\" \/>\n<meta property=\"og:site_name\" content=\"Typografen\" \/>\n<meta property=\"article:modified_time\" content=\"2025-04-28T13:19:29+00:00\" \/>\n<meta name=\"twitter:card\" content=\"summary_large_image\" \/>\n<meta name=\"twitter:title\" content=\"De \u00e4ldsta barnen p\u00e5 Typografen deltar i skolf\u00f6rberedande aktiviteter\" \/>\n<meta name=\"twitter:description\" content=\"Att vara \u00e4ldst p\u00e5 f\u00f6rskolan och veta att man snart ska b\u00f6rja f\u00f6rskoleklass \u00e4r en speciell period i ditt barns liv.\" \/>\n<meta name=\"twitter:label1\" content=\"Ber\u00e4knad l\u00e4stid\" \/>\n\t<meta name=\"twitter:data1\" content=\"1 minut\" \/>\n<script type=\"application\/ld+json\" class=\"yoast-schema-graph\">{\"@context\":\"https:\/\/schema.org\",\"@graph\":[{\"@type\":\"WebPage\",\"@id\":\"https:\/\/pysslingen.se\/typografen\/skolforberedande\/\",\"url\":\"https:\/\/pysslingen.se\/typografen\/skolforberedande\/\",\"name\":\"De \u00e4ldsta barnen p\u00e5 Typografen deltar i skolf\u00f6rberedande aktiviteter\",\"isPartOf\":{\"@id\":\"https:\/\/pysslingen.se\/typografen\/#website\"},\"datePublished\":\"2020-10-22T15:00:28+00:00\",\"dateModified\":\"2025-04-28T13:19:29+00:00\",\"description\":\"Att vara \u00e4ldst p\u00e5 f\u00f6rskolan och veta att man snart ska b\u00f6rja f\u00f6rskoleklass \u00e4r en speciell period i ditt barns liv.\",\"breadcrumb\":{\"@id\":\"https:\/\/pysslingen.se\/typografen\/skolforberedande\/#breadcrumb\"},\"inLanguage\":\"sv-SE\",\"potentialAction\":[{\"@type\":\"ReadAction\",\"target\":[\"https:\/\/pysslingen.se\/typografen\/skolforberedande\/\"]}]},{\"@type\":\"BreadcrumbList\",\"@id\":\"https:\/\/pysslingen.se\/typografen\/skolforberedande\/#breadcrumb\",\"itemListElement\":[{\"@type\":\"ListItem\",\"position\":1,\"name\":\"Start\",\"item\":\"https:\/\/pysslingen.se\/typografen\/\"},{\"@type\":\"ListItem\",\"position\":2,\"name\":\"Skolf\u00f6rberedande\"}]},{\"@type\":\"WebSite\",\"@id\":\"https:\/\/pysslingen.se\/typografen\/#website\",\"url\":\"https:\/\/pysslingen.se\/typografen\/\",\"name\":\"Typografen\",\"description\":\"En trygg och stimulerande v\u00e4rld\",\"publisher\":{\"@id\":\"https:\/\/pysslingen.se\/typografen\/#organization\"},\"potentialAction\":[{\"@type\":\"SearchAction\",\"target\":{\"@type\":\"EntryPoint\",\"urlTemplate\":\"https:\/\/pysslingen.se\/typografen\/?s={search_term_string}\"},\"query-input\":\"required name=search_term_string\"}],\"inLanguage\":\"sv-SE\"},{\"@type\":\"Organization\",\"@id\":\"https:\/\/pysslingen.se\/typografen\/#organization\",\"name\":\"Pysslingen F\u00f6rskolor\",\"url\":\"https:\/\/pysslingen.se\/typografen\/\",\"logo\":{\"@type\":\"ImageObject\",\"inLanguage\":\"sv-SE\",\"@id\":\"https:\/\/pysslingen.se\/typografen\/#\/schema\/logo\/image\/\",\"url\":\"https:\/\/pysslingen.se\/wp-content\/uploads\/2021\/05\/pysslingen-forskolor.png\",\"contentUrl\":\"https:\/\/pysslingen.se\/wp-content\/uploads\/2021\/05\/pysslingen-forskolor.png\",\"width\":1120,\"height\":630,\"caption\":\"Pysslingen F\u00f6rskolor\"},\"image\":{\"@id\":\"https:\/\/pysslingen.se\/typografen\/#\/schema\/logo\/image\/\"}}]}<\/script>\n<!-- \/ Yoast SEO plugin. -->","yoast_head_json":{"title":"De \u00e4ldsta barnen p\u00e5 Typografen deltar i skolf\u00f6rberedande aktiviteter","description":"Att vara \u00e4ldst p\u00e5 f\u00f6rskolan och veta att man snart ska b\u00f6rja f\u00f6rskoleklass \u00e4r en speciell period i ditt barns liv.","robots":{"index":"index","follow":"follow","max-snippet":"max-snippet:-1","max-image-preview":"max-image-preview:large","max-video-preview":"max-video-preview:-1"},"canonical":"https:\/\/pysslingen.se\/typografen\/skolforberedande\/","og_locale":"sv_SE","og_type":"article","og_title":"De \u00e4ldsta barnen p\u00e5 Typografen deltar i skolf\u00f6rberedande aktiviteter","og_description":"Att vara \u00e4ldst p\u00e5 f\u00f6rskolan och veta att man snart ska b\u00f6rja f\u00f6rskoleklass \u00e4r en speciell period i ditt barns liv.","og_url":"https:\/\/pysslingen.se\/typografen\/skolforberedande\/","og_site_name":"Typografen","article_modified_time":"2025-04-28T13:19:29+00:00","twitter_card":"summary_large_image","twitter_title":"De \u00e4ldsta barnen p\u00e5 Typografen deltar i skolf\u00f6rberedande aktiviteter","twitter_description":"Att vara \u00e4ldst p\u00e5 f\u00f6rskolan och veta att man snart ska b\u00f6rja f\u00f6rskoleklass \u00e4r en speciell period i ditt barns liv.","twitter_misc":{"Ber\u00e4knad l\u00e4stid":"1 minut"},"schema":{"@context":"https:\/\/schema.org","@graph":[{"@type":"WebPage","@id":"https:\/\/pysslingen.se\/typografen\/skolforberedande\/","url":"https:\/\/pysslingen.se\/typografen\/skolforberedande\/","name":"De \u00e4ldsta barnen p\u00e5 Typografen deltar i skolf\u00f6rberedande aktiviteter","isPartOf":{"@id":"https:\/\/pysslingen.se\/typografen\/#website"},"datePublished":"2020-10-22T15:00:28+00:00","dateModified":"2025-04-28T13:19:29+00:00","description":"Att vara \u00e4ldst p\u00e5 f\u00f6rskolan och veta att man snart ska b\u00f6rja f\u00f6rskoleklass \u00e4r en speciell period i ditt barns liv.","breadcrumb":{"@id":"https:\/\/pysslingen.se\/typografen\/skolforberedande\/#breadcrumb"},"inLanguage":"sv-SE","potentialAction":[{"@type":"ReadAction","target":["https:\/\/pysslingen.se\/typografen\/skolforberedande\/"]}]},{"@type":"BreadcrumbList","@id":"https:\/\/pysslingen.se\/typografen\/skolforberedande\/#breadcrumb","itemListElement":[{"@type":"ListItem","position":1,"name":"Start","item":"https:\/\/pysslingen.se\/typografen\/"},{"@type":"ListItem","position":2,"name":"Skolf\u00f6rberedande"}]},{"@type":"WebSite","@id":"https:\/\/pysslingen.se\/typografen\/#website","url":"https:\/\/pysslingen.se\/typografen\/","name":"Typografen","description":"En trygg och stimulerande v\u00e4rld","publisher":{"@id":"https:\/\/pysslingen.se\/typografen\/#organization"},"potentialAction":[{"@type":"SearchAction","target":{"@type":"EntryPoint","urlTemplate":"https:\/\/pysslingen.se\/typografen\/?s={search_term_string}"},"query-input":"required name=search_term_string"}],"inLanguage":"sv-SE"},{"@type":"Organization","@id":"https:\/\/pysslingen.se\/typografen\/#organization","name":"Pysslingen F\u00f6rskolor","url":"https:\/\/pysslingen.se\/typografen\/","logo":{"@type":"ImageObject","inLanguage":"sv-SE","@id":"https:\/\/pysslingen.se\/typografen\/#\/schema\/logo\/image\/","url":"https:\/\/pysslingen.se\/wp-content\/uploads\/2021\/05\/pysslingen-forskolor.png","contentUrl":"https:\/\/pysslingen.se\/wp-content\/uploads\/2021\/05\/pysslingen-forskolor.png","width":1120,"height":630,"caption":"Pysslingen F\u00f6rskolor"},"image":{"@id":"https:\/\/pysslingen.se\/typografen\/#\/schema\/logo\/image\/"}}]}},"_links":{"self":[{"href":"https:\/\/pysslingen.se\/typografen\/wp-json\/wp\/v2\/pages\/668"}],"collection":[{"href":"https:\/\/pysslingen.se\/typografen\/wp-json\/wp\/v2\/pages"}],"about":[{"href":"https:\/\/pysslingen.se\/typografen\/wp-json\/wp\/v2\/types\/page"}],"author":[{"embeddable":true,"href":"https:\/\/pysslingen.se\/typografen\/wp-json\/wp\/v2\/users\/5"}],"replies":[{"embeddable":true,"href":"https:\/\/pysslingen.se\/typografen\/wp-json\/wp\/v2\/comments?post=668"}],"version-history":[{"count":10,"href":"https:\/\/pysslingen.se\/typografen\/wp-json\/wp\/v2\/pages\/668\/revisions"}],"predecessor-version":[{"id":1702,"href":"https:\/\/pysslingen.se\/typografen\/wp-json\/wp\/v2\/pages\/668\/revisions\/1702"}],"wp:attachment":[{"href":"https:\/\/pysslingen.se\/typografen\/wp-json\/wp\/v2\/media?parent=668"}],"curies":[{"name":"wp","href":"https:\/\/api.w.org\/{rel}","templated":true}]}}