{"id":29,"date":"2020-09-29T09:21:48","date_gmt":"2020-09-29T09:21:48","guid":{"rendered":"https:\/\/pysslingen.se\/typografen\/?page_id=29"},"modified":"2026-03-11T11:58:15","modified_gmt":"2026-03-11T10:58:15","slug":"resultat","status":"publish","type":"page","link":"https:\/\/pysslingen.se\/typografen\/resultat\/","title":{"rendered":"Resultat"},"content":{"rendered":"\n<h1 class=\"wp-block-heading\">S\u00e5 utvecklar vi f\u00f6rskolan Typografen med hj\u00e4lp av v\u00e5rdnadshavarnas \u00e5terkoppling<\/h1>\n\n\n\n<p   class=\"site__ingress container text-left  site__text-color--dark  site__free_text--ingress p-0\">\n\tI b\u00f6rjan av varje \u00e5r ber vi dig som v\u00e5rdnadshavare att besvara en enk\u00e4t om hur du upplever v\u00e5r verksamhet. Resultatet ligger sedan till grund f\u00f6r f\u00f6rskolans utvecklingsarbete under resten av \u00e5ret.<\/p>\n\n\n\n\n\n<div style=\"height:20px\" aria-hidden=\"true\" class=\"wp-block-spacer\"><\/div>\n\n\n\n<h2 class=\"wp-block-heading\">Vad visar \u00e5rets sammanst\u00e4llning av f\u00f6rskolan Typografen?<\/h2>\n\n\n\n<p>\u00c5rets resultat visar att v\u00e5ra v\u00e5rdnadshavare anser att deras barn trivs och k\u00e4nner sig trygga p\u00e5 f\u00f6rskolan. De upplever ocks\u00e5 att vi ger barnen goda f\u00f6ruts\u00e4ttningar att stimulera sin spr\u00e5kutveckling, vilket \u00e4r gl\u00e4djande.<\/p>\n\n\n\n<p>Vi har ocks\u00e5 identifierat ett par f\u00f6rb\u00e4ttringsomr\u00e5den som vi kommer att arbeta vidare med under \u00e5ret. Det g\u00e4ller dels att forts\u00e4tta utveckla v\u00e5ra utomhusmilj\u00f6er s\u00e5 att de stimulerar till lek och l\u00e4rande. Vi ser ocks\u00e5 att vi beh\u00f6ver bli b\u00e4ttre p\u00e5 att ge tydlig och regelbunden information om barnens utveckling.<\/p>\n\n\n\n<p>Vi kommer att dela information om enk\u00e4tresultaten med alla v\u00e5rdnadshavare.<\/p>\n\n\n<section \n\tclass=\"ams-info-graph  c-block l-stacked  \"\n\tdata-color-scheme=\"\">\n\t<div\n\t\tclass=\"l-stack l-stack-fluid-2xl u-pt-fluid-3xl-6xl u-pb-fluid-3xl-6xl is-center is-center@md\">\n\t\t\n\t\t\n\t\t<ul class=\"ams-info-graph__list l-grid u-justify-start\">\n\t\t\t\t\t\t\t\t\t\n\t\t\t\t\t\t\t<li \n\t\t\t\t\tdata-color-scheme=\"\"\n\t\t\t\t\tdata-color-scheme-mobile=\"\"\n\t\t\t\t\tclass=\"c-ig c-ig--graph l-col-6@md\">\n\n\t\t\t\t\t\t\t\t\t\t\t\t\t\t<h2 class=\"c-ig__title u-font-title-3\">\n\t\t\t\t\t\t\tN\u00f6jd v\u00e5rdnadshavare \n\t\t\t\t\t\t<\/h2>\n\t\n\t\n\t\n\t\t\t<div class=\"c-ig__text l-stack-xs u-font-body\">\n\t\t\t<p>Jag \u00e4r n\u00f6jd med mitt barns f\u00f6rskola<\/p>\n\n\t\t<\/div>\n\t\n\t\t\t<div\n\t\t\tclass=\"c-ig__graph\"\n\t\t\tdata-type=\"bar\"\n\t\t\tdata-show-legend=\"1\"\n\t\t\tdata-ispercent=\"\"\n\t\t\tdata-y-axis-range=\"eyJtaW4iOiIwIiwibWF4IjoiMTAwIn0=\"\n\t\t\tdata-items-config=\"W3siY29sb3IiOiIjZTYzYzUwIiwibGFiZWwiOiIyMDI0In0seyJjb2xvciI6IiNmZjYyNTAiLCJsYWJlbCI6IjIwMjUifSx7ImNvbG9yIjoiI2U2M2M1MCIsImxhYmVsIjoiMjAyNiJ9XQ==\"\n\t\t\tdata-items=\"W3sibGFiZWwiOiIiLCJ2YWx1ZXMiOlt7InZhbHVlIjoiOTUifSx7InZhbHVlIjoiOTIifSx7InZhbHVlIjoiODcifV19XQ==\"\n\t\t\tdata-color-legend=\"var(--ig-text-color)\"\n\t\t\tdata-css-font=\"var(--ig-font-family)\"\n\t\t><\/div>\n\t\n\t\t\t\t\t\n\t\t\t\t<\/li>\n\t\t\t\t\t\t\t<li \n\t\t\t\t\tdata-color-scheme=\"\"\n\t\t\t\t\tdata-color-scheme-mobile=\"\"\n\t\t\t\t\tclass=\"c-ig c-ig--graph l-col-6@md\">\n\n\t\t\t\t\t\t\t\t\t\t\t\t\t\t<h2 class=\"c-ig__title u-font-title-3\">\n\t\t\t\t\t\t\tTrygghetsgrad\n\t\t\t\t\t\t<\/h2>\n\t\n\t\n\t\n\t\t\t<div class=\"c-ig__text l-stack-xs u-font-body\">\n\t\t\t<p>Mitt barn k\u00e4nner sig tryggt i f\u00f6rskolan<\/p>\n\n\t\t<\/div>\n\t\n\t\t\t<div\n\t\t\tclass=\"c-ig__graph\"\n\t\t\tdata-type=\"bar\"\n\t\t\tdata-show-legend=\"1\"\n\t\t\tdata-ispercent=\"\"\n\t\t\tdata-y-axis-range=\"eyJtaW4iOiIwIiwibWF4IjoiMTAwIn0=\"\n\t\t\tdata-items-config=\"W3siY29sb3IiOiIjMDA0MTc4IiwibGFiZWwiOiIyMDI0In0seyJjb2xvciI6IiMzMmEwZjAiLCJsYWJlbCI6IjIwMjUifSx7ImNvbG9yIjoiIzAwNDE3OCIsImxhYmVsIjoiMjAyNiJ9XQ==\"\n\t\t\tdata-items=\"W3sibGFiZWwiOiIiLCJ2YWx1ZXMiOlt7InZhbHVlIjoiOTcifSx7InZhbHVlIjoiOTEifSx7InZhbHVlIjoiOTIifV19XQ==\"\n\t\t\tdata-color-legend=\"var(--ig-text-color)\"\n\t\t\tdata-css-font=\"var(--ig-font-family)\"\n\t\t><\/div>\n\t\n\t\t\t\t\t\n\t\t\t\t<\/li>\n\t\t\t\t\t<\/ul>\n\t<\/div>\n\n\t\t\n\n\n<\/section>\n\n\t\n\t\n\t\n\t\n\t\n\n<section \n\tclass=\"ams-info-graph  c-block l-stacked  \"\n\tdata-color-scheme=\"\">\n\t<div\n\t\tclass=\"l-stack l-stack-fluid-2xl u-pt-fluid-3xl-6xl u-pb-fluid-3xl-6xl is-center is-center@md\">\n\t\t\n\t\t\n\t\t<ul class=\"ams-info-graph__list l-grid u-justify-start\">\n\t\t\t\t\t\t\t\t\t\n\t\t\t\t\t\t\t<li \n\t\t\t\t\tdata-color-scheme=\"\"\n\t\t\t\t\tdata-color-scheme-mobile=\"\"\n\t\t\t\t\tclass=\"c-ig c-ig--graph l-col-6@md\">\n\n\t\t\t\t\t\t\t\t\t\t\t\t\t\t<h2 class=\"c-ig__title u-font-title-3\">\n\t\t\t\t\t\t\tStimulerande l\u00e4rmilj\u00f6\n\t\t\t\t\t\t<\/h2>\n\t\n\t\n\t\n\t\t\t<div class=\"c-ig__text l-stack-xs u-font-body\">\n\t\t\t<p><strong>Inomhusmilj\u00f6n p\u00e5 mitt barns f\u00f6rskola stimulerar till lek och l\u00e4rande<\/strong><\/p>\n\n\t\t<\/div>\n\t\n\t\t\t<div\n\t\t\tclass=\"c-ig__graph\"\n\t\t\tdata-type=\"bar\"\n\t\t\tdata-show-legend=\"1\"\n\t\t\tdata-ispercent=\"\"\n\t\t\tdata-y-axis-range=\"eyJtaW4iOiIwIiwibWF4IjoiMTAwIn0=\"\n\t\t\tdata-items-config=\"W3siY29sb3IiOiIjZmZhMDMyIiwibGFiZWwiOiIyMDI0In0seyJjb2xvciI6IiNmZmM4MjgiLCJsYWJlbCI6IjIwMjUifSx7ImNvbG9yIjoiI2ZmYTAzMiIsImxhYmVsIjoiMjAyNiJ9XQ==\"\n\t\t\tdata-items=\"W3sibGFiZWwiOiIiLCJ2YWx1ZXMiOlt7InZhbHVlIjoiOTMifSx7InZhbHVlIjoiODMifSx7InZhbHVlIjoiODYifV19XQ==\"\n\t\t\tdata-color-legend=\"var(--ig-text-color)\"\n\t\t\tdata-css-font=\"var(--ig-font-family)\"\n\t\t><\/div>\n\t\n\t\t\t\t\t\n\t\t\t\t<\/li>\n\t\t\t\t\t\t\t<li \n\t\t\t\t\tdata-color-scheme=\"\"\n\t\t\t\t\tdata-color-scheme-mobile=\"\"\n\t\t\t\t\tclass=\"c-ig c-ig--graph l-col-6@md\">\n\n\t\t\t\t\t\t\t\t\t\t\t\t\t\t<h2 class=\"c-ig__title u-font-title-3\">\n\t\t\t\t\t\t\tPedagogerna bidrar\n\t\t\t\t\t\t<\/h2>\n\t\n\t\n\t\n\t\t\t<div class=\"c-ig__text l-stack-xs u-font-body\">\n\t\t\t<p><strong>Pedagogerna bidrar positivt till mitt barns inl\u00e4rning och utveckling<\/strong><\/p>\n\n\t\t<\/div>\n\t\n\t\t\t<div\n\t\t\tclass=\"c-ig__graph\"\n\t\t\tdata-type=\"bar\"\n\t\t\tdata-show-legend=\"1\"\n\t\t\tdata-ispercent=\"\"\n\t\t\tdata-y-axis-range=\"eyJtaW4iOiIwIiwibWF4IjoiMTAwIn0=\"\n\t\t\tdata-items-config=\"W3siY29sb3IiOiIjNzM0OWU2IiwibGFiZWwiOiIyMDI0In0seyJjb2xvciI6IiNhMzYzZTIiLCJsYWJlbCI6IjIwMjUifSx7ImNvbG9yIjoiIzczNDllNiIsImxhYmVsIjoiMjAyNiJ9XQ==\"\n\t\t\tdata-items=\"W3sibGFiZWwiOiIiLCJ2YWx1ZXMiOlt7InZhbHVlIjoiOTcifSx7InZhbHVlIjoiOTIifSx7InZhbHVlIjoiOTMifV19XQ==\"\n\t\t\tdata-color-legend=\"var(--ig-text-color)\"\n\t\t\tdata-css-font=\"var(--ig-font-family)\"\n\t\t><\/div>\n\t\n\t\t\t\t\t\n\t\t\t\t<\/li>\n\t\t\t\t\t<\/ul>\n\t<\/div>\n\n\t\t\n\n\n<\/section>\n\n\t\n\t\n\t\n\t\n\t","protected":false},"excerpt":{"rendered":"<p>S\u00e5 utvecklar vi f\u00f6rskolan Typografen med hj\u00e4lp av v\u00e5rdnadshavarnas \u00e5terkoppling Vad visar \u00e5rets sammanst\u00e4llning av f\u00f6rskolan Typografen? \u00c5rets resultat visar att v\u00e5ra v\u00e5rdnadshavare anser att deras barn trivs och k\u00e4nner sig trygga p\u00e5 f\u00f6rskolan. De upplever ocks\u00e5 att vi ger barnen goda f\u00f6ruts\u00e4ttningar att stimulera sin spr\u00e5kutveckling, vilket \u00e4r gl\u00e4djande. Vi har ocks\u00e5 identifierat ett&#8230;<\/p>\n","protected":false},"author":3,"featured_media":0,"parent":0,"menu_order":0,"comment_status":"closed","ping_status":"closed","template":"","meta":{"footnotes":""},"yoast_head":"<!-- This site is optimized with the Yoast SEO plugin v22.0 - https:\/\/yoast.com\/wordpress\/plugins\/seo\/ -->\n<title>Resultat i v\u00e5rdnadshavarunders\u00f6kning p\u00e5 F\u00f6rskolan Typografen<\/title>\n<meta name=\"description\" content=\"Resultatet ligger till grund f\u00f6r f\u00f6rskolans utvecklingsarbete. L\u00e4s mer om \u00e5rets resultat p\u00e5 Typografen h\u00e4r.\" \/>\n<meta name=\"robots\" content=\"index, follow, max-snippet:-1, max-image-preview:large, max-video-preview:-1\" \/>\n<link rel=\"canonical\" href=\"https:\/\/pysslingen.se\/typografen\/resultat\/\" \/>\n<meta property=\"og:locale\" content=\"sv_SE\" \/>\n<meta property=\"og:type\" content=\"article\" \/>\n<meta property=\"og:title\" content=\"Resultat i v\u00e5rdnadshavarunders\u00f6kning p\u00e5 F\u00f6rskolan Typografen\" \/>\n<meta property=\"og:description\" content=\"Resultatet ligger till grund f\u00f6r f\u00f6rskolans utvecklingsarbete. L\u00e4s mer om \u00e5rets resultat p\u00e5 Typografen h\u00e4r.\" \/>\n<meta property=\"og:url\" content=\"https:\/\/pysslingen.se\/typografen\/resultat\/\" \/>\n<meta property=\"og:site_name\" content=\"Typografen\" \/>\n<meta property=\"article:modified_time\" content=\"2026-03-11T10:58:15+00:00\" \/>\n<meta name=\"twitter:card\" content=\"summary_large_image\" \/>\n<meta name=\"twitter:title\" content=\"Resultat i v\u00e5rdnadshavarunders\u00f6kning p\u00e5 F\u00f6rskolan Typografen\" \/>\n<meta name=\"twitter:description\" content=\"Resultatet ligger till grund f\u00f6r f\u00f6rskolans utvecklingsarbete. L\u00e4s mer om \u00e5rets resultat p\u00e5 Typografen h\u00e4r.\" \/>\n<meta name=\"twitter:label1\" content=\"Ber\u00e4knad l\u00e4stid\" \/>\n\t<meta name=\"twitter:data1\" content=\"1 minut\" \/>\n<script type=\"application\/ld+json\" class=\"yoast-schema-graph\">{\"@context\":\"https:\/\/schema.org\",\"@graph\":[{\"@type\":\"WebPage\",\"@id\":\"https:\/\/pysslingen.se\/typografen\/resultat\/\",\"url\":\"https:\/\/pysslingen.se\/typografen\/resultat\/\",\"name\":\"Resultat i v\u00e5rdnadshavarunders\u00f6kning p\u00e5 F\u00f6rskolan Typografen\",\"isPartOf\":{\"@id\":\"https:\/\/pysslingen.se\/typografen\/#website\"},\"datePublished\":\"2020-09-29T09:21:48+00:00\",\"dateModified\":\"2026-03-11T10:58:15+00:00\",\"description\":\"Resultatet ligger till grund f\u00f6r f\u00f6rskolans utvecklingsarbete. L\u00e4s mer om \u00e5rets resultat p\u00e5 Typografen h\u00e4r.\",\"breadcrumb\":{\"@id\":\"https:\/\/pysslingen.se\/typografen\/resultat\/#breadcrumb\"},\"inLanguage\":\"sv-SE\",\"potentialAction\":[{\"@type\":\"ReadAction\",\"target\":[\"https:\/\/pysslingen.se\/typografen\/resultat\/\"]}]},{\"@type\":\"BreadcrumbList\",\"@id\":\"https:\/\/pysslingen.se\/typografen\/resultat\/#breadcrumb\",\"itemListElement\":[{\"@type\":\"ListItem\",\"position\":1,\"name\":\"Start\",\"item\":\"https:\/\/pysslingen.se\/typografen\/\"},{\"@type\":\"ListItem\",\"position\":2,\"name\":\"Resultat\"}]},{\"@type\":\"WebSite\",\"@id\":\"https:\/\/pysslingen.se\/typografen\/#website\",\"url\":\"https:\/\/pysslingen.se\/typografen\/\",\"name\":\"Typografen\",\"description\":\"En trygg och stimulerande v\u00e4rld\",\"publisher\":{\"@id\":\"https:\/\/pysslingen.se\/typografen\/#organization\"},\"potentialAction\":[{\"@type\":\"SearchAction\",\"target\":{\"@type\":\"EntryPoint\",\"urlTemplate\":\"https:\/\/pysslingen.se\/typografen\/?s={search_term_string}\"},\"query-input\":\"required name=search_term_string\"}],\"inLanguage\":\"sv-SE\"},{\"@type\":\"Organization\",\"@id\":\"https:\/\/pysslingen.se\/typografen\/#organization\",\"name\":\"Pysslingen F\u00f6rskolor\",\"url\":\"https:\/\/pysslingen.se\/typografen\/\",\"logo\":{\"@type\":\"ImageObject\",\"inLanguage\":\"sv-SE\",\"@id\":\"https:\/\/pysslingen.se\/typografen\/#\/schema\/logo\/image\/\",\"url\":\"https:\/\/pysslingen.se\/wp-content\/uploads\/2021\/05\/pysslingen-forskolor.png\",\"contentUrl\":\"https:\/\/pysslingen.se\/wp-content\/uploads\/2021\/05\/pysslingen-forskolor.png\",\"width\":1120,\"height\":630,\"caption\":\"Pysslingen F\u00f6rskolor\"},\"image\":{\"@id\":\"https:\/\/pysslingen.se\/typografen\/#\/schema\/logo\/image\/\"}}]}<\/script>\n<!-- \/ Yoast SEO plugin. -->","yoast_head_json":{"title":"Resultat i v\u00e5rdnadshavarunders\u00f6kning p\u00e5 F\u00f6rskolan Typografen","description":"Resultatet ligger till grund f\u00f6r f\u00f6rskolans utvecklingsarbete. L\u00e4s mer om \u00e5rets resultat p\u00e5 Typografen h\u00e4r.","robots":{"index":"index","follow":"follow","max-snippet":"max-snippet:-1","max-image-preview":"max-image-preview:large","max-video-preview":"max-video-preview:-1"},"canonical":"https:\/\/pysslingen.se\/typografen\/resultat\/","og_locale":"sv_SE","og_type":"article","og_title":"Resultat i v\u00e5rdnadshavarunders\u00f6kning p\u00e5 F\u00f6rskolan Typografen","og_description":"Resultatet ligger till grund f\u00f6r f\u00f6rskolans utvecklingsarbete. L\u00e4s mer om \u00e5rets resultat p\u00e5 Typografen h\u00e4r.","og_url":"https:\/\/pysslingen.se\/typografen\/resultat\/","og_site_name":"Typografen","article_modified_time":"2026-03-11T10:58:15+00:00","twitter_card":"summary_large_image","twitter_title":"Resultat i v\u00e5rdnadshavarunders\u00f6kning p\u00e5 F\u00f6rskolan Typografen","twitter_description":"Resultatet ligger till grund f\u00f6r f\u00f6rskolans utvecklingsarbete. L\u00e4s mer om \u00e5rets resultat p\u00e5 Typografen h\u00e4r.","twitter_misc":{"Ber\u00e4knad l\u00e4stid":"1 minut"},"schema":{"@context":"https:\/\/schema.org","@graph":[{"@type":"WebPage","@id":"https:\/\/pysslingen.se\/typografen\/resultat\/","url":"https:\/\/pysslingen.se\/typografen\/resultat\/","name":"Resultat i v\u00e5rdnadshavarunders\u00f6kning p\u00e5 F\u00f6rskolan Typografen","isPartOf":{"@id":"https:\/\/pysslingen.se\/typografen\/#website"},"datePublished":"2020-09-29T09:21:48+00:00","dateModified":"2026-03-11T10:58:15+00:00","description":"Resultatet ligger till grund f\u00f6r f\u00f6rskolans utvecklingsarbete. L\u00e4s mer om \u00e5rets resultat p\u00e5 Typografen h\u00e4r.","breadcrumb":{"@id":"https:\/\/pysslingen.se\/typografen\/resultat\/#breadcrumb"},"inLanguage":"sv-SE","potentialAction":[{"@type":"ReadAction","target":["https:\/\/pysslingen.se\/typografen\/resultat\/"]}]},{"@type":"BreadcrumbList","@id":"https:\/\/pysslingen.se\/typografen\/resultat\/#breadcrumb","itemListElement":[{"@type":"ListItem","position":1,"name":"Start","item":"https:\/\/pysslingen.se\/typografen\/"},{"@type":"ListItem","position":2,"name":"Resultat"}]},{"@type":"WebSite","@id":"https:\/\/pysslingen.se\/typografen\/#website","url":"https:\/\/pysslingen.se\/typografen\/","name":"Typografen","description":"En trygg och stimulerande v\u00e4rld","publisher":{"@id":"https:\/\/pysslingen.se\/typografen\/#organization"},"potentialAction":[{"@type":"SearchAction","target":{"@type":"EntryPoint","urlTemplate":"https:\/\/pysslingen.se\/typografen\/?s={search_term_string}"},"query-input":"required name=search_term_string"}],"inLanguage":"sv-SE"},{"@type":"Organization","@id":"https:\/\/pysslingen.se\/typografen\/#organization","name":"Pysslingen F\u00f6rskolor","url":"https:\/\/pysslingen.se\/typografen\/","logo":{"@type":"ImageObject","inLanguage":"sv-SE","@id":"https:\/\/pysslingen.se\/typografen\/#\/schema\/logo\/image\/","url":"https:\/\/pysslingen.se\/wp-content\/uploads\/2021\/05\/pysslingen-forskolor.png","contentUrl":"https:\/\/pysslingen.se\/wp-content\/uploads\/2021\/05\/pysslingen-forskolor.png","width":1120,"height":630,"caption":"Pysslingen F\u00f6rskolor"},"image":{"@id":"https:\/\/pysslingen.se\/typografen\/#\/schema\/logo\/image\/"}}]}},"_links":{"self":[{"href":"https:\/\/pysslingen.se\/typografen\/wp-json\/wp\/v2\/pages\/29"}],"collection":[{"href":"https:\/\/pysslingen.se\/typografen\/wp-json\/wp\/v2\/pages"}],"about":[{"href":"https:\/\/pysslingen.se\/typografen\/wp-json\/wp\/v2\/types\/page"}],"author":[{"embeddable":true,"href":"https:\/\/pysslingen.se\/typografen\/wp-json\/wp\/v2\/users\/3"}],"replies":[{"embeddable":true,"href":"https:\/\/pysslingen.se\/typografen\/wp-json\/wp\/v2\/comments?post=29"}],"version-history":[{"count":10,"href":"https:\/\/pysslingen.se\/typografen\/wp-json\/wp\/v2\/pages\/29\/revisions"}],"predecessor-version":[{"id":1881,"href":"https:\/\/pysslingen.se\/typografen\/wp-json\/wp\/v2\/pages\/29\/revisions\/1881"}],"wp:attachment":[{"href":"https:\/\/pysslingen.se\/typografen\/wp-json\/wp\/v2\/media?parent=29"}],"curies":[{"name":"wp","href":"https:\/\/api.w.org\/{rel}","templated":true}]}}