{"id":1414,"date":"2022-09-09T06:37:10","date_gmt":"2022-09-09T06:37:10","guid":{"rendered":"https:\/\/pysslingen.se\/trollstugan\/?page_id=1414"},"modified":"2026-01-22T09:43:20","modified_gmt":"2026-01-22T08:43:20","slug":"besok-oss","status":"publish","type":"page","link":"https:\/\/pysslingen.se\/trollstugan\/besok-oss\/","title":{"rendered":"Bes\u00f6k oss"},"content":{"rendered":"\n\t\n\t\n\t\n\n\t\n\t\n\t\t\n<section  class=\"c-block l-stacked  \" data-color-scheme=\"\">\n\t<div class=\"ams-fifty ams-fifty--container ams-fifty--right ams-fifty--bottom l-container u-pt-fluid-3xl-6xl u-pb-fluid-md-xl\">\n\t\t<div class=\"ams-fifty__content l-stack l-stack-xl is-left is-left@lg\">\n\t\t\t<div class=\"ams-fifty__text l-stack l-stack-lg\">\n\t\t\t\t\t\n\t<h1\n\tclass=\"c-heading u-font-title-1 \"\n\tstyle=\"\">\n\t\t\n\t\t\t\t\tBes\u00f6k oss p\u00e5 f\u00f6rskolan Trollstugan!\n\t\t\t\t\n\t<\/h1>\n\n\t\t\t\t\t\t\t\t\t<div class=\"text l-stack u-font-body\">\n\t\t\t\t\t\t<p>Varmt v\u00e4lkomna att bes\u00f6ka oss p\u00e5 Trollstugans f\u00f6rskola i \u00c5rsta! Vi erbjuder visning av f\u00f6rskolan f\u00f6r att du ska f\u00e5 en b\u00e4ttre uppfattning om v\u00e5r fina verksamhet.<\/p>\n<p><strong>\u00d6ppen visning<\/strong><br \/>\nSista tisdagen varje m\u00e5nad har vi \u00f6ppen visning mellan kl. 09:00-09:30. Visningar under v\u00e5ren 2026:<br \/>\n27 januari<br \/>\n24 februari<br \/>\n31 mars<br \/>\n28 april<br \/>\n26 maj<\/p>\n\n\t\t\t\t\t<\/div>\n\t\t\t\t\t\t\t<\/div>\n\n\t\t\t\t<div class=\"ams-fifty__action u-inline-items\">\n\t\t\t\t\t\t\t\n\n\n<a href=\"https:\/\/pysslingen.se\/trollstugan\/besok-oss\/#kontakt\"\n\t\n\tclass=\"c-btn \"\n\tdata-style=\"rounded\"\n\tdata-size=\"md\"\n\tdata-width=\"full-mobile\"\n\tdata-variant=\"default\"\n\ttarget=\"_self\">\n\t\t\t<span class=\"label\"> Boka visning<\/span>\n\t\t\t<\/a>\n\t\t\t\t\t\t\t\n\n\n<a href=\"https:\/\/pysslingen.se\/trollstugan\/kontakt\/\"\n\t\n\tclass=\"c-btn \"\n\tdata-style=\"rounded\"\n\tdata-size=\"md\"\n\tdata-width=\"full-mobile\"\n\tdata-variant=\"outline\"\n\ttarget=\"_self\">\n\t\t\t<span class=\"label\"> Kontakta oss<\/span>\n\t\t\t<\/a>\n\t\t\t<\/div>\n\t\t<\/div>\n\n\t\t <div class=\"ams-fifty__media u-ratio-landscape\">\n\t\t \t\t\t\t\t<img decoding=\"async\" width=\"600\" height=\"399\" src=\"https:\/\/pysslingen.se\/wp-content\/uploads\/sites\/105\/2020\/12\/trollstuganbesok-oss.jpg\" class=\"attachment-md size-md\" alt=\"Fasaden p\u00e5 Trollstugans f\u00f6rskola.\" sizes=\"(min-width: 64em) 600px, calc(100vw - 160px)\" srcset=\"https:\/\/pysslingen.se\/wp-content\/uploads\/sites\/105\/2020\/12\/trollstuganbesok-oss.jpg 1024w, https:\/\/pysslingen.se\/wp-content\/uploads\/sites\/105\/2020\/12\/trollstuganbesok-oss-300x200.jpg 300w, https:\/\/pysslingen.se\/wp-content\/uploads\/sites\/105\/2020\/12\/trollstuganbesok-oss-768x511.jpg 768w, https:\/\/pysslingen.se\/wp-content\/uploads\/sites\/105\/2020\/12\/trollstuganbesok-oss-1000x665.jpg 1000w\" \/>\n\t\t\t\n\t\t\t\n\t\t\t\t\t<\/div>\n\t<\/div>\n\n\t\t\n\n<\/section>\n\n\n\n\t\n\t\n\t\n\n\t\n\t\n\t\t\n<section  class=\"c-block l-stacked  \" data-color-scheme=\"nyans2_av_p2-card-bakgrund-hover-standard_standard\">\n\t<div class=\"ams-fifty ams-fifty--container ams-fifty--left ams-fifty--bottom l-container u-pt-fluid-md-xl u-pb-fluid-md-xl\">\n\t\t<div class=\"ams-fifty__content l-stack l-stack-xl is-left is-left@lg\">\n\t\t\t<div class=\"ams-fifty__text l-stack l-stack-lg\">\n\t\t\t\t\t\n\t<h2\n\tclass=\"c-heading u-font-title-1 \"\n\tstyle=\"\">\n\t\t\n\t\t\t\t\tVad inneb\u00e4r en visning?\n\t\t\t\t\n\t<\/h2>\n\n\t\t\t\t\t\t\t\t\t<div class=\"text l-stack u-font-body\">\n\t\t\t\t\t\t<p>Under visningen visar en samordnare runt dig i v\u00e5ra lokaler och ber\u00e4ttar hur vi arbetar f\u00f6r att skapa en trygg och l\u00e4rorik vardag f\u00f6r v\u00e5ra barn.<\/p>\n<p><strong>Tre anledningar att boka en visning av f\u00f6rskolan:<\/strong><br \/>\n&#8211; F\u00e5 en k\u00e4nsla f\u00f6r v\u00e5ra lokaler och milj\u00f6n p\u00e5 f\u00f6rskolan<br \/>\n&#8211; St\u00e4ll dina fr\u00e5gor direkt till en pedagog<br \/>\n&#8211; Se hur vi jobbar med trygghet och l\u00e4rande fr\u00e5n introduktionen till sista \u00e5ret p\u00e5 f\u00f6rskolan.<\/p>\n\n\t\t\t\t\t<\/div>\n\t\t\t\t\t\t\t<\/div>\n\n\t\t\t\t\t<\/div>\n\n\t\t <div class=\"ams-fifty__media u-ratio-landscape\">\n\t\t \t\t\t\t\t<img decoding=\"async\" width=\"600\" height=\"400\" src=\"https:\/\/pysslingen.se\/wp-content\/uploads\/sites\/105\/2020\/11\/natur-flicka-3.jpg\" class=\"attachment-md size-md\" alt=\"Flicka vattnar plantor\" sizes=\"(min-width: 64em) 600px, calc(100vw - 160px)\" srcset=\"https:\/\/pysslingen.se\/wp-content\/uploads\/sites\/105\/2020\/11\/natur-flicka-3.jpg 1000w, https:\/\/pysslingen.se\/wp-content\/uploads\/sites\/105\/2020\/11\/natur-flicka-3-300x200.jpg 300w, https:\/\/pysslingen.se\/wp-content\/uploads\/sites\/105\/2020\/11\/natur-flicka-3-768x512.jpg 768w\" \/>\n\t\t\t\n\t\t\t\n\t\t\t\t\t<\/div>\n\t<\/div>\n\n\t\t\n\n<\/section>\n\n\n\n<section id=kontakt\n\t\t class=\"\n\t\t ams-contact\n\t\t \n\t\t c-block l-stacked\n\t\t \n\t\t \n\t\t js-load-more\n\t\t \"\n\t\t data-color-scheme=\"\"\n\t\t\t\t\tdata-count=\"3\"\n\t\t\t\t\t\t\tdata-count-mobile=\"2\"\n\t\t\t\t>\n\t<div\n\t\t class=\"\n\t\t l-container\n\t\t l-stack l-stack-fluid-2xl\n\t\t u-pt-fluid-3xl-6xl\n\t\t u-pb-fluid-3xl-6xl\n\t\t is-center\n\t\t is-center@md\n\t\t \">\n\t\t\t\t\t<div class=\"ams-contact__intro l-stack l-stack-lg\">\n\t\t\t\t\t\n\t<h2\n\tclass=\"c-heading u-font-title-1 \"\n\tstyle=\"\">\n\t\t\n\t\t\t\t\tBoka visning: \n\t\t\t\t\n\t<\/h2>\n\n\t\t\t\t\t\t\t\t\t<div class=\"c-text l-stack u-cs-xl u-font-body\">\n\t\t\t\t\t\t<p>Har du n\u00e5gra fr\u00e5gor om verksamheten \u00e4r du v\u00e4lkommen att kontakta v\u00e5r samordnare.<\/p>\n\n\t\t\t\t\t<\/div>\n\t\t\t\t\t\t\t<\/div>\n\t\t\n\t\t\n\t\t    \t\n\t\t\n\t\t<ul\n\t\t\tid=\"contact-grid-69e1a0e4218c6\"\n\t\t\tclass=\"ams-contact__list l-grid u-gap-fluid-2xl-4xl u-justify-center js-results \"\n\t\t\taria-label=\"Kontakter\"\n\t\t\tdata-filter-animation=\"off\"\n\t\t\t>\n\t\t\t\t\t\t\t\t\t\t\t\n\t\t\t\t\n\t\t\t\t<li class=\"l-col-6@md l-col-4@lg \" data-filter=\"samordnare\">\n\t\t\t\t\t<article class=\"c-card \" data-variant=\"neutral\">\n\t\t\t\t\t\t<div class=\"c-card__content u-text-center\">\n\t\t\t\t\t\t\t\t\t\t\t\t\t\t\t<h3 class=\"c-card__title u-font-title-3\">\n\t\t\t\t\t\t\t\t\tErmelinda Ndoshaj\n\t\t\t\t\t\t\t\t<\/h3>\n\t\t\t\t\t\t\t\n\t\t\t\t\t\t\t\t\t\t\t\t\t\t\t<p class=\"position u-font-body\">Samordnare<\/p>\n\t\t\t\t\t\t\t\n\t\t\t\t\t\t\t\t\t\t\t\t\t\t\t<div class=\"contact-info u-font-body\">\n\t\t\t\t\t\t\t\t\t\t\t\t\t\t\t\t\t\t\t\t\t\t\t\t\t\t\t\t\t\t<p class=\"phone\"><a\n\t\t\t\t\t\t\t\t\t\t\t\t\thref=\"tel:086326350\"\n\t\t\t\t\t\t\t\t\t\t\t\t\tclass=\"u-text-link\">08-632 63 50<\/a>\n\t\t\t\t\t\t\t\t\t\t\t<\/p>\n\t\t\t\t\t\t\t\t\t\t\t\t\t\t\t\t\t\t\t\n\t\t\t\t\t\t\t\t\t\t\t\t\t\t\t\t\t\t\t\t\t\t\t\t\t\t\t\t\t\t<p class=\"email\"><a\n\t\t\t\t\t\t\t\t\t\t\t\t\thref=\"m&#097;&#105;&#108;to:&#101;&#114;&#109;&#101;l&#105;nd&#097;.n&#100;&#111;sh&#097;&#106;&#064;&#112;y&#115;&#115;&#108;&#105;&#110;&#103;e&#110;&#046;se\"\n\t\t\t\t\t\t\t\t\t\t\t\t\tclass=\"u-text-link\">er&#109;&#101;li&#110;&#100;a.nd&#111;&#115;ha&#106;&#064;&#112;&#121;ss&#108;&#105;&#110;&#103;&#101;n.&#115;e<\/a>\n\t\t\t\t\t\t\t\t\t\t\t<\/p>\n\t\t\t\t\t\t\t\t\t\t\t\t\t\t\t\t\t\t\t\t\t\t\t\t\t\t\t<\/div>\n\t\t\t\t\t\t\t\n\t\t\t\t\t\t\t\t\t\t\t\t\t<\/div>\n\t\t\t\t\t\t<div class=\"c-card__media\">\n\t\t\t\t\t\t\t\t\t\t\t\t\t\t\t\t\t\t\t\t\t\t\t\t\t\t\t\t\t\t\t\t\t\t\t\t\t\t\t\t\t\t\t\t\t\t\t\t\t<img decoding=\"async\" width=\"400\" height=\"444\" src=\"https:\/\/pysslingen.se\/wp-content\/uploads\/sites\/105\/2020\/12\/ermelinda88-e1755762821949-400x444.jpeg\" class=\"u-radius-rounded u-ratio-landscape  \" alt=\"Portr\u00e4ttbild av medarbetare.\" sizes=\"(max-width: 300px) 100vw, 300px\" srcset=\"https:\/\/pysslingen.se\/wp-content\/uploads\/sites\/105\/2020\/12\/ermelinda88-e1755762821949-400x444.jpeg 400w, https:\/\/pysslingen.se\/wp-content\/uploads\/sites\/105\/2020\/12\/ermelinda88-e1755762821949-300x333.jpeg 300w, https:\/\/pysslingen.se\/wp-content\/uploads\/sites\/105\/2020\/12\/ermelinda88-e1755762821949-600x666.jpeg 600w, https:\/\/pysslingen.se\/wp-content\/uploads\/sites\/105\/2020\/12\/ermelinda88-e1755762821949-800x888.jpeg 800w, https:\/\/pysslingen.se\/wp-content\/uploads\/sites\/105\/2020\/12\/ermelinda88-e1755762821949-1024x1137.jpeg 1024w, https:\/\/pysslingen.se\/wp-content\/uploads\/sites\/105\/2020\/12\/ermelinda88-e1755762821949-1200x1332.jpeg 1200w, https:\/\/pysslingen.se\/wp-content\/uploads\/sites\/105\/2020\/12\/ermelinda88-e1755762821949.jpeg 1640w\" \/>\n\t\t\t\t\t\t<\/div>\n\t\t\t\t\t<\/article>\n\t\t\t\t<\/li>\n\t\t\t\t\t\t\t\t\t\t\t\n\t\t\t\t\n\t\t\t\t<li class=\"l-col-6@md l-col-4@lg \" data-filter=\"samordnare\">\n\t\t\t\t\t<article class=\"c-card \" data-variant=\"neutral\">\n\t\t\t\t\t\t<div class=\"c-card__content u-text-center\">\n\t\t\t\t\t\t\t\t\t\t\t\t\t\t\t<h3 class=\"c-card__title u-font-title-3\">\n\t\t\t\t\t\t\t\t\tJosephine Groth\n\t\t\t\t\t\t\t\t<\/h3>\n\t\t\t\t\t\t\t\n\t\t\t\t\t\t\t\t\t\t\t\t\t\t\t<p class=\"position u-font-body\">Samordnare<\/p>\n\t\t\t\t\t\t\t\n\t\t\t\t\t\t\t\t\t\t\t\t\t\t\t<div class=\"contact-info u-font-body\">\n\t\t\t\t\t\t\t\t\t\t\t\t\t\t\t\t\t\t\t\t\t\t\t\t\t\t\t\t\t\t<p class=\"phone\"><a\n\t\t\t\t\t\t\t\t\t\t\t\t\thref=\"tel:0730620661\"\n\t\t\t\t\t\t\t\t\t\t\t\t\tclass=\"u-text-link\">073-062 06 61<\/a>\n\t\t\t\t\t\t\t\t\t\t\t<\/p>\n\t\t\t\t\t\t\t\t\t\t\t\t\t\t\t\t\t\t\t\n\t\t\t\t\t\t\t\t\t\t\t\t\t\t\t\t\t\t\t\t\t\t\t\t\t\t\t\t\t\t<p class=\"email\"><a\n\t\t\t\t\t\t\t\t\t\t\t\t\thref=\"&#109;&#097;&#105;lto&#058;jos&#101;&#112;h&#105;&#110;e.g&#114;o&#116;h&#064;&#112;&#121;ss&#108;i&#110;g&#101;&#110;&#046;se\"\n\t\t\t\t\t\t\t\t\t\t\t\t\tclass=\"u-text-link\">&#106;&#111;s&#101;phi&#110;e.g&#114;&#111;&#116;h&#064;&#112;&#121;&#115;&#115;lingen&#046;&#115;e<\/a>\n\t\t\t\t\t\t\t\t\t\t\t<\/p>\n\t\t\t\t\t\t\t\t\t\t\t\t\t\t\t\t\t\t\t\t\t\t\t\t\t\t\t<\/div>\n\t\t\t\t\t\t\t\n\t\t\t\t\t\t\t\t\t\t\t\t\t<\/div>\n\t\t\t\t\t\t<div class=\"c-card__media\">\n\t\t\t\t\t\t\t\t\t\t\t\t\t\t\t\t\t\t\t\t\t\t\t\t\t\t\t\t\t\t\t\t\t\t\t\t\t\t\t\t\t\t\t\t\t\t\t\t\t<img decoding=\"async\" width=\"400\" height=\"410\" src=\"https:\/\/pysslingen.se\/wp-content\/uploads\/sites\/105\/2025\/08\/josephine-ny82-400x410.jpg\" class=\"u-radius-rounded u-ratio-landscape  \" alt=\"Portr\u00e4ttbild av medarbetare.\" sizes=\"(max-width: 300px) 100vw, 300px\" srcset=\"https:\/\/pysslingen.se\/wp-content\/uploads\/sites\/105\/2025\/08\/josephine-ny82-400x410.jpg 400w, https:\/\/pysslingen.se\/wp-content\/uploads\/sites\/105\/2025\/08\/josephine-ny82-300x308.jpg 300w, https:\/\/pysslingen.se\/wp-content\/uploads\/sites\/105\/2025\/08\/josephine-ny82-600x616.jpg 600w, https:\/\/pysslingen.se\/wp-content\/uploads\/sites\/105\/2025\/08\/josephine-ny82-800x821.jpg 800w, https:\/\/pysslingen.se\/wp-content\/uploads\/sites\/105\/2025\/08\/josephine-ny82-1024x1051.jpg 1024w, https:\/\/pysslingen.se\/wp-content\/uploads\/sites\/105\/2025\/08\/josephine-ny82-1200x1231.jpg 1200w, https:\/\/pysslingen.se\/wp-content\/uploads\/sites\/105\/2025\/08\/josephine-ny82.jpg 1296w\" \/>\n\t\t\t\t\t\t<\/div>\n\t\t\t\t\t<\/article>\n\t\t\t\t<\/li>\n\t\t\t\t\t<\/ul>\n\n\t\t\n\t\t    <div class=\"ams-contact__more u-inline-items js-load-more-btn\">\n        <button href=\"#\"\n                class=\"c-btn\"\n                data-style=\"rounded\"\n                data-size=\"md\"\n                data-width=\"full-mobile\"\n                data-variant=\"outline\">\n        \tVisa mer\n        <\/button>\n    <\/div>\n\n\t\t\t<\/div>\n\n\t\t\n\n<\/section>\n","protected":false},"excerpt":{"rendered":"","protected":false},"author":4,"featured_media":0,"parent":0,"menu_order":0,"comment_status":"closed","ping_status":"closed","template":"","meta":{"footnotes":""},"yoast_head":"<!-- This site is optimized with the Yoast SEO plugin v22.0 - https:\/\/yoast.com\/wordpress\/plugins\/seo\/ -->\n<title>Trollstugan<\/title>\n<meta name=\"description\" content=\"V\u00e4lkommen att bes\u00f6ka oss p\u00e5 f\u00f6rskolan Trollstugan! Kontakta oss om du \u00e4r intresserad av f\u00f6rskolan eller vill bes\u00f6ka oss. L\u00e4s mer!\" \/>\n<meta name=\"robots\" content=\"index, follow, max-snippet:-1, max-image-preview:large, max-video-preview:-1\" \/>\n<link rel=\"canonical\" href=\"https:\/\/pysslingen.se\/trollstugan\/besok-oss\/\" \/>\n<meta property=\"og:locale\" content=\"sv_SE\" \/>\n<meta property=\"og:type\" content=\"article\" \/>\n<meta property=\"og:description\" content=\"V\u00e4lkommen att bes\u00f6ka oss p\u00e5 f\u00f6rskolan Trollstugan! Kontakta oss om du \u00e4r intresserad av f\u00f6rskolan eller vill bes\u00f6ka oss. L\u00e4s mer!\" \/>\n<meta property=\"og:url\" content=\"https:\/\/pysslingen.se\/trollstugan\/besok-oss\/\" \/>\n<meta property=\"og:site_name\" content=\"Trollstugan\" \/>\n<meta property=\"article:modified_time\" content=\"2026-01-22T08:43:20+00:00\" \/>\n<meta name=\"twitter:card\" content=\"summary_large_image\" \/>\n<meta name=\"twitter:description\" content=\"V\u00e4lkommen att bes\u00f6ka oss p\u00e5 f\u00f6rskolan Trollstugan! Kontakta oss om du \u00e4r intresserad av f\u00f6rskolan eller vill bes\u00f6ka oss. L\u00e4s mer!\" \/>\n<script type=\"application\/ld+json\" class=\"yoast-schema-graph\">{\"@context\":\"https:\/\/schema.org\",\"@graph\":[{\"@type\":\"WebPage\",\"@id\":\"https:\/\/pysslingen.se\/trollstugan\/besok-oss\/\",\"url\":\"https:\/\/pysslingen.se\/trollstugan\/besok-oss\/\",\"name\":\"Bes\u00f6k oss - Trollstugan\",\"isPartOf\":{\"@id\":\"https:\/\/pysslingen.se\/trollstugan\/#website\"},\"datePublished\":\"2022-09-09T06:37:10+00:00\",\"dateModified\":\"2026-01-22T08:43:20+00:00\",\"description\":\"V\u00e4lkommen att bes\u00f6ka oss p\u00e5 f\u00f6rskolan Trollstugan! Kontakta oss om du \u00e4r intresserad av f\u00f6rskolan eller vill bes\u00f6ka oss. L\u00e4s mer!\",\"breadcrumb\":{\"@id\":\"https:\/\/pysslingen.se\/trollstugan\/besok-oss\/#breadcrumb\"},\"inLanguage\":\"sv-SE\",\"potentialAction\":[{\"@type\":\"ReadAction\",\"target\":[\"https:\/\/pysslingen.se\/trollstugan\/besok-oss\/\"]}]},{\"@type\":\"BreadcrumbList\",\"@id\":\"https:\/\/pysslingen.se\/trollstugan\/besok-oss\/#breadcrumb\",\"itemListElement\":[{\"@type\":\"ListItem\",\"position\":1,\"name\":\"Start\",\"item\":\"https:\/\/pysslingen.se\/trollstugan\/\"},{\"@type\":\"ListItem\",\"position\":2,\"name\":\"Bes\u00f6k oss\"}]},{\"@type\":\"WebSite\",\"@id\":\"https:\/\/pysslingen.se\/trollstugan\/#website\",\"url\":\"https:\/\/pysslingen.se\/trollstugan\/\",\"name\":\"Trollstugan\",\"description\":\"En trygg och stimulerande v\u00e4rld\",\"publisher\":{\"@id\":\"https:\/\/pysslingen.se\/trollstugan\/#organization\"},\"potentialAction\":[{\"@type\":\"SearchAction\",\"target\":{\"@type\":\"EntryPoint\",\"urlTemplate\":\"https:\/\/pysslingen.se\/trollstugan\/?s={search_term_string}\"},\"query-input\":\"required name=search_term_string\"}],\"inLanguage\":\"sv-SE\"},{\"@type\":\"Organization\",\"@id\":\"https:\/\/pysslingen.se\/trollstugan\/#organization\",\"name\":\"Pysslingen F\u00f6rskolor\",\"url\":\"https:\/\/pysslingen.se\/trollstugan\/\",\"logo\":{\"@type\":\"ImageObject\",\"inLanguage\":\"sv-SE\",\"@id\":\"https:\/\/pysslingen.se\/trollstugan\/#\/schema\/logo\/image\/\",\"url\":\"https:\/\/pysslingen.se\/wp-content\/uploads\/2021\/05\/pysslingen-forskolor.png\",\"contentUrl\":\"https:\/\/pysslingen.se\/wp-content\/uploads\/2021\/05\/pysslingen-forskolor.png\",\"width\":1120,\"height\":630,\"caption\":\"Pysslingen F\u00f6rskolor\"},\"image\":{\"@id\":\"https:\/\/pysslingen.se\/trollstugan\/#\/schema\/logo\/image\/\"}}]}<\/script>\n<!-- \/ Yoast SEO plugin. -->","yoast_head_json":{"title":"Trollstugan","description":"V\u00e4lkommen att bes\u00f6ka oss p\u00e5 f\u00f6rskolan Trollstugan! Kontakta oss om du \u00e4r intresserad av f\u00f6rskolan eller vill bes\u00f6ka oss. L\u00e4s mer!","robots":{"index":"index","follow":"follow","max-snippet":"max-snippet:-1","max-image-preview":"max-image-preview:large","max-video-preview":"max-video-preview:-1"},"canonical":"https:\/\/pysslingen.se\/trollstugan\/besok-oss\/","og_locale":"sv_SE","og_type":"article","og_description":"V\u00e4lkommen att bes\u00f6ka oss p\u00e5 f\u00f6rskolan Trollstugan! Kontakta oss om du \u00e4r intresserad av f\u00f6rskolan eller vill bes\u00f6ka oss. L\u00e4s mer!","og_url":"https:\/\/pysslingen.se\/trollstugan\/besok-oss\/","og_site_name":"Trollstugan","article_modified_time":"2026-01-22T08:43:20+00:00","twitter_card":"summary_large_image","twitter_description":"V\u00e4lkommen att bes\u00f6ka oss p\u00e5 f\u00f6rskolan Trollstugan! Kontakta oss om du \u00e4r intresserad av f\u00f6rskolan eller vill bes\u00f6ka oss. L\u00e4s mer!","schema":{"@context":"https:\/\/schema.org","@graph":[{"@type":"WebPage","@id":"https:\/\/pysslingen.se\/trollstugan\/besok-oss\/","url":"https:\/\/pysslingen.se\/trollstugan\/besok-oss\/","name":"Bes\u00f6k oss - Trollstugan","isPartOf":{"@id":"https:\/\/pysslingen.se\/trollstugan\/#website"},"datePublished":"2022-09-09T06:37:10+00:00","dateModified":"2026-01-22T08:43:20+00:00","description":"V\u00e4lkommen att bes\u00f6ka oss p\u00e5 f\u00f6rskolan Trollstugan! Kontakta oss om du \u00e4r intresserad av f\u00f6rskolan eller vill bes\u00f6ka oss. L\u00e4s mer!","breadcrumb":{"@id":"https:\/\/pysslingen.se\/trollstugan\/besok-oss\/#breadcrumb"},"inLanguage":"sv-SE","potentialAction":[{"@type":"ReadAction","target":["https:\/\/pysslingen.se\/trollstugan\/besok-oss\/"]}]},{"@type":"BreadcrumbList","@id":"https:\/\/pysslingen.se\/trollstugan\/besok-oss\/#breadcrumb","itemListElement":[{"@type":"ListItem","position":1,"name":"Start","item":"https:\/\/pysslingen.se\/trollstugan\/"},{"@type":"ListItem","position":2,"name":"Bes\u00f6k oss"}]},{"@type":"WebSite","@id":"https:\/\/pysslingen.se\/trollstugan\/#website","url":"https:\/\/pysslingen.se\/trollstugan\/","name":"Trollstugan","description":"En trygg och stimulerande v\u00e4rld","publisher":{"@id":"https:\/\/pysslingen.se\/trollstugan\/#organization"},"potentialAction":[{"@type":"SearchAction","target":{"@type":"EntryPoint","urlTemplate":"https:\/\/pysslingen.se\/trollstugan\/?s={search_term_string}"},"query-input":"required name=search_term_string"}],"inLanguage":"sv-SE"},{"@type":"Organization","@id":"https:\/\/pysslingen.se\/trollstugan\/#organization","name":"Pysslingen F\u00f6rskolor","url":"https:\/\/pysslingen.se\/trollstugan\/","logo":{"@type":"ImageObject","inLanguage":"sv-SE","@id":"https:\/\/pysslingen.se\/trollstugan\/#\/schema\/logo\/image\/","url":"https:\/\/pysslingen.se\/wp-content\/uploads\/2021\/05\/pysslingen-forskolor.png","contentUrl":"https:\/\/pysslingen.se\/wp-content\/uploads\/2021\/05\/pysslingen-forskolor.png","width":1120,"height":630,"caption":"Pysslingen F\u00f6rskolor"},"image":{"@id":"https:\/\/pysslingen.se\/trollstugan\/#\/schema\/logo\/image\/"}}]}},"_links":{"self":[{"href":"https:\/\/pysslingen.se\/trollstugan\/wp-json\/wp\/v2\/pages\/1414"}],"collection":[{"href":"https:\/\/pysslingen.se\/trollstugan\/wp-json\/wp\/v2\/pages"}],"about":[{"href":"https:\/\/pysslingen.se\/trollstugan\/wp-json\/wp\/v2\/types\/page"}],"author":[{"embeddable":true,"href":"https:\/\/pysslingen.se\/trollstugan\/wp-json\/wp\/v2\/users\/4"}],"replies":[{"embeddable":true,"href":"https:\/\/pysslingen.se\/trollstugan\/wp-json\/wp\/v2\/comments?post=1414"}],"version-history":[{"count":10,"href":"https:\/\/pysslingen.se\/trollstugan\/wp-json\/wp\/v2\/pages\/1414\/revisions"}],"predecessor-version":[{"id":1655,"href":"https:\/\/pysslingen.se\/trollstugan\/wp-json\/wp\/v2\/pages\/1414\/revisions\/1655"}],"wp:attachment":[{"href":"https:\/\/pysslingen.se\/trollstugan\/wp-json\/wp\/v2\/media?parent=1414"}],"curies":[{"name":"wp","href":"https:\/\/api.w.org\/{rel}","templated":true}]}}