{"id":461,"date":"2020-10-16T12:33:05","date_gmt":"2020-10-16T12:33:05","guid":{"rendered":"https:\/\/pysslingen.se\/trolleborgen\/?page_id=461"},"modified":"2026-02-20T16:58:18","modified_gmt":"2026-02-20T15:58:18","slug":"besok-oss","status":"publish","type":"page","link":"https:\/\/pysslingen.se\/trolleborgen\/besok-oss\/","title":{"rendered":"Bes\u00f6k oss"},"content":{"rendered":"\n\t\n\t\n\t\n\n\t\n\t\n\t\t\n<section  class=\"c-block l-stacked  \" data-color-scheme=\"\">\n\t<div class=\"ams-fifty ams-fifty--container ams-fifty--right ams-fifty--bottom l-container u-pt-fluid-3xl-6xl u-pb-fluid-md-xl\">\n\t\t<div class=\"ams-fifty__content l-stack l-stack-xl is-left is-left@lg\">\n\t\t\t<div class=\"ams-fifty__text l-stack l-stack-lg\">\n\t\t\t\t\t\n\t<h1\n\tclass=\"c-heading u-font-title-1 \"\n\tstyle=\"\">\n\t\t\n\t\t\t\t\tBes\u00f6k oss p\u00e5 Trolleborgens f\u00f6rskola\n\t\t\t\t\n\t<\/h1>\n\n\t\t\t\t\t\t\t\t\t<div class=\"text l-stack u-font-body\">\n\t\t\t\t\t\t<p style=\"text-align: left;\"><strong>Vi bjuder in till \u00f6ppen visning av f\u00f6rskolan f\u00f6ljande m\u00e5ndagar kl. 9.30:<\/strong><\/p>\n<ul>\n<li class=\"x_elementToProof\" data-olk-copy-source=\"MessageBody\">23 mars<\/li>\n<li class=\"x_elementToProof\" data-olk-copy-source=\"MessageBody\">27 april<\/li>\n<li class=\"x_elementToProof\" data-olk-copy-source=\"MessageBody\">25 maj<\/li>\n<\/ul>\n<p style=\"text-align: left;\">Kontakta v\u00e5r samordnare (se nedan) och meddela att ni kommer.<\/p>\n<p style=\"text-align: left;\">Du \u00e4r alltid v\u00e4lkommen att kontakta oss f\u00f6r att boka tid f\u00f6r <strong>visning n\u00e4r det passar dig<\/strong>. D\u00e5 f\u00e5r du i lugn och ro se v\u00e5ra milj\u00f6er, h\u00f6ra mer om v\u00e5r verksamhet och tr\u00e4ffa en av v\u00e5ra medarbetare som svarar p\u00e5 dina fr\u00e5gor.<\/p>\n\n\t\t\t\t\t<\/div>\n\t\t\t\t\t\t\t<\/div>\n\n\t\t\t\t<div class=\"ams-fifty__action u-inline-items\">\n\t\t\t\t\t\t\t\n\n\n<a href=\"https:\/\/pysslingen.se\/trolleborgen\/besok-oss\/#kontakt\"\n\t\n\tclass=\"c-btn \"\n\tdata-style=\"rounded\"\n\tdata-size=\"md\"\n\tdata-width=\"full-mobile\"\n\tdata-variant=\"default\"\n\ttarget=\"_self\">\n\t\t\t<span class=\"label\"> Boka visning<\/span>\n\t\t\t<\/a>\n\t\t\t<\/div>\n\t\t<\/div>\n\n\t\t <div class=\"ams-fifty__media u-ratio-landscape\">\n\t\t \t\t\t\t\t<img decoding=\"async\" width=\"600\" height=\"400\" src=\"https:\/\/pysslingen.se\/wp-content\/uploads\/sites\/98\/2025\/07\/fat0364-600x400.png\" class=\"attachment-md size-md\" alt=\"Uteg\u00e5rden med lekstuga och rutschkana.\" sizes=\"(min-width: 64em) 600px, calc(100vw - 160px)\" srcset=\"https:\/\/pysslingen.se\/wp-content\/uploads\/sites\/98\/2025\/07\/fat0364-600x400.png 600w, https:\/\/pysslingen.se\/wp-content\/uploads\/sites\/98\/2025\/07\/fat0364-300x200.png 300w, https:\/\/pysslingen.se\/wp-content\/uploads\/sites\/98\/2025\/07\/fat0364-400x267.png 400w, https:\/\/pysslingen.se\/wp-content\/uploads\/sites\/98\/2025\/07\/fat0364-800x534.png 800w, https:\/\/pysslingen.se\/wp-content\/uploads\/sites\/98\/2025\/07\/fat0364.png 1000w\" \/>\n\t\t\t\n\t\t\t\n\t\t\t\t\t<\/div>\n\t<\/div>\n\n\t\t\n\n<\/section>\n\n\n\n\t\n\t\n\t\n\n\t\n\t\n\t\t\n<section  class=\"c-block l-stacked  \" data-color-scheme=\"nyans2_av_p2-card-bakgrund-hover-standard_standard\">\n\t<div class=\"ams-fifty ams-fifty--container ams-fifty--left ams-fifty--bottom l-container u-pt-fluid-md-xl u-pb-fluid-md-xl\">\n\t\t<div class=\"ams-fifty__content l-stack l-stack-xl is-left is-left@lg\">\n\t\t\t<div class=\"ams-fifty__text l-stack l-stack-lg\">\n\t\t\t\t\t\n\t<h2\n\tclass=\"c-heading u-font-title-1 \"\n\tstyle=\"\">\n\t\t\n\t\t\t\t\tVad inneb\u00e4r en visning?\n\t\t\t\t\n\t<\/h2>\n\n\t\t\t\t\t\t\t\t\t<div class=\"text l-stack u-font-body\">\n\t\t\t\t\t\t<p>Under visningen visar en platsansvarig\/samordnare runt dig i v\u00e5ra lokaler och ber\u00e4ttar hur vi arbetar f\u00f6r att skapa en trygg och l\u00e4rorik vardag f\u00f6r v\u00e5ra barn.<\/p>\n<p><strong>Tre anledningar att boka en visning av f\u00f6rskolan:<\/strong><br \/>\n&#8211; F\u00e5 en k\u00e4nsla f\u00f6r v\u00e5ra lokaler och milj\u00f6n p\u00e5 f\u00f6rskolan<br \/>\n&#8211; St\u00e4ll dina fr\u00e5gor direkt till en pedagog<br \/>\n&#8211; Se hur vi jobbar med trygghet och l\u00e4rande fr\u00e5n introduktionen till sista \u00e5ret p\u00e5 f\u00f6rskolan.<\/p>\n\n\t\t\t\t\t<\/div>\n\t\t\t\t\t\t\t<\/div>\n\n\t\t\t\t\t<\/div>\n\n\t\t <div class=\"ams-fifty__media u-ratio-landscape\">\n\t\t \t\t\t\t\t<img decoding=\"async\" width=\"600\" height=\"400\" src=\"https:\/\/pysslingen.se\/wp-content\/uploads\/sites\/98\/2020\/11\/natur-flicka-3.jpg\" class=\"attachment-md size-md\" alt=\"Flicka vattnar plantor\" sizes=\"(min-width: 64em) 600px, calc(100vw - 160px)\" srcset=\"https:\/\/pysslingen.se\/wp-content\/uploads\/sites\/98\/2020\/11\/natur-flicka-3.jpg 1000w, https:\/\/pysslingen.se\/wp-content\/uploads\/sites\/98\/2020\/11\/natur-flicka-3-300x200.jpg 300w, https:\/\/pysslingen.se\/wp-content\/uploads\/sites\/98\/2020\/11\/natur-flicka-3-768x512.jpg 768w\" \/>\n\t\t\t\n\t\t\t\n\t\t\t\t\t<\/div>\n\t<\/div>\n\n\t\t\n\n<\/section>\n\n\n\n<section id=kontakt\n\t\t class=\"\n\t\t ams-contact\n\t\t \n\t\t c-block l-stacked\n\t\t \n\t\t \n\t\t js-load-more\n\t\t \"\n\t\t data-color-scheme=\"\"\n\t\t\t\t\tdata-count=\"3\"\n\t\t\t\t\t\t\tdata-count-mobile=\"2\"\n\t\t\t\t>\n\t<div\n\t\t class=\"\n\t\t l-container\n\t\t l-stack l-stack-fluid-2xl\n\t\t u-pt-fluid-md-xl\n\t\t u-pb-fluid-md-xl\n\t\t is-center\n\t\t is-center@md\n\t\t \">\n\t\t\t\t\t<div class=\"ams-contact__intro l-stack l-stack-lg\">\n\t\t\t\t\t\n\t<h2\n\tclass=\"c-heading u-font-title-1 \"\n\tstyle=\"\">\n\t\t\n\t\t\t\t\tBoka visning:\n\t\t\t\t\n\t<\/h2>\n\n\t\t\t\t\t\t\t\t\t<div class=\"c-text l-stack u-cs-xl u-font-body\">\n\t\t\t\t\t\t<p style=\"text-align: left;\">V\u00e4lkommen att kontakta v\u00e5ra samordnare f\u00f6r att boka tid f\u00f6r visning n\u00e4r det passar dig.<\/p>\n<p style=\"text-align: left;\"><!-- wp:heading --><\/p>\n\n\t\t\t\t\t<\/div>\n\t\t\t\t\t\t\t<\/div>\n\t\t\n\t\t\n\t\t    \t\n\t\t\n\t\t<ul\n\t\t\tid=\"contact-grid-69fcbd249eeed\"\n\t\t\tclass=\"ams-contact__list l-grid u-gap-fluid-2xl-4xl u-justify-center js-results \"\n\t\t\taria-label=\"Kontakter\"\n\t\t\tdata-filter-animation=\"off\"\n\t\t\t>\n\t\t\t\t\t\t\t\t\t\t\t\n\t\t\t\t\n\t\t\t\t<li class=\"l-col-6@md l-col-4@lg \" data-filter=\"samordnare\">\n\t\t\t\t\t<article class=\"c-card \" data-variant=\"neutral\">\n\t\t\t\t\t\t<div class=\"c-card__content u-text-center\">\n\t\t\t\t\t\t\t\t\t\t\t\t\t\t\t<h3 class=\"c-card__title u-font-title-3\">\n\t\t\t\t\t\t\t\t\tRonak Ghasemi\n\t\t\t\t\t\t\t\t<\/h3>\n\t\t\t\t\t\t\t\n\t\t\t\t\t\t\t\t\t\t\t\t\t\t\t<p class=\"position u-font-body\">Samordnare<\/p>\n\t\t\t\t\t\t\t\n\t\t\t\t\t\t\t\t\t\t\t\t\t\t\t<div class=\"contact-info u-font-body\">\n\t\t\t\t\t\t\t\t\t\t\t\t\t\t\t\t\t\t\t\t\t\t\t\t\t\t\t\t\t\t<p class=\"phone\"><a\n\t\t\t\t\t\t\t\t\t\t\t\t\thref=\"tel:0761091850\"\n\t\t\t\t\t\t\t\t\t\t\t\t\tclass=\"u-text-link\">076-109 18 50<\/a>\n\t\t\t\t\t\t\t\t\t\t\t<\/p>\n\t\t\t\t\t\t\t\t\t\t\t\t\t\t\t\t\t\t\t\n\t\t\t\t\t\t\t\t\t\t\t\t\t\t\t\t\t\t\t\t\t\t\t\t\t\t\t\t\t\t<p class=\"email\"><a\n\t\t\t\t\t\t\t\t\t\t\t\t\thref=\"m&#097;&#105;l&#116;o:&#114;o&#110;ak&#046;&#103;h&#097;&#115;&#101;&#109;&#105;&#064;py&#115;sl&#105;n&#103;&#101;n.se\"\n\t\t\t\t\t\t\t\t\t\t\t\t\tclass=\"u-text-link\">r&#111;n&#097;k&#046;gha&#115;&#101;m&#105;&#064;pyss&#108;&#105;ngen.s&#101;<\/a>\n\t\t\t\t\t\t\t\t\t\t\t<\/p>\n\t\t\t\t\t\t\t\t\t\t\t\t\t\t\t\t\t\t\t\t\t\t\t\t\t\t\t<\/div>\n\t\t\t\t\t\t\t\n\t\t\t\t\t\t\t\t\t\t\t\t\t<\/div>\n\t\t\t\t\t\t<div class=\"c-card__media\">\n\t\t\t\t\t\t\t\t\t\t\t\t\t\t\t\t\t\t\t\t\t\t\t\t\t\t\t\t\t\t\t\t\t\t\t\t\t\t\t\t\t\t\t\t\t\t\t\t\t\n\t\t\t\t\t\t<\/div>\n\t\t\t\t\t<\/article>\n\t\t\t\t<\/li>\n\t\t\t\t\t<\/ul>\n\n\t\t\n\t\t    <div class=\"ams-contact__more u-inline-items js-load-more-btn\">\n        <button href=\"#\"\n                class=\"c-btn\"\n                data-style=\"rounded\"\n                data-size=\"md\"\n                data-width=\"full-mobile\"\n                data-variant=\"outline\">\n        \tVisa mer\n        <\/button>\n    <\/div>\n\n\t\t\t<\/div>\n\n\t\t\n\n<\/section>\n\n\n\n\n\n<section  class=\"ams-open-house ams_open_house_event_module c-block l-stacked js-load-more\" data-color-scheme=\"open-house-yellow-background-red-cards\" data-count=\"3\" data-count-mobile=\"2\">\n\t<div class=\"l-container l-stack l-stack-fluid-2xl u-pt-fluid-3xl-6xl u-pb-fluid-3xl-6xl is-center is-center@md\">\n\t\t\t\t\t<div class=\"ams-open-house__intro l-stack l-stack-lg\">\n\t\t\t\t\t\n\t<h2\n\tclass=\"c-heading u-font-title-1 \"\n\tstyle=\"\">\n\t\t\n\t\t\t\t\t\u00d6ppet hus\n\t\t\t\t\n\t<\/h2>\n\n\t\t\t\t\t\t\t\t\t<div class=\"c-text l-stack u-cs-xl u-font-body\">\n\t\t\t\t\t\t<p>V\u00e4lkommen p\u00e5 \u00f6ppet hus p\u00e5 f\u00f6rskolan! Tr\u00e4ffa v\u00e5ra pedagoger, upplev v\u00e5r milj\u00f6 och f\u00e5 svar p\u00e5 dina fr\u00e5gor.<\/p>\n\n\t\t\t\t\t<\/div>\n\t\t\t\t\t\t\t<\/div>\n\t\t\n\t\t\n\t\n\t    \n\t\n\t\n\t\t\n\t\t<ul\n\t\t\tid=\"ams-open-house-list-69fcbd24adf68\" class=\"ams-open-house__list l-grid u-gap-2xl u-justify-center js-results  \"\n\t\t\taria-label=\"\u00d6ppet hus\"\n\t\t\tdata-filter-animation=\"off\">\n\n\t\t\t\t\t\t\t\t\t\t\t\t\t\t\t\n\t\t\t\t\t\t\t\n\t\t\t\t\t\t\t<li class=\"l-col-6@md l-col-4@lg ams_module_filter_cards\">\n\t\t\t\t\t<article class=\"c-card \" data-style=\"rounded\" data-variant=\"default\">\n\t\t\t\t\t\t<div class=\"c-card__content\">\n\t\t\t\t\t\t\t<p class=\"c-card__text\">\n\t\t\t\t\t\t\t\tInga datum f\u00f6r \u00f6ppet hus finns inplanerade. V\u00e4lkommen att kontakta oss om du vill komma p\u00e5 bes\u00f6k!\n\t\t\t\t\t\t\t<\/p>\n\t\t\t\t\t\t<\/div>\n\t\t\t\t\t<\/article>\n\t\t\t\t<\/li>\n\t\t\t\t\t<\/ul>\n\n\t\n\t<div class=\"no-results u-mt-0 u-hide\" data-filter-fallback-id=\"ams-open-house-list-69fcbd24adf68\">\n\t<p>Det finns inga resultat som matchar din filtrering.<\/p>\n<\/div>\n\n\t\n\n\t\t\n\t\t\t<\/div>\n\n\t\t\n\n<\/section>\n","protected":false},"excerpt":{"rendered":"","protected":false},"author":3,"featured_media":0,"parent":0,"menu_order":0,"comment_status":"closed","ping_status":"closed","template":"","meta":{"footnotes":""},"yoast_head":"<!-- This site is optimized with the Yoast SEO plugin v22.0 - https:\/\/yoast.com\/wordpress\/plugins\/seo\/ -->\n<title>Bes\u00f6k oss p\u00e5 f\u00f6rskolan Trolleborgen!<\/title>\n<meta name=\"description\" content=\"V\u00e4lkommen att bes\u00f6ka oss p\u00e5 f\u00f6rskolan Trolleborgen! Vi erbjuder visningar och aktiviteter f\u00f6r barn och v\u00e5rdnadshavare. L\u00e4s mer!\" \/>\n<meta name=\"robots\" content=\"index, follow, max-snippet:-1, max-image-preview:large, max-video-preview:-1\" \/>\n<link rel=\"canonical\" href=\"https:\/\/pysslingen.se\/trolleborgen\/besok-oss\/\" \/>\n<meta property=\"og:locale\" content=\"sv_SE\" \/>\n<meta property=\"og:type\" content=\"article\" \/>\n<meta property=\"og:title\" content=\"Bes\u00f6k oss p\u00e5 f\u00f6rskolan Trolleborgen!\" \/>\n<meta property=\"og:description\" content=\"V\u00e4lkommen att bes\u00f6ka oss p\u00e5 f\u00f6rskolan Trolleborgen! Vi erbjuder visningar och aktiviteter f\u00f6r barn och v\u00e5rdnadshavare. L\u00e4s mer!\" \/>\n<meta property=\"og:url\" content=\"https:\/\/pysslingen.se\/trolleborgen\/besok-oss\/\" \/>\n<meta property=\"og:site_name\" content=\"Trolleborgen\" \/>\n<meta property=\"article:modified_time\" content=\"2026-02-20T15:58:18+00:00\" \/>\n<meta name=\"twitter:card\" content=\"summary_large_image\" \/>\n<meta name=\"twitter:title\" content=\"Bes\u00f6k oss p\u00e5 f\u00f6rskolan Trolleborgen!\" \/>\n<meta name=\"twitter:description\" content=\"V\u00e4lkommen att bes\u00f6ka oss p\u00e5 f\u00f6rskolan Trolleborgen! Vi erbjuder visningar och aktiviteter f\u00f6r barn och v\u00e5rdnadshavare. L\u00e4s mer!\" \/>\n<script type=\"application\/ld+json\" class=\"yoast-schema-graph\">{\"@context\":\"https:\/\/schema.org\",\"@graph\":[{\"@type\":\"WebPage\",\"@id\":\"https:\/\/pysslingen.se\/trolleborgen\/besok-oss\/\",\"url\":\"https:\/\/pysslingen.se\/trolleborgen\/besok-oss\/\",\"name\":\"Bes\u00f6k oss p\u00e5 f\u00f6rskolan Trolleborgen!\",\"isPartOf\":{\"@id\":\"https:\/\/pysslingen.se\/trolleborgen\/#website\"},\"datePublished\":\"2020-10-16T12:33:05+00:00\",\"dateModified\":\"2026-02-20T15:58:18+00:00\",\"description\":\"V\u00e4lkommen att bes\u00f6ka oss p\u00e5 f\u00f6rskolan Trolleborgen! Vi erbjuder visningar och aktiviteter f\u00f6r barn och v\u00e5rdnadshavare. L\u00e4s mer!\",\"breadcrumb\":{\"@id\":\"https:\/\/pysslingen.se\/trolleborgen\/besok-oss\/#breadcrumb\"},\"inLanguage\":\"sv-SE\",\"potentialAction\":[{\"@type\":\"ReadAction\",\"target\":[\"https:\/\/pysslingen.se\/trolleborgen\/besok-oss\/\"]}]},{\"@type\":\"BreadcrumbList\",\"@id\":\"https:\/\/pysslingen.se\/trolleborgen\/besok-oss\/#breadcrumb\",\"itemListElement\":[{\"@type\":\"ListItem\",\"position\":1,\"name\":\"Start\",\"item\":\"https:\/\/pysslingen.se\/trolleborgen\/\"},{\"@type\":\"ListItem\",\"position\":2,\"name\":\"Bes\u00f6k oss\"}]},{\"@type\":\"WebSite\",\"@id\":\"https:\/\/pysslingen.se\/trolleborgen\/#website\",\"url\":\"https:\/\/pysslingen.se\/trolleborgen\/\",\"name\":\"Trolleborgen\",\"description\":\"En trygg och stimulerande v\u00e4rld\",\"publisher\":{\"@id\":\"https:\/\/pysslingen.se\/trolleborgen\/#organization\"},\"potentialAction\":[{\"@type\":\"SearchAction\",\"target\":{\"@type\":\"EntryPoint\",\"urlTemplate\":\"https:\/\/pysslingen.se\/trolleborgen\/?s={search_term_string}\"},\"query-input\":\"required name=search_term_string\"}],\"inLanguage\":\"sv-SE\"},{\"@type\":\"Organization\",\"@id\":\"https:\/\/pysslingen.se\/trolleborgen\/#organization\",\"name\":\"Pysslingen F\u00f6rskolor\",\"url\":\"https:\/\/pysslingen.se\/trolleborgen\/\",\"logo\":{\"@type\":\"ImageObject\",\"inLanguage\":\"sv-SE\",\"@id\":\"https:\/\/pysslingen.se\/trolleborgen\/#\/schema\/logo\/image\/\",\"url\":\"https:\/\/pysslingen.se\/wp-content\/uploads\/2021\/05\/pysslingen-forskolor.png\",\"contentUrl\":\"https:\/\/pysslingen.se\/wp-content\/uploads\/2021\/05\/pysslingen-forskolor.png\",\"width\":1120,\"height\":630,\"caption\":\"Pysslingen F\u00f6rskolor\"},\"image\":{\"@id\":\"https:\/\/pysslingen.se\/trolleborgen\/#\/schema\/logo\/image\/\"}}]}<\/script>\n<!-- \/ Yoast SEO plugin. -->","yoast_head_json":{"title":"Bes\u00f6k oss p\u00e5 f\u00f6rskolan Trolleborgen!","description":"V\u00e4lkommen att bes\u00f6ka oss p\u00e5 f\u00f6rskolan Trolleborgen! Vi erbjuder visningar och aktiviteter f\u00f6r barn och v\u00e5rdnadshavare. L\u00e4s mer!","robots":{"index":"index","follow":"follow","max-snippet":"max-snippet:-1","max-image-preview":"max-image-preview:large","max-video-preview":"max-video-preview:-1"},"canonical":"https:\/\/pysslingen.se\/trolleborgen\/besok-oss\/","og_locale":"sv_SE","og_type":"article","og_title":"Bes\u00f6k oss p\u00e5 f\u00f6rskolan Trolleborgen!","og_description":"V\u00e4lkommen att bes\u00f6ka oss p\u00e5 f\u00f6rskolan Trolleborgen! Vi erbjuder visningar och aktiviteter f\u00f6r barn och v\u00e5rdnadshavare. L\u00e4s mer!","og_url":"https:\/\/pysslingen.se\/trolleborgen\/besok-oss\/","og_site_name":"Trolleborgen","article_modified_time":"2026-02-20T15:58:18+00:00","twitter_card":"summary_large_image","twitter_title":"Bes\u00f6k oss p\u00e5 f\u00f6rskolan Trolleborgen!","twitter_description":"V\u00e4lkommen att bes\u00f6ka oss p\u00e5 f\u00f6rskolan Trolleborgen! Vi erbjuder visningar och aktiviteter f\u00f6r barn och v\u00e5rdnadshavare. L\u00e4s mer!","schema":{"@context":"https:\/\/schema.org","@graph":[{"@type":"WebPage","@id":"https:\/\/pysslingen.se\/trolleborgen\/besok-oss\/","url":"https:\/\/pysslingen.se\/trolleborgen\/besok-oss\/","name":"Bes\u00f6k oss p\u00e5 f\u00f6rskolan Trolleborgen!","isPartOf":{"@id":"https:\/\/pysslingen.se\/trolleborgen\/#website"},"datePublished":"2020-10-16T12:33:05+00:00","dateModified":"2026-02-20T15:58:18+00:00","description":"V\u00e4lkommen att bes\u00f6ka oss p\u00e5 f\u00f6rskolan Trolleborgen! Vi erbjuder visningar och aktiviteter f\u00f6r barn och v\u00e5rdnadshavare. L\u00e4s mer!","breadcrumb":{"@id":"https:\/\/pysslingen.se\/trolleborgen\/besok-oss\/#breadcrumb"},"inLanguage":"sv-SE","potentialAction":[{"@type":"ReadAction","target":["https:\/\/pysslingen.se\/trolleborgen\/besok-oss\/"]}]},{"@type":"BreadcrumbList","@id":"https:\/\/pysslingen.se\/trolleborgen\/besok-oss\/#breadcrumb","itemListElement":[{"@type":"ListItem","position":1,"name":"Start","item":"https:\/\/pysslingen.se\/trolleborgen\/"},{"@type":"ListItem","position":2,"name":"Bes\u00f6k oss"}]},{"@type":"WebSite","@id":"https:\/\/pysslingen.se\/trolleborgen\/#website","url":"https:\/\/pysslingen.se\/trolleborgen\/","name":"Trolleborgen","description":"En trygg och stimulerande v\u00e4rld","publisher":{"@id":"https:\/\/pysslingen.se\/trolleborgen\/#organization"},"potentialAction":[{"@type":"SearchAction","target":{"@type":"EntryPoint","urlTemplate":"https:\/\/pysslingen.se\/trolleborgen\/?s={search_term_string}"},"query-input":"required name=search_term_string"}],"inLanguage":"sv-SE"},{"@type":"Organization","@id":"https:\/\/pysslingen.se\/trolleborgen\/#organization","name":"Pysslingen F\u00f6rskolor","url":"https:\/\/pysslingen.se\/trolleborgen\/","logo":{"@type":"ImageObject","inLanguage":"sv-SE","@id":"https:\/\/pysslingen.se\/trolleborgen\/#\/schema\/logo\/image\/","url":"https:\/\/pysslingen.se\/wp-content\/uploads\/2021\/05\/pysslingen-forskolor.png","contentUrl":"https:\/\/pysslingen.se\/wp-content\/uploads\/2021\/05\/pysslingen-forskolor.png","width":1120,"height":630,"caption":"Pysslingen F\u00f6rskolor"},"image":{"@id":"https:\/\/pysslingen.se\/trolleborgen\/#\/schema\/logo\/image\/"}}]}},"_links":{"self":[{"href":"https:\/\/pysslingen.se\/trolleborgen\/wp-json\/wp\/v2\/pages\/461"}],"collection":[{"href":"https:\/\/pysslingen.se\/trolleborgen\/wp-json\/wp\/v2\/pages"}],"about":[{"href":"https:\/\/pysslingen.se\/trolleborgen\/wp-json\/wp\/v2\/types\/page"}],"author":[{"embeddable":true,"href":"https:\/\/pysslingen.se\/trolleborgen\/wp-json\/wp\/v2\/users\/3"}],"replies":[{"embeddable":true,"href":"https:\/\/pysslingen.se\/trolleborgen\/wp-json\/wp\/v2\/comments?post=461"}],"version-history":[{"count":10,"href":"https:\/\/pysslingen.se\/trolleborgen\/wp-json\/wp\/v2\/pages\/461\/revisions"}],"predecessor-version":[{"id":1797,"href":"https:\/\/pysslingen.se\/trolleborgen\/wp-json\/wp\/v2\/pages\/461\/revisions\/1797"}],"wp:attachment":[{"href":"https:\/\/pysslingen.se\/trolleborgen\/wp-json\/wp\/v2\/media?parent=461"}],"curies":[{"name":"wp","href":"https:\/\/api.w.org\/{rel}","templated":true}]}}