{"id":4,"date":"2020-09-25T11:05:23","date_gmt":"2020-09-25T11:05:23","guid":{"rendered":"https:\/\/pysslingen.se\/stranden\/?page_id=4"},"modified":"2026-02-04T09:36:18","modified_gmt":"2026-02-04T08:36:18","slug":"startsida","status":"publish","type":"page","link":"https:\/\/pysslingen.se\/stranden\/","title":{"rendered":"Startsida"},"content":{"rendered":"\n\t\n\t\n\t\n\n\t\n\t\n\t\t\n<section  class=\"c-block l-stacked blobs \" data-color-scheme=\"\">\n\t<div class=\"ams-fifty ams-fifty--container ams-fifty--right ams-fifty--bottom l-container u-pt-fluid-3xl-6xl u-pb-fluid-3xl-6xl\">\n\t\t<div class=\"ams-fifty__content l-stack l-stack-xl is-left is-left@lg\">\n\t\t\t<div class=\"ams-fifty__text l-stack l-stack-lg\">\n\t\t\t\t\t\n\t<h1\n\tclass=\"c-heading u-font-title-1 \"\n\tstyle=\"\">\n\t\t\n\t\t\t\t\tPysslingen F\u00f6rskolor Stranden avvecklas i juli 2026\n\t\t\t\t\n\t<\/h1>\n\n\t\t\t\t\t\t\t\t\t<div class=\"text l-stack u-font-body\">\n\t\t\t\t\t\t<p><span style=\"font-weight: 400;\">Pysslingen F\u00f6rskolor kommer att avveckla f\u00f6rskolan Stranden i H\u00e4sselby i juli 2026.\u00a0<\/span><span style=\"font-weight: 400;\">Anledningen till beslutet \u00e4r att behovet av f\u00f6rskoleplatser minskar i Stockholm p\u00e5 grund av den demografiska utvecklingen. <\/span><span style=\"font-weight: 400;\">Verksamheten p\u00e5 Stranden kommer att bedrivas som vanligt under v\u00e5rterminen.<\/span><span style=\"font-weight: 400;\"> Vi erbjuder sedan samtliga familjer en ny plats p\u00e5 n\u00e4rliggande Pyssling-f\u00f6rskolor.<\/span><\/p>\n<p>S\u00f6ker du f\u00f6rskola i H\u00e4sselby G\u00e5rd? Pysslingen Johannelund hittar du i n\u00e4rheten av Pysslingen Stranden.<\/p>\n\n\t\t\t\t\t<\/div>\n\t\t\t\t\t\t\t<\/div>\n\n\t\t\t\t<div class=\"ams-fifty__action u-inline-items\">\n\t\t\t\t\t\t\t\n\n\n<a href=\"https:\/\/pysslingen.se\/johannelund\"\n\t\n\tclass=\"c-btn \"\n\tdata-style=\"rounded\"\n\tdata-size=\"md\"\n\tdata-width=\"full-mobile\"\n\tdata-variant=\"default\"\n\ttarget=\"_self\">\n\t\t\t<span class=\"label\"> Till f\u00f6rskolan Johannelund<\/span>\n\t\t\t<\/a>\n\t\t\t<\/div>\n\t\t<\/div>\n\n\t\t <div class=\"ams-fifty__media u-ratio-landscape\">\n\t\t \t\t\t\t\t<img decoding=\"async\" width=\"600\" height=\"400\" src=\"https:\/\/pysslingen.se\/wp-content\/uploads\/sites\/59\/2023\/03\/mala.jpg\" class=\"attachment-md size-md\" alt=\"Barnhand som sk\u00e4r i lera p\u00e5 bord med sm\u00e5kryp runtomkring\" sizes=\"(min-width: 64em) 600px, calc(100vw - 160px)\" srcset=\"https:\/\/pysslingen.se\/wp-content\/uploads\/sites\/59\/2023\/03\/mala.jpg 1400w, https:\/\/pysslingen.se\/wp-content\/uploads\/sites\/59\/2023\/03\/mala-300x200.jpg 300w, https:\/\/pysslingen.se\/wp-content\/uploads\/sites\/59\/2023\/03\/mala-1024x682.jpg 1024w, https:\/\/pysslingen.se\/wp-content\/uploads\/sites\/59\/2023\/03\/mala-768x512.jpg 768w, https:\/\/pysslingen.se\/wp-content\/uploads\/sites\/59\/2023\/03\/mala-500x333.jpg 500w, https:\/\/pysslingen.se\/wp-content\/uploads\/sites\/59\/2023\/03\/mala-340x227.jpg 340w, https:\/\/pysslingen.se\/wp-content\/uploads\/sites\/59\/2023\/03\/mala-1100x733.jpg 1100w, https:\/\/pysslingen.se\/wp-content\/uploads\/sites\/59\/2023\/03\/mala-1000x666.jpg 1000w\" \/>\n\t\t\t\n\t\t\t\n\t\t\t\t\t<\/div>\n\t<\/div>\n\n\t\t\n\n<\/section>\n","protected":false},"excerpt":{"rendered":"","protected":false},"author":1,"featured_media":0,"parent":0,"menu_order":0,"comment_status":"closed","ping_status":"closed","template":"","meta":{"footnotes":""},"yoast_head":"<!-- This site is optimized with the Yoast SEO plugin v22.0 - https:\/\/yoast.com\/wordpress\/plugins\/seo\/ -->\n<title>F\u00f6rskola i H\u00e4sselby | Pysslingen Stranden<\/title>\n<meta name=\"description\" content=\"Pysslingen Stranden \u00e4r en f\u00f6rskola i H\u00e4sselby. Hos oss \u00e4r gl\u00e4dje, trygghet, r\u00f6relse, milj\u00f6 och h\u00e5llbar utveckling viktigt. L\u00e4s mer!\" \/>\n<meta name=\"robots\" content=\"index, follow, max-snippet:-1, max-image-preview:large, max-video-preview:-1\" \/>\n<link rel=\"canonical\" href=\"https:\/\/pysslingen.se\/stranden\/\" \/>\n<meta property=\"og:locale\" content=\"sv_SE\" \/>\n<meta property=\"og:type\" content=\"article\" \/>\n<meta property=\"og:title\" content=\"F\u00f6rskola i H\u00e4sselby | Pysslingen Stranden\" \/>\n<meta property=\"og:description\" content=\"Pysslingen Stranden \u00e4r en f\u00f6rskola i H\u00e4sselby. Hos oss \u00e4r gl\u00e4dje, trygghet, r\u00f6relse, milj\u00f6 och h\u00e5llbar utveckling viktigt. L\u00e4s mer!\" \/>\n<meta property=\"og:url\" content=\"https:\/\/pysslingen.se\/stranden\/\" \/>\n<meta property=\"og:site_name\" content=\"Stranden\" \/>\n<meta property=\"article:modified_time\" content=\"2026-02-04T08:36:18+00:00\" \/>\n<meta name=\"twitter:card\" content=\"summary_large_image\" \/>\n<meta name=\"twitter:title\" content=\"F\u00f6rskola i H\u00e4sselby | Pysslingen Stranden\" \/>\n<meta name=\"twitter:description\" content=\"Pysslingen Stranden \u00e4r en f\u00f6rskola i H\u00e4sselby. Hos oss \u00e4r gl\u00e4dje, trygghet, r\u00f6relse, milj\u00f6 och h\u00e5llbar utveckling viktigt. L\u00e4s mer!\" \/>\n<script type=\"application\/ld+json\" class=\"yoast-schema-graph\">{\"@context\":\"https:\/\/schema.org\",\"@graph\":[{\"@type\":\"WebPage\",\"@id\":\"https:\/\/pysslingen.se\/stranden\/\",\"url\":\"https:\/\/pysslingen.se\/stranden\/\",\"name\":\"F\u00f6rskola i H\u00e4sselby | Pysslingen Stranden\",\"isPartOf\":{\"@id\":\"https:\/\/pysslingen.se\/stranden\/#website\"},\"datePublished\":\"2020-09-25T11:05:23+00:00\",\"dateModified\":\"2026-02-04T08:36:18+00:00\",\"description\":\"Pysslingen Stranden \u00e4r en f\u00f6rskola i H\u00e4sselby. Hos oss \u00e4r gl\u00e4dje, trygghet, r\u00f6relse, milj\u00f6 och h\u00e5llbar utveckling viktigt. L\u00e4s mer!\",\"breadcrumb\":{\"@id\":\"https:\/\/pysslingen.se\/stranden\/#breadcrumb\"},\"inLanguage\":\"sv-SE\",\"potentialAction\":[{\"@type\":\"ReadAction\",\"target\":[\"https:\/\/pysslingen.se\/stranden\/\"]}]},{\"@type\":\"BreadcrumbList\",\"@id\":\"https:\/\/pysslingen.se\/stranden\/#breadcrumb\",\"itemListElement\":[{\"@type\":\"ListItem\",\"position\":1,\"name\":\"Start\",\"item\":\"https:\/\/pysslingen.se\/stranden\/\"},{\"@type\":\"ListItem\",\"position\":2,\"name\":\"Startsida\"}]},{\"@type\":\"WebSite\",\"@id\":\"https:\/\/pysslingen.se\/stranden\/#website\",\"url\":\"https:\/\/pysslingen.se\/stranden\/\",\"name\":\"Stranden\",\"description\":\"En trygg och stimulerande v\u00e4rld\",\"publisher\":{\"@id\":\"https:\/\/pysslingen.se\/stranden\/#organization\"},\"potentialAction\":[{\"@type\":\"SearchAction\",\"target\":{\"@type\":\"EntryPoint\",\"urlTemplate\":\"https:\/\/pysslingen.se\/stranden\/?s={search_term_string}\"},\"query-input\":\"required name=search_term_string\"}],\"inLanguage\":\"sv-SE\"},{\"@type\":\"Organization\",\"@id\":\"https:\/\/pysslingen.se\/stranden\/#organization\",\"name\":\"Pysslingen F\u00f6rskolor\",\"url\":\"https:\/\/pysslingen.se\/stranden\/\",\"logo\":{\"@type\":\"ImageObject\",\"inLanguage\":\"sv-SE\",\"@id\":\"https:\/\/pysslingen.se\/stranden\/#\/schema\/logo\/image\/\",\"url\":\"https:\/\/pysslingen.se\/wp-content\/uploads\/2021\/05\/pysslingen-forskolor.png\",\"contentUrl\":\"https:\/\/pysslingen.se\/wp-content\/uploads\/2021\/05\/pysslingen-forskolor.png\",\"width\":1120,\"height\":630,\"caption\":\"Pysslingen F\u00f6rskolor\"},\"image\":{\"@id\":\"https:\/\/pysslingen.se\/stranden\/#\/schema\/logo\/image\/\"}}]}<\/script>\n<!-- \/ Yoast SEO plugin. -->","yoast_head_json":{"title":"F\u00f6rskola i H\u00e4sselby | Pysslingen Stranden","description":"Pysslingen Stranden \u00e4r en f\u00f6rskola i H\u00e4sselby. Hos oss \u00e4r gl\u00e4dje, trygghet, r\u00f6relse, milj\u00f6 och h\u00e5llbar utveckling viktigt. L\u00e4s mer!","robots":{"index":"index","follow":"follow","max-snippet":"max-snippet:-1","max-image-preview":"max-image-preview:large","max-video-preview":"max-video-preview:-1"},"canonical":"https:\/\/pysslingen.se\/stranden\/","og_locale":"sv_SE","og_type":"article","og_title":"F\u00f6rskola i H\u00e4sselby | Pysslingen Stranden","og_description":"Pysslingen Stranden \u00e4r en f\u00f6rskola i H\u00e4sselby. Hos oss \u00e4r gl\u00e4dje, trygghet, r\u00f6relse, milj\u00f6 och h\u00e5llbar utveckling viktigt. L\u00e4s mer!","og_url":"https:\/\/pysslingen.se\/stranden\/","og_site_name":"Stranden","article_modified_time":"2026-02-04T08:36:18+00:00","twitter_card":"summary_large_image","twitter_title":"F\u00f6rskola i H\u00e4sselby | Pysslingen Stranden","twitter_description":"Pysslingen Stranden \u00e4r en f\u00f6rskola i H\u00e4sselby. Hos oss \u00e4r gl\u00e4dje, trygghet, r\u00f6relse, milj\u00f6 och h\u00e5llbar utveckling viktigt. L\u00e4s mer!","schema":{"@context":"https:\/\/schema.org","@graph":[{"@type":"WebPage","@id":"https:\/\/pysslingen.se\/stranden\/","url":"https:\/\/pysslingen.se\/stranden\/","name":"F\u00f6rskola i H\u00e4sselby | Pysslingen Stranden","isPartOf":{"@id":"https:\/\/pysslingen.se\/stranden\/#website"},"datePublished":"2020-09-25T11:05:23+00:00","dateModified":"2026-02-04T08:36:18+00:00","description":"Pysslingen Stranden \u00e4r en f\u00f6rskola i H\u00e4sselby. Hos oss \u00e4r gl\u00e4dje, trygghet, r\u00f6relse, milj\u00f6 och h\u00e5llbar utveckling viktigt. L\u00e4s mer!","breadcrumb":{"@id":"https:\/\/pysslingen.se\/stranden\/#breadcrumb"},"inLanguage":"sv-SE","potentialAction":[{"@type":"ReadAction","target":["https:\/\/pysslingen.se\/stranden\/"]}]},{"@type":"BreadcrumbList","@id":"https:\/\/pysslingen.se\/stranden\/#breadcrumb","itemListElement":[{"@type":"ListItem","position":1,"name":"Start","item":"https:\/\/pysslingen.se\/stranden\/"},{"@type":"ListItem","position":2,"name":"Startsida"}]},{"@type":"WebSite","@id":"https:\/\/pysslingen.se\/stranden\/#website","url":"https:\/\/pysslingen.se\/stranden\/","name":"Stranden","description":"En trygg och stimulerande v\u00e4rld","publisher":{"@id":"https:\/\/pysslingen.se\/stranden\/#organization"},"potentialAction":[{"@type":"SearchAction","target":{"@type":"EntryPoint","urlTemplate":"https:\/\/pysslingen.se\/stranden\/?s={search_term_string}"},"query-input":"required name=search_term_string"}],"inLanguage":"sv-SE"},{"@type":"Organization","@id":"https:\/\/pysslingen.se\/stranden\/#organization","name":"Pysslingen F\u00f6rskolor","url":"https:\/\/pysslingen.se\/stranden\/","logo":{"@type":"ImageObject","inLanguage":"sv-SE","@id":"https:\/\/pysslingen.se\/stranden\/#\/schema\/logo\/image\/","url":"https:\/\/pysslingen.se\/wp-content\/uploads\/2021\/05\/pysslingen-forskolor.png","contentUrl":"https:\/\/pysslingen.se\/wp-content\/uploads\/2021\/05\/pysslingen-forskolor.png","width":1120,"height":630,"caption":"Pysslingen F\u00f6rskolor"},"image":{"@id":"https:\/\/pysslingen.se\/stranden\/#\/schema\/logo\/image\/"}}]}},"_links":{"self":[{"href":"https:\/\/pysslingen.se\/stranden\/wp-json\/wp\/v2\/pages\/4"}],"collection":[{"href":"https:\/\/pysslingen.se\/stranden\/wp-json\/wp\/v2\/pages"}],"about":[{"href":"https:\/\/pysslingen.se\/stranden\/wp-json\/wp\/v2\/types\/page"}],"author":[{"embeddable":true,"href":"https:\/\/pysslingen.se\/stranden\/wp-json\/wp\/v2\/users\/1"}],"replies":[{"embeddable":true,"href":"https:\/\/pysslingen.se\/stranden\/wp-json\/wp\/v2\/comments?post=4"}],"version-history":[{"count":10,"href":"https:\/\/pysslingen.se\/stranden\/wp-json\/wp\/v2\/pages\/4\/revisions"}],"predecessor-version":[{"id":1447,"href":"https:\/\/pysslingen.se\/stranden\/wp-json\/wp\/v2\/pages\/4\/revisions\/1447"}],"wp:attachment":[{"href":"https:\/\/pysslingen.se\/stranden\/wp-json\/wp\/v2\/media?parent=4"}],"curies":[{"name":"wp","href":"https:\/\/api.w.org\/{rel}","templated":true}]}}