{"id":29,"date":"2020-09-29T09:21:48","date_gmt":"2020-09-29T09:21:48","guid":{"rendered":"https:\/\/pysslingen.se\/solbacka\/?page_id=29"},"modified":"2026-03-17T14:57:47","modified_gmt":"2026-03-17T13:57:47","slug":"resultat","status":"publish","type":"page","link":"https:\/\/pysslingen.se\/solbacka\/resultat\/","title":{"rendered":"Resultat"},"content":{"rendered":"\n<h1 class=\"wp-block-heading\">V\u00e5rdnadshavarunders\u00f6kning: S\u00e5 utvecklar vi f\u00f6rskolan Solbacka med hj\u00e4lp av v\u00e5rdnadshavarnas \u00e5terkoppling<\/h1>\n\n\n\n<p   class=\"site__ingress container text-left  site__text-color--dark  site__free_text--ingress p-0\">\n\tI b\u00f6rjan av varje \u00e5r ber vi dig som v\u00e5rdnadshavare att besvara en enk\u00e4t om hur du upplever v\u00e5r verksamhet. Resultatet ligger sedan till grund f\u00f6r f\u00f6rskolans utvecklingsarbete under resten av \u00e5ret.<\/p>\n\n\n\n\n\n<h2 class=\"wp-block-heading\">Vad visar \u00e5rets sammanst\u00e4llning av f\u00f6rskolan Solbacka?<\/h2>\n\n\n\n<p>Vi \u00e4r otroligt stolta \u00f6ver att kunna dela med oss av \u00e5rets resultat. F\u00f6rra \u00e5ret siktade vi h\u00f6gt f\u00f6r att bibeh\u00e5lla v\u00e5r fina kundn\u00f6jdhet, men i \u00e5r har vi lyckats med n\u00e5got \u00e4nnu b\u00e4ttre \u2013 v\u00e5ra resultat har stigit ytterligare kring n\u00f6jdhet och rekommendation.&nbsp;<\/p>\n\n\n\n<p>Det \u00e4r fantastiskt roligt att se att arbetet med v\u00e5ra l\u00e4rmilj\u00f6er f\u00e5r fortsatt h\u00f6ga resultat. Att v\u00e5rt arbete med att skapa stimulerande och inspirerande milj\u00f6er f\u00f6r barnen uppm\u00e4rksammas s\u00e5 tydligt av er v\u00e5rdnadshavare ger oss massor av energi att forts\u00e4tta utvecklas<\/p>\n\n\n\n<p>Vi ser en fin \u00f6kning i \u00e5rets resultat n\u00e4r det g\u00e4ller hur v\u00e5ra pedagoger bidrar till barnens inl\u00e4rning och utveckling. Att f\u00e5 se den h\u00e4r utvecklingen svart p\u00e5 vitt g\u00f6r oss b\u00e5de stolta och \u00e4nnu mer motiverade att forts\u00e4tta p\u00e5 v\u00e5r inslagna v\u00e4g.<\/p>\n\n\n<section \n\tclass=\"ams-info-graph  c-block l-stacked  \"\n\tdata-color-scheme=\"\">\n\t<div\n\t\tclass=\"l-stack l-stack-fluid-2xl u-pt-fluid-3xl-6xl u-pb-fluid-3xl-6xl is-center is-center@md\">\n\t\t\n\t\t\n\t\t<ul class=\"ams-info-graph__list l-grid u-justify-start\">\n\t\t\t\t\t\t\t\t\t\n\t\t\t\t\t\t\t<li \n\t\t\t\t\tdata-color-scheme=\"\"\n\t\t\t\t\tdata-color-scheme-mobile=\"\"\n\t\t\t\t\tclass=\"c-ig c-ig--graph l-col-6@md\">\n\n\t\t\t\t\t\t\t\t\t\t\t\t\t\t<h2 class=\"c-ig__title u-font-title-3\">\n\t\t\t\t\t\t\tN\u00f6jd v\u00e5rdnadshavare \n\t\t\t\t\t\t<\/h2>\n\t\n\t\n\t\n\t\t\t<div class=\"c-ig__text l-stack-xs u-font-body\">\n\t\t\t<p><strong>Jag \u00e4r n\u00f6jd med mitt barns f\u00f6rskola<\/strong><\/p>\n\n\t\t<\/div>\n\t\n\t\t\t<div\n\t\t\tclass=\"c-ig__graph\"\n\t\t\tdata-type=\"bar\"\n\t\t\tdata-show-legend=\"1\"\n\t\t\tdata-ispercent=\"\"\n\t\t\tdata-y-axis-range=\"eyJtaW4iOiIwIiwibWF4IjoiMTAwIn0=\"\n\t\t\tdata-items-config=\"W3siY29sb3IiOiIjZTYzYzUwIiwibGFiZWwiOiIyMDI0In0seyJjb2xvciI6IiNmZjYyNTAiLCJsYWJlbCI6IjIwMjUifSx7ImNvbG9yIjoiI2U2M2M1MCIsImxhYmVsIjoiMjAyNiJ9XQ==\"\n\t\t\tdata-items=\"W3sibGFiZWwiOiIiLCJ2YWx1ZXMiOlt7InZhbHVlIjoiOTYifSx7InZhbHVlIjoiOTQifSx7InZhbHVlIjoiOTUifV19XQ==\"\n\t\t\tdata-color-legend=\"var(--ig-text-color)\"\n\t\t\tdata-css-font=\"var(--ig-font-family)\"\n\t\t><\/div>\n\t\n\t\t\t\t\t\n\t\t\t\t<\/li>\n\t\t\t\t\t\t\t<li \n\t\t\t\t\tdata-color-scheme=\"\"\n\t\t\t\t\tdata-color-scheme-mobile=\"\"\n\t\t\t\t\tclass=\"c-ig c-ig--graph l-col-6@md\">\n\n\t\t\t\t\t\t\t\t\t\t\t\t\t\t<h2 class=\"c-ig__title u-font-title-3\">\n\t\t\t\t\t\t\tTrygghetsgrad\n\t\t\t\t\t\t<\/h2>\n\t\n\t\n\t\n\t\t\t<div class=\"c-ig__text l-stack-xs u-font-body\">\n\t\t\t<p><strong>Mitt barn k\u00e4nner sig tryggt i f\u00f6rskolan<\/strong><\/p>\n\n\t\t<\/div>\n\t\n\t\t\t<div\n\t\t\tclass=\"c-ig__graph\"\n\t\t\tdata-type=\"bar\"\n\t\t\tdata-show-legend=\"1\"\n\t\t\tdata-ispercent=\"\"\n\t\t\tdata-y-axis-range=\"eyJtaW4iOiIwIiwibWF4IjoiMTAwIn0=\"\n\t\t\tdata-items-config=\"W3siY29sb3IiOiIjMDA0MTc4IiwibGFiZWwiOiIyMDI0In0seyJjb2xvciI6IiMzMmEwZjAiLCJsYWJlbCI6IjIwMjUifSx7ImNvbG9yIjoiIzAwNDE3OCIsImxhYmVsIjoiMjAyNiJ9XQ==\"\n\t\t\tdata-items=\"W3sibGFiZWwiOiIiLCJ2YWx1ZXMiOlt7InZhbHVlIjoiOTMifSx7InZhbHVlIjoiOTQifSx7InZhbHVlIjoiOTkifV19XQ==\"\n\t\t\tdata-color-legend=\"var(--ig-text-color)\"\n\t\t\tdata-css-font=\"var(--ig-font-family)\"\n\t\t><\/div>\n\t\n\t\t\t\t\t\n\t\t\t\t<\/li>\n\t\t\t\t\t<\/ul>\n\t<\/div>\n\n\t\t\n\n\n<\/section>\n\n\t\n\t\n\t\n\t\n\t\n\n<section \n\tclass=\"ams-info-graph  c-block l-stacked  \"\n\tdata-color-scheme=\"\">\n\t<div\n\t\tclass=\"l-stack l-stack-fluid-2xl u-pt-fluid-3xl-6xl u-pb-fluid-3xl-6xl is-center is-center@md\">\n\t\t\n\t\t\n\t\t<ul class=\"ams-info-graph__list l-grid u-justify-start\">\n\t\t\t\t\t\t\t\t\t\n\t\t\t\t\t\t\t<li \n\t\t\t\t\tdata-color-scheme=\"\"\n\t\t\t\t\tdata-color-scheme-mobile=\"\"\n\t\t\t\t\tclass=\"c-ig c-ig--graph l-col-6@md\">\n\n\t\t\t\t\t\t\t\t\t\t\t\t\t\t<h2 class=\"c-ig__title u-font-title-3\">\n\t\t\t\t\t\t\tStimulerande l\u00e4rmilj\u00f6\n\t\t\t\t\t\t<\/h2>\n\t\n\t\n\t\n\t\t\t<div class=\"c-ig__text l-stack-xs u-font-body\">\n\t\t\t<p><strong>Inomhusmilj\u00f6n p\u00e5 mitt barns f\u00f6rskola stimulerar till lek och l\u00e4rande<\/strong><\/p>\n\n\t\t<\/div>\n\t\n\t\t\t<div\n\t\t\tclass=\"c-ig__graph\"\n\t\t\tdata-type=\"bar\"\n\t\t\tdata-show-legend=\"1\"\n\t\t\tdata-ispercent=\"\"\n\t\t\tdata-y-axis-range=\"eyJtaW4iOiIwIiwibWF4IjoiMTAwIn0=\"\n\t\t\tdata-items-config=\"W3siY29sb3IiOiIjZmZhMDMyIiwibGFiZWwiOiIyMDI0In0seyJjb2xvciI6IiNmZmM4MjgiLCJsYWJlbCI6IjIwMjUifSx7ImNvbG9yIjoiI2ZmYTAzMiIsImxhYmVsIjoiMjAyNiJ9XQ==\"\n\t\t\tdata-items=\"W3sibGFiZWwiOiIiLCJ2YWx1ZXMiOlt7InZhbHVlIjoiOTYifSx7InZhbHVlIjoiOTQifSx7InZhbHVlIjoiOTYifV19XQ==\"\n\t\t\tdata-color-legend=\"var(--ig-text-color)\"\n\t\t\tdata-css-font=\"var(--ig-font-family)\"\n\t\t><\/div>\n\t\n\t\t\t\t\t\n\t\t\t\t<\/li>\n\t\t\t\t\t\t\t<li \n\t\t\t\t\tdata-color-scheme=\"\"\n\t\t\t\t\tdata-color-scheme-mobile=\"\"\n\t\t\t\t\tclass=\"c-ig c-ig--graph l-col-6@md\">\n\n\t\t\t\t\t\t\t\t\t\t\t\t\t\t<h2 class=\"c-ig__title u-font-title-3\">\n\t\t\t\t\t\t\tPedagogerna bidrar\n\t\t\t\t\t\t<\/h2>\n\t\n\t\n\t\n\t\t\t<div class=\"c-ig__text l-stack-xs u-font-body\">\n\t\t\t<p><strong>Pedagogerna bidrar positivt till mitt barns inl\u00e4rning och utveckling<\/strong><\/p>\n\n\t\t<\/div>\n\t\n\t\t\t<div\n\t\t\tclass=\"c-ig__graph\"\n\t\t\tdata-type=\"bar\"\n\t\t\tdata-show-legend=\"1\"\n\t\t\tdata-ispercent=\"\"\n\t\t\tdata-y-axis-range=\"eyJtaW4iOiIwIiwibWF4IjoiMTAwIn0=\"\n\t\t\tdata-items-config=\"W3siY29sb3IiOiIjNzM0OWU2IiwibGFiZWwiOiIyMDI0In0seyJjb2xvciI6IiNhMzYzZTIiLCJsYWJlbCI6IjIwMjUifSx7ImNvbG9yIjoiIzczNDllNiIsImxhYmVsIjoiMjAyNiJ9XQ==\"\n\t\t\tdata-items=\"W3sibGFiZWwiOiIiLCJ2YWx1ZXMiOlt7InZhbHVlIjoiOTYifSx7InZhbHVlIjoiOTQifSx7InZhbHVlIjoiOTcifV19XQ==\"\n\t\t\tdata-color-legend=\"var(--ig-text-color)\"\n\t\t\tdata-css-font=\"var(--ig-font-family)\"\n\t\t><\/div>\n\t\n\t\t\t\t\t\n\t\t\t\t<\/li>\n\t\t\t\t\t<\/ul>\n\t<\/div>\n\n\t\t\n\n\n<\/section>\n\n\t\n\t\n\t\n\t\n\t","protected":false},"excerpt":{"rendered":"<p>V\u00e5rdnadshavarunders\u00f6kning: S\u00e5 utvecklar vi f\u00f6rskolan Solbacka med hj\u00e4lp av v\u00e5rdnadshavarnas \u00e5terkoppling Vad visar \u00e5rets sammanst\u00e4llning av f\u00f6rskolan Solbacka? Vi \u00e4r otroligt stolta \u00f6ver att kunna dela med oss av \u00e5rets resultat. F\u00f6rra \u00e5ret siktade vi h\u00f6gt f\u00f6r att bibeh\u00e5lla v\u00e5r fina kundn\u00f6jdhet, men i \u00e5r har vi lyckats med n\u00e5got \u00e4nnu b\u00e4ttre \u2013 v\u00e5ra resultat&#8230;<\/p>\n","protected":false},"author":3,"featured_media":0,"parent":0,"menu_order":0,"comment_status":"closed","ping_status":"closed","template":"","meta":{"footnotes":""},"yoast_head":"<!-- This site is optimized with the Yoast SEO plugin v22.0 - https:\/\/yoast.com\/wordpress\/plugins\/seo\/ -->\n<title>Resultat i v\u00e5rdnadshavarunders\u00f6kning p\u00e5 F\u00f6rskolan Solbacka<\/title>\n<meta name=\"description\" content=\"Resultatet ligger till grund f\u00f6r f\u00f6rskolans utvecklingsarbete. L\u00e4s mer om \u00e5rets resultat p\u00e5 Solbacka h\u00e4r.\" \/>\n<meta name=\"robots\" content=\"index, follow, max-snippet:-1, max-image-preview:large, max-video-preview:-1\" \/>\n<link rel=\"canonical\" href=\"https:\/\/pysslingen.se\/solbacka\/resultat\/\" \/>\n<meta property=\"og:locale\" content=\"sv_SE\" \/>\n<meta property=\"og:type\" content=\"article\" \/>\n<meta property=\"og:title\" content=\"Resultat i v\u00e5rdnadshavarunders\u00f6kning p\u00e5 F\u00f6rskolan Solbacka\" \/>\n<meta property=\"og:description\" content=\"Resultatet ligger till grund f\u00f6r f\u00f6rskolans utvecklingsarbete. L\u00e4s mer om \u00e5rets resultat p\u00e5 Solbacka h\u00e4r.\" \/>\n<meta property=\"og:url\" content=\"https:\/\/pysslingen.se\/solbacka\/resultat\/\" \/>\n<meta property=\"og:site_name\" content=\"Solbacka\" \/>\n<meta property=\"article:modified_time\" content=\"2026-03-17T13:57:47+00:00\" \/>\n<meta name=\"twitter:card\" content=\"summary_large_image\" \/>\n<meta name=\"twitter:title\" content=\"Resultat i v\u00e5rdnadshavarunders\u00f6kning p\u00e5 F\u00f6rskolan Solbacka\" \/>\n<meta name=\"twitter:description\" content=\"Resultatet ligger till grund f\u00f6r f\u00f6rskolans utvecklingsarbete. L\u00e4s mer om \u00e5rets resultat p\u00e5 Solbacka h\u00e4r.\" \/>\n<meta name=\"twitter:label1\" content=\"Ber\u00e4knad l\u00e4stid\" \/>\n\t<meta name=\"twitter:data1\" content=\"1 minut\" \/>\n<script type=\"application\/ld+json\" class=\"yoast-schema-graph\">{\"@context\":\"https:\/\/schema.org\",\"@graph\":[{\"@type\":\"WebPage\",\"@id\":\"https:\/\/pysslingen.se\/solbacka\/resultat\/\",\"url\":\"https:\/\/pysslingen.se\/solbacka\/resultat\/\",\"name\":\"Resultat i v\u00e5rdnadshavarunders\u00f6kning p\u00e5 F\u00f6rskolan Solbacka\",\"isPartOf\":{\"@id\":\"https:\/\/pysslingen.se\/solbacka\/#website\"},\"datePublished\":\"2020-09-29T09:21:48+00:00\",\"dateModified\":\"2026-03-17T13:57:47+00:00\",\"description\":\"Resultatet ligger till grund f\u00f6r f\u00f6rskolans utvecklingsarbete. L\u00e4s mer om \u00e5rets resultat p\u00e5 Solbacka h\u00e4r.\",\"breadcrumb\":{\"@id\":\"https:\/\/pysslingen.se\/solbacka\/resultat\/#breadcrumb\"},\"inLanguage\":\"sv-SE\",\"potentialAction\":[{\"@type\":\"ReadAction\",\"target\":[\"https:\/\/pysslingen.se\/solbacka\/resultat\/\"]}]},{\"@type\":\"BreadcrumbList\",\"@id\":\"https:\/\/pysslingen.se\/solbacka\/resultat\/#breadcrumb\",\"itemListElement\":[{\"@type\":\"ListItem\",\"position\":1,\"name\":\"Start\",\"item\":\"https:\/\/pysslingen.se\/solbacka\/\"},{\"@type\":\"ListItem\",\"position\":2,\"name\":\"Resultat\"}]},{\"@type\":\"WebSite\",\"@id\":\"https:\/\/pysslingen.se\/solbacka\/#website\",\"url\":\"https:\/\/pysslingen.se\/solbacka\/\",\"name\":\"Solbacka\",\"description\":\"En trygg och stimulerande v\u00e4rld\",\"publisher\":{\"@id\":\"https:\/\/pysslingen.se\/solbacka\/#organization\"},\"potentialAction\":[{\"@type\":\"SearchAction\",\"target\":{\"@type\":\"EntryPoint\",\"urlTemplate\":\"https:\/\/pysslingen.se\/solbacka\/?s={search_term_string}\"},\"query-input\":\"required name=search_term_string\"}],\"inLanguage\":\"sv-SE\"},{\"@type\":\"Organization\",\"@id\":\"https:\/\/pysslingen.se\/solbacka\/#organization\",\"name\":\"Pysslingen F\u00f6rskolor\",\"url\":\"https:\/\/pysslingen.se\/solbacka\/\",\"logo\":{\"@type\":\"ImageObject\",\"inLanguage\":\"sv-SE\",\"@id\":\"https:\/\/pysslingen.se\/solbacka\/#\/schema\/logo\/image\/\",\"url\":\"https:\/\/pysslingen.se\/wp-content\/uploads\/2021\/05\/pysslingen-forskolor.png\",\"contentUrl\":\"https:\/\/pysslingen.se\/wp-content\/uploads\/2021\/05\/pysslingen-forskolor.png\",\"width\":1120,\"height\":630,\"caption\":\"Pysslingen F\u00f6rskolor\"},\"image\":{\"@id\":\"https:\/\/pysslingen.se\/solbacka\/#\/schema\/logo\/image\/\"}}]}<\/script>\n<!-- \/ Yoast SEO plugin. -->","yoast_head_json":{"title":"Resultat i v\u00e5rdnadshavarunders\u00f6kning p\u00e5 F\u00f6rskolan Solbacka","description":"Resultatet ligger till grund f\u00f6r f\u00f6rskolans utvecklingsarbete. L\u00e4s mer om \u00e5rets resultat p\u00e5 Solbacka h\u00e4r.","robots":{"index":"index","follow":"follow","max-snippet":"max-snippet:-1","max-image-preview":"max-image-preview:large","max-video-preview":"max-video-preview:-1"},"canonical":"https:\/\/pysslingen.se\/solbacka\/resultat\/","og_locale":"sv_SE","og_type":"article","og_title":"Resultat i v\u00e5rdnadshavarunders\u00f6kning p\u00e5 F\u00f6rskolan Solbacka","og_description":"Resultatet ligger till grund f\u00f6r f\u00f6rskolans utvecklingsarbete. L\u00e4s mer om \u00e5rets resultat p\u00e5 Solbacka h\u00e4r.","og_url":"https:\/\/pysslingen.se\/solbacka\/resultat\/","og_site_name":"Solbacka","article_modified_time":"2026-03-17T13:57:47+00:00","twitter_card":"summary_large_image","twitter_title":"Resultat i v\u00e5rdnadshavarunders\u00f6kning p\u00e5 F\u00f6rskolan Solbacka","twitter_description":"Resultatet ligger till grund f\u00f6r f\u00f6rskolans utvecklingsarbete. L\u00e4s mer om \u00e5rets resultat p\u00e5 Solbacka h\u00e4r.","twitter_misc":{"Ber\u00e4knad l\u00e4stid":"1 minut"},"schema":{"@context":"https:\/\/schema.org","@graph":[{"@type":"WebPage","@id":"https:\/\/pysslingen.se\/solbacka\/resultat\/","url":"https:\/\/pysslingen.se\/solbacka\/resultat\/","name":"Resultat i v\u00e5rdnadshavarunders\u00f6kning p\u00e5 F\u00f6rskolan Solbacka","isPartOf":{"@id":"https:\/\/pysslingen.se\/solbacka\/#website"},"datePublished":"2020-09-29T09:21:48+00:00","dateModified":"2026-03-17T13:57:47+00:00","description":"Resultatet ligger till grund f\u00f6r f\u00f6rskolans utvecklingsarbete. L\u00e4s mer om \u00e5rets resultat p\u00e5 Solbacka h\u00e4r.","breadcrumb":{"@id":"https:\/\/pysslingen.se\/solbacka\/resultat\/#breadcrumb"},"inLanguage":"sv-SE","potentialAction":[{"@type":"ReadAction","target":["https:\/\/pysslingen.se\/solbacka\/resultat\/"]}]},{"@type":"BreadcrumbList","@id":"https:\/\/pysslingen.se\/solbacka\/resultat\/#breadcrumb","itemListElement":[{"@type":"ListItem","position":1,"name":"Start","item":"https:\/\/pysslingen.se\/solbacka\/"},{"@type":"ListItem","position":2,"name":"Resultat"}]},{"@type":"WebSite","@id":"https:\/\/pysslingen.se\/solbacka\/#website","url":"https:\/\/pysslingen.se\/solbacka\/","name":"Solbacka","description":"En trygg och stimulerande v\u00e4rld","publisher":{"@id":"https:\/\/pysslingen.se\/solbacka\/#organization"},"potentialAction":[{"@type":"SearchAction","target":{"@type":"EntryPoint","urlTemplate":"https:\/\/pysslingen.se\/solbacka\/?s={search_term_string}"},"query-input":"required name=search_term_string"}],"inLanguage":"sv-SE"},{"@type":"Organization","@id":"https:\/\/pysslingen.se\/solbacka\/#organization","name":"Pysslingen F\u00f6rskolor","url":"https:\/\/pysslingen.se\/solbacka\/","logo":{"@type":"ImageObject","inLanguage":"sv-SE","@id":"https:\/\/pysslingen.se\/solbacka\/#\/schema\/logo\/image\/","url":"https:\/\/pysslingen.se\/wp-content\/uploads\/2021\/05\/pysslingen-forskolor.png","contentUrl":"https:\/\/pysslingen.se\/wp-content\/uploads\/2021\/05\/pysslingen-forskolor.png","width":1120,"height":630,"caption":"Pysslingen F\u00f6rskolor"},"image":{"@id":"https:\/\/pysslingen.se\/solbacka\/#\/schema\/logo\/image\/"}}]}},"_links":{"self":[{"href":"https:\/\/pysslingen.se\/solbacka\/wp-json\/wp\/v2\/pages\/29"}],"collection":[{"href":"https:\/\/pysslingen.se\/solbacka\/wp-json\/wp\/v2\/pages"}],"about":[{"href":"https:\/\/pysslingen.se\/solbacka\/wp-json\/wp\/v2\/types\/page"}],"author":[{"embeddable":true,"href":"https:\/\/pysslingen.se\/solbacka\/wp-json\/wp\/v2\/users\/3"}],"replies":[{"embeddable":true,"href":"https:\/\/pysslingen.se\/solbacka\/wp-json\/wp\/v2\/comments?post=29"}],"version-history":[{"count":9,"href":"https:\/\/pysslingen.se\/solbacka\/wp-json\/wp\/v2\/pages\/29\/revisions"}],"predecessor-version":[{"id":1384,"href":"https:\/\/pysslingen.se\/solbacka\/wp-json\/wp\/v2\/pages\/29\/revisions\/1384"}],"wp:attachment":[{"href":"https:\/\/pysslingen.se\/solbacka\/wp-json\/wp\/v2\/media?parent=29"}],"curies":[{"name":"wp","href":"https:\/\/api.w.org\/{rel}","templated":true}]}}