{"id":302,"date":"2020-10-08T14:25:04","date_gmt":"2020-10-08T14:25:04","guid":{"rendered":"https:\/\/pysslingen.se\/solangen\/?page_id=302"},"modified":"2022-11-22T12:20:17","modified_gmt":"2022-11-22T12:20:17","slug":"sa-arbetar-vi","status":"publish","type":"page","link":"https:\/\/pysslingen.se\/solangen\/sa-arbetar-vi\/","title":{"rendered":"S\u00e5 arbetar vi"},"content":{"rendered":"\n<h1 class=\"wp-block-heading\">S\u00e5 arbetar vi<\/h1>\n\n\n\n<p   class=\"site__ingress container text-left  site__text-color--dark  site__free_text--ingress p-0\">\n\tP\u00e5 Sol\u00e4ngens f\u00f6rskola finns nio avdelningar f\u00f6r barn mellan 1-6 \u00e5r.<\/p>\n\n\n\n\n\n<div style=\"height:20px\" aria-hidden=\"true\" class=\"wp-block-spacer\"><\/div>\n\n\n\n<h2 class=\"wp-block-heading\">Yngrebarnsgrupper<\/h2>\n\n\n\n<p>Hos oss ger vi de yngsta barnen en god introduktion till f\u00f6rskolans v\u00e4rld genom att bygga relationer till s\u00e5v\u00e4l pedagoger som till andra barn, samt till material och ting. H\u00e4r f\u00e5r de yngsta barnen m\u00f6jlighet att uppt\u00e4cka genom alla sina sinnen. Vi dokumenterar det barnen g\u00f6r tillsammans p\u00e5 f\u00f6rskolan. Genom dokumentationen och m\u00f6tet med barnen f\u00e5ngar vi upp vad barnen \u00e4r nyfikna p\u00e5. Denna nyfikenhet ger oss riktningen i arbetet mot l\u00e4roplanens m\u00e5l. V\u00e5rt projektinriktade arbetss\u00e4tt ger utbildningen en r\u00f6d tr\u00e5d som bildar en helhet.<\/p>\n\n\n\n<h3 class=\"wp-block-heading\">Milj\u00f6er och material<\/h3>\n\n\n\n<p>Den pedagogiska milj\u00f6n \u00e4r utformad f\u00f6r att de yngsta barnen ska k\u00e4nna sig delaktiga. Materialet \u00e4r l\u00e4ttillg\u00e4ngligt och bjuder in till m\u00f6ten barnen emellan. Milj\u00f6n \u00e4r uppbyggd s\u00e5 att barnen l\u00e4tt kan v\u00e4xla mellan olika aktiviteter och ger en \u00f6verblickbarhet s\u00e5 att barn och pedagoger enkelt ser varandra och de olika materialen som erbjuds.<\/p>\n\n\n\n<h2 class=\"wp-block-heading\">\u00c4ldrebarnsgrupper<\/h2>\n\n\n\n<p>Hos oss f\u00e5r de \u00e4ldre barnen m\u00f6jligheter att f\u00f6rdjupa sina intressen och kunskaper. V\u00e5rt projektinriktade arbetss\u00e4tt ger barnen m\u00f6jlighet att under l\u00e5ng tid stanna kvar i samma process och unders\u00f6ka det som de \u00e4r nyfikna p\u00e5 utifr\u00e5n olika perspektiv.<\/p>\n\n\n\n<p>I m\u00f6tet kring dokumentationen finner vi tillsammans med barnen olika v\u00e4gar i v\u00e5rt projekt. Barnens tankar, id\u00e9er och hypoteser blir p\u00e5 s\u00e5 s\u00e4tt levande i deras utbildning.<\/p>\n\n\n\n<h3 class=\"wp-block-heading\">Milj\u00f6er och material<\/h3>\n\n\n\n<p>De pedagogiska milj\u00f6erna \u00e4r uppbyggda utifr\u00e5n olika rumskoncept d\u00e4r barnen kan f\u00e5 m\u00f6jligheter att unders\u00f6ka utifr\u00e5n l\u00e4roplanens m\u00e5l. Materialet \u00e4r tillg\u00e4ngligt och inbjudande f\u00f6r att locka till lek och l\u00e4rande.<\/p>\n\n\n\n<div style=\"height:20px\" aria-hidden=\"true\" class=\"wp-block-spacer\"><\/div>\n\n\n\n\t<style>\n\t\t.inner {\n\n\t\t\tmargin: 0 auto;\n\t\t}\n\t<\/style>\n\t<div\n\t\t class=\"container images-module\" >\n\t\t<div   class=\"row images_module__slideshow\">\n\n\t\t\t<div\n\t\t\t\t class=\"col-md-8 offset-md-2 p-0 position-relative images_module__slideshow images_module__slideshow-container  \">\n\t\t\t\t<div class=\"images_module__slide\" data-slide=\"\"\n\t\t\t\t\t data-duration=\"\"><\/div>\n\t\t\t\t\t\t\t\t\t<div\n\t\t\t\t\t\t class=\"images_module__slides\n\n\t\t\t\t\t   \"\n\t\t\t\t\t>\n\n\n\t\t\t\t\t\t<div class=\"images__wrapper\" style=\"aspect-ratio: 851 \/ 531;\">\n\t\t\t\t\t\t\t<img decoding=\"async\" width=\"1920\" height=\"2560\" src=\"https:\/\/pysslingen.se\/wp-content\/uploads\/sites\/8\/2020\/11\/var-organisation-larmiljo-1-scaled.jpg\" class=\"images__image_ratio  \" alt=\"Pysslingen f\u00f6rskola sol\u00e4ngen lekrum\" style=\"aspect-ratio: 851 \/ 531;object-position: _center-bottom;\" srcset=\"https:\/\/pysslingen.se\/wp-content\/uploads\/sites\/8\/2020\/11\/var-organisation-larmiljo-1-scaled.jpg 1920w, https:\/\/pysslingen.se\/wp-content\/uploads\/sites\/8\/2020\/11\/var-organisation-larmiljo-1-225x300.jpg 225w, https:\/\/pysslingen.se\/wp-content\/uploads\/sites\/8\/2020\/11\/var-organisation-larmiljo-1-768x1024.jpg 768w, https:\/\/pysslingen.se\/wp-content\/uploads\/sites\/8\/2020\/11\/var-organisation-larmiljo-1-1152x1536.jpg 1152w, https:\/\/pysslingen.se\/wp-content\/uploads\/sites\/8\/2020\/11\/var-organisation-larmiljo-1-1536x2048.jpg 1536w, https:\/\/pysslingen.se\/wp-content\/uploads\/sites\/8\/2020\/11\/var-organisation-larmiljo-1-1024x1365.jpg 1024w, https:\/\/pysslingen.se\/wp-content\/uploads\/sites\/8\/2020\/11\/var-organisation-larmiljo-1-1100x1467.jpg 1100w, https:\/\/pysslingen.se\/wp-content\/uploads\/sites\/8\/2020\/11\/var-organisation-larmiljo-1-503x670.jpg 503w\" sizes=\"(max-width: 1920px) 100vw, 1920px\" \/>\t\t\t\t\t\t<\/div>\n\n\t\t\t\t\t\t\n\t\t\t\t\t\t\t\t\t\t\t<\/div>\n\t\t\t\t\n\t\t\t\t<div class=\"images_module__container_dot\">\n\t\t\t\t\t<div style=\"text-align:center\">\n\t\t\t\t\t\t\t\t\t\t\t\t\t<span   data-i=\"0\"\n\t\t\t\t\t\t\t\t  class=\"\n\t\t\t\t\t\t\timages_module__dot\n\t\t\t\t\t\t\t\t\t\t\t\t\t\t\"\n\t\t\t\t\t\t\t><\/span>\n\t\t\t\t\t\t\t\t\t\t\t<\/div>\n\t\t\t\t<\/div>\n\n\n\t\t\t<\/div>\n\t\t<\/div>\n\t<\/div>\n\n\t\n\n\n<script>\n\tvar images_display_descriptive_text = \"\";\n<\/script>\n\n\n\n<div style=\"height:20px\" aria-hidden=\"true\" class=\"wp-block-spacer\"><\/div>\n\n\n\n<div   class=\"module_wrapper container-fluid  full_width_talker_bg_img full_width_talker text_align--Center  site__secondary-bg--13  ams_active_link_state_default\" >\n\n\t<div class=\"row noblaskolan-border-6 \" style=\"border-color:#ff503c; height:100% width:100%\">\n\n\t\t<div class=\"col-12 p-md-0\">\n\t\t\t<div   style=\"display:none\" class=\"full_width_talker__jsdata_bg\" data-url=\"\">\n\t\t\t<\/div>\n\t\t\t<div   style=\"display:none\" class=\"full_width_talker__jsdata_bg_mobile\" data-url=\"\">\n\t\t\t<\/div>\n\t\t\t<div   style=\"display:none\" class=\"full_width_talker__jsdata_topleft_bg\" data-url=\"\"><\/div>\n\n\t\t\t<div   style=\"display:none\" class=\"full_width_talker__jsdata_bottomright_bg\" data-url=\"\"><\/div>\n\n\n\t\t\t\t\t\t<div class=\"topleft_bg\">\n\t\t\t\t\t\t\t\t<div class=\"container-fluid py-lg-4 bottomright_bg\">\n\n\t\t\t\t\t\n\t\t\t\t\t<div class=\"row mt-lg-4 pt-5 pt-md-0\">\n\t\t\t\t\t\t<article class=\"offset-lg-3 col-lg-6 text-center \">\n\t\t\t\t\t\t\t\t\t\t\t\t\t\t\t\t\t\t\t\t\t\t\t\t<h1   class=\"full_width_talker__heading site__heading-size-2  site__text-color  \">\n\t\t\t\t\t\t\t\t\t\tVad inneb\u00e4r det f\u00f6r just ditt barn?\t\t\t\t\t\t\t\t\t\t\t\t\t\t\t\t\t\t\t<\/h1>\n\t\t\t\t\t\t\t\t\t\t\t\t\t\t\t\t\t\t\t\t\t\t<div class=\"px-3 px-m-0  site__text-color--dark   site_default_a_wysiwyg\">\n\t\t\t\t\t\t\t\t<div   class=\"anchor_classes_div\" data-cta=\" nostyle site__a_cta \" data-theme=\" nostyle site__a_text \" data-darklight=\" nostyle site__a_dark \">\n\t\t\t\t\t\t\t\t\t<p>Kontakta oss g\u00e4rna s\u00e5 ber\u00e4ttar vi mer om hur vi arbetar utifr\u00e5n barnets \u00e5lder.<\/p>\n\t\t\t\t\t\t\t\t<\/div>\n\t\t\t\t\t\t\t<\/div>\n\t\t\t\t\t\t<\/article>\n\t\t\t\t\t<\/div>\n\n\t\t\t\t\t<div class=\"module-expand\">\n\t\t\t\t\t\t\t\t\t\t\t\t\t<div class=\"row full_width_talker__padding_bottom\">\n\t\t\t\t\t\t\t\t<div class=\"col-md-12 \">\n\t\t\t\t\t\t\t\t\t<div class=\"btn-wrap text_align--Center \">\n\t\t\t\t\t\t\t\t\t\t\t\t\t\t\t\t\t\t\t\t\t<!-- <div class=\"my-4 m-sm-4\"> -->\n\t\t\t\t\t\t\t\t\t\t\t\t\t\t\t\t\t\t\t\t\t\t\t\t<a     style=\"max-width:350px;\" id=\"\" href=\"https:\/\/pysslingen.se\/solangen\/kontakt\/\" target=\"\" class=\"btn text-center site__buttons-1 pt-2 site__cta-bg--100 site__text-color--light site__text-color--light slightly-rounded-corners-btn-shape ams_active_button_state_default\" title=\"Kontakta oss\" role=\"button\">\n\t\t\t\t\t\t\t\t\t\t\t\t\tKontakta oss\t\t\t\t\t\t\t\t\t\t\t\t<\/a>\n\t\t\t\t\t\t\t\t\t\t\t<!-- <\/div> -->\n\t\t\t\t\t\t\t\t\t\t\t\t\t\t\t\t\t\t\t<\/div>\n\t\t\t\t\t\t\t\t<\/div>\n\t\t\t\t\t\t\t<\/div>\n\t\t\t\t\t\t\t\t\t\t\t<\/div>\n\t\t\t\t\t<div class=\"row\">\n\t\t\t\t\t\t<div class=\"col-12 d-lg-none text-right mt-3 pr-0 fwt-bottom-right-image\">\n\t\t\t\t\t\t\t<img decoding=\"async\"   src=\"\" alt=\"\">\n\t\t\t\t\t\t<\/div>\n\t\t\t\t\t\t<div class=\"col-12 d-lg-none text-center mt-3 pr-0 mobile-bottom vittra\">\n\t\t\t\t\t\t\t<img decoding=\"async\"   src=\"\" alt=\"\">\n\t\t\t\t\t\t<\/div>\n\t\t\t\t\t<\/div>\n\t\t\t\t<\/div>\n\t\t\t<\/div>\n\t\t<\/div>\n\t<\/div>\n<\/div>\n","protected":false},"excerpt":{"rendered":"<p>S\u00e5 arbetar vi Yngrebarnsgrupper Hos oss ger vi de yngsta barnen en god introduktion till f\u00f6rskolans v\u00e4rld genom att bygga relationer till s\u00e5v\u00e4l pedagoger som till andra barn, samt till material och ting. H\u00e4r f\u00e5r de yngsta barnen m\u00f6jlighet att uppt\u00e4cka genom alla sina sinnen. Vi dokumenterar det barnen g\u00f6r tillsammans p\u00e5 f\u00f6rskolan. Genom dokumentationen&#8230;<\/p>\n","protected":false},"author":5,"featured_media":0,"parent":0,"menu_order":0,"comment_status":"closed","ping_status":"closed","template":"","meta":{"footnotes":""},"yoast_head":"<!-- This site is optimized with the Yoast SEO plugin v22.0 - https:\/\/yoast.com\/wordpress\/plugins\/seo\/ -->\n<title>Sol\u00e4ngen<\/title>\n<meta name=\"description\" content=\"Milj\u00f6n \u00e4r uppbyggd s\u00e5 att barnen l\u00e4tt kan v\u00e4xla mellan olika aktiviteter och ger en \u00f6verblick s\u00e5 att barn och pedagoger enkelt ser varandra och materialen\" \/>\n<meta name=\"robots\" content=\"index, follow, max-snippet:-1, max-image-preview:large, max-video-preview:-1\" \/>\n<link rel=\"canonical\" href=\"https:\/\/pysslingen.se\/solangen\/sa-arbetar-vi\/\" \/>\n<meta property=\"og:locale\" content=\"sv_SE\" \/>\n<meta property=\"og:type\" content=\"article\" \/>\n<meta property=\"og:description\" content=\"Milj\u00f6n \u00e4r uppbyggd s\u00e5 att barnen l\u00e4tt kan v\u00e4xla mellan olika aktiviteter och ger en \u00f6verblick s\u00e5 att barn och pedagoger enkelt ser varandra och materialen\" \/>\n<meta property=\"og:url\" content=\"https:\/\/pysslingen.se\/solangen\/sa-arbetar-vi\/\" \/>\n<meta property=\"og:site_name\" content=\"Sol\u00e4ngen\" \/>\n<meta property=\"article:modified_time\" content=\"2022-11-22T12:20:17+00:00\" \/>\n<meta name=\"twitter:card\" content=\"summary_large_image\" \/>\n<meta name=\"twitter:description\" content=\"Milj\u00f6n \u00e4r uppbyggd s\u00e5 att barnen l\u00e4tt kan v\u00e4xla mellan olika aktiviteter och ger en \u00f6verblick s\u00e5 att barn och pedagoger enkelt ser varandra och materialen\" \/>\n<meta name=\"twitter:image\" content=\"https:\/\/pysslingen.se\/wp-content\/uploads\/sites\/8\/2020\/11\/var-organisation-larmiljo-1-scaled.jpg\" \/>\n<meta name=\"twitter:label1\" content=\"Ber\u00e4knad l\u00e4stid\" \/>\n\t<meta name=\"twitter:data1\" content=\"2 minuter\" \/>\n<script type=\"application\/ld+json\" class=\"yoast-schema-graph\">{\"@context\":\"https:\/\/schema.org\",\"@graph\":[{\"@type\":\"WebPage\",\"@id\":\"https:\/\/pysslingen.se\/solangen\/sa-arbetar-vi\/\",\"url\":\"https:\/\/pysslingen.se\/solangen\/sa-arbetar-vi\/\",\"name\":\"S\u00e5 arbetar vi - Sol\u00e4ngen\",\"isPartOf\":{\"@id\":\"https:\/\/pysslingen.se\/solangen\/#website\"},\"datePublished\":\"2020-10-08T14:25:04+00:00\",\"dateModified\":\"2022-11-22T12:20:17+00:00\",\"description\":\"Milj\u00f6n \u00e4r uppbyggd s\u00e5 att barnen l\u00e4tt kan v\u00e4xla mellan olika aktiviteter och ger en \u00f6verblick s\u00e5 att barn och pedagoger enkelt ser varandra och materialen\",\"breadcrumb\":{\"@id\":\"https:\/\/pysslingen.se\/solangen\/sa-arbetar-vi\/#breadcrumb\"},\"inLanguage\":\"sv-SE\",\"potentialAction\":[{\"@type\":\"ReadAction\",\"target\":[\"https:\/\/pysslingen.se\/solangen\/sa-arbetar-vi\/\"]}]},{\"@type\":\"BreadcrumbList\",\"@id\":\"https:\/\/pysslingen.se\/solangen\/sa-arbetar-vi\/#breadcrumb\",\"itemListElement\":[{\"@type\":\"ListItem\",\"position\":1,\"name\":\"Start\",\"item\":\"https:\/\/pysslingen.se\/solangen\/\"},{\"@type\":\"ListItem\",\"position\":2,\"name\":\"S\u00e5 arbetar vi\"}]},{\"@type\":\"WebSite\",\"@id\":\"https:\/\/pysslingen.se\/solangen\/#website\",\"url\":\"https:\/\/pysslingen.se\/solangen\/\",\"name\":\"Sol\u00e4ngen\",\"description\":\"En trygg och stimulerande v\u00e4rld\",\"publisher\":{\"@id\":\"https:\/\/pysslingen.se\/solangen\/#organization\"},\"potentialAction\":[{\"@type\":\"SearchAction\",\"target\":{\"@type\":\"EntryPoint\",\"urlTemplate\":\"https:\/\/pysslingen.se\/solangen\/?s={search_term_string}\"},\"query-input\":\"required name=search_term_string\"}],\"inLanguage\":\"sv-SE\"},{\"@type\":\"Organization\",\"@id\":\"https:\/\/pysslingen.se\/solangen\/#organization\",\"name\":\"Pysslingen F\u00f6rskolor\",\"url\":\"https:\/\/pysslingen.se\/solangen\/\",\"logo\":{\"@type\":\"ImageObject\",\"inLanguage\":\"sv-SE\",\"@id\":\"https:\/\/pysslingen.se\/solangen\/#\/schema\/logo\/image\/\",\"url\":\"https:\/\/pysslingen.se\/wp-content\/uploads\/2021\/05\/pysslingen-forskolor.png\",\"contentUrl\":\"https:\/\/pysslingen.se\/wp-content\/uploads\/2021\/05\/pysslingen-forskolor.png\",\"width\":1120,\"height\":630,\"caption\":\"Pysslingen F\u00f6rskolor\"},\"image\":{\"@id\":\"https:\/\/pysslingen.se\/solangen\/#\/schema\/logo\/image\/\"}}]}<\/script>\n<!-- \/ Yoast SEO plugin. -->","yoast_head_json":{"title":"Sol\u00e4ngen","description":"Milj\u00f6n \u00e4r uppbyggd s\u00e5 att barnen l\u00e4tt kan v\u00e4xla mellan olika aktiviteter och ger en \u00f6verblick s\u00e5 att barn och pedagoger enkelt ser varandra och materialen","robots":{"index":"index","follow":"follow","max-snippet":"max-snippet:-1","max-image-preview":"max-image-preview:large","max-video-preview":"max-video-preview:-1"},"canonical":"https:\/\/pysslingen.se\/solangen\/sa-arbetar-vi\/","og_locale":"sv_SE","og_type":"article","og_description":"Milj\u00f6n \u00e4r uppbyggd s\u00e5 att barnen l\u00e4tt kan v\u00e4xla mellan olika aktiviteter och ger en \u00f6verblick s\u00e5 att barn och pedagoger enkelt ser varandra och materialen","og_url":"https:\/\/pysslingen.se\/solangen\/sa-arbetar-vi\/","og_site_name":"Sol\u00e4ngen","article_modified_time":"2022-11-22T12:20:17+00:00","twitter_card":"summary_large_image","twitter_description":"Milj\u00f6n \u00e4r uppbyggd s\u00e5 att barnen l\u00e4tt kan v\u00e4xla mellan olika aktiviteter och ger en \u00f6verblick s\u00e5 att barn och pedagoger enkelt ser varandra och materialen","twitter_image":"https:\/\/pysslingen.se\/wp-content\/uploads\/sites\/8\/2020\/11\/var-organisation-larmiljo-1-scaled.jpg","twitter_misc":{"Ber\u00e4knad l\u00e4stid":"2 minuter"},"schema":{"@context":"https:\/\/schema.org","@graph":[{"@type":"WebPage","@id":"https:\/\/pysslingen.se\/solangen\/sa-arbetar-vi\/","url":"https:\/\/pysslingen.se\/solangen\/sa-arbetar-vi\/","name":"S\u00e5 arbetar vi - Sol\u00e4ngen","isPartOf":{"@id":"https:\/\/pysslingen.se\/solangen\/#website"},"datePublished":"2020-10-08T14:25:04+00:00","dateModified":"2022-11-22T12:20:17+00:00","description":"Milj\u00f6n \u00e4r uppbyggd s\u00e5 att barnen l\u00e4tt kan v\u00e4xla mellan olika aktiviteter och ger en \u00f6verblick s\u00e5 att barn och pedagoger enkelt ser varandra och materialen","breadcrumb":{"@id":"https:\/\/pysslingen.se\/solangen\/sa-arbetar-vi\/#breadcrumb"},"inLanguage":"sv-SE","potentialAction":[{"@type":"ReadAction","target":["https:\/\/pysslingen.se\/solangen\/sa-arbetar-vi\/"]}]},{"@type":"BreadcrumbList","@id":"https:\/\/pysslingen.se\/solangen\/sa-arbetar-vi\/#breadcrumb","itemListElement":[{"@type":"ListItem","position":1,"name":"Start","item":"https:\/\/pysslingen.se\/solangen\/"},{"@type":"ListItem","position":2,"name":"S\u00e5 arbetar vi"}]},{"@type":"WebSite","@id":"https:\/\/pysslingen.se\/solangen\/#website","url":"https:\/\/pysslingen.se\/solangen\/","name":"Sol\u00e4ngen","description":"En trygg och stimulerande v\u00e4rld","publisher":{"@id":"https:\/\/pysslingen.se\/solangen\/#organization"},"potentialAction":[{"@type":"SearchAction","target":{"@type":"EntryPoint","urlTemplate":"https:\/\/pysslingen.se\/solangen\/?s={search_term_string}"},"query-input":"required name=search_term_string"}],"inLanguage":"sv-SE"},{"@type":"Organization","@id":"https:\/\/pysslingen.se\/solangen\/#organization","name":"Pysslingen F\u00f6rskolor","url":"https:\/\/pysslingen.se\/solangen\/","logo":{"@type":"ImageObject","inLanguage":"sv-SE","@id":"https:\/\/pysslingen.se\/solangen\/#\/schema\/logo\/image\/","url":"https:\/\/pysslingen.se\/wp-content\/uploads\/2021\/05\/pysslingen-forskolor.png","contentUrl":"https:\/\/pysslingen.se\/wp-content\/uploads\/2021\/05\/pysslingen-forskolor.png","width":1120,"height":630,"caption":"Pysslingen F\u00f6rskolor"},"image":{"@id":"https:\/\/pysslingen.se\/solangen\/#\/schema\/logo\/image\/"}}]}},"_links":{"self":[{"href":"https:\/\/pysslingen.se\/solangen\/wp-json\/wp\/v2\/pages\/302"}],"collection":[{"href":"https:\/\/pysslingen.se\/solangen\/wp-json\/wp\/v2\/pages"}],"about":[{"href":"https:\/\/pysslingen.se\/solangen\/wp-json\/wp\/v2\/types\/page"}],"author":[{"embeddable":true,"href":"https:\/\/pysslingen.se\/solangen\/wp-json\/wp\/v2\/users\/5"}],"replies":[{"embeddable":true,"href":"https:\/\/pysslingen.se\/solangen\/wp-json\/wp\/v2\/comments?post=302"}],"version-history":[{"count":10,"href":"https:\/\/pysslingen.se\/solangen\/wp-json\/wp\/v2\/pages\/302\/revisions"}],"predecessor-version":[{"id":1122,"href":"https:\/\/pysslingen.se\/solangen\/wp-json\/wp\/v2\/pages\/302\/revisions\/1122"}],"wp:attachment":[{"href":"https:\/\/pysslingen.se\/solangen\/wp-json\/wp\/v2\/media?parent=302"}],"curies":[{"name":"wp","href":"https:\/\/api.w.org\/{rel}","templated":true}]}}