{"id":461,"date":"2020-10-16T12:33:05","date_gmt":"2020-10-16T12:33:05","guid":{"rendered":"https:\/\/pysslingen.se\/smorblomman\/?page_id=461"},"modified":"2026-04-29T13:49:06","modified_gmt":"2026-04-29T11:49:06","slug":"besok-oss","status":"publish","type":"page","link":"https:\/\/pysslingen.se\/smorblomman\/besok-oss\/","title":{"rendered":"Bes\u00f6k oss"},"content":{"rendered":"\n\t\n\t\n\t\n\n\t\n\t\n\t\t\n<section  class=\"c-block l-stacked  \" data-color-scheme=\"\">\n\t<div class=\"ams-fifty ams-fifty--container ams-fifty--right ams-fifty--bottom l-container u-pt-fluid-3xl-6xl u-pb-fluid-md-xl\">\n\t\t<div class=\"ams-fifty__content l-stack l-stack-xl is-left is-left@lg\">\n\t\t\t<div class=\"ams-fifty__text l-stack l-stack-lg\">\n\t\t\t\t\t\n\t<h1\n\tclass=\"c-heading u-font-title-1 \"\n\tstyle=\"\">\n\t\t\n\t\t\t\t\tBes\u00f6k oss p\u00e5 Sm\u00f6rblommans f\u00f6rskola\n\t\t\t\t\n\t<\/h1>\n\n\t\t\t\t\t\t\t\t\t<div class=\"text l-stack u-font-body\">\n\t\t\t\t\t\t<p><strong>Boka visning av f\u00f6rskolan<\/strong><br \/>\nV\u00e4lkommen att kontakta v\u00e5ra samordnare f\u00f6r att boka en visning av f\u00f6rskolan. D\u00e5 f\u00e5r du m\u00f6jlighet att se och h\u00f6ra mer om v\u00e5r verksamhet och kan passa p\u00e5 att fr\u00e5ga om s\u00e5dant du undrar \u00f6ver. Vi visar dig runt p\u00e5 alla v\u00e5ra avdelningar och ber\u00e4ttar om v\u00e5ra arbetss\u00e4tt.<\/p>\n<p>Vi ser fram emot att tr\u00e4ffa er!<\/p>\n<div class=\"container core-spacer\">\n<div class=\"row\">\n<div class=\"col-12\"><\/div>\n<\/div>\n<\/div>\n\n\t\t\t\t\t<\/div>\n\t\t\t\t\t\t\t<\/div>\n\n\t\t\t\t<div class=\"ams-fifty__action u-inline-items\">\n\t\t\t\t\t\t\t\n\n\n<a href=\"https:\/\/pysslingen.se\/smorblomman\/besok-oss\/#kontakt\"\n\t\n\tclass=\"c-btn \"\n\tdata-style=\"rounded\"\n\tdata-size=\"md\"\n\tdata-width=\"full-mobile\"\n\tdata-variant=\"outline\"\n\ttarget=\"_self\">\n\t\t\t<span class=\"label\"> Boka visning<\/span>\n\t\t\t<\/a>\n\t\t\t\t\t\t\t\n\n\n<a href=\"https:\/\/pysslingen.se\/smorblomman\/kontakt\"\n\t\n\tclass=\"c-btn \"\n\tdata-style=\"rounded\"\n\tdata-size=\"md\"\n\tdata-width=\"full-mobile\"\n\tdata-variant=\"default\"\n\ttarget=\"_self\">\n\t\t\t<span class=\"label\"> Kontakta oss<\/span>\n\t\t\t<\/a>\n\t\t\t<\/div>\n\t\t<\/div>\n\n\t\t <div class=\"ams-fifty__media u-ratio-landscape\">\n\t\t \t\t\t\t\t<img decoding=\"async\" width=\"600\" height=\"400\" src=\"https:\/\/pysslingen.se\/wp-content\/uploads\/sites\/40\/2025\/10\/dsc0141-600x400.jpg\" class=\"attachment-md size-md\" alt=\"Fasadbild p\u00e5 Sm\u00f6rblomman\" sizes=\"(min-width: 64em) 600px, calc(100vw - 160px)\" srcset=\"https:\/\/pysslingen.se\/wp-content\/uploads\/sites\/40\/2025\/10\/dsc0141-600x400.jpg 600w, https:\/\/pysslingen.se\/wp-content\/uploads\/sites\/40\/2025\/10\/dsc0141-300x200.jpg 300w, https:\/\/pysslingen.se\/wp-content\/uploads\/sites\/40\/2025\/10\/dsc0141-400x267.jpg 400w, https:\/\/pysslingen.se\/wp-content\/uploads\/sites\/40\/2025\/10\/dsc0141-800x533.jpg 800w, https:\/\/pysslingen.se\/wp-content\/uploads\/sites\/40\/2025\/10\/dsc0141-1024x683.jpg 1024w, https:\/\/pysslingen.se\/wp-content\/uploads\/sites\/40\/2025\/10\/dsc0141-1200x800.jpg 1200w\" \/>\n\t\t\t\n\t\t\t\n\t\t\t\t\t<\/div>\n\t<\/div>\n\n\t\t\n\n<\/section>\n\n\n\n\t\n\t\n\t\n\n\t\n\t\n\t\t\n<section  class=\"c-block l-stacked  \" data-color-scheme=\"nyans2_av_p2-card-bakgrund-hover-standard_standard\">\n\t<div class=\"ams-fifty ams-fifty--container ams-fifty--left ams-fifty--bottom l-container u-pt-fluid-md-xl u-pb-fluid-md-xl\">\n\t\t<div class=\"ams-fifty__content l-stack l-stack-xl is-left is-left@lg\">\n\t\t\t<div class=\"ams-fifty__text l-stack l-stack-lg\">\n\t\t\t\t\t\n\t<h2\n\tclass=\"c-heading u-font-title-1 \"\n\tstyle=\"\">\n\t\t\n\t\t\t\t\tVad inneb\u00e4r en visning?\n\t\t\t\t\n\t<\/h2>\n\n\t\t\t\t\t\t\t\t\t<div class=\"text l-stack u-font-body\">\n\t\t\t\t\t\t<p>Under visningen visar en samordnare runt dig i v\u00e5ra lokaler och ber\u00e4ttar hur vi arbetar f\u00f6r att skapa en trygg och l\u00e4rorik vardag f\u00f6r v\u00e5ra barn.<\/p>\n<p><strong>Tre anledningar att boka en visning av f\u00f6rskolan:<\/strong><br \/>\n&#8211; F\u00e5 en k\u00e4nsla f\u00f6r v\u00e5ra lokaler och milj\u00f6n p\u00e5 f\u00f6rskolan<br \/>\n&#8211; St\u00e4ll dina fr\u00e5gor direkt till en pedagog<br \/>\n&#8211; Se hur vi jobbar med trygghet och l\u00e4rande fr\u00e5n introduktionen till sista \u00e5ret p\u00e5 f\u00f6rskolan.<\/p>\n\n\t\t\t\t\t<\/div>\n\t\t\t\t\t\t\t<\/div>\n\n\t\t\t\t\t<\/div>\n\n\t\t <div class=\"ams-fifty__media u-ratio-landscape\">\n\t\t \t\t\t\t\t<img decoding=\"async\" width=\"600\" height=\"400\" src=\"https:\/\/pysslingen.se\/wp-content\/uploads\/sites\/40\/2026\/01\/smorblommanmiljo-600x400.jpg\" class=\"attachment-md size-md\" alt=\"barn och pedagog sitter vid ett bord och ser p\u00e5 varandra i en kreativ l\u00e4rmilj\u00f6\" sizes=\"(min-width: 64em) 600px, calc(100vw - 160px)\" srcset=\"https:\/\/pysslingen.se\/wp-content\/uploads\/sites\/40\/2026\/01\/smorblommanmiljo-600x400.jpg 600w, https:\/\/pysslingen.se\/wp-content\/uploads\/sites\/40\/2026\/01\/smorblommanmiljo-300x200.jpg 300w, https:\/\/pysslingen.se\/wp-content\/uploads\/sites\/40\/2026\/01\/smorblommanmiljo-400x267.jpg 400w, https:\/\/pysslingen.se\/wp-content\/uploads\/sites\/40\/2026\/01\/smorblommanmiljo-800x533.jpg 800w, https:\/\/pysslingen.se\/wp-content\/uploads\/sites\/40\/2026\/01\/smorblommanmiljo-1024x682.jpg 1024w, https:\/\/pysslingen.se\/wp-content\/uploads\/sites\/40\/2026\/01\/smorblommanmiljo-1200x800.jpg 1200w, https:\/\/pysslingen.se\/wp-content\/uploads\/sites\/40\/2026\/01\/smorblommanmiljo.jpg 2000w\" \/>\n\t\t\t\n\t\t\t\n\t\t\t\t\t<\/div>\n\t<\/div>\n\n\t\t\n\n<\/section>\n\n\n\n<section id=kontakt\n\t\t class=\"\n\t\t ams-contact\n\t\t \n\t\t c-block l-stacked\n\t\t \n\t\t \n\t\t js-load-more\n\t\t \"\n\t\t data-color-scheme=\"\"\n\t\t\t\t\tdata-count=\"3\"\n\t\t\t\t\t\t\tdata-count-mobile=\"2\"\n\t\t\t\t>\n\t<div\n\t\t class=\"\n\t\t l-container\n\t\t l-stack l-stack-fluid-2xl\n\t\t u-pt-fluid-2xl-4xl\n\t\t u-pb-fluid-2xl-4xl\n\t\t is-center\n\t\t is-center@md\n\t\t \">\n\t\t\t\t\t<div class=\"ams-contact__intro l-stack l-stack-lg\">\n\t\t\t\t\t\n\t<h2\n\tclass=\"c-heading u-font-title-1 \"\n\tstyle=\"\">\n\t\t\n\t\t\t\t\tBoka visning:\n\t\t\t\t\n\t<\/h2>\n\n\t\t\t\t\t\t\t\t\t<div class=\"c-text l-stack u-cs-xl u-font-body\">\n\t\t\t\t\t\t<p>Har du n\u00e5gra fr\u00e5gor om verksamheten \u00e4r du v\u00e4lkommen att kontakta v\u00e5ra samordnare.<\/p>\n\n\t\t\t\t\t<\/div>\n\t\t\t\t\t\t\t<\/div>\n\t\t\n\t\t\n\t\t    \t\n\t\t\n\t\t<ul\n\t\t\tid=\"contact-grid-6a03501da0f17\"\n\t\t\tclass=\"ams-contact__list l-grid u-gap-fluid-2xl-4xl u-justify-center js-results \"\n\t\t\taria-label=\"Kontakter\"\n\t\t\tdata-filter-animation=\"off\"\n\t\t\t>\n\t\t\t\t\t\t\t\t\t\t\t\n\t\t\t\t\n\t\t\t\t<li class=\"l-col-6@md l-col-4@lg \" data-filter=\"samordnare\">\n\t\t\t\t\t<article class=\"c-card \" data-variant=\"neutral\">\n\t\t\t\t\t\t<div class=\"c-card__content u-text-center\">\n\t\t\t\t\t\t\t\t\t\t\t\t\t\t\t<h3 class=\"c-card__title u-font-title-3\">\n\t\t\t\t\t\t\t\t\tAnnika \u00c5kesson\n\t\t\t\t\t\t\t\t<\/h3>\n\t\t\t\t\t\t\t\n\t\t\t\t\t\t\t\t\t\t\t\t\t\t\t<p class=\"position u-font-body\">Samordnare<\/p>\n\t\t\t\t\t\t\t\n\t\t\t\t\t\t\t\t\t\t\t\t\t\t\t<div class=\"contact-info u-font-body\">\n\t\t\t\t\t\t\t\t\t\t\t\t\t\t\t\t\t\t\t\t\t\t\t\t\t\t\t\t\t\t<p class=\"phone\"><a\n\t\t\t\t\t\t\t\t\t\t\t\t\thref=\"tel:0727083750\"\n\t\t\t\t\t\t\t\t\t\t\t\t\tclass=\"u-text-link\">072-708 37 50<\/a>\n\t\t\t\t\t\t\t\t\t\t\t<\/p>\n\t\t\t\t\t\t\t\t\t\t\t\t\t\t\t\t\t\t\t\n\t\t\t\t\t\t\t\t\t\t\t\t\t\t\t\t\t\t\t\t\t\t\t\t\t\t\t\t\t\t<p class=\"email\"><a\n\t\t\t\t\t\t\t\t\t\t\t\t\thref=\"m&#097;&#105;&#108;&#116;o&#058;&#097;nni&#107;&#097;&#046;&#097;&#107;&#101;ss&#111;&#110;&#064;py&#115;s&#108;i&#110;&#103;&#101;&#110;.&#115;&#101;\"\n\t\t\t\t\t\t\t\t\t\t\t\t\tclass=\"u-text-link\">&#097;&#110;&#110;ika.&#097;ke&#115;&#115;on&#064;&#112;&#121;&#115;slinge&#110;.s&#101;<\/a>\n\t\t\t\t\t\t\t\t\t\t\t<\/p>\n\t\t\t\t\t\t\t\t\t\t\t\t\t\t\t\t\t\t\t\t\t\t\t\t\t\t\t<\/div>\n\t\t\t\t\t\t\t\n\t\t\t\t\t\t\t\t\t\t\t\t\t<\/div>\n\t\t\t\t\t\t<div class=\"c-card__media\">\n\t\t\t\t\t\t\t\t\t\t\t\t\t\t\t\t\t\t\t\t\t\t\t\t\t\t\t\t\t\t\t\t\t\t\t\t\t\t\t\t\t\t\t\t\t\t\t\t\t<img decoding=\"async\" width=\"186\" height=\"257\" src=\"https:\/\/pysslingen.se\/wp-content\/uploads\/sites\/40\/2020\/11\/skarmavbild-2020-11-16-kl-182840.png\" class=\"u-radius-rounded u-ratio-landscape  \" alt=\"Portr\u00e4ttbild p\u00e5 medarbetare.\" sizes=\"(max-width: 300px) 100vw, 300px\" \/>\n\t\t\t\t\t\t<\/div>\n\t\t\t\t\t<\/article>\n\t\t\t\t<\/li>\n\t\t\t\t\t\t\t\t\t\t\t\n\t\t\t\t\n\t\t\t\t<li class=\"l-col-6@md l-col-4@lg \" data-filter=\"samordnare\">\n\t\t\t\t\t<article class=\"c-card \" data-variant=\"neutral\">\n\t\t\t\t\t\t<div class=\"c-card__content u-text-center\">\n\t\t\t\t\t\t\t\t\t\t\t\t\t\t\t<h3 class=\"c-card__title u-font-title-3\">\n\t\t\t\t\t\t\t\t\tCarin Westman\n\t\t\t\t\t\t\t\t<\/h3>\n\t\t\t\t\t\t\t\n\t\t\t\t\t\t\t\t\t\t\t\t\t\t\t<p class=\"position u-font-body\">Samordnare<\/p>\n\t\t\t\t\t\t\t\n\t\t\t\t\t\t\t\t\t\t\t\t\t\t\t<div class=\"contact-info u-font-body\">\n\t\t\t\t\t\t\t\t\t\t\t\t\t\t\t\t\t\t\t\t\t\t\t\t\t\t\t\t\t\t<p class=\"phone\"><a\n\t\t\t\t\t\t\t\t\t\t\t\t\thref=\"tel:0727084417\"\n\t\t\t\t\t\t\t\t\t\t\t\t\tclass=\"u-text-link\">072-708 44 17<\/a>\n\t\t\t\t\t\t\t\t\t\t\t<\/p>\n\t\t\t\t\t\t\t\t\t\t\t\t\t\t\t\t\t\t\t\n\t\t\t\t\t\t\t\t\t\t\t\t\t\t\t\t\t\t\t\t\t\t\t\t\t\t\t\t\t\t<p class=\"email\"><a\n\t\t\t\t\t\t\t\t\t\t\t\t\thref=\"m&#097;&#105;&#108;&#116;&#111;&#058;cari&#110;&#046;we&#115;&#116;m&#097;&#110;&#064;py&#115;&#115;&#108;&#105;n&#103;e&#110;&#046;s&#101;\"\n\t\t\t\t\t\t\t\t\t\t\t\t\tclass=\"u-text-link\">&#099;a&#114;in&#046;&#119;&#101;&#115;tma&#110;&#064;py&#115;s&#108;&#105;n&#103;&#101;n&#046;&#115;e<\/a>\n\t\t\t\t\t\t\t\t\t\t\t<\/p>\n\t\t\t\t\t\t\t\t\t\t\t\t\t\t\t\t\t\t\t\t\t\t\t\t\t\t\t<\/div>\n\t\t\t\t\t\t\t\n\t\t\t\t\t\t\t\t\t\t\t\t\t<\/div>\n\t\t\t\t\t\t<div class=\"c-card__media\">\n\t\t\t\t\t\t\t\t\t\t\t\t\t\t\t\t\t\t\t\t\t\t\t\t\t\t\t\t\t\t\t\t\t\t\t\t\t\t\t\t\t\t\t\t\t\t\t\t\t<img decoding=\"async\" width=\"179\" height=\"224\" src=\"https:\/\/pysslingen.se\/wp-content\/uploads\/sites\/40\/2020\/11\/skarmavbild-2020-11-16-kl-182956.png\" class=\"u-radius-rounded u-ratio-landscape  \" alt=\"Portr\u00e4ttbild p\u00e5 medarbetare.\" sizes=\"(max-width: 300px) 100vw, 300px\" \/>\n\t\t\t\t\t\t<\/div>\n\t\t\t\t\t<\/article>\n\t\t\t\t<\/li>\n\t\t\t\t\t<\/ul>\n\n\t\t\n\t\t    <div class=\"ams-contact__more u-inline-items js-load-more-btn\">\n        <button href=\"#\"\n                class=\"c-btn\"\n                data-style=\"rounded\"\n                data-size=\"md\"\n                data-width=\"full-mobile\"\n                data-variant=\"outline\">\n        \tVisa mer\n        <\/button>\n    <\/div>\n\n\t\t\t<\/div>\n\n\t\t\n\n<\/section>\n","protected":false},"excerpt":{"rendered":"","protected":false},"author":3,"featured_media":0,"parent":0,"menu_order":0,"comment_status":"closed","ping_status":"closed","template":"","meta":{"footnotes":""},"yoast_head":"<!-- This site is optimized with the Yoast SEO plugin v22.0 - https:\/\/yoast.com\/wordpress\/plugins\/seo\/ -->\n<title>V\u00e4lkommen att bes\u00f6ka oss p\u00e5 f\u00f6rskolan Sm\u00f6rblomman!<\/title>\n<meta name=\"description\" content=\"V\u00e4lkommen att bes\u00f6ka oss p\u00e5 f\u00f6rskolan Sm\u00f6rblomman! Kontakta oss f\u00f6r att komma p\u00e5 visning, se v\u00e5r milj\u00f6 och tr\u00e4ffa v\u00e5ra pedagoger. L\u00e4s mer!\" \/>\n<meta name=\"robots\" content=\"index, follow, max-snippet:-1, max-image-preview:large, max-video-preview:-1\" \/>\n<link rel=\"canonical\" href=\"https:\/\/pysslingen.se\/smorblomman\/besok-oss\/\" \/>\n<meta property=\"og:locale\" content=\"sv_SE\" \/>\n<meta property=\"og:type\" content=\"article\" \/>\n<meta property=\"og:title\" content=\"V\u00e4lkommen att bes\u00f6ka oss p\u00e5 f\u00f6rskolan Sm\u00f6rblomman!\" \/>\n<meta property=\"og:description\" content=\"V\u00e4lkommen att bes\u00f6ka oss p\u00e5 f\u00f6rskolan Sm\u00f6rblomman! Kontakta oss f\u00f6r att komma p\u00e5 visning, se v\u00e5r milj\u00f6 och tr\u00e4ffa v\u00e5ra pedagoger. L\u00e4s mer!\" \/>\n<meta property=\"og:url\" content=\"https:\/\/pysslingen.se\/smorblomman\/besok-oss\/\" \/>\n<meta property=\"og:site_name\" content=\"Sm\u00f6rblomman\" \/>\n<meta property=\"article:modified_time\" content=\"2026-04-29T11:49:06+00:00\" \/>\n<meta name=\"twitter:card\" content=\"summary_large_image\" \/>\n<meta name=\"twitter:title\" content=\"V\u00e4lkommen att bes\u00f6ka oss p\u00e5 f\u00f6rskolan Sm\u00f6rblomman!\" \/>\n<meta name=\"twitter:description\" content=\"V\u00e4lkommen att bes\u00f6ka oss p\u00e5 f\u00f6rskolan Sm\u00f6rblomman! Kontakta oss f\u00f6r att komma p\u00e5 visning, se v\u00e5r milj\u00f6 och tr\u00e4ffa v\u00e5ra pedagoger. L\u00e4s mer!\" \/>\n<script type=\"application\/ld+json\" class=\"yoast-schema-graph\">{\"@context\":\"https:\/\/schema.org\",\"@graph\":[{\"@type\":\"WebPage\",\"@id\":\"https:\/\/pysslingen.se\/smorblomman\/besok-oss\/\",\"url\":\"https:\/\/pysslingen.se\/smorblomman\/besok-oss\/\",\"name\":\"V\u00e4lkommen att bes\u00f6ka oss p\u00e5 f\u00f6rskolan Sm\u00f6rblomman!\",\"isPartOf\":{\"@id\":\"https:\/\/pysslingen.se\/smorblomman\/#website\"},\"datePublished\":\"2020-10-16T12:33:05+00:00\",\"dateModified\":\"2026-04-29T11:49:06+00:00\",\"description\":\"V\u00e4lkommen att bes\u00f6ka oss p\u00e5 f\u00f6rskolan Sm\u00f6rblomman! Kontakta oss f\u00f6r att komma p\u00e5 visning, se v\u00e5r milj\u00f6 och tr\u00e4ffa v\u00e5ra pedagoger. L\u00e4s mer!\",\"breadcrumb\":{\"@id\":\"https:\/\/pysslingen.se\/smorblomman\/besok-oss\/#breadcrumb\"},\"inLanguage\":\"sv-SE\",\"potentialAction\":[{\"@type\":\"ReadAction\",\"target\":[\"https:\/\/pysslingen.se\/smorblomman\/besok-oss\/\"]}]},{\"@type\":\"BreadcrumbList\",\"@id\":\"https:\/\/pysslingen.se\/smorblomman\/besok-oss\/#breadcrumb\",\"itemListElement\":[{\"@type\":\"ListItem\",\"position\":1,\"name\":\"Start\",\"item\":\"https:\/\/pysslingen.se\/smorblomman\/\"},{\"@type\":\"ListItem\",\"position\":2,\"name\":\"Bes\u00f6k oss\"}]},{\"@type\":\"WebSite\",\"@id\":\"https:\/\/pysslingen.se\/smorblomman\/#website\",\"url\":\"https:\/\/pysslingen.se\/smorblomman\/\",\"name\":\"Sm\u00f6rblomman\",\"description\":\"En trygg och stimulerande v\u00e4rld\",\"publisher\":{\"@id\":\"https:\/\/pysslingen.se\/smorblomman\/#organization\"},\"potentialAction\":[{\"@type\":\"SearchAction\",\"target\":{\"@type\":\"EntryPoint\",\"urlTemplate\":\"https:\/\/pysslingen.se\/smorblomman\/?s={search_term_string}\"},\"query-input\":\"required name=search_term_string\"}],\"inLanguage\":\"sv-SE\"},{\"@type\":\"Organization\",\"@id\":\"https:\/\/pysslingen.se\/smorblomman\/#organization\",\"name\":\"Pysslingen F\u00f6rskolor\",\"url\":\"https:\/\/pysslingen.se\/smorblomman\/\",\"logo\":{\"@type\":\"ImageObject\",\"inLanguage\":\"sv-SE\",\"@id\":\"https:\/\/pysslingen.se\/smorblomman\/#\/schema\/logo\/image\/\",\"url\":\"https:\/\/pysslingen.se\/wp-content\/uploads\/2021\/05\/pysslingen-forskolor.png\",\"contentUrl\":\"https:\/\/pysslingen.se\/wp-content\/uploads\/2021\/05\/pysslingen-forskolor.png\",\"width\":1120,\"height\":630,\"caption\":\"Pysslingen F\u00f6rskolor\"},\"image\":{\"@id\":\"https:\/\/pysslingen.se\/smorblomman\/#\/schema\/logo\/image\/\"}}]}<\/script>\n<!-- \/ Yoast SEO plugin. -->","yoast_head_json":{"title":"V\u00e4lkommen att bes\u00f6ka oss p\u00e5 f\u00f6rskolan Sm\u00f6rblomman!","description":"V\u00e4lkommen att bes\u00f6ka oss p\u00e5 f\u00f6rskolan Sm\u00f6rblomman! Kontakta oss f\u00f6r att komma p\u00e5 visning, se v\u00e5r milj\u00f6 och tr\u00e4ffa v\u00e5ra pedagoger. L\u00e4s mer!","robots":{"index":"index","follow":"follow","max-snippet":"max-snippet:-1","max-image-preview":"max-image-preview:large","max-video-preview":"max-video-preview:-1"},"canonical":"https:\/\/pysslingen.se\/smorblomman\/besok-oss\/","og_locale":"sv_SE","og_type":"article","og_title":"V\u00e4lkommen att bes\u00f6ka oss p\u00e5 f\u00f6rskolan Sm\u00f6rblomman!","og_description":"V\u00e4lkommen att bes\u00f6ka oss p\u00e5 f\u00f6rskolan Sm\u00f6rblomman! Kontakta oss f\u00f6r att komma p\u00e5 visning, se v\u00e5r milj\u00f6 och tr\u00e4ffa v\u00e5ra pedagoger. L\u00e4s mer!","og_url":"https:\/\/pysslingen.se\/smorblomman\/besok-oss\/","og_site_name":"Sm\u00f6rblomman","article_modified_time":"2026-04-29T11:49:06+00:00","twitter_card":"summary_large_image","twitter_title":"V\u00e4lkommen att bes\u00f6ka oss p\u00e5 f\u00f6rskolan Sm\u00f6rblomman!","twitter_description":"V\u00e4lkommen att bes\u00f6ka oss p\u00e5 f\u00f6rskolan Sm\u00f6rblomman! Kontakta oss f\u00f6r att komma p\u00e5 visning, se v\u00e5r milj\u00f6 och tr\u00e4ffa v\u00e5ra pedagoger. L\u00e4s mer!","schema":{"@context":"https:\/\/schema.org","@graph":[{"@type":"WebPage","@id":"https:\/\/pysslingen.se\/smorblomman\/besok-oss\/","url":"https:\/\/pysslingen.se\/smorblomman\/besok-oss\/","name":"V\u00e4lkommen att bes\u00f6ka oss p\u00e5 f\u00f6rskolan Sm\u00f6rblomman!","isPartOf":{"@id":"https:\/\/pysslingen.se\/smorblomman\/#website"},"datePublished":"2020-10-16T12:33:05+00:00","dateModified":"2026-04-29T11:49:06+00:00","description":"V\u00e4lkommen att bes\u00f6ka oss p\u00e5 f\u00f6rskolan Sm\u00f6rblomman! Kontakta oss f\u00f6r att komma p\u00e5 visning, se v\u00e5r milj\u00f6 och tr\u00e4ffa v\u00e5ra pedagoger. L\u00e4s mer!","breadcrumb":{"@id":"https:\/\/pysslingen.se\/smorblomman\/besok-oss\/#breadcrumb"},"inLanguage":"sv-SE","potentialAction":[{"@type":"ReadAction","target":["https:\/\/pysslingen.se\/smorblomman\/besok-oss\/"]}]},{"@type":"BreadcrumbList","@id":"https:\/\/pysslingen.se\/smorblomman\/besok-oss\/#breadcrumb","itemListElement":[{"@type":"ListItem","position":1,"name":"Start","item":"https:\/\/pysslingen.se\/smorblomman\/"},{"@type":"ListItem","position":2,"name":"Bes\u00f6k oss"}]},{"@type":"WebSite","@id":"https:\/\/pysslingen.se\/smorblomman\/#website","url":"https:\/\/pysslingen.se\/smorblomman\/","name":"Sm\u00f6rblomman","description":"En trygg och stimulerande v\u00e4rld","publisher":{"@id":"https:\/\/pysslingen.se\/smorblomman\/#organization"},"potentialAction":[{"@type":"SearchAction","target":{"@type":"EntryPoint","urlTemplate":"https:\/\/pysslingen.se\/smorblomman\/?s={search_term_string}"},"query-input":"required name=search_term_string"}],"inLanguage":"sv-SE"},{"@type":"Organization","@id":"https:\/\/pysslingen.se\/smorblomman\/#organization","name":"Pysslingen F\u00f6rskolor","url":"https:\/\/pysslingen.se\/smorblomman\/","logo":{"@type":"ImageObject","inLanguage":"sv-SE","@id":"https:\/\/pysslingen.se\/smorblomman\/#\/schema\/logo\/image\/","url":"https:\/\/pysslingen.se\/wp-content\/uploads\/2021\/05\/pysslingen-forskolor.png","contentUrl":"https:\/\/pysslingen.se\/wp-content\/uploads\/2021\/05\/pysslingen-forskolor.png","width":1120,"height":630,"caption":"Pysslingen F\u00f6rskolor"},"image":{"@id":"https:\/\/pysslingen.se\/smorblomman\/#\/schema\/logo\/image\/"}}]}},"_links":{"self":[{"href":"https:\/\/pysslingen.se\/smorblomman\/wp-json\/wp\/v2\/pages\/461"}],"collection":[{"href":"https:\/\/pysslingen.se\/smorblomman\/wp-json\/wp\/v2\/pages"}],"about":[{"href":"https:\/\/pysslingen.se\/smorblomman\/wp-json\/wp\/v2\/types\/page"}],"author":[{"embeddable":true,"href":"https:\/\/pysslingen.se\/smorblomman\/wp-json\/wp\/v2\/users\/3"}],"replies":[{"embeddable":true,"href":"https:\/\/pysslingen.se\/smorblomman\/wp-json\/wp\/v2\/comments?post=461"}],"version-history":[{"count":10,"href":"https:\/\/pysslingen.se\/smorblomman\/wp-json\/wp\/v2\/pages\/461\/revisions"}],"predecessor-version":[{"id":1421,"href":"https:\/\/pysslingen.se\/smorblomman\/wp-json\/wp\/v2\/pages\/461\/revisions\/1421"}],"wp:attachment":[{"href":"https:\/\/pysslingen.se\/smorblomman\/wp-json\/wp\/v2\/media?parent=461"}],"curies":[{"name":"wp","href":"https:\/\/api.w.org\/{rel}","templated":true}]}}