{"id":20,"date":"2020-09-29T09:19:21","date_gmt":"2020-09-29T09:19:21","guid":{"rendered":"https:\/\/pysslingen.se\/smorblomman\/?page_id=20"},"modified":"2025-12-15T09:20:46","modified_gmt":"2025-12-15T08:20:46","slug":"maten","status":"publish","type":"page","link":"https:\/\/pysslingen.se\/smorblomman\/maten\/","title":{"rendered":"V\u00e5r mat"},"content":{"rendered":"\n\t\n\t\n\t\n\n\t\n\t\n\t\t\n<section  class=\"c-block l-stacked  \" data-color-scheme=\"nyans2_av_cta-dark-card-primar1-light-hover-standard_standard\">\n\t<div class=\"ams-fifty ams-fifty--container ams-fifty--right ams-fifty--bottom l-container u-pt-fluid-2xl-4xl u-pb-fluid-2xl-4xl\">\n\t\t<div class=\"ams-fifty__content l-stack l-stack-xl is-left is-left@lg\">\n\t\t\t<div class=\"ams-fifty__text l-stack l-stack-lg\">\n\t\t\t\t\t\n\t<h1\n\tclass=\"c-heading u-font-title-1 \"\n\tstyle=\"\">\n\t\t\n\t\t\t\t\tMaten p\u00e5 Pysslingen Sm\u00f6rblomman\n\t\t\t\t\n\t<\/h1>\n\n\t\t\t\t\t\t\t\t\t<div class=\"text l-stack u-font-body\">\n\t\t\t\t\t\t<p>P\u00e5 Sm\u00f6rblomman \u00e4r det v\u00e5r kock Ingalill som lagar ekologisk och n\u00e4ringsrik mat fr\u00e5n grunden. Vi \u00e4r en KRAV-certifierad f\u00f6rskola, vilket inneb\u00e4r att vi anv\u00e4nder oss av 25% ekologiska och KRAV-m\u00e4rkta varor.<\/p>\n\n\t\t\t\t\t<\/div>\n\t\t\t\t\t\t\t<\/div>\n\n\t\t\t\t\t<\/div>\n\n\t\t <div class=\"ams-fifty__media u-ratio-landscape\">\n\t\t \t\t\t\t\t<img decoding=\"async\" width=\"600\" height=\"900\" src=\"https:\/\/pysslingen.se\/wp-content\/uploads\/sites\/40\/2020\/11\/barn-och-mat-i-forskolan.jpg\" class=\"attachment-md size-md\" alt=\"Pasta f\u00f6r hungriga barn p\u00e5 Sol\u00e4ngens f\u00f6rskola\" sizes=\"(min-width: 64em) 600px, calc(100vw - 160px)\" srcset=\"https:\/\/pysslingen.se\/wp-content\/uploads\/sites\/40\/2020\/11\/barn-och-mat-i-forskolan.jpg 667w, https:\/\/pysslingen.se\/wp-content\/uploads\/sites\/40\/2020\/11\/barn-och-mat-i-forskolan-200x300.jpg 200w, https:\/\/pysslingen.se\/wp-content\/uploads\/sites\/40\/2020\/11\/barn-och-mat-i-forskolan-447x670.jpg 447w\" \/>\n\t\t\t\n\t\t\t\n\t\t\t\t\t<\/div>\n\t<\/div>\n\n\t\t\n\n<\/section>\n\n\n\n<h2 class=\"wp-block-heading\">P\u00e5 f\u00f6rskolan Sm\u00f6rblomman arbetar vi utifr\u00e5n m\u00e5ltidspedagogik<\/h2>\n\n\n\n<p>Med stor matgl\u00e4dje lagar Ingalill sp\u00e4nnande matr\u00e4tter, vilket kan vara husmanskost med inslag fr\u00e5n olika influenser. K\u00f6ket ligger i hj\u00e4rtat av f\u00f6rskolan d\u00e4r barn, pedagoger, v\u00e5rdnadshavare och kocken m\u00f6ts i olika samtal kring maten. I m\u00f6tet med barnen skapas nya tankar kring mat, men ocks\u00e5 m\u00e5nga samtal om exempelvis vart maten kommer ifr\u00e5n och hur maten p\u00e5verkar oss.&nbsp;<\/p>\n\n\n\n<p>&nbsp;\u2013 Jag vill g\u00f6ra barnen nyfikna och intresserade av maten som de \u00e4ter. Jag ber\u00e4ttar g\u00e4rna f\u00f6r barnen varifr\u00e5n maten kommer eller visar de redskap och maskiner som jag anv\u00e4nder, ber\u00e4ttar Ingalill.<\/p>\n\n\n\n<p>P\u00e5 f\u00f6rskolan Sm\u00f6rblomman arbetar vi utifr\u00e5n m\u00e5ltidspedagogik. En viktig del i m\u00e5ltidspedagogiken \u00e4r pedagogernas f\u00f6rh\u00e5llningss\u00e4tt i matsituationerna. Anna Dahlgren, f\u00f6rskoll\u00e4rare p\u00e5 Sm\u00f6rblomman, ber\u00e4ttar att det \u00e4r viktigt att inte v\u00e4rdera vad barnen \u00e4ter eller hur mycket de l\u00e4gger p\u00e5 tallriken.<\/p>\n\n\n\n<p>\u2013 Vi vill locka barnen att smaka och testa. Men vi m\u00e5ste alltid ha respekt f\u00f6r att alla \u00e4r olika och att barn generellt sett har en inbyggd skepsis till mat som \u00e4r ny f\u00f6r dem. Vissa barn vill till exempel bekanta sig med en ny gr\u00f6nsak genom att helt enkelt titta p\u00e5 den vid n\u00e5gra tillf\u00e4llen, ber\u00e4ttar Anna.<\/p>\n\n\n\n<p>Vid matbordet \u00e4r samtalet viktigt, inte minst kring barnens upplevelser av maten.<\/p>\n\n\n\n<p>\u2013 Vi pratar g\u00e4rna med barnen om hur de upplever matens f\u00e4rg, form, doft och smak. Vi pratar om hur maten har kommit till v\u00e5ra tallrikar genom odlingsprocesser och transporter. Kanske r\u00e4knar vi k\u00f6ttbullar och morotsstavar. P\u00e5 s\u00e5 vis kan vi inkludera spr\u00e5k, naturvetenskap, matematik och flera andra kunskapsomr\u00e5den vid ett och samma tillf\u00e4lle.<\/p>\n\n\n\n<div style=\"height:100px\" aria-hidden=\"true\" class=\"wp-block-spacer\"><\/div>\n\n\n\n<div class=\"wp-block-group is-layout-flow wp-block-group-is-layout-flow\">\n\t<div class=\"module_wrapper ams_remote_pages_module \">\n\t\t\t\t\t\t\t<div class=\"container core-columns\">\n\t\t\t\t\t\t<div class=\"row\">\n\t\t\t\t\t\t\t<div class=\"col-12\">\n\t\t\t\t\t\t\t\t\n<div class=\"wp-block-columns is-layout-flex wp-container-core-columns-layout-1 wp-block-columns-is-layout-flex\">\n<div class=\"wp-block-column is-layout-flow wp-block-column-is-layout-flow\" style=\"flex-basis:33.33%\">\n\t<style>\n\t\t.inner {\n\n\t\t\tmargin: 0 auto;\n\t\t}\n\t<\/style>\n\t<div\n\t\t class=\"container images-module\" >\n\t\t<div   class=\"row images_module__slideshow\">\n\n\t\t\t<div\n\t\t\t\t class=\"col-md-8 offset-md-2 p-0 position-relative images_module__slideshow images_module__slideshow-container  \">\n\t\t\t\t<div class=\"images_module__slide\" data-slide=\"\"\n\t\t\t\t\t data-duration=\"\"><\/div>\n\t\t\t\t\t\t\t\t\t<div\n\t\t\t\t\t\t class=\"images_module__slides\n\n\t\t\t\t\t   \"\n\t\t\t\t\t>\n\n\n\t\t\t\t\t\t<div class=\"images__wrapper\" style=\"aspect-ratio: 851 \/ 531;\">\n\t\t\t\t\t\t\t<img decoding=\"async\" width=\"710\" height=\"471\" src=\"https:\/\/pysslingen.se\/wp-content\/uploads\/2021\/09\/eu-logotypskolmjolksstodjpg-2.jpg\" class=\"images__image_ratio  \" alt=\"skolmj\u00f6lk eu flagga\" style=\"aspect-ratio: 851 \/ 531;object-position: _center-center;\" srcset=\"https:\/\/pysslingen.se\/wp-content\/uploads\/2021\/09\/eu-logotypskolmjolksstodjpg-2.jpg 710w, https:\/\/pysslingen.se\/wp-content\/uploads\/2021\/09\/eu-logotypskolmjolksstodjpg-2-300x199.jpg 300w, https:\/\/pysslingen.se\/wp-content\/uploads\/2021\/09\/eu-logotypskolmjolksstodjpg-2-500x332.jpg 500w, https:\/\/pysslingen.se\/wp-content\/uploads\/2021\/09\/eu-logotypskolmjolksstodjpg-2-340x226.jpg 340w\" sizes=\"(max-width: 710px) 100vw, 710px\" \/>\t\t\t\t\t\t<\/div>\n\n\t\t\t\t\t\t\n\t\t\t\t\t\t\t\t\t\t\t<\/div>\n\t\t\t\t\n\t\t\t\t<div class=\"images_module__container_dot\">\n\t\t\t\t\t<div style=\"text-align:center\">\n\t\t\t\t\t\t\t\t\t\t\t\t\t<span   data-i=\"0\"\n\t\t\t\t\t\t\t\t  class=\"\n\t\t\t\t\t\t\timages_module__dot\n\t\t\t\t\t\t\t\t\t\t\t\t\t\t\"\n\t\t\t\t\t\t\t><\/span>\n\t\t\t\t\t\t\t\t\t\t\t<\/div>\n\t\t\t\t<\/div>\n\n\n\t\t\t<\/div>\n\t\t<\/div>\n\t<\/div>\n\n\t\n\n\n<script>\n\tvar images_display_descriptive_text = \"\";\n<\/script>\n<\/div>\n\n\n\n<div class=\"wp-block-column is-layout-flow wp-block-column-is-layout-flow\" style=\"flex-basis:66.66%\">\n<p><strong>Skolmj\u00f6lken vi serverar finansieras delvis av Europeiska garantifonden f\u00f6r jordbruket.<\/strong><\/p>\n<\/div>\n<\/div>\n\t\t\t\t\t\t\t<\/div>\n\t\t\t\t\t\t<\/div>\n\t\t\t\t\t<\/div>\n\t\t\t\t\t\t<\/div>\n\n\t<\/div>\n\n\n\n\n<section  class=\"ams-cta ams-cta--stacked c-block l-stacked\">\n\t<div class=\"l-container l-stack l-stack-fluid-2xl u-pt-fluid-md-xl u-pb-fluid-md-xl is-center is-center@md\">\n\t\t\t\t\t<div class=\"ams-cta__intro l-stack l-stack-lg\">\n\t\t\t\t\t\n\t<h2\n\tclass=\"c-heading u-font-title-1 \"\n\tstyle=\"\">\n\t\t\n\t\t\t\t\tPysslingen arbetar aktivt med att skapa h\u00e5llbara m\u00e5ltider\n\t\t\t\t\n\t<\/h2>\n\n\t\t\t\t\t\t\t<\/div>\n\t\t\n\t\t\n\t\t\t<div class=\"ams-cta__action u-inline-items\">\n\t\t\t\t\t\t\t\n\n\n<a href=\"https:\/\/pysslingen.se\/smorblomman\/hallbarhet\/\"\n\t\n\tclass=\"c-btn \"\n\tdata-style=\"rounded\"\n\tdata-size=\"md\"\n\tdata-width=\"full-mobile\"\n\tdata-variant=\"default\"\n\ttarget=\"_self\">\n\t\t\t<span class=\"label\"> L\u00e4s mer om h\u00e5llbarhet<\/span>\n\t\t\t<\/a>\n\t\t\t<\/div>\n\t<\/div>\n\n\t\t\n\n<\/section>\n","protected":false},"excerpt":{"rendered":"<p>P\u00e5 f\u00f6rskolan Sm\u00f6rblomman arbetar vi utifr\u00e5n m\u00e5ltidspedagogik Med stor matgl\u00e4dje lagar Ingalill sp\u00e4nnande matr\u00e4tter, vilket kan vara husmanskost med inslag fr\u00e5n olika influenser. K\u00f6ket ligger i hj\u00e4rtat av f\u00f6rskolan d\u00e4r barn, pedagoger, v\u00e5rdnadshavare och kocken m\u00f6ts i olika samtal kring maten. I m\u00f6tet med barnen skapas nya tankar kring mat, men ocks\u00e5 m\u00e5nga samtal om&#8230;<\/p>\n","protected":false},"author":3,"featured_media":0,"parent":0,"menu_order":0,"comment_status":"closed","ping_status":"closed","template":"","meta":{"footnotes":""},"yoast_head":"<!-- This site is optimized with the Yoast SEO plugin v22.0 - https:\/\/yoast.com\/wordpress\/plugins\/seo\/ -->\n<title>P\u00e5 Sm\u00f6rblomman serverar vi mat f\u00f6r aktiva barn<\/title>\n<meta name=\"description\" content=\"K\u00f6ket ligger i hj\u00e4rtat av f\u00f6rskolan d\u00e4r barn, pedagoger, v\u00e5rdnadshavare och kocken m\u00f6ts i olika samtal kring maten.\" \/>\n<meta name=\"robots\" content=\"index, follow, max-snippet:-1, max-image-preview:large, max-video-preview:-1\" \/>\n<link rel=\"canonical\" href=\"https:\/\/pysslingen.se\/smorblomman\/maten\/\" \/>\n<meta property=\"og:locale\" content=\"sv_SE\" \/>\n<meta property=\"og:type\" content=\"article\" \/>\n<meta property=\"og:title\" content=\"P\u00e5 Sm\u00f6rblomman serverar vi mat f\u00f6r aktiva barn\" \/>\n<meta property=\"og:description\" content=\"K\u00f6ket ligger i hj\u00e4rtat av f\u00f6rskolan d\u00e4r barn, pedagoger, v\u00e5rdnadshavare och kocken m\u00f6ts i olika samtal kring maten.\" \/>\n<meta property=\"og:url\" content=\"https:\/\/pysslingen.se\/smorblomman\/maten\/\" \/>\n<meta property=\"og:site_name\" content=\"Sm\u00f6rblomman\" \/>\n<meta property=\"article:modified_time\" content=\"2025-12-15T08:20:46+00:00\" \/>\n<meta name=\"twitter:card\" content=\"summary_large_image\" \/>\n<meta name=\"twitter:title\" content=\"P\u00e5 Sm\u00f6rblomman serverar vi mat f\u00f6r aktiva barn\" \/>\n<meta name=\"twitter:description\" content=\"K\u00f6ket ligger i hj\u00e4rtat av f\u00f6rskolan d\u00e4r barn, pedagoger, v\u00e5rdnadshavare och kocken m\u00f6ts i olika samtal kring maten.\" \/>\n<meta name=\"twitter:label1\" content=\"Ber\u00e4knad l\u00e4stid\" \/>\n\t<meta name=\"twitter:data1\" content=\"2 minuter\" \/>\n<script type=\"application\/ld+json\" class=\"yoast-schema-graph\">{\"@context\":\"https:\/\/schema.org\",\"@graph\":[{\"@type\":\"WebPage\",\"@id\":\"https:\/\/pysslingen.se\/smorblomman\/maten\/\",\"url\":\"https:\/\/pysslingen.se\/smorblomman\/maten\/\",\"name\":\"P\u00e5 Sm\u00f6rblomman serverar vi mat f\u00f6r aktiva barn\",\"isPartOf\":{\"@id\":\"https:\/\/pysslingen.se\/smorblomman\/#website\"},\"datePublished\":\"2020-09-29T09:19:21+00:00\",\"dateModified\":\"2025-12-15T08:20:46+00:00\",\"description\":\"K\u00f6ket ligger i hj\u00e4rtat av f\u00f6rskolan d\u00e4r barn, pedagoger, v\u00e5rdnadshavare och kocken m\u00f6ts i olika samtal kring maten.\",\"breadcrumb\":{\"@id\":\"https:\/\/pysslingen.se\/smorblomman\/maten\/#breadcrumb\"},\"inLanguage\":\"sv-SE\",\"potentialAction\":[{\"@type\":\"ReadAction\",\"target\":[\"https:\/\/pysslingen.se\/smorblomman\/maten\/\"]}]},{\"@type\":\"BreadcrumbList\",\"@id\":\"https:\/\/pysslingen.se\/smorblomman\/maten\/#breadcrumb\",\"itemListElement\":[{\"@type\":\"ListItem\",\"position\":1,\"name\":\"Start\",\"item\":\"https:\/\/pysslingen.se\/smorblomman\/\"},{\"@type\":\"ListItem\",\"position\":2,\"name\":\"V\u00e5r mat\"}]},{\"@type\":\"WebSite\",\"@id\":\"https:\/\/pysslingen.se\/smorblomman\/#website\",\"url\":\"https:\/\/pysslingen.se\/smorblomman\/\",\"name\":\"Sm\u00f6rblomman\",\"description\":\"En trygg och stimulerande v\u00e4rld\",\"publisher\":{\"@id\":\"https:\/\/pysslingen.se\/smorblomman\/#organization\"},\"potentialAction\":[{\"@type\":\"SearchAction\",\"target\":{\"@type\":\"EntryPoint\",\"urlTemplate\":\"https:\/\/pysslingen.se\/smorblomman\/?s={search_term_string}\"},\"query-input\":\"required name=search_term_string\"}],\"inLanguage\":\"sv-SE\"},{\"@type\":\"Organization\",\"@id\":\"https:\/\/pysslingen.se\/smorblomman\/#organization\",\"name\":\"Pysslingen F\u00f6rskolor\",\"url\":\"https:\/\/pysslingen.se\/smorblomman\/\",\"logo\":{\"@type\":\"ImageObject\",\"inLanguage\":\"sv-SE\",\"@id\":\"https:\/\/pysslingen.se\/smorblomman\/#\/schema\/logo\/image\/\",\"url\":\"https:\/\/pysslingen.se\/wp-content\/uploads\/2021\/05\/pysslingen-forskolor.png\",\"contentUrl\":\"https:\/\/pysslingen.se\/wp-content\/uploads\/2021\/05\/pysslingen-forskolor.png\",\"width\":1120,\"height\":630,\"caption\":\"Pysslingen F\u00f6rskolor\"},\"image\":{\"@id\":\"https:\/\/pysslingen.se\/smorblomman\/#\/schema\/logo\/image\/\"}}]}<\/script>\n<!-- \/ Yoast SEO plugin. -->","yoast_head_json":{"title":"P\u00e5 Sm\u00f6rblomman serverar vi mat f\u00f6r aktiva barn","description":"K\u00f6ket ligger i hj\u00e4rtat av f\u00f6rskolan d\u00e4r barn, pedagoger, v\u00e5rdnadshavare och kocken m\u00f6ts i olika samtal kring maten.","robots":{"index":"index","follow":"follow","max-snippet":"max-snippet:-1","max-image-preview":"max-image-preview:large","max-video-preview":"max-video-preview:-1"},"canonical":"https:\/\/pysslingen.se\/smorblomman\/maten\/","og_locale":"sv_SE","og_type":"article","og_title":"P\u00e5 Sm\u00f6rblomman serverar vi mat f\u00f6r aktiva barn","og_description":"K\u00f6ket ligger i hj\u00e4rtat av f\u00f6rskolan d\u00e4r barn, pedagoger, v\u00e5rdnadshavare och kocken m\u00f6ts i olika samtal kring maten.","og_url":"https:\/\/pysslingen.se\/smorblomman\/maten\/","og_site_name":"Sm\u00f6rblomman","article_modified_time":"2025-12-15T08:20:46+00:00","twitter_card":"summary_large_image","twitter_title":"P\u00e5 Sm\u00f6rblomman serverar vi mat f\u00f6r aktiva barn","twitter_description":"K\u00f6ket ligger i hj\u00e4rtat av f\u00f6rskolan d\u00e4r barn, pedagoger, v\u00e5rdnadshavare och kocken m\u00f6ts i olika samtal kring maten.","twitter_misc":{"Ber\u00e4knad l\u00e4stid":"2 minuter"},"schema":{"@context":"https:\/\/schema.org","@graph":[{"@type":"WebPage","@id":"https:\/\/pysslingen.se\/smorblomman\/maten\/","url":"https:\/\/pysslingen.se\/smorblomman\/maten\/","name":"P\u00e5 Sm\u00f6rblomman serverar vi mat f\u00f6r aktiva barn","isPartOf":{"@id":"https:\/\/pysslingen.se\/smorblomman\/#website"},"datePublished":"2020-09-29T09:19:21+00:00","dateModified":"2025-12-15T08:20:46+00:00","description":"K\u00f6ket ligger i hj\u00e4rtat av f\u00f6rskolan d\u00e4r barn, pedagoger, v\u00e5rdnadshavare och kocken m\u00f6ts i olika samtal kring maten.","breadcrumb":{"@id":"https:\/\/pysslingen.se\/smorblomman\/maten\/#breadcrumb"},"inLanguage":"sv-SE","potentialAction":[{"@type":"ReadAction","target":["https:\/\/pysslingen.se\/smorblomman\/maten\/"]}]},{"@type":"BreadcrumbList","@id":"https:\/\/pysslingen.se\/smorblomman\/maten\/#breadcrumb","itemListElement":[{"@type":"ListItem","position":1,"name":"Start","item":"https:\/\/pysslingen.se\/smorblomman\/"},{"@type":"ListItem","position":2,"name":"V\u00e5r mat"}]},{"@type":"WebSite","@id":"https:\/\/pysslingen.se\/smorblomman\/#website","url":"https:\/\/pysslingen.se\/smorblomman\/","name":"Sm\u00f6rblomman","description":"En trygg och stimulerande v\u00e4rld","publisher":{"@id":"https:\/\/pysslingen.se\/smorblomman\/#organization"},"potentialAction":[{"@type":"SearchAction","target":{"@type":"EntryPoint","urlTemplate":"https:\/\/pysslingen.se\/smorblomman\/?s={search_term_string}"},"query-input":"required name=search_term_string"}],"inLanguage":"sv-SE"},{"@type":"Organization","@id":"https:\/\/pysslingen.se\/smorblomman\/#organization","name":"Pysslingen F\u00f6rskolor","url":"https:\/\/pysslingen.se\/smorblomman\/","logo":{"@type":"ImageObject","inLanguage":"sv-SE","@id":"https:\/\/pysslingen.se\/smorblomman\/#\/schema\/logo\/image\/","url":"https:\/\/pysslingen.se\/wp-content\/uploads\/2021\/05\/pysslingen-forskolor.png","contentUrl":"https:\/\/pysslingen.se\/wp-content\/uploads\/2021\/05\/pysslingen-forskolor.png","width":1120,"height":630,"caption":"Pysslingen F\u00f6rskolor"},"image":{"@id":"https:\/\/pysslingen.se\/smorblomman\/#\/schema\/logo\/image\/"}}]}},"_links":{"self":[{"href":"https:\/\/pysslingen.se\/smorblomman\/wp-json\/wp\/v2\/pages\/20"}],"collection":[{"href":"https:\/\/pysslingen.se\/smorblomman\/wp-json\/wp\/v2\/pages"}],"about":[{"href":"https:\/\/pysslingen.se\/smorblomman\/wp-json\/wp\/v2\/types\/page"}],"author":[{"embeddable":true,"href":"https:\/\/pysslingen.se\/smorblomman\/wp-json\/wp\/v2\/users\/3"}],"replies":[{"embeddable":true,"href":"https:\/\/pysslingen.se\/smorblomman\/wp-json\/wp\/v2\/comments?post=20"}],"version-history":[{"count":10,"href":"https:\/\/pysslingen.se\/smorblomman\/wp-json\/wp\/v2\/pages\/20\/revisions"}],"predecessor-version":[{"id":1392,"href":"https:\/\/pysslingen.se\/smorblomman\/wp-json\/wp\/v2\/pages\/20\/revisions\/1392"}],"wp:attachment":[{"href":"https:\/\/pysslingen.se\/smorblomman\/wp-json\/wp\/v2\/media?parent=20"}],"curies":[{"name":"wp","href":"https:\/\/api.w.org\/{rel}","templated":true}]}}