{"id":29,"date":"2020-09-29T09:21:48","date_gmt":"2020-09-29T09:21:48","guid":{"rendered":"https:\/\/pysslingen.se\/sjotullen\/?page_id=29"},"modified":"2026-03-18T11:53:32","modified_gmt":"2026-03-18T10:53:32","slug":"resultat","status":"publish","type":"page","link":"https:\/\/pysslingen.se\/sjotullen\/resultat\/","title":{"rendered":"Resultat"},"content":{"rendered":"\n<h1 class=\"wp-block-heading\">V\u00e5rdnadshavarunders\u00f6kning: S\u00e5 utvecklar vi f\u00f6rskolan Sj\u00f6tullen med hj\u00e4lp av v\u00e5rdnadshavarnas \u00e5terkoppling<\/h1>\n\n\n\n<p   class=\"site__ingress container text-left  site__text-color--dark  site__free_text--ingress p-0\">\n\tVad k\u00e4nnetecknar den b\u00e4sta f\u00f6rskolan p\u00e5 Kungsholmen? I b\u00f6rjan av varje \u00e5r ber vi dig som v\u00e5rdnadshavare att besvara en enk\u00e4t om hur du upplever v\u00e5r verksamhet. Resultatet ligger sedan till grund f\u00f6r f\u00f6rskolans utvecklingsarbete under resten av \u00e5ret.<\/p>\n\n\n\n\n\n<h2 class=\"wp-block-heading\">Vad visar \u00e5rets sammanst\u00e4llning av f\u00f6rskolan Sj\u00f6tullen?<\/h2>\n\n\n\n<p>Vi \u00e4r glada och stolta \u00f6ver \u00e5rets resultat. Hela 96 procent av de svarande \u00e4r n\u00f6jda med verksamheten som helhet och vi ser att arbetet med v\u00e5ra inomhusmilj\u00f6er, v\u00e5ra projekt och arbetet med att f\u00f6rb\u00e4ttra v\u00e5r dokumentation och information har gett resultat.&nbsp;&nbsp;&nbsp;&nbsp;<\/p>\n\n\n\n<p>Resultatet visar att v\u00e5r verksamhet \u00e4r stabil och att barnen trivs hos oss. V\u00e5rdnadshavarna upplever ocks\u00e5 att pedagogerna bidrar positivt till inl\u00e4rning och utveckling och att barnen erbjuds m\u00e5nga fysiska aktiviteter som utmanar b\u00e5de styrka och r\u00f6rlighet.&nbsp;&nbsp;&nbsp;<\/p>\n\n\n\n<p>Sammanst\u00e4llningen visar att det finns en del f\u00f6rb\u00e4ttringsomr\u00e5den som vi kommer att forts\u00e4tta arbeta med under \u00e5ret. Det g\u00e4ller framf\u00f6rallt utomhusmilj\u00f6n, d\u00e4r vi redan har p\u00e5b\u00f6rjat ett f\u00f6r\u00e4ndringsarbete. Vi tar till oss det som framkommer i resultaten och kommer under v\u00e5ra \u00e5terkommande f\u00f6r\u00e4ldrar\u00e5d att bjuda in till dialog med v\u00e5rdnadshavarna om \u00e5rets resultat, samt vad vi g\u00f6r f\u00f6r att arbeta aktivt med f\u00f6rb\u00e4ttringar.&nbsp;<\/p>\n\n\n<section \n\tclass=\"ams-info-graph  c-block l-stacked  \"\n\tdata-color-scheme=\"\">\n\t<div\n\t\tclass=\"l-stack l-stack-fluid-2xl u-pt-fluid-3xl-6xl u-pb-fluid-3xl-6xl is-center is-center@md\">\n\t\t\n\t\t\n\t\t<ul class=\"ams-info-graph__list l-grid u-justify-start\">\n\t\t\t\t\t\t\t\t\t\n\t\t\t\t\t\t\t<li \n\t\t\t\t\tdata-color-scheme=\"\"\n\t\t\t\t\tdata-color-scheme-mobile=\"\"\n\t\t\t\t\tclass=\"c-ig c-ig--graph l-col-6@md\">\n\n\t\t\t\t\t\t\t\t\t\t\t\t\t\t<h2 class=\"c-ig__title u-font-title-3\">\n\t\t\t\t\t\t\tN\u00f6jd v\u00e5rdnadshavare\n\t\t\t\t\t\t<\/h2>\n\t\n\t\n\t\n\t\t\t<div class=\"c-ig__text l-stack-xs u-font-body\">\n\t\t\t<p><strong>Jag \u00e4r n\u00f6jd med mitt barns f\u00f6rskola<\/strong><\/p>\n\n\t\t<\/div>\n\t\n\t\t\t<div\n\t\t\tclass=\"c-ig__graph\"\n\t\t\tdata-type=\"bar\"\n\t\t\tdata-show-legend=\"1\"\n\t\t\tdata-ispercent=\"\"\n\t\t\tdata-y-axis-range=\"eyJtaW4iOiIwIiwibWF4IjoiMTAwIn0=\"\n\t\t\tdata-items-config=\"W3siY29sb3IiOiIjZTYzYzUwIiwibGFiZWwiOiIyMDI0In0seyJjb2xvciI6IiNmZjYyNTAiLCJsYWJlbCI6IjIwMjUifSx7ImNvbG9yIjoiI2U2M2M1MCIsImxhYmVsIjoiMjAyNiJ9XQ==\"\n\t\t\tdata-items=\"W3sibGFiZWwiOiIiLCJ2YWx1ZXMiOlt7InZhbHVlIjoiODkifSx7InZhbHVlIjoiOTQifSx7InZhbHVlIjoiOTYifV19XQ==\"\n\t\t\tdata-color-legend=\"var(--ig-text-color)\"\n\t\t\tdata-css-font=\"var(--ig-font-family)\"\n\t\t><\/div>\n\t\n\t\t\t\t\t\n\t\t\t\t<\/li>\n\t\t\t\t\t\t\t<li \n\t\t\t\t\tdata-color-scheme=\"\"\n\t\t\t\t\tdata-color-scheme-mobile=\"\"\n\t\t\t\t\tclass=\"c-ig c-ig--graph l-col-6@md\">\n\n\t\t\t\t\t\t\t\t\t\t\t\t\t\t<h2 class=\"c-ig__title u-font-title-3\">\n\t\t\t\t\t\t\tTrygghetsgrad\n\t\t\t\t\t\t<\/h2>\n\t\n\t\n\t\n\t\t\t<div class=\"c-ig__text l-stack-xs u-font-body\">\n\t\t\t<p><strong>Mitt barn k\u00e4nner sig tryggt i f\u00f6rskolan<\/strong><\/p>\n\n\t\t<\/div>\n\t\n\t\t\t<div\n\t\t\tclass=\"c-ig__graph\"\n\t\t\tdata-type=\"bar\"\n\t\t\tdata-show-legend=\"1\"\n\t\t\tdata-ispercent=\"\"\n\t\t\tdata-y-axis-range=\"eyJtaW4iOiIwIiwibWF4IjoiMTAwIn0=\"\n\t\t\tdata-items-config=\"W3siY29sb3IiOiIjMDA0MTc4IiwibGFiZWwiOiIyMDI0In0seyJjb2xvciI6IiMzMmEwZjAiLCJsYWJlbCI6IjIwMjUifSx7ImNvbG9yIjoiIzAwNDE3OCIsImxhYmVsIjoiMjAyNiJ9XQ==\"\n\t\t\tdata-items=\"W3sibGFiZWwiOiIiLCJ2YWx1ZXMiOlt7InZhbHVlIjoiMTAwIn0seyJ2YWx1ZSI6Ijk5In0seyJ2YWx1ZSI6Ijk4In1dfV0=\"\n\t\t\tdata-color-legend=\"var(--ig-text-color)\"\n\t\t\tdata-css-font=\"var(--ig-font-family)\"\n\t\t><\/div>\n\t\n\t\t\t\t\t\n\t\t\t\t<\/li>\n\t\t\t\t\t<\/ul>\n\t<\/div>\n\n\t\t\n\n\n<\/section>\n\n\t\n\t\n\t\n\t\n\t\n\n<section \n\tclass=\"ams-info-graph  c-block l-stacked  \"\n\tdata-color-scheme=\"\">\n\t<div\n\t\tclass=\"l-stack l-stack-fluid-2xl u-pt-fluid-3xl-6xl u-pb-fluid-3xl-6xl is-center is-center@md\">\n\t\t\n\t\t\n\t\t<ul class=\"ams-info-graph__list l-grid u-justify-start\">\n\t\t\t\t\t\t\t\t\t\n\t\t\t\t\t\t\t<li \n\t\t\t\t\tdata-color-scheme=\"\"\n\t\t\t\t\tdata-color-scheme-mobile=\"\"\n\t\t\t\t\tclass=\"c-ig c-ig--graph l-col-6@md\">\n\n\t\t\t\t\t\t\t\t\t\t\t\t\t\t<h2 class=\"c-ig__title u-font-title-3\">\n\t\t\t\t\t\t\tStimulerande l\u00e4rmilj\u00f6\n\t\t\t\t\t\t<\/h2>\n\t\n\t\n\t\n\t\t\t<div class=\"c-ig__text l-stack-xs u-font-body\">\n\t\t\t<p><strong>Inomhusmilj\u00f6n p\u00e5 mitt barns f\u00f6rskola stimulerar till lek och l\u00e4rande<\/strong><\/p>\n\n\t\t<\/div>\n\t\n\t\t\t<div\n\t\t\tclass=\"c-ig__graph\"\n\t\t\tdata-type=\"bar\"\n\t\t\tdata-show-legend=\"1\"\n\t\t\tdata-ispercent=\"\"\n\t\t\tdata-y-axis-range=\"eyJtaW4iOiIwIiwibWF4IjoiMTAwIn0=\"\n\t\t\tdata-items-config=\"W3siY29sb3IiOiIjZmY5ZjMzIiwibGFiZWwiOiIyMDI0In0seyJjb2xvciI6IiNmZmM4MjgiLCJsYWJlbCI6IjIwMjUifSx7ImNvbG9yIjoiI2ZmOWYzMyIsImxhYmVsIjoiMjAyNiJ9XQ==\"\n\t\t\tdata-items=\"W3sibGFiZWwiOiIiLCJ2YWx1ZXMiOlt7InZhbHVlIjoiODgifSx7InZhbHVlIjoiOTIifSx7InZhbHVlIjoiOTYifV19XQ==\"\n\t\t\tdata-color-legend=\"var(--ig-text-color)\"\n\t\t\tdata-css-font=\"var(--ig-font-family)\"\n\t\t><\/div>\n\t\n\t\t\t\t\t\n\t\t\t\t<\/li>\n\t\t\t\t\t\t\t<li \n\t\t\t\t\tdata-color-scheme=\"\"\n\t\t\t\t\tdata-color-scheme-mobile=\"\"\n\t\t\t\t\tclass=\"c-ig c-ig--graph l-col-6@md\">\n\n\t\t\t\t\t\t\t\t\t\t\t\t\t\t<h2 class=\"c-ig__title u-font-title-3\">\n\t\t\t\t\t\t\tPedagogerna bidrar\n\t\t\t\t\t\t<\/h2>\n\t\n\t\n\t\n\t\t\t<div class=\"c-ig__text l-stack-xs u-font-body\">\n\t\t\t<p><strong>Pedagogerna bidrar positivt till mitt barns inl\u00e4rning och utveckling<\/strong><\/p>\n\n\t\t<\/div>\n\t\n\t\t\t<div\n\t\t\tclass=\"c-ig__graph\"\n\t\t\tdata-type=\"bar\"\n\t\t\tdata-show-legend=\"1\"\n\t\t\tdata-ispercent=\"\"\n\t\t\tdata-y-axis-range=\"eyJtaW4iOiIwIiwibWF4IjoiMTAwIn0=\"\n\t\t\tdata-items-config=\"W3siY29sb3IiOiIjNzM0OWU2IiwibGFiZWwiOiIyMDI0In0seyJjb2xvciI6IiNhMzYzZTIiLCJsYWJlbCI6IjIwMjUifSx7ImNvbG9yIjoiIzczNDllNiIsImxhYmVsIjoiMjAyNiJ9XQ==\"\n\t\t\tdata-items=\"W3sibGFiZWwiOiIiLCJ2YWx1ZXMiOlt7InZhbHVlIjoiOTUifSx7InZhbHVlIjoiOTQifSx7InZhbHVlIjoiOTgifV19XQ==\"\n\t\t\tdata-color-legend=\"var(--ig-text-color)\"\n\t\t\tdata-css-font=\"var(--ig-font-family)\"\n\t\t><\/div>\n\t\n\t\t\t\t\t\n\t\t\t\t<\/li>\n\t\t\t\t\t<\/ul>\n\t<\/div>\n\n\t\t\n\n\n<\/section>\n\n\t\n\t\n\t\n\t\n\t","protected":false},"excerpt":{"rendered":"<p>V\u00e5rdnadshavarunders\u00f6kning: S\u00e5 utvecklar vi f\u00f6rskolan Sj\u00f6tullen med hj\u00e4lp av v\u00e5rdnadshavarnas \u00e5terkoppling Vad visar \u00e5rets sammanst\u00e4llning av f\u00f6rskolan Sj\u00f6tullen? Vi \u00e4r glada och stolta \u00f6ver \u00e5rets resultat. Hela 96 procent av de svarande \u00e4r n\u00f6jda med verksamheten som helhet och vi ser att arbetet med v\u00e5ra inomhusmilj\u00f6er, v\u00e5ra projekt och arbetet med att f\u00f6rb\u00e4ttra v\u00e5r dokumentation&#8230;<\/p>\n","protected":false},"author":3,"featured_media":0,"parent":0,"menu_order":0,"comment_status":"closed","ping_status":"closed","template":"","meta":{"footnotes":""},"yoast_head":"<!-- This site is optimized with the Yoast SEO plugin v22.0 - https:\/\/yoast.com\/wordpress\/plugins\/seo\/ -->\n<title>Resultat i v\u00e5rdnadshavarunders\u00f6kning p\u00e5 F\u00f6rskolan Sj\u00f6tullen<\/title>\n<meta name=\"description\" content=\"Resultatet ligger till grund f\u00f6r f\u00f6rskolans utvecklingsarbete. L\u00e4s mer om \u00e5rets resultat p\u00e5 Sj\u00f6tullen h\u00e4r.\" \/>\n<meta name=\"robots\" content=\"index, follow, max-snippet:-1, max-image-preview:large, max-video-preview:-1\" \/>\n<link rel=\"canonical\" href=\"https:\/\/pysslingen.se\/sjotullen\/resultat\/\" \/>\n<meta property=\"og:locale\" content=\"sv_SE\" \/>\n<meta property=\"og:type\" content=\"article\" \/>\n<meta property=\"og:title\" content=\"Resultat i v\u00e5rdnadshavarunders\u00f6kning p\u00e5 F\u00f6rskolan Sj\u00f6tullen\" \/>\n<meta property=\"og:description\" content=\"Resultatet ligger till grund f\u00f6r f\u00f6rskolans utvecklingsarbete. L\u00e4s mer om \u00e5rets resultat p\u00e5 Sj\u00f6tullen h\u00e4r.\" \/>\n<meta property=\"og:url\" content=\"https:\/\/pysslingen.se\/sjotullen\/resultat\/\" \/>\n<meta property=\"og:site_name\" content=\"Sj\u00f6tullen\" \/>\n<meta property=\"article:modified_time\" content=\"2026-03-18T10:53:32+00:00\" \/>\n<meta name=\"twitter:card\" content=\"summary_large_image\" \/>\n<meta name=\"twitter:title\" content=\"Resultat i v\u00e5rdnadshavarunders\u00f6kning p\u00e5 F\u00f6rskolan Sj\u00f6tullen\" \/>\n<meta name=\"twitter:description\" content=\"Resultatet ligger till grund f\u00f6r f\u00f6rskolans utvecklingsarbete. L\u00e4s mer om \u00e5rets resultat p\u00e5 Sj\u00f6tullen h\u00e4r.\" \/>\n<meta name=\"twitter:label1\" content=\"Ber\u00e4knad l\u00e4stid\" \/>\n\t<meta name=\"twitter:data1\" content=\"1 minut\" \/>\n<script type=\"application\/ld+json\" class=\"yoast-schema-graph\">{\"@context\":\"https:\/\/schema.org\",\"@graph\":[{\"@type\":\"WebPage\",\"@id\":\"https:\/\/pysslingen.se\/sjotullen\/resultat\/\",\"url\":\"https:\/\/pysslingen.se\/sjotullen\/resultat\/\",\"name\":\"Resultat i v\u00e5rdnadshavarunders\u00f6kning p\u00e5 F\u00f6rskolan Sj\u00f6tullen\",\"isPartOf\":{\"@id\":\"https:\/\/pysslingen.se\/sjotullen\/#website\"},\"datePublished\":\"2020-09-29T09:21:48+00:00\",\"dateModified\":\"2026-03-18T10:53:32+00:00\",\"description\":\"Resultatet ligger till grund f\u00f6r f\u00f6rskolans utvecklingsarbete. L\u00e4s mer om \u00e5rets resultat p\u00e5 Sj\u00f6tullen h\u00e4r.\",\"breadcrumb\":{\"@id\":\"https:\/\/pysslingen.se\/sjotullen\/resultat\/#breadcrumb\"},\"inLanguage\":\"sv-SE\",\"potentialAction\":[{\"@type\":\"ReadAction\",\"target\":[\"https:\/\/pysslingen.se\/sjotullen\/resultat\/\"]}]},{\"@type\":\"BreadcrumbList\",\"@id\":\"https:\/\/pysslingen.se\/sjotullen\/resultat\/#breadcrumb\",\"itemListElement\":[{\"@type\":\"ListItem\",\"position\":1,\"name\":\"Start\",\"item\":\"https:\/\/pysslingen.se\/sjotullen\/\"},{\"@type\":\"ListItem\",\"position\":2,\"name\":\"Resultat\"}]},{\"@type\":\"WebSite\",\"@id\":\"https:\/\/pysslingen.se\/sjotullen\/#website\",\"url\":\"https:\/\/pysslingen.se\/sjotullen\/\",\"name\":\"Sj\u00f6tullen\",\"description\":\"En trygg och stimulerande v\u00e4rld\",\"publisher\":{\"@id\":\"https:\/\/pysslingen.se\/sjotullen\/#organization\"},\"potentialAction\":[{\"@type\":\"SearchAction\",\"target\":{\"@type\":\"EntryPoint\",\"urlTemplate\":\"https:\/\/pysslingen.se\/sjotullen\/?s={search_term_string}\"},\"query-input\":\"required name=search_term_string\"}],\"inLanguage\":\"sv-SE\"},{\"@type\":\"Organization\",\"@id\":\"https:\/\/pysslingen.se\/sjotullen\/#organization\",\"name\":\"Pysslingen F\u00f6rskolor\",\"url\":\"https:\/\/pysslingen.se\/sjotullen\/\",\"logo\":{\"@type\":\"ImageObject\",\"inLanguage\":\"sv-SE\",\"@id\":\"https:\/\/pysslingen.se\/sjotullen\/#\/schema\/logo\/image\/\",\"url\":\"https:\/\/pysslingen.se\/wp-content\/uploads\/2021\/05\/pysslingen-forskolor.png\",\"contentUrl\":\"https:\/\/pysslingen.se\/wp-content\/uploads\/2021\/05\/pysslingen-forskolor.png\",\"width\":1120,\"height\":630,\"caption\":\"Pysslingen F\u00f6rskolor\"},\"image\":{\"@id\":\"https:\/\/pysslingen.se\/sjotullen\/#\/schema\/logo\/image\/\"}}]}<\/script>\n<!-- \/ Yoast SEO plugin. -->","yoast_head_json":{"title":"Resultat i v\u00e5rdnadshavarunders\u00f6kning p\u00e5 F\u00f6rskolan Sj\u00f6tullen","description":"Resultatet ligger till grund f\u00f6r f\u00f6rskolans utvecklingsarbete. L\u00e4s mer om \u00e5rets resultat p\u00e5 Sj\u00f6tullen h\u00e4r.","robots":{"index":"index","follow":"follow","max-snippet":"max-snippet:-1","max-image-preview":"max-image-preview:large","max-video-preview":"max-video-preview:-1"},"canonical":"https:\/\/pysslingen.se\/sjotullen\/resultat\/","og_locale":"sv_SE","og_type":"article","og_title":"Resultat i v\u00e5rdnadshavarunders\u00f6kning p\u00e5 F\u00f6rskolan Sj\u00f6tullen","og_description":"Resultatet ligger till grund f\u00f6r f\u00f6rskolans utvecklingsarbete. L\u00e4s mer om \u00e5rets resultat p\u00e5 Sj\u00f6tullen h\u00e4r.","og_url":"https:\/\/pysslingen.se\/sjotullen\/resultat\/","og_site_name":"Sj\u00f6tullen","article_modified_time":"2026-03-18T10:53:32+00:00","twitter_card":"summary_large_image","twitter_title":"Resultat i v\u00e5rdnadshavarunders\u00f6kning p\u00e5 F\u00f6rskolan Sj\u00f6tullen","twitter_description":"Resultatet ligger till grund f\u00f6r f\u00f6rskolans utvecklingsarbete. L\u00e4s mer om \u00e5rets resultat p\u00e5 Sj\u00f6tullen h\u00e4r.","twitter_misc":{"Ber\u00e4knad l\u00e4stid":"1 minut"},"schema":{"@context":"https:\/\/schema.org","@graph":[{"@type":"WebPage","@id":"https:\/\/pysslingen.se\/sjotullen\/resultat\/","url":"https:\/\/pysslingen.se\/sjotullen\/resultat\/","name":"Resultat i v\u00e5rdnadshavarunders\u00f6kning p\u00e5 F\u00f6rskolan Sj\u00f6tullen","isPartOf":{"@id":"https:\/\/pysslingen.se\/sjotullen\/#website"},"datePublished":"2020-09-29T09:21:48+00:00","dateModified":"2026-03-18T10:53:32+00:00","description":"Resultatet ligger till grund f\u00f6r f\u00f6rskolans utvecklingsarbete. L\u00e4s mer om \u00e5rets resultat p\u00e5 Sj\u00f6tullen h\u00e4r.","breadcrumb":{"@id":"https:\/\/pysslingen.se\/sjotullen\/resultat\/#breadcrumb"},"inLanguage":"sv-SE","potentialAction":[{"@type":"ReadAction","target":["https:\/\/pysslingen.se\/sjotullen\/resultat\/"]}]},{"@type":"BreadcrumbList","@id":"https:\/\/pysslingen.se\/sjotullen\/resultat\/#breadcrumb","itemListElement":[{"@type":"ListItem","position":1,"name":"Start","item":"https:\/\/pysslingen.se\/sjotullen\/"},{"@type":"ListItem","position":2,"name":"Resultat"}]},{"@type":"WebSite","@id":"https:\/\/pysslingen.se\/sjotullen\/#website","url":"https:\/\/pysslingen.se\/sjotullen\/","name":"Sj\u00f6tullen","description":"En trygg och stimulerande v\u00e4rld","publisher":{"@id":"https:\/\/pysslingen.se\/sjotullen\/#organization"},"potentialAction":[{"@type":"SearchAction","target":{"@type":"EntryPoint","urlTemplate":"https:\/\/pysslingen.se\/sjotullen\/?s={search_term_string}"},"query-input":"required name=search_term_string"}],"inLanguage":"sv-SE"},{"@type":"Organization","@id":"https:\/\/pysslingen.se\/sjotullen\/#organization","name":"Pysslingen F\u00f6rskolor","url":"https:\/\/pysslingen.se\/sjotullen\/","logo":{"@type":"ImageObject","inLanguage":"sv-SE","@id":"https:\/\/pysslingen.se\/sjotullen\/#\/schema\/logo\/image\/","url":"https:\/\/pysslingen.se\/wp-content\/uploads\/2021\/05\/pysslingen-forskolor.png","contentUrl":"https:\/\/pysslingen.se\/wp-content\/uploads\/2021\/05\/pysslingen-forskolor.png","width":1120,"height":630,"caption":"Pysslingen F\u00f6rskolor"},"image":{"@id":"https:\/\/pysslingen.se\/sjotullen\/#\/schema\/logo\/image\/"}}]}},"_links":{"self":[{"href":"https:\/\/pysslingen.se\/sjotullen\/wp-json\/wp\/v2\/pages\/29"}],"collection":[{"href":"https:\/\/pysslingen.se\/sjotullen\/wp-json\/wp\/v2\/pages"}],"about":[{"href":"https:\/\/pysslingen.se\/sjotullen\/wp-json\/wp\/v2\/types\/page"}],"author":[{"embeddable":true,"href":"https:\/\/pysslingen.se\/sjotullen\/wp-json\/wp\/v2\/users\/3"}],"replies":[{"embeddable":true,"href":"https:\/\/pysslingen.se\/sjotullen\/wp-json\/wp\/v2\/comments?post=29"}],"version-history":[{"count":10,"href":"https:\/\/pysslingen.se\/sjotullen\/wp-json\/wp\/v2\/pages\/29\/revisions"}],"predecessor-version":[{"id":1536,"href":"https:\/\/pysslingen.se\/sjotullen\/wp-json\/wp\/v2\/pages\/29\/revisions\/1536"}],"wp:attachment":[{"href":"https:\/\/pysslingen.se\/sjotullen\/wp-json\/wp\/v2\/media?parent=29"}],"curies":[{"name":"wp","href":"https:\/\/api.w.org\/{rel}","templated":true}]}}