{"id":209,"date":"2020-10-01T11:27:44","date_gmt":"2020-10-01T11:27:44","guid":{"rendered":"https:\/\/pysslingen.se\/sjostaden\/?page_id=209"},"modified":"2025-02-28T15:09:52","modified_gmt":"2025-02-28T14:09:52","slug":"samverkan-med-hemmet","status":"publish","type":"page","link":"https:\/\/pysslingen.se\/sjostaden\/samverkan-med-hemmet\/","title":{"rendered":"Samverkan med hemmet"},"content":{"rendered":"\t<div\n\t\t class=\"module_wrapper container-fluid images-module\" >\n\t\t<div class=\"row\">\n\t\t\t<div\n\t\t\t\t\tclass=\"col-12 m-0 p-0 position-relative images_module__slideshow images_module__slideshow-container module-expand \">\n\n\t\t\t\t<div class=\"images_module__slide \" data-slide=\"\"\n\t\t\t\t\t data-duration=\"\"><\/div>\n\t\t\t\t\t\t\t\t\t<div\n\t\t\t\t\t\t class=\"images_module__slides \">\n\n\n\t\t\t\t\t\t<div class=\"images__wrapper\"\n\t\t\t\t\t\t\t style=\"aspect-ratio: 1441 \/ 531;\">\n\t\t\t\t\t\t\t<img decoding=\"async\" width=\"2500\" height=\"1308\" src=\"https:\/\/pysslingen.se\/wp-content\/uploads\/sites\/23\/2020\/10\/1pysslingenannonsmateriall1200x628.png\" class=\"images__image_ratio  \" alt=\"Pyss kommer med sin pappa till f\u00f6rskolan Pysslingen\" style=\"aspect-ratio: 1441 \/ 531;object-position: _center-center;\" srcset=\"https:\/\/pysslingen.se\/wp-content\/uploads\/sites\/23\/2020\/10\/1pysslingenannonsmateriall1200x628.png 2500w, https:\/\/pysslingen.se\/wp-content\/uploads\/sites\/23\/2020\/10\/1pysslingenannonsmateriall1200x628-300x157.png 300w, https:\/\/pysslingen.se\/wp-content\/uploads\/sites\/23\/2020\/10\/1pysslingenannonsmateriall1200x628-1024x536.png 1024w, https:\/\/pysslingen.se\/wp-content\/uploads\/sites\/23\/2020\/10\/1pysslingenannonsmateriall1200x628-768x402.png 768w, https:\/\/pysslingen.se\/wp-content\/uploads\/sites\/23\/2020\/10\/1pysslingenannonsmateriall1200x628-1536x804.png 1536w, https:\/\/pysslingen.se\/wp-content\/uploads\/sites\/23\/2020\/10\/1pysslingenannonsmateriall1200x628-2048x1072.png 2048w, https:\/\/pysslingen.se\/wp-content\/uploads\/sites\/23\/2020\/10\/1pysslingenannonsmateriall1200x628-1920x1005.png 1920w, https:\/\/pysslingen.se\/wp-content\/uploads\/sites\/23\/2020\/10\/1pysslingenannonsmateriall1200x628-1100x576.png 1100w, https:\/\/pysslingen.se\/wp-content\/uploads\/sites\/23\/2020\/10\/1pysslingenannonsmateriall1200x628-1000x523.png 1000w\" sizes=\"(max-width: 2500px) 100vw, 2500px\" \/>\t\t\t\t\t\t<\/div>\n\n\t\t\t\t\t\t\n\t\t\t\t\t\t\t\t\t\t\t<\/div>\n\t\t\t\t\n\t\t\t\t<div class=\"images_module__container_dot \">\n\t\t\t\t\t<div style=\"text-align:center\">\n\t\t\t\t\t\t\t\t\t\t\t\t\t<span   data-i=\"0\"\n\t\t\t\t\t\t\t\t  class=\"images_module__dot\n\t\t\t\t\t\t\t\t\t\t\t\t\t  \"><\/span>\n\t\t\t\t\t\t\t\t\t\t\t<\/div>\n\t\t\t\t<\/div>\n\n\t\t\t<\/div>\n\t\t<\/div>\n\t<\/div>\n\n\n\t\n\n\n<script>\n\tvar images_display_descriptive_text = \"\";\n<\/script>\n\n\n\n<div style=\"height:20px\" aria-hidden=\"true\" class=\"wp-block-spacer\"><\/div>\n\n\n\n<div style=\"height:20px\" aria-hidden=\"true\" class=\"wp-block-spacer\"><\/div>\n\n\n\n<h1 class=\"wp-block-heading\">V\u00e5r kontakt med dig som v\u00e5rdnadshavare<\/h1>\n\n\n\n<p   class=\"site__ingress container text-left  site__text-color--dark  site__free_text--ingress p-0\">\n\tV\u00e5rt m\u00e5l \u00e4r att skapa de b\u00e4sta m\u00f6jliga f\u00f6ruts\u00e4ttningarna f\u00f6r ett f\u00f6rtroendefullt samarbete mellan f\u00f6rskolan och hemmen. Vi alla som arbetar p\u00e5 Sj\u00f6staden tar ansvar f\u00f6r att utveckla en tillitsfull relation till v\u00e5rdnadshavarna. Genom att fortl\u00f6pande bjuda in till dialog kring barnets trivsel, utveckling och l\u00e4rande skapar vi m\u00f6jlighet till inflytande. Vi arbetar f\u00f6r att alla v\u00e5rdnadshavare ska k\u00e4nna m\u00f6jlighet till delaktighet i de p\u00e5g\u00e5ende projekt barnen befinner sig i. Detta sker via den dagliga kontakten men ocks\u00e5 via utvecklingssamtal, f\u00f6r\u00e4ldram\u00f6te samt samr\u00e5dsm\u00f6te. De tv\u00e5 sistn\u00e4mnda m\u00f6ten sker tillsammans b\u00e5de med pedagoger och ledningsteam.<\/p>\n\n\n\n\n\n<h2 class=\"wp-block-heading\">M\u00f6tet<\/h2>\n\n\n\n<p>M\u00f6tet \u00e4r k\u00e4rnan hos oss och v\u00e5rt viktigaste verktyg i att lyckas med v\u00e5rt uppdrag. De dagliga samtalen vid l\u00e4mning och h\u00e4mtning \u00e4r av stor betydelse f\u00f6r oss. De f\u00e5r ta tid och \u00e4r en del av m\u00e5let att skapa bra samverkan mellan hemmet och f\u00f6rskolan. Vi str\u00e4var efter att ha professionella och personliga m\u00f6ten varje dag.<\/p>\n\n\n\n<h2 class=\"wp-block-heading\">F\u00f6r\u00e4ldram\u00f6te<\/h2>\n\n\n\n<p>Minst en g\u00e5ng per termin bjuder vi in till f\u00f6r\u00e4ldram\u00f6te d\u00e5 alla v\u00e5rdnadshavare \u00e4r varmt v\u00e4lkomna. P\u00e5 h\u00f6sten brukar vi informera om v\u00e5r verksamhet och kommande verksamhets\u00e5r och p\u00e5 v\u00e5ren bjuder vi oftast in till n\u00e5gon form av projektvisning av det g\u00e5ngna \u00e5ret. Tillsammans med barnen finns d\u00e5 m\u00f6jlighet att ta del av vad vi arbetat med p\u00e5 respektive avdelning och m\u00f6ta andra barn, v\u00e5rdnadshavare och pedagoger.<\/p>\n\n\n\n<h2 class=\"wp-block-heading\">Samr\u00e5d<\/h2>\n\n\n\n<p>P\u00e5 f\u00f6rskolan har vi ett \u00f6ppet samr\u00e5d d\u00e4r alla v\u00e5rdnadshavare \u00e4r hj\u00e4rtligt v\u00e4lkomna att delta. H\u00e4r har v\u00e5rdnadshavare och personal m\u00f6jligheter att ta upp fr\u00e5gor r\u00f6rande verksamheten. Vid st\u00f6rre organisationsf\u00f6r\u00e4ndringar brukar vi bjuda in till ett samr\u00e5d f\u00f6r att m\u00f6ta allas tankar och funderingar.<\/p>\n\n\n\n<h2 class=\"wp-block-heading\">V\u00e5r kommunikation<\/h2>\n\n\n\n<p>Mitt Pysslingen \u00e4r ett digitalt verktyg och kommunikationsplattform som vi anv\u00e4nder oss av f\u00f6r att s\u00e4tta m\u00e5l, planera, kommunicera mellan pedagog-barn-v\u00e5rdnadshavare, dokumentera och f\u00f6r att arbeta med kvalitet. Via Mitt Pysslingen informeras v\u00e5rdnadshavarna om den p\u00e5g\u00e5ende verksamheten p\u00e5 respektive avdelning.&nbsp;<\/p>\n\n\n\n<p>Vi synligg\u00f6r barnets individuella l\u00e4rande och utveckling regelbundet, b\u00e5de i de dagliga m\u00f6tena, med hj\u00e4lp av pedagogisk dokumentation p\u00e5 avdelningen\/f\u00f6rskolan samt genom digitala loggar i Mitt Pysslingen som v\u00e5rdnadshavare direkt kan ta del av. Ledningsteamet skickar varje m\u00e5nad ut information kring f\u00f6rskolans \u00f6vergripande m\u00e5l och organisation.&nbsp;<\/p>\n\n\n\n<h2 class=\"wp-block-heading\">Utvecklingssamtal<\/h2>\n\n\n\n<p>Vi erbjuder utvecklingssamtal tv\u00e5 g\u00e5nger per \u00e5r, samt ett uppf\u00f6ljningssamtal efter inskolningen och ett avslutningssamtal i samband med att barnen b\u00f6rjar i skolan. I utvecklingssamtalet \u00e4r det barnets trivsel, utveckling och l\u00e4rande som st\u00e5r i fokus. Med hj\u00e4lp av Mitt Pysslingen kopplas pedagog, v\u00e5rdnadshavare och barnet ihop, innan samtalet. Ut\u00f6ver utvecklingssamtalen bokar vi in samtal vid behov och \u00f6nskem\u00e5l.<\/p>\n\n\n\n<h2 class=\"wp-block-heading\">Bes\u00f6k<\/h2>\n\n\n\n<p>V\u00e5rdnadshavare \u00e4r alltid varmt v\u00e4lkomna till f\u00f6rskolan, dels f\u00f6r att uppleva sitt eget barn i gruppen och dels f\u00f6r att p\u00e5 olika s\u00e4tt vara delaktig i verksamheten eller behj\u00e4lplig vid exempelvis utflykter. Tillsammans bokar vi en dag som passar.<\/p>\n\n\n\n<h2 class=\"wp-block-heading\">Enk\u00e4ter<\/h2>\n\n\n\n<p>Tv\u00e5 g\u00e5nger per \u00e5r f\u00e5r v\u00e5rdnadshavare svara p\u00e5 enk\u00e4ter om f\u00f6rskolan och dess verksamhet. En enk\u00e4t fr\u00e5n Stockholms stad och en fr\u00e5n Pysslingen F\u00f6rskolor. <a href=\"https:\/\/pysslingen.se\/sjostaden\/resultat\/\">Resultatet<\/a> fr\u00e5n enk\u00e4terna \u00e4r n\u00e5gonting som vi analyserar och arbetar med under hela verksamhets\u00e5ret f\u00f6r att st\u00e4ndigt arbeta mot utveckling och h\u00f6g kvalitet p\u00e5 f\u00f6rskolan.<\/p>\n\n\n\n<div style=\"height:20px\" aria-hidden=\"true\" class=\"wp-block-spacer\"><\/div>\n\n\n\n\n<section  class=\"ams-cta ams-cta--stacked c-block l-stacked\">\n\t<div class=\"l-container l-stack l-stack-fluid-2xl u-pt-fluid-md-xl u-pb-fluid-md-xl is-center is-center@md\">\n\t\t\t\t\t<div class=\"ams-cta__intro l-stack l-stack-lg\">\n\t\t\t\t\t\n\t<h2\n\tclass=\"c-heading u-font-title-1 \"\n\tstyle=\"\">\n\t\t\n\t\t\t\t\tDu som v\u00e5rdnadshavare spelar en viktig roll vid inskolningen\n\t\t\t\t\n\t<\/h2>\n\n\t\t\t\t\t\t\t<\/div>\n\t\t\n\t\t\n\t\t\t<div class=\"ams-cta__action u-inline-items\">\n\t\t\t\t\t\t\t\n\n\n<a href=\"https:\/\/pysslingen.se\/sjostaden\/inskolning\/\"\n\t\n\tclass=\"c-btn \"\n\tdata-style=\"rounded\"\n\tdata-size=\"md\"\n\tdata-width=\"full-mobile\"\n\tdata-variant=\"default\"\n\ttarget=\"_self\">\n\t\t\t<span class=\"label\"> L\u00e4s mer om inskolning<\/span>\n\t\t\t<\/a>\n\t\t\t<\/div>\n\t<\/div>\n\n\t\t\n\n<\/section>\n","protected":false},"excerpt":{"rendered":"<p>V\u00e5r kontakt med dig som v\u00e5rdnadshavare M\u00f6tet M\u00f6tet \u00e4r k\u00e4rnan hos oss och v\u00e5rt viktigaste verktyg i att lyckas med v\u00e5rt uppdrag. De dagliga samtalen vid l\u00e4mning och h\u00e4mtning \u00e4r av stor betydelse f\u00f6r oss. De f\u00e5r ta tid och \u00e4r en del av m\u00e5let att skapa bra samverkan mellan hemmet och f\u00f6rskolan. Vi str\u00e4var&#8230;<\/p>\n","protected":false},"author":5,"featured_media":0,"parent":0,"menu_order":0,"comment_status":"closed","ping_status":"closed","template":"","meta":{"footnotes":""},"yoast_head":"<!-- This site is optimized with the Yoast SEO plugin v22.0 - https:\/\/yoast.com\/wordpress\/plugins\/seo\/ -->\n<title>Sj\u00f6staden<\/title>\n<meta name=\"description\" content=\"Genom en god och regelbunden kommunikation kan du vara med och p\u00e5verka ditt barns utveckling och l\u00e4rande p\u00e5 f\u00f6rskolan Sj\u00f6staden.\" \/>\n<meta name=\"robots\" content=\"index, follow, max-snippet:-1, max-image-preview:large, max-video-preview:-1\" \/>\n<link rel=\"canonical\" href=\"https:\/\/pysslingen.se\/sjostaden\/samverkan-med-hemmet\/\" \/>\n<meta property=\"og:locale\" content=\"sv_SE\" \/>\n<meta property=\"og:type\" content=\"article\" \/>\n<meta property=\"og:description\" content=\"Genom en god och regelbunden kommunikation kan du vara med och p\u00e5verka ditt barns utveckling och l\u00e4rande p\u00e5 f\u00f6rskolan Sj\u00f6staden.\" \/>\n<meta property=\"og:url\" content=\"https:\/\/pysslingen.se\/sjostaden\/samverkan-med-hemmet\/\" \/>\n<meta property=\"og:site_name\" content=\"Sj\u00f6staden\" \/>\n<meta property=\"article:modified_time\" content=\"2025-02-28T14:09:52+00:00\" \/>\n<meta name=\"twitter:card\" content=\"summary_large_image\" \/>\n<meta name=\"twitter:description\" content=\"Genom en god och regelbunden kommunikation kan du vara med och p\u00e5verka ditt barns utveckling och l\u00e4rande p\u00e5 f\u00f6rskolan Sj\u00f6staden.\" \/>\n<meta name=\"twitter:image\" content=\"https:\/\/pysslingen.se\/wp-content\/uploads\/sites\/23\/2020\/10\/1pysslingenannonsmateriall1200x628.png\" \/>\n<meta name=\"twitter:label1\" content=\"Ber\u00e4knad l\u00e4stid\" \/>\n\t<meta name=\"twitter:data1\" content=\"3 minuter\" \/>\n<script type=\"application\/ld+json\" class=\"yoast-schema-graph\">{\"@context\":\"https:\/\/schema.org\",\"@graph\":[{\"@type\":\"WebPage\",\"@id\":\"https:\/\/pysslingen.se\/sjostaden\/samverkan-med-hemmet\/\",\"url\":\"https:\/\/pysslingen.se\/sjostaden\/samverkan-med-hemmet\/\",\"name\":\"Samverkan med hemmet - Sj\u00f6staden\",\"isPartOf\":{\"@id\":\"https:\/\/pysslingen.se\/sjostaden\/#website\"},\"datePublished\":\"2020-10-01T11:27:44+00:00\",\"dateModified\":\"2025-02-28T14:09:52+00:00\",\"description\":\"Genom en god och regelbunden kommunikation kan du vara med och p\u00e5verka ditt barns utveckling och l\u00e4rande p\u00e5 f\u00f6rskolan Sj\u00f6staden.\",\"breadcrumb\":{\"@id\":\"https:\/\/pysslingen.se\/sjostaden\/samverkan-med-hemmet\/#breadcrumb\"},\"inLanguage\":\"sv-SE\",\"potentialAction\":[{\"@type\":\"ReadAction\",\"target\":[\"https:\/\/pysslingen.se\/sjostaden\/samverkan-med-hemmet\/\"]}]},{\"@type\":\"BreadcrumbList\",\"@id\":\"https:\/\/pysslingen.se\/sjostaden\/samverkan-med-hemmet\/#breadcrumb\",\"itemListElement\":[{\"@type\":\"ListItem\",\"position\":1,\"name\":\"Start\",\"item\":\"https:\/\/pysslingen.se\/sjostaden\/\"},{\"@type\":\"ListItem\",\"position\":2,\"name\":\"Samverkan med hemmet\"}]},{\"@type\":\"WebSite\",\"@id\":\"https:\/\/pysslingen.se\/sjostaden\/#website\",\"url\":\"https:\/\/pysslingen.se\/sjostaden\/\",\"name\":\"Sj\u00f6staden\",\"description\":\"En trygg och stimulerande v\u00e4rld\",\"publisher\":{\"@id\":\"https:\/\/pysslingen.se\/sjostaden\/#organization\"},\"potentialAction\":[{\"@type\":\"SearchAction\",\"target\":{\"@type\":\"EntryPoint\",\"urlTemplate\":\"https:\/\/pysslingen.se\/sjostaden\/?s={search_term_string}\"},\"query-input\":\"required name=search_term_string\"}],\"inLanguage\":\"sv-SE\"},{\"@type\":\"Organization\",\"@id\":\"https:\/\/pysslingen.se\/sjostaden\/#organization\",\"name\":\"Pysslingen F\u00f6rskolor\",\"url\":\"https:\/\/pysslingen.se\/sjostaden\/\",\"logo\":{\"@type\":\"ImageObject\",\"inLanguage\":\"sv-SE\",\"@id\":\"https:\/\/pysslingen.se\/sjostaden\/#\/schema\/logo\/image\/\",\"url\":\"https:\/\/pysslingen.se\/wp-content\/uploads\/2021\/05\/pysslingen-forskolor.png\",\"contentUrl\":\"https:\/\/pysslingen.se\/wp-content\/uploads\/2021\/05\/pysslingen-forskolor.png\",\"width\":1120,\"height\":630,\"caption\":\"Pysslingen F\u00f6rskolor\"},\"image\":{\"@id\":\"https:\/\/pysslingen.se\/sjostaden\/#\/schema\/logo\/image\/\"}}]}<\/script>\n<!-- \/ Yoast SEO plugin. -->","yoast_head_json":{"title":"Sj\u00f6staden","description":"Genom en god och regelbunden kommunikation kan du vara med och p\u00e5verka ditt barns utveckling och l\u00e4rande p\u00e5 f\u00f6rskolan Sj\u00f6staden.","robots":{"index":"index","follow":"follow","max-snippet":"max-snippet:-1","max-image-preview":"max-image-preview:large","max-video-preview":"max-video-preview:-1"},"canonical":"https:\/\/pysslingen.se\/sjostaden\/samverkan-med-hemmet\/","og_locale":"sv_SE","og_type":"article","og_description":"Genom en god och regelbunden kommunikation kan du vara med och p\u00e5verka ditt barns utveckling och l\u00e4rande p\u00e5 f\u00f6rskolan Sj\u00f6staden.","og_url":"https:\/\/pysslingen.se\/sjostaden\/samverkan-med-hemmet\/","og_site_name":"Sj\u00f6staden","article_modified_time":"2025-02-28T14:09:52+00:00","twitter_card":"summary_large_image","twitter_description":"Genom en god och regelbunden kommunikation kan du vara med och p\u00e5verka ditt barns utveckling och l\u00e4rande p\u00e5 f\u00f6rskolan Sj\u00f6staden.","twitter_image":"https:\/\/pysslingen.se\/wp-content\/uploads\/sites\/23\/2020\/10\/1pysslingenannonsmateriall1200x628.png","twitter_misc":{"Ber\u00e4knad l\u00e4stid":"3 minuter"},"schema":{"@context":"https:\/\/schema.org","@graph":[{"@type":"WebPage","@id":"https:\/\/pysslingen.se\/sjostaden\/samverkan-med-hemmet\/","url":"https:\/\/pysslingen.se\/sjostaden\/samverkan-med-hemmet\/","name":"Samverkan med hemmet - Sj\u00f6staden","isPartOf":{"@id":"https:\/\/pysslingen.se\/sjostaden\/#website"},"datePublished":"2020-10-01T11:27:44+00:00","dateModified":"2025-02-28T14:09:52+00:00","description":"Genom en god och regelbunden kommunikation kan du vara med och p\u00e5verka ditt barns utveckling och l\u00e4rande p\u00e5 f\u00f6rskolan Sj\u00f6staden.","breadcrumb":{"@id":"https:\/\/pysslingen.se\/sjostaden\/samverkan-med-hemmet\/#breadcrumb"},"inLanguage":"sv-SE","potentialAction":[{"@type":"ReadAction","target":["https:\/\/pysslingen.se\/sjostaden\/samverkan-med-hemmet\/"]}]},{"@type":"BreadcrumbList","@id":"https:\/\/pysslingen.se\/sjostaden\/samverkan-med-hemmet\/#breadcrumb","itemListElement":[{"@type":"ListItem","position":1,"name":"Start","item":"https:\/\/pysslingen.se\/sjostaden\/"},{"@type":"ListItem","position":2,"name":"Samverkan med hemmet"}]},{"@type":"WebSite","@id":"https:\/\/pysslingen.se\/sjostaden\/#website","url":"https:\/\/pysslingen.se\/sjostaden\/","name":"Sj\u00f6staden","description":"En trygg och stimulerande v\u00e4rld","publisher":{"@id":"https:\/\/pysslingen.se\/sjostaden\/#organization"},"potentialAction":[{"@type":"SearchAction","target":{"@type":"EntryPoint","urlTemplate":"https:\/\/pysslingen.se\/sjostaden\/?s={search_term_string}"},"query-input":"required name=search_term_string"}],"inLanguage":"sv-SE"},{"@type":"Organization","@id":"https:\/\/pysslingen.se\/sjostaden\/#organization","name":"Pysslingen F\u00f6rskolor","url":"https:\/\/pysslingen.se\/sjostaden\/","logo":{"@type":"ImageObject","inLanguage":"sv-SE","@id":"https:\/\/pysslingen.se\/sjostaden\/#\/schema\/logo\/image\/","url":"https:\/\/pysslingen.se\/wp-content\/uploads\/2021\/05\/pysslingen-forskolor.png","contentUrl":"https:\/\/pysslingen.se\/wp-content\/uploads\/2021\/05\/pysslingen-forskolor.png","width":1120,"height":630,"caption":"Pysslingen F\u00f6rskolor"},"image":{"@id":"https:\/\/pysslingen.se\/sjostaden\/#\/schema\/logo\/image\/"}}]}},"_links":{"self":[{"href":"https:\/\/pysslingen.se\/sjostaden\/wp-json\/wp\/v2\/pages\/209"}],"collection":[{"href":"https:\/\/pysslingen.se\/sjostaden\/wp-json\/wp\/v2\/pages"}],"about":[{"href":"https:\/\/pysslingen.se\/sjostaden\/wp-json\/wp\/v2\/types\/page"}],"author":[{"embeddable":true,"href":"https:\/\/pysslingen.se\/sjostaden\/wp-json\/wp\/v2\/users\/5"}],"replies":[{"embeddable":true,"href":"https:\/\/pysslingen.se\/sjostaden\/wp-json\/wp\/v2\/comments?post=209"}],"version-history":[{"count":10,"href":"https:\/\/pysslingen.se\/sjostaden\/wp-json\/wp\/v2\/pages\/209\/revisions"}],"predecessor-version":[{"id":1359,"href":"https:\/\/pysslingen.se\/sjostaden\/wp-json\/wp\/v2\/pages\/209\/revisions\/1359"}],"wp:attachment":[{"href":"https:\/\/pysslingen.se\/sjostaden\/wp-json\/wp\/v2\/media?parent=209"}],"curies":[{"name":"wp","href":"https:\/\/api.w.org\/{rel}","templated":true}]}}