{"id":1556,"date":"2025-05-30T16:04:32","date_gmt":"2025-05-30T14:04:32","guid":{"rendered":"https:\/\/pysslingen.se\/sjofageln\/?page_id=1556"},"modified":"2025-05-30T16:04:34","modified_gmt":"2025-05-30T14:04:34","slug":"simskola","status":"publish","type":"page","link":"https:\/\/pysslingen.se\/sjofageln\/simskola\/","title":{"rendered":"Simskola"},"content":{"rendered":"\n\t\n\t\n\t\n\n\t\n\t\n\t\t\n<section  class=\"c-block l-stacked  \" data-color-scheme=\"nyans2_av_cta-hover-standard\">\n\t<div class=\"ams-fifty ams-fifty--container ams-fifty--right ams-fifty--bottom l-container u-pt-fluid-2xl-4xl u-pb-fluid-2xl-4xl\">\n\t\t<div class=\"ams-fifty__content l-stack l-stack-xl is-left is-left@lg\">\n\t\t\t<div class=\"ams-fifty__text l-stack l-stack-lg\">\n\t\t\t\t\t\n\t<h1\n\tclass=\"c-heading u-font-title-1 \"\n\tstyle=\"\">\n\t\t\n\t\t\t\t\t\t\t\t\tHur fungerar simskola p\u00e5 f\u00f6rskolan?\n\t\t\t\t<span class=\"c-heading__sub is-below u-font-title-3\">\n\t\t\t\t\tPysslingen Sj\u00f6f\u00e5geln\n\t\t\t\t<\/span>\n\t\t\t\t\t\t\t\n\t<\/h1>\n\n\t\t\t\t\t\t\t\t\t<div class=\"text l-stack u-font-body\">\n\t\t\t\t\t\t<p class=\"p1\">P\u00e5 Sj\u00f6f\u00e5gelns f\u00f6rskola f\u00e5r v\u00e5ra \u00e4ldsta barn delta i simskola som en del av v\u00e5rt Sista \u00e5ret-koncept. Genom lek och l\u00e4rande f\u00f6rbereder vi barnen inf\u00f6r skolstarten. Under \u00e5tta tillf\u00e4llen f\u00e5r de bekanta sig med grunderna i simning tillsammans med erfarna instrukt\u00f6rer i sm\u00e5 grupper. Syftet \u00e4r inte bara att fr\u00e4mja simf\u00f6rm\u00e5gan, utan ocks\u00e5 att \u00f6ka barnens trygghet och s\u00e4kerhet i vattnet.<\/p>\n\n\t\t\t\t\t<\/div>\n\t\t\t\t\t\t\t<\/div>\n\n\t\t\t\t\t<\/div>\n\n\t\t <div class=\"ams-fifty__media u-ratio-landscape\">\n\t\t \t\t\t\t\t<img decoding=\"async\" width=\"600\" height=\"450\" src=\"https:\/\/pysslingen.se\/wp-content\/uploads\/sites\/94\/2025\/05\/simma-600x450.jpg\" class=\"attachment-md size-md\" alt=\"\" sizes=\"(min-width: 64em) 600px, calc(100vw - 160px)\" srcset=\"https:\/\/pysslingen.se\/wp-content\/uploads\/sites\/94\/2025\/05\/simma-600x450.jpg 600w, https:\/\/pysslingen.se\/wp-content\/uploads\/sites\/94\/2025\/05\/simma-300x225.jpg 300w, https:\/\/pysslingen.se\/wp-content\/uploads\/sites\/94\/2025\/05\/simma-400x300.jpg 400w, https:\/\/pysslingen.se\/wp-content\/uploads\/sites\/94\/2025\/05\/simma-800x600.jpg 800w, https:\/\/pysslingen.se\/wp-content\/uploads\/sites\/94\/2025\/05\/simma-1024x768.jpg 1024w, https:\/\/pysslingen.se\/wp-content\/uploads\/sites\/94\/2025\/05\/simma-1200x900.jpg 1200w, https:\/\/pysslingen.se\/wp-content\/uploads\/sites\/94\/2025\/05\/simma-768x576.jpg 768w, https:\/\/pysslingen.se\/wp-content\/uploads\/sites\/94\/2025\/05\/simma.jpg 1890w\" \/>\n\t\t\t\n\t\t\t\n\t\t\t\t\t<\/div>\n\t<\/div>\n\n\t\t\n\n<\/section>\n\n\n\n\t\n\t\n\t\n\n\t\n\t\n\t\t\n<section  class=\"c-block l-stacked  \" data-color-scheme=\"nyans2_av_cta-hover-standard\">\n\t<div class=\"ams-fifty ams-fifty--container ams-fifty--left ams-fifty--bottom l-container u-pt-fluid-2xl-4xl u-pb-fluid-2xl-4xl\">\n\t\t<div class=\"ams-fifty__content l-stack l-stack-xl is-left is-left@lg\">\n\t\t\t<div class=\"ams-fifty__text l-stack l-stack-lg\">\n\t\t\t\t\t\n\t<h2\n\tclass=\"c-heading u-font-title-1 \"\n\tstyle=\"\">\n\t\t\n\t\t\t\t\tOm f\u00f6rskolan Sj\u00f6f\u00e5geln i H\u00e4sselby\n\t\t\t\t\n\t<\/h2>\n\n\t\t\t\t\t\t\t\t\t<div class=\"text l-stack u-font-body\">\n\t\t\t\t\t\t<p>F\u00f6rskolan Sj\u00f6f\u00e5geln ligger p\u00e5 en natursk\u00f6n tomt alldeles intill M\u00e4laren i H\u00e4sselby Villastad. Vi har en frist\u00e5ende byggnad med ljusa, h\u00e4rliga lokaler med inbjudande lekstationer och lekh\u00f6rnor. F\u00f6rskolan har en egen g\u00e5rd med mycket gr\u00f6nska och m\u00e5nga ekar. Det \u00e4r en kuperad tomt som p\u00e5 ett naturligt s\u00e4tt utmanar barnens motorik.<\/p>\n<p>Vi erbjuder en l\u00e4rorik och varierad verksamhet f\u00f6r alla barn. De \u00e4ldsta barnen utmanas lite extra, de f\u00e5r l\u00f6sa olika uppdrag och delta i Pyss &amp; Lings idrottsklubb med simskola och andra roliga aktiviteter.<\/p>\n\n\t\t\t\t\t<\/div>\n\t\t\t\t\t\t\t<\/div>\n\n\t\t\t\t\t<\/div>\n\n\t\t <div class=\"ams-fifty__media u-ratio-landscape\">\n\t\t \t\t\t\t\t<img decoding=\"async\" width=\"600\" height=\"400\" src=\"https:\/\/pysslingen.se\/wp-content\/uploads\/sites\/94\/2020\/11\/flickor-skapar-pa-forskola-2.jpg\" class=\"attachment-md size-md\" alt=\"Flickor skapar p\u00e5 f\u00f6rskola\" sizes=\"(min-width: 64em) 600px, calc(100vw - 160px)\" srcset=\"https:\/\/pysslingen.se\/wp-content\/uploads\/sites\/94\/2020\/11\/flickor-skapar-pa-forskola-2.jpg 612w, https:\/\/pysslingen.se\/wp-content\/uploads\/sites\/94\/2020\/11\/flickor-skapar-pa-forskola-2-300x200.jpg 300w\" \/>\n\t\t\t\n\t\t\t\n\t\t\t\t\t<\/div>\n\t<\/div>\n\n\t\t\n\n<\/section>\n\n\n\n\n<section  class=\"ams-cta ams-cta--stacked c-block l-stacked\" data-color-scheme=\"usp-pink-background-blue-cards\">\n\t<div class=\"l-container l-stack l-stack-fluid-2xl u-pt-fluid-3xl-6xl u-pb-fluid-3xl-6xl is-center is-center@md\">\n\t\t\t\t\t<div class=\"ams-cta__intro l-stack l-stack-lg\">\n\t\t\t\t\t\n\t<h2\n\tclass=\"c-heading u-font-title-1 \"\n\tstyle=\"\">\n\t\t\n\t\t\t\t\tAns\u00f6k till f\u00f6rskolan Sj\u00f6f\u00e5geln:\n\t\t\t\t\n\t<\/h2>\n\n\t\t\t\t\t\t\t\t\t<div class=\"c-text l-stack u-cs-xl u-font-body\">\n\t\t\t\t\t\t<p class=\"p1\" style=\"text-align: center;\">S\u00e5 roligt att du \u00e4r intresserad av Sj\u00f6f\u00e5gelns f\u00f6rskola! Sj\u00f6f\u00e5geln ing\u00e5r i Stockholms Stads gemensamma k\u00f6 och du g\u00f6r ditt val p\u00e5\u00a0<a href=\"https:\/\/forskola.stockholm\/\"><b>Stockholms Stads webbtj\u00e4nst<\/b><\/a><a href=\"https:\/\/forskola.stockholm\/\"><b>(\u00f6ppnas i nytt f\u00f6nster). <\/b><\/a><b>Obs!<\/b>\u00a0Var noga att ange r\u00e4tt \u201dSj\u00f6f\u00e5geln\u201d d\u00e5 det kan f\u00f6rekomma fler f\u00f6rskolor med samma namn. Vi ben\u00e4mns Pysslingen F\u00f6rskolor \u2013 Sj\u00f6f\u00e5geln, H\u00e4sselby.<\/p>\n<p class=\"p1\" style=\"text-align: center;\">Om du vill ha hj\u00e4lp med att st\u00e4lla dig i k\u00f6 kan du kontakta Stockholms stads Kontaktcenter p\u00e5 08-508 00 508.<\/p>\n\n\t\t\t\t\t<\/div>\n\t\t\t\t\t\t\t<\/div>\n\t\t\n\t\t\n\t\t\t<div class=\"ams-cta__action u-inline-items\">\n\t\t\t\t\t\t\t\n\n\n<a href=\"https:\/\/forskola.stockholm\/hitta-forskola\/\"\n\t\n\tclass=\"c-btn \"\n\tdata-style=\"rounded\"\n\tdata-size=\"md\"\n\tdata-width=\"full-mobile\"\n\tdata-variant=\"default\"\n\ttarget=\"_blank\">\n\t\t\t<span class=\"label\"> Till k\u00f6anm\u00e4lan<\/span>\n\t\t\t<\/a>\n\t\t\t<\/div>\n\t<\/div>\n\n\t\t\n\n<\/section>\n\n\n\n<section \n\t\t class=\"\n\t\t ams-contact\n\t\t \n\t\t c-block l-stacked\n\t\t \n\t\t \n\t\t js-load-more\n\t\t \"\n\t\t data-color-scheme=\"\"\n\t\t\t\t\tdata-count=\"3\"\n\t\t\t\t\t\t\tdata-count-mobile=\"2\"\n\t\t\t\t>\n\t<div\n\t\t class=\"\n\t\t l-container\n\t\t l-stack l-stack-fluid-2xl\n\t\t u-pt-fluid-md-xl\n\t\t u-pb-fluid-md-xl\n\t\t is-center\n\t\t is-center@md\n\t\t \">\n\t\t\t\t\t<div class=\"ams-contact__intro l-stack l-stack-lg\">\n\t\t\t\t\t\n\t<h2\n\tclass=\"c-heading u-font-title-1 \"\n\tstyle=\"\">\n\t\t\n\t\t\t\t\tFr\u00e5gor eller funderingar?\n\t\t\t\t\n\t<\/h2>\n\n\t\t\t\t\t\t\t\t\t<div class=\"c-text l-stack u-cs-xl u-font-body\">\n\t\t\t\t\t\t<p>Om du har n\u00e5gon fr\u00e5ga eller fundering om v\u00e5r f\u00f6rskola, tveka inte p\u00e5 att kontakta oss.<\/p>\n\n\t\t\t\t\t<\/div>\n\t\t\t\t\t\t\t<\/div>\n\t\t\n\t\t\n\t\t    \t\n\t\t\n\t\t<ul\n\t\t\tid=\"contact-grid-69fa10942a584\"\n\t\t\tclass=\"ams-contact__list l-grid u-gap-fluid-2xl-4xl u-justify-center js-results \"\n\t\t\taria-label=\"Kontakter\"\n\t\t\tdata-filter-animation=\"off\"\n\t\t\t>\n\t\t\t\t\t\t\t\t\t\t\t\n\t\t\t\t\n\t\t\t\t<li class=\"l-col-6@md l-col-4@lg \" data-filter=\"b\">\n\t\t\t\t\t<article class=\"c-card \" data-variant=\"neutral\">\n\t\t\t\t\t\t<div class=\"c-card__content u-text-center\">\n\t\t\t\t\t\t\t\t\t\t\t\t\t\t\t<h3 class=\"c-card__title u-font-title-3\">\n\t\t\t\t\t\t\t\t\tPetra Granath\n\t\t\t\t\t\t\t\t<\/h3>\n\t\t\t\t\t\t\t\n\t\t\t\t\t\t\t\t\t\t\t\t\t\t\t<p class=\"position u-font-body\">Bitr\u00e4dande rektor<\/p>\n\t\t\t\t\t\t\t\n\t\t\t\t\t\t\t\t\t\t\t\t\t\t\t<div class=\"contact-info u-font-body\">\n\t\t\t\t\t\t\t\t\t\t\t\t\t\t\t\t\t\t\t\t\t\t\t\t\t\t\t\t\t\t<p class=\"phone\"><a\n\t\t\t\t\t\t\t\t\t\t\t\t\thref=\"tel:0760316556\"\n\t\t\t\t\t\t\t\t\t\t\t\t\tclass=\"u-text-link\">076-031 65 56<\/a>\n\t\t\t\t\t\t\t\t\t\t\t<\/p>\n\t\t\t\t\t\t\t\t\t\t\t\t\t\t\t\t\t\t\t\n\t\t\t\t\t\t\t\t\t\t\t\t\t\t\t\t\t\t\t\t\t\t\t\t\t\t\t\t\t\t<p class=\"email\"><a\n\t\t\t\t\t\t\t\t\t\t\t\t\thref=\"mailt&#111;:pet&#114;a&#046;g&#114;ana&#116;&#104;&#064;pys&#115;li&#110;&#103;e&#110;&#046;s&#101;\"\n\t\t\t\t\t\t\t\t\t\t\t\t\tclass=\"u-text-link\">&#112;et&#114;&#097;.g&#114;&#097;&#110;a&#116;h&#064;&#112;ys&#115;&#108;i&#110;&#103;en.&#115;&#101;<\/a>\n\t\t\t\t\t\t\t\t\t\t\t<\/p>\n\t\t\t\t\t\t\t\t\t\t\t\t\t\t\t\t\t\t\t\t\t\t\t\t\t\t\t<\/div>\n\t\t\t\t\t\t\t\n\t\t\t\t\t\t\t\t\t\t\t\t\t<\/div>\n\t\t\t\t\t\t<div class=\"c-card__media\">\n\t\t\t\t\t\t\t\t\t\t\t\t\t\t\t\t\t\t\t\t\t\t\t\t\t\t\t\t\t\t\t\t\t\t\t\t\t\t\t\t\t\t\t\t\t\t\t\t\t<img decoding=\"async\" width=\"400\" height=\"406\" src=\"https:\/\/pysslingen.se\/wp-content\/uploads\/sites\/94\/2020\/11\/img1076-400x406.jpg\" class=\"u-radius-rounded u-ratio-landscape  \" alt=\"Portr\u00e4ttbild p\u00e5 medarbetare.\" sizes=\"(max-width: 300px) 100vw, 300px\" srcset=\"https:\/\/pysslingen.se\/wp-content\/uploads\/sites\/94\/2020\/11\/img1076-400x406.jpg 400w, https:\/\/pysslingen.se\/wp-content\/uploads\/sites\/94\/2020\/11\/img1076-300x304.jpg 300w, https:\/\/pysslingen.se\/wp-content\/uploads\/sites\/94\/2020\/11\/img1076-600x609.jpg 600w, https:\/\/pysslingen.se\/wp-content\/uploads\/sites\/94\/2020\/11\/img1076-800x812.jpg 800w, https:\/\/pysslingen.se\/wp-content\/uploads\/sites\/94\/2020\/11\/img1076-1024x1039.jpg 1024w, https:\/\/pysslingen.se\/wp-content\/uploads\/sites\/94\/2020\/11\/img1076-1200x1217.jpg 1200w, https:\/\/pysslingen.se\/wp-content\/uploads\/sites\/94\/2020\/11\/img1076.jpg 1237w\" \/>\n\t\t\t\t\t\t<\/div>\n\t\t\t\t\t<\/article>\n\t\t\t\t<\/li>\n\t\t\t\t\t<\/ul>\n\n\t\t\n\t\t    <div class=\"ams-contact__more u-inline-items js-load-more-btn\">\n        <button href=\"#\"\n                class=\"c-btn\"\n                data-style=\"rounded\"\n                data-size=\"md\"\n                data-width=\"full-mobile\"\n                data-variant=\"outline\">\n        \tVisa mer\n        <\/button>\n    <\/div>\n\n\t\t\t<\/div>\n\n\t\t\n\n<\/section>\n\n\n\n\n<section  class=\"ams-cta ams-cta--stacked c-block l-stacked\">\n\t<div class=\"l-container l-stack l-stack-fluid-2xl u-pt-fluid-md-xl u-pb-fluid-md-xl is-center is-center@md\">\n\t\t\t\t\t<div class=\"ams-cta__intro l-stack l-stack-lg\">\n\t\t\t\t\t\n\t<h2\n\tclass=\"c-heading u-font-title-1 \"\n\tstyle=\"\">\n\t\t\n\t\t\t\t\tL\u00e4s mer om Pysslingen Sj\u00f6f\u00e5geln\n\t\t\t\t\n\t<\/h2>\n\n\t\t\t\t\t\t\t<\/div>\n\t\t\n\t\t\n\t\t\t<div class=\"ams-cta__action u-inline-items\">\n\t\t\t\t\t\t\t\n\n\n<a href=\"https:\/\/pysslingen.se\/sjofageln\/om-forskolan\/\"\n\t\n\tclass=\"c-btn \"\n\tdata-style=\"rounded\"\n\tdata-size=\"md\"\n\tdata-width=\"full-mobile\"\n\tdata-variant=\"default\"\n\ttarget=\"_self\">\n\t\t\t<span class=\"label\"> Info om v\u00e5r f\u00f6rskola<\/span>\n\t\t\t<\/a>\n\t\t\t<\/div>\n\t<\/div>\n\n\t\t\n\n<\/section>\n","protected":false},"excerpt":{"rendered":"","protected":false},"author":99,"featured_media":0,"parent":0,"menu_order":0,"comment_status":"closed","ping_status":"closed","template":"","meta":{"footnotes":""},"yoast_head":"<!-- This site is optimized with the Yoast SEO plugin v22.0 - https:\/\/yoast.com\/wordpress\/plugins\/seo\/ -->\n<title>Sj\u00f6f\u00e5geln<\/title>\n<meta name=\"robots\" content=\"index, follow, max-snippet:-1, max-image-preview:large, max-video-preview:-1\" \/>\n<link rel=\"canonical\" href=\"https:\/\/pysslingen.se\/sjofageln\/simskola\/\" \/>\n<meta property=\"og:locale\" content=\"sv_SE\" \/>\n<meta property=\"og:type\" content=\"article\" \/>\n<meta property=\"og:url\" content=\"https:\/\/pysslingen.se\/sjofageln\/simskola\/\" \/>\n<meta property=\"og:site_name\" content=\"Sj\u00f6f\u00e5geln\" \/>\n<meta property=\"article:modified_time\" content=\"2025-05-30T14:04:34+00:00\" \/>\n<meta name=\"twitter:card\" content=\"summary_large_image\" \/>\n<script type=\"application\/ld+json\" class=\"yoast-schema-graph\">{\"@context\":\"https:\/\/schema.org\",\"@graph\":[{\"@type\":\"WebPage\",\"@id\":\"https:\/\/pysslingen.se\/sjofageln\/simskola\/\",\"url\":\"https:\/\/pysslingen.se\/sjofageln\/simskola\/\",\"name\":\"Simskola - Sj\u00f6f\u00e5geln\",\"isPartOf\":{\"@id\":\"https:\/\/pysslingen.se\/sjofageln\/#website\"},\"datePublished\":\"2025-05-30T14:04:32+00:00\",\"dateModified\":\"2025-05-30T14:04:34+00:00\",\"breadcrumb\":{\"@id\":\"https:\/\/pysslingen.se\/sjofageln\/simskola\/#breadcrumb\"},\"inLanguage\":\"sv-SE\",\"potentialAction\":[{\"@type\":\"ReadAction\",\"target\":[\"https:\/\/pysslingen.se\/sjofageln\/simskola\/\"]}]},{\"@type\":\"BreadcrumbList\",\"@id\":\"https:\/\/pysslingen.se\/sjofageln\/simskola\/#breadcrumb\",\"itemListElement\":[{\"@type\":\"ListItem\",\"position\":1,\"name\":\"Start\",\"item\":\"https:\/\/pysslingen.se\/sjofageln\/\"},{\"@type\":\"ListItem\",\"position\":2,\"name\":\"Simskola\"}]},{\"@type\":\"WebSite\",\"@id\":\"https:\/\/pysslingen.se\/sjofageln\/#website\",\"url\":\"https:\/\/pysslingen.se\/sjofageln\/\",\"name\":\"Sj\u00f6f\u00e5geln\",\"description\":\"En trygg och stimulerande v\u00e4rld\",\"publisher\":{\"@id\":\"https:\/\/pysslingen.se\/sjofageln\/#organization\"},\"potentialAction\":[{\"@type\":\"SearchAction\",\"target\":{\"@type\":\"EntryPoint\",\"urlTemplate\":\"https:\/\/pysslingen.se\/sjofageln\/?s={search_term_string}\"},\"query-input\":\"required name=search_term_string\"}],\"inLanguage\":\"sv-SE\"},{\"@type\":\"Organization\",\"@id\":\"https:\/\/pysslingen.se\/sjofageln\/#organization\",\"name\":\"Pysslingen F\u00f6rskolor\",\"url\":\"https:\/\/pysslingen.se\/sjofageln\/\",\"logo\":{\"@type\":\"ImageObject\",\"inLanguage\":\"sv-SE\",\"@id\":\"https:\/\/pysslingen.se\/sjofageln\/#\/schema\/logo\/image\/\",\"url\":\"https:\/\/pysslingen.se\/wp-content\/uploads\/2021\/05\/pysslingen-forskolor.png\",\"contentUrl\":\"https:\/\/pysslingen.se\/wp-content\/uploads\/2021\/05\/pysslingen-forskolor.png\",\"width\":1120,\"height\":630,\"caption\":\"Pysslingen F\u00f6rskolor\"},\"image\":{\"@id\":\"https:\/\/pysslingen.se\/sjofageln\/#\/schema\/logo\/image\/\"}}]}<\/script>\n<!-- \/ Yoast SEO plugin. -->","yoast_head_json":{"title":"Sj\u00f6f\u00e5geln","robots":{"index":"index","follow":"follow","max-snippet":"max-snippet:-1","max-image-preview":"max-image-preview:large","max-video-preview":"max-video-preview:-1"},"canonical":"https:\/\/pysslingen.se\/sjofageln\/simskola\/","og_locale":"sv_SE","og_type":"article","og_url":"https:\/\/pysslingen.se\/sjofageln\/simskola\/","og_site_name":"Sj\u00f6f\u00e5geln","article_modified_time":"2025-05-30T14:04:34+00:00","twitter_card":"summary_large_image","schema":{"@context":"https:\/\/schema.org","@graph":[{"@type":"WebPage","@id":"https:\/\/pysslingen.se\/sjofageln\/simskola\/","url":"https:\/\/pysslingen.se\/sjofageln\/simskola\/","name":"Simskola - Sj\u00f6f\u00e5geln","isPartOf":{"@id":"https:\/\/pysslingen.se\/sjofageln\/#website"},"datePublished":"2025-05-30T14:04:32+00:00","dateModified":"2025-05-30T14:04:34+00:00","breadcrumb":{"@id":"https:\/\/pysslingen.se\/sjofageln\/simskola\/#breadcrumb"},"inLanguage":"sv-SE","potentialAction":[{"@type":"ReadAction","target":["https:\/\/pysslingen.se\/sjofageln\/simskola\/"]}]},{"@type":"BreadcrumbList","@id":"https:\/\/pysslingen.se\/sjofageln\/simskola\/#breadcrumb","itemListElement":[{"@type":"ListItem","position":1,"name":"Start","item":"https:\/\/pysslingen.se\/sjofageln\/"},{"@type":"ListItem","position":2,"name":"Simskola"}]},{"@type":"WebSite","@id":"https:\/\/pysslingen.se\/sjofageln\/#website","url":"https:\/\/pysslingen.se\/sjofageln\/","name":"Sj\u00f6f\u00e5geln","description":"En trygg och stimulerande v\u00e4rld","publisher":{"@id":"https:\/\/pysslingen.se\/sjofageln\/#organization"},"potentialAction":[{"@type":"SearchAction","target":{"@type":"EntryPoint","urlTemplate":"https:\/\/pysslingen.se\/sjofageln\/?s={search_term_string}"},"query-input":"required name=search_term_string"}],"inLanguage":"sv-SE"},{"@type":"Organization","@id":"https:\/\/pysslingen.se\/sjofageln\/#organization","name":"Pysslingen F\u00f6rskolor","url":"https:\/\/pysslingen.se\/sjofageln\/","logo":{"@type":"ImageObject","inLanguage":"sv-SE","@id":"https:\/\/pysslingen.se\/sjofageln\/#\/schema\/logo\/image\/","url":"https:\/\/pysslingen.se\/wp-content\/uploads\/2021\/05\/pysslingen-forskolor.png","contentUrl":"https:\/\/pysslingen.se\/wp-content\/uploads\/2021\/05\/pysslingen-forskolor.png","width":1120,"height":630,"caption":"Pysslingen F\u00f6rskolor"},"image":{"@id":"https:\/\/pysslingen.se\/sjofageln\/#\/schema\/logo\/image\/"}}]}},"_links":{"self":[{"href":"https:\/\/pysslingen.se\/sjofageln\/wp-json\/wp\/v2\/pages\/1556"}],"collection":[{"href":"https:\/\/pysslingen.se\/sjofageln\/wp-json\/wp\/v2\/pages"}],"about":[{"href":"https:\/\/pysslingen.se\/sjofageln\/wp-json\/wp\/v2\/types\/page"}],"author":[{"embeddable":true,"href":"https:\/\/pysslingen.se\/sjofageln\/wp-json\/wp\/v2\/users\/99"}],"replies":[{"embeddable":true,"href":"https:\/\/pysslingen.se\/sjofageln\/wp-json\/wp\/v2\/comments?post=1556"}],"version-history":[{"count":5,"href":"https:\/\/pysslingen.se\/sjofageln\/wp-json\/wp\/v2\/pages\/1556\/revisions"}],"predecessor-version":[{"id":1562,"href":"https:\/\/pysslingen.se\/sjofageln\/wp-json\/wp\/v2\/pages\/1556\/revisions\/1562"}],"wp:attachment":[{"href":"https:\/\/pysslingen.se\/sjofageln\/wp-json\/wp\/v2\/media?parent=1556"}],"curies":[{"name":"wp","href":"https:\/\/api.w.org\/{rel}","templated":true}]}}