{"id":1478,"date":"2025-11-21T14:34:54","date_gmt":"2025-11-21T13:34:54","guid":{"rendered":"https:\/\/pysslingen.se\/rodaberget\/?page_id=1478"},"modified":"2025-11-21T14:48:26","modified_gmt":"2025-11-21T13:48:26","slug":"intervju","status":"publish","type":"page","link":"https:\/\/pysslingen.se\/rodaberget\/intervju\/","title":{"rendered":"Intervju"},"content":{"rendered":"\n<h1 class=\"wp-block-heading\">M\u00f6t v\u00e5ra medarbetare p\u00e5 R\u00f6da Berget<\/h1>\n\n\n\n<p>P\u00e5 v\u00e5r f\u00f6rskola R\u00f6da Berget arbetar engagerade pedagoger och medarbetare som varje dag skapar en trygg och l\u00e4rande milj\u00f6 f\u00f6r barnen. H\u00e4r kan du l\u00e4sa intervjuer med v\u00e5ra pedagoger och f\u00e5 en tydligare bild av hur vi arbetar i verksamheten.<\/p>\n\n\n\n\n\n<section  class=\"ams-testimonial testimonial_module c-block l-stacked js-load-more\" data-color-scheme=\"testimonials\" data-count=\"3\" data-count-mobile=\"2\">\n\t<div class=\"l-container l-stack l-stack-fluid-2xl u-pt-fluid-3xl-6xl u-pb-fluid-3xl-6xl is-center is-center@md\">\n\t\t\t\t\t<div class=\"ams-testimonial__intro l-stack l-stack-lg\">\n\t\t\t\t\t\n\t<h2\n\tclass=\"c-heading u-font-title-1 \"\n\tstyle=\"\">\n\t\t\n\t\t\t\t\tL\u00e4r k\u00e4nna v\u00e5r pedagog Cornelia\n\t\t\t\t\n\t<\/h2>\n\n\t\t\t\t\t\t\t<\/div>\n\t\t\n\t\t\n\t\n\t\t\n\t\t\t\n<ul\n\tid=\"ams-testimonial-list-69e63dd3205a5\"\n\tclass=\"ams-testimonial__list  l-grid u-gap-fluid-2xl-4xl js-results \"\n\tdata-filter-animation=\"off\">\n\t\t\t\t\t\t\t\t\t\t\t\n\t\t\n\t\t\n\t\t<li class=\"l-col-6@md \" data-filter=\" november-2020\">\n\t\t\t<article class=\"c-card has-media-zoom \" data-variant=\"inside-half\" data-click-area>\n\t\t\t\t<div class=\"c-card__content l-stack l-stack-sm is-left is-left@md\">\n\t\t\t\t\t\t\t\t\t\t\t<blockquote class=\"c-card__title u-font-title-3\">\n\t\t\t\t\t\t\t\t\t\t\t\t\t\t\t<p class=\"u-quote-marks\"><a href=\"https:\/\/pysslingen.se\/rodaberget\/intervju\/cornelia\/\" class=\"link\"> Jag f\u00e5r vara en trygg och n\u00e4rvarande vuxen i barnens liv&#8230;<\/a><\/p>\n\t\t\t\t\t\t\t\t\t\t\t\t\t<\/blockquote>\n\t\t\t\t\t\n\t\t\t\t\t\t\t\t\t\t\t<p class=\"c-card__text l-stack-grow u-divider-top u-font-body\">\n\t\t\t\t\t\t\t<span class=\"author u-mr-fluid-lg\">Cornelia Lissvik<\/span>\n\t\t\t\t\t\t\t<span class=\"title u-mr-fluid-lg\">F\u00f6rskoll\u00e4rare p\u00e5 R\u00f6da Berget<\/span>\n\t\t\t\t\t\t<\/p>\n\t\t\t\t\t\n\t\t\t\t\t<div class=\"c-card__icon\">\n\t\t\t\t\t\t<svg class=\"ams-icon ams-icon--arrow-right\" width=\"32\" height=\"32\" viewBox=\"0 0 32 32\" fill=\"currentColor\" aria-hidden=\"true\" xmlns=\"http:\/\/www.w3.org\/2000\/svg\">\n\t\t\t\t\t\t\t<path d=\"M15.4617 0.252159L14.9567 0.75931C14.6219 1.09545 14.6219 1.64048 14.9567 1.97669L27.7062 14.7806H0.857144C0.383786 14.7806 0 15.166 0 15.6414V16.3587C0 16.8341 0.383786 17.2195 0.857144 17.2195H27.7062L14.9567 30.0234C14.6219 30.3595 14.6219 30.9045 14.9567 31.2407L15.4617 31.7479C15.7964 32.084 16.3392 32.084 16.6739 31.7479L31.749 16.6087C32.0837 16.2725 32.0837 15.7275 31.749 15.3913L16.6739 0.252159C16.3392 -0.084053 15.7964 -0.084053 15.4617 0.252159Z\"\/>\n\t\t\t\t\t\t<\/svg>\n\t\t\t\t\t<\/div>\n\t\t\t\t<\/div>\n\t\t\t\t<div class=\"c-card__media\" style=\" \">\n\t\t\t\t\t<img decoding=\"async\" width=\"600\" height=\"588\" src=\"https:\/\/pysslingen.se\/wp-content\/uploads\/sites\/35\/2020\/11\/cornelia-ansiktet-utat-rb-e1755001647477-600x588.jpg\" class=\"attachment-md size-md\" alt=\"Portr\u00e4ttbild av Cornelia pedagog p\u00e5 f\u00f6rskolan R\u00f6da Berget\" sizes=\"(min-width: 80em) 600px, (min-width: 48em) calc(.50 * (100vw - 240px)), calc(100vw - 160px)\" srcset=\"https:\/\/pysslingen.se\/wp-content\/uploads\/sites\/35\/2020\/11\/cornelia-ansiktet-utat-rb-e1755001647477-600x588.jpg 600w, https:\/\/pysslingen.se\/wp-content\/uploads\/sites\/35\/2020\/11\/cornelia-ansiktet-utat-rb-e1755001647477-300x294.jpg 300w, https:\/\/pysslingen.se\/wp-content\/uploads\/sites\/35\/2020\/11\/cornelia-ansiktet-utat-rb-e1755001647477-400x392.jpg 400w, https:\/\/pysslingen.se\/wp-content\/uploads\/sites\/35\/2020\/11\/cornelia-ansiktet-utat-rb-e1755001647477-800x784.jpg 800w, https:\/\/pysslingen.se\/wp-content\/uploads\/sites\/35\/2020\/11\/cornelia-ansiktet-utat-rb-e1755001647477-1024x1003.jpg 1024w, https:\/\/pysslingen.se\/wp-content\/uploads\/sites\/35\/2020\/11\/cornelia-ansiktet-utat-rb-e1755001647477-1200x1176.jpg 1200w, https:\/\/pysslingen.se\/wp-content\/uploads\/sites\/35\/2020\/11\/cornelia-ansiktet-utat-rb-e1755001647477.jpg 1920w\" \/>\n\t\t\t\t<\/div>\n\t\t\t<\/article>\n\t\t<\/li>\n\t<\/ul>\n\t\n\t<div class=\"no-results u-mt-0 u-hide\" data-filter-fallback-id=\"ams-testimonial-list-69e63dd3205a5\">\n\t<p>Det finns inga resultat som matchar din filtrering.<\/p>\n<\/div>\n\n\t\n\n\t\t\n\t\t\t<\/div>\n\n\t\t\n\n<\/section>\n","protected":false},"excerpt":{"rendered":"<p>M\u00f6t v\u00e5ra medarbetare p\u00e5 R\u00f6da Berget P\u00e5 v\u00e5r f\u00f6rskola R\u00f6da Berget arbetar engagerade pedagoger och medarbetare som varje dag skapar en trygg och l\u00e4rande milj\u00f6 f\u00f6r barnen. H\u00e4r kan du l\u00e4sa intervjuer med v\u00e5ra pedagoger och f\u00e5 en tydligare bild av hur vi arbetar i verksamheten.<\/p>\n","protected":false},"author":4,"featured_media":0,"parent":0,"menu_order":0,"comment_status":"closed","ping_status":"closed","template":"","meta":{"footnotes":""},"yoast_head":"<!-- This site is optimized with the Yoast SEO plugin v22.0 - https:\/\/yoast.com\/wordpress\/plugins\/seo\/ -->\n<title>R\u00f6da Berget<\/title>\n<meta name=\"description\" content=\"M\u00f6t v\u00e5ra medarbetare p\u00e5 R\u00f6da Bergets f\u00f6rskola. L\u00e4s intervjun och l\u00e4r k\u00e4nna en av v\u00e5ra pedagoger. L\u00e4s mer!\" \/>\n<meta name=\"robots\" content=\"index, follow, max-snippet:-1, max-image-preview:large, max-video-preview:-1\" \/>\n<link rel=\"canonical\" href=\"https:\/\/pysslingen.se\/rodaberget\/intervju\/\" \/>\n<meta property=\"og:locale\" content=\"sv_SE\" \/>\n<meta property=\"og:type\" content=\"article\" \/>\n<meta property=\"og:description\" content=\"M\u00f6t v\u00e5ra medarbetare p\u00e5 R\u00f6da Bergets f\u00f6rskola. L\u00e4s intervjun och l\u00e4r k\u00e4nna en av v\u00e5ra pedagoger. L\u00e4s mer!\" \/>\n<meta property=\"og:url\" content=\"https:\/\/pysslingen.se\/rodaberget\/intervju\/\" \/>\n<meta property=\"og:site_name\" content=\"R\u00f6da Berget\" \/>\n<meta property=\"article:modified_time\" content=\"2025-11-21T13:48:26+00:00\" \/>\n<meta name=\"twitter:card\" content=\"summary_large_image\" \/>\n<meta name=\"twitter:description\" content=\"M\u00f6t v\u00e5ra medarbetare p\u00e5 R\u00f6da Bergets f\u00f6rskola. L\u00e4s intervjun och l\u00e4r k\u00e4nna en av v\u00e5ra pedagoger. L\u00e4s mer!\" \/>\n<meta name=\"twitter:label1\" content=\"Ber\u00e4knad l\u00e4stid\" \/>\n\t<meta name=\"twitter:data1\" content=\"1 minut\" \/>\n<script type=\"application\/ld+json\" class=\"yoast-schema-graph\">{\"@context\":\"https:\/\/schema.org\",\"@graph\":[{\"@type\":\"WebPage\",\"@id\":\"https:\/\/pysslingen.se\/rodaberget\/intervju\/\",\"url\":\"https:\/\/pysslingen.se\/rodaberget\/intervju\/\",\"name\":\"Intervju - R\u00f6da Berget\",\"isPartOf\":{\"@id\":\"https:\/\/pysslingen.se\/rodaberget\/#website\"},\"datePublished\":\"2025-11-21T13:34:54+00:00\",\"dateModified\":\"2025-11-21T13:48:26+00:00\",\"description\":\"M\u00f6t v\u00e5ra medarbetare p\u00e5 R\u00f6da Bergets f\u00f6rskola. L\u00e4s intervjun och l\u00e4r k\u00e4nna en av v\u00e5ra pedagoger. L\u00e4s mer!\",\"breadcrumb\":{\"@id\":\"https:\/\/pysslingen.se\/rodaberget\/intervju\/#breadcrumb\"},\"inLanguage\":\"sv-SE\",\"potentialAction\":[{\"@type\":\"ReadAction\",\"target\":[\"https:\/\/pysslingen.se\/rodaberget\/intervju\/\"]}]},{\"@type\":\"BreadcrumbList\",\"@id\":\"https:\/\/pysslingen.se\/rodaberget\/intervju\/#breadcrumb\",\"itemListElement\":[{\"@type\":\"ListItem\",\"position\":1,\"name\":\"Start\",\"item\":\"https:\/\/pysslingen.se\/rodaberget\/\"},{\"@type\":\"ListItem\",\"position\":2,\"name\":\"Intervju\"}]},{\"@type\":\"WebSite\",\"@id\":\"https:\/\/pysslingen.se\/rodaberget\/#website\",\"url\":\"https:\/\/pysslingen.se\/rodaberget\/\",\"name\":\"R\u00f6da Berget\",\"description\":\"En trygg och stimulerande v\u00e4rld\",\"publisher\":{\"@id\":\"https:\/\/pysslingen.se\/rodaberget\/#organization\"},\"potentialAction\":[{\"@type\":\"SearchAction\",\"target\":{\"@type\":\"EntryPoint\",\"urlTemplate\":\"https:\/\/pysslingen.se\/rodaberget\/?s={search_term_string}\"},\"query-input\":\"required name=search_term_string\"}],\"inLanguage\":\"sv-SE\"},{\"@type\":\"Organization\",\"@id\":\"https:\/\/pysslingen.se\/rodaberget\/#organization\",\"name\":\"Pysslingen F\u00f6rskolor\",\"url\":\"https:\/\/pysslingen.se\/rodaberget\/\",\"logo\":{\"@type\":\"ImageObject\",\"inLanguage\":\"sv-SE\",\"@id\":\"https:\/\/pysslingen.se\/rodaberget\/#\/schema\/logo\/image\/\",\"url\":\"https:\/\/pysslingen.se\/wp-content\/uploads\/2021\/05\/pysslingen-forskolor.png\",\"contentUrl\":\"https:\/\/pysslingen.se\/wp-content\/uploads\/2021\/05\/pysslingen-forskolor.png\",\"width\":1120,\"height\":630,\"caption\":\"Pysslingen F\u00f6rskolor\"},\"image\":{\"@id\":\"https:\/\/pysslingen.se\/rodaberget\/#\/schema\/logo\/image\/\"}}]}<\/script>\n<!-- \/ Yoast SEO plugin. -->","yoast_head_json":{"title":"R\u00f6da Berget","description":"M\u00f6t v\u00e5ra medarbetare p\u00e5 R\u00f6da Bergets f\u00f6rskola. L\u00e4s intervjun och l\u00e4r k\u00e4nna en av v\u00e5ra pedagoger. L\u00e4s mer!","robots":{"index":"index","follow":"follow","max-snippet":"max-snippet:-1","max-image-preview":"max-image-preview:large","max-video-preview":"max-video-preview:-1"},"canonical":"https:\/\/pysslingen.se\/rodaberget\/intervju\/","og_locale":"sv_SE","og_type":"article","og_description":"M\u00f6t v\u00e5ra medarbetare p\u00e5 R\u00f6da Bergets f\u00f6rskola. L\u00e4s intervjun och l\u00e4r k\u00e4nna en av v\u00e5ra pedagoger. L\u00e4s mer!","og_url":"https:\/\/pysslingen.se\/rodaberget\/intervju\/","og_site_name":"R\u00f6da Berget","article_modified_time":"2025-11-21T13:48:26+00:00","twitter_card":"summary_large_image","twitter_description":"M\u00f6t v\u00e5ra medarbetare p\u00e5 R\u00f6da Bergets f\u00f6rskola. L\u00e4s intervjun och l\u00e4r k\u00e4nna en av v\u00e5ra pedagoger. L\u00e4s mer!","twitter_misc":{"Ber\u00e4knad l\u00e4stid":"1 minut"},"schema":{"@context":"https:\/\/schema.org","@graph":[{"@type":"WebPage","@id":"https:\/\/pysslingen.se\/rodaberget\/intervju\/","url":"https:\/\/pysslingen.se\/rodaberget\/intervju\/","name":"Intervju - R\u00f6da Berget","isPartOf":{"@id":"https:\/\/pysslingen.se\/rodaberget\/#website"},"datePublished":"2025-11-21T13:34:54+00:00","dateModified":"2025-11-21T13:48:26+00:00","description":"M\u00f6t v\u00e5ra medarbetare p\u00e5 R\u00f6da Bergets f\u00f6rskola. L\u00e4s intervjun och l\u00e4r k\u00e4nna en av v\u00e5ra pedagoger. L\u00e4s mer!","breadcrumb":{"@id":"https:\/\/pysslingen.se\/rodaberget\/intervju\/#breadcrumb"},"inLanguage":"sv-SE","potentialAction":[{"@type":"ReadAction","target":["https:\/\/pysslingen.se\/rodaberget\/intervju\/"]}]},{"@type":"BreadcrumbList","@id":"https:\/\/pysslingen.se\/rodaberget\/intervju\/#breadcrumb","itemListElement":[{"@type":"ListItem","position":1,"name":"Start","item":"https:\/\/pysslingen.se\/rodaberget\/"},{"@type":"ListItem","position":2,"name":"Intervju"}]},{"@type":"WebSite","@id":"https:\/\/pysslingen.se\/rodaberget\/#website","url":"https:\/\/pysslingen.se\/rodaberget\/","name":"R\u00f6da Berget","description":"En trygg och stimulerande v\u00e4rld","publisher":{"@id":"https:\/\/pysslingen.se\/rodaberget\/#organization"},"potentialAction":[{"@type":"SearchAction","target":{"@type":"EntryPoint","urlTemplate":"https:\/\/pysslingen.se\/rodaberget\/?s={search_term_string}"},"query-input":"required name=search_term_string"}],"inLanguage":"sv-SE"},{"@type":"Organization","@id":"https:\/\/pysslingen.se\/rodaberget\/#organization","name":"Pysslingen F\u00f6rskolor","url":"https:\/\/pysslingen.se\/rodaberget\/","logo":{"@type":"ImageObject","inLanguage":"sv-SE","@id":"https:\/\/pysslingen.se\/rodaberget\/#\/schema\/logo\/image\/","url":"https:\/\/pysslingen.se\/wp-content\/uploads\/2021\/05\/pysslingen-forskolor.png","contentUrl":"https:\/\/pysslingen.se\/wp-content\/uploads\/2021\/05\/pysslingen-forskolor.png","width":1120,"height":630,"caption":"Pysslingen F\u00f6rskolor"},"image":{"@id":"https:\/\/pysslingen.se\/rodaberget\/#\/schema\/logo\/image\/"}}]}},"_links":{"self":[{"href":"https:\/\/pysslingen.se\/rodaberget\/wp-json\/wp\/v2\/pages\/1478"}],"collection":[{"href":"https:\/\/pysslingen.se\/rodaberget\/wp-json\/wp\/v2\/pages"}],"about":[{"href":"https:\/\/pysslingen.se\/rodaberget\/wp-json\/wp\/v2\/types\/page"}],"author":[{"embeddable":true,"href":"https:\/\/pysslingen.se\/rodaberget\/wp-json\/wp\/v2\/users\/4"}],"replies":[{"embeddable":true,"href":"https:\/\/pysslingen.se\/rodaberget\/wp-json\/wp\/v2\/comments?post=1478"}],"version-history":[{"count":10,"href":"https:\/\/pysslingen.se\/rodaberget\/wp-json\/wp\/v2\/pages\/1478\/revisions"}],"predecessor-version":[{"id":1489,"href":"https:\/\/pysslingen.se\/rodaberget\/wp-json\/wp\/v2\/pages\/1478\/revisions\/1489"}],"wp:attachment":[{"href":"https:\/\/pysslingen.se\/rodaberget\/wp-json\/wp\/v2\/media?parent=1478"}],"curies":[{"name":"wp","href":"https:\/\/api.w.org\/{rel}","templated":true}]}}