{"id":1598,"date":"2025-04-25T09:52:25","date_gmt":"2025-04-25T07:52:25","guid":{"rendered":"https:\/\/pysslingen.se\/parlan\/?page_id=1598"},"modified":"2025-04-30T14:20:33","modified_gmt":"2025-04-30T12:20:33","slug":"simskola","status":"publish","type":"page","link":"https:\/\/pysslingen.se\/parlan\/simskola\/","title":{"rendered":"Simskola p\u00e5 Pysslingen P\u00e4rlan"},"content":{"rendered":"\n\t\n\t\n\t\n\n\t\n\t\n\t\t\n<section  class=\"c-block l-stacked  \" data-color-scheme=\"nyans2_av_cta-hover-standard\">\n\t<div class=\"ams-fifty ams-fifty--container ams-fifty--right ams-fifty--bottom l-container u-pt-fluid-2xl-4xl u-pb-fluid-2xl-4xl\">\n\t\t<div class=\"ams-fifty__content l-stack l-stack-xl is-left is-left@lg\">\n\t\t\t<div class=\"ams-fifty__text l-stack l-stack-lg\">\n\t\t\t\t\t\n\t<h1\n\tclass=\"c-heading u-font-title-1 \"\n\tstyle=\"\">\n\t\t\n\t\t\t\t\t\t\t\t\tHur fungerar simskola p\u00e5 f\u00f6rskolan?\n\t\t\t\t<span class=\"c-heading__sub is-below u-font-title-3\">\n\t\t\t\t\tPysslingen P\u00e4rlan\n\t\t\t\t<\/span>\n\t\t\t\t\t\t\t\n\t<\/h1>\n\n\t\t\t\t\t\t\t\t\t<div class=\"text l-stack u-font-body\">\n\t\t\t\t\t\t<p>P\u00e5 P\u00e4rlans f\u00f6rskola erbjuder vi simskola f\u00f6r de \u00e4ldsta barnen, som en del av v\u00e5rt Sista \u00e5ret-koncept, d\u00e4r vi p\u00e5 ett lekfullt och pedagogiskt s\u00e4tt f\u00f6rbereder barnen inf\u00f6r skolstarten. Barnen f\u00e5r under \u00e5tta tillf\u00e4llen l\u00e4ra sig simningens grunder under ledning av erfarna och utbildade instrukt\u00f6rer. M\u00e5let \u00e4r inte bara att utveckla barnens simkunnighet, utan \u00e4ven att st\u00e4rka barnens trygghet och s\u00e4kerhet i vattnet.<\/p>\n\n\t\t\t\t\t<\/div>\n\t\t\t\t\t\t\t<\/div>\n\n\t\t\t\t\t<\/div>\n\n\t\t <div class=\"ams-fifty__media u-ratio-landscape\">\n\t\t \t\t\t\t\t<img decoding=\"async\" width=\"600\" height=\"450\" src=\"https:\/\/pysslingen.se\/wp-content\/uploads\/sites\/95\/2024\/11\/simma-600x450.jpg\" class=\"attachment-md size-md\" alt=\"Leende pojke som simmar under vattnet\" sizes=\"(min-width: 64em) 600px, calc(100vw - 160px)\" srcset=\"https:\/\/pysslingen.se\/wp-content\/uploads\/sites\/95\/2024\/11\/simma-600x450.jpg 600w, https:\/\/pysslingen.se\/wp-content\/uploads\/sites\/95\/2024\/11\/simma-300x225.jpg 300w, https:\/\/pysslingen.se\/wp-content\/uploads\/sites\/95\/2024\/11\/simma-400x300.jpg 400w, https:\/\/pysslingen.se\/wp-content\/uploads\/sites\/95\/2024\/11\/simma-800x600.jpg 800w, https:\/\/pysslingen.se\/wp-content\/uploads\/sites\/95\/2024\/11\/simma-1024x768.jpg 1024w, https:\/\/pysslingen.se\/wp-content\/uploads\/sites\/95\/2024\/11\/simma-1200x900.jpg 1200w, https:\/\/pysslingen.se\/wp-content\/uploads\/sites\/95\/2024\/11\/simma-768x576.jpg 768w, https:\/\/pysslingen.se\/wp-content\/uploads\/sites\/95\/2024\/11\/simma.jpg 1890w\" \/>\n\t\t\t\n\t\t\t\n\t\t\t\t\t<\/div>\n\t<\/div>\n\n\t\t\n\n<\/section>\n\n\n\n\t\n\t\n\t\n\n\t\n\t\n\t\t\n<section  class=\"c-block l-stacked  \" data-color-scheme=\"nyans2_av_cta-hover-standard\">\n\t<div class=\"ams-fifty ams-fifty--container ams-fifty--left ams-fifty--bottom l-container u-pt-fluid-2xl-4xl u-pb-fluid-2xl-4xl\">\n\t\t<div class=\"ams-fifty__content l-stack l-stack-xl is-left is-left@lg\">\n\t\t\t<div class=\"ams-fifty__text l-stack l-stack-lg\">\n\t\t\t\t\t\n\t<h2\n\tclass=\"c-heading u-font-title-1 \"\n\tstyle=\"\">\n\t\t\n\t\t\t\t\tMer om f\u00f6rskolan P\u00e4rlan i Helsingborg\n\t\t\t\t\n\t<\/h2>\n\n\t\t\t\t\t\t\t\t\t<div class=\"text l-stack u-font-body\">\n\t\t\t\t\t\t<p>P\u00e4rlans f\u00f6rskola ligger i centrala Helsingborg i ljusa fina lokaler och med en stor g\u00e5rd som inspirerar till lek. Vi bes\u00f6ker ofta n\u00e4rliggande bibliotek, parker, lekplatser och strand. Ibland beger vi oss ut i skog och mark med v\u00e5ra elcyklar. V\u00e5rt m\u00e5l \u00e4r att vara en f\u00f6rskola i framkant d\u00e4r barnens nyfikenhet f\u00e5r styra.<\/p>\n\n\t\t\t\t\t<\/div>\n\t\t\t\t\t\t\t<\/div>\n\n\t\t\t\t\t<\/div>\n\n\t\t <div class=\"ams-fifty__media u-ratio-landscape\">\n\t\t \t\t\t\t\t<img decoding=\"async\" width=\"600\" height=\"800\" src=\"https:\/\/pysslingen.se\/wp-content\/uploads\/sites\/95\/2020\/11\/besok-forskolan.jpg\" class=\"attachment-md size-md\" alt=\"Bild p\u00e5 f\u00f6rskolan fr\u00e5n g\u00e5rden\" sizes=\"(min-width: 64em) 600px, calc(100vw - 160px)\" srcset=\"https:\/\/pysslingen.se\/wp-content\/uploads\/sites\/95\/2020\/11\/besok-forskolan.jpg 768w, https:\/\/pysslingen.se\/wp-content\/uploads\/sites\/95\/2020\/11\/besok-forskolan-225x300.jpg 225w, https:\/\/pysslingen.se\/wp-content\/uploads\/sites\/95\/2020\/11\/besok-forskolan-503x670.jpg 503w\" \/>\n\t\t\t\n\t\t\t\n\t\t\t\t\t<\/div>\n\t<\/div>\n\n\t\t\n\n<\/section>\n\n\n\n\n<section  class=\"ams-cta ams-cta--stacked c-block l-stacked\" data-color-scheme=\"usp-pink-background-blue-cards\">\n\t<div class=\"l-container l-stack l-stack-fluid-2xl u-pt-fluid-2xl-4xl u-pb-fluid-2xl-4xl is-center is-center@md\">\n\t\t\t\t\t<div class=\"ams-cta__intro l-stack l-stack-lg\">\n\t\t\t\t\t\n\t<h2\n\tclass=\"c-heading u-font-title-1 \"\n\tstyle=\"\">\n\t\t\n\t\t\t\t\tVill du ans\u00f6ka till P\u00e4rlans f\u00f6rskola?\n\t\t\t\t\n\t<\/h2>\n\n\t\t\t\t\t\t\t\t\t<div class=\"c-text l-stack u-cs-xl u-font-body\">\n\t\t\t\t\t\t<p>Vad roligt att du \u00e4r intresserad av en plats hos oss p\u00e5 P\u00e4rlans f\u00f6rskola!<\/p>\n<p>F\u00f6r att st\u00e4lla ditt barn i k\u00f6 g\u00e5r du in p\u00e5 Helsingborg stads <a href=\"https:\/\/helsingborg.se\/forskola-och-utbildning\/forskola\/\">webbplats<\/a> och g\u00f6r din platsans\u00f6kan. D\u00e4r kan du l\u00e4sa om turordningsreglerna. Om du vill ha hj\u00e4lp med att st\u00e4lla dig i k\u00f6 ringer du kommunens Kontaktcenter p\u00e5 042-10 50 00.<\/p>\n<p>Har du fr\u00e5gor om k\u00f6 och intag \u00e4r du v\u00e4lkommen att kontakta v\u00e5r intendent, se kontaktuppgifter nedan.<\/p>\n\n\t\t\t\t\t<\/div>\n\t\t\t\t\t\t\t<\/div>\n\t\t\n\t\t\n\t\t\t<div class=\"ams-cta__action u-inline-items\">\n\t\t\t\t\t\t\t\n\n\n<a href=\"https:\/\/helsingborg.se\/forskola-och-utbildning\/forskola\/\"\n\t\n\tclass=\"c-btn \"\n\tdata-style=\"rounded\"\n\tdata-size=\"md\"\n\tdata-width=\"full-mobile\"\n\tdata-variant=\"default\"\n\ttarget=\"_blank\">\n\t\t\t<span class=\"label\"> Till k\u00f6anm\u00e4lan<\/span>\n\t\t\t<\/a>\n\t\t\t<\/div>\n\t<\/div>\n\n\t\t\n\n<\/section>\n\n\n\n<section \n\t\t class=\"\n\t\t ams-contact\n\t\t \n\t\t c-block l-stacked\n\t\t \n\t\t \n\t\t js-load-more\n\t\t \"\n\t\t data-color-scheme=\"\"\n\t\t\t\t\tdata-count=\"3\"\n\t\t\t\t\t\t\tdata-count-mobile=\"2\"\n\t\t\t\t>\n\t<div\n\t\t class=\"\n\t\t l-container\n\t\t l-stack l-stack-fluid-2xl\n\t\t u-pt-fluid-3xl-6xl\n\t\t u-pb-fluid-3xl-6xl\n\t\t is-center\n\t\t is-center@md\n\t\t \">\n\t\t\t\t\t<div class=\"ams-contact__intro l-stack l-stack-lg\">\n\t\t\t\t\t\n\t<h2\n\tclass=\"c-heading u-font-title-1 \"\n\tstyle=\"\">\n\t\t\n\t\t\t\t\tKontakta oss:\n\t\t\t\t\n\t<\/h2>\n\n\t\t\t\t\t\t\t\t\t<div class=\"c-text l-stack u-cs-xl u-font-body\">\n\t\t\t\t\t\t<p>Har du fr\u00e5gor om f\u00f6rskolan \u00e4r du varmt v\u00e4lkommen att kontakta oss.<\/p>\n\n\t\t\t\t\t<\/div>\n\t\t\t\t\t\t\t<\/div>\n\t\t\n\t\t\n\t\t    \t\n\t\t\n\t\t<ul\n\t\t\tid=\"contact-grid-69e1d4ef4bc96\"\n\t\t\tclass=\"ams-contact__list l-grid u-gap-fluid-2xl-4xl u-justify-center js-results \"\n\t\t\taria-label=\"Kontakter\"\n\t\t\tdata-filter-animation=\"off\"\n\t\t\t>\n\t\t\t\t\t<\/ul>\n\n\t\t\n\t\t    <div class=\"ams-contact__more u-inline-items js-load-more-btn\">\n        <button href=\"#\"\n                class=\"c-btn\"\n                data-style=\"rounded\"\n                data-size=\"md\"\n                data-width=\"full-mobile\"\n                data-variant=\"outline\">\n        \tVisa mer\n        <\/button>\n    <\/div>\n\n\t\t\t<\/div>\n\n\t\t\n\n<\/section>\n\n\n\n\n<section  class=\"ams-cta ams-cta--stacked c-block l-stacked\">\n\t<div class=\"l-container l-stack l-stack-fluid-2xl u-pt-fluid-md-xl u-pb-fluid-md-xl is-center is-center@md\">\n\t\t\t\t\t<div class=\"ams-cta__intro l-stack l-stack-lg\">\n\t\t\t\t\t\n\t<h2\n\tclass=\"c-heading u-font-title-1 \"\n\tstyle=\"\">\n\t\t\n\t\t\t\t\tVilld du veta mer om P\u00e4rlan?\n\t\t\t\t\n\t<\/h2>\n\n\t\t\t\t\t\t\t<\/div>\n\t\t\n\t\t\n\t\t\t<div class=\"ams-cta__action u-inline-items\">\n\t\t\t\t\t\t\t\n\n\n<a href=\"https:\/\/pysslingen.se\/parlan\/om-forskolan\/\"\n\t\n\tclass=\"c-btn \"\n\tdata-style=\"rounded\"\n\tdata-size=\"md\"\n\tdata-width=\"full-mobile\"\n\tdata-variant=\"default\"\n\ttarget=\"_self\">\n\t\t\t<span class=\"label\"> L\u00e4s mer om f\u00f6rskolan<\/span>\n\t\t\t<\/a>\n\t\t\t<\/div>\n\t<\/div>\n\n\t\t\n\n<\/section>\n","protected":false},"excerpt":{"rendered":"","protected":false},"author":103,"featured_media":0,"parent":0,"menu_order":0,"comment_status":"closed","ping_status":"closed","template":"","meta":{"footnotes":""},"yoast_head":"<!-- This site is optimized with the Yoast SEO plugin v22.0 - https:\/\/yoast.com\/wordpress\/plugins\/seo\/ -->\n<title>P\u00e4rlan<\/title>\n<meta name=\"robots\" content=\"index, follow, max-snippet:-1, max-image-preview:large, max-video-preview:-1\" \/>\n<link rel=\"canonical\" href=\"https:\/\/pysslingen.se\/parlan\/simskola\/\" \/>\n<meta property=\"og:locale\" content=\"sv_SE\" \/>\n<meta property=\"og:type\" content=\"article\" \/>\n<meta property=\"og:url\" content=\"https:\/\/pysslingen.se\/parlan\/simskola\/\" \/>\n<meta property=\"og:site_name\" content=\"P\u00e4rlan\" \/>\n<meta property=\"article:modified_time\" content=\"2025-04-30T12:20:33+00:00\" \/>\n<meta name=\"twitter:card\" content=\"summary_large_image\" \/>\n<script type=\"application\/ld+json\" class=\"yoast-schema-graph\">{\"@context\":\"https:\/\/schema.org\",\"@graph\":[{\"@type\":\"WebPage\",\"@id\":\"https:\/\/pysslingen.se\/parlan\/simskola\/\",\"url\":\"https:\/\/pysslingen.se\/parlan\/simskola\/\",\"name\":\"Simskola p\u00e5 Pysslingen P\u00e4rlan - P\u00e4rlan\",\"isPartOf\":{\"@id\":\"https:\/\/pysslingen.se\/parlan\/#website\"},\"datePublished\":\"2025-04-25T07:52:25+00:00\",\"dateModified\":\"2025-04-30T12:20:33+00:00\",\"breadcrumb\":{\"@id\":\"https:\/\/pysslingen.se\/parlan\/simskola\/#breadcrumb\"},\"inLanguage\":\"sv-SE\",\"potentialAction\":[{\"@type\":\"ReadAction\",\"target\":[\"https:\/\/pysslingen.se\/parlan\/simskola\/\"]}]},{\"@type\":\"BreadcrumbList\",\"@id\":\"https:\/\/pysslingen.se\/parlan\/simskola\/#breadcrumb\",\"itemListElement\":[{\"@type\":\"ListItem\",\"position\":1,\"name\":\"Start\",\"item\":\"https:\/\/pysslingen.se\/parlan\/\"},{\"@type\":\"ListItem\",\"position\":2,\"name\":\"Simskola p\u00e5 Pysslingen P\u00e4rlan\"}]},{\"@type\":\"WebSite\",\"@id\":\"https:\/\/pysslingen.se\/parlan\/#website\",\"url\":\"https:\/\/pysslingen.se\/parlan\/\",\"name\":\"P\u00e4rlan\",\"description\":\"En trygg och stimulerande v\u00e4rld\",\"publisher\":{\"@id\":\"https:\/\/pysslingen.se\/parlan\/#organization\"},\"potentialAction\":[{\"@type\":\"SearchAction\",\"target\":{\"@type\":\"EntryPoint\",\"urlTemplate\":\"https:\/\/pysslingen.se\/parlan\/?s={search_term_string}\"},\"query-input\":\"required name=search_term_string\"}],\"inLanguage\":\"sv-SE\"},{\"@type\":\"Organization\",\"@id\":\"https:\/\/pysslingen.se\/parlan\/#organization\",\"name\":\"Pysslingen F\u00f6rskolor\",\"url\":\"https:\/\/pysslingen.se\/parlan\/\",\"logo\":{\"@type\":\"ImageObject\",\"inLanguage\":\"sv-SE\",\"@id\":\"https:\/\/pysslingen.se\/parlan\/#\/schema\/logo\/image\/\",\"url\":\"https:\/\/pysslingen.se\/wp-content\/uploads\/2021\/05\/pysslingen-forskolor.png\",\"contentUrl\":\"https:\/\/pysslingen.se\/wp-content\/uploads\/2021\/05\/pysslingen-forskolor.png\",\"width\":1120,\"height\":630,\"caption\":\"Pysslingen F\u00f6rskolor\"},\"image\":{\"@id\":\"https:\/\/pysslingen.se\/parlan\/#\/schema\/logo\/image\/\"}}]}<\/script>\n<!-- \/ Yoast SEO plugin. -->","yoast_head_json":{"title":"P\u00e4rlan","robots":{"index":"index","follow":"follow","max-snippet":"max-snippet:-1","max-image-preview":"max-image-preview:large","max-video-preview":"max-video-preview:-1"},"canonical":"https:\/\/pysslingen.se\/parlan\/simskola\/","og_locale":"sv_SE","og_type":"article","og_url":"https:\/\/pysslingen.se\/parlan\/simskola\/","og_site_name":"P\u00e4rlan","article_modified_time":"2025-04-30T12:20:33+00:00","twitter_card":"summary_large_image","schema":{"@context":"https:\/\/schema.org","@graph":[{"@type":"WebPage","@id":"https:\/\/pysslingen.se\/parlan\/simskola\/","url":"https:\/\/pysslingen.se\/parlan\/simskola\/","name":"Simskola p\u00e5 Pysslingen P\u00e4rlan - P\u00e4rlan","isPartOf":{"@id":"https:\/\/pysslingen.se\/parlan\/#website"},"datePublished":"2025-04-25T07:52:25+00:00","dateModified":"2025-04-30T12:20:33+00:00","breadcrumb":{"@id":"https:\/\/pysslingen.se\/parlan\/simskola\/#breadcrumb"},"inLanguage":"sv-SE","potentialAction":[{"@type":"ReadAction","target":["https:\/\/pysslingen.se\/parlan\/simskola\/"]}]},{"@type":"BreadcrumbList","@id":"https:\/\/pysslingen.se\/parlan\/simskola\/#breadcrumb","itemListElement":[{"@type":"ListItem","position":1,"name":"Start","item":"https:\/\/pysslingen.se\/parlan\/"},{"@type":"ListItem","position":2,"name":"Simskola p\u00e5 Pysslingen P\u00e4rlan"}]},{"@type":"WebSite","@id":"https:\/\/pysslingen.se\/parlan\/#website","url":"https:\/\/pysslingen.se\/parlan\/","name":"P\u00e4rlan","description":"En trygg och stimulerande v\u00e4rld","publisher":{"@id":"https:\/\/pysslingen.se\/parlan\/#organization"},"potentialAction":[{"@type":"SearchAction","target":{"@type":"EntryPoint","urlTemplate":"https:\/\/pysslingen.se\/parlan\/?s={search_term_string}"},"query-input":"required name=search_term_string"}],"inLanguage":"sv-SE"},{"@type":"Organization","@id":"https:\/\/pysslingen.se\/parlan\/#organization","name":"Pysslingen F\u00f6rskolor","url":"https:\/\/pysslingen.se\/parlan\/","logo":{"@type":"ImageObject","inLanguage":"sv-SE","@id":"https:\/\/pysslingen.se\/parlan\/#\/schema\/logo\/image\/","url":"https:\/\/pysslingen.se\/wp-content\/uploads\/2021\/05\/pysslingen-forskolor.png","contentUrl":"https:\/\/pysslingen.se\/wp-content\/uploads\/2021\/05\/pysslingen-forskolor.png","width":1120,"height":630,"caption":"Pysslingen F\u00f6rskolor"},"image":{"@id":"https:\/\/pysslingen.se\/parlan\/#\/schema\/logo\/image\/"}}]}},"_links":{"self":[{"href":"https:\/\/pysslingen.se\/parlan\/wp-json\/wp\/v2\/pages\/1598"}],"collection":[{"href":"https:\/\/pysslingen.se\/parlan\/wp-json\/wp\/v2\/pages"}],"about":[{"href":"https:\/\/pysslingen.se\/parlan\/wp-json\/wp\/v2\/types\/page"}],"author":[{"embeddable":true,"href":"https:\/\/pysslingen.se\/parlan\/wp-json\/wp\/v2\/users\/103"}],"replies":[{"embeddable":true,"href":"https:\/\/pysslingen.se\/parlan\/wp-json\/wp\/v2\/comments?post=1598"}],"version-history":[{"count":4,"href":"https:\/\/pysslingen.se\/parlan\/wp-json\/wp\/v2\/pages\/1598\/revisions"}],"predecessor-version":[{"id":1606,"href":"https:\/\/pysslingen.se\/parlan\/wp-json\/wp\/v2\/pages\/1598\/revisions\/1606"}],"wp:attachment":[{"href":"https:\/\/pysslingen.se\/parlan\/wp-json\/wp\/v2\/media?parent=1598"}],"curies":[{"name":"wp","href":"https:\/\/api.w.org\/{rel}","templated":true}]}}