{"id":20,"date":"2020-09-29T09:19:21","date_gmt":"2020-09-29T09:19:21","guid":{"rendered":"https:\/\/pysslingen.se\/orren\/?page_id=20"},"modified":"2025-12-12T14:11:06","modified_gmt":"2025-12-12T13:11:06","slug":"maten","status":"publish","type":"page","link":"https:\/\/pysslingen.se\/orren\/maten\/","title":{"rendered":"V\u00e5r mat"},"content":{"rendered":"\n\t\n\t\n\t\n\n\t\n\t\n\t\t\n<section  class=\"c-block l-stacked  \" data-color-scheme=\"nyans2_av_cta-dark-card-primar1-light-hover-standard_standard\">\n\t<div class=\"ams-fifty ams-fifty--container ams-fifty--right ams-fifty--bottom l-container u-pt-fluid-3xl-6xl u-pb-fluid-3xl-6xl\">\n\t\t<div class=\"ams-fifty__content l-stack l-stack-xl is-left is-left@lg\">\n\t\t\t<div class=\"ams-fifty__text l-stack l-stack-lg\">\n\t\t\t\t\t\n\t<h1\n\tclass=\"c-heading u-font-title-1 \"\n\tstyle=\"\">\n\t\t\n\t\t\t\t\tP\u00e5 Orren serverar vi mat f\u00f6r aktiva barn\n\t\t\t\t\n\t<\/h1>\n\n\t\t\t\t\t\t\t\t\t<div class=\"text l-stack u-font-body\">\n\t\t\t\t\t\t<p>Maten p\u00e5 f\u00f6rskolan \u00e4r viktig f\u00f6r att ditt barn ska f\u00e5 energi att leka och utvecklas varje dag. Men mat \u00e4r faktiskt mycket mer \u00e4n s\u00e5! Hos oss p\u00e5 Orren vill vi skapa ett lustfyllt m\u00f6te med maten och se till att varje m\u00e5ltid blir en upplevelse f\u00f6r alla sinnen.<\/p>\n<p>Vi arbetar passionerat f\u00f6r att barnen ska f\u00e5 h\u00e4lsosamma, klimatsmarta och framf\u00f6r allt goda m\u00e5ltider. Med st\u00f6d i v\u00e5r gemensamma m\u00e5ltidspolicy erbjuder vi bara MSC-m\u00e4rkt fisk, svenskt eller finskt fl\u00e4skk\u00f6tt och svensk kyckling. Minst tv\u00e5 luncher i veckan \u00e4r vegetariska.<\/p>\n\n\t\t\t\t\t<\/div>\n\t\t\t\t\t\t\t<\/div>\n\n\t\t\t\t\t<\/div>\n\n\t\t <div class=\"ams-fifty__media u-ratio-landscape\">\n\t\t \t\t\t\t\t<img decoding=\"async\" width=\"600\" height=\"400\" src=\"https:\/\/pysslingen.se\/wp-content\/uploads\/sites\/15\/2020\/11\/liten-pojke-ater.jpg\" class=\"attachment-md size-md\" alt=\"Liten pojke dricker p\u00e5 f\u00f6rskola\" sizes=\"(min-width: 64em) 600px, calc(100vw - 160px)\" srcset=\"https:\/\/pysslingen.se\/wp-content\/uploads\/sites\/15\/2020\/11\/liten-pojke-ater.jpg 1000w, https:\/\/pysslingen.se\/wp-content\/uploads\/sites\/15\/2020\/11\/liten-pojke-ater-300x200.jpg 300w, https:\/\/pysslingen.se\/wp-content\/uploads\/sites\/15\/2020\/11\/liten-pojke-ater-768x512.jpg 768w\" \/>\n\t\t\t\n\t\t\t\n\t\t\t\t\t<\/div>\n\t<\/div>\n\n\t\t\n\n<\/section>\n\n\n\n<div style=\"height:20px\" aria-hidden=\"true\" class=\"wp-block-spacer\"><\/div>\n\n\n\n<h2 class=\"wp-block-heading\">Mat och pedagogik<\/h2>\n\n\n\n<p>I v\u00e5r pedagogiska verksamhet l\u00e4r vi barnen hur balanserade m\u00e5ltider tillagas och smakar. Barnen l\u00e4r sig socialt samspel och genom maten skapar vi f\u00f6rst\u00e5else f\u00f6r omv\u00e4rlden och v\u00e5ra medm\u00e4nniskor. Med nyfikenhet unders\u00f6ker vi hur samh\u00e4llet och klimatet p\u00e5verkas av det vi \u00e4ter. Vi arbetar ocks\u00e5 medvetet kring barnets m\u00f6te med m\u00e5ltiden, till exempel genom att l\u00e4gga upp maten p\u00e5 ett trevligt s\u00e4tt och se till att den sociala samvaron och samtalet kring matbordet blir lustfyllt.<\/p>\n\n\n\n<div class=\"wp-block-columns is-layout-flex wp-container-core-columns-layout-1 wp-block-columns-is-layout-flex\">\n<div class=\"wp-block-column is-layout-flow wp-block-column-is-layout-flow\">\n<h2 class=\"wp-block-heading\">L\u00e4r k\u00e4nna f\u00f6rskolans kock<\/h2>\n\n\n\n<p>\u2012 Jag heter Karin och arbetar som kock h\u00e4r p\u00e5 f\u00f6rskolan Orren sedan 2008. Det b\u00e4sta med att arbeta med barn och mat \u00e4r att se barnens gl\u00e4dje och deras \u00e4rlighet. Jag tycker att det \u00e4r viktigt att barnen f\u00e5r v\u00e4llagad mat som lagas fr\u00e5n grunden jag arbetar g\u00e4rna med ekologiska r\u00e5varor. Barn med specialkost och allergier erbjuds en lunch som i m\u00f6jligaste m\u00e5n \u00e4r s\u00e5 lik den andra maten som m\u00f6jligt.<\/p>\n\n\n\n<p>\u2012 Jag tycker att det \u00e4r v\u00e4ldigt roligt n\u00e4r barnen talar om vad de tycker och n\u00e4r de kommer med \u00f6nskem\u00e5l. Mina r\u00e4tter \u00e4r varierande, b\u00e5de mat som barnen k\u00e4nner igen och ibland n\u00e5got nytt. Till lunchen serveras alltid ett salladsfat med minst tre olika sorters gr\u00f6nsaker. Jag tycker att barnen p\u00e5 Orren \u00e4r matglada och det \u00e4r v\u00e4ldigt roligt att laga mat till dem!<\/p>\n\n\n\n<p>\u2012 Om du som v\u00e5rdnadshavare har n\u00e5gra fr\u00e5gor eller funderingar finns jag p\u00e5 plats i k\u00f6ket. Kom in till mig eller ring p\u00e5 telefon: <a href=\"tel: 08- 556 509 77\">08- 556 509 77<\/a>.<\/p>\n<\/div>\n\n\n\n<div class=\"wp-block-column is-layout-flow wp-block-column-is-layout-flow\">\n\n<figure  class=\"ams-media l-container-narrow l-stack l-stack-2xs u-pt-fluid-md-xl u-pb-fluid-md-xl is-center is-center@md\" >\n\t\t\t\t\t<img decoding=\"async\" width=\"600\" height=\"536\" src=\"https:\/\/pysslingen.se\/wp-content\/uploads\/sites\/15\/2020\/11\/kocken-karin-greus.jpg\" class=\"ams-media__image u-ratio-square u-radius-square\" alt=\"glad kock p\u00e5 pysslingen f\u00f6rskola orren\" sizes=\"(max-width: 600px) 100vw, 600px\" srcset=\"https:\/\/pysslingen.se\/wp-content\/uploads\/sites\/15\/2020\/11\/kocken-karin-greus.jpg 2543w, https:\/\/pysslingen.se\/wp-content\/uploads\/sites\/15\/2020\/11\/kocken-karin-greus-300x268.jpg 300w, https:\/\/pysslingen.se\/wp-content\/uploads\/sites\/15\/2020\/11\/kocken-karin-greus-1024x914.jpg 1024w, https:\/\/pysslingen.se\/wp-content\/uploads\/sites\/15\/2020\/11\/kocken-karin-greus-768x686.jpg 768w, https:\/\/pysslingen.se\/wp-content\/uploads\/sites\/15\/2020\/11\/kocken-karin-greus-1536x1371.jpg 1536w, https:\/\/pysslingen.se\/wp-content\/uploads\/sites\/15\/2020\/11\/kocken-karin-greus-2048x1828.jpg 2048w, https:\/\/pysslingen.se\/wp-content\/uploads\/sites\/15\/2020\/11\/kocken-karin-greus-1920x1714.jpg 1920w, https:\/\/pysslingen.se\/wp-content\/uploads\/sites\/15\/2020\/11\/kocken-karin-greus-1100x982.jpg 1100w, https:\/\/pysslingen.se\/wp-content\/uploads\/sites\/15\/2020\/11\/kocken-karin-greus-751x670.jpg 751w\" \/>\n\t\t\n\t\n\t<\/figure>\n<\/div>\n<\/div>\n\n\n\n\t<div class=\"module_wrapper ams_remote_pages_module \">\n\t\t\t\t\t\t\t<div class=\"container core-columns\">\n\t\t\t\t\t\t<div class=\"row\">\n\t\t\t\t\t\t\t<div class=\"col-12\">\n\t\t\t\t\t\t\t\t\n<div class=\"wp-block-columns is-layout-flex wp-container-core-columns-layout-2 wp-block-columns-is-layout-flex\">\n<div class=\"wp-block-column is-layout-flow wp-block-column-is-layout-flow\" style=\"flex-basis:33.33%\">\n\t<style>\n\t\t.inner {\n\n\t\t\tmargin: 0 auto;\n\t\t}\n\t<\/style>\n\t<div\n\t\t class=\"container images-module\" >\n\t\t<div   class=\"row images_module__slideshow\">\n\n\t\t\t<div\n\t\t\t\t class=\"col-md-8 offset-md-2 p-0 position-relative images_module__slideshow images_module__slideshow-container  \">\n\t\t\t\t<div class=\"images_module__slide\" data-slide=\"\"\n\t\t\t\t\t data-duration=\"\"><\/div>\n\t\t\t\t\t\t\t\t\t<div\n\t\t\t\t\t\t class=\"images_module__slides\n\n\t\t\t\t\t   \"\n\t\t\t\t\t>\n\n\n\t\t\t\t\t\t<div class=\"images__wrapper\" style=\"aspect-ratio: 851 \/ 531;\">\n\t\t\t\t\t\t\t<img decoding=\"async\" width=\"710\" height=\"471\" src=\"https:\/\/pysslingen.se\/wp-content\/uploads\/2021\/09\/eu-logotypskolmjolksstodjpg-2.jpg\" class=\"images__image_ratio  \" alt=\"skolmj\u00f6lk eu flagga\" style=\"aspect-ratio: 851 \/ 531;object-position: _center-center;\" srcset=\"https:\/\/pysslingen.se\/wp-content\/uploads\/2021\/09\/eu-logotypskolmjolksstodjpg-2.jpg 710w, https:\/\/pysslingen.se\/wp-content\/uploads\/2021\/09\/eu-logotypskolmjolksstodjpg-2-300x199.jpg 300w, https:\/\/pysslingen.se\/wp-content\/uploads\/2021\/09\/eu-logotypskolmjolksstodjpg-2-500x332.jpg 500w, https:\/\/pysslingen.se\/wp-content\/uploads\/2021\/09\/eu-logotypskolmjolksstodjpg-2-340x226.jpg 340w\" sizes=\"(max-width: 710px) 100vw, 710px\" \/>\t\t\t\t\t\t<\/div>\n\n\t\t\t\t\t\t\n\t\t\t\t\t\t\t\t\t\t\t<\/div>\n\t\t\t\t\n\t\t\t\t<div class=\"images_module__container_dot\">\n\t\t\t\t\t<div style=\"text-align:center\">\n\t\t\t\t\t\t\t\t\t\t\t\t\t<span   data-i=\"0\"\n\t\t\t\t\t\t\t\t  class=\"\n\t\t\t\t\t\t\timages_module__dot\n\t\t\t\t\t\t\t\t\t\t\t\t\t\t\"\n\t\t\t\t\t\t\t><\/span>\n\t\t\t\t\t\t\t\t\t\t\t<\/div>\n\t\t\t\t<\/div>\n\n\n\t\t\t<\/div>\n\t\t<\/div>\n\t<\/div>\n\n\t\n\n\n<script>\n\tvar images_display_descriptive_text = \"\";\n<\/script>\n<\/div>\n\n\n\n<div class=\"wp-block-column is-layout-flow wp-block-column-is-layout-flow\" style=\"flex-basis:66.66%\">\n<p><strong>Skolmj\u00f6lken vi serverar finansieras delvis av Europeiska garantifonden f\u00f6r jordbruket.<\/strong><\/p>\n<\/div>\n<\/div>\n\t\t\t\t\t\t\t<\/div>\n\t\t\t\t\t\t<\/div>\n\t\t\t\t\t<\/div>\n\t\t\t\t\t\t<\/div>\n\n\t\n\n\n\n<section  class=\"ams-cta ams-cta--stacked c-block l-stacked\">\n\t<div class=\"l-container l-stack l-stack-fluid-2xl u-pt-fluid-md-xl u-pb-fluid-md-xl is-center is-center@md\">\n\t\t\t\t\t<div class=\"ams-cta__intro l-stack l-stack-lg\">\n\t\t\t\t\t\n\t<h2\n\tclass=\"c-heading u-font-title-1 \"\n\tstyle=\"\">\n\t\t\n\t\t\t\t\tPysslingen F\u00f6rskolor arbetar aktivt med att skapa h\u00e5llbara m\u00e5ltider\n\t\t\t\t\n\t<\/h2>\n\n\t\t\t\t\t\t\t<\/div>\n\t\t\n\t\t\n\t\t\t<div class=\"ams-cta__action u-inline-items\">\n\t\t\t\t\t\t\t\n\n\n<a href=\"https:\/\/pysslingen.se\/orren\/hallbarhet\/\"\n\t\n\tclass=\"c-btn \"\n\tdata-style=\"rounded\"\n\tdata-size=\"md\"\n\tdata-width=\"full-mobile\"\n\tdata-variant=\"default\"\n\ttarget=\"_self\">\n\t\t\t<span class=\"label\"> L\u00e4s mer om h\u00e5llbarhet<\/span>\n\t\t\t<\/a>\n\t\t\t<\/div>\n\t<\/div>\n\n\t\t\n\n<\/section>\n","protected":false},"excerpt":{"rendered":"<p>Mat och pedagogik I v\u00e5r pedagogiska verksamhet l\u00e4r vi barnen hur balanserade m\u00e5ltider tillagas och smakar. Barnen l\u00e4r sig socialt samspel och genom maten skapar vi f\u00f6rst\u00e5else f\u00f6r omv\u00e4rlden och v\u00e5ra medm\u00e4nniskor. Med nyfikenhet unders\u00f6ker vi hur samh\u00e4llet och klimatet p\u00e5verkas av det vi \u00e4ter. Vi arbetar ocks\u00e5 medvetet kring barnets m\u00f6te med m\u00e5ltiden, till&#8230;<\/p>\n","protected":false},"author":3,"featured_media":0,"parent":0,"menu_order":0,"comment_status":"closed","ping_status":"closed","template":"","meta":{"footnotes":""},"yoast_head":"<!-- This site is optimized with the Yoast SEO plugin v22.0 - https:\/\/yoast.com\/wordpress\/plugins\/seo\/ -->\n<title>P\u00e5 Orren serverar vi mat f\u00f6r aktiva barn<\/title>\n<meta name=\"description\" content=\"Hos oss p\u00e5 Orren vill vi skapa ett lustfyllt m\u00f6te med maten och se till att varje m\u00e5ltid blir en upplevelse f\u00f6r alla sinnen.\" \/>\n<meta name=\"robots\" content=\"index, follow, max-snippet:-1, max-image-preview:large, max-video-preview:-1\" \/>\n<link rel=\"canonical\" href=\"https:\/\/pysslingen.se\/orren\/maten\/\" \/>\n<meta property=\"og:locale\" content=\"sv_SE\" \/>\n<meta property=\"og:type\" content=\"article\" \/>\n<meta property=\"og:title\" content=\"P\u00e5 Orren serverar vi mat f\u00f6r aktiva barn\" \/>\n<meta property=\"og:description\" content=\"Hos oss p\u00e5 Orren vill vi skapa ett lustfyllt m\u00f6te med maten och se till att varje m\u00e5ltid blir en upplevelse f\u00f6r alla sinnen.\" \/>\n<meta property=\"og:url\" content=\"https:\/\/pysslingen.se\/orren\/maten\/\" \/>\n<meta property=\"og:site_name\" content=\"Orren\" \/>\n<meta property=\"article:modified_time\" content=\"2025-12-12T13:11:06+00:00\" \/>\n<meta name=\"twitter:card\" content=\"summary_large_image\" \/>\n<meta name=\"twitter:title\" content=\"P\u00e5 Orren serverar vi mat f\u00f6r aktiva barn\" \/>\n<meta name=\"twitter:description\" content=\"Hos oss p\u00e5 Orren vill vi skapa ett lustfyllt m\u00f6te med maten och se till att varje m\u00e5ltid blir en upplevelse f\u00f6r alla sinnen.\" \/>\n<meta name=\"twitter:label1\" content=\"Ber\u00e4knad l\u00e4stid\" \/>\n\t<meta name=\"twitter:data1\" content=\"2 minuter\" \/>\n<script type=\"application\/ld+json\" class=\"yoast-schema-graph\">{\"@context\":\"https:\/\/schema.org\",\"@graph\":[{\"@type\":\"WebPage\",\"@id\":\"https:\/\/pysslingen.se\/orren\/maten\/\",\"url\":\"https:\/\/pysslingen.se\/orren\/maten\/\",\"name\":\"P\u00e5 Orren serverar vi mat f\u00f6r aktiva barn\",\"isPartOf\":{\"@id\":\"https:\/\/pysslingen.se\/orren\/#website\"},\"datePublished\":\"2020-09-29T09:19:21+00:00\",\"dateModified\":\"2025-12-12T13:11:06+00:00\",\"description\":\"Hos oss p\u00e5 Orren vill vi skapa ett lustfyllt m\u00f6te med maten och se till att varje m\u00e5ltid blir en upplevelse f\u00f6r alla sinnen.\",\"breadcrumb\":{\"@id\":\"https:\/\/pysslingen.se\/orren\/maten\/#breadcrumb\"},\"inLanguage\":\"sv-SE\",\"potentialAction\":[{\"@type\":\"ReadAction\",\"target\":[\"https:\/\/pysslingen.se\/orren\/maten\/\"]}]},{\"@type\":\"BreadcrumbList\",\"@id\":\"https:\/\/pysslingen.se\/orren\/maten\/#breadcrumb\",\"itemListElement\":[{\"@type\":\"ListItem\",\"position\":1,\"name\":\"Start\",\"item\":\"https:\/\/pysslingen.se\/orren\/\"},{\"@type\":\"ListItem\",\"position\":2,\"name\":\"V\u00e5r mat\"}]},{\"@type\":\"WebSite\",\"@id\":\"https:\/\/pysslingen.se\/orren\/#website\",\"url\":\"https:\/\/pysslingen.se\/orren\/\",\"name\":\"Orren\",\"description\":\"En trygg och stimulerande v\u00e4rld\",\"publisher\":{\"@id\":\"https:\/\/pysslingen.se\/orren\/#organization\"},\"potentialAction\":[{\"@type\":\"SearchAction\",\"target\":{\"@type\":\"EntryPoint\",\"urlTemplate\":\"https:\/\/pysslingen.se\/orren\/?s={search_term_string}\"},\"query-input\":\"required name=search_term_string\"}],\"inLanguage\":\"sv-SE\"},{\"@type\":\"Organization\",\"@id\":\"https:\/\/pysslingen.se\/orren\/#organization\",\"name\":\"Pysslingen F\u00f6rskolor\",\"url\":\"https:\/\/pysslingen.se\/orren\/\",\"logo\":{\"@type\":\"ImageObject\",\"inLanguage\":\"sv-SE\",\"@id\":\"https:\/\/pysslingen.se\/orren\/#\/schema\/logo\/image\/\",\"url\":\"https:\/\/pysslingen.se\/wp-content\/uploads\/2021\/05\/pysslingen-forskolor.png\",\"contentUrl\":\"https:\/\/pysslingen.se\/wp-content\/uploads\/2021\/05\/pysslingen-forskolor.png\",\"width\":1120,\"height\":630,\"caption\":\"Pysslingen F\u00f6rskolor\"},\"image\":{\"@id\":\"https:\/\/pysslingen.se\/orren\/#\/schema\/logo\/image\/\"}}]}<\/script>\n<!-- \/ Yoast SEO plugin. -->","yoast_head_json":{"title":"P\u00e5 Orren serverar vi mat f\u00f6r aktiva barn","description":"Hos oss p\u00e5 Orren vill vi skapa ett lustfyllt m\u00f6te med maten och se till att varje m\u00e5ltid blir en upplevelse f\u00f6r alla sinnen.","robots":{"index":"index","follow":"follow","max-snippet":"max-snippet:-1","max-image-preview":"max-image-preview:large","max-video-preview":"max-video-preview:-1"},"canonical":"https:\/\/pysslingen.se\/orren\/maten\/","og_locale":"sv_SE","og_type":"article","og_title":"P\u00e5 Orren serverar vi mat f\u00f6r aktiva barn","og_description":"Hos oss p\u00e5 Orren vill vi skapa ett lustfyllt m\u00f6te med maten och se till att varje m\u00e5ltid blir en upplevelse f\u00f6r alla sinnen.","og_url":"https:\/\/pysslingen.se\/orren\/maten\/","og_site_name":"Orren","article_modified_time":"2025-12-12T13:11:06+00:00","twitter_card":"summary_large_image","twitter_title":"P\u00e5 Orren serverar vi mat f\u00f6r aktiva barn","twitter_description":"Hos oss p\u00e5 Orren vill vi skapa ett lustfyllt m\u00f6te med maten och se till att varje m\u00e5ltid blir en upplevelse f\u00f6r alla sinnen.","twitter_misc":{"Ber\u00e4knad l\u00e4stid":"2 minuter"},"schema":{"@context":"https:\/\/schema.org","@graph":[{"@type":"WebPage","@id":"https:\/\/pysslingen.se\/orren\/maten\/","url":"https:\/\/pysslingen.se\/orren\/maten\/","name":"P\u00e5 Orren serverar vi mat f\u00f6r aktiva barn","isPartOf":{"@id":"https:\/\/pysslingen.se\/orren\/#website"},"datePublished":"2020-09-29T09:19:21+00:00","dateModified":"2025-12-12T13:11:06+00:00","description":"Hos oss p\u00e5 Orren vill vi skapa ett lustfyllt m\u00f6te med maten och se till att varje m\u00e5ltid blir en upplevelse f\u00f6r alla sinnen.","breadcrumb":{"@id":"https:\/\/pysslingen.se\/orren\/maten\/#breadcrumb"},"inLanguage":"sv-SE","potentialAction":[{"@type":"ReadAction","target":["https:\/\/pysslingen.se\/orren\/maten\/"]}]},{"@type":"BreadcrumbList","@id":"https:\/\/pysslingen.se\/orren\/maten\/#breadcrumb","itemListElement":[{"@type":"ListItem","position":1,"name":"Start","item":"https:\/\/pysslingen.se\/orren\/"},{"@type":"ListItem","position":2,"name":"V\u00e5r mat"}]},{"@type":"WebSite","@id":"https:\/\/pysslingen.se\/orren\/#website","url":"https:\/\/pysslingen.se\/orren\/","name":"Orren","description":"En trygg och stimulerande v\u00e4rld","publisher":{"@id":"https:\/\/pysslingen.se\/orren\/#organization"},"potentialAction":[{"@type":"SearchAction","target":{"@type":"EntryPoint","urlTemplate":"https:\/\/pysslingen.se\/orren\/?s={search_term_string}"},"query-input":"required name=search_term_string"}],"inLanguage":"sv-SE"},{"@type":"Organization","@id":"https:\/\/pysslingen.se\/orren\/#organization","name":"Pysslingen F\u00f6rskolor","url":"https:\/\/pysslingen.se\/orren\/","logo":{"@type":"ImageObject","inLanguage":"sv-SE","@id":"https:\/\/pysslingen.se\/orren\/#\/schema\/logo\/image\/","url":"https:\/\/pysslingen.se\/wp-content\/uploads\/2021\/05\/pysslingen-forskolor.png","contentUrl":"https:\/\/pysslingen.se\/wp-content\/uploads\/2021\/05\/pysslingen-forskolor.png","width":1120,"height":630,"caption":"Pysslingen F\u00f6rskolor"},"image":{"@id":"https:\/\/pysslingen.se\/orren\/#\/schema\/logo\/image\/"}}]}},"_links":{"self":[{"href":"https:\/\/pysslingen.se\/orren\/wp-json\/wp\/v2\/pages\/20"}],"collection":[{"href":"https:\/\/pysslingen.se\/orren\/wp-json\/wp\/v2\/pages"}],"about":[{"href":"https:\/\/pysslingen.se\/orren\/wp-json\/wp\/v2\/types\/page"}],"author":[{"embeddable":true,"href":"https:\/\/pysslingen.se\/orren\/wp-json\/wp\/v2\/users\/3"}],"replies":[{"embeddable":true,"href":"https:\/\/pysslingen.se\/orren\/wp-json\/wp\/v2\/comments?post=20"}],"version-history":[{"count":10,"href":"https:\/\/pysslingen.se\/orren\/wp-json\/wp\/v2\/pages\/20\/revisions"}],"predecessor-version":[{"id":1440,"href":"https:\/\/pysslingen.se\/orren\/wp-json\/wp\/v2\/pages\/20\/revisions\/1440"}],"wp:attachment":[{"href":"https:\/\/pysslingen.se\/orren\/wp-json\/wp\/v2\/media?parent=20"}],"curies":[{"name":"wp","href":"https:\/\/api.w.org\/{rel}","templated":true}]}}