{"id":20,"date":"2020-09-29T09:19:21","date_gmt":"2020-09-29T09:19:21","guid":{"rendered":"https:\/\/pysslingen.se\/myrangen\/?page_id=20"},"modified":"2025-12-15T14:21:58","modified_gmt":"2025-12-15T13:21:58","slug":"maten","status":"publish","type":"page","link":"https:\/\/pysslingen.se\/myrangen\/maten\/","title":{"rendered":"V\u00e5r mat"},"content":{"rendered":"\n\t\n\t\n\t\n\n\t\n\t\n\t\t\n<section  class=\"c-block l-stacked  \" data-color-scheme=\"nyans2_av_cta-dark-card-primar1-light-hover-standard_standard\">\n\t<div class=\"ams-fifty ams-fifty--container ams-fifty--right ams-fifty--bottom l-container u-pt-fluid-2xl-4xl u-pb-fluid-2xl-4xl\">\n\t\t<div class=\"ams-fifty__content l-stack l-stack-xl is-left is-left@lg\">\n\t\t\t<div class=\"ams-fifty__text l-stack l-stack-lg\">\n\t\t\t\t\t\n\t<h1\n\tclass=\"c-heading u-font-title-1 \"\n\tstyle=\"\">\n\t\t\n\t\t\t\t\tP\u00e5 Myr\u00e4ngen serverar vi mat f\u00f6r aktiva barn\n\t\t\t\t\n\t<\/h1>\n\n\t\t\t\t\t\t\t\t\t<div class=\"text l-stack u-font-body\">\n\t\t\t\t\t\t<p>Maten p\u00e5 f\u00f6rskolan \u00e4r viktig f\u00f6r att ditt barn ska f\u00e5 energi att leka och utvecklas varje dag. Men mat \u00e4r faktiskt mycket mer \u00e4n s\u00e5! H\u00e4r p\u00e5 Myr\u00e4ngens f\u00f6rskola ser vi m\u00e5ltiden som en mycket viktig del av dagen. Vi vill att m\u00e5ltiden ska vara inbjudande, lustfylld och en upplevelse f\u00f6r alla v\u00e5ra sinnen.<\/p>\n<p>P\u00e5 Myr\u00e4ngens f\u00f6rskola erbjuder vi mat lagad fr\u00e5n grunden utifr\u00e5n bra r\u00e5varor av v\u00e5r kock Christer. F\u00f6rskolans k\u00f6ksansvarige Lotta hj\u00e4lper kocken med f\u00f6rberedning av salladen. Hos oss f\u00e5r barnen ett varierat utbud med m\u00f6jligheter till nya smakupplevelser och alltid hitta n\u00e5got som de tycker om.\u00a0Vi ser m\u00e5ltiden som en mycket viktig del av dagen, den ska vara inbjudande och lustfylld. M\u00e5ltiden ska vara en upplevelse f\u00f6r alla v\u00e5ra sinnen.<\/p>\n\n\t\t\t\t\t<\/div>\n\t\t\t\t\t\t\t<\/div>\n\n\t\t\t\t\t<\/div>\n\n\t\t <div class=\"ams-fifty__media u-ratio-landscape\">\n\t\t \t\t\t\t\t<img decoding=\"async\" width=\"600\" height=\"400\" src=\"https:\/\/pysslingen.se\/wp-content\/uploads\/sites\/12\/2020\/10\/pojke-ater.jpg\" class=\"attachment-md size-md\" alt=\"Pojke \u00e4ter kn\u00e4ckemacka vid frukosten.\" sizes=\"(min-width: 64em) 600px, calc(100vw - 160px)\" srcset=\"https:\/\/pysslingen.se\/wp-content\/uploads\/sites\/12\/2020\/10\/pojke-ater.jpg 1000w, https:\/\/pysslingen.se\/wp-content\/uploads\/sites\/12\/2020\/10\/pojke-ater-300x200.jpg 300w, https:\/\/pysslingen.se\/wp-content\/uploads\/sites\/12\/2020\/10\/pojke-ater-768x512.jpg 768w\" \/>\n\t\t\t\n\t\t\t\n\t\t\t\t\t<\/div>\n\t<\/div>\n\n\t\t\n\n<\/section>\n\n\n\n<h2 class=\"wp-block-heading\">Medvetna val&nbsp;<\/h2>\n\n\n\n<p>Inom Pysslingen F\u00f6rskolor arbetar v\u00e5ra kockar medvetet och strategiskt f\u00f6r att kunna erbjuda ditt barn h\u00e4lsosamma, klimatsmarta, v\u00e4llagade och framf\u00f6rallt goda m\u00e5ltider. Med st\u00f6d i v\u00e5r gemensamma m\u00e5ltidspolicy erbjuder vi endast MSC-m\u00e4rkt fisk, svenskt eller finskt fl\u00e4skk\u00f6tt och svensk kyckling. Vi serverar dessutom minst tv\u00e5 vegetariska luncher i veckan.&nbsp;<\/p>\n\n\n\n<h2 class=\"wp-block-heading\">Mat och pedagogik<\/h2>\n\n\n\n<p>M\u00e5ltiden \u00e4r en m\u00f6jlighet att m\u00f6tas och samtala med varandra. Vi l\u00e4gger upp maten p\u00e5 ett trevligt s\u00e4tt och samtalar om maten vi \u00e4ter. Fr\u00e5gor vi st\u00e4ller oss \u00e4r till exempel hur maten smakar, vad den inneh\u00e5ller och var den har sitt ursprung. Vi uppmuntrar barnen att med nyfikenhet smaka och skapa en f\u00f6rst\u00e5else om vikten av en sund kosth\u00e5llning.&nbsp;<\/p>\n\n\n\n<div style=\"height:20px\" aria-hidden=\"true\" class=\"wp-block-spacer\"><\/div>\n\n\n\n<div class=\"wp-block-columns is-layout-flex wp-container-core-columns-layout-1 wp-block-columns-is-layout-flex\">\n<div class=\"wp-block-column is-layout-flow wp-block-column-is-layout-flow\">\n<h2 class=\"wp-block-heading\">L\u00e4r k\u00e4nna f\u00f6rskolans k\u00f6ksbitr\u00e4de<\/h2>\n\n\n\n<p><strong>\u2012<\/strong> Jag heter Lotta Ramstedt och har jobbat p\u00e5 Myr\u00e4ngens f\u00f6rskola sedan starten 2008, f\u00f6rst i barngrupp och sedan 2010 i k\u00f6ket som k\u00f6ksbitr\u00e4de.<\/p>\n\n\n\n<p><strong>\u2012<\/strong> Det b\u00e4sta med att jobba med barn och mat \u00e4r gl\u00e4djen och nyfikenheten barn visar kring maten.<\/p>\n\n\n\n<p><strong>\u2012<\/strong> Jag tycker att det \u00e4r viktigt att man l\u00e4r barnen vad maten g\u00f6r f\u00f6r deras kroppar, att den \u00e4r deras br\u00e4nsle s\u00e5 att de orkar med att l\u00e4ra sig och utvecklas.<\/p>\n\n\n\n<p><strong>\u2012<\/strong> P\u00e5 Myr\u00e4ngens f\u00f6rskola erbjuder vi barnen frukost varje dag. Inneh\u00e5llet varierar mellan gr\u00f6t, sm\u00f6rg\u00e5s och mj\u00f6lk, fil\/yoghurt med flingor och tillbeh\u00f6r s\u00e5som ost, kalkon, \u00e4ppelbitar, sm\u00f6r med mera.<\/p>\n\n\n\n<p><strong>\u2012<\/strong> Till lunch serveras hemlagad mat fr\u00e5n grunden som g\u00f6rs i Myr\u00e4ngsskolans k\u00f6k av Christer, skolans kock. Jag och Ingrid g\u00f6r salladsbuffen. Den best\u00e5r av flera sorters gr\u00f6nsakstillbeh\u00f6r efter s\u00e4song.<\/p>\n\n\n\n<p><strong>\u2012<\/strong> Mellanm\u00e5let ansvarar jag f\u00f6r, det varierar oftast mellan sm\u00f6rg\u00e5s och mj\u00f6lk eller fil\/yogurt med flingor. Vi serverar alltid barnen frukt p\u00e5 f\u00f6rmiddagen och eftermiddagen.<\/p>\n\n\n\n<p><strong>\u2012<\/strong> Har du fr\u00e5gor eller funderingar \u00e4r du alltid v\u00e4lkommen att titta in i k\u00f6ket n\u00e4r du \u00e4r p\u00e5 f\u00f6rskolan. <\/p>\n<\/div>\n\n\n\n<div class=\"wp-block-column is-layout-flow wp-block-column-is-layout-flow\">\n\n<figure  class=\"ams-media l-container l-stack l-stack-2xs u-pt-fluid-3xl-6xl u-pb-fluid-3xl-6xl is-center is-center@md\" >\n\t\t\t\t\t<img decoding=\"async\" width=\"600\" height=\"800\" src=\"https:\/\/pysslingen.se\/wp-content\/uploads\/sites\/12\/2020\/10\/myrangenkoket-scaled.jpg\" class=\"ams-media__image u-ratio-landscape u-radius-square\" alt=\"Kock p\u00e5 Pysslingen F\u00f6rskolor Myr\u00e4ngen\" sizes=\"(max-width: 600px) 100vw, 600px\" srcset=\"https:\/\/pysslingen.se\/wp-content\/uploads\/sites\/12\/2020\/10\/myrangenkoket-scaled.jpg 1920w, https:\/\/pysslingen.se\/wp-content\/uploads\/sites\/12\/2020\/10\/myrangenkoket-225x300.jpg 225w, https:\/\/pysslingen.se\/wp-content\/uploads\/sites\/12\/2020\/10\/myrangenkoket-768x1024.jpg 768w, https:\/\/pysslingen.se\/wp-content\/uploads\/sites\/12\/2020\/10\/myrangenkoket-1152x1536.jpg 1152w, https:\/\/pysslingen.se\/wp-content\/uploads\/sites\/12\/2020\/10\/myrangenkoket-1536x2048.jpg 1536w, https:\/\/pysslingen.se\/wp-content\/uploads\/sites\/12\/2020\/10\/myrangenkoket-1024x1365.jpg 1024w, https:\/\/pysslingen.se\/wp-content\/uploads\/sites\/12\/2020\/10\/myrangenkoket-1100x1467.jpg 1100w, https:\/\/pysslingen.se\/wp-content\/uploads\/sites\/12\/2020\/10\/myrangenkoket-503x670.jpg 503w\" \/>\n\t\t\n\t\n\t<\/figure>\n<\/div>\n<\/div>\n\n\n\n\t<div class=\"module_wrapper ams_remote_pages_module \">\n\t\t\t\t\t\t\t<div class=\"container core-columns\">\n\t\t\t\t\t\t<div class=\"row\">\n\t\t\t\t\t\t\t<div class=\"col-12\">\n\t\t\t\t\t\t\t\t\n<div class=\"wp-block-columns is-layout-flex wp-container-core-columns-layout-2 wp-block-columns-is-layout-flex\">\n<div class=\"wp-block-column is-layout-flow wp-block-column-is-layout-flow\" style=\"flex-basis:33.33%\">\n\t<style>\n\t\t.inner {\n\n\t\t\tmargin: 0 auto;\n\t\t}\n\t<\/style>\n\t<div\n\t\t class=\"container images-module\" >\n\t\t<div   class=\"row images_module__slideshow\">\n\n\t\t\t<div\n\t\t\t\t class=\"col-md-8 offset-md-2 p-0 position-relative images_module__slideshow images_module__slideshow-container  \">\n\t\t\t\t<div class=\"images_module__slide\" data-slide=\"\"\n\t\t\t\t\t data-duration=\"\"><\/div>\n\t\t\t\t\t\t\t\t\t<div\n\t\t\t\t\t\t class=\"images_module__slides\n\n\t\t\t\t\t   \"\n\t\t\t\t\t>\n\n\n\t\t\t\t\t\t<div class=\"images__wrapper\" style=\"aspect-ratio: 851 \/ 531;\">\n\t\t\t\t\t\t\t<img decoding=\"async\" width=\"710\" height=\"471\" src=\"https:\/\/pysslingen.se\/wp-content\/uploads\/2021\/09\/eu-logotypskolmjolksstodjpg-2.jpg\" class=\"images__image_ratio  \" alt=\"skolmj\u00f6lk eu flagga\" style=\"aspect-ratio: 851 \/ 531;object-position: _center-center;\" srcset=\"https:\/\/pysslingen.se\/wp-content\/uploads\/2021\/09\/eu-logotypskolmjolksstodjpg-2.jpg 710w, https:\/\/pysslingen.se\/wp-content\/uploads\/2021\/09\/eu-logotypskolmjolksstodjpg-2-300x199.jpg 300w, https:\/\/pysslingen.se\/wp-content\/uploads\/2021\/09\/eu-logotypskolmjolksstodjpg-2-500x332.jpg 500w, https:\/\/pysslingen.se\/wp-content\/uploads\/2021\/09\/eu-logotypskolmjolksstodjpg-2-340x226.jpg 340w\" sizes=\"(max-width: 710px) 100vw, 710px\" \/>\t\t\t\t\t\t<\/div>\n\n\t\t\t\t\t\t\n\t\t\t\t\t\t\t\t\t\t\t<\/div>\n\t\t\t\t\n\t\t\t\t<div class=\"images_module__container_dot\">\n\t\t\t\t\t<div style=\"text-align:center\">\n\t\t\t\t\t\t\t\t\t\t\t\t\t<span   data-i=\"0\"\n\t\t\t\t\t\t\t\t  class=\"\n\t\t\t\t\t\t\timages_module__dot\n\t\t\t\t\t\t\t\t\t\t\t\t\t\t\"\n\t\t\t\t\t\t\t><\/span>\n\t\t\t\t\t\t\t\t\t\t\t<\/div>\n\t\t\t\t<\/div>\n\n\n\t\t\t<\/div>\n\t\t<\/div>\n\t<\/div>\n\n\t\n\n\n<script>\n\tvar images_display_descriptive_text = \"\";\n<\/script>\n<\/div>\n\n\n\n<div class=\"wp-block-column is-layout-flow wp-block-column-is-layout-flow\" style=\"flex-basis:66.66%\">\n<p><strong>Skolmj\u00f6lken vi serverar finansieras delvis av Europeiska garantifonden f\u00f6r jordbruket.<\/strong><\/p>\n<\/div>\n<\/div>\n\t\t\t\t\t\t\t<\/div>\n\t\t\t\t\t\t<\/div>\n\t\t\t\t\t<\/div>\n\t\t\t\t\t\t<\/div>\n\n\t\n\n\n\n<section  class=\"ams-cta ams-cta--stacked c-block l-stacked\">\n\t<div class=\"l-container l-stack l-stack-fluid-2xl u-pt-fluid-md-xl u-pb-fluid-md-xl is-center is-center@md\">\n\t\t\t\t\t<div class=\"ams-cta__intro l-stack l-stack-lg\">\n\t\t\t\t\t\n\t<h2\n\tclass=\"c-heading u-font-title-1 \"\n\tstyle=\"\">\n\t\t\n\t\t\t\t\tPysslingen F\u00f6rskolor arbetar aktivt med att skapa h\u00e5llbara m\u00e5ltider\n\t\t\t\t\n\t<\/h2>\n\n\t\t\t\t\t\t\t<\/div>\n\t\t\n\t\t\n\t\t\t<div class=\"ams-cta__action u-inline-items\">\n\t\t\t\t\t\t\t\n\n\n<a href=\"https:\/\/pysslingen.se\/myrangen\/hallbarhet\/\"\n\t\n\tclass=\"c-btn \"\n\tdata-style=\"rounded\"\n\tdata-size=\"md\"\n\tdata-width=\"full-mobile\"\n\tdata-variant=\"default\"\n\ttarget=\"_self\">\n\t\t\t<span class=\"label\"> L\u00e4s mer om h\u00e5llbarhet<\/span>\n\t\t\t<\/a>\n\t\t\t<\/div>\n\t<\/div>\n\n\t\t\n\n<\/section>\n","protected":false},"excerpt":{"rendered":"<p>Medvetna val&nbsp; Inom Pysslingen F\u00f6rskolor arbetar v\u00e5ra kockar medvetet och strategiskt f\u00f6r att kunna erbjuda ditt barn h\u00e4lsosamma, klimatsmarta, v\u00e4llagade och framf\u00f6rallt goda m\u00e5ltider. Med st\u00f6d i v\u00e5r gemensamma m\u00e5ltidspolicy erbjuder vi endast MSC-m\u00e4rkt fisk, svenskt eller finskt fl\u00e4skk\u00f6tt och svensk kyckling. Vi serverar dessutom minst tv\u00e5 vegetariska luncher i veckan.&nbsp; Mat och pedagogik M\u00e5ltiden&#8230;<\/p>\n","protected":false},"author":3,"featured_media":0,"parent":0,"menu_order":0,"comment_status":"closed","ping_status":"closed","template":"","meta":{"footnotes":""},"yoast_head":"<!-- This site is optimized with the Yoast SEO plugin v22.0 - https:\/\/yoast.com\/wordpress\/plugins\/seo\/ -->\n<title>P\u00e5 Myr\u00e4ngen serverar vi mat f\u00f6r aktiva barn<\/title>\n<meta name=\"description\" content=\"Hos oss p\u00e5 Myr\u00e4ngen vill vi skapa ett lustfyllt m\u00f6te med maten och se till att varje m\u00e5ltid blir en upplevelse f\u00f6r alla sinnen.\" \/>\n<meta name=\"robots\" content=\"index, follow, max-snippet:-1, max-image-preview:large, max-video-preview:-1\" \/>\n<link rel=\"canonical\" href=\"https:\/\/pysslingen.se\/myrangen\/maten\/\" \/>\n<meta property=\"og:locale\" content=\"sv_SE\" \/>\n<meta property=\"og:type\" content=\"article\" \/>\n<meta property=\"og:title\" content=\"P\u00e5 Myr\u00e4ngen serverar vi mat f\u00f6r aktiva barn\" \/>\n<meta property=\"og:description\" content=\"Hos oss p\u00e5 Myr\u00e4ngen vill vi skapa ett lustfyllt m\u00f6te med maten och se till att varje m\u00e5ltid blir en upplevelse f\u00f6r alla sinnen.\" \/>\n<meta property=\"og:url\" content=\"https:\/\/pysslingen.se\/myrangen\/maten\/\" \/>\n<meta property=\"og:site_name\" content=\"Myr\u00e4ngen\" \/>\n<meta property=\"article:modified_time\" content=\"2025-12-15T13:21:58+00:00\" \/>\n<meta name=\"twitter:card\" content=\"summary_large_image\" \/>\n<meta name=\"twitter:title\" content=\"P\u00e5 Myr\u00e4ngen serverar vi mat f\u00f6r aktiva barn\" \/>\n<meta name=\"twitter:description\" content=\"Hos oss p\u00e5 Myr\u00e4ngen vill vi skapa ett lustfyllt m\u00f6te med maten och se till att varje m\u00e5ltid blir en upplevelse f\u00f6r alla sinnen.\" \/>\n<meta name=\"twitter:label1\" content=\"Ber\u00e4knad l\u00e4stid\" \/>\n\t<meta name=\"twitter:data1\" content=\"2 minuter\" \/>\n<script type=\"application\/ld+json\" class=\"yoast-schema-graph\">{\"@context\":\"https:\/\/schema.org\",\"@graph\":[{\"@type\":\"WebPage\",\"@id\":\"https:\/\/pysslingen.se\/myrangen\/maten\/\",\"url\":\"https:\/\/pysslingen.se\/myrangen\/maten\/\",\"name\":\"P\u00e5 Myr\u00e4ngen serverar vi mat f\u00f6r aktiva barn\",\"isPartOf\":{\"@id\":\"https:\/\/pysslingen.se\/myrangen\/#website\"},\"datePublished\":\"2020-09-29T09:19:21+00:00\",\"dateModified\":\"2025-12-15T13:21:58+00:00\",\"description\":\"Hos oss p\u00e5 Myr\u00e4ngen vill vi skapa ett lustfyllt m\u00f6te med maten och se till att varje m\u00e5ltid blir en upplevelse f\u00f6r alla sinnen.\",\"breadcrumb\":{\"@id\":\"https:\/\/pysslingen.se\/myrangen\/maten\/#breadcrumb\"},\"inLanguage\":\"sv-SE\",\"potentialAction\":[{\"@type\":\"ReadAction\",\"target\":[\"https:\/\/pysslingen.se\/myrangen\/maten\/\"]}]},{\"@type\":\"BreadcrumbList\",\"@id\":\"https:\/\/pysslingen.se\/myrangen\/maten\/#breadcrumb\",\"itemListElement\":[{\"@type\":\"ListItem\",\"position\":1,\"name\":\"Start\",\"item\":\"https:\/\/pysslingen.se\/myrangen\/\"},{\"@type\":\"ListItem\",\"position\":2,\"name\":\"V\u00e5r mat\"}]},{\"@type\":\"WebSite\",\"@id\":\"https:\/\/pysslingen.se\/myrangen\/#website\",\"url\":\"https:\/\/pysslingen.se\/myrangen\/\",\"name\":\"Myr\u00e4ngen\",\"description\":\"En trygg och stimulerande v\u00e4rld\",\"publisher\":{\"@id\":\"https:\/\/pysslingen.se\/myrangen\/#organization\"},\"potentialAction\":[{\"@type\":\"SearchAction\",\"target\":{\"@type\":\"EntryPoint\",\"urlTemplate\":\"https:\/\/pysslingen.se\/myrangen\/?s={search_term_string}\"},\"query-input\":\"required name=search_term_string\"}],\"inLanguage\":\"sv-SE\"},{\"@type\":\"Organization\",\"@id\":\"https:\/\/pysslingen.se\/myrangen\/#organization\",\"name\":\"Pysslingen F\u00f6rskolor\",\"url\":\"https:\/\/pysslingen.se\/myrangen\/\",\"logo\":{\"@type\":\"ImageObject\",\"inLanguage\":\"sv-SE\",\"@id\":\"https:\/\/pysslingen.se\/myrangen\/#\/schema\/logo\/image\/\",\"url\":\"https:\/\/pysslingen.se\/wp-content\/uploads\/2021\/05\/pysslingen-forskolor.png\",\"contentUrl\":\"https:\/\/pysslingen.se\/wp-content\/uploads\/2021\/05\/pysslingen-forskolor.png\",\"width\":1120,\"height\":630,\"caption\":\"Pysslingen F\u00f6rskolor\"},\"image\":{\"@id\":\"https:\/\/pysslingen.se\/myrangen\/#\/schema\/logo\/image\/\"}}]}<\/script>\n<!-- \/ Yoast SEO plugin. -->","yoast_head_json":{"title":"P\u00e5 Myr\u00e4ngen serverar vi mat f\u00f6r aktiva barn","description":"Hos oss p\u00e5 Myr\u00e4ngen vill vi skapa ett lustfyllt m\u00f6te med maten och se till att varje m\u00e5ltid blir en upplevelse f\u00f6r alla sinnen.","robots":{"index":"index","follow":"follow","max-snippet":"max-snippet:-1","max-image-preview":"max-image-preview:large","max-video-preview":"max-video-preview:-1"},"canonical":"https:\/\/pysslingen.se\/myrangen\/maten\/","og_locale":"sv_SE","og_type":"article","og_title":"P\u00e5 Myr\u00e4ngen serverar vi mat f\u00f6r aktiva barn","og_description":"Hos oss p\u00e5 Myr\u00e4ngen vill vi skapa ett lustfyllt m\u00f6te med maten och se till att varje m\u00e5ltid blir en upplevelse f\u00f6r alla sinnen.","og_url":"https:\/\/pysslingen.se\/myrangen\/maten\/","og_site_name":"Myr\u00e4ngen","article_modified_time":"2025-12-15T13:21:58+00:00","twitter_card":"summary_large_image","twitter_title":"P\u00e5 Myr\u00e4ngen serverar vi mat f\u00f6r aktiva barn","twitter_description":"Hos oss p\u00e5 Myr\u00e4ngen vill vi skapa ett lustfyllt m\u00f6te med maten och se till att varje m\u00e5ltid blir en upplevelse f\u00f6r alla sinnen.","twitter_misc":{"Ber\u00e4knad l\u00e4stid":"2 minuter"},"schema":{"@context":"https:\/\/schema.org","@graph":[{"@type":"WebPage","@id":"https:\/\/pysslingen.se\/myrangen\/maten\/","url":"https:\/\/pysslingen.se\/myrangen\/maten\/","name":"P\u00e5 Myr\u00e4ngen serverar vi mat f\u00f6r aktiva barn","isPartOf":{"@id":"https:\/\/pysslingen.se\/myrangen\/#website"},"datePublished":"2020-09-29T09:19:21+00:00","dateModified":"2025-12-15T13:21:58+00:00","description":"Hos oss p\u00e5 Myr\u00e4ngen vill vi skapa ett lustfyllt m\u00f6te med maten och se till att varje m\u00e5ltid blir en upplevelse f\u00f6r alla sinnen.","breadcrumb":{"@id":"https:\/\/pysslingen.se\/myrangen\/maten\/#breadcrumb"},"inLanguage":"sv-SE","potentialAction":[{"@type":"ReadAction","target":["https:\/\/pysslingen.se\/myrangen\/maten\/"]}]},{"@type":"BreadcrumbList","@id":"https:\/\/pysslingen.se\/myrangen\/maten\/#breadcrumb","itemListElement":[{"@type":"ListItem","position":1,"name":"Start","item":"https:\/\/pysslingen.se\/myrangen\/"},{"@type":"ListItem","position":2,"name":"V\u00e5r mat"}]},{"@type":"WebSite","@id":"https:\/\/pysslingen.se\/myrangen\/#website","url":"https:\/\/pysslingen.se\/myrangen\/","name":"Myr\u00e4ngen","description":"En trygg och stimulerande v\u00e4rld","publisher":{"@id":"https:\/\/pysslingen.se\/myrangen\/#organization"},"potentialAction":[{"@type":"SearchAction","target":{"@type":"EntryPoint","urlTemplate":"https:\/\/pysslingen.se\/myrangen\/?s={search_term_string}"},"query-input":"required name=search_term_string"}],"inLanguage":"sv-SE"},{"@type":"Organization","@id":"https:\/\/pysslingen.se\/myrangen\/#organization","name":"Pysslingen F\u00f6rskolor","url":"https:\/\/pysslingen.se\/myrangen\/","logo":{"@type":"ImageObject","inLanguage":"sv-SE","@id":"https:\/\/pysslingen.se\/myrangen\/#\/schema\/logo\/image\/","url":"https:\/\/pysslingen.se\/wp-content\/uploads\/2021\/05\/pysslingen-forskolor.png","contentUrl":"https:\/\/pysslingen.se\/wp-content\/uploads\/2021\/05\/pysslingen-forskolor.png","width":1120,"height":630,"caption":"Pysslingen F\u00f6rskolor"},"image":{"@id":"https:\/\/pysslingen.se\/myrangen\/#\/schema\/logo\/image\/"}}]}},"_links":{"self":[{"href":"https:\/\/pysslingen.se\/myrangen\/wp-json\/wp\/v2\/pages\/20"}],"collection":[{"href":"https:\/\/pysslingen.se\/myrangen\/wp-json\/wp\/v2\/pages"}],"about":[{"href":"https:\/\/pysslingen.se\/myrangen\/wp-json\/wp\/v2\/types\/page"}],"author":[{"embeddable":true,"href":"https:\/\/pysslingen.se\/myrangen\/wp-json\/wp\/v2\/users\/3"}],"replies":[{"embeddable":true,"href":"https:\/\/pysslingen.se\/myrangen\/wp-json\/wp\/v2\/comments?post=20"}],"version-history":[{"count":10,"href":"https:\/\/pysslingen.se\/myrangen\/wp-json\/wp\/v2\/pages\/20\/revisions"}],"predecessor-version":[{"id":1183,"href":"https:\/\/pysslingen.se\/myrangen\/wp-json\/wp\/v2\/pages\/20\/revisions\/1183"}],"wp:attachment":[{"href":"https:\/\/pysslingen.se\/myrangen\/wp-json\/wp\/v2\/media?parent=20"}],"curies":[{"name":"wp","href":"https:\/\/api.w.org\/{rel}","templated":true}]}}