{"id":662,"date":"2020-10-22T14:57:12","date_gmt":"2020-10-22T14:57:12","guid":{"rendered":"https:\/\/pysslingen.se\/mariatorget\/?page_id=662"},"modified":"2022-11-21T09:20:59","modified_gmt":"2022-11-21T09:20:59","slug":"barnens-integritet","status":"publish","type":"page","link":"https:\/\/pysslingen.se\/mariatorget\/barnens-integritet\/","title":{"rendered":"Barnens integritet"},"content":{"rendered":"\n<h1 class=\"wp-block-heading\">S\u00e5 v\u00e4rnar vi om barnens integritet p\u00e5 Mariatorget<\/h1>\n\n\n\n\t<div class=\"module_wrapper ams_remote_pages_module \">\n\t\t\t\t\t\t\t<div class=\"container core-columns\">\n\t\t\t\t\t\t<div class=\"row\">\n\t\t\t\t\t\t\t<div class=\"col-12\">\n\t\t\t\t\t\t\t\t\n<div class=\"wp-block-columns is-layout-flex wp-container-core-columns-layout-1 wp-block-columns-is-layout-flex\">\n<div class=\"wp-block-column is-layout-flow wp-block-column-is-layout-flow\">\n<p   class=\"site__ingress container text-left  site__text-color--dark  site__free_text--ingress p-0\">\n\tF\u00f6r oss i Pysslingen F\u00f6rskolor \u00e4r det viktigt att alla barns integritet skyddas och st\u00e4rks, b\u00e5de i f\u00f6rskolan och p\u00e5 alla andra platser d\u00e4r barn vistas. I alla v\u00e5ra f\u00f6rskolor ska milj\u00f6n vara trygg och helt fri fr\u00e5n v\u00e5ld, hot, \u00f6vergrepp och kr\u00e4nkningar. \r\n\r\nH\u00e4r nedan kan du l\u00e4sa om hur vi i Pysslingen F\u00f6rskolor genom styrdokument, riktlinjer, kvalitetssystem och organisation arbetar systematiskt f\u00f6r att varje barn ska uppleva trygghet hos oss och k\u00e4nna tillit sin egen f\u00f6rm\u00e5ga att s\u00e4tta gr\u00e4nser \u2013 nu och genom hela livet.<\/p>\n\n\n<\/div>\n\n\n\n<div class=\"wp-block-column is-layout-flow wp-block-column-is-layout-flow\">\n\t<style>\n\t\t.inner {\n\n\t\t\tmargin: 0 auto;\n\n\n\t\t}\n\t<\/style>\n\t<div\n\t\t class=\"container images-module\" >\n\t\t<div class=\"row images_module__slideshow\">\n\n\t\t\t<div\n\t\t\t\t\tclass=\"col-md-12 p-0 position-relative images_module__slideshow images_module__slideshow-container  \">\n\t\t\t\t<div class=\"images_module__slide\" data-slide=\"\"\n\t\t\t\t\t data-duration=\"\"><\/div>\n\t\t\t\t\t\t\t\t\t<div\n\t\t\t\t\t\t class=\"images_module__slides\n\n\t\t\t\t\t   \"\n\t\t\t\t\t>\n\n\t\t\t\t\t\t<div class=\"images__wrapper\" style=\"aspect-ratio: 851 \/ 851;\">\n\t\t\t\t\t\t\t<img decoding=\"async\" width=\"1000\" height=\"667\" src=\"https:\/\/pysslingen.se\/wp-content\/uploads\/2020\/10\/trygghetsvandring-pedagog-1.jpg\" class=\"images__image_ratio  \" alt=\"Pedagog och barn kollar p\u00e5 varann.\" style=\"aspect-ratio: 851 \/ 851;object-position: _center-center;\" srcset=\"https:\/\/pysslingen.se\/wp-content\/uploads\/2020\/10\/trygghetsvandring-pedagog-1.jpg 1000w, https:\/\/pysslingen.se\/wp-content\/uploads\/2020\/10\/trygghetsvandring-pedagog-1-300x200.jpg 300w, https:\/\/pysslingen.se\/wp-content\/uploads\/2020\/10\/trygghetsvandring-pedagog-1-768x512.jpg 768w\" sizes=\"(max-width: 1000px) 100vw, 1000px\" \/>\t\t\t\t\t\t<\/div>\n\t\t\t\t\t\t\n\n\t\t\t\t\t\t\t\t\t\t\t<\/div>\n\t\t\t\t\n\t\t\t\t<div class=\"images_module__container_dot\">\n\t\t\t\t\t<div style=\"text-align:center\">\n\n\n\t\t\t\t\t\t\t\t\t\t\t\t\t<span   data-i=\"0\"\n\t\t\t\t\t\t\t\t  class=\"\n\t\t\t\t\t\t\timages_module__dot\n\t\t\t\t\t\t\t\t\t\t\t\t\t\t\"\n\t\t\t\t\t\t\t><\/span>\n\t\t\t\t\t\t\t\t\t\t\t<\/div>\n\t\t\t\t<\/div>\n\n\n\t\t\t<\/div>\n\t\t<\/div>\n\t<\/div>\n\n\t\n\n\n<script>\n\tvar images_display_descriptive_text = \"\";\n<\/script>\n<\/div>\n<\/div>\n\t\t\t\t\t\t\t<\/div>\n\t\t\t\t\t\t<\/div>\n\t\t\t\t\t<\/div>\n\t\t\t\t\t\t\t\t\t\t<div class=\"container core-heading\">\n\t\t\t\t\t\t<div class=\"row\">\n\t\t\t\t\t\t\t<div class=\"col-12\">\n\t\t\t\t\t\t\t\t\n<h2 class=\"wp-block-heading\">Vi har en tydlig gemensam v\u00e4rdegrund<\/h2>\n\t\t\t\t\t\t\t<\/div>\n\t\t\t\t\t\t<\/div>\n\t\t\t\t\t<\/div>\n\t\t\t\t\t\t\t\t\t\t<div class=\"container core-paragraph\">\n\t\t\t\t\t\t<div class=\"row\">\n\t\t\t\t\t\t\t<div class=\"col-12\">\n\t\t\t\t\t\t\t\t\n<p>F\u00f6rskolans l\u00e4roplan ligger till grund f\u00f6r Pysslingen F\u00f6rskolors gemensamma v\u00e4rdegrundsarbete. Redan i inledningen till l\u00e4roplanen st\u00e5r det: \u201dM\u00e4nniskolivets okr\u00e4nkbarhet, individens frihet och integritet, alla m\u00e4nniskors lika v\u00e4rde, j\u00e4mst\u00e4lldhet mellan k\u00f6nen samt solidaritet med svaga och utsatta \u00e4r v\u00e4rden som f\u00f6rskolan ska h\u00e5lla levande i arbetet med barnen\u201d.<\/p>\n\t\t\t\t\t\t\t<\/div>\n\t\t\t\t\t\t<\/div>\n\t\t\t\t\t<\/div>\n\t\t\t\t\t\t\t\t\t\t<div class=\"container core-heading\">\n\t\t\t\t\t\t<div class=\"row\">\n\t\t\t\t\t\t\t<div class=\"col-12\">\n\t\t\t\t\t\t\t\t\n<h2 class=\"wp-block-heading\">Vi pratar med barnen om integritet och gr\u00e4nss\u00e4ttning<\/h2>\n\t\t\t\t\t\t\t<\/div>\n\t\t\t\t\t\t<\/div>\n\t\t\t\t\t<\/div>\n\t\t\t\t\t\t\t\t\t\t<div class=\"container core-paragraph\">\n\t\t\t\t\t\t<div class=\"row\">\n\t\t\t\t\t\t\t<div class=\"col-12\">\n\t\t\t\t\t\t\t\t\n<p>Pedagogerna i f\u00f6rskolan \u00e4r skyldiga att f\u00f6lja l\u00e4roplanen. I alla v\u00e5ra f\u00f6rskoleomr\u00e5den finns en kvalitetschef som p\u00e5 ett konkret s\u00e4tt st\u00f6ttar och handleder dem i detta uppdrag, bland annat n\u00e4r det g\u00e4ller hur de kan arbeta och prata med barnen kring integritet, sexualitet och gr\u00e4nss\u00e4ttning i den dagliga verksamheten p\u00e5 f\u00f6rskolan. Varje f\u00f6rskola har \u00e4ven sin egen planering f\u00f6r hur det fr\u00e4mjande arbetet ser ut. Prata g\u00e4rna med rektorn p\u00e5 ditt barns f\u00f6rskola f\u00f6r att ta del av den planeringen.<\/p>\n\t\t\t\t\t\t\t<\/div>\n\t\t\t\t\t\t<\/div>\n\t\t\t\t\t<\/div>\n\t\t\t\t\t\t\t\t\t\t<div class=\"container core-heading\">\n\t\t\t\t\t\t<div class=\"row\">\n\t\t\t\t\t\t\t<div class=\"col-12\">\n\t\t\t\t\t\t\t\t\n<h2 class=\"wp-block-heading\">Vi har en plan f\u00f6r hur vi ska arbeta f\u00f6rebyggande<\/h2>\n\t\t\t\t\t\t\t<\/div>\n\t\t\t\t\t\t<\/div>\n\t\t\t\t\t<\/div>\n\t\t\t\t\t\t\t\t\t\t<div class=\"container core-paragraph\">\n\t\t\t\t\t\t<div class=\"row\">\n\t\t\t\t\t\t\t<div class=\"col-12\">\n\t\t\t\t\t\t\t\t\n<p>Alla v\u00e5ra f\u00f6rskolor har en tydlig plan mot diskriminering och kr\u00e4nkande behandling. Planen tas fram p\u00e5 nytt varje \u00e5r av f\u00f6rskolans medarbetare tillsammans. H\u00e4r finns en fr\u00e4mjande och en f\u00f6rebyggande del som \u00e4r konkreta och f\u00f6rankrade hos alla medarbetare. Planen \u00e4r en handlingsplan och ett st\u00f6d f\u00f6r att utforma och justera verksamheten s\u00e5 att den \u00e4r trygg f\u00f6r alla barn.<\/p>\n\t\t\t\t\t\t\t<\/div>\n\t\t\t\t\t\t<\/div>\n\t\t\t\t\t<\/div>\n\t\t\t\t\t\t\t\t\t\t<div class=\"container core-heading\">\n\t\t\t\t\t\t<div class=\"row\">\n\t\t\t\t\t\t\t<div class=\"col-12\">\n\t\t\t\t\t\t\t\t\n<h2 class=\"wp-block-heading\">Trygghetsvandring<\/h2>\n\t\t\t\t\t\t\t<\/div>\n\t\t\t\t\t\t<\/div>\n\t\t\t\t\t<\/div>\n\t\t\t\t\t\t\t\t\t\t<div class=\"container core-paragraph\">\n\t\t\t\t\t\t<div class=\"row\">\n\t\t\t\t\t\t\t<div class=\"col-12\">\n\t\t\t\t\t\t\t\t\n<p>I Pysslingen F\u00f6rskolor har vi dessutom flera kvalitetsverktyg som ska hj\u00e4lpa v\u00e5ra f\u00f6rskolor att hitta sina risk- och utvecklingsomr\u00e5den. N\u00e4r vi kartl\u00e4gger dem anv\u00e4nder vi bland annat <a href=\"https:\/\/pysslingen.se\/trygghetsvandring\/\">trygghetsvandringar<\/a>. <\/p>\n\t\t\t\t\t\t\t<\/div>\n\t\t\t\t\t\t<\/div>\n\t\t\t\t\t<\/div>\n\t\t\t\t\t\t\t\t\t\t<div class=\"container core-heading\">\n\t\t\t\t\t\t<div class=\"row\">\n\t\t\t\t\t\t\t<div class=\"col-12\">\n\t\t\t\t\t\t\t\t\n<h2 class=\"wp-block-heading\">Vi utbildar och handleder alla v\u00e5ra medarbetare<\/h2>\n\t\t\t\t\t\t\t<\/div>\n\t\t\t\t\t\t<\/div>\n\t\t\t\t\t<\/div>\n\t\t\t\t\t\t\t\t\t\t<div class=\"container core-paragraph\">\n\t\t\t\t\t\t<div class=\"row\">\n\t\t\t\t\t\t\t<div class=\"col-12\">\n\t\t\t\t\t\t\t\t\n<p>Pysslingen F\u00f6rskolor har ett v\u00e4l uppbyggt arbete f\u00f6r st\u00f6d och kompetensutveckling. H\u00e4r tar vi hand om b\u00e5de pedagogernas individuella utveckling och hela f\u00f6rskolans gemensamma behov. Varje m\u00e5nad erbjuder vi utbildningar till alla v\u00e5ra pedagoger. Inneh\u00e5llet \u00e4r d\u00e5 tydligt riktat, till exempel kan det handla om barns inflytande. H\u00e4r f\u00e5r pedagogerna m\u00f6jlighet att med hj\u00e4lp av en pedagogisk kartl\u00e4ggning se \u00f6ver hur utformningen av de sociala, fysiska och organisatoriska milj\u00f6erna kan utvecklas utifr\u00e5n barnens upplevelser, behov och r\u00e4ttigheter. Dessutom f\u00e5r alla enskilda medarbetare eller arbetslag konkret st\u00f6ttning i att bygga trygga milj\u00f6er f\u00f6r barn.<\/p>\n\t\t\t\t\t\t\t<\/div>\n\t\t\t\t\t\t<\/div>\n\t\t\t\t\t<\/div>\n\t\t\t\t\t\t\t\t\t\t<div class=\"container core-heading\">\n\t\t\t\t\t\t<div class=\"row\">\n\t\t\t\t\t\t\t<div class=\"col-12\">\n\t\t\t\t\t\t\t\t\n<h2 class=\"wp-block-heading\">Alla som arbetar hos oss har visat registerutdrag<\/h2>\n\t\t\t\t\t\t\t<\/div>\n\t\t\t\t\t\t<\/div>\n\t\t\t\t\t<\/div>\n\t\t\t\t\t\t\t\t\t\t<div class=\"container core-paragraph\">\n\t\t\t\t\t\t<div class=\"row\">\n\t\t\t\t\t\t\t<div class=\"col-12\">\n\t\t\t\t\t\t\t\t\n<p>Hos oss \u00e4r det rutin att alla som arbetar, om s\u00e5 bara en dag, m\u00e5ste visa upp ett giltigt utdrag ur Polisens belastningsregister. Om man inte kan visa upp ett registerutdrag utan anm\u00e4rkningar f\u00e5r man inte arbeta i n\u00e5gon av v\u00e5ra f\u00f6rskolor. Kravet p\u00e5 att visa registerutdrag \u00e4r reglerat i Skollagen 2010:800 (1 kap. 31 \u00a7).<\/p>\n\t\t\t\t\t\t\t<\/div>\n\t\t\t\t\t\t<\/div>\n\t\t\t\t\t<\/div>\n\t\t\t\t\t\t\t\t\t\t<div class=\"container core-heading\">\n\t\t\t\t\t\t<div class=\"row\">\n\t\t\t\t\t\t\t<div class=\"col-12\">\n\t\t\t\t\t\t\t\t\n<h2 class=\"wp-block-heading\">Vi f\u00f6ljer lagen om tystnadsplikt och anm\u00e4lningsskyldighet \u2013 och anm\u00e4ler alltid n\u00e4r vi misst\u00e4nker brott<\/h2>\n\t\t\t\t\t\t\t<\/div>\n\t\t\t\t\t\t<\/div>\n\t\t\t\t\t<\/div>\n\t\t\t\t\t\t\t\t\t\t<div class=\"container core-paragraph\">\n\t\t\t\t\t\t<div class=\"row\">\n\t\t\t\t\t\t\t<div class=\"col-12\">\n\t\t\t\t\t\t\t\t\n<p>I samband med anst\u00e4llning f\u00e5r alla v\u00e5ra medarbetare skriva under ett avtal d\u00e4r de intygar att de ska f\u00f6lja lagen om tystnadsplikt och anm\u00e4lningsskyldighet. Vid misstanke om brott anm\u00e4ler vi alltid till socialtj\u00e4nsten. Alla medarbetare f\u00e5r \u00e4ven ta del av \u00e5tta goda r\u00e5d f\u00f6r hur de ska hantera tystnadsplikten i olika situationer.<\/p>\n\t\t\t\t\t\t\t<\/div>\n\t\t\t\t\t\t<\/div>\n\t\t\t\t\t<\/div>\n\t\t\t\t\t\t\t\t\t\t<div class=\"container core-heading\">\n\t\t\t\t\t\t<div class=\"row\">\n\t\t\t\t\t\t\t<div class=\"col-12\">\n\t\t\t\t\t\t\t\t\n<h2 class=\"wp-block-heading\">Alla v\u00e5ra anst\u00e4llda f\u00e5r en tydlig introduktion i f\u00f6rskolans rutiner<\/h2>\n\t\t\t\t\t\t\t<\/div>\n\t\t\t\t\t\t<\/div>\n\t\t\t\t\t<\/div>\n\t\t\t\t\t\t\t\t\t\t<div class=\"container core-paragraph\">\n\t\t\t\t\t\t<div class=\"row\">\n\t\t\t\t\t\t\t<div class=\"col-12\">\n\t\t\t\t\t\t\t\t\n<p>Alla som arbetar hos oss, s\u00e5v\u00e4l ordinarie pedagoger som vikarier, f\u00e5r en introduktion d\u00e4r vi informerar om b\u00e5de Pysslingens gemensamma v\u00e4rdegrund och f\u00f6rskolans dagliga rutiner f\u00f6r barns\u00e4kerhet och hygien, till exempel hur rutinerna f\u00f6r \u00f6ppning, st\u00e4ngning, toalettbes\u00f6k och bl\u00f6jbyte ser ut.<\/p>\n\t\t\t\t\t\t\t<\/div>\n\t\t\t\t\t\t<\/div>\n\t\t\t\t\t<\/div>\n\t\t\t\t\t\t\t\t\t\t<div class=\"container core-heading\">\n\t\t\t\t\t\t<div class=\"row\">\n\t\t\t\t\t\t\t<div class=\"col-12\">\n\t\t\t\t\t\t\t\t\n<h2 class=\"wp-block-heading\">Vi publicerar bara bilder p\u00e5 barn efter v\u00e5rdnadshavarnas samtycke<\/h2>\n\t\t\t\t\t\t\t<\/div>\n\t\t\t\t\t\t<\/div>\n\t\t\t\t\t<\/div>\n\t\t\t\t\t\t\t\t\t\t<div class=\"container core-paragraph\">\n\t\t\t\t\t\t<div class=\"row\">\n\t\t\t\t\t\t\t<div class=\"col-12\">\n\t\t\t\t\t\t\t\t\n<p>Vi anv\u00e4nder digitala dokumentations- och kommunikationsverktyg, bland annat Mitt Pysslingen, Instagram och Facebook, f\u00f6r att kommunicera med v\u00e5rdnadshavare och andra intressenter. Innan vi publicerar bilder p\u00e5 barn beh\u00f6ver vi alltid v\u00e5rdnadshavarnas samtycke. Oavsett samtycke g\u00f6r vi medvetna val n\u00e4r vi publicerar bilder p\u00e5 webben och i sociala medier d\u00e4r man ser barnens ansikten.<\/p>\n\t\t\t\t\t\t\t<\/div>\n\t\t\t\t\t\t<\/div>\n\t\t\t\t\t<\/div>\n\t\t\t\t\t\t\t\t\t\t<div class=\"container core-heading\">\n\t\t\t\t\t\t<div class=\"row\">\n\t\t\t\t\t\t\t<div class=\"col-12\">\n\t\t\t\t\t\t\t\t\n<h3 class=\"wp-block-heading\">N\u00e5gra av de lagar och f\u00f6rordningar som f\u00f6rskolan omfattas av:<\/h3>\n\t\t\t\t\t\t\t<\/div>\n\t\t\t\t\t\t<\/div>\n\t\t\t\t\t<\/div>\n\t\t\t\t\t\t\t\t\t\t<div class=\"container core-paragraph\">\n\t\t\t\t\t\t<div class=\"row\">\n\t\t\t\t\t\t\t<div class=\"col-12\">\n\t\t\t\t\t\t\t\t\n<p><a href=\"http:\/\/www.riksdagen.se\/sv\/dokument-lagar\/dokument\/svensk-forfattningssamling\/skollag-2010800_sfs-2010-800\" target=\"_blank\" rel=\"noreferrer noopener\">Skollagen (2010:800)<\/a><\/p>\n\t\t\t\t\t\t\t<\/div>\n\t\t\t\t\t\t<\/div>\n\t\t\t\t\t<\/div>\n\t\t\t\t\t\t\t\t\t\t<div class=\"container core-paragraph\">\n\t\t\t\t\t\t<div class=\"row\">\n\t\t\t\t\t\t\t<div class=\"col-12\">\n\t\t\t\t\t\t\t\t\n<p><a href=\"https:\/\/pysslingen.se\/wp-content\/uploads\/2025\/11\/laroplan-2025.pdf\" data-type=\"link\" data-id=\"https:\/\/pysslingen.se\/wp-content\/uploads\/2025\/11\/laroplan-2025.pdf\">F\u00f6rskolans l\u00e4roplan (Lpf\u00f6 18, reviderad 2025)<\/a><\/p>\n\t\t\t\t\t\t\t<\/div>\n\t\t\t\t\t\t<\/div>\n\t\t\t\t\t<\/div>\n\t\t\t\t\t\t\t\t\t\t<div class=\"container core-paragraph\">\n\t\t\t\t\t\t<div class=\"row\">\n\t\t\t\t\t\t\t<div class=\"col-12\">\n\t\t\t\t\t\t\t\t\n<p><a href=\"https:\/\/unicef.se\/barnkonventionen\" target=\"_blank\" rel=\"noreferrer noopener\">Barnkonventionen<\/a><\/p>\n\t\t\t\t\t\t\t<\/div>\n\t\t\t\t\t\t<\/div>\n\t\t\t\t\t<\/div>\n\t\t\t\t\t\t\t\t\t\t<div class=\"container core-paragraph\">\n\t\t\t\t\t\t<div class=\"row\">\n\t\t\t\t\t\t\t<div class=\"col-12\">\n\t\t\t\t\t\t\t\t\n<p><a href=\"https:\/\/fn.se\/wp-content\/uploads\/2016\/07\/Allmanforklaringomdemanskligarattigheterna.pdf\" target=\"_blank\" rel=\"noreferrer noopener\">FN:s konvention om de m\u00e4nskliga r\u00e4ttigheterna<\/a><\/p>\n\t\t\t\t\t\t\t<\/div>\n\t\t\t\t\t\t<\/div>\n\t\t\t\t\t<\/div>\n\t\t\t\t\t\t\t\t\t\t<div class=\"container core-paragraph\">\n\t\t\t\t\t\t<div class=\"row\">\n\t\t\t\t\t\t\t<div class=\"col-12\">\n\t\t\t\t\t\t\t\t\n<p><a href=\"http:\/\/www.riksdagen.se\/sv\/dokument-lagar\/dokument\/svensk-forfattningssamling\/socialtjanstlag-2001453_sfs-2001-453\" target=\"_blank\" rel=\"noreferrer noopener\">Socialtj\u00e4nstlagen (2001:453)<\/a><\/p>\n\t\t\t\t\t\t\t<\/div>\n\t\t\t\t\t\t<\/div>\n\t\t\t\t\t<\/div>\n\t\t\t\t\t\t<\/div>\n\n\t","protected":false},"excerpt":{"rendered":"<p>S\u00e5 v\u00e4rnar vi om barnens integritet p\u00e5 Mariatorget<\/p>\n","protected":false},"author":5,"featured_media":0,"parent":0,"menu_order":0,"comment_status":"closed","ping_status":"closed","template":"","meta":{"footnotes":""},"yoast_head":"<!-- This site is optimized with the Yoast SEO plugin v22.0 - https:\/\/yoast.com\/wordpress\/plugins\/seo\/ -->\n<title>S\u00e5 v\u00e4rnar vi om barnens integritet p\u00e5 Mariatorget<\/title>\n<meta name=\"description\" content=\"F\u00f6r oss i Pysslingen F\u00f6rskolor \u00e4r det viktigt att alla barns integritet skyddas och st\u00e4rks, b\u00e5de i f\u00f6rskolan och p\u00e5 alla andra platser d\u00e4r barn vistas.\" \/>\n<meta name=\"robots\" content=\"index, follow, max-snippet:-1, max-image-preview:large, max-video-preview:-1\" \/>\n<link rel=\"canonical\" href=\"https:\/\/pysslingen.se\/mariatorget\/barnens-integritet\/\" \/>\n<meta property=\"og:locale\" content=\"sv_SE\" \/>\n<meta property=\"og:type\" content=\"article\" \/>\n<meta property=\"og:title\" content=\"S\u00e5 v\u00e4rnar vi om barnens integritet p\u00e5 Mariatorget\" \/>\n<meta property=\"og:description\" content=\"F\u00f6r oss i Pysslingen F\u00f6rskolor \u00e4r det viktigt att alla barns integritet skyddas och st\u00e4rks, b\u00e5de i f\u00f6rskolan och p\u00e5 alla andra platser d\u00e4r barn vistas.\" \/>\n<meta property=\"og:url\" content=\"https:\/\/pysslingen.se\/mariatorget\/barnens-integritet\/\" \/>\n<meta property=\"og:site_name\" content=\"Mariatorget\" \/>\n<meta property=\"article:modified_time\" content=\"2022-11-21T09:20:59+00:00\" \/>\n<meta name=\"twitter:card\" content=\"summary_large_image\" \/>\n<meta name=\"twitter:title\" content=\"S\u00e5 v\u00e4rnar vi om barnens integritet p\u00e5 Mariatorget\" \/>\n<meta name=\"twitter:description\" content=\"F\u00f6r oss i Pysslingen F\u00f6rskolor \u00e4r det viktigt att alla barns integritet skyddas och st\u00e4rks, b\u00e5de i f\u00f6rskolan och p\u00e5 alla andra platser d\u00e4r barn vistas.\" \/>\n<meta name=\"twitter:label1\" content=\"Ber\u00e4knad l\u00e4stid\" \/>\n\t<meta name=\"twitter:data1\" content=\"1 minut\" \/>\n<script type=\"application\/ld+json\" class=\"yoast-schema-graph\">{\"@context\":\"https:\/\/schema.org\",\"@graph\":[{\"@type\":\"WebPage\",\"@id\":\"https:\/\/pysslingen.se\/mariatorget\/barnens-integritet\/\",\"url\":\"https:\/\/pysslingen.se\/mariatorget\/barnens-integritet\/\",\"name\":\"S\u00e5 v\u00e4rnar vi om barnens integritet p\u00e5 Mariatorget\",\"isPartOf\":{\"@id\":\"https:\/\/pysslingen.se\/mariatorget\/#website\"},\"datePublished\":\"2020-10-22T14:57:12+00:00\",\"dateModified\":\"2022-11-21T09:20:59+00:00\",\"description\":\"F\u00f6r oss i Pysslingen F\u00f6rskolor \u00e4r det viktigt att alla barns integritet skyddas och st\u00e4rks, b\u00e5de i f\u00f6rskolan och p\u00e5 alla andra platser d\u00e4r barn vistas.\",\"breadcrumb\":{\"@id\":\"https:\/\/pysslingen.se\/mariatorget\/barnens-integritet\/#breadcrumb\"},\"inLanguage\":\"sv-SE\",\"potentialAction\":[{\"@type\":\"ReadAction\",\"target\":[\"https:\/\/pysslingen.se\/mariatorget\/barnens-integritet\/\"]}]},{\"@type\":\"BreadcrumbList\",\"@id\":\"https:\/\/pysslingen.se\/mariatorget\/barnens-integritet\/#breadcrumb\",\"itemListElement\":[{\"@type\":\"ListItem\",\"position\":1,\"name\":\"Start\",\"item\":\"https:\/\/pysslingen.se\/mariatorget\/\"},{\"@type\":\"ListItem\",\"position\":2,\"name\":\"Barnens integritet\"}]},{\"@type\":\"WebSite\",\"@id\":\"https:\/\/pysslingen.se\/mariatorget\/#website\",\"url\":\"https:\/\/pysslingen.se\/mariatorget\/\",\"name\":\"Mariatorget\",\"description\":\"En trygg och stimulerande v\u00e4rld\",\"publisher\":{\"@id\":\"https:\/\/pysslingen.se\/mariatorget\/#organization\"},\"potentialAction\":[{\"@type\":\"SearchAction\",\"target\":{\"@type\":\"EntryPoint\",\"urlTemplate\":\"https:\/\/pysslingen.se\/mariatorget\/?s={search_term_string}\"},\"query-input\":\"required name=search_term_string\"}],\"inLanguage\":\"sv-SE\"},{\"@type\":\"Organization\",\"@id\":\"https:\/\/pysslingen.se\/mariatorget\/#organization\",\"name\":\"Pysslingen F\u00f6rskolor\",\"url\":\"https:\/\/pysslingen.se\/mariatorget\/\",\"logo\":{\"@type\":\"ImageObject\",\"inLanguage\":\"sv-SE\",\"@id\":\"https:\/\/pysslingen.se\/mariatorget\/#\/schema\/logo\/image\/\",\"url\":\"https:\/\/pysslingen.se\/wp-content\/uploads\/2021\/05\/pysslingen-forskolor.png\",\"contentUrl\":\"https:\/\/pysslingen.se\/wp-content\/uploads\/2021\/05\/pysslingen-forskolor.png\",\"width\":1120,\"height\":630,\"caption\":\"Pysslingen F\u00f6rskolor\"},\"image\":{\"@id\":\"https:\/\/pysslingen.se\/mariatorget\/#\/schema\/logo\/image\/\"}}]}<\/script>\n<!-- \/ Yoast SEO plugin. -->","yoast_head_json":{"title":"S\u00e5 v\u00e4rnar vi om barnens integritet p\u00e5 Mariatorget","description":"F\u00f6r oss i Pysslingen F\u00f6rskolor \u00e4r det viktigt att alla barns integritet skyddas och st\u00e4rks, b\u00e5de i f\u00f6rskolan och p\u00e5 alla andra platser d\u00e4r barn vistas.","robots":{"index":"index","follow":"follow","max-snippet":"max-snippet:-1","max-image-preview":"max-image-preview:large","max-video-preview":"max-video-preview:-1"},"canonical":"https:\/\/pysslingen.se\/mariatorget\/barnens-integritet\/","og_locale":"sv_SE","og_type":"article","og_title":"S\u00e5 v\u00e4rnar vi om barnens integritet p\u00e5 Mariatorget","og_description":"F\u00f6r oss i Pysslingen F\u00f6rskolor \u00e4r det viktigt att alla barns integritet skyddas och st\u00e4rks, b\u00e5de i f\u00f6rskolan och p\u00e5 alla andra platser d\u00e4r barn vistas.","og_url":"https:\/\/pysslingen.se\/mariatorget\/barnens-integritet\/","og_site_name":"Mariatorget","article_modified_time":"2022-11-21T09:20:59+00:00","twitter_card":"summary_large_image","twitter_title":"S\u00e5 v\u00e4rnar vi om barnens integritet p\u00e5 Mariatorget","twitter_description":"F\u00f6r oss i Pysslingen F\u00f6rskolor \u00e4r det viktigt att alla barns integritet skyddas och st\u00e4rks, b\u00e5de i f\u00f6rskolan och p\u00e5 alla andra platser d\u00e4r barn vistas.","twitter_misc":{"Ber\u00e4knad l\u00e4stid":"1 minut"},"schema":{"@context":"https:\/\/schema.org","@graph":[{"@type":"WebPage","@id":"https:\/\/pysslingen.se\/mariatorget\/barnens-integritet\/","url":"https:\/\/pysslingen.se\/mariatorget\/barnens-integritet\/","name":"S\u00e5 v\u00e4rnar vi om barnens integritet p\u00e5 Mariatorget","isPartOf":{"@id":"https:\/\/pysslingen.se\/mariatorget\/#website"},"datePublished":"2020-10-22T14:57:12+00:00","dateModified":"2022-11-21T09:20:59+00:00","description":"F\u00f6r oss i Pysslingen F\u00f6rskolor \u00e4r det viktigt att alla barns integritet skyddas och st\u00e4rks, b\u00e5de i f\u00f6rskolan och p\u00e5 alla andra platser d\u00e4r barn vistas.","breadcrumb":{"@id":"https:\/\/pysslingen.se\/mariatorget\/barnens-integritet\/#breadcrumb"},"inLanguage":"sv-SE","potentialAction":[{"@type":"ReadAction","target":["https:\/\/pysslingen.se\/mariatorget\/barnens-integritet\/"]}]},{"@type":"BreadcrumbList","@id":"https:\/\/pysslingen.se\/mariatorget\/barnens-integritet\/#breadcrumb","itemListElement":[{"@type":"ListItem","position":1,"name":"Start","item":"https:\/\/pysslingen.se\/mariatorget\/"},{"@type":"ListItem","position":2,"name":"Barnens integritet"}]},{"@type":"WebSite","@id":"https:\/\/pysslingen.se\/mariatorget\/#website","url":"https:\/\/pysslingen.se\/mariatorget\/","name":"Mariatorget","description":"En trygg och stimulerande v\u00e4rld","publisher":{"@id":"https:\/\/pysslingen.se\/mariatorget\/#organization"},"potentialAction":[{"@type":"SearchAction","target":{"@type":"EntryPoint","urlTemplate":"https:\/\/pysslingen.se\/mariatorget\/?s={search_term_string}"},"query-input":"required name=search_term_string"}],"inLanguage":"sv-SE"},{"@type":"Organization","@id":"https:\/\/pysslingen.se\/mariatorget\/#organization","name":"Pysslingen F\u00f6rskolor","url":"https:\/\/pysslingen.se\/mariatorget\/","logo":{"@type":"ImageObject","inLanguage":"sv-SE","@id":"https:\/\/pysslingen.se\/mariatorget\/#\/schema\/logo\/image\/","url":"https:\/\/pysslingen.se\/wp-content\/uploads\/2021\/05\/pysslingen-forskolor.png","contentUrl":"https:\/\/pysslingen.se\/wp-content\/uploads\/2021\/05\/pysslingen-forskolor.png","width":1120,"height":630,"caption":"Pysslingen F\u00f6rskolor"},"image":{"@id":"https:\/\/pysslingen.se\/mariatorget\/#\/schema\/logo\/image\/"}}]}},"_links":{"self":[{"href":"https:\/\/pysslingen.se\/mariatorget\/wp-json\/wp\/v2\/pages\/662"}],"collection":[{"href":"https:\/\/pysslingen.se\/mariatorget\/wp-json\/wp\/v2\/pages"}],"about":[{"href":"https:\/\/pysslingen.se\/mariatorget\/wp-json\/wp\/v2\/types\/page"}],"author":[{"embeddable":true,"href":"https:\/\/pysslingen.se\/mariatorget\/wp-json\/wp\/v2\/users\/5"}],"replies":[{"embeddable":true,"href":"https:\/\/pysslingen.se\/mariatorget\/wp-json\/wp\/v2\/comments?post=662"}],"version-history":[{"count":5,"href":"https:\/\/pysslingen.se\/mariatorget\/wp-json\/wp\/v2\/pages\/662\/revisions"}],"predecessor-version":[{"id":978,"href":"https:\/\/pysslingen.se\/mariatorget\/wp-json\/wp\/v2\/pages\/662\/revisions\/978"}],"wp:attachment":[{"href":"https:\/\/pysslingen.se\/mariatorget\/wp-json\/wp\/v2\/media?parent=662"}],"curies":[{"name":"wp","href":"https:\/\/api.w.org\/{rel}","templated":true}]}}