{"id":20,"date":"2020-09-29T09:19:21","date_gmt":"2020-09-29T09:19:21","guid":{"rendered":"https:\/\/pysslingen.se\/mariatorget\/?page_id=20"},"modified":"2025-11-27T09:27:20","modified_gmt":"2025-11-27T08:27:20","slug":"maten","status":"publish","type":"page","link":"https:\/\/pysslingen.se\/mariatorget\/maten\/","title":{"rendered":"V\u00e5r mat"},"content":{"rendered":"\n<h1 class=\"wp-block-heading\">P\u00e5 Mariatorget serverar vi mat f\u00f6r aktiva barn<\/h1>\n\n\n\n<p>M\u00e5ltiderna \u00e4r viktiga stunder p\u00e5 dagen. Bra mat beh\u00f6vs f\u00f6r att ditt barn ska f\u00e5 energi att leka och utvecklas varje dag. Vi arbetar ocks\u00e5 medvetet kring barnens m\u00f6te med m\u00e5ltiden, till exempel genom att l\u00e4gga upp maten p\u00e5 ett trevligt s\u00e4tt och se till att den sociala samvaron och samtalet kring matbordet blir gemytlig.<\/p>\n\n\n\n<h2 class=\"wp-block-heading\">Medvetna val<\/h2>\n\n\n\n<p>Med st\u00f6d i v\u00e5r gemensamma m\u00e5ltidspolicy erbjuder vi bara MSC-m\u00e4rkt fisk, svenskt eller finskt fl\u00e4skk\u00f6tt och svensk kyckling. Minst tv\u00e5 luncher i veckan \u00e4r vegetariska.<\/p>\n\n\n\n\t\n\t\n\t\n\n\t\n\t\n\t\t\n<section  class=\"c-block l-stacked  \" data-color-scheme=\"nyans2_av_p2-card-bakgrund-hover-standard_standard\">\n\t<div class=\"ams-fifty ams-fifty--container ams-fifty--right ams-fifty--bottom l-container u-pt-fluid-2xl-4xl u-pb-fluid-2xl-4xl\">\n\t\t<div class=\"ams-fifty__content l-stack l-stack-xl is-left is-left@lg\">\n\t\t\t<div class=\"ams-fifty__text l-stack l-stack-lg\">\n\t\t\t\t\t\n\t<h2\n\tclass=\"c-heading u-font-title-1 \"\n\tstyle=\"\">\n\t\t\n\t\t\t\t\tEco-plus fr\u00e5n Sodexo\n\t\t\t\t\n\t<\/h2>\n\n\t\t\t\t\t\t\t\t\t<div class=\"text l-stack u-font-body\">\n\t\t\t\t\t\t<p>Sodexo \u00e4r prisvinnande och ledande inom sin bransch med att arbeta med h\u00e5llbarhetsfr\u00e5gor. Vi har valt den meny fr\u00e5n Sodexo, eco-plus, som \u00e4r extra milj\u00f6anpassad och har st\u00f6rre andel ekologiska r\u00e5varor. Maten \u00e4r s\u00e4songsanpassad f\u00f6r att vara s\u00e5 h\u00e5llbar som m\u00f6jligt och n\u00e4ringsber\u00e4knad enligt Livsmedelsverkets riktlinjer f\u00f6r skolmat. Husmanskost varvas med moderna smaker och r\u00e4tter. Traditionella r\u00e5varor kombineras med nya och sp\u00e4nnande inslag.<\/p>\n<p>Vi str\u00e4var alltid efter att kunna erbjuda h\u00e4lsosamma alternativ utan att ge avkall p\u00e5 smak och kvalitet. I k\u00f6ken arbetar utbildade kockar och annan m\u00e5ltidspersonal, varav minst en \u00e4r utbildad f\u00f6r att laga och hantera specialkost av olika slag.<\/p>\n<p><strong><a href=\"https:\/\/www.koketbysodexo.se\/\">L\u00e4s mer om Sodexo h\u00e4r!<\/a><\/strong><\/p>\n\n\t\t\t\t\t<\/div>\n\t\t\t\t\t\t\t<\/div>\n\n\t\t\t\t\t<\/div>\n\n\t\t <div class=\"ams-fifty__media u-ratio-landscape\">\n\t\t \t\t\t\t\t<img decoding=\"async\" width=\"600\" height=\"625\" src=\"https:\/\/pysslingen.se\/wp-content\/uploads\/sites\/47\/2024\/12\/sodexo-600x625.png\" class=\"attachment-md size-md\" alt=\"Lunch med f\u00e4rgstark mat fr\u00e5n Sodexo.\" sizes=\"(min-width: 64em) 600px, calc(100vw - 160px)\" srcset=\"https:\/\/pysslingen.se\/wp-content\/uploads\/sites\/47\/2024\/12\/sodexo-600x625.png 600w, https:\/\/pysslingen.se\/wp-content\/uploads\/sites\/47\/2024\/12\/sodexo-300x313.png 300w, https:\/\/pysslingen.se\/wp-content\/uploads\/sites\/47\/2024\/12\/sodexo-400x417.png 400w, https:\/\/pysslingen.se\/wp-content\/uploads\/sites\/47\/2024\/12\/sodexo-800x833.png 800w, https:\/\/pysslingen.se\/wp-content\/uploads\/sites\/47\/2024\/12\/sodexo-1024x1067.png 1024w, https:\/\/pysslingen.se\/wp-content\/uploads\/sites\/47\/2024\/12\/sodexo-1200x1250.png 1200w, https:\/\/pysslingen.se\/wp-content\/uploads\/sites\/47\/2024\/12\/sodexo.png 1338w\" \/>\n\t\t\t\n\t\t\t\n\t\t\t\t\t<\/div>\n\t<\/div>\n\n\t\t\n\n<\/section>\n\n\n\n<div class=\"wp-block-group is-layout-flow wp-block-group-is-layout-flow\"><\/div>\n\n\n\n\n<section  class=\"ams-cta ams-cta--stacked c-block l-stacked\">\n\t<div class=\"l-container l-stack l-stack-fluid-2xl u-pt-fluid-md-xl u-pb-fluid-md-xl is-center is-center@md\">\n\t\t\t\t\t<div class=\"ams-cta__intro l-stack l-stack-lg\">\n\t\t\t\t\t\n\t<h2\n\tclass=\"c-heading u-font-title-1 \"\n\tstyle=\"\">\n\t\t\n\t\t\t\t\tVi skapar h\u00e5llbara m\u00e5ltider p\u00e5 f\u00f6rskolan Mariatorget\n\t\t\t\t\n\t<\/h2>\n\n\t\t\t\t\t\t\t<\/div>\n\t\t\n\t\t\n\t\t\t<div class=\"ams-cta__action u-inline-items\">\n\t\t\t\t\t\t\t\n\n\n<a href=\"https:\/\/pysslingen.se\/mariatorget\/hallbarhet\/\"\n\t\n\tclass=\"c-btn \"\n\tdata-style=\"rounded\"\n\tdata-size=\"md\"\n\tdata-width=\"full-mobile\"\n\tdata-variant=\"default\"\n\ttarget=\"_self\">\n\t\t\t<span class=\"label\"> L\u00e4s mer om h\u00e5llbarhet<\/span>\n\t\t\t<\/a>\n\t\t\t<\/div>\n\t<\/div>\n\n\t\t\n\n<\/section>\n","protected":false},"excerpt":{"rendered":"<p>P\u00e5 Mariatorget serverar vi mat f\u00f6r aktiva barn M\u00e5ltiderna \u00e4r viktiga stunder p\u00e5 dagen. Bra mat beh\u00f6vs f\u00f6r att ditt barn ska f\u00e5 energi att leka och utvecklas varje dag. Vi arbetar ocks\u00e5 medvetet kring barnens m\u00f6te med m\u00e5ltiden, till exempel genom att l\u00e4gga upp maten p\u00e5 ett trevligt s\u00e4tt och se till att den&#8230;<\/p>\n","protected":false},"author":3,"featured_media":0,"parent":0,"menu_order":0,"comment_status":"closed","ping_status":"closed","template":"","meta":{"footnotes":""},"yoast_head":"<!-- This site is optimized with the Yoast SEO plugin v22.0 - https:\/\/yoast.com\/wordpress\/plugins\/seo\/ -->\n<title>P\u00e5 Mariatorget serverar vi mat f\u00f6r aktiva barn<\/title>\n<meta name=\"description\" content=\"M\u00e5ltiderna \u00e4r viktiga stunder p\u00e5 dagen. Bra mat beh\u00f6vs f\u00f6r att ditt barn ska f\u00e5 energi att leka och utvecklas varje dag.\" \/>\n<meta name=\"robots\" content=\"index, follow, max-snippet:-1, max-image-preview:large, max-video-preview:-1\" \/>\n<link rel=\"canonical\" href=\"https:\/\/pysslingen.se\/mariatorget\/maten\/\" \/>\n<meta property=\"og:locale\" content=\"sv_SE\" \/>\n<meta property=\"og:type\" content=\"article\" \/>\n<meta property=\"og:title\" content=\"P\u00e5 Mariatorget serverar vi mat f\u00f6r aktiva barn\" \/>\n<meta property=\"og:description\" content=\"M\u00e5ltiderna \u00e4r viktiga stunder p\u00e5 dagen. Bra mat beh\u00f6vs f\u00f6r att ditt barn ska f\u00e5 energi att leka och utvecklas varje dag.\" \/>\n<meta property=\"og:url\" content=\"https:\/\/pysslingen.se\/mariatorget\/maten\/\" \/>\n<meta property=\"og:site_name\" content=\"Mariatorget\" \/>\n<meta property=\"article:modified_time\" content=\"2025-11-27T08:27:20+00:00\" \/>\n<meta name=\"twitter:card\" content=\"summary_large_image\" \/>\n<meta name=\"twitter:title\" content=\"P\u00e5 Mariatorget serverar vi mat f\u00f6r aktiva barn\" \/>\n<meta name=\"twitter:description\" content=\"M\u00e5ltiderna \u00e4r viktiga stunder p\u00e5 dagen. Bra mat beh\u00f6vs f\u00f6r att ditt barn ska f\u00e5 energi att leka och utvecklas varje dag.\" \/>\n<meta name=\"twitter:label1\" content=\"Ber\u00e4knad l\u00e4stid\" \/>\n\t<meta name=\"twitter:data1\" content=\"1 minut\" \/>\n<script type=\"application\/ld+json\" class=\"yoast-schema-graph\">{\"@context\":\"https:\/\/schema.org\",\"@graph\":[{\"@type\":\"WebPage\",\"@id\":\"https:\/\/pysslingen.se\/mariatorget\/maten\/\",\"url\":\"https:\/\/pysslingen.se\/mariatorget\/maten\/\",\"name\":\"P\u00e5 Mariatorget serverar vi mat f\u00f6r aktiva barn\",\"isPartOf\":{\"@id\":\"https:\/\/pysslingen.se\/mariatorget\/#website\"},\"datePublished\":\"2020-09-29T09:19:21+00:00\",\"dateModified\":\"2025-11-27T08:27:20+00:00\",\"description\":\"M\u00e5ltiderna \u00e4r viktiga stunder p\u00e5 dagen. Bra mat beh\u00f6vs f\u00f6r att ditt barn ska f\u00e5 energi att leka och utvecklas varje dag.\",\"breadcrumb\":{\"@id\":\"https:\/\/pysslingen.se\/mariatorget\/maten\/#breadcrumb\"},\"inLanguage\":\"sv-SE\",\"potentialAction\":[{\"@type\":\"ReadAction\",\"target\":[\"https:\/\/pysslingen.se\/mariatorget\/maten\/\"]}]},{\"@type\":\"BreadcrumbList\",\"@id\":\"https:\/\/pysslingen.se\/mariatorget\/maten\/#breadcrumb\",\"itemListElement\":[{\"@type\":\"ListItem\",\"position\":1,\"name\":\"Start\",\"item\":\"https:\/\/pysslingen.se\/mariatorget\/\"},{\"@type\":\"ListItem\",\"position\":2,\"name\":\"V\u00e5r mat\"}]},{\"@type\":\"WebSite\",\"@id\":\"https:\/\/pysslingen.se\/mariatorget\/#website\",\"url\":\"https:\/\/pysslingen.se\/mariatorget\/\",\"name\":\"Mariatorget\",\"description\":\"En trygg och stimulerande v\u00e4rld\",\"publisher\":{\"@id\":\"https:\/\/pysslingen.se\/mariatorget\/#organization\"},\"potentialAction\":[{\"@type\":\"SearchAction\",\"target\":{\"@type\":\"EntryPoint\",\"urlTemplate\":\"https:\/\/pysslingen.se\/mariatorget\/?s={search_term_string}\"},\"query-input\":\"required name=search_term_string\"}],\"inLanguage\":\"sv-SE\"},{\"@type\":\"Organization\",\"@id\":\"https:\/\/pysslingen.se\/mariatorget\/#organization\",\"name\":\"Pysslingen F\u00f6rskolor\",\"url\":\"https:\/\/pysslingen.se\/mariatorget\/\",\"logo\":{\"@type\":\"ImageObject\",\"inLanguage\":\"sv-SE\",\"@id\":\"https:\/\/pysslingen.se\/mariatorget\/#\/schema\/logo\/image\/\",\"url\":\"https:\/\/pysslingen.se\/wp-content\/uploads\/2021\/05\/pysslingen-forskolor.png\",\"contentUrl\":\"https:\/\/pysslingen.se\/wp-content\/uploads\/2021\/05\/pysslingen-forskolor.png\",\"width\":1120,\"height\":630,\"caption\":\"Pysslingen F\u00f6rskolor\"},\"image\":{\"@id\":\"https:\/\/pysslingen.se\/mariatorget\/#\/schema\/logo\/image\/\"}}]}<\/script>\n<!-- \/ Yoast SEO plugin. -->","yoast_head_json":{"title":"P\u00e5 Mariatorget serverar vi mat f\u00f6r aktiva barn","description":"M\u00e5ltiderna \u00e4r viktiga stunder p\u00e5 dagen. Bra mat beh\u00f6vs f\u00f6r att ditt barn ska f\u00e5 energi att leka och utvecklas varje dag.","robots":{"index":"index","follow":"follow","max-snippet":"max-snippet:-1","max-image-preview":"max-image-preview:large","max-video-preview":"max-video-preview:-1"},"canonical":"https:\/\/pysslingen.se\/mariatorget\/maten\/","og_locale":"sv_SE","og_type":"article","og_title":"P\u00e5 Mariatorget serverar vi mat f\u00f6r aktiva barn","og_description":"M\u00e5ltiderna \u00e4r viktiga stunder p\u00e5 dagen. Bra mat beh\u00f6vs f\u00f6r att ditt barn ska f\u00e5 energi att leka och utvecklas varje dag.","og_url":"https:\/\/pysslingen.se\/mariatorget\/maten\/","og_site_name":"Mariatorget","article_modified_time":"2025-11-27T08:27:20+00:00","twitter_card":"summary_large_image","twitter_title":"P\u00e5 Mariatorget serverar vi mat f\u00f6r aktiva barn","twitter_description":"M\u00e5ltiderna \u00e4r viktiga stunder p\u00e5 dagen. Bra mat beh\u00f6vs f\u00f6r att ditt barn ska f\u00e5 energi att leka och utvecklas varje dag.","twitter_misc":{"Ber\u00e4knad l\u00e4stid":"1 minut"},"schema":{"@context":"https:\/\/schema.org","@graph":[{"@type":"WebPage","@id":"https:\/\/pysslingen.se\/mariatorget\/maten\/","url":"https:\/\/pysslingen.se\/mariatorget\/maten\/","name":"P\u00e5 Mariatorget serverar vi mat f\u00f6r aktiva barn","isPartOf":{"@id":"https:\/\/pysslingen.se\/mariatorget\/#website"},"datePublished":"2020-09-29T09:19:21+00:00","dateModified":"2025-11-27T08:27:20+00:00","description":"M\u00e5ltiderna \u00e4r viktiga stunder p\u00e5 dagen. Bra mat beh\u00f6vs f\u00f6r att ditt barn ska f\u00e5 energi att leka och utvecklas varje dag.","breadcrumb":{"@id":"https:\/\/pysslingen.se\/mariatorget\/maten\/#breadcrumb"},"inLanguage":"sv-SE","potentialAction":[{"@type":"ReadAction","target":["https:\/\/pysslingen.se\/mariatorget\/maten\/"]}]},{"@type":"BreadcrumbList","@id":"https:\/\/pysslingen.se\/mariatorget\/maten\/#breadcrumb","itemListElement":[{"@type":"ListItem","position":1,"name":"Start","item":"https:\/\/pysslingen.se\/mariatorget\/"},{"@type":"ListItem","position":2,"name":"V\u00e5r mat"}]},{"@type":"WebSite","@id":"https:\/\/pysslingen.se\/mariatorget\/#website","url":"https:\/\/pysslingen.se\/mariatorget\/","name":"Mariatorget","description":"En trygg och stimulerande v\u00e4rld","publisher":{"@id":"https:\/\/pysslingen.se\/mariatorget\/#organization"},"potentialAction":[{"@type":"SearchAction","target":{"@type":"EntryPoint","urlTemplate":"https:\/\/pysslingen.se\/mariatorget\/?s={search_term_string}"},"query-input":"required name=search_term_string"}],"inLanguage":"sv-SE"},{"@type":"Organization","@id":"https:\/\/pysslingen.se\/mariatorget\/#organization","name":"Pysslingen F\u00f6rskolor","url":"https:\/\/pysslingen.se\/mariatorget\/","logo":{"@type":"ImageObject","inLanguage":"sv-SE","@id":"https:\/\/pysslingen.se\/mariatorget\/#\/schema\/logo\/image\/","url":"https:\/\/pysslingen.se\/wp-content\/uploads\/2021\/05\/pysslingen-forskolor.png","contentUrl":"https:\/\/pysslingen.se\/wp-content\/uploads\/2021\/05\/pysslingen-forskolor.png","width":1120,"height":630,"caption":"Pysslingen F\u00f6rskolor"},"image":{"@id":"https:\/\/pysslingen.se\/mariatorget\/#\/schema\/logo\/image\/"}}]}},"_links":{"self":[{"href":"https:\/\/pysslingen.se\/mariatorget\/wp-json\/wp\/v2\/pages\/20"}],"collection":[{"href":"https:\/\/pysslingen.se\/mariatorget\/wp-json\/wp\/v2\/pages"}],"about":[{"href":"https:\/\/pysslingen.se\/mariatorget\/wp-json\/wp\/v2\/types\/page"}],"author":[{"embeddable":true,"href":"https:\/\/pysslingen.se\/mariatorget\/wp-json\/wp\/v2\/users\/3"}],"replies":[{"embeddable":true,"href":"https:\/\/pysslingen.se\/mariatorget\/wp-json\/wp\/v2\/comments?post=20"}],"version-history":[{"count":10,"href":"https:\/\/pysslingen.se\/mariatorget\/wp-json\/wp\/v2\/pages\/20\/revisions"}],"predecessor-version":[{"id":1525,"href":"https:\/\/pysslingen.se\/mariatorget\/wp-json\/wp\/v2\/pages\/20\/revisions\/1525"}],"wp:attachment":[{"href":"https:\/\/pysslingen.se\/mariatorget\/wp-json\/wp\/v2\/media?parent=20"}],"curies":[{"name":"wp","href":"https:\/\/api.w.org\/{rel}","templated":true}]}}