{"id":29,"date":"2020-09-29T09:21:48","date_gmt":"2020-09-29T09:21:48","guid":{"rendered":"https:\/\/pysslingen.se\/malarhojdsparken\/?page_id=29"},"modified":"2026-03-16T16:32:07","modified_gmt":"2026-03-16T15:32:07","slug":"resultat","status":"publish","type":"page","link":"https:\/\/pysslingen.se\/malarhojdsparken\/resultat\/","title":{"rendered":"Resultat"},"content":{"rendered":"\n<h1 class=\"wp-block-heading\">V\u00e5rdnadshavarunders\u00f6kning: S\u00e5 utvecklar vi f\u00f6rskolan M\u00e4larh\u00f6jdsparken med hj\u00e4lp av v\u00e5rdnadshavarnas \u00e5terkoppling<\/h1>\n\n\n\n<p   class=\"site__ingress container text-left  site__text-color--dark  site__free_text--ingress p-0\">\n\tI b\u00f6rjan av varje \u00e5r ber vi dig som v\u00e5rdnadshavare att besvara en enk\u00e4t om hur du upplever v\u00e5r verksamhet. Resultatet ligger sedan till grund f\u00f6r f\u00f6rskolans utvecklingsarbete under resten av \u00e5ret.<\/p>\n\n\n\n\n\n<h2 class=\"wp-block-heading\">Vad visar \u00e5rets sammanst\u00e4llning av f\u00f6rskolan M\u00e4larh\u00f6jdsparken?<\/h2>\n\n\n\n<p>Vi \u00e4r v\u00e4ldigt stolta \u00f6ver \u00e5rets resultat! Det visar att v\u00e5rt arbete med utomhuspedagogik, h\u00e4lsa, h\u00e5llbarhet och r\u00f6relse har gjort skillnad.<\/p>\n\n\n\n<p>Under \u00e5ret har vi satsat p\u00e5 v\u00e5r nya profil, d\u00e4r vi kombinerar utomhuspedagogik med en medveten satsning p\u00e5 h\u00e4lsa, h\u00e5llbarhet och r\u00f6relse. Vi ser tydliga positiva effekter av detta arbete, b\u00e5de i barnens l\u00e4rande och v\u00e4lm\u00e5ende.<\/p>\n\n\n\n<p>V\u00e5rdnadshavarna anser att v\u00e5r verksamhet \u00e4r stabil och att deras barn trivs hos oss. \u00c5rets resultat visar att vi har f\u00f6rb\u00e4ttrat oss p\u00e5 tre viktiga fr\u00e5gest\u00e4llningar; \u201cMitt barn k\u00e4nner sig tryggt i f\u00f6rskolan\u201d, &#8221;Pedagogerna bidrar positivt till barnens inl\u00e4rning och utveckling\u201d och \u201cInomhusmilj\u00f6n p\u00e5 mitt barns f\u00f6rskola stimulerar till lek och l\u00e4rande\u201d. F\u00f6rskolans ledning och pedagoger forts\u00e4tter att arbeta f\u00f6r att bibeh\u00e5lla dessa goda resultat och f\u00f6r att v\u00e5rdnadshavarna ska k\u00e4nna sig trygga och n\u00f6jda med v\u00e5r f\u00f6rskola.<\/p>\n\n\n\n<h2 class=\"wp-block-heading\">Utvecklingsarbete fram\u00e5t<\/h2>\n\n\n\n<p>Vi ser ocks\u00e5 omr\u00e5den d\u00e4r vi vill utvecklas ytterligare, till exempel beh\u00f6ver vi bli b\u00e4ttre p\u00e5 att informera v\u00e5rdnadshavarna om barnens utveckling i f\u00f6rskolan. Vi kommer att se \u00f6ver v\u00e5ra kommunikationskanaler och tydligg\u00f6ra hur vi synligg\u00f6r barnens utveckling, f\u00f6r att skapa en b\u00e4ttre insyn i deras l\u00e4randeprocess.<\/p>\n\n\n\n<p>Alla v\u00e5rdnadshavare kommer att f\u00e5 m\u00f6jlighet att vara delaktiga i uppf\u00f6ljningen av resultaten, b\u00e5de genom f\u00f6r\u00e4ldram\u00f6ten och genom samtal i vardagen. V\u00e5rdnadshavarnas synpunkter \u00e4r en viktig del av v\u00e5rt systematiska kvalitetsarbete, och vi ser fram emot att forts\u00e4tta utveckla f\u00f6rskolan tillsammans!<\/p>\n\n\n\n<p>Sammanfattningsvis \u00e4r vi glada \u00f6ver de framsteg vi har gjort under det senaste \u00e5ret, men vi ser ocks\u00e5 att det finns viktiga aspekter att fokusera p\u00e5 f\u00f6r att forts\u00e4tta v\u00e5r utveckling. Genom att v\u00e5rda de framg\u00e5ngar vi har uppn\u00e5tt, noggrant bevaka omr\u00e5den med l\u00e4gre n\u00f6jdhet och aktivt notera v\u00e5rdnadshavares och barns behov, \u00e4r vi \u00f6vertygade om att vi kan skapa en \u00e4nnu b\u00e4ttre f\u00f6rskolemilj\u00f6 f\u00f6r alla.<\/p>\n\n\n<section \n\tclass=\"ams-info-graph  c-block l-stacked  \"\n\tdata-color-scheme=\"\">\n\t<div\n\t\tclass=\"l-stack l-stack-fluid-2xl u-pt-fluid-3xl-6xl u-pb-fluid-3xl-6xl is-center is-center@md\">\n\t\t\n\t\t\n\t\t<ul class=\"ams-info-graph__list l-grid u-justify-start\">\n\t\t\t\t\t\t\t\t\t\n\t\t\t\t\t\t\t<li \n\t\t\t\t\tdata-color-scheme=\"\"\n\t\t\t\t\tdata-color-scheme-mobile=\"\"\n\t\t\t\t\tclass=\"c-ig c-ig--graph l-col-6@md\">\n\n\t\t\t\t\t\t\t\t\t\t\t\t\t\t<h2 class=\"c-ig__title u-font-title-3\">\n\t\t\t\t\t\t\tN\u00f6jd v\u00e5rdnadshavare\n\t\t\t\t\t\t<\/h2>\n\t\n\t\n\t\n\t\t\t<div class=\"c-ig__text l-stack-xs u-font-body\">\n\t\t\t<p><strong>Jag \u00e4r n\u00f6jd med mitt barns f\u00f6rskola<\/strong><\/p>\n\n\t\t<\/div>\n\t\n\t\t\t<div\n\t\t\tclass=\"c-ig__graph\"\n\t\t\tdata-type=\"bar\"\n\t\t\tdata-show-legend=\"1\"\n\t\t\tdata-ispercent=\"\"\n\t\t\tdata-y-axis-range=\"eyJtaW4iOiIwIiwibWF4IjoiMTAwIn0=\"\n\t\t\tdata-items-config=\"W3siY29sb3IiOiIjZTYzYzUwIiwibGFiZWwiOiIyMDI0In0seyJjb2xvciI6IiNmZjYyNTAiLCJsYWJlbCI6IjIwMjUifSx7ImNvbG9yIjoiI2U2M2M1MCIsImxhYmVsIjoiMjAyNiJ9XQ==\"\n\t\t\tdata-items=\"W3sibGFiZWwiOiIiLCJ2YWx1ZXMiOlt7InZhbHVlIjoiMzgifSx7InZhbHVlIjoiNzcifSx7InZhbHVlIjoiODMifV19XQ==\"\n\t\t\tdata-color-legend=\"var(--ig-text-color)\"\n\t\t\tdata-css-font=\"var(--ig-font-family)\"\n\t\t><\/div>\n\t\n\t\t\t\t\t\n\t\t\t\t<\/li>\n\t\t\t\t\t\t\t<li \n\t\t\t\t\tdata-color-scheme=\"\"\n\t\t\t\t\tdata-color-scheme-mobile=\"\"\n\t\t\t\t\tclass=\"c-ig c-ig--graph l-col-6@md\">\n\n\t\t\t\t\t\t\t\t\t\t\t\t\t\t<h2 class=\"c-ig__title u-font-title-3\">\n\t\t\t\t\t\t\tTrygghetsgrad\n\t\t\t\t\t\t<\/h2>\n\t\n\t\n\t\n\t\t\t<div class=\"c-ig__text l-stack-xs u-font-body\">\n\t\t\t<p><strong>Mitt barn k\u00e4nner sig tryggt i f\u00f6rskolan<\/strong><\/p>\n\n\t\t<\/div>\n\t\n\t\t\t<div\n\t\t\tclass=\"c-ig__graph\"\n\t\t\tdata-type=\"bar\"\n\t\t\tdata-show-legend=\"1\"\n\t\t\tdata-ispercent=\"\"\n\t\t\tdata-y-axis-range=\"eyJtaW4iOiIwIiwibWF4IjoiMTAwIn0=\"\n\t\t\tdata-items-config=\"W3siY29sb3IiOiIjMDA0MTc4IiwibGFiZWwiOiIyMDI0In0seyJjb2xvciI6IiMzMmEwZjAiLCJsYWJlbCI6IjIwMjUifSx7ImNvbG9yIjoiIzAwNDE3OCIsImxhYmVsIjoiMjAyNiJ9XQ==\"\n\t\t\tdata-items=\"W3sibGFiZWwiOiIiLCJ2YWx1ZXMiOlt7InZhbHVlIjoiNjYifSx7InZhbHVlIjoiOTQifSx7InZhbHVlIjoiODkifV19XQ==\"\n\t\t\tdata-color-legend=\"var(--ig-text-color)\"\n\t\t\tdata-css-font=\"var(--ig-font-family)\"\n\t\t><\/div>\n\t\n\t\t\t\t\t\n\t\t\t\t<\/li>\n\t\t\t\t\t<\/ul>\n\t<\/div>\n\n\t\t\n\n\n<\/section>\n\n\t\n\t\n\t\n\t\n\t\n\n<section \n\tclass=\"ams-info-graph  c-block l-stacked  \"\n\tdata-color-scheme=\"\">\n\t<div\n\t\tclass=\"l-stack l-stack-fluid-2xl u-pt-fluid-3xl-6xl u-pb-fluid-3xl-6xl is-center is-center@md\">\n\t\t\n\t\t\n\t\t<ul class=\"ams-info-graph__list l-grid u-justify-start\">\n\t\t\t\t\t\t\t\t\t\n\t\t\t\t\t\t\t<li \n\t\t\t\t\tdata-color-scheme=\"\"\n\t\t\t\t\tdata-color-scheme-mobile=\"\"\n\t\t\t\t\tclass=\"c-ig c-ig--graph l-col-6@md\">\n\n\t\t\t\t\t\t\t\t\t\t\t\t\t\t<h2 class=\"c-ig__title u-font-title-3\">\n\t\t\t\t\t\t\tStimulerande l\u00e4rmilj\u00f6\n\t\t\t\t\t\t<\/h2>\n\t\n\t\n\t\n\t\t\t<div class=\"c-ig__text l-stack-xs u-font-body\">\n\t\t\t<p><strong>Inomhusmilj\u00f6n p\u00e5 mitt barns f\u00f6rskola stimulerar till lek och l\u00e4rande<\/strong><\/p>\n\n\t\t<\/div>\n\t\n\t\t\t<div\n\t\t\tclass=\"c-ig__graph\"\n\t\t\tdata-type=\"bar\"\n\t\t\tdata-show-legend=\"1\"\n\t\t\tdata-ispercent=\"\"\n\t\t\tdata-y-axis-range=\"eyJtaW4iOiIwIiwibWF4IjoiMTAwIn0=\"\n\t\t\tdata-items-config=\"W3siY29sb3IiOiIjZmZhMDMyIiwibGFiZWwiOiIyMDI0In0seyJjb2xvciI6IiNmZmM4MjgiLCJsYWJlbCI6IjIwMjUifSx7ImNvbG9yIjoiI2ZmYTAzMiIsImxhYmVsIjoiMjAyNiJ9XQ==\"\n\t\t\tdata-items=\"W3sibGFiZWwiOiIiLCJ2YWx1ZXMiOlt7InZhbHVlIjoiNjcifSx7InZhbHVlIjoiOTQifSx7InZhbHVlIjoiOTEifV19XQ==\"\n\t\t\tdata-color-legend=\"var(--ig-text-color)\"\n\t\t\tdata-css-font=\"var(--ig-font-family)\"\n\t\t><\/div>\n\t\n\t\t\t\t\t\n\t\t\t\t<\/li>\n\t\t\t\t\t\t\t<li \n\t\t\t\t\tdata-color-scheme=\"\"\n\t\t\t\t\tdata-color-scheme-mobile=\"\"\n\t\t\t\t\tclass=\"c-ig c-ig--graph l-col-6@md\">\n\n\t\t\t\t\t\t\t\t\t\t\t\t\t\t<h2 class=\"c-ig__title u-font-title-3\">\n\t\t\t\t\t\t\tPedagogerna bidrar\n\t\t\t\t\t\t<\/h2>\n\t\n\t\n\t\n\t\t\t<div class=\"c-ig__text l-stack-xs u-font-body\">\n\t\t\t<p><strong>Pedagogerna bidrar positivt till mitt barns inl\u00e4rning och utveckling<\/strong><\/p>\n\n\t\t<\/div>\n\t\n\t\t\t<div\n\t\t\tclass=\"c-ig__graph\"\n\t\t\tdata-type=\"bar\"\n\t\t\tdata-show-legend=\"1\"\n\t\t\tdata-ispercent=\"\"\n\t\t\tdata-y-axis-range=\"eyJtaW4iOiIwIiwibWF4IjoiMTAwIn0=\"\n\t\t\tdata-items-config=\"W3siY29sb3IiOiIjNzM0OWU2IiwibGFiZWwiOiIyMDI0In0seyJjb2xvciI6IiNhMzYzZTIiLCJsYWJlbCI6IjIwMjUifSx7ImNvbG9yIjoiIzczNDllNiIsImxhYmVsIjoiMjAyNiJ9XQ==\"\n\t\t\tdata-items=\"W3sibGFiZWwiOiIiLCJ2YWx1ZXMiOlt7InZhbHVlIjoiNTYifSx7InZhbHVlIjoiOTAifSx7InZhbHVlIjoiOTMifV19XQ==\"\n\t\t\tdata-color-legend=\"var(--ig-text-color)\"\n\t\t\tdata-css-font=\"var(--ig-font-family)\"\n\t\t><\/div>\n\t\n\t\t\t\t\t\n\t\t\t\t<\/li>\n\t\t\t\t\t<\/ul>\n\t<\/div>\n\n\t\t\n\n\n<\/section>\n\n\t\n\t\n\t\n\t\n\t","protected":false},"excerpt":{"rendered":"<p>V\u00e5rdnadshavarunders\u00f6kning: S\u00e5 utvecklar vi f\u00f6rskolan M\u00e4larh\u00f6jdsparken med hj\u00e4lp av v\u00e5rdnadshavarnas \u00e5terkoppling Vad visar \u00e5rets sammanst\u00e4llning av f\u00f6rskolan M\u00e4larh\u00f6jdsparken? Vi \u00e4r v\u00e4ldigt stolta \u00f6ver \u00e5rets resultat! Det visar att v\u00e5rt arbete med utomhuspedagogik, h\u00e4lsa, h\u00e5llbarhet och r\u00f6relse har gjort skillnad. Under \u00e5ret har vi satsat p\u00e5 v\u00e5r nya profil, d\u00e4r vi kombinerar utomhuspedagogik med en medveten&#8230;<\/p>\n","protected":false},"author":3,"featured_media":0,"parent":0,"menu_order":0,"comment_status":"closed","ping_status":"closed","template":"","meta":{"footnotes":""},"yoast_head":"<!-- This site is optimized with the Yoast SEO plugin v22.0 - https:\/\/yoast.com\/wordpress\/plugins\/seo\/ -->\n<title>Resultat iv\u00e5rdnadshavarunders\u00f6kning p\u00e5 F\u00f6rskolan M\u00e4larh\u00f6jdsparken<\/title>\n<meta name=\"description\" content=\"Resultatet ligger till grund f\u00f6r f\u00f6rskolans utvecklingsarbete. L\u00e4s mer om \u00e5rets resultat p\u00e5 M\u00e4larh\u00f6jdsparken h\u00e4r.\" \/>\n<meta name=\"robots\" content=\"index, follow, max-snippet:-1, max-image-preview:large, max-video-preview:-1\" \/>\n<link rel=\"canonical\" href=\"https:\/\/pysslingen.se\/malarhojdsparken\/resultat\/\" \/>\n<meta property=\"og:locale\" content=\"sv_SE\" \/>\n<meta property=\"og:type\" content=\"article\" \/>\n<meta property=\"og:title\" content=\"Resultat iv\u00e5rdnadshavarunders\u00f6kning p\u00e5 F\u00f6rskolan M\u00e4larh\u00f6jdsparken\" \/>\n<meta property=\"og:description\" content=\"Resultatet ligger till grund f\u00f6r f\u00f6rskolans utvecklingsarbete. L\u00e4s mer om \u00e5rets resultat p\u00e5 M\u00e4larh\u00f6jdsparken h\u00e4r.\" \/>\n<meta property=\"og:url\" content=\"https:\/\/pysslingen.se\/malarhojdsparken\/resultat\/\" \/>\n<meta property=\"og:site_name\" content=\"M\u00e4larh\u00f6jdsparken\" \/>\n<meta property=\"article:modified_time\" content=\"2026-03-16T15:32:07+00:00\" \/>\n<meta name=\"twitter:card\" content=\"summary_large_image\" \/>\n<meta name=\"twitter:title\" content=\"Resultat iv\u00e5rdnadshavarunders\u00f6kning p\u00e5 F\u00f6rskolan M\u00e4larh\u00f6jdsparken\" \/>\n<meta name=\"twitter:description\" content=\"Resultatet ligger till grund f\u00f6r f\u00f6rskolans utvecklingsarbete. L\u00e4s mer om \u00e5rets resultat p\u00e5 M\u00e4larh\u00f6jdsparken h\u00e4r.\" \/>\n<meta name=\"twitter:label1\" content=\"Ber\u00e4knad l\u00e4stid\" \/>\n\t<meta name=\"twitter:data1\" content=\"2 minuter\" \/>\n<script type=\"application\/ld+json\" class=\"yoast-schema-graph\">{\"@context\":\"https:\/\/schema.org\",\"@graph\":[{\"@type\":\"WebPage\",\"@id\":\"https:\/\/pysslingen.se\/malarhojdsparken\/resultat\/\",\"url\":\"https:\/\/pysslingen.se\/malarhojdsparken\/resultat\/\",\"name\":\"Resultat iv\u00e5rdnadshavarunders\u00f6kning p\u00e5 F\u00f6rskolan M\u00e4larh\u00f6jdsparken\",\"isPartOf\":{\"@id\":\"https:\/\/pysslingen.se\/malarhojdsparken\/#website\"},\"datePublished\":\"2020-09-29T09:21:48+00:00\",\"dateModified\":\"2026-03-16T15:32:07+00:00\",\"description\":\"Resultatet ligger till grund f\u00f6r f\u00f6rskolans utvecklingsarbete. L\u00e4s mer om \u00e5rets resultat p\u00e5 M\u00e4larh\u00f6jdsparken h\u00e4r.\",\"breadcrumb\":{\"@id\":\"https:\/\/pysslingen.se\/malarhojdsparken\/resultat\/#breadcrumb\"},\"inLanguage\":\"sv-SE\",\"potentialAction\":[{\"@type\":\"ReadAction\",\"target\":[\"https:\/\/pysslingen.se\/malarhojdsparken\/resultat\/\"]}]},{\"@type\":\"BreadcrumbList\",\"@id\":\"https:\/\/pysslingen.se\/malarhojdsparken\/resultat\/#breadcrumb\",\"itemListElement\":[{\"@type\":\"ListItem\",\"position\":1,\"name\":\"Start\",\"item\":\"https:\/\/pysslingen.se\/malarhojdsparken\/\"},{\"@type\":\"ListItem\",\"position\":2,\"name\":\"Resultat\"}]},{\"@type\":\"WebSite\",\"@id\":\"https:\/\/pysslingen.se\/malarhojdsparken\/#website\",\"url\":\"https:\/\/pysslingen.se\/malarhojdsparken\/\",\"name\":\"M\u00e4larh\u00f6jdsparken\",\"description\":\"En trygg och stimulerande v\u00e4rld\",\"publisher\":{\"@id\":\"https:\/\/pysslingen.se\/malarhojdsparken\/#organization\"},\"potentialAction\":[{\"@type\":\"SearchAction\",\"target\":{\"@type\":\"EntryPoint\",\"urlTemplate\":\"https:\/\/pysslingen.se\/malarhojdsparken\/?s={search_term_string}\"},\"query-input\":\"required name=search_term_string\"}],\"inLanguage\":\"sv-SE\"},{\"@type\":\"Organization\",\"@id\":\"https:\/\/pysslingen.se\/malarhojdsparken\/#organization\",\"name\":\"Pysslingen F\u00f6rskolor\",\"url\":\"https:\/\/pysslingen.se\/malarhojdsparken\/\",\"logo\":{\"@type\":\"ImageObject\",\"inLanguage\":\"sv-SE\",\"@id\":\"https:\/\/pysslingen.se\/malarhojdsparken\/#\/schema\/logo\/image\/\",\"url\":\"https:\/\/pysslingen.se\/wp-content\/uploads\/2021\/05\/pysslingen-forskolor.png\",\"contentUrl\":\"https:\/\/pysslingen.se\/wp-content\/uploads\/2021\/05\/pysslingen-forskolor.png\",\"width\":1120,\"height\":630,\"caption\":\"Pysslingen F\u00f6rskolor\"},\"image\":{\"@id\":\"https:\/\/pysslingen.se\/malarhojdsparken\/#\/schema\/logo\/image\/\"}}]}<\/script>\n<!-- \/ Yoast SEO plugin. -->","yoast_head_json":{"title":"Resultat iv\u00e5rdnadshavarunders\u00f6kning p\u00e5 F\u00f6rskolan M\u00e4larh\u00f6jdsparken","description":"Resultatet ligger till grund f\u00f6r f\u00f6rskolans utvecklingsarbete. L\u00e4s mer om \u00e5rets resultat p\u00e5 M\u00e4larh\u00f6jdsparken h\u00e4r.","robots":{"index":"index","follow":"follow","max-snippet":"max-snippet:-1","max-image-preview":"max-image-preview:large","max-video-preview":"max-video-preview:-1"},"canonical":"https:\/\/pysslingen.se\/malarhojdsparken\/resultat\/","og_locale":"sv_SE","og_type":"article","og_title":"Resultat iv\u00e5rdnadshavarunders\u00f6kning p\u00e5 F\u00f6rskolan M\u00e4larh\u00f6jdsparken","og_description":"Resultatet ligger till grund f\u00f6r f\u00f6rskolans utvecklingsarbete. L\u00e4s mer om \u00e5rets resultat p\u00e5 M\u00e4larh\u00f6jdsparken h\u00e4r.","og_url":"https:\/\/pysslingen.se\/malarhojdsparken\/resultat\/","og_site_name":"M\u00e4larh\u00f6jdsparken","article_modified_time":"2026-03-16T15:32:07+00:00","twitter_card":"summary_large_image","twitter_title":"Resultat iv\u00e5rdnadshavarunders\u00f6kning p\u00e5 F\u00f6rskolan M\u00e4larh\u00f6jdsparken","twitter_description":"Resultatet ligger till grund f\u00f6r f\u00f6rskolans utvecklingsarbete. L\u00e4s mer om \u00e5rets resultat p\u00e5 M\u00e4larh\u00f6jdsparken h\u00e4r.","twitter_misc":{"Ber\u00e4knad l\u00e4stid":"2 minuter"},"schema":{"@context":"https:\/\/schema.org","@graph":[{"@type":"WebPage","@id":"https:\/\/pysslingen.se\/malarhojdsparken\/resultat\/","url":"https:\/\/pysslingen.se\/malarhojdsparken\/resultat\/","name":"Resultat iv\u00e5rdnadshavarunders\u00f6kning p\u00e5 F\u00f6rskolan M\u00e4larh\u00f6jdsparken","isPartOf":{"@id":"https:\/\/pysslingen.se\/malarhojdsparken\/#website"},"datePublished":"2020-09-29T09:21:48+00:00","dateModified":"2026-03-16T15:32:07+00:00","description":"Resultatet ligger till grund f\u00f6r f\u00f6rskolans utvecklingsarbete. L\u00e4s mer om \u00e5rets resultat p\u00e5 M\u00e4larh\u00f6jdsparken h\u00e4r.","breadcrumb":{"@id":"https:\/\/pysslingen.se\/malarhojdsparken\/resultat\/#breadcrumb"},"inLanguage":"sv-SE","potentialAction":[{"@type":"ReadAction","target":["https:\/\/pysslingen.se\/malarhojdsparken\/resultat\/"]}]},{"@type":"BreadcrumbList","@id":"https:\/\/pysslingen.se\/malarhojdsparken\/resultat\/#breadcrumb","itemListElement":[{"@type":"ListItem","position":1,"name":"Start","item":"https:\/\/pysslingen.se\/malarhojdsparken\/"},{"@type":"ListItem","position":2,"name":"Resultat"}]},{"@type":"WebSite","@id":"https:\/\/pysslingen.se\/malarhojdsparken\/#website","url":"https:\/\/pysslingen.se\/malarhojdsparken\/","name":"M\u00e4larh\u00f6jdsparken","description":"En trygg och stimulerande v\u00e4rld","publisher":{"@id":"https:\/\/pysslingen.se\/malarhojdsparken\/#organization"},"potentialAction":[{"@type":"SearchAction","target":{"@type":"EntryPoint","urlTemplate":"https:\/\/pysslingen.se\/malarhojdsparken\/?s={search_term_string}"},"query-input":"required name=search_term_string"}],"inLanguage":"sv-SE"},{"@type":"Organization","@id":"https:\/\/pysslingen.se\/malarhojdsparken\/#organization","name":"Pysslingen F\u00f6rskolor","url":"https:\/\/pysslingen.se\/malarhojdsparken\/","logo":{"@type":"ImageObject","inLanguage":"sv-SE","@id":"https:\/\/pysslingen.se\/malarhojdsparken\/#\/schema\/logo\/image\/","url":"https:\/\/pysslingen.se\/wp-content\/uploads\/2021\/05\/pysslingen-forskolor.png","contentUrl":"https:\/\/pysslingen.se\/wp-content\/uploads\/2021\/05\/pysslingen-forskolor.png","width":1120,"height":630,"caption":"Pysslingen F\u00f6rskolor"},"image":{"@id":"https:\/\/pysslingen.se\/malarhojdsparken\/#\/schema\/logo\/image\/"}}]}},"_links":{"self":[{"href":"https:\/\/pysslingen.se\/malarhojdsparken\/wp-json\/wp\/v2\/pages\/29"}],"collection":[{"href":"https:\/\/pysslingen.se\/malarhojdsparken\/wp-json\/wp\/v2\/pages"}],"about":[{"href":"https:\/\/pysslingen.se\/malarhojdsparken\/wp-json\/wp\/v2\/types\/page"}],"author":[{"embeddable":true,"href":"https:\/\/pysslingen.se\/malarhojdsparken\/wp-json\/wp\/v2\/users\/3"}],"replies":[{"embeddable":true,"href":"https:\/\/pysslingen.se\/malarhojdsparken\/wp-json\/wp\/v2\/comments?post=29"}],"version-history":[{"count":10,"href":"https:\/\/pysslingen.se\/malarhojdsparken\/wp-json\/wp\/v2\/pages\/29\/revisions"}],"predecessor-version":[{"id":1913,"href":"https:\/\/pysslingen.se\/malarhojdsparken\/wp-json\/wp\/v2\/pages\/29\/revisions\/1913"}],"wp:attachment":[{"href":"https:\/\/pysslingen.se\/malarhojdsparken\/wp-json\/wp\/v2\/media?parent=29"}],"curies":[{"name":"wp","href":"https:\/\/api.w.org\/{rel}","templated":true}]}}