{"id":1654,"date":"2025-12-15T08:07:47","date_gmt":"2025-12-15T07:07:47","guid":{"rendered":"https:\/\/pysslingen.se\/lyckan\/?page_id=1654"},"modified":"2025-12-15T08:07:48","modified_gmt":"2025-12-15T07:07:48","slug":"intervju","status":"publish","type":"page","link":"https:\/\/pysslingen.se\/lyckan\/intervju\/","title":{"rendered":"Intervju"},"content":{"rendered":"\n<h1 class=\"wp-block-heading\">M\u00f6t v\u00e5ra medarbetare p\u00e5 f\u00f6rskolan<\/h1>\n\n\n\n<p>P\u00e5 v\u00e5r f\u00f6rskola arbetar engagerade pedagoger och medarbetare som varje dag skapar en trygg och l\u00e4rande milj\u00f6 f\u00f6r barnen. H\u00e4r kan du l\u00e4sa intervjuer med v\u00e5ra pedagoger och f\u00e5 en tydligare bild av hur vi arbetar i verksamheten.<\/p>\n\n\n\n\n\n<section  class=\"ams-testimonial testimonial_module c-block l-stacked js-load-more\" data-color-scheme=\"testimonials\" data-count=\"3\" data-count-mobile=\"2\">\n\t<div class=\"l-container l-stack l-stack-fluid-2xl u-pt-fluid-3xl-6xl u-pb-fluid-3xl-6xl is-center is-center@md\">\n\t\t\t\t\t<div class=\"ams-testimonial__intro l-stack l-stack-lg\">\n\t\t\t\t\t\n\t<h2\n\tclass=\"c-heading u-font-title-1 \"\n\tstyle=\"\">\n\t\t\n\t\t\t\t\tL\u00e4r k\u00e4nna Rebecca p\u00e5 Lyckan\n\t\t\t\t\n\t<\/h2>\n\n\t\t\t\t\t\t\t<\/div>\n\t\t\n\t\t\n\t\n\t\t\n\t\t\t\n<ul\n\tid=\"ams-testimonial-list-69e7c5abe2d12\"\n\tclass=\"ams-testimonial__list  l-grid u-gap-fluid-2xl-4xl js-results \"\n\tdata-filter-animation=\"off\">\n\t\t\t\t\t\t\t\t\t\t\t\n\t\t\n\t\t\n\t\t<li class=\"l-col-6@md \" data-filter=\" november-2020\">\n\t\t\t<article class=\"c-card has-media-zoom \" data-variant=\"inside-half\" data-click-area>\n\t\t\t\t<div class=\"c-card__content l-stack l-stack-sm is-left is-left@md\">\n\t\t\t\t\t\t\t\t\t\t\t<blockquote class=\"c-card__title u-font-title-3\">\n\t\t\t\t\t\t\t\t\t\t\t\t\t\t\t<p class=\"u-quote-marks\"><a href=\"https:\/\/pysslingen.se\/lyckan\/intervju\/rebecca-lagarvik\/\" class=\"link\">Jag tror att barnen p\u00e5 Lyckan kommer k\u00e4nna r\u00f6relsegl\u00e4dje hela livet&#8230;<\/a><\/p>\n\t\t\t\t\t\t\t\t\t\t\t\t\t<\/blockquote>\n\t\t\t\t\t\n\t\t\t\t\t\t\t\t\t\t\t<p class=\"c-card__text l-stack-grow u-divider-top u-font-body\">\n\t\t\t\t\t\t\t<span class=\"author u-mr-fluid-lg\">Rebecca L\u00e4gervik<\/span>\n\t\t\t\t\t\t\t<span class=\"title u-mr-fluid-lg\">Barnsk\u00f6tare p\u00e5 Lyckan<\/span>\n\t\t\t\t\t\t<\/p>\n\t\t\t\t\t\n\t\t\t\t\t<div class=\"c-card__icon\">\n\t\t\t\t\t\t<svg class=\"ams-icon ams-icon--arrow-right\" width=\"32\" height=\"32\" viewBox=\"0 0 32 32\" fill=\"currentColor\" aria-hidden=\"true\" xmlns=\"http:\/\/www.w3.org\/2000\/svg\">\n\t\t\t\t\t\t\t<path d=\"M15.4617 0.252159L14.9567 0.75931C14.6219 1.09545 14.6219 1.64048 14.9567 1.97669L27.7062 14.7806H0.857144C0.383786 14.7806 0 15.166 0 15.6414V16.3587C0 16.8341 0.383786 17.2195 0.857144 17.2195H27.7062L14.9567 30.0234C14.6219 30.3595 14.6219 30.9045 14.9567 31.2407L15.4617 31.7479C15.7964 32.084 16.3392 32.084 16.6739 31.7479L31.749 16.6087C32.0837 16.2725 32.0837 15.7275 31.749 15.3913L16.6739 0.252159C16.3392 -0.084053 15.7964 -0.084053 15.4617 0.252159Z\"\/>\n\t\t\t\t\t\t<\/svg>\n\t\t\t\t\t<\/div>\n\t\t\t\t<\/div>\n\t\t\t\t<div class=\"c-card__media\" style=\" \">\n\t\t\t\t\t<img decoding=\"async\" width=\"600\" height=\"739\" src=\"https:\/\/pysslingen.se\/wp-content\/uploads\/sites\/83\/2020\/11\/rebeccalagarvik-600x739.png\" class=\"attachment-md size-md\" alt=\"Rebecca sitter framf\u00f6r f\u00f6rskolans g\u00e5rd och ler in i kameran.\" sizes=\"(min-width: 80em) 600px, (min-width: 48em) calc(.50 * (100vw - 240px)), calc(100vw - 160px)\" srcset=\"https:\/\/pysslingen.se\/wp-content\/uploads\/sites\/83\/2020\/11\/rebeccalagarvik-600x739.png 600w, https:\/\/pysslingen.se\/wp-content\/uploads\/sites\/83\/2020\/11\/rebeccalagarvik-300x369.png 300w, https:\/\/pysslingen.se\/wp-content\/uploads\/sites\/83\/2020\/11\/rebeccalagarvik-400x493.png 400w, https:\/\/pysslingen.se\/wp-content\/uploads\/sites\/83\/2020\/11\/rebeccalagarvik-800x985.png 800w, https:\/\/pysslingen.se\/wp-content\/uploads\/sites\/83\/2020\/11\/rebeccalagarvik.png 934w\" \/>\n\t\t\t\t<\/div>\n\t\t\t<\/article>\n\t\t<\/li>\n\t<\/ul>\n\t\n\t<div class=\"no-results u-mt-0 u-hide\" data-filter-fallback-id=\"ams-testimonial-list-69e7c5abe2d12\">\n\t<p>Det finns inga resultat som matchar din filtrering.<\/p>\n<\/div>\n\n\t\n\n\t\t\n\t\t\t<\/div>\n\n\t\t\n\n<\/section>\n","protected":false},"excerpt":{"rendered":"<p>M\u00f6t v\u00e5ra medarbetare p\u00e5 f\u00f6rskolan P\u00e5 v\u00e5r f\u00f6rskola arbetar engagerade pedagoger och medarbetare som varje dag skapar en trygg och l\u00e4rande milj\u00f6 f\u00f6r barnen. H\u00e4r kan du l\u00e4sa intervjuer med v\u00e5ra pedagoger och f\u00e5 en tydligare bild av hur vi arbetar i verksamheten.<\/p>\n","protected":false},"author":99,"featured_media":0,"parent":0,"menu_order":0,"comment_status":"closed","ping_status":"closed","template":"","meta":{"footnotes":""},"yoast_head":"<!-- This site is optimized with the Yoast SEO plugin v22.0 - https:\/\/yoast.com\/wordpress\/plugins\/seo\/ -->\n<title>Lyckan<\/title>\n<meta name=\"robots\" content=\"index, follow, max-snippet:-1, max-image-preview:large, max-video-preview:-1\" \/>\n<link rel=\"canonical\" href=\"https:\/\/pysslingen.se\/lyckan\/intervju\/\" \/>\n<meta property=\"og:locale\" content=\"sv_SE\" \/>\n<meta property=\"og:type\" content=\"article\" \/>\n<meta property=\"og:url\" content=\"https:\/\/pysslingen.se\/lyckan\/intervju\/\" \/>\n<meta property=\"og:site_name\" content=\"Lyckan\" \/>\n<meta property=\"article:modified_time\" content=\"2025-12-15T07:07:48+00:00\" \/>\n<meta name=\"twitter:card\" content=\"summary_large_image\" \/>\n<meta name=\"twitter:label1\" content=\"Ber\u00e4knad l\u00e4stid\" \/>\n\t<meta name=\"twitter:data1\" content=\"1 minut\" \/>\n<script type=\"application\/ld+json\" class=\"yoast-schema-graph\">{\"@context\":\"https:\/\/schema.org\",\"@graph\":[{\"@type\":\"WebPage\",\"@id\":\"https:\/\/pysslingen.se\/lyckan\/intervju\/\",\"url\":\"https:\/\/pysslingen.se\/lyckan\/intervju\/\",\"name\":\"Intervju - Lyckan\",\"isPartOf\":{\"@id\":\"https:\/\/pysslingen.se\/lyckan\/#website\"},\"datePublished\":\"2025-12-15T07:07:47+00:00\",\"dateModified\":\"2025-12-15T07:07:48+00:00\",\"breadcrumb\":{\"@id\":\"https:\/\/pysslingen.se\/lyckan\/intervju\/#breadcrumb\"},\"inLanguage\":\"sv-SE\",\"potentialAction\":[{\"@type\":\"ReadAction\",\"target\":[\"https:\/\/pysslingen.se\/lyckan\/intervju\/\"]}]},{\"@type\":\"BreadcrumbList\",\"@id\":\"https:\/\/pysslingen.se\/lyckan\/intervju\/#breadcrumb\",\"itemListElement\":[{\"@type\":\"ListItem\",\"position\":1,\"name\":\"Start\",\"item\":\"https:\/\/pysslingen.se\/lyckan\/\"},{\"@type\":\"ListItem\",\"position\":2,\"name\":\"Intervju\"}]},{\"@type\":\"WebSite\",\"@id\":\"https:\/\/pysslingen.se\/lyckan\/#website\",\"url\":\"https:\/\/pysslingen.se\/lyckan\/\",\"name\":\"Lyckan\",\"description\":\"En trygg och stimulerande v\u00e4rld\",\"publisher\":{\"@id\":\"https:\/\/pysslingen.se\/lyckan\/#organization\"},\"potentialAction\":[{\"@type\":\"SearchAction\",\"target\":{\"@type\":\"EntryPoint\",\"urlTemplate\":\"https:\/\/pysslingen.se\/lyckan\/?s={search_term_string}\"},\"query-input\":\"required name=search_term_string\"}],\"inLanguage\":\"sv-SE\"},{\"@type\":\"Organization\",\"@id\":\"https:\/\/pysslingen.se\/lyckan\/#organization\",\"name\":\"Pysslingen F\u00f6rskolor\",\"url\":\"https:\/\/pysslingen.se\/lyckan\/\",\"logo\":{\"@type\":\"ImageObject\",\"inLanguage\":\"sv-SE\",\"@id\":\"https:\/\/pysslingen.se\/lyckan\/#\/schema\/logo\/image\/\",\"url\":\"https:\/\/pysslingen.se\/wp-content\/uploads\/2021\/05\/pysslingen-forskolor.png\",\"contentUrl\":\"https:\/\/pysslingen.se\/wp-content\/uploads\/2021\/05\/pysslingen-forskolor.png\",\"width\":1120,\"height\":630,\"caption\":\"Pysslingen F\u00f6rskolor\"},\"image\":{\"@id\":\"https:\/\/pysslingen.se\/lyckan\/#\/schema\/logo\/image\/\"}}]}<\/script>\n<!-- \/ Yoast SEO plugin. -->","yoast_head_json":{"title":"Lyckan","robots":{"index":"index","follow":"follow","max-snippet":"max-snippet:-1","max-image-preview":"max-image-preview:large","max-video-preview":"max-video-preview:-1"},"canonical":"https:\/\/pysslingen.se\/lyckan\/intervju\/","og_locale":"sv_SE","og_type":"article","og_url":"https:\/\/pysslingen.se\/lyckan\/intervju\/","og_site_name":"Lyckan","article_modified_time":"2025-12-15T07:07:48+00:00","twitter_card":"summary_large_image","twitter_misc":{"Ber\u00e4knad l\u00e4stid":"1 minut"},"schema":{"@context":"https:\/\/schema.org","@graph":[{"@type":"WebPage","@id":"https:\/\/pysslingen.se\/lyckan\/intervju\/","url":"https:\/\/pysslingen.se\/lyckan\/intervju\/","name":"Intervju - Lyckan","isPartOf":{"@id":"https:\/\/pysslingen.se\/lyckan\/#website"},"datePublished":"2025-12-15T07:07:47+00:00","dateModified":"2025-12-15T07:07:48+00:00","breadcrumb":{"@id":"https:\/\/pysslingen.se\/lyckan\/intervju\/#breadcrumb"},"inLanguage":"sv-SE","potentialAction":[{"@type":"ReadAction","target":["https:\/\/pysslingen.se\/lyckan\/intervju\/"]}]},{"@type":"BreadcrumbList","@id":"https:\/\/pysslingen.se\/lyckan\/intervju\/#breadcrumb","itemListElement":[{"@type":"ListItem","position":1,"name":"Start","item":"https:\/\/pysslingen.se\/lyckan\/"},{"@type":"ListItem","position":2,"name":"Intervju"}]},{"@type":"WebSite","@id":"https:\/\/pysslingen.se\/lyckan\/#website","url":"https:\/\/pysslingen.se\/lyckan\/","name":"Lyckan","description":"En trygg och stimulerande v\u00e4rld","publisher":{"@id":"https:\/\/pysslingen.se\/lyckan\/#organization"},"potentialAction":[{"@type":"SearchAction","target":{"@type":"EntryPoint","urlTemplate":"https:\/\/pysslingen.se\/lyckan\/?s={search_term_string}"},"query-input":"required name=search_term_string"}],"inLanguage":"sv-SE"},{"@type":"Organization","@id":"https:\/\/pysslingen.se\/lyckan\/#organization","name":"Pysslingen F\u00f6rskolor","url":"https:\/\/pysslingen.se\/lyckan\/","logo":{"@type":"ImageObject","inLanguage":"sv-SE","@id":"https:\/\/pysslingen.se\/lyckan\/#\/schema\/logo\/image\/","url":"https:\/\/pysslingen.se\/wp-content\/uploads\/2021\/05\/pysslingen-forskolor.png","contentUrl":"https:\/\/pysslingen.se\/wp-content\/uploads\/2021\/05\/pysslingen-forskolor.png","width":1120,"height":630,"caption":"Pysslingen F\u00f6rskolor"},"image":{"@id":"https:\/\/pysslingen.se\/lyckan\/#\/schema\/logo\/image\/"}}]}},"_links":{"self":[{"href":"https:\/\/pysslingen.se\/lyckan\/wp-json\/wp\/v2\/pages\/1654"}],"collection":[{"href":"https:\/\/pysslingen.se\/lyckan\/wp-json\/wp\/v2\/pages"}],"about":[{"href":"https:\/\/pysslingen.se\/lyckan\/wp-json\/wp\/v2\/types\/page"}],"author":[{"embeddable":true,"href":"https:\/\/pysslingen.se\/lyckan\/wp-json\/wp\/v2\/users\/99"}],"replies":[{"embeddable":true,"href":"https:\/\/pysslingen.se\/lyckan\/wp-json\/wp\/v2\/comments?post=1654"}],"version-history":[{"count":2,"href":"https:\/\/pysslingen.se\/lyckan\/wp-json\/wp\/v2\/pages\/1654\/revisions"}],"predecessor-version":[{"id":1656,"href":"https:\/\/pysslingen.se\/lyckan\/wp-json\/wp\/v2\/pages\/1654\/revisions\/1656"}],"wp:attachment":[{"href":"https:\/\/pysslingen.se\/lyckan\/wp-json\/wp\/v2\/media?parent=1654"}],"curies":[{"name":"wp","href":"https:\/\/api.w.org\/{rel}","templated":true}]}}