{"id":461,"date":"2020-10-16T12:33:05","date_gmt":"2020-10-16T12:33:05","guid":{"rendered":"https:\/\/pysslingen.se\/landborgen\/?page_id=461"},"modified":"2026-04-01T11:26:29","modified_gmt":"2026-04-01T09:26:29","slug":"besok-oss","status":"publish","type":"page","link":"https:\/\/pysslingen.se\/landborgen\/besok-oss\/","title":{"rendered":"Bes\u00f6k oss"},"content":{"rendered":"\n\t\n\t\n\t\n\n\t\n\t\n\t\t\n<section  class=\"c-block l-stacked  \" data-color-scheme=\"\">\n\t<div class=\"ams-fifty ams-fifty--container ams-fifty--right ams-fifty--bottom l-container u-pt-fluid-3xl-6xl u-pb-fluid-md-xl\">\n\t\t<div class=\"ams-fifty__content l-stack l-stack-xl is-left is-left@lg\">\n\t\t\t<div class=\"ams-fifty__text l-stack l-stack-lg\">\n\t\t\t\t\t\n\t<h1\n\tclass=\"c-heading u-font-title-1 \"\n\tstyle=\"\">\n\t\t\n\t\t\t\t\tBes\u00f6k oss p\u00e5 f\u00f6rskolan Landborgen!\n\t\t\t\t\n\t<\/h1>\n\n\t\t\t\t\t\t\t\t\t<div class=\"text l-stack u-font-body\">\n\t\t\t\t\t\t<p><!-- wp:paragraph --><\/p>\n<p>\u00c4r du nyfiken p\u00e5 v\u00e5r f\u00f6rskola och vill boka in en visning? Under ett bes\u00f6k p\u00e5 f\u00f6rskolan f\u00e5r du m\u00f6jlighet att se v\u00e5ra lokaler och v\u00e5ra l\u00e4rmilj\u00f6er, tr\u00e4ffa v\u00e5ra pedagoger och h\u00f6ra mer om hur vi jobbar.<\/p>\n<p>Vi ser fram emot att tr\u00e4ffa dig\/er!<\/p>\n<p><!-- \/wp:paragraph --><\/p>\n\n\t\t\t\t\t<\/div>\n\t\t\t\t\t\t\t<\/div>\n\n\t\t\t\t<div class=\"ams-fifty__action u-inline-items\">\n\t\t\t\t\t\t\t\n\n\n<a href=\"https:\/\/pysslingen.se\/Landborgen\/besok-oss\/#minipyss\"\n\t\n\tclass=\"c-btn \"\n\tdata-style=\"rounded\"\n\tdata-size=\"md\"\n\tdata-width=\"full-mobile\"\n\tdata-variant=\"default\"\n\ttarget=\"_self\">\n\t\t\t<span class=\"label\"> Bes\u00f6k MiniPyss<\/span>\n\t\t\t<\/a>\n\t\t\t\t\t\t\t\n\n\n<a href=\"https:\/\/pysslingen.se\/Landborgen\/kontakt\/\"\n\t\n\tclass=\"c-btn \"\n\tdata-style=\"rounded\"\n\tdata-size=\"md\"\n\tdata-width=\"full-mobile\"\n\tdata-variant=\"outline\"\n\ttarget=\"_self\">\n\t\t\t<span class=\"label\"> Kontakta oss<\/span>\n\t\t\t<\/a>\n\t\t\t<\/div>\n\t\t<\/div>\n\n\t\t <div class=\"ams-fifty__media u-ratio-landscape\">\n\t\t \t\t\t\t\t<img decoding=\"async\" width=\"600\" height=\"400\" src=\"https:\/\/pysslingen.se\/wp-content\/uploads\/sites\/101\/2025\/11\/dsc6453-3-600x400.jpg\" class=\"attachment-md size-md\" alt=\"L\u00e4rmilj\u00f6 p\u00e5 Landborgens f\u00f6rskola.\" sizes=\"(min-width: 64em) 600px, calc(100vw - 160px)\" srcset=\"https:\/\/pysslingen.se\/wp-content\/uploads\/sites\/101\/2025\/11\/dsc6453-3-600x400.jpg 600w, https:\/\/pysslingen.se\/wp-content\/uploads\/sites\/101\/2025\/11\/dsc6453-3-300x200.jpg 300w, https:\/\/pysslingen.se\/wp-content\/uploads\/sites\/101\/2025\/11\/dsc6453-3-400x267.jpg 400w, https:\/\/pysslingen.se\/wp-content\/uploads\/sites\/101\/2025\/11\/dsc6453-3-800x533.jpg 800w, https:\/\/pysslingen.se\/wp-content\/uploads\/sites\/101\/2025\/11\/dsc6453-3-1024x683.jpg 1024w, https:\/\/pysslingen.se\/wp-content\/uploads\/sites\/101\/2025\/11\/dsc6453-3-1200x800.jpg 1200w\" \/>\n\t\t\t\n\t\t\t\n\t\t\t\t\t<\/div>\n\t<\/div>\n\n\t\t\n\n<\/section>\n\n\n\n\t\n\t\n\t\n\n\t\n\t\n\t\t\n<section  class=\"c-block l-stacked  \" data-color-scheme=\"nyans2_av_p2-card-bakgrund-hover-standard_standard\">\n\t<div class=\"ams-fifty ams-fifty--container ams-fifty--left ams-fifty--bottom l-container u-pt-fluid-md-xl u-pb-fluid-md-xl\">\n\t\t<div class=\"ams-fifty__content l-stack l-stack-xl is-left is-left@lg\">\n\t\t\t<div class=\"ams-fifty__text l-stack l-stack-lg\">\n\t\t\t\t\t\n\t<h2\n\tclass=\"c-heading u-font-title-1 \"\n\tstyle=\"\">\n\t\t\n\t\t\t\t\tVad inneb\u00e4r en visning?\n\t\t\t\t\n\t<\/h2>\n\n\t\t\t\t\t\t\t\t\t<div class=\"text l-stack u-font-body\">\n\t\t\t\t\t\t<p>Under visningen visar en platsansvarig\/samordnare runt dig i v\u00e5ra lokaler och ber\u00e4ttar hur vi arbetar f\u00f6r att skapa en trygg och l\u00e4rorik vardag f\u00f6r v\u00e5ra barn.<\/p>\n<p><strong>Tre anledningar att boka en visning av f\u00f6rskolan:<\/strong><br \/>\n&#8211; F\u00e5 en k\u00e4nsla f\u00f6r v\u00e5ra lokaler och milj\u00f6n p\u00e5 f\u00f6rskolan<br \/>\n&#8211; St\u00e4ll dina fr\u00e5gor direkt till en pedagog<br \/>\n&#8211; Se hur vi jobbar med trygghet och l\u00e4rande fr\u00e5n introduktionen till sista \u00e5ret p\u00e5 f\u00f6rskolan.<\/p>\n\n\t\t\t\t\t<\/div>\n\t\t\t\t\t\t\t<\/div>\n\n\t\t\t\t\t<\/div>\n\n\t\t <div class=\"ams-fifty__media u-ratio-landscape\">\n\t\t \t\t\t\t\t<img decoding=\"async\" width=\"600\" height=\"400\" src=\"https:\/\/pysslingen.se\/wp-content\/uploads\/sites\/101\/2020\/11\/natur-flicka-3.jpg\" class=\"attachment-md size-md\" alt=\"Flicka vattnar plantor\" sizes=\"(min-width: 64em) 600px, calc(100vw - 160px)\" srcset=\"https:\/\/pysslingen.se\/wp-content\/uploads\/sites\/101\/2020\/11\/natur-flicka-3.jpg 1000w, https:\/\/pysslingen.se\/wp-content\/uploads\/sites\/101\/2020\/11\/natur-flicka-3-300x200.jpg 300w, https:\/\/pysslingen.se\/wp-content\/uploads\/sites\/101\/2020\/11\/natur-flicka-3-768x512.jpg 768w\" \/>\n\t\t\t\n\t\t\t\n\t\t\t\t\t<\/div>\n\t<\/div>\n\n\t\t\n\n<\/section>\n\n\n\n\t\n\t\n\t\n\n\t\n\t\n\t\t\n<section id=minipyss class=\"c-block l-stacked  \" data-color-scheme=\"\">\n\t<div class=\"ams-fifty ams-fifty--container ams-fifty--right ams-fifty--bottom l-container u-pt-fluid-3xl-6xl u-pb-fluid-md-xl\">\n\t\t<div class=\"ams-fifty__content l-stack l-stack-xl is-left is-left@lg\">\n\t\t\t<div class=\"ams-fifty__text l-stack l-stack-lg\">\n\t\t\t\t\t\n\t<h2\n\tclass=\"c-heading u-font-title-1 \"\n\tstyle=\"\">\n\t\t\n\t\t\t\t\tMiniPyss \u2013 f\u00f6r dig som \u00e4r f\u00f6r\u00e4ldraledig\n\t\t\t\t\n\t<\/h2>\n\n\t\t\t\t\t\t\t\t\t<div class=\"text l-stack u-font-body\">\n\t\t\t\t\t\t<p>P\u00e5 Pysslingen Landborgen bjuder vi in dig som \u00e4r f\u00f6r\u00e4ldraledig eller hemma med barn till MiniPyss. Hos oss tr\u00e4ffar du andra f\u00f6r\u00e4ldrar med barn och har en trevlig stund tillsammans. Vid varje tillf\u00e4lle h\u00e5ller vi en gemensam samling med r\u00f6relsegl\u00e4dje, s\u00e5ng och musik f\u00f6r stora och sm\u00e5.<\/p>\n<p>Du f\u00e5r ocks\u00e5 chans att st\u00e4lla fr\u00e5gor till v\u00e5ra medarbetare, samt f\u00e5 r\u00e5d och information om b\u00e5de barn och f\u00f6rskola. Vi bjuder p\u00e5 fika!<\/p>\n<p><strong>N\u00e4r?<\/strong> 10\/4, 14\/4, 28\/4, 8\/5, 12\/5 kl. 9-10.30<br \/>\n<strong>Var?<\/strong> Pysslingen Landborgen. Bergaliden 11, 253 23 Helsingborg. Ingen f\u00f6ranm\u00e4lan. Varmt v\u00e4lkomna!<br \/>\n<strong>Kontakt:\u00a0<\/strong>Har du fr\u00e5gor om MiniPyss, kontakta rektor Malin: <a href=\"mailto:malin.videkorp@pysslingen.se\"><span class=\"s1\">malin.videkorp@pysslingen.se<\/span><\/a><\/p>\n\n\t\t\t\t\t<\/div>\n\t\t\t\t\t\t\t<\/div>\n\n\t\t\t\t\t<\/div>\n\n\t\t <div class=\"ams-fifty__media u-ratio-landscape\">\n\t\t \t\t\t\t\t<img decoding=\"async\" width=\"600\" height=\"400\" src=\"https:\/\/pysslingen.se\/wp-content\/uploads\/sites\/101\/2020\/11\/liten-pojke-ater.jpg\" class=\"attachment-md size-md\" alt=\"Liten pojke dricker p\u00e5 f\u00f6rskola\" sizes=\"(min-width: 64em) 600px, calc(100vw - 160px)\" srcset=\"https:\/\/pysslingen.se\/wp-content\/uploads\/sites\/101\/2020\/11\/liten-pojke-ater.jpg 1000w, https:\/\/pysslingen.se\/wp-content\/uploads\/sites\/101\/2020\/11\/liten-pojke-ater-300x200.jpg 300w, https:\/\/pysslingen.se\/wp-content\/uploads\/sites\/101\/2020\/11\/liten-pojke-ater-768x512.jpg 768w\" \/>\n\t\t\t\n\t\t\t\n\t\t\t\t\t<\/div>\n\t<\/div>\n\n\t\t\n\n<\/section>\n\n\n\n<section id=kontakt\n\t\t class=\"\n\t\t ams-contact\n\t\t \n\t\t c-block l-stacked\n\t\t \n\t\t \n\t\t js-load-more\n\t\t \"\n\t\t data-color-scheme=\"\"\n\t\t\t\t\tdata-count=\"3\"\n\t\t\t\t\t\t\tdata-count-mobile=\"2\"\n\t\t\t\t>\n\t<div\n\t\t class=\"\n\t\t l-container\n\t\t l-stack l-stack-fluid-2xl\n\t\t u-pt-fluid-3xl-6xl\n\t\t u-pb-fluid-3xl-6xl\n\t\t is-center\n\t\t is-center@md\n\t\t \">\n\t\t\t\t\t<div class=\"ams-contact__intro l-stack l-stack-lg\">\n\t\t\t\t\t\n\t<h2\n\tclass=\"c-heading u-font-title-1 \"\n\tstyle=\"\">\n\t\t\n\t\t\t\t\tBoka visning:\n\t\t\t\t\n\t<\/h2>\n\n\t\t\t\t\t\t\t\t\t<div class=\"c-text l-stack u-cs-xl u-font-body\">\n\t\t\t\t\t\t<p>V\u00e4lkommen att kontakta v\u00e5ra samordnare f\u00f6r att boka tid f\u00f6r visning n\u00e4r det passar dig.<\/p>\n\n\t\t\t\t\t<\/div>\n\t\t\t\t\t\t\t<\/div>\n\t\t\n\t\t\n\t\t    \t\n\t\t\n\t\t<ul\n\t\t\tid=\"contact-grid-6a00ba88d7870\"\n\t\t\tclass=\"ams-contact__list l-grid u-gap-fluid-2xl-4xl u-justify-center js-results \"\n\t\t\taria-label=\"Kontakter\"\n\t\t\tdata-filter-animation=\"off\"\n\t\t\t>\n\t\t\t\t\t\t\t\t\t\t\t\n\t\t\t\t\n\t\t\t\t<li class=\"l-col-6@md l-col-4@lg \" data-filter=\"samordnare\">\n\t\t\t\t\t<article class=\"c-card \" data-variant=\"neutral\">\n\t\t\t\t\t\t<div class=\"c-card__content u-text-center\">\n\t\t\t\t\t\t\t\t\t\t\t\t\t\t\t<h3 class=\"c-card__title u-font-title-3\">\n\t\t\t\t\t\t\t\t\tMy Berglund Bengtsson\n\t\t\t\t\t\t\t\t<\/h3>\n\t\t\t\t\t\t\t\n\t\t\t\t\t\t\t\t\t\t\t\t\t\t\t<p class=\"position u-font-body\">Samordnare (kontakta f\u00f6r bes\u00f6k)<\/p>\n\t\t\t\t\t\t\t\n\t\t\t\t\t\t\t\t\t\t\t\t\t\t\t<div class=\"contact-info u-font-body\">\n\t\t\t\t\t\t\t\t\t\t\t\t\t\t\t\t\t\t\t\t\t\t\t\t\t\t\t\t\t\t<p class=\"phone\"><a\n\t\t\t\t\t\t\t\t\t\t\t\t\thref=\"tel:0761012642\"\n\t\t\t\t\t\t\t\t\t\t\t\t\tclass=\"u-text-link\">076-101 26 42<\/a>\n\t\t\t\t\t\t\t\t\t\t\t<\/p>\n\t\t\t\t\t\t\t\t\t\t\t\t\t\t\t\t\t\t\t\n\t\t\t\t\t\t\t\t\t\t\t\t\t\t\t\t\t\t\t\t\t\t\t\t\t\t\t\t\t\t<p class=\"email\"><a\n\t\t\t\t\t\t\t\t\t\t\t\t\thref=\"&#109;&#097;i&#108;&#116;o:&#109;y.b&#101;&#110;&#103;&#116;sson&#064;&#112;&#121;ss&#108;&#105;&#110;gen.s&#101;\"\n\t\t\t\t\t\t\t\t\t\t\t\t\tclass=\"u-text-link\">&#109;y&#046;&#098;&#101;ngt&#115;s&#111;&#110;&#064;pys&#115;&#108;inge&#110;&#046;se<\/a>\n\t\t\t\t\t\t\t\t\t\t\t<\/p>\n\t\t\t\t\t\t\t\t\t\t\t\t\t\t\t\t\t\t\t\t\t\t\t\t\t\t\t<\/div>\n\t\t\t\t\t\t\t\n\t\t\t\t\t\t\t\t\t\t\t\t\t<\/div>\n\t\t\t\t\t\t<div class=\"c-card__media\">\n\t\t\t\t\t\t\t\t\t\t\t\t\t\t\t\t\t\t\t\t\t\t\t\t\t\t\t\t\t\t\t\t\t\t\t\t\t\t\t\t\t\t\t\t\t\t\t\t\t<img decoding=\"async\" width=\"400\" height=\"357\" src=\"https:\/\/pysslingen.se\/wp-content\/uploads\/sites\/101\/2022\/03\/img08281-5.jpg\" class=\"u-radius-rounded u-ratio-landscape  \" alt=\"Bild p\u00e5 medarbetare\" sizes=\"(max-width: 300px) 100vw, 300px\" srcset=\"https:\/\/pysslingen.se\/wp-content\/uploads\/sites\/101\/2022\/03\/img08281-5.jpg 519w, https:\/\/pysslingen.se\/wp-content\/uploads\/sites\/101\/2022\/03\/img08281-5-300x268.jpg 300w, https:\/\/pysslingen.se\/wp-content\/uploads\/sites\/101\/2022\/03\/img08281-5-500x446.jpg 500w, https:\/\/pysslingen.se\/wp-content\/uploads\/sites\/101\/2022\/03\/img08281-5-257x229.jpg 257w, https:\/\/pysslingen.se\/wp-content\/uploads\/sites\/101\/2022\/03\/img08281-5-340x303.jpg 340w\" \/>\n\t\t\t\t\t\t<\/div>\n\t\t\t\t\t<\/article>\n\t\t\t\t<\/li>\n\t\t\t\t\t<\/ul>\n\n\t\t\n\t\t    <div class=\"ams-contact__more u-inline-items js-load-more-btn\">\n        <button href=\"#\"\n                class=\"c-btn\"\n                data-style=\"rounded\"\n                data-size=\"md\"\n                data-width=\"full-mobile\"\n                data-variant=\"outline\">\n        \tVisa mer\n        <\/button>\n    <\/div>\n\n\t\t\t<\/div>\n\n\t\t\n\n<\/section>\n","protected":false},"excerpt":{"rendered":"","protected":false},"author":3,"featured_media":0,"parent":0,"menu_order":0,"comment_status":"closed","ping_status":"closed","template":"","meta":{"footnotes":""},"yoast_head":"<!-- This site is optimized with the Yoast SEO plugin v22.0 - https:\/\/yoast.com\/wordpress\/plugins\/seo\/ -->\n<title>V\u00e4lkommen att bes\u00f6ka oss p\u00e5 f\u00f6rskolan Landborgen!<\/title>\n<meta name=\"description\" content=\"V\u00e4lkommen att bes\u00f6ka oss p\u00e5 f\u00f6rskolan Landborgen! Kontakta oss f\u00f6r att komma p\u00e5 visning, uppleva v\u00e5r milj\u00f6 och tr\u00e4ffa v\u00e5ra pedagoger. L\u00e4s mer!\" \/>\n<meta name=\"robots\" content=\"index, follow, max-snippet:-1, max-image-preview:large, max-video-preview:-1\" \/>\n<link rel=\"canonical\" href=\"https:\/\/pysslingen.se\/landborgen\/besok-oss\/\" \/>\n<meta property=\"og:locale\" content=\"sv_SE\" \/>\n<meta property=\"og:type\" content=\"article\" \/>\n<meta property=\"og:title\" content=\"V\u00e4lkommen att bes\u00f6ka oss p\u00e5 f\u00f6rskolan Landborgen!\" \/>\n<meta property=\"og:description\" content=\"V\u00e4lkommen att bes\u00f6ka oss p\u00e5 f\u00f6rskolan Landborgen! Kontakta oss f\u00f6r att komma p\u00e5 visning, uppleva v\u00e5r milj\u00f6 och tr\u00e4ffa v\u00e5ra pedagoger. L\u00e4s mer!\" \/>\n<meta property=\"og:url\" content=\"https:\/\/pysslingen.se\/landborgen\/besok-oss\/\" \/>\n<meta property=\"og:site_name\" content=\"Landborgen\" \/>\n<meta property=\"article:modified_time\" content=\"2026-04-01T09:26:29+00:00\" \/>\n<meta name=\"twitter:card\" content=\"summary_large_image\" \/>\n<meta name=\"twitter:title\" content=\"V\u00e4lkommen att bes\u00f6ka oss p\u00e5 f\u00f6rskolan Landborgen!\" \/>\n<meta name=\"twitter:description\" content=\"V\u00e4lkommen att bes\u00f6ka oss p\u00e5 f\u00f6rskolan Landborgen! Kontakta oss f\u00f6r att komma p\u00e5 visning, uppleva v\u00e5r milj\u00f6 och tr\u00e4ffa v\u00e5ra pedagoger. L\u00e4s mer!\" \/>\n<script type=\"application\/ld+json\" class=\"yoast-schema-graph\">{\"@context\":\"https:\/\/schema.org\",\"@graph\":[{\"@type\":\"WebPage\",\"@id\":\"https:\/\/pysslingen.se\/landborgen\/besok-oss\/\",\"url\":\"https:\/\/pysslingen.se\/landborgen\/besok-oss\/\",\"name\":\"V\u00e4lkommen att bes\u00f6ka oss p\u00e5 f\u00f6rskolan Landborgen!\",\"isPartOf\":{\"@id\":\"https:\/\/pysslingen.se\/landborgen\/#website\"},\"datePublished\":\"2020-10-16T12:33:05+00:00\",\"dateModified\":\"2026-04-01T09:26:29+00:00\",\"description\":\"V\u00e4lkommen att bes\u00f6ka oss p\u00e5 f\u00f6rskolan Landborgen! Kontakta oss f\u00f6r att komma p\u00e5 visning, uppleva v\u00e5r milj\u00f6 och tr\u00e4ffa v\u00e5ra pedagoger. L\u00e4s mer!\",\"breadcrumb\":{\"@id\":\"https:\/\/pysslingen.se\/landborgen\/besok-oss\/#breadcrumb\"},\"inLanguage\":\"sv-SE\",\"potentialAction\":[{\"@type\":\"ReadAction\",\"target\":[\"https:\/\/pysslingen.se\/landborgen\/besok-oss\/\"]}]},{\"@type\":\"BreadcrumbList\",\"@id\":\"https:\/\/pysslingen.se\/landborgen\/besok-oss\/#breadcrumb\",\"itemListElement\":[{\"@type\":\"ListItem\",\"position\":1,\"name\":\"Start\",\"item\":\"https:\/\/pysslingen.se\/landborgen\/\"},{\"@type\":\"ListItem\",\"position\":2,\"name\":\"Bes\u00f6k oss\"}]},{\"@type\":\"WebSite\",\"@id\":\"https:\/\/pysslingen.se\/landborgen\/#website\",\"url\":\"https:\/\/pysslingen.se\/landborgen\/\",\"name\":\"Landborgen\",\"description\":\"En trygg och stimulerande v\u00e4rld\",\"publisher\":{\"@id\":\"https:\/\/pysslingen.se\/landborgen\/#organization\"},\"potentialAction\":[{\"@type\":\"SearchAction\",\"target\":{\"@type\":\"EntryPoint\",\"urlTemplate\":\"https:\/\/pysslingen.se\/landborgen\/?s={search_term_string}\"},\"query-input\":\"required name=search_term_string\"}],\"inLanguage\":\"sv-SE\"},{\"@type\":\"Organization\",\"@id\":\"https:\/\/pysslingen.se\/landborgen\/#organization\",\"name\":\"Pysslingen F\u00f6rskolor\",\"url\":\"https:\/\/pysslingen.se\/landborgen\/\",\"logo\":{\"@type\":\"ImageObject\",\"inLanguage\":\"sv-SE\",\"@id\":\"https:\/\/pysslingen.se\/landborgen\/#\/schema\/logo\/image\/\",\"url\":\"https:\/\/pysslingen.se\/wp-content\/uploads\/2021\/05\/pysslingen-forskolor.png\",\"contentUrl\":\"https:\/\/pysslingen.se\/wp-content\/uploads\/2021\/05\/pysslingen-forskolor.png\",\"width\":1120,\"height\":630,\"caption\":\"Pysslingen F\u00f6rskolor\"},\"image\":{\"@id\":\"https:\/\/pysslingen.se\/landborgen\/#\/schema\/logo\/image\/\"}}]}<\/script>\n<!-- \/ Yoast SEO plugin. -->","yoast_head_json":{"title":"V\u00e4lkommen att bes\u00f6ka oss p\u00e5 f\u00f6rskolan Landborgen!","description":"V\u00e4lkommen att bes\u00f6ka oss p\u00e5 f\u00f6rskolan Landborgen! Kontakta oss f\u00f6r att komma p\u00e5 visning, uppleva v\u00e5r milj\u00f6 och tr\u00e4ffa v\u00e5ra pedagoger. L\u00e4s mer!","robots":{"index":"index","follow":"follow","max-snippet":"max-snippet:-1","max-image-preview":"max-image-preview:large","max-video-preview":"max-video-preview:-1"},"canonical":"https:\/\/pysslingen.se\/landborgen\/besok-oss\/","og_locale":"sv_SE","og_type":"article","og_title":"V\u00e4lkommen att bes\u00f6ka oss p\u00e5 f\u00f6rskolan Landborgen!","og_description":"V\u00e4lkommen att bes\u00f6ka oss p\u00e5 f\u00f6rskolan Landborgen! Kontakta oss f\u00f6r att komma p\u00e5 visning, uppleva v\u00e5r milj\u00f6 och tr\u00e4ffa v\u00e5ra pedagoger. L\u00e4s mer!","og_url":"https:\/\/pysslingen.se\/landborgen\/besok-oss\/","og_site_name":"Landborgen","article_modified_time":"2026-04-01T09:26:29+00:00","twitter_card":"summary_large_image","twitter_title":"V\u00e4lkommen att bes\u00f6ka oss p\u00e5 f\u00f6rskolan Landborgen!","twitter_description":"V\u00e4lkommen att bes\u00f6ka oss p\u00e5 f\u00f6rskolan Landborgen! Kontakta oss f\u00f6r att komma p\u00e5 visning, uppleva v\u00e5r milj\u00f6 och tr\u00e4ffa v\u00e5ra pedagoger. L\u00e4s mer!","schema":{"@context":"https:\/\/schema.org","@graph":[{"@type":"WebPage","@id":"https:\/\/pysslingen.se\/landborgen\/besok-oss\/","url":"https:\/\/pysslingen.se\/landborgen\/besok-oss\/","name":"V\u00e4lkommen att bes\u00f6ka oss p\u00e5 f\u00f6rskolan Landborgen!","isPartOf":{"@id":"https:\/\/pysslingen.se\/landborgen\/#website"},"datePublished":"2020-10-16T12:33:05+00:00","dateModified":"2026-04-01T09:26:29+00:00","description":"V\u00e4lkommen att bes\u00f6ka oss p\u00e5 f\u00f6rskolan Landborgen! Kontakta oss f\u00f6r att komma p\u00e5 visning, uppleva v\u00e5r milj\u00f6 och tr\u00e4ffa v\u00e5ra pedagoger. L\u00e4s mer!","breadcrumb":{"@id":"https:\/\/pysslingen.se\/landborgen\/besok-oss\/#breadcrumb"},"inLanguage":"sv-SE","potentialAction":[{"@type":"ReadAction","target":["https:\/\/pysslingen.se\/landborgen\/besok-oss\/"]}]},{"@type":"BreadcrumbList","@id":"https:\/\/pysslingen.se\/landborgen\/besok-oss\/#breadcrumb","itemListElement":[{"@type":"ListItem","position":1,"name":"Start","item":"https:\/\/pysslingen.se\/landborgen\/"},{"@type":"ListItem","position":2,"name":"Bes\u00f6k oss"}]},{"@type":"WebSite","@id":"https:\/\/pysslingen.se\/landborgen\/#website","url":"https:\/\/pysslingen.se\/landborgen\/","name":"Landborgen","description":"En trygg och stimulerande v\u00e4rld","publisher":{"@id":"https:\/\/pysslingen.se\/landborgen\/#organization"},"potentialAction":[{"@type":"SearchAction","target":{"@type":"EntryPoint","urlTemplate":"https:\/\/pysslingen.se\/landborgen\/?s={search_term_string}"},"query-input":"required name=search_term_string"}],"inLanguage":"sv-SE"},{"@type":"Organization","@id":"https:\/\/pysslingen.se\/landborgen\/#organization","name":"Pysslingen F\u00f6rskolor","url":"https:\/\/pysslingen.se\/landborgen\/","logo":{"@type":"ImageObject","inLanguage":"sv-SE","@id":"https:\/\/pysslingen.se\/landborgen\/#\/schema\/logo\/image\/","url":"https:\/\/pysslingen.se\/wp-content\/uploads\/2021\/05\/pysslingen-forskolor.png","contentUrl":"https:\/\/pysslingen.se\/wp-content\/uploads\/2021\/05\/pysslingen-forskolor.png","width":1120,"height":630,"caption":"Pysslingen F\u00f6rskolor"},"image":{"@id":"https:\/\/pysslingen.se\/landborgen\/#\/schema\/logo\/image\/"}}]}},"_links":{"self":[{"href":"https:\/\/pysslingen.se\/landborgen\/wp-json\/wp\/v2\/pages\/461"}],"collection":[{"href":"https:\/\/pysslingen.se\/landborgen\/wp-json\/wp\/v2\/pages"}],"about":[{"href":"https:\/\/pysslingen.se\/landborgen\/wp-json\/wp\/v2\/types\/page"}],"author":[{"embeddable":true,"href":"https:\/\/pysslingen.se\/landborgen\/wp-json\/wp\/v2\/users\/3"}],"replies":[{"embeddable":true,"href":"https:\/\/pysslingen.se\/landborgen\/wp-json\/wp\/v2\/comments?post=461"}],"version-history":[{"count":10,"href":"https:\/\/pysslingen.se\/landborgen\/wp-json\/wp\/v2\/pages\/461\/revisions"}],"predecessor-version":[{"id":1735,"href":"https:\/\/pysslingen.se\/landborgen\/wp-json\/wp\/v2\/pages\/461\/revisions\/1735"}],"wp:attachment":[{"href":"https:\/\/pysslingen.se\/landborgen\/wp-json\/wp\/v2\/media?parent=461"}],"curies":[{"name":"wp","href":"https:\/\/api.w.org\/{rel}","templated":true}]}}