{"id":660,"date":"2020-10-22T14:56:02","date_gmt":"2020-10-22T14:56:02","guid":{"rendered":"https:\/\/pysslingen.se\/kungshatten\/?page_id=660"},"modified":"2025-11-10T16:08:02","modified_gmt":"2025-11-10T15:08:02","slug":"trygghetsvandring","status":"publish","type":"page","link":"https:\/\/pysslingen.se\/kungshatten\/trygghetsvandring\/","title":{"rendered":"Trygghetsvandring"},"content":{"rendered":"\n<h1 class=\"wp-block-heading\">Alla barn p\u00e5 Kungshatten deltar i v\u00e5r trygghetsvandring<\/h1>\n\n\n\n\t<div class=\"module_wrapper ams_remote_pages_module \">\n\t\t\t\t\t\t\t<div class=\"container core-columns\">\n\t\t\t\t\t\t<div class=\"row\">\n\t\t\t\t\t\t\t<div class=\"col-12\">\n\t\t\t\t\t\t\t\t\n<div class=\"wp-block-columns is-layout-flex wp-container-core-columns-layout-1 wp-block-columns-is-layout-flex\">\n<div class=\"wp-block-column is-layout-flow wp-block-column-is-layout-flow\">\n<p   class=\"site__ingress container text-left  site__text-color--dark  site__free_text--ingress p-0\">\n\tVarje barn ska kunna k\u00e4nna sig helt tryggt tillsammans med andra barn och vuxna i f\u00f6rskolan. Att skapa en trygg milj\u00f6 f\u00f6r barnen \u00e4r d\u00e4rf\u00f6r det viktigaste uppdraget f\u00f6r alla pedagoger inom Pysslingen F\u00f6rskolor. En trygg milj\u00f6 \u00e4r ocks\u00e5 en f\u00f6ruts\u00e4ttning f\u00f6r att barn ska kunna leka och utvecklas.<\/p>\n\n\n\n\n\n<p>P\u00e5 Pysslingen F\u00f6rskolor anv\u00e4nder vi trygghetsvandringen. Det \u00e4r en organiserad form d\u00e4r alla barn f\u00e5r g\u00e5 runt p\u00e5 f\u00f6rskolan tillsammans med sina pedagoger och kontinuerligt uppt\u00e4cka platser och omr\u00e5den som de sj\u00e4lva upplever som trygga och otrygga, s\u00e4kra och os\u00e4kra, samtidigt som de samtalar med pedagogerna om detta.&nbsp;<\/p>\n\n\n\n<h2 class=\"wp-block-heading\">Barnet g\u00f6r sin r\u00f6st h\u00f6rd<\/h2>\n\n\n\n<p>Syftet med trygghetsvandringen \u00e4r att f\u00f6rb\u00e4ttra de milj\u00f6er som barn upplever som otrygga och os\u00e4kra p\u00e5 f\u00f6rskolan. Detta \u00e4r ett s\u00e4tt f\u00f6r oss att g\u00f6ra barnets r\u00f6st h\u00f6rd, vilket \u00e4r en av delarna i&nbsp;<a rel=\"noreferrer noopener\" href=\"https:\/\/unicef.se\/barnkonventionen\" target=\"_blank\">barnkonventionen<\/a><strong>.<\/strong><\/p>\n<\/div>\n\n\n\n<div class=\"wp-block-column is-layout-flow wp-block-column-is-layout-flow\">\n\t<style>\n\t\t.inner {\n\n\t\t\tmargin: 0 auto;\n\n\n\t\t}\n\t<\/style>\n\t<div\n\t\t class=\"container images-module\" >\n\t\t<div class=\"row images_module__slideshow\">\n\n\t\t\t<div\n\t\t\t\t\tclass=\"col-md-12 p-0 position-relative images_module__slideshow images_module__slideshow-container  \">\n\t\t\t\t<div class=\"images_module__slide\" data-slide=\"\"\n\t\t\t\t\t data-duration=\"\"><\/div>\n\t\t\t\t\t\t\t\t\t<div\n\t\t\t\t\t\t class=\"images_module__slides\n\n\t\t\t\t\t   \"\n\t\t\t\t\t>\n\n\t\t\t\t\t\t<div class=\"images__wrapper\" style=\"aspect-ratio: 851 \/ 851;\">\n\t\t\t\t\t\t\t<img decoding=\"async\" width=\"1564\" height=\"1278\" src=\"https:\/\/pysslingen.se\/wp-content\/uploads\/2020\/10\/med-lock-mellan.jpg\" class=\"images__image_ratio  \" alt=\"Trygghetsvandring med Pyss och Ling.\" style=\"aspect-ratio: 851 \/ 851;object-position: _center-center;\" srcset=\"https:\/\/pysslingen.se\/wp-content\/uploads\/2020\/10\/med-lock-mellan.jpg 1564w, https:\/\/pysslingen.se\/wp-content\/uploads\/2020\/10\/med-lock-mellan-300x245.jpg 300w, https:\/\/pysslingen.se\/wp-content\/uploads\/2020\/10\/med-lock-mellan-1024x837.jpg 1024w, https:\/\/pysslingen.se\/wp-content\/uploads\/2020\/10\/med-lock-mellan-768x628.jpg 768w, https:\/\/pysslingen.se\/wp-content\/uploads\/2020\/10\/med-lock-mellan-1536x1255.jpg 1536w, https:\/\/pysslingen.se\/wp-content\/uploads\/2020\/10\/med-lock-mellan-1100x899.jpg 1100w, https:\/\/pysslingen.se\/wp-content\/uploads\/2020\/10\/med-lock-mellan-820x670.jpg 820w\" sizes=\"(max-width: 1564px) 100vw, 1564px\" \/>\t\t\t\t\t\t<\/div>\n\t\t\t\t\t\t\n\n\t\t\t\t\t\t\t\t\t\t\t<\/div>\n\t\t\t\t\n\t\t\t\t<div class=\"images_module__container_dot\">\n\t\t\t\t\t<div style=\"text-align:center\">\n\n\n\t\t\t\t\t\t\t\t\t\t\t\t\t<span   data-i=\"0\"\n\t\t\t\t\t\t\t\t  class=\"\n\t\t\t\t\t\t\timages_module__dot\n\t\t\t\t\t\t\t\t\t\t\t\t\t\t\"\n\t\t\t\t\t\t\t><\/span>\n\t\t\t\t\t\t\t\t\t\t\t<\/div>\n\t\t\t\t<\/div>\n\n\n\t\t\t<\/div>\n\t\t<\/div>\n\t<\/div>\n\n\t\n\n\n<script>\n\tvar images_display_descriptive_text = \"\";\n<\/script>\n<\/div>\n<\/div>\n\t\t\t\t\t\t\t<\/div>\n\t\t\t\t\t\t<\/div>\n\t\t\t\t\t<\/div>\n\t\t\t\t\t\t<\/div>\n\n\t\n\n\n<div   class=\"module_wrapper container-fluid  full_width_talker_bg_img full_width_talker text_align--Center  site__cta-bg--13  ams_active_link_state_default\" >\n\n\t<div class=\"row noblaskolan-border-6 \" style=\"border-color:#ff503c; height:100% width:100%\">\n\n\t\t<div class=\"col-12 p-md-0\">\n\t\t\t<div   style=\"display:none\" class=\"full_width_talker__jsdata_bg\" data-url=\"\">\n\t\t\t<\/div>\n\t\t\t<div   style=\"display:none\" class=\"full_width_talker__jsdata_bg_mobile\" data-url=\"\">\n\t\t\t<\/div>\n\t\t\t<div   style=\"display:none\" class=\"full_width_talker__jsdata_topleft_bg\" data-url=\"\"><\/div>\n\n\t\t\t<div   style=\"display:none\" class=\"full_width_talker__jsdata_bottomright_bg\" data-url=\"\"><\/div>\n\n\n\t\t\t\t\t\t<div class=\"topleft_bg\">\n\t\t\t\t\t\t\t\t<div class=\"container-fluid py-lg-4 bottomright_bg\">\n\n\t\t\t\t\t\n\t\t\t\t\t<div class=\"row mt-lg-4 pt-5 pt-md-0\">\n\t\t\t\t\t\t<article class=\"offset-lg-3 col-lg-6 text-center \">\n\t\t\t\t\t\t\t\n\t\t\t\t\t\t\t\t\t\t\t\t\t\t\t\t\t<h2   class=\"full_width_talker__heading site__heading-size-2  site__text-color  \">\n\t\t\t\t\t\t\t\t\t\tL\u00e4s ocks\u00e5 om hur vi skyddar barnens integritet\t\t\t\t\t\t\t\t\t\t\t\t\t\t\t\t\t\t\t<\/h2>\n\t\t\t\t\t\t\t\t\t\t\t\t\t\t\t\t\t\t\t\t\t\t<div class=\"px-3 px-m-0  site__text-color--dark   site_default_a_wysiwyg\">\n\t\t\t\t\t\t\t\t<div   class=\"anchor_classes_div\" data-cta=\" nostyle site__a_cta \" data-theme=\" nostyle site__a_text \" data-darklight=\" nostyle site__a_dark \">\n\t\t\t\t\t\t\t\t\t\t\t\t\t\t\t\t\t<\/div>\n\t\t\t\t\t\t\t<\/div>\n\t\t\t\t\t\t<\/article>\n\t\t\t\t\t<\/div>\n\n\t\t\t\t\t<div class=\"module-expand\">\n\t\t\t\t\t\t\t\t\t\t\t\t\t<div class=\"row full_width_talker__padding_bottom\">\n\t\t\t\t\t\t\t\t<div class=\"col-md-12 \">\n\t\t\t\t\t\t\t\t\t<div class=\"btn-wrap text_align--Center \">\n\t\t\t\t\t\t\t\t\t\t\t\t\t\t\t\t\t\t\t\t\t<!-- <div class=\"my-4 m-sm-4\"> -->\n\t\t\t\t\t\t\t\t\t\t\t\t\t\t\t\t\t\t\t\t\t\t\t\t<a     style=\"max-width:350px;\" id=\"\" href=\"https:\/\/pysslingen.se\/kungshatten\/barnens-integritet\/\" target=\"\" class=\"btn text-center site__buttons-1 pt-2 site__cta-bg--100 site__text-color--light site__text-color--light slightly-rounded-corners-btn-shape ams_active_button_state_default\" title=\"L\u00e4s mer\" role=\"button\">\n\t\t\t\t\t\t\t\t\t\t\t\t\tL\u00e4s mer\t\t\t\t\t\t\t\t\t\t\t\t<\/a>\n\t\t\t\t\t\t\t\t\t\t\t<!-- <\/div> -->\n\t\t\t\t\t\t\t\t\t\t\t\t\t\t\t\t\t\t\t<\/div>\n\t\t\t\t\t\t\t\t<\/div>\n\t\t\t\t\t\t\t<\/div>\n\t\t\t\t\t\t\t\t\t\t\t<\/div>\n\t\t\t\t\t<div class=\"row\">\n\t\t\t\t\t\t<div class=\"col-12 d-lg-none text-right mt-3 pr-0 fwt-bottom-right-image\">\n\t\t\t\t\t\t\t<img decoding=\"async\"   src=\"\" alt=\"\">\n\t\t\t\t\t\t<\/div>\n\t\t\t\t\t\t<div class=\"col-12 d-lg-none text-center mt-3 pr-0 mobile-bottom vittra\">\n\t\t\t\t\t\t\t<img decoding=\"async\"   src=\"\" alt=\"\">\n\t\t\t\t\t\t<\/div>\n\t\t\t\t\t<\/div>\n\t\t\t\t<\/div>\n\t\t\t<\/div>\n\t\t<\/div>\n\t<\/div>\n<\/div>\n","protected":false},"excerpt":{"rendered":"<p>Alla barn p\u00e5 Kungshatten deltar i v\u00e5r trygghetsvandring<\/p>\n","protected":false},"author":5,"featured_media":0,"parent":0,"menu_order":0,"comment_status":"closed","ping_status":"closed","template":"","meta":{"footnotes":""},"yoast_head":"<!-- This site is optimized with the Yoast SEO plugin v22.0 - https:\/\/yoast.com\/wordpress\/plugins\/seo\/ -->\n<title>Alla barn p\u00e5 Kungshatten deltar i v\u00e5r trygghetsvandring<\/title>\n<meta name=\"description\" content=\"Att skapa en trygg milj\u00f6 f\u00f6r barnen \u00e4r det viktigaste uppdraget f\u00f6r alla pedagoger inom Pysslingen F\u00f6rskolor.\" \/>\n<meta name=\"robots\" content=\"index, follow, max-snippet:-1, max-image-preview:large, max-video-preview:-1\" \/>\n<link rel=\"canonical\" href=\"https:\/\/pysslingen.se\/kungshatten\/trygghetsvandring\/\" \/>\n<meta property=\"og:locale\" content=\"sv_SE\" \/>\n<meta property=\"og:type\" content=\"article\" \/>\n<meta property=\"og:title\" content=\"Alla barn p\u00e5 Kungshatten deltar i v\u00e5r trygghetsvandring\" \/>\n<meta property=\"og:description\" content=\"Att skapa en trygg milj\u00f6 f\u00f6r barnen \u00e4r det viktigaste uppdraget f\u00f6r alla pedagoger inom Pysslingen F\u00f6rskolor.\" \/>\n<meta property=\"og:url\" content=\"https:\/\/pysslingen.se\/kungshatten\/trygghetsvandring\/\" \/>\n<meta property=\"og:site_name\" content=\"Kungshatten\" \/>\n<meta property=\"article:modified_time\" content=\"2025-11-10T15:08:02+00:00\" \/>\n<meta name=\"twitter:card\" content=\"summary_large_image\" \/>\n<meta name=\"twitter:title\" content=\"Alla barn p\u00e5 Kungshatten deltar i v\u00e5r trygghetsvandring\" \/>\n<meta name=\"twitter:description\" content=\"Att skapa en trygg milj\u00f6 f\u00f6r barnen \u00e4r det viktigaste uppdraget f\u00f6r alla pedagoger inom Pysslingen F\u00f6rskolor.\" \/>\n<meta name=\"twitter:label1\" content=\"Ber\u00e4knad l\u00e4stid\" \/>\n\t<meta name=\"twitter:data1\" content=\"1 minut\" \/>\n<script type=\"application\/ld+json\" class=\"yoast-schema-graph\">{\"@context\":\"https:\/\/schema.org\",\"@graph\":[{\"@type\":\"WebPage\",\"@id\":\"https:\/\/pysslingen.se\/kungshatten\/trygghetsvandring\/\",\"url\":\"https:\/\/pysslingen.se\/kungshatten\/trygghetsvandring\/\",\"name\":\"Alla barn p\u00e5 Kungshatten deltar i v\u00e5r trygghetsvandring\",\"isPartOf\":{\"@id\":\"https:\/\/pysslingen.se\/kungshatten\/#website\"},\"datePublished\":\"2020-10-22T14:56:02+00:00\",\"dateModified\":\"2025-11-10T15:08:02+00:00\",\"description\":\"Att skapa en trygg milj\u00f6 f\u00f6r barnen \u00e4r det viktigaste uppdraget f\u00f6r alla pedagoger inom Pysslingen F\u00f6rskolor.\",\"breadcrumb\":{\"@id\":\"https:\/\/pysslingen.se\/kungshatten\/trygghetsvandring\/#breadcrumb\"},\"inLanguage\":\"sv-SE\",\"potentialAction\":[{\"@type\":\"ReadAction\",\"target\":[\"https:\/\/pysslingen.se\/kungshatten\/trygghetsvandring\/\"]}]},{\"@type\":\"BreadcrumbList\",\"@id\":\"https:\/\/pysslingen.se\/kungshatten\/trygghetsvandring\/#breadcrumb\",\"itemListElement\":[{\"@type\":\"ListItem\",\"position\":1,\"name\":\"Start\",\"item\":\"https:\/\/pysslingen.se\/kungshatten\/\"},{\"@type\":\"ListItem\",\"position\":2,\"name\":\"Trygghetsvandring\"}]},{\"@type\":\"WebSite\",\"@id\":\"https:\/\/pysslingen.se\/kungshatten\/#website\",\"url\":\"https:\/\/pysslingen.se\/kungshatten\/\",\"name\":\"Kungshatten\",\"description\":\"En trygg och stimulerande v\u00e4rld\",\"publisher\":{\"@id\":\"https:\/\/pysslingen.se\/kungshatten\/#organization\"},\"potentialAction\":[{\"@type\":\"SearchAction\",\"target\":{\"@type\":\"EntryPoint\",\"urlTemplate\":\"https:\/\/pysslingen.se\/kungshatten\/?s={search_term_string}\"},\"query-input\":\"required name=search_term_string\"}],\"inLanguage\":\"sv-SE\"},{\"@type\":\"Organization\",\"@id\":\"https:\/\/pysslingen.se\/kungshatten\/#organization\",\"name\":\"Pysslingen F\u00f6rskolor\",\"url\":\"https:\/\/pysslingen.se\/kungshatten\/\",\"logo\":{\"@type\":\"ImageObject\",\"inLanguage\":\"sv-SE\",\"@id\":\"https:\/\/pysslingen.se\/kungshatten\/#\/schema\/logo\/image\/\",\"url\":\"https:\/\/pysslingen.se\/wp-content\/uploads\/2021\/05\/pysslingen-forskolor.png\",\"contentUrl\":\"https:\/\/pysslingen.se\/wp-content\/uploads\/2021\/05\/pysslingen-forskolor.png\",\"width\":1120,\"height\":630,\"caption\":\"Pysslingen F\u00f6rskolor\"},\"image\":{\"@id\":\"https:\/\/pysslingen.se\/kungshatten\/#\/schema\/logo\/image\/\"}}]}<\/script>\n<!-- \/ Yoast SEO plugin. -->","yoast_head_json":{"title":"Alla barn p\u00e5 Kungshatten deltar i v\u00e5r trygghetsvandring","description":"Att skapa en trygg milj\u00f6 f\u00f6r barnen \u00e4r det viktigaste uppdraget f\u00f6r alla pedagoger inom Pysslingen F\u00f6rskolor.","robots":{"index":"index","follow":"follow","max-snippet":"max-snippet:-1","max-image-preview":"max-image-preview:large","max-video-preview":"max-video-preview:-1"},"canonical":"https:\/\/pysslingen.se\/kungshatten\/trygghetsvandring\/","og_locale":"sv_SE","og_type":"article","og_title":"Alla barn p\u00e5 Kungshatten deltar i v\u00e5r trygghetsvandring","og_description":"Att skapa en trygg milj\u00f6 f\u00f6r barnen \u00e4r det viktigaste uppdraget f\u00f6r alla pedagoger inom Pysslingen F\u00f6rskolor.","og_url":"https:\/\/pysslingen.se\/kungshatten\/trygghetsvandring\/","og_site_name":"Kungshatten","article_modified_time":"2025-11-10T15:08:02+00:00","twitter_card":"summary_large_image","twitter_title":"Alla barn p\u00e5 Kungshatten deltar i v\u00e5r trygghetsvandring","twitter_description":"Att skapa en trygg milj\u00f6 f\u00f6r barnen \u00e4r det viktigaste uppdraget f\u00f6r alla pedagoger inom Pysslingen F\u00f6rskolor.","twitter_misc":{"Ber\u00e4knad l\u00e4stid":"1 minut"},"schema":{"@context":"https:\/\/schema.org","@graph":[{"@type":"WebPage","@id":"https:\/\/pysslingen.se\/kungshatten\/trygghetsvandring\/","url":"https:\/\/pysslingen.se\/kungshatten\/trygghetsvandring\/","name":"Alla barn p\u00e5 Kungshatten deltar i v\u00e5r trygghetsvandring","isPartOf":{"@id":"https:\/\/pysslingen.se\/kungshatten\/#website"},"datePublished":"2020-10-22T14:56:02+00:00","dateModified":"2025-11-10T15:08:02+00:00","description":"Att skapa en trygg milj\u00f6 f\u00f6r barnen \u00e4r det viktigaste uppdraget f\u00f6r alla pedagoger inom Pysslingen F\u00f6rskolor.","breadcrumb":{"@id":"https:\/\/pysslingen.se\/kungshatten\/trygghetsvandring\/#breadcrumb"},"inLanguage":"sv-SE","potentialAction":[{"@type":"ReadAction","target":["https:\/\/pysslingen.se\/kungshatten\/trygghetsvandring\/"]}]},{"@type":"BreadcrumbList","@id":"https:\/\/pysslingen.se\/kungshatten\/trygghetsvandring\/#breadcrumb","itemListElement":[{"@type":"ListItem","position":1,"name":"Start","item":"https:\/\/pysslingen.se\/kungshatten\/"},{"@type":"ListItem","position":2,"name":"Trygghetsvandring"}]},{"@type":"WebSite","@id":"https:\/\/pysslingen.se\/kungshatten\/#website","url":"https:\/\/pysslingen.se\/kungshatten\/","name":"Kungshatten","description":"En trygg och stimulerande v\u00e4rld","publisher":{"@id":"https:\/\/pysslingen.se\/kungshatten\/#organization"},"potentialAction":[{"@type":"SearchAction","target":{"@type":"EntryPoint","urlTemplate":"https:\/\/pysslingen.se\/kungshatten\/?s={search_term_string}"},"query-input":"required name=search_term_string"}],"inLanguage":"sv-SE"},{"@type":"Organization","@id":"https:\/\/pysslingen.se\/kungshatten\/#organization","name":"Pysslingen F\u00f6rskolor","url":"https:\/\/pysslingen.se\/kungshatten\/","logo":{"@type":"ImageObject","inLanguage":"sv-SE","@id":"https:\/\/pysslingen.se\/kungshatten\/#\/schema\/logo\/image\/","url":"https:\/\/pysslingen.se\/wp-content\/uploads\/2021\/05\/pysslingen-forskolor.png","contentUrl":"https:\/\/pysslingen.se\/wp-content\/uploads\/2021\/05\/pysslingen-forskolor.png","width":1120,"height":630,"caption":"Pysslingen F\u00f6rskolor"},"image":{"@id":"https:\/\/pysslingen.se\/kungshatten\/#\/schema\/logo\/image\/"}}]}},"_links":{"self":[{"href":"https:\/\/pysslingen.se\/kungshatten\/wp-json\/wp\/v2\/pages\/660"}],"collection":[{"href":"https:\/\/pysslingen.se\/kungshatten\/wp-json\/wp\/v2\/pages"}],"about":[{"href":"https:\/\/pysslingen.se\/kungshatten\/wp-json\/wp\/v2\/types\/page"}],"author":[{"embeddable":true,"href":"https:\/\/pysslingen.se\/kungshatten\/wp-json\/wp\/v2\/users\/5"}],"replies":[{"embeddable":true,"href":"https:\/\/pysslingen.se\/kungshatten\/wp-json\/wp\/v2\/comments?post=660"}],"version-history":[{"count":10,"href":"https:\/\/pysslingen.se\/kungshatten\/wp-json\/wp\/v2\/pages\/660\/revisions"}],"predecessor-version":[{"id":1734,"href":"https:\/\/pysslingen.se\/kungshatten\/wp-json\/wp\/v2\/pages\/660\/revisions\/1734"}],"wp:attachment":[{"href":"https:\/\/pysslingen.se\/kungshatten\/wp-json\/wp\/v2\/media?parent=660"}],"curies":[{"name":"wp","href":"https:\/\/api.w.org\/{rel}","templated":true}]}}