{"id":209,"date":"2020-10-01T11:27:44","date_gmt":"2020-10-01T11:27:44","guid":{"rendered":"https:\/\/pysslingen.se\/knatteborgen\/?page_id=209"},"modified":"2024-11-13T11:32:05","modified_gmt":"2024-11-13T10:32:05","slug":"samverkan-med-hemmet","status":"publish","type":"page","link":"https:\/\/pysslingen.se\/knatteborgen\/samverkan-med-hemmet\/","title":{"rendered":"Samverkan med hemmet"},"content":{"rendered":"\t<div\n\t\t class=\"module_wrapper container-fluid images-module\" >\n\t\t<div class=\"row\">\n\t\t\t<div\n\t\t\t\t\tclass=\"col-12 m-0 p-0 position-relative images_module__slideshow images_module__slideshow-container module-expand \">\n\n\t\t\t\t<div class=\"images_module__slide \" data-slide=\"\"\n\t\t\t\t\t data-duration=\"\"><\/div>\n\t\t\t\t\t\t\t\t\t<div\n\t\t\t\t\t\t class=\"images_module__slides \">\n\n\n\t\t\t\t\t\t<div class=\"images__wrapper\"\n\t\t\t\t\t\t\t style=\"aspect-ratio: 1441 \/ 531;\">\n\t\t\t\t\t\t\t<img decoding=\"async\" width=\"2500\" height=\"1308\" src=\"https:\/\/pysslingen.se\/wp-content\/uploads\/sites\/5\/2020\/10\/1pysslingenannonsmateriall1200x628.png\" class=\"images__image_ratio  \" alt=\"Animerad bild p\u00e5 Pyss p\u00e5 f\u00f6rskolan.\" style=\"aspect-ratio: 1441 \/ 531;object-position: _center-center;\" srcset=\"https:\/\/pysslingen.se\/wp-content\/uploads\/sites\/5\/2020\/10\/1pysslingenannonsmateriall1200x628.png 2500w, https:\/\/pysslingen.se\/wp-content\/uploads\/sites\/5\/2020\/10\/1pysslingenannonsmateriall1200x628-300x157.png 300w, https:\/\/pysslingen.se\/wp-content\/uploads\/sites\/5\/2020\/10\/1pysslingenannonsmateriall1200x628-1024x536.png 1024w, https:\/\/pysslingen.se\/wp-content\/uploads\/sites\/5\/2020\/10\/1pysslingenannonsmateriall1200x628-768x402.png 768w, https:\/\/pysslingen.se\/wp-content\/uploads\/sites\/5\/2020\/10\/1pysslingenannonsmateriall1200x628-1536x804.png 1536w, https:\/\/pysslingen.se\/wp-content\/uploads\/sites\/5\/2020\/10\/1pysslingenannonsmateriall1200x628-2048x1072.png 2048w, https:\/\/pysslingen.se\/wp-content\/uploads\/sites\/5\/2020\/10\/1pysslingenannonsmateriall1200x628-1920x1005.png 1920w, https:\/\/pysslingen.se\/wp-content\/uploads\/sites\/5\/2020\/10\/1pysslingenannonsmateriall1200x628-1100x576.png 1100w, https:\/\/pysslingen.se\/wp-content\/uploads\/sites\/5\/2020\/10\/1pysslingenannonsmateriall1200x628-1000x523.png 1000w\" sizes=\"(max-width: 2500px) 100vw, 2500px\" \/>\t\t\t\t\t\t<\/div>\n\n\t\t\t\t\t\t\n\t\t\t\t\t\t\t\t\t\t\t<\/div>\n\t\t\t\t\n\t\t\t\t<div class=\"images_module__container_dot \">\n\t\t\t\t\t<div style=\"text-align:center\">\n\t\t\t\t\t\t\t\t\t\t\t\t\t<span   data-i=\"0\"\n\t\t\t\t\t\t\t\t  class=\"images_module__dot\n\t\t\t\t\t\t\t\t\t\t\t\t\t  \"><\/span>\n\t\t\t\t\t\t\t\t\t\t\t<\/div>\n\t\t\t\t<\/div>\n\n\t\t\t<\/div>\n\t\t<\/div>\n\t<\/div>\n\n\n\t\n\n\n<script>\n\tvar images_display_descriptive_text = \"\";\n<\/script>\n\n\n\n<div style=\"height:20px\" aria-hidden=\"true\" class=\"wp-block-spacer\"><\/div>\n\n\n\n<div style=\"height:20px\" aria-hidden=\"true\" class=\"wp-block-spacer\"><\/div>\n\n\n\n<h1 class=\"wp-block-heading\">V\u00e5r kontakt med dig som v\u00e5rdnadshavare<\/h1>\n\n\n\n<h2 class=\"wp-block-heading\">Mitt Pysslingen<\/h2>\n\n\n\n<p>Genom v\u00e5r digitala l\u00e4rplattform Mitt Pysslingen f\u00e5r du som v\u00e5rdnadshavare kontinuerligt information fr\u00e5n avdelningen om barnets utveckling och l\u00e4rande.<\/p>\n\n\n\n<h2 class=\"wp-block-heading\">F\u00f6rskoler\u00e5d<\/h2>\n\n\n\n<p>En g\u00e5ng per termin bjuder Knatteborgens platsansvarige tillsammans med rektor in till f\u00f6rskoler\u00e5d. D\u00e4r har du som v\u00e5rdnadshavare m\u00f6jlighet att diskutera aktuella fr\u00e5gor om verksamheten och andra \u00f6vergripande fr\u00e5gor. Syftet med f\u00f6rskoler\u00e5det \u00e4r att \u00f6ka v\u00e5rdnadshavarnas delaktighet i verksamheten och ge m\u00f6jlighet att p\u00e5verka sitt barns vardag. Alla v\u00e5rdnadshavare \u00e4r v\u00e4lkomna att delta i f\u00f6rskoler\u00e5det.<\/p>\n\n\n\n<h2 class=\"wp-block-heading\">Vi bjuder \u00e4ven in till andra samverkansformer s\u00e5som:<\/h2>\n\n\n\n<ul>\n<li>daglig information vid l\u00e4mning och h\u00e4mtning<\/li>\n\n\n\n<li>m\u00e5nadsbrev fr\u00e5n rektor med information som r\u00f6r hela verksamheten<\/li>\n\n\n\n<li>utvecklingssamtal<\/li>\n\n\n\n<li>f\u00f6r\u00e4ldram\u00f6te en g\u00e5ng per l\u00e4s\u00e5r<\/li>\n\n\n\n<li>\u00e5rlig <a href=\"https:\/\/pysslingen.se\/knatteborgen\/resultat\/\">enk\u00e4tunders\u00f6kning <\/a>(enk\u00e4t d\u00e4r du som v\u00e5rdnadshavare genom dina svar har m\u00f6jlighet att vara med och p\u00e5verka v\u00e5r verksamhet)<\/li>\n\n\n\n<li>drop in-fika<\/li>\n\n\n\n<li>sommaravslutning<\/li>\n<\/ul>\n\n\n\n<div style=\"height:20px\" aria-hidden=\"true\" class=\"wp-block-spacer\"><\/div>\n\n\n\n\n<section  class=\"ams-cta ams-cta--stacked c-block l-stacked\">\n\t<div class=\"l-container l-stack l-stack-fluid-2xl u-pt-fluid-3xl-6xl u-pb-fluid-3xl-6xl is-center is-center@md\">\n\t\t\t\t\t<div class=\"ams-cta__intro l-stack l-stack-lg\">\n\t\t\t\t\t\n\t<h2\n\tclass=\"c-heading u-font-title-1 \"\n\tstyle=\"\">\n\t\t\n\t\t\t\t\tDu som v\u00e5rdnadshavare spelar en viktig roll vid inskolningen &#8211; vill du veta mer?\n\t\t\t\t\n\t<\/h2>\n\n\t\t\t\t\t\t\t<\/div>\n\t\t\n\t\t\n\t\t\t<div class=\"ams-cta__action u-inline-items\">\n\t\t\t\t\t\t\t\n\n\n<a href=\"https:\/\/pysslingen.se\/knatteborgen\/inskolning\/\"\n\t\n\tclass=\"c-btn \"\n\tdata-style=\"rounded\"\n\tdata-size=\"md\"\n\tdata-width=\"full-mobile\"\n\tdata-variant=\"default\"\n\ttarget=\"_self\">\n\t\t\t<span class=\"label\"> L\u00e4s mer om inskolning<\/span>\n\t\t\t<\/a>\n\t\t\t<\/div>\n\t<\/div>\n\n\t\t\n\n<\/section>\n","protected":false},"excerpt":{"rendered":"<p>V\u00e5r kontakt med dig som v\u00e5rdnadshavare Mitt Pysslingen Genom v\u00e5r digitala l\u00e4rplattform Mitt Pysslingen f\u00e5r du som v\u00e5rdnadshavare kontinuerligt information fr\u00e5n avdelningen om barnets utveckling och l\u00e4rande. F\u00f6rskoler\u00e5d En g\u00e5ng per termin bjuder Knatteborgens platsansvarige tillsammans med rektor in till f\u00f6rskoler\u00e5d. D\u00e4r har du som v\u00e5rdnadshavare m\u00f6jlighet att diskutera aktuella fr\u00e5gor om verksamheten och andra&#8230;<\/p>\n","protected":false},"author":5,"featured_media":0,"parent":0,"menu_order":0,"comment_status":"closed","ping_status":"closed","template":"","meta":{"footnotes":""},"yoast_head":"<!-- This site is optimized with the Yoast SEO plugin v22.0 - https:\/\/yoast.com\/wordpress\/plugins\/seo\/ -->\n<title>Knatteborgen<\/title>\n<meta name=\"description\" content=\"Genom en god och regelbunden kommunikation kan du vara med och p\u00e5verka ditt barns utveckling och l\u00e4rande p\u00e5 f\u00f6rskolan Knatteborgen.\" \/>\n<meta name=\"robots\" content=\"index, follow, max-snippet:-1, max-image-preview:large, max-video-preview:-1\" \/>\n<link rel=\"canonical\" href=\"https:\/\/pysslingen.se\/knatteborgen\/samverkan-med-hemmet\/\" \/>\n<meta property=\"og:locale\" content=\"sv_SE\" \/>\n<meta property=\"og:type\" content=\"article\" \/>\n<meta property=\"og:description\" content=\"Genom en god och regelbunden kommunikation kan du vara med och p\u00e5verka ditt barns utveckling och l\u00e4rande p\u00e5 f\u00f6rskolan Knatteborgen.\" \/>\n<meta property=\"og:url\" content=\"https:\/\/pysslingen.se\/knatteborgen\/samverkan-med-hemmet\/\" \/>\n<meta property=\"og:site_name\" content=\"Knatteborgen\" \/>\n<meta property=\"article:modified_time\" content=\"2024-11-13T10:32:05+00:00\" \/>\n<meta name=\"twitter:card\" content=\"summary_large_image\" \/>\n<meta name=\"twitter:description\" content=\"Genom en god och regelbunden kommunikation kan du vara med och p\u00e5verka ditt barns utveckling och l\u00e4rande p\u00e5 f\u00f6rskolan Knatteborgen.\" \/>\n<meta name=\"twitter:image\" content=\"https:\/\/pysslingen.se\/wp-content\/uploads\/sites\/5\/2020\/10\/1pysslingenannonsmateriall1200x628.png\" \/>\n<meta name=\"twitter:label1\" content=\"Ber\u00e4knad l\u00e4stid\" \/>\n\t<meta name=\"twitter:data1\" content=\"1 minut\" \/>\n<script type=\"application\/ld+json\" class=\"yoast-schema-graph\">{\"@context\":\"https:\/\/schema.org\",\"@graph\":[{\"@type\":\"WebPage\",\"@id\":\"https:\/\/pysslingen.se\/knatteborgen\/samverkan-med-hemmet\/\",\"url\":\"https:\/\/pysslingen.se\/knatteborgen\/samverkan-med-hemmet\/\",\"name\":\"Samverkan med hemmet - Knatteborgen\",\"isPartOf\":{\"@id\":\"https:\/\/pysslingen.se\/knatteborgen\/#website\"},\"datePublished\":\"2020-10-01T11:27:44+00:00\",\"dateModified\":\"2024-11-13T10:32:05+00:00\",\"description\":\"Genom en god och regelbunden kommunikation kan du vara med och p\u00e5verka ditt barns utveckling och l\u00e4rande p\u00e5 f\u00f6rskolan Knatteborgen.\",\"breadcrumb\":{\"@id\":\"https:\/\/pysslingen.se\/knatteborgen\/samverkan-med-hemmet\/#breadcrumb\"},\"inLanguage\":\"sv-SE\",\"potentialAction\":[{\"@type\":\"ReadAction\",\"target\":[\"https:\/\/pysslingen.se\/knatteborgen\/samverkan-med-hemmet\/\"]}]},{\"@type\":\"BreadcrumbList\",\"@id\":\"https:\/\/pysslingen.se\/knatteborgen\/samverkan-med-hemmet\/#breadcrumb\",\"itemListElement\":[{\"@type\":\"ListItem\",\"position\":1,\"name\":\"Start\",\"item\":\"https:\/\/pysslingen.se\/knatteborgen\/\"},{\"@type\":\"ListItem\",\"position\":2,\"name\":\"Samverkan med hemmet\"}]},{\"@type\":\"WebSite\",\"@id\":\"https:\/\/pysslingen.se\/knatteborgen\/#website\",\"url\":\"https:\/\/pysslingen.se\/knatteborgen\/\",\"name\":\"Knatteborgen\",\"description\":\"En trygg och stimulerande v\u00e4rld\",\"publisher\":{\"@id\":\"https:\/\/pysslingen.se\/knatteborgen\/#organization\"},\"potentialAction\":[{\"@type\":\"SearchAction\",\"target\":{\"@type\":\"EntryPoint\",\"urlTemplate\":\"https:\/\/pysslingen.se\/knatteborgen\/?s={search_term_string}\"},\"query-input\":\"required name=search_term_string\"}],\"inLanguage\":\"sv-SE\"},{\"@type\":\"Organization\",\"@id\":\"https:\/\/pysslingen.se\/knatteborgen\/#organization\",\"name\":\"Pysslingen F\u00f6rskolor\",\"url\":\"https:\/\/pysslingen.se\/knatteborgen\/\",\"logo\":{\"@type\":\"ImageObject\",\"inLanguage\":\"sv-SE\",\"@id\":\"https:\/\/pysslingen.se\/knatteborgen\/#\/schema\/logo\/image\/\",\"url\":\"https:\/\/pysslingen.se\/wp-content\/uploads\/2021\/05\/pysslingen-forskolor.png\",\"contentUrl\":\"https:\/\/pysslingen.se\/wp-content\/uploads\/2021\/05\/pysslingen-forskolor.png\",\"width\":1120,\"height\":630,\"caption\":\"Pysslingen F\u00f6rskolor\"},\"image\":{\"@id\":\"https:\/\/pysslingen.se\/knatteborgen\/#\/schema\/logo\/image\/\"}}]}<\/script>\n<!-- \/ Yoast SEO plugin. -->","yoast_head_json":{"title":"Knatteborgen","description":"Genom en god och regelbunden kommunikation kan du vara med och p\u00e5verka ditt barns utveckling och l\u00e4rande p\u00e5 f\u00f6rskolan Knatteborgen.","robots":{"index":"index","follow":"follow","max-snippet":"max-snippet:-1","max-image-preview":"max-image-preview:large","max-video-preview":"max-video-preview:-1"},"canonical":"https:\/\/pysslingen.se\/knatteborgen\/samverkan-med-hemmet\/","og_locale":"sv_SE","og_type":"article","og_description":"Genom en god och regelbunden kommunikation kan du vara med och p\u00e5verka ditt barns utveckling och l\u00e4rande p\u00e5 f\u00f6rskolan Knatteborgen.","og_url":"https:\/\/pysslingen.se\/knatteborgen\/samverkan-med-hemmet\/","og_site_name":"Knatteborgen","article_modified_time":"2024-11-13T10:32:05+00:00","twitter_card":"summary_large_image","twitter_description":"Genom en god och regelbunden kommunikation kan du vara med och p\u00e5verka ditt barns utveckling och l\u00e4rande p\u00e5 f\u00f6rskolan Knatteborgen.","twitter_image":"https:\/\/pysslingen.se\/wp-content\/uploads\/sites\/5\/2020\/10\/1pysslingenannonsmateriall1200x628.png","twitter_misc":{"Ber\u00e4knad l\u00e4stid":"1 minut"},"schema":{"@context":"https:\/\/schema.org","@graph":[{"@type":"WebPage","@id":"https:\/\/pysslingen.se\/knatteborgen\/samverkan-med-hemmet\/","url":"https:\/\/pysslingen.se\/knatteborgen\/samverkan-med-hemmet\/","name":"Samverkan med hemmet - Knatteborgen","isPartOf":{"@id":"https:\/\/pysslingen.se\/knatteborgen\/#website"},"datePublished":"2020-10-01T11:27:44+00:00","dateModified":"2024-11-13T10:32:05+00:00","description":"Genom en god och regelbunden kommunikation kan du vara med och p\u00e5verka ditt barns utveckling och l\u00e4rande p\u00e5 f\u00f6rskolan Knatteborgen.","breadcrumb":{"@id":"https:\/\/pysslingen.se\/knatteborgen\/samverkan-med-hemmet\/#breadcrumb"},"inLanguage":"sv-SE","potentialAction":[{"@type":"ReadAction","target":["https:\/\/pysslingen.se\/knatteborgen\/samverkan-med-hemmet\/"]}]},{"@type":"BreadcrumbList","@id":"https:\/\/pysslingen.se\/knatteborgen\/samverkan-med-hemmet\/#breadcrumb","itemListElement":[{"@type":"ListItem","position":1,"name":"Start","item":"https:\/\/pysslingen.se\/knatteborgen\/"},{"@type":"ListItem","position":2,"name":"Samverkan med hemmet"}]},{"@type":"WebSite","@id":"https:\/\/pysslingen.se\/knatteborgen\/#website","url":"https:\/\/pysslingen.se\/knatteborgen\/","name":"Knatteborgen","description":"En trygg och stimulerande v\u00e4rld","publisher":{"@id":"https:\/\/pysslingen.se\/knatteborgen\/#organization"},"potentialAction":[{"@type":"SearchAction","target":{"@type":"EntryPoint","urlTemplate":"https:\/\/pysslingen.se\/knatteborgen\/?s={search_term_string}"},"query-input":"required name=search_term_string"}],"inLanguage":"sv-SE"},{"@type":"Organization","@id":"https:\/\/pysslingen.se\/knatteborgen\/#organization","name":"Pysslingen F\u00f6rskolor","url":"https:\/\/pysslingen.se\/knatteborgen\/","logo":{"@type":"ImageObject","inLanguage":"sv-SE","@id":"https:\/\/pysslingen.se\/knatteborgen\/#\/schema\/logo\/image\/","url":"https:\/\/pysslingen.se\/wp-content\/uploads\/2021\/05\/pysslingen-forskolor.png","contentUrl":"https:\/\/pysslingen.se\/wp-content\/uploads\/2021\/05\/pysslingen-forskolor.png","width":1120,"height":630,"caption":"Pysslingen F\u00f6rskolor"},"image":{"@id":"https:\/\/pysslingen.se\/knatteborgen\/#\/schema\/logo\/image\/"}}]}},"_links":{"self":[{"href":"https:\/\/pysslingen.se\/knatteborgen\/wp-json\/wp\/v2\/pages\/209"}],"collection":[{"href":"https:\/\/pysslingen.se\/knatteborgen\/wp-json\/wp\/v2\/pages"}],"about":[{"href":"https:\/\/pysslingen.se\/knatteborgen\/wp-json\/wp\/v2\/types\/page"}],"author":[{"embeddable":true,"href":"https:\/\/pysslingen.se\/knatteborgen\/wp-json\/wp\/v2\/users\/5"}],"replies":[{"embeddable":true,"href":"https:\/\/pysslingen.se\/knatteborgen\/wp-json\/wp\/v2\/comments?post=209"}],"version-history":[{"count":10,"href":"https:\/\/pysslingen.se\/knatteborgen\/wp-json\/wp\/v2\/pages\/209\/revisions"}],"predecessor-version":[{"id":1270,"href":"https:\/\/pysslingen.se\/knatteborgen\/wp-json\/wp\/v2\/pages\/209\/revisions\/1270"}],"wp:attachment":[{"href":"https:\/\/pysslingen.se\/knatteborgen\/wp-json\/wp\/v2\/media?parent=209"}],"curies":[{"name":"wp","href":"https:\/\/api.w.org\/{rel}","templated":true}]}}