{"id":1414,"date":"2022-03-16T13:55:40","date_gmt":"2022-03-16T13:55:40","guid":{"rendered":"https:\/\/pysslingen.se\/katrineberg\/?page_id=1414"},"modified":"2025-07-09T13:28:59","modified_gmt":"2025-07-09T11:28:59","slug":"visit-us","status":"publish","type":"page","link":"https:\/\/pysslingen.se\/katrineberg\/en\/visit-us\/","title":{"rendered":"Visit us"},"content":{"rendered":"\n\t\n\t\n\t\n\n\t\n\t\n\t\t\n<section  class=\"c-block l-stacked  \" data-color-scheme=\"\">\n\t<div class=\"ams-fifty ams-fifty--container ams-fifty--right ams-fifty--bottom l-container u-pt-fluid-3xl-6xl u-pb-fluid-3xl-6xl\">\n\t\t<div class=\"ams-fifty__content l-stack l-stack-xl is-left is-left@lg\">\n\t\t\t<div class=\"ams-fifty__text l-stack l-stack-lg\">\n\t\t\t\t\t\n\t<h1\n\tclass=\"c-heading u-font-title-1 \"\n\tstyle=\"\">\n\t\t\n\t\t\t\t\t\t\t\t\tYou are very welcome to visit us at Katrineberg!\n\t\t\t\t<span class=\"c-heading__sub is-below u-font-title-3\">\n\t\t\t\t\tPreschool in Liljeholmen\n\t\t\t\t<\/span>\n\t\t\t\t\t\t\t\n\t<\/h1>\n\n\t\t\t\t\t\t\t\t\t<div class=\"text l-stack u-font-body\">\n\t\t\t\t\t\t<p>We organise tours of the preschool based on your personal preferences. If you wish to book a tour, please contact our <a href=\"https:\/\/pysslingen.se\/katrineberg\/en\/contact\/\">local manager<\/a>.<\/p>\n\n\t\t\t\t\t<\/div>\n\t\t\t\t\t\t\t<\/div>\n\n\t\t\t\t<div class=\"ams-fifty__action u-inline-items\">\n\t\t\t\t\t\t\t\n\n\n<a href=\"https:\/\/pysslingen.se\/katrineberg\/en\/contact\/\"\n\t\n\tclass=\"c-btn \"\n\tdata-style=\"rounded\"\n\tdata-size=\"md\"\n\tdata-width=\"full-mobile\"\n\tdata-variant=\"default\"\n\ttarget=\"_self\">\n\t\t\t<span class=\"label\"> Book a visit<\/span>\n\t\t\t<\/a>\n\t\t\t\t\t\t\t\n\n\n<a href=\"https:\/\/pysslingen.se\/katrineberg\/en\/visit-us\/#minipyss\"\n\t\n\tclass=\"c-btn \"\n\tdata-style=\"rounded\"\n\tdata-size=\"md\"\n\tdata-width=\"full-mobile\"\n\tdata-variant=\"outline\"\n\ttarget=\"_self\">\n\t\t\t<span class=\"label\"> Discover MiniPyss &#8211; for babies<\/span>\n\t\t\t<\/a>\n\t\t\t<\/div>\n\t\t<\/div>\n\n\t\t <div class=\"ams-fifty__media u-ratio-landscape\">\n\t\t \t\t\t\t\t<img decoding=\"async\" width=\"600\" height=\"400\" src=\"https:\/\/pysslingen.se\/wp-content\/uploads\/sites\/75\/2025\/07\/gardfasad-600x400.jpg\" class=\"attachment-md size-md\" alt=\"Fasaden p\u00e5 Katrineberg.\" sizes=\"(min-width: 64em) 600px, calc(100vw - 160px)\" srcset=\"https:\/\/pysslingen.se\/wp-content\/uploads\/sites\/75\/2025\/07\/gardfasad-600x400.jpg 600w, https:\/\/pysslingen.se\/wp-content\/uploads\/sites\/75\/2025\/07\/gardfasad-300x200.jpg 300w, https:\/\/pysslingen.se\/wp-content\/uploads\/sites\/75\/2025\/07\/gardfasad-400x267.jpg 400w, https:\/\/pysslingen.se\/wp-content\/uploads\/sites\/75\/2025\/07\/gardfasad-800x533.jpg 800w, https:\/\/pysslingen.se\/wp-content\/uploads\/sites\/75\/2025\/07\/gardfasad-1024x682.jpg 1024w, https:\/\/pysslingen.se\/wp-content\/uploads\/sites\/75\/2025\/07\/gardfasad-1200x800.jpg 1200w, https:\/\/pysslingen.se\/wp-content\/uploads\/sites\/75\/2025\/07\/gardfasad.jpg 1787w\" \/>\n\t\t\t\n\t\t\t\n\t\t\t\t\t<\/div>\n\t<\/div>\n\n\t\t\n\n<\/section>\n\n\n\n\t\n\t\n\t\n\n\t\n\t\n\t\t\n<section  class=\"c-block l-stacked  \" data-color-scheme=\"nyans2_av_p2-card-bakgrund-hover-standard_standard\">\n\t<div class=\"ams-fifty ams-fifty--container ams-fifty--left ams-fifty--bottom l-container u-pt-fluid-md-xl u-pb-fluid-md-xl\">\n\t\t<div class=\"ams-fifty__content l-stack l-stack-xl is-left is-left@lg\">\n\t\t\t<div class=\"ams-fifty__text l-stack l-stack-lg\">\n\t\t\t\t\t\n\t<h2\n\tclass=\"c-heading u-font-title-1 \"\n\tstyle=\"\">\n\t\t\n\t\t\t\t\tWhat does a preschool tour involve?\n\t\t\t\t\n\t<\/h2>\n\n\t\t\t\t\t\t\t\t\t<div class=\"text l-stack u-font-body\">\n\t\t\t\t\t\t<p class=\"p1\">During your visit, a site coordinator will guide you through our facilities and explain how we work to create a safe and stimulating environment for the children in our care.<\/p>\n<p class=\"p1\"><b>Three reasons to book a preschool tour:<\/b><\/p>\n<ul class=\"ul1\">\n<li class=\"li1\">Get a feel for our facilities and the overall atmosphere of the preschool<\/li>\n<li class=\"li1\">Ask your questions directly to a member of our teaching staff<\/li>\n<li class=\"li1\">Observe how we foster safety and learning\u2014from the first introduction to the final year of preschool<\/li>\n<\/ul>\n\n\t\t\t\t\t<\/div>\n\t\t\t\t\t\t\t<\/div>\n\n\t\t\t\t\t<\/div>\n\n\t\t <div class=\"ams-fifty__media u-ratio-landscape\">\n\t\t \t\t\t\t\t<img decoding=\"async\" width=\"600\" height=\"450\" src=\"https:\/\/pysslingen.se\/wp-content\/uploads\/sites\/75\/2020\/11\/akatrineberg-scaled.jpg\" class=\"attachment-md size-md\" alt=\"L\u00e4rmilj\u00f6 inomhus p\u00e5 en avdelning p\u00e5 Katrineberg.\" sizes=\"(min-width: 64em) 600px, calc(100vw - 160px)\" srcset=\"https:\/\/pysslingen.se\/wp-content\/uploads\/sites\/75\/2020\/11\/akatrineberg-scaled.jpg 2560w, https:\/\/pysslingen.se\/wp-content\/uploads\/sites\/75\/2020\/11\/akatrineberg-300x225.jpg 300w, https:\/\/pysslingen.se\/wp-content\/uploads\/sites\/75\/2020\/11\/akatrineberg-1024x768.jpg 1024w, https:\/\/pysslingen.se\/wp-content\/uploads\/sites\/75\/2020\/11\/akatrineberg-768x576.jpg 768w, https:\/\/pysslingen.se\/wp-content\/uploads\/sites\/75\/2020\/11\/akatrineberg-1536x1152.jpg 1536w, https:\/\/pysslingen.se\/wp-content\/uploads\/sites\/75\/2020\/11\/akatrineberg-2048x1536.jpg 2048w, https:\/\/pysslingen.se\/wp-content\/uploads\/sites\/75\/2020\/11\/akatrineberg-1920x1440.jpg 1920w, https:\/\/pysslingen.se\/wp-content\/uploads\/sites\/75\/2020\/11\/akatrineberg-1100x825.jpg 1100w, https:\/\/pysslingen.se\/wp-content\/uploads\/sites\/75\/2020\/11\/akatrineberg-893x670.jpg 893w\" \/>\n\t\t\t\n\t\t\t\n\t\t\t\t\t<\/div>\n\t<\/div>\n\n\t\t\n\n<\/section>\n\n\n\n\t\n\t\n\t\n\n\t\n\t\n\t\t\n<section id=minipyss class=\"c-block l-stacked  \" data-color-scheme=\"\">\n\t<div class=\"ams-fifty ams-fifty--container ams-fifty--right ams-fifty--bottom l-container u-pt-fluid-3xl-6xl u-pb-fluid-3xl-6xl\">\n\t\t<div class=\"ams-fifty__content l-stack l-stack-xl is-left is-left@lg\">\n\t\t\t<div class=\"ams-fifty__text l-stack l-stack-lg\">\n\t\t\t\t\t\n\t<h2\n\tclass=\"c-heading u-font-title-1 \"\n\tstyle=\"\">\n\t\t\n\t\t\t\t\tMiniPyss &#8211; open preschool for babies\n\t\t\t\t\n\t<\/h2>\n\n\t\t\t\t\t\t\t\t\t<div class=\"text l-stack u-font-body\">\n\t\t\t\t\t\t<p>Join us for relaxed play sessions in an inspiring environment designed for the youngest children. Meet other parents, enjoy fun activities like singing and play, and have a coffee on us.<\/p>\n<p>You\u2019ll also have the chance to talk to our staff and get tips about parenting and preschool.<\/p>\n<p><strong>When?<\/strong> MiniPyss takes a summer break from June to August. New dates will be posted in August.<br \/>\n<strong>Where?<\/strong> Katrinebergsbacken 24, Liljeholmen<\/p>\n<p>No registration needed. Follow us on Instagram @pysslingen_minipyss for updates and schedule changes.<\/p>\n\n\t\t\t\t\t<\/div>\n\t\t\t\t\t\t\t<\/div>\n\n\t\t\t\t\t<\/div>\n\n\t\t <div class=\"ams-fifty__media u-ratio-landscape\">\n\t\t \t\t\t\t\t<img decoding=\"async\" width=\"600\" height=\"718\" src=\"https:\/\/pysslingen.se\/wp-content\/uploads\/sites\/75\/2024\/12\/memorykort-pol-600x718.jpg\" class=\"attachment-md size-md\" alt=\"barn spelar Pyss och Lings memory\" sizes=\"(min-width: 64em) 600px, calc(100vw - 160px)\" srcset=\"https:\/\/pysslingen.se\/wp-content\/uploads\/sites\/75\/2024\/12\/memorykort-pol-600x718.jpg 600w, https:\/\/pysslingen.se\/wp-content\/uploads\/sites\/75\/2024\/12\/memorykort-pol-300x359.jpg 300w, https:\/\/pysslingen.se\/wp-content\/uploads\/sites\/75\/2024\/12\/memorykort-pol-400x479.jpg 400w, https:\/\/pysslingen.se\/wp-content\/uploads\/sites\/75\/2024\/12\/memorykort-pol-800x958.jpg 800w, https:\/\/pysslingen.se\/wp-content\/uploads\/sites\/75\/2024\/12\/memorykort-pol-1024x1226.jpg 1024w, https:\/\/pysslingen.se\/wp-content\/uploads\/sites\/75\/2024\/12\/memorykort-pol.jpg 1080w\" \/>\n\t\t\t\n\t\t\t\n\t\t\t\t\t<\/div>\n\t<\/div>\n\n\t\t\n\n<\/section>\n\n\n\n\n<section  class=\"ams-cta ams-cta--stacked c-block l-stacked\">\n\t<div class=\"l-container l-stack l-stack-fluid-2xl u-pt-fluid-md-xl u-pb-fluid-md-xl is-center is-center@md\">\n\t\t\t\t\t<div class=\"ams-cta__intro l-stack l-stack-lg\">\n\t\t\t\t\t\n\t<h2\n\tclass=\"c-heading u-font-title-1 \"\n\tstyle=\"\">\n\t\t\n\t\t\t\t\tExplore our preschool\n\t\t\t\t\n\t<\/h2>\n\n\t\t\t\t\t\t\t<\/div>\n\t\t\n\t\t\n\t\t\t<div class=\"ams-cta__action u-inline-items\">\n\t\t\t\t\t\t\t\n\n\n<a href=\"https:\/\/pysslingen.se\/katrineberg\/en\/about-the-preschool\"\n\t\n\tclass=\"c-btn \"\n\tdata-style=\"rounded\"\n\tdata-size=\"md\"\n\tdata-width=\"full-mobile\"\n\tdata-variant=\"default\"\n\ttarget=\"_self\">\n\t\t\t<span class=\"label\"> About our preschool<\/span>\n\t\t\t<\/a>\n\t\t\t<\/div>\n\t<\/div>\n\n\t\t\n\n<\/section>\n","protected":false},"excerpt":{"rendered":"","protected":false},"author":74,"featured_media":0,"parent":0,"menu_order":0,"comment_status":"closed","ping_status":"closed","template":"","meta":{"footnotes":""},"yoast_head":"<!-- This site is optimized with the Yoast SEO plugin v22.0 - https:\/\/yoast.com\/wordpress\/plugins\/seo\/ -->\n<title>You are welcome to visit us at the Katrineberg preschool!<\/title>\n<meta name=\"description\" content=\"You are welcome to visit us at the Katrineberg preschool! Contact us to experience our environment and meet our teachers. Read more!\" \/>\n<meta name=\"robots\" content=\"index, follow, max-snippet:-1, max-image-preview:large, max-video-preview:-1\" \/>\n<link rel=\"canonical\" href=\"https:\/\/pysslingen.se\/katrineberg\/en\/visit-us\/\" \/>\n<meta property=\"og:locale\" content=\"en_US\" \/>\n<meta property=\"og:type\" content=\"article\" \/>\n<meta property=\"og:title\" content=\"You are welcome to visit us at the Katrineberg preschool!\" \/>\n<meta property=\"og:description\" content=\"You are welcome to visit us at the Katrineberg preschool! Contact us to experience our environment and meet our teachers. Read more!\" \/>\n<meta property=\"og:url\" content=\"https:\/\/pysslingen.se\/katrineberg\/en\/visit-us\/\" \/>\n<meta property=\"og:site_name\" content=\"Katrineberg\" \/>\n<meta property=\"article:modified_time\" content=\"2025-07-09T11:28:59+00:00\" \/>\n<meta name=\"twitter:card\" content=\"summary_large_image\" \/>\n<meta name=\"twitter:title\" content=\"You are welcome to visit us at the Katrineberg preschool!\" \/>\n<meta name=\"twitter:description\" content=\"You are welcome to visit us at the Katrineberg preschool! Contact us to experience our environment and meet our teachers. Read more!\" \/>\n<script type=\"application\/ld+json\" class=\"yoast-schema-graph\">{\"@context\":\"https:\/\/schema.org\",\"@graph\":[{\"@type\":\"WebPage\",\"@id\":\"https:\/\/pysslingen.se\/katrineberg\/en\/visit-us\/\",\"url\":\"https:\/\/pysslingen.se\/katrineberg\/en\/visit-us\/\",\"name\":\"You are welcome to visit us at the Katrineberg preschool!\",\"isPartOf\":{\"@id\":\"https:\/\/pysslingen.se\/katrineberg\/#website\"},\"datePublished\":\"2022-03-16T13:55:40+00:00\",\"dateModified\":\"2025-07-09T11:28:59+00:00\",\"description\":\"You are welcome to visit us at the Katrineberg preschool! Contact us to experience our environment and meet our teachers. Read more!\",\"breadcrumb\":{\"@id\":\"https:\/\/pysslingen.se\/katrineberg\/en\/visit-us\/#breadcrumb\"},\"inLanguage\":\"en-US\",\"potentialAction\":[{\"@type\":\"ReadAction\",\"target\":[\"https:\/\/pysslingen.se\/katrineberg\/en\/visit-us\/\"]}]},{\"@type\":\"BreadcrumbList\",\"@id\":\"https:\/\/pysslingen.se\/katrineberg\/en\/visit-us\/#breadcrumb\",\"itemListElement\":[{\"@type\":\"ListItem\",\"position\":1,\"name\":\"Start\",\"item\":\"https:\/\/pysslingen.se\/katrineberg\/en\/\"},{\"@type\":\"ListItem\",\"position\":2,\"name\":\"Visit us\"}]},{\"@type\":\"WebSite\",\"@id\":\"https:\/\/pysslingen.se\/katrineberg\/#website\",\"url\":\"https:\/\/pysslingen.se\/katrineberg\/\",\"name\":\"Katrineberg\",\"description\":\"En trygg och stimulerande v\u00e4rld\",\"publisher\":{\"@id\":\"https:\/\/pysslingen.se\/katrineberg\/#organization\"},\"potentialAction\":[{\"@type\":\"SearchAction\",\"target\":{\"@type\":\"EntryPoint\",\"urlTemplate\":\"https:\/\/pysslingen.se\/katrineberg\/?s={search_term_string}\"},\"query-input\":\"required name=search_term_string\"}],\"inLanguage\":\"en-US\"},{\"@type\":\"Organization\",\"@id\":\"https:\/\/pysslingen.se\/katrineberg\/#organization\",\"name\":\"Pysslingen F\u00f6rskolor\",\"url\":\"https:\/\/pysslingen.se\/katrineberg\/\",\"logo\":{\"@type\":\"ImageObject\",\"inLanguage\":\"en-US\",\"@id\":\"https:\/\/pysslingen.se\/katrineberg\/#\/schema\/logo\/image\/\",\"url\":\"https:\/\/pysslingen.se\/wp-content\/uploads\/2021\/05\/pysslingen-forskolor.png\",\"contentUrl\":\"https:\/\/pysslingen.se\/wp-content\/uploads\/2021\/05\/pysslingen-forskolor.png\",\"width\":1120,\"height\":630,\"caption\":\"Pysslingen F\u00f6rskolor\"},\"image\":{\"@id\":\"https:\/\/pysslingen.se\/katrineberg\/#\/schema\/logo\/image\/\"}}]}<\/script>\n<!-- \/ Yoast SEO plugin. -->","yoast_head_json":{"title":"You are welcome to visit us at the Katrineberg preschool!","description":"You are welcome to visit us at the Katrineberg preschool! Contact us to experience our environment and meet our teachers. Read more!","robots":{"index":"index","follow":"follow","max-snippet":"max-snippet:-1","max-image-preview":"max-image-preview:large","max-video-preview":"max-video-preview:-1"},"canonical":"https:\/\/pysslingen.se\/katrineberg\/en\/visit-us\/","og_locale":"en_US","og_type":"article","og_title":"You are welcome to visit us at the Katrineberg preschool!","og_description":"You are welcome to visit us at the Katrineberg preschool! Contact us to experience our environment and meet our teachers. Read more!","og_url":"https:\/\/pysslingen.se\/katrineberg\/en\/visit-us\/","og_site_name":"Katrineberg","article_modified_time":"2025-07-09T11:28:59+00:00","twitter_card":"summary_large_image","twitter_title":"You are welcome to visit us at the Katrineberg preschool!","twitter_description":"You are welcome to visit us at the Katrineberg preschool! Contact us to experience our environment and meet our teachers. Read more!","schema":{"@context":"https:\/\/schema.org","@graph":[{"@type":"WebPage","@id":"https:\/\/pysslingen.se\/katrineberg\/en\/visit-us\/","url":"https:\/\/pysslingen.se\/katrineberg\/en\/visit-us\/","name":"You are welcome to visit us at the Katrineberg preschool!","isPartOf":{"@id":"https:\/\/pysslingen.se\/katrineberg\/#website"},"datePublished":"2022-03-16T13:55:40+00:00","dateModified":"2025-07-09T11:28:59+00:00","description":"You are welcome to visit us at the Katrineberg preschool! Contact us to experience our environment and meet our teachers. Read more!","breadcrumb":{"@id":"https:\/\/pysslingen.se\/katrineberg\/en\/visit-us\/#breadcrumb"},"inLanguage":"en-US","potentialAction":[{"@type":"ReadAction","target":["https:\/\/pysslingen.se\/katrineberg\/en\/visit-us\/"]}]},{"@type":"BreadcrumbList","@id":"https:\/\/pysslingen.se\/katrineberg\/en\/visit-us\/#breadcrumb","itemListElement":[{"@type":"ListItem","position":1,"name":"Start","item":"https:\/\/pysslingen.se\/katrineberg\/en\/"},{"@type":"ListItem","position":2,"name":"Visit us"}]},{"@type":"WebSite","@id":"https:\/\/pysslingen.se\/katrineberg\/#website","url":"https:\/\/pysslingen.se\/katrineberg\/","name":"Katrineberg","description":"En trygg och stimulerande v\u00e4rld","publisher":{"@id":"https:\/\/pysslingen.se\/katrineberg\/#organization"},"potentialAction":[{"@type":"SearchAction","target":{"@type":"EntryPoint","urlTemplate":"https:\/\/pysslingen.se\/katrineberg\/?s={search_term_string}"},"query-input":"required name=search_term_string"}],"inLanguage":"en-US"},{"@type":"Organization","@id":"https:\/\/pysslingen.se\/katrineberg\/#organization","name":"Pysslingen F\u00f6rskolor","url":"https:\/\/pysslingen.se\/katrineberg\/","logo":{"@type":"ImageObject","inLanguage":"en-US","@id":"https:\/\/pysslingen.se\/katrineberg\/#\/schema\/logo\/image\/","url":"https:\/\/pysslingen.se\/wp-content\/uploads\/2021\/05\/pysslingen-forskolor.png","contentUrl":"https:\/\/pysslingen.se\/wp-content\/uploads\/2021\/05\/pysslingen-forskolor.png","width":1120,"height":630,"caption":"Pysslingen F\u00f6rskolor"},"image":{"@id":"https:\/\/pysslingen.se\/katrineberg\/#\/schema\/logo\/image\/"}}]}},"_links":{"self":[{"href":"https:\/\/pysslingen.se\/katrineberg\/en\/wp-json\/wp\/v2\/pages\/1414"}],"collection":[{"href":"https:\/\/pysslingen.se\/katrineberg\/en\/wp-json\/wp\/v2\/pages"}],"about":[{"href":"https:\/\/pysslingen.se\/katrineberg\/en\/wp-json\/wp\/v2\/types\/page"}],"author":[{"embeddable":true,"href":"https:\/\/pysslingen.se\/katrineberg\/en\/wp-json\/wp\/v2\/users\/74"}],"replies":[{"embeddable":true,"href":"https:\/\/pysslingen.se\/katrineberg\/en\/wp-json\/wp\/v2\/comments?post=1414"}],"version-history":[{"count":10,"href":"https:\/\/pysslingen.se\/katrineberg\/en\/wp-json\/wp\/v2\/pages\/1414\/revisions"}],"predecessor-version":[{"id":2033,"href":"https:\/\/pysslingen.se\/katrineberg\/en\/wp-json\/wp\/v2\/pages\/1414\/revisions\/2033"}],"wp:attachment":[{"href":"https:\/\/pysslingen.se\/katrineberg\/en\/wp-json\/wp\/v2\/media?parent=1414"}],"curies":[{"name":"wp","href":"https:\/\/api.w.org\/{rel}","templated":true}]}}