{"id":209,"date":"2020-10-01T11:27:44","date_gmt":"2020-10-01T11:27:44","guid":{"rendered":"https:\/\/pysslingen.se\/karolina\/?page_id=209"},"modified":"2025-02-06T08:34:47","modified_gmt":"2025-02-06T07:34:47","slug":"samverkan-med-hemmet","status":"publish","type":"page","link":"https:\/\/pysslingen.se\/karolina\/samverkan-med-hemmet\/","title":{"rendered":"Samverkan med hemmet"},"content":{"rendered":"\t<div\n\t\t class=\"module_wrapper container-fluid images-module\" >\n\t\t<div class=\"row\">\n\t\t\t<div\n\t\t\t\t\tclass=\"col-12 m-0 p-0 position-relative images_module__slideshow images_module__slideshow-container module-expand \">\n\n\t\t\t\t<div class=\"images_module__slide \" data-slide=\"\"\n\t\t\t\t\t data-duration=\"\"><\/div>\n\t\t\t\t\t\t\t\t\t<div\n\t\t\t\t\t\t class=\"images_module__slides \">\n\n\n\t\t\t\t\t\t<div class=\"images__wrapper\"\n\t\t\t\t\t\t\t style=\"aspect-ratio: 1441 \/ 531;\">\n\t\t\t\t\t\t\t<img decoding=\"async\" width=\"2500\" height=\"1308\" src=\"https:\/\/pysslingen.se\/wp-content\/uploads\/sites\/46\/2020\/10\/1pysslingenannonsmateriall1200x628.png\" class=\"images__image_ratio  \" alt=\"Pyss kommer med sin pappa till f\u00f6rskolan Pysslingen\" style=\"aspect-ratio: 1441 \/ 531;object-position: _center-center;\" srcset=\"https:\/\/pysslingen.se\/wp-content\/uploads\/sites\/46\/2020\/10\/1pysslingenannonsmateriall1200x628.png 2500w, https:\/\/pysslingen.se\/wp-content\/uploads\/sites\/46\/2020\/10\/1pysslingenannonsmateriall1200x628-300x157.png 300w, https:\/\/pysslingen.se\/wp-content\/uploads\/sites\/46\/2020\/10\/1pysslingenannonsmateriall1200x628-1024x536.png 1024w, https:\/\/pysslingen.se\/wp-content\/uploads\/sites\/46\/2020\/10\/1pysslingenannonsmateriall1200x628-768x402.png 768w, https:\/\/pysslingen.se\/wp-content\/uploads\/sites\/46\/2020\/10\/1pysslingenannonsmateriall1200x628-1536x804.png 1536w, https:\/\/pysslingen.se\/wp-content\/uploads\/sites\/46\/2020\/10\/1pysslingenannonsmateriall1200x628-2048x1072.png 2048w, https:\/\/pysslingen.se\/wp-content\/uploads\/sites\/46\/2020\/10\/1pysslingenannonsmateriall1200x628-1920x1005.png 1920w, https:\/\/pysslingen.se\/wp-content\/uploads\/sites\/46\/2020\/10\/1pysslingenannonsmateriall1200x628-1100x576.png 1100w, https:\/\/pysslingen.se\/wp-content\/uploads\/sites\/46\/2020\/10\/1pysslingenannonsmateriall1200x628-1000x523.png 1000w\" sizes=\"(max-width: 2500px) 100vw, 2500px\" \/>\t\t\t\t\t\t<\/div>\n\n\t\t\t\t\t\t\n\t\t\t\t\t\t\t\t\t\t\t<\/div>\n\t\t\t\t\n\t\t\t\t<div class=\"images_module__container_dot \">\n\t\t\t\t\t<div style=\"text-align:center\">\n\t\t\t\t\t\t\t\t\t\t\t\t\t<span   data-i=\"0\"\n\t\t\t\t\t\t\t\t  class=\"images_module__dot\n\t\t\t\t\t\t\t\t\t\t\t\t\t  \"><\/span>\n\t\t\t\t\t\t\t\t\t\t\t<\/div>\n\t\t\t\t<\/div>\n\n\t\t\t<\/div>\n\t\t<\/div>\n\t<\/div>\n\n\n\t\n\n\n<script>\n\tvar images_display_descriptive_text = \"\";\n<\/script>\n\n\n\n<div style=\"height:20px\" aria-hidden=\"true\" class=\"wp-block-spacer\"><\/div>\n\n\n\n<div style=\"height:20px\" aria-hidden=\"true\" class=\"wp-block-spacer\"><\/div>\n\n\n\n<h1 class=\"wp-block-heading\">Samverkan med hemmet<\/h1>\n\n\n\n<p   class=\"site__ingress container text-left  site__text-color--dark  site__free_text--ingress p-0\">\n\tEftersom du \u00e4r en viktiga vuxna i ditt barns liv, s\u00e5 \u00e4r samverkan med dig en viktig del i v\u00e5rt arbete med barnen.<\/p>\n\n\n\n\n\n<h2 class=\"wp-block-heading\">Inskolning<\/h2>\n\n\n\n<p>P\u00e5 Karolina anv\u00e4nder vi oss av en f\u00f6r\u00e4ldraaktiv tre dagars introduktion\/inskolning, d\u00e5 du deltar i verksamheten och i dagens rutiner tillsammans med oss pedagoger. Genom ditt deltagande f\u00e5r barnet en trygg start p\u00e5 sin f\u00f6rskoletid och du f\u00e5r en inblick i hur verksamheten ser ut.<\/p>\n\n\n\n<h2 class=\"wp-block-heading\">Uppf\u00f6ljningssamtal<\/h2>\n\n\n\n<p>Efter avslutad inskolning bjuder vi in till ett uppf\u00f6ljningssamtal. D\u00e4r pratar vi om hur du och ditt barn upplevt introduktionen och om eventuella fr\u00e5gor du kan ha efter er f\u00f6rsta tid hos oss.<\/p>\n\n\n\n<h2 class=\"wp-block-heading\">Det dagliga m\u00f6tet<\/h2>\n\n\n\n<p>Vi l\u00e4gger stor vikt vid det dagliga m\u00f6tet. Samtalet vid l\u00e4mning \u00e4r stunden d\u00e5 du ger oss ett nul\u00e4ge kring ditt barn, och vid l\u00e4mning ger vi en uppdatering om hur dagen varit.<\/p>\n\n\n\n<h2 class=\"wp-block-heading\">Uppstartssamtal<\/h2>\n\n\n\n<p>Vid starten p\u00e5 h\u00f6stterminen erbjuds alla v\u00e5rdnadshavare ett uppstartssamtal. Syftet \u00e4r att vi tillsammans, hem och f\u00f6rskola, ska starta upp i ett gemensamt nul\u00e4ge f\u00f6r just ditt barn.&nbsp;<\/p>\n\n\n\n<h2 class=\"wp-block-heading\">Utvecklingssamtal<\/h2>\n\n\n\n<p>Minst en g\u00e5ng per \u00e5r bjuder vi in till ett utvecklingssamtal. Vi ser det som ett v\u00e4rdefullt m\u00f6te d\u00e4r vi tillsammans pratar om just ditt barns utveckling och l\u00e4rande och hur f\u00f6rskolan och hemmet kan arbeta tillsammans s\u00e5 att vi bildar en helhet i barnets utveckling. Det ger \u00e4ven dig som v\u00e5rdnadshavare m\u00f6jlighet att st\u00e4lla fr\u00e5gor och komma med \u00f6nskem\u00e5l.<\/p>\n\n\n\n<h2 class=\"wp-block-heading\">F\u00f6r\u00e4ldram\u00f6te<\/h2>\n\n\n\n<p>Vi bjuder \u00e4ven in till ett f\u00f6r\u00e4ldram\u00f6te varje termin. Under h\u00f6stterminen har vi fokus p\u00e5 \u201dnormer och v\u00e4rden\u201d och under v\u00e5rterminen bjuder vi in till ett m\u00f6te med inriktning p\u00e5 \u201dutveckling och l\u00e4rande\u201d. P\u00e5 f\u00f6rskolan Karolina vill vi g\u00f6ra v\u00e5ra v\u00e5rdnadshavare s\u00e5 delaktiga i verksamheten som m\u00f6jligt.<\/p>\n\n\n\n<h2 class=\"wp-block-heading\">F\u00f6rskoleforum<\/h2>\n\n\n\n<p>Ett par g\u00e5nger per termin bjuder rektor och bitr\u00e4dande rektor in till ett \u00f6ppet f\u00f6rskoleforum. Syftet med f\u00f6rskoleforumet \u00e4r att skapa ett samarbete och en dialog mellan hem och f\u00f6rskola f\u00f6r att bidra till f\u00f6rskolans fortsatta utveckling.<\/p>\n\n\n\n<h2 class=\"wp-block-heading\">Mitt Pysslingen<\/h2>\n\n\n\n<p>Det \u00e4r viktigt att du har m\u00f6jligheten att vara delaktiga i ditt barns utveckling. Vi jobbar med skolplattformen Mitt Pysslingen, vilket inneb\u00e4r att du kan f\u00f6lja ditt barns utveckling via dator, mobil eller surfplatta. I Mitt Pysslingen hittar du ocks\u00e5 veckovisa verksamhetsloggar fr\u00e5n pedagogerna och viktig information\/verksamhetsbrev fr\u00e5n ledningsteamet.<\/p>\n\n\n\n<h2 class=\"wp-block-heading\">\u00c5rlig kundunders\u00f6kning<\/h2>\n\n\n\n<p>Varje \u00e5r f\u00e5r du delta i v\u00e5r \u00e5rliga <a href=\"https:\/\/pysslingen.se\/karolina\/resultat\/\">kundunders\u00f6kning<\/a> d\u00e4r vi tar reda p\u00e5 vad alla v\u00e5rdnadshavare tycker om oss. Det h\u00e4r \u00e4r ett viktigt verktyg f\u00f6r utvecklingen av v\u00e5r verksamhet.<\/p>\n\n\n\n<h2 class=\"wp-block-heading\">Bes\u00f6k oss<\/h2>\n\n\n\n<p>Ni \u00e4r alltid v\u00e4lkomna att vara med ert barn under en dag i verksamheten p\u00e5 f\u00f6rskolan Karolina f\u00f6r att se hur vi har det.<\/p>\n\n\n\n<div style=\"height:20px\" aria-hidden=\"true\" class=\"wp-block-spacer\"><\/div>\n\n\n\n\n<section  class=\"ams-cta ams-cta--stacked c-block l-stacked\">\n\t<div class=\"l-container l-stack l-stack-fluid-2xl u-pt-fluid-md-xl u-pb-fluid-md-xl is-center is-center@md\">\n\t\t\t\t\t<div class=\"ams-cta__intro l-stack l-stack-lg\">\n\t\t\t\t\t\n\t<h2\n\tclass=\"c-heading u-font-title-1 \"\n\tstyle=\"\">\n\t\t\n\t\t\t\t\tDu som v\u00e5rdnadshavare spelar en viktig roll vid inskolningen &#8211; vill du veta mer?\n\t\t\t\t\n\t<\/h2>\n\n\t\t\t\t\t\t\t<\/div>\n\t\t\n\t\t\n\t\t\t<div class=\"ams-cta__action u-inline-items\">\n\t\t\t\t\t\t\t\n\n\n<a href=\"https:\/\/pysslingen.se\/karolina\/inskolning\/\"\n\t\n\tclass=\"c-btn \"\n\tdata-style=\"rounded\"\n\tdata-size=\"md\"\n\tdata-width=\"full-mobile\"\n\tdata-variant=\"default\"\n\ttarget=\"_self\">\n\t\t\t<span class=\"label\"> L\u00e4s mer om inskolning<\/span>\n\t\t\t<\/a>\n\t\t\t<\/div>\n\t<\/div>\n\n\t\t\n\n<\/section>\n","protected":false},"excerpt":{"rendered":"<p>Samverkan med hemmet Inskolning P\u00e5 Karolina anv\u00e4nder vi oss av en f\u00f6r\u00e4ldraaktiv tre dagars introduktion\/inskolning, d\u00e5 du deltar i verksamheten och i dagens rutiner tillsammans med oss pedagoger. Genom ditt deltagande f\u00e5r barnet en trygg start p\u00e5 sin f\u00f6rskoletid och du f\u00e5r en inblick i hur verksamheten ser ut. Uppf\u00f6ljningssamtal Efter avslutad inskolning bjuder vi&#8230;<\/p>\n","protected":false},"author":5,"featured_media":0,"parent":0,"menu_order":0,"comment_status":"closed","ping_status":"closed","template":"","meta":{"footnotes":""},"yoast_head":"<!-- This site is optimized with the Yoast SEO plugin v22.0 - https:\/\/yoast.com\/wordpress\/plugins\/seo\/ -->\n<title>Karolina<\/title>\n<meta name=\"description\" content=\"Genom en god och regelbunden kommunikation kan du vara med och p\u00e5verka ditt barns utveckling och l\u00e4rande p\u00e5 f\u00f6rskolan Karolina.\" \/>\n<meta name=\"robots\" content=\"index, follow, max-snippet:-1, max-image-preview:large, max-video-preview:-1\" \/>\n<link rel=\"canonical\" href=\"https:\/\/pysslingen.se\/karolina\/samverkan-med-hemmet\/\" \/>\n<meta property=\"og:locale\" content=\"sv_SE\" \/>\n<meta property=\"og:type\" content=\"article\" \/>\n<meta property=\"og:description\" content=\"Genom en god och regelbunden kommunikation kan du vara med och p\u00e5verka ditt barns utveckling och l\u00e4rande p\u00e5 f\u00f6rskolan Karolina.\" \/>\n<meta property=\"og:url\" content=\"https:\/\/pysslingen.se\/karolina\/samverkan-med-hemmet\/\" \/>\n<meta property=\"og:site_name\" content=\"Karolina\" \/>\n<meta property=\"article:modified_time\" content=\"2025-02-06T07:34:47+00:00\" \/>\n<meta name=\"twitter:card\" content=\"summary_large_image\" \/>\n<meta name=\"twitter:description\" content=\"Genom en god och regelbunden kommunikation kan du vara med och p\u00e5verka ditt barns utveckling och l\u00e4rande p\u00e5 f\u00f6rskolan Karolina.\" \/>\n<meta name=\"twitter:image\" content=\"https:\/\/pysslingen.se\/wp-content\/uploads\/sites\/46\/2020\/10\/1pysslingenannonsmateriall1200x628.png\" \/>\n<meta name=\"twitter:label1\" content=\"Ber\u00e4knad l\u00e4stid\" \/>\n\t<meta name=\"twitter:data1\" content=\"3 minuter\" \/>\n<script type=\"application\/ld+json\" class=\"yoast-schema-graph\">{\"@context\":\"https:\/\/schema.org\",\"@graph\":[{\"@type\":\"WebPage\",\"@id\":\"https:\/\/pysslingen.se\/karolina\/samverkan-med-hemmet\/\",\"url\":\"https:\/\/pysslingen.se\/karolina\/samverkan-med-hemmet\/\",\"name\":\"Samverkan med hemmet - Karolina\",\"isPartOf\":{\"@id\":\"https:\/\/pysslingen.se\/karolina\/#website\"},\"datePublished\":\"2020-10-01T11:27:44+00:00\",\"dateModified\":\"2025-02-06T07:34:47+00:00\",\"description\":\"Genom en god och regelbunden kommunikation kan du vara med och p\u00e5verka ditt barns utveckling och l\u00e4rande p\u00e5 f\u00f6rskolan Karolina.\",\"breadcrumb\":{\"@id\":\"https:\/\/pysslingen.se\/karolina\/samverkan-med-hemmet\/#breadcrumb\"},\"inLanguage\":\"sv-SE\",\"potentialAction\":[{\"@type\":\"ReadAction\",\"target\":[\"https:\/\/pysslingen.se\/karolina\/samverkan-med-hemmet\/\"]}]},{\"@type\":\"BreadcrumbList\",\"@id\":\"https:\/\/pysslingen.se\/karolina\/samverkan-med-hemmet\/#breadcrumb\",\"itemListElement\":[{\"@type\":\"ListItem\",\"position\":1,\"name\":\"Start\",\"item\":\"https:\/\/pysslingen.se\/karolina\/\"},{\"@type\":\"ListItem\",\"position\":2,\"name\":\"Samverkan med hemmet\"}]},{\"@type\":\"WebSite\",\"@id\":\"https:\/\/pysslingen.se\/karolina\/#website\",\"url\":\"https:\/\/pysslingen.se\/karolina\/\",\"name\":\"Karolina\",\"description\":\"En trygg och stimulerande v\u00e4rld\",\"publisher\":{\"@id\":\"https:\/\/pysslingen.se\/karolina\/#organization\"},\"potentialAction\":[{\"@type\":\"SearchAction\",\"target\":{\"@type\":\"EntryPoint\",\"urlTemplate\":\"https:\/\/pysslingen.se\/karolina\/?s={search_term_string}\"},\"query-input\":\"required name=search_term_string\"}],\"inLanguage\":\"sv-SE\"},{\"@type\":\"Organization\",\"@id\":\"https:\/\/pysslingen.se\/karolina\/#organization\",\"name\":\"Pysslingen F\u00f6rskolor\",\"url\":\"https:\/\/pysslingen.se\/karolina\/\",\"logo\":{\"@type\":\"ImageObject\",\"inLanguage\":\"sv-SE\",\"@id\":\"https:\/\/pysslingen.se\/karolina\/#\/schema\/logo\/image\/\",\"url\":\"https:\/\/pysslingen.se\/wp-content\/uploads\/2021\/05\/pysslingen-forskolor.png\",\"contentUrl\":\"https:\/\/pysslingen.se\/wp-content\/uploads\/2021\/05\/pysslingen-forskolor.png\",\"width\":1120,\"height\":630,\"caption\":\"Pysslingen F\u00f6rskolor\"},\"image\":{\"@id\":\"https:\/\/pysslingen.se\/karolina\/#\/schema\/logo\/image\/\"}}]}<\/script>\n<!-- \/ Yoast SEO plugin. -->","yoast_head_json":{"title":"Karolina","description":"Genom en god och regelbunden kommunikation kan du vara med och p\u00e5verka ditt barns utveckling och l\u00e4rande p\u00e5 f\u00f6rskolan Karolina.","robots":{"index":"index","follow":"follow","max-snippet":"max-snippet:-1","max-image-preview":"max-image-preview:large","max-video-preview":"max-video-preview:-1"},"canonical":"https:\/\/pysslingen.se\/karolina\/samverkan-med-hemmet\/","og_locale":"sv_SE","og_type":"article","og_description":"Genom en god och regelbunden kommunikation kan du vara med och p\u00e5verka ditt barns utveckling och l\u00e4rande p\u00e5 f\u00f6rskolan Karolina.","og_url":"https:\/\/pysslingen.se\/karolina\/samverkan-med-hemmet\/","og_site_name":"Karolina","article_modified_time":"2025-02-06T07:34:47+00:00","twitter_card":"summary_large_image","twitter_description":"Genom en god och regelbunden kommunikation kan du vara med och p\u00e5verka ditt barns utveckling och l\u00e4rande p\u00e5 f\u00f6rskolan Karolina.","twitter_image":"https:\/\/pysslingen.se\/wp-content\/uploads\/sites\/46\/2020\/10\/1pysslingenannonsmateriall1200x628.png","twitter_misc":{"Ber\u00e4knad l\u00e4stid":"3 minuter"},"schema":{"@context":"https:\/\/schema.org","@graph":[{"@type":"WebPage","@id":"https:\/\/pysslingen.se\/karolina\/samverkan-med-hemmet\/","url":"https:\/\/pysslingen.se\/karolina\/samverkan-med-hemmet\/","name":"Samverkan med hemmet - Karolina","isPartOf":{"@id":"https:\/\/pysslingen.se\/karolina\/#website"},"datePublished":"2020-10-01T11:27:44+00:00","dateModified":"2025-02-06T07:34:47+00:00","description":"Genom en god och regelbunden kommunikation kan du vara med och p\u00e5verka ditt barns utveckling och l\u00e4rande p\u00e5 f\u00f6rskolan Karolina.","breadcrumb":{"@id":"https:\/\/pysslingen.se\/karolina\/samverkan-med-hemmet\/#breadcrumb"},"inLanguage":"sv-SE","potentialAction":[{"@type":"ReadAction","target":["https:\/\/pysslingen.se\/karolina\/samverkan-med-hemmet\/"]}]},{"@type":"BreadcrumbList","@id":"https:\/\/pysslingen.se\/karolina\/samverkan-med-hemmet\/#breadcrumb","itemListElement":[{"@type":"ListItem","position":1,"name":"Start","item":"https:\/\/pysslingen.se\/karolina\/"},{"@type":"ListItem","position":2,"name":"Samverkan med hemmet"}]},{"@type":"WebSite","@id":"https:\/\/pysslingen.se\/karolina\/#website","url":"https:\/\/pysslingen.se\/karolina\/","name":"Karolina","description":"En trygg och stimulerande v\u00e4rld","publisher":{"@id":"https:\/\/pysslingen.se\/karolina\/#organization"},"potentialAction":[{"@type":"SearchAction","target":{"@type":"EntryPoint","urlTemplate":"https:\/\/pysslingen.se\/karolina\/?s={search_term_string}"},"query-input":"required name=search_term_string"}],"inLanguage":"sv-SE"},{"@type":"Organization","@id":"https:\/\/pysslingen.se\/karolina\/#organization","name":"Pysslingen F\u00f6rskolor","url":"https:\/\/pysslingen.se\/karolina\/","logo":{"@type":"ImageObject","inLanguage":"sv-SE","@id":"https:\/\/pysslingen.se\/karolina\/#\/schema\/logo\/image\/","url":"https:\/\/pysslingen.se\/wp-content\/uploads\/2021\/05\/pysslingen-forskolor.png","contentUrl":"https:\/\/pysslingen.se\/wp-content\/uploads\/2021\/05\/pysslingen-forskolor.png","width":1120,"height":630,"caption":"Pysslingen F\u00f6rskolor"},"image":{"@id":"https:\/\/pysslingen.se\/karolina\/#\/schema\/logo\/image\/"}}]}},"_links":{"self":[{"href":"https:\/\/pysslingen.se\/karolina\/wp-json\/wp\/v2\/pages\/209"}],"collection":[{"href":"https:\/\/pysslingen.se\/karolina\/wp-json\/wp\/v2\/pages"}],"about":[{"href":"https:\/\/pysslingen.se\/karolina\/wp-json\/wp\/v2\/types\/page"}],"author":[{"embeddable":true,"href":"https:\/\/pysslingen.se\/karolina\/wp-json\/wp\/v2\/users\/5"}],"replies":[{"embeddable":true,"href":"https:\/\/pysslingen.se\/karolina\/wp-json\/wp\/v2\/comments?post=209"}],"version-history":[{"count":10,"href":"https:\/\/pysslingen.se\/karolina\/wp-json\/wp\/v2\/pages\/209\/revisions"}],"predecessor-version":[{"id":1372,"href":"https:\/\/pysslingen.se\/karolina\/wp-json\/wp\/v2\/pages\/209\/revisions\/1372"}],"wp:attachment":[{"href":"https:\/\/pysslingen.se\/karolina\/wp-json\/wp\/v2\/media?parent=209"}],"curies":[{"name":"wp","href":"https:\/\/api.w.org\/{rel}","templated":true}]}}