{"id":20,"date":"2020-09-29T09:19:21","date_gmt":"2020-09-29T09:19:21","guid":{"rendered":"https:\/\/pysslingen.se\/kadetten\/?page_id=20"},"modified":"2025-12-15T16:07:30","modified_gmt":"2025-12-15T15:07:30","slug":"maten","status":"publish","type":"page","link":"https:\/\/pysslingen.se\/kadetten\/maten\/","title":{"rendered":"V\u00e5r mat"},"content":{"rendered":"\n\t\n\t\n\t\n\n\t\n\t\n\t\t\n<section  class=\"c-block l-stacked  \" data-color-scheme=\"nyans2_av_cta-dark-card-primar1-light-hover-standard_standard\">\n\t<div class=\"ams-fifty ams-fifty--container ams-fifty--right ams-fifty--bottom l-container u-pt-fluid-3xl-6xl u-pb-fluid-3xl-6xl\">\n\t\t<div class=\"ams-fifty__content l-stack l-stack-xl is-left is-left@lg\">\n\t\t\t<div class=\"ams-fifty__text l-stack l-stack-lg\">\n\t\t\t\t\t\n\t<h1\n\tclass=\"c-heading u-font-title-1 \"\n\tstyle=\"\">\n\t\t\n\t\t\t\t\tP\u00e5 Kadetten serverar vi mat f\u00f6r aktiva barn\n\t\t\t\t\n\t<\/h1>\n\n\t\t\t\t\t\t\t\t\t<div class=\"text l-stack u-font-body\">\n\t\t\t\t\t\t<p>Maten p\u00e5 f\u00f6rskolan \u00e4r viktig f\u00f6r att ditt barn ska f\u00e5 energi att leka och utvecklas varje dag. Men mat \u00e4r faktiskt mycket mer \u00e4n s\u00e5! H\u00e4r p\u00e5 Kadetten vill vi skapa ett lustfyllt m\u00f6te med maten och g\u00f6ra varje m\u00e5ltid till en upplevelse f\u00f6r alla sinnen.<\/p>\n<p>V\u00e5rt signum \u00e4r h\u00e4lsosamma, klimatsmarta och framf\u00f6r allt goda m\u00e5ltider.<\/p>\n\n\t\t\t\t\t<\/div>\n\t\t\t\t\t\t\t<\/div>\n\n\t\t\t\t\t<\/div>\n\n\t\t <div class=\"ams-fifty__media u-ratio-landscape\">\n\t\t \t\t\t\t\t<img decoding=\"async\" width=\"600\" height=\"900\" src=\"https:\/\/pysslingen.se\/wp-content\/uploads\/sites\/69\/2025\/12\/barn-och-mat-i-forskolan-600x900.jpg\" class=\"attachment-md size-md\" alt=\"barn och mat i f\u00f6rskolan\" sizes=\"(min-width: 64em) 600px, calc(100vw - 160px)\" srcset=\"https:\/\/pysslingen.se\/wp-content\/uploads\/sites\/69\/2025\/12\/barn-och-mat-i-forskolan-600x900.jpg 600w, https:\/\/pysslingen.se\/wp-content\/uploads\/sites\/69\/2025\/12\/barn-och-mat-i-forskolan-300x450.jpg 300w, https:\/\/pysslingen.se\/wp-content\/uploads\/sites\/69\/2025\/12\/barn-och-mat-i-forskolan-400x600.jpg 400w, https:\/\/pysslingen.se\/wp-content\/uploads\/sites\/69\/2025\/12\/barn-och-mat-i-forskolan.jpg 667w\" \/>\n\t\t\t\n\t\t\t\n\t\t\t\t\t<\/div>\n\t<\/div>\n\n\t\t\n\t\t\t\n\t\t\t\t\t\t\t\n\t\t\t\t<div class=\"c-bg c-bg--img\" data-settings=\"{&quot;desktop_settings&quot;:{&quot;size&quot;:&quot;cover&quot;,&quot;position&quot;:&quot;middle-center&quot;},&quot;mobile_settings&quot;:{&quot;size&quot;:&quot;cover&quot;,&quot;position&quot;:&quot;middle-center&quot;}}\" data-position=\"middle-center\" data-size=\"cover\">\n\t\t\t\n\t\t<\/div>\n\t\n<\/section>\n\n\n\n<h2 class=\"wp-block-heading\">M\u00e5ltiderna p\u00e5 f\u00f6rskolan<\/h2>\n\n\n\n<p>F\u00f6rskolans yngsta barn \u00e4ter lunch p\u00e5 f\u00f6rskolan, d\u00e5 serveras mat fr\u00e5n Sodexo Thorildsplan. Varje dag erbjuds en varierad kost, serverad tillsammans med en salladsbuff\u00e9. De \u00e4ldre barnen g\u00e5r tillsammans med pedagogerna i mindre grupper ner till Alfaskolans matsal och \u00e4ter. <\/p>\n\n\n\n<p>Att barnen f\u00e5r g\u00e5 till matsalen skapar goda f\u00f6ruts\u00e4ttningar f\u00f6r en trygg \u00f6verg\u00e5ng f\u00f6r de barn som senare ska b\u00f6rja p\u00e5 Alfaskolan.<\/p>\n\n\n\n<h2 class=\"wp-block-heading\">Medvetna val<\/h2>\n\n\n\n<p>Med st\u00f6d i v\u00e5r gemensamma m\u00e5ltidspolicy erbjuder vi bara MSC-m\u00e4rkt fisk, svenskt eller finskt fl\u00e4skk\u00f6tt och svensk kyckling. Minst tv\u00e5 luncher i veckan \u00e4r vegetariska.<\/p>\n\n\n\n<h2 class=\"wp-block-heading\">Mat och pedagogik en del av verksamheten<\/h2>\n\n\n\n<p>I v\u00e5r pedagogiska verksamhet l\u00e4r vi barnen hur balanserade m\u00e5ltider tillagas och smakar. Barnen l\u00e4r sig socialt samspel och genom maten skapar vi f\u00f6rst\u00e5else f\u00f6r omv\u00e4rlden och v\u00e5ra medm\u00e4nniskor. Med nyfikenhet unders\u00f6ker vi hur samh\u00e4llet och klimatet p\u00e5verkas av det vi \u00e4ter. <\/p>\n\n\n\n<p>Vi arbetar ocks\u00e5 medvetet kring barnets m\u00f6te med m\u00e5ltiden, till exempel genom att l\u00e4gga upp maten p\u00e5 ett trevligt s\u00e4tt och se till att den sociala samvaron och samtalet kring matbordet blir lustfyllt.<\/p>\n\n\n\n\t\n\t\n\t\n\n\t\n\t\n\t\t\n<section  class=\"c-block l-stacked  \" data-color-scheme=\"\">\n\t<div class=\"ams-fifty ams-fifty--container ams-fifty--left ams-fifty--top l-container u-pt-fluid-3xl-6xl u-pb-fluid-3xl-6xl\">\n\t\t<div class=\"ams-fifty__content l-stack l-stack-xl is-left is-left@lg\">\n\t\t\t<div class=\"ams-fifty__text l-stack l-stack-lg\">\n\t\t\t\t\t\n\t<h2\n\tclass=\"c-heading u-font-title-1 \"\n\tstyle=\"\">\n\t\t\n\t\t\t\t\tGod mat fr\u00e5n Sodexo\n\t\t\t\t\n\t<\/h2>\n\n\t\t\t\t\t\t\t\t\t<div class=\"text l-stack u-font-body\">\n\t\t\t\t\t\t<p>Sodexo arbetar utifr\u00e5n tre h\u00f6rnstenar: God, h\u00e5llbar och inkluderande.<\/p>\n<p><strong>God:<\/strong> En f\u00f6ruts\u00e4ttning f\u00f6r att barn ska f\u00e5 i sig den n\u00e4ring de beh\u00f6ver \u00e4r att maten \u00e4r god, s\u00e5 att de vill \u00e4ta den. Vi l\u00e4gger stor vikt p\u00e5 smak, presentation och kvalitet.<\/p>\n<p><strong>H\u00e5llbar:<\/strong> V\u00e5rt h\u00e5llbarhetst\u00e4nk genomsyrar allt v\u00e5rt arbete. Fr\u00e5n hur r\u00e5varor produceras till hur vi aktivt kan jobba f\u00f6rebyggande med matsvinn f\u00f6r att minska v\u00e5rt ekologiska fotavtryck.<\/p>\n<p><strong>Inkluderande:<\/strong> Vissa av oss beh\u00f6ver specialkost. Alla ska kunna \u00e4ta ordentligt och det ska alltid finnas s\u00e4kra och anpassade alternativ att tillg\u00e5 till den som beh\u00f6ver det.<\/p>\n<p><strong><a href=\"https:\/\/www.koketbysodexo.se\/\">L\u00e4s mer om Sodexo h\u00e4r!<\/a><\/strong><\/p>\n\n\t\t\t\t\t<\/div>\n\t\t\t\t\t\t\t<\/div>\n\n\t\t\t\t\t<\/div>\n\n\t\t <div class=\"ams-fifty__media u-ratio-landscape\">\n\t\t \t\t\t\t\t<img decoding=\"async\" width=\"600\" height=\"625\" src=\"https:\/\/pysslingen.se\/wp-content\/uploads\/sites\/69\/2024\/12\/sodexo-600x625.png\" class=\"attachment-md size-md\" alt=\"Lunchtallrik med mat fr\u00e5n Sodexo.\" sizes=\"(min-width: 64em) 600px, calc(100vw - 160px)\" srcset=\"https:\/\/pysslingen.se\/wp-content\/uploads\/sites\/69\/2024\/12\/sodexo-600x625.png 600w, https:\/\/pysslingen.se\/wp-content\/uploads\/sites\/69\/2024\/12\/sodexo-300x313.png 300w, https:\/\/pysslingen.se\/wp-content\/uploads\/sites\/69\/2024\/12\/sodexo-400x417.png 400w, https:\/\/pysslingen.se\/wp-content\/uploads\/sites\/69\/2024\/12\/sodexo-800x833.png 800w, https:\/\/pysslingen.se\/wp-content\/uploads\/sites\/69\/2024\/12\/sodexo-1024x1067.png 1024w, https:\/\/pysslingen.se\/wp-content\/uploads\/sites\/69\/2024\/12\/sodexo-1200x1250.png 1200w, https:\/\/pysslingen.se\/wp-content\/uploads\/sites\/69\/2024\/12\/sodexo.png 1338w\" \/>\n\t\t\t\n\t\t\t\n\t\t\t\t\t<\/div>\n\t<\/div>\n\n\t\t\n\n<\/section>\n\n\n\n<div class=\"wp-block-group is-layout-flow wp-block-group-is-layout-flow\">\n\t<div class=\"module_wrapper ams_remote_pages_module \">\n\t\t\t\t\t\t\t<div class=\"container core-columns\">\n\t\t\t\t\t\t<div class=\"row\">\n\t\t\t\t\t\t\t<div class=\"col-12\">\n\t\t\t\t\t\t\t\t\n<div class=\"wp-block-columns is-layout-flex wp-container-core-columns-layout-1 wp-block-columns-is-layout-flex\">\n<div class=\"wp-block-column is-layout-flow wp-block-column-is-layout-flow\" style=\"flex-basis:33.33%\">\n\t<style>\n\t\t.inner {\n\n\t\t\tmargin: 0 auto;\n\t\t}\n\t<\/style>\n\t<div\n\t\t class=\"container images-module\" >\n\t\t<div   class=\"row images_module__slideshow\">\n\n\t\t\t<div\n\t\t\t\t class=\"col-md-8 offset-md-2 p-0 position-relative images_module__slideshow images_module__slideshow-container  \">\n\t\t\t\t<div class=\"images_module__slide\" data-slide=\"\"\n\t\t\t\t\t data-duration=\"\"><\/div>\n\t\t\t\t\t\t\t\t\t<div\n\t\t\t\t\t\t class=\"images_module__slides\n\n\t\t\t\t\t   \"\n\t\t\t\t\t>\n\n\n\t\t\t\t\t\t<div class=\"images__wrapper\" style=\"aspect-ratio: 851 \/ 531;\">\n\t\t\t\t\t\t\t<img decoding=\"async\" width=\"710\" height=\"471\" src=\"https:\/\/pysslingen.se\/wp-content\/uploads\/2021\/09\/eu-logotypskolmjolksstodjpg-2.jpg\" class=\"images__image_ratio  \" alt=\"skolmj\u00f6lk eu flagga\" style=\"aspect-ratio: 851 \/ 531;object-position: _center-center;\" srcset=\"https:\/\/pysslingen.se\/wp-content\/uploads\/2021\/09\/eu-logotypskolmjolksstodjpg-2.jpg 710w, https:\/\/pysslingen.se\/wp-content\/uploads\/2021\/09\/eu-logotypskolmjolksstodjpg-2-300x199.jpg 300w, https:\/\/pysslingen.se\/wp-content\/uploads\/2021\/09\/eu-logotypskolmjolksstodjpg-2-500x332.jpg 500w, https:\/\/pysslingen.se\/wp-content\/uploads\/2021\/09\/eu-logotypskolmjolksstodjpg-2-340x226.jpg 340w\" sizes=\"(max-width: 710px) 100vw, 710px\" \/>\t\t\t\t\t\t<\/div>\n\n\t\t\t\t\t\t\n\t\t\t\t\t\t\t\t\t\t\t<\/div>\n\t\t\t\t\n\t\t\t\t<div class=\"images_module__container_dot\">\n\t\t\t\t\t<div style=\"text-align:center\">\n\t\t\t\t\t\t\t\t\t\t\t\t\t<span   data-i=\"0\"\n\t\t\t\t\t\t\t\t  class=\"\n\t\t\t\t\t\t\timages_module__dot\n\t\t\t\t\t\t\t\t\t\t\t\t\t\t\"\n\t\t\t\t\t\t\t><\/span>\n\t\t\t\t\t\t\t\t\t\t\t<\/div>\n\t\t\t\t<\/div>\n\n\n\t\t\t<\/div>\n\t\t<\/div>\n\t<\/div>\n\n\t\n\n\n<script>\n\tvar images_display_descriptive_text = \"\";\n<\/script>\n<\/div>\n\n\n\n<div class=\"wp-block-column is-layout-flow wp-block-column-is-layout-flow\" style=\"flex-basis:66.66%\">\n<p><strong>Skolmj\u00f6lken vi serverar finansieras delvis av Europeiska garantifonden f\u00f6r jordbruket.<\/strong><\/p>\n<\/div>\n<\/div>\n\t\t\t\t\t\t\t<\/div>\n\t\t\t\t\t\t<\/div>\n\t\t\t\t\t<\/div>\n\t\t\t\t\t\t<\/div>\n\n\t<\/div>\n\n\n\n\n<section  class=\"ams-cta ams-cta--stacked c-block l-stacked\">\n\t<div class=\"l-container l-stack l-stack-fluid-2xl u-pt-fluid-3xl-6xl u-pb-fluid-3xl-6xl is-center is-center@md\">\n\t\t\t\t\t<div class=\"ams-cta__intro l-stack l-stack-lg\">\n\t\t\t\t\t\n\t<h2\n\tclass=\"c-heading u-font-title-1 \"\n\tstyle=\"\">\n\t\t\n\t\t\t\t\tPysslingen arbetar aktivt med att skapa h\u00e5llbara m\u00e5ltider\n\t\t\t\t\n\t<\/h2>\n\n\t\t\t\t\t\t\t<\/div>\n\t\t\n\t\t\n\t\t\t<div class=\"ams-cta__action u-inline-items\">\n\t\t\t\t\t\t\t\n\n\n<a href=\"https:\/\/pysslingen.se\/kadetten\/hallbarhet\/\"\n\t\n\tclass=\"c-btn \"\n\tdata-style=\"rounded\"\n\tdata-size=\"md\"\n\tdata-width=\"full-mobile\"\n\tdata-variant=\"default\"\n\ttarget=\"_self\">\n\t\t\t<span class=\"label\"> L\u00e4s mer om h\u00e5llbarhet<\/span>\n\t\t\t<\/a>\n\t\t\t<\/div>\n\t<\/div>\n\n\t\t\n\n<\/section>\n","protected":false},"excerpt":{"rendered":"<p>M\u00e5ltiderna p\u00e5 f\u00f6rskolan F\u00f6rskolans yngsta barn \u00e4ter lunch p\u00e5 f\u00f6rskolan, d\u00e5 serveras mat fr\u00e5n Sodexo Thorildsplan. Varje dag erbjuds en varierad kost, serverad tillsammans med en salladsbuff\u00e9. De \u00e4ldre barnen g\u00e5r tillsammans med pedagogerna i mindre grupper ner till Alfaskolans matsal och \u00e4ter. Att barnen f\u00e5r g\u00e5 till matsalen skapar goda f\u00f6ruts\u00e4ttningar f\u00f6r en trygg&#8230;<\/p>\n","protected":false},"author":3,"featured_media":0,"parent":0,"menu_order":0,"comment_status":"closed","ping_status":"closed","template":"","meta":{"footnotes":""},"yoast_head":"<!-- This site is optimized with the Yoast SEO plugin v22.0 - https:\/\/yoast.com\/wordpress\/plugins\/seo\/ -->\n<title>P\u00e5 Kadetten serverar vi mat f\u00f6r aktiva barn<\/title>\n<meta name=\"description\" content=\"Hos oss p\u00e5 Kadetten vill vi skapa ett lustfyllt m\u00f6te med maten och se till att varje m\u00e5ltid blir en upplevelse f\u00f6r alla sinnen.\" \/>\n<meta name=\"robots\" content=\"index, follow, max-snippet:-1, max-image-preview:large, max-video-preview:-1\" \/>\n<link rel=\"canonical\" href=\"https:\/\/pysslingen.se\/kadetten\/maten\/\" \/>\n<meta property=\"og:locale\" content=\"sv_SE\" \/>\n<meta property=\"og:type\" content=\"article\" \/>\n<meta property=\"og:title\" content=\"P\u00e5 Kadetten serverar vi mat f\u00f6r aktiva barn\" \/>\n<meta property=\"og:description\" content=\"Hos oss p\u00e5 Kadetten vill vi skapa ett lustfyllt m\u00f6te med maten och se till att varje m\u00e5ltid blir en upplevelse f\u00f6r alla sinnen.\" \/>\n<meta property=\"og:url\" content=\"https:\/\/pysslingen.se\/kadetten\/maten\/\" \/>\n<meta property=\"og:site_name\" content=\"Kadetten\" \/>\n<meta property=\"article:modified_time\" content=\"2025-12-15T15:07:30+00:00\" \/>\n<meta name=\"twitter:card\" content=\"summary_large_image\" \/>\n<meta name=\"twitter:title\" content=\"P\u00e5 Kadetten serverar vi mat f\u00f6r aktiva barn\" \/>\n<meta name=\"twitter:description\" content=\"Hos oss p\u00e5 Kadetten vill vi skapa ett lustfyllt m\u00f6te med maten och se till att varje m\u00e5ltid blir en upplevelse f\u00f6r alla sinnen.\" \/>\n<meta name=\"twitter:label1\" content=\"Ber\u00e4knad l\u00e4stid\" \/>\n\t<meta name=\"twitter:data1\" content=\"1 minut\" \/>\n<script type=\"application\/ld+json\" class=\"yoast-schema-graph\">{\"@context\":\"https:\/\/schema.org\",\"@graph\":[{\"@type\":\"WebPage\",\"@id\":\"https:\/\/pysslingen.se\/kadetten\/maten\/\",\"url\":\"https:\/\/pysslingen.se\/kadetten\/maten\/\",\"name\":\"P\u00e5 Kadetten serverar vi mat f\u00f6r aktiva barn\",\"isPartOf\":{\"@id\":\"https:\/\/pysslingen.se\/kadetten\/#website\"},\"datePublished\":\"2020-09-29T09:19:21+00:00\",\"dateModified\":\"2025-12-15T15:07:30+00:00\",\"description\":\"Hos oss p\u00e5 Kadetten vill vi skapa ett lustfyllt m\u00f6te med maten och se till att varje m\u00e5ltid blir en upplevelse f\u00f6r alla sinnen.\",\"breadcrumb\":{\"@id\":\"https:\/\/pysslingen.se\/kadetten\/maten\/#breadcrumb\"},\"inLanguage\":\"sv-SE\",\"potentialAction\":[{\"@type\":\"ReadAction\",\"target\":[\"https:\/\/pysslingen.se\/kadetten\/maten\/\"]}]},{\"@type\":\"BreadcrumbList\",\"@id\":\"https:\/\/pysslingen.se\/kadetten\/maten\/#breadcrumb\",\"itemListElement\":[{\"@type\":\"ListItem\",\"position\":1,\"name\":\"Start\",\"item\":\"https:\/\/pysslingen.se\/kadetten\/\"},{\"@type\":\"ListItem\",\"position\":2,\"name\":\"V\u00e5r mat\"}]},{\"@type\":\"WebSite\",\"@id\":\"https:\/\/pysslingen.se\/kadetten\/#website\",\"url\":\"https:\/\/pysslingen.se\/kadetten\/\",\"name\":\"Kadetten\",\"description\":\"En trygg och stimulerande v\u00e4rld\",\"publisher\":{\"@id\":\"https:\/\/pysslingen.se\/kadetten\/#organization\"},\"potentialAction\":[{\"@type\":\"SearchAction\",\"target\":{\"@type\":\"EntryPoint\",\"urlTemplate\":\"https:\/\/pysslingen.se\/kadetten\/?s={search_term_string}\"},\"query-input\":\"required name=search_term_string\"}],\"inLanguage\":\"sv-SE\"},{\"@type\":\"Organization\",\"@id\":\"https:\/\/pysslingen.se\/kadetten\/#organization\",\"name\":\"Pysslingen F\u00f6rskolor\",\"url\":\"https:\/\/pysslingen.se\/kadetten\/\",\"logo\":{\"@type\":\"ImageObject\",\"inLanguage\":\"sv-SE\",\"@id\":\"https:\/\/pysslingen.se\/kadetten\/#\/schema\/logo\/image\/\",\"url\":\"https:\/\/pysslingen.se\/wp-content\/uploads\/2021\/05\/pysslingen-forskolor.png\",\"contentUrl\":\"https:\/\/pysslingen.se\/wp-content\/uploads\/2021\/05\/pysslingen-forskolor.png\",\"width\":1120,\"height\":630,\"caption\":\"Pysslingen F\u00f6rskolor\"},\"image\":{\"@id\":\"https:\/\/pysslingen.se\/kadetten\/#\/schema\/logo\/image\/\"}}]}<\/script>\n<!-- \/ Yoast SEO plugin. -->","yoast_head_json":{"title":"P\u00e5 Kadetten serverar vi mat f\u00f6r aktiva barn","description":"Hos oss p\u00e5 Kadetten vill vi skapa ett lustfyllt m\u00f6te med maten och se till att varje m\u00e5ltid blir en upplevelse f\u00f6r alla sinnen.","robots":{"index":"index","follow":"follow","max-snippet":"max-snippet:-1","max-image-preview":"max-image-preview:large","max-video-preview":"max-video-preview:-1"},"canonical":"https:\/\/pysslingen.se\/kadetten\/maten\/","og_locale":"sv_SE","og_type":"article","og_title":"P\u00e5 Kadetten serverar vi mat f\u00f6r aktiva barn","og_description":"Hos oss p\u00e5 Kadetten vill vi skapa ett lustfyllt m\u00f6te med maten och se till att varje m\u00e5ltid blir en upplevelse f\u00f6r alla sinnen.","og_url":"https:\/\/pysslingen.se\/kadetten\/maten\/","og_site_name":"Kadetten","article_modified_time":"2025-12-15T15:07:30+00:00","twitter_card":"summary_large_image","twitter_title":"P\u00e5 Kadetten serverar vi mat f\u00f6r aktiva barn","twitter_description":"Hos oss p\u00e5 Kadetten vill vi skapa ett lustfyllt m\u00f6te med maten och se till att varje m\u00e5ltid blir en upplevelse f\u00f6r alla sinnen.","twitter_misc":{"Ber\u00e4knad l\u00e4stid":"1 minut"},"schema":{"@context":"https:\/\/schema.org","@graph":[{"@type":"WebPage","@id":"https:\/\/pysslingen.se\/kadetten\/maten\/","url":"https:\/\/pysslingen.se\/kadetten\/maten\/","name":"P\u00e5 Kadetten serverar vi mat f\u00f6r aktiva barn","isPartOf":{"@id":"https:\/\/pysslingen.se\/kadetten\/#website"},"datePublished":"2020-09-29T09:19:21+00:00","dateModified":"2025-12-15T15:07:30+00:00","description":"Hos oss p\u00e5 Kadetten vill vi skapa ett lustfyllt m\u00f6te med maten och se till att varje m\u00e5ltid blir en upplevelse f\u00f6r alla sinnen.","breadcrumb":{"@id":"https:\/\/pysslingen.se\/kadetten\/maten\/#breadcrumb"},"inLanguage":"sv-SE","potentialAction":[{"@type":"ReadAction","target":["https:\/\/pysslingen.se\/kadetten\/maten\/"]}]},{"@type":"BreadcrumbList","@id":"https:\/\/pysslingen.se\/kadetten\/maten\/#breadcrumb","itemListElement":[{"@type":"ListItem","position":1,"name":"Start","item":"https:\/\/pysslingen.se\/kadetten\/"},{"@type":"ListItem","position":2,"name":"V\u00e5r mat"}]},{"@type":"WebSite","@id":"https:\/\/pysslingen.se\/kadetten\/#website","url":"https:\/\/pysslingen.se\/kadetten\/","name":"Kadetten","description":"En trygg och stimulerande v\u00e4rld","publisher":{"@id":"https:\/\/pysslingen.se\/kadetten\/#organization"},"potentialAction":[{"@type":"SearchAction","target":{"@type":"EntryPoint","urlTemplate":"https:\/\/pysslingen.se\/kadetten\/?s={search_term_string}"},"query-input":"required name=search_term_string"}],"inLanguage":"sv-SE"},{"@type":"Organization","@id":"https:\/\/pysslingen.se\/kadetten\/#organization","name":"Pysslingen F\u00f6rskolor","url":"https:\/\/pysslingen.se\/kadetten\/","logo":{"@type":"ImageObject","inLanguage":"sv-SE","@id":"https:\/\/pysslingen.se\/kadetten\/#\/schema\/logo\/image\/","url":"https:\/\/pysslingen.se\/wp-content\/uploads\/2021\/05\/pysslingen-forskolor.png","contentUrl":"https:\/\/pysslingen.se\/wp-content\/uploads\/2021\/05\/pysslingen-forskolor.png","width":1120,"height":630,"caption":"Pysslingen F\u00f6rskolor"},"image":{"@id":"https:\/\/pysslingen.se\/kadetten\/#\/schema\/logo\/image\/"}}]}},"_links":{"self":[{"href":"https:\/\/pysslingen.se\/kadetten\/wp-json\/wp\/v2\/pages\/20"}],"collection":[{"href":"https:\/\/pysslingen.se\/kadetten\/wp-json\/wp\/v2\/pages"}],"about":[{"href":"https:\/\/pysslingen.se\/kadetten\/wp-json\/wp\/v2\/types\/page"}],"author":[{"embeddable":true,"href":"https:\/\/pysslingen.se\/kadetten\/wp-json\/wp\/v2\/users\/3"}],"replies":[{"embeddable":true,"href":"https:\/\/pysslingen.se\/kadetten\/wp-json\/wp\/v2\/comments?post=20"}],"version-history":[{"count":10,"href":"https:\/\/pysslingen.se\/kadetten\/wp-json\/wp\/v2\/pages\/20\/revisions"}],"predecessor-version":[{"id":1491,"href":"https:\/\/pysslingen.se\/kadetten\/wp-json\/wp\/v2\/pages\/20\/revisions\/1491"}],"wp:attachment":[{"href":"https:\/\/pysslingen.se\/kadetten\/wp-json\/wp\/v2\/media?parent=20"}],"curies":[{"name":"wp","href":"https:\/\/api.w.org\/{rel}","templated":true}]}}