{"id":1847,"date":"2025-04-16T09:07:37","date_gmt":"2025-04-16T07:07:37","guid":{"rendered":"https:\/\/pysslingen.se\/johannelund\/?page_id=1847"},"modified":"2025-04-16T09:15:14","modified_gmt":"2025-04-16T07:15:14","slug":"simskola","status":"publish","type":"page","link":"https:\/\/pysslingen.se\/johannelund\/simskola\/","title":{"rendered":"Simskola p\u00e5 Pysslingen Johannelund"},"content":{"rendered":"\n\t\n\t\n\t\n\n\t\n\t\n\t\t\n<section  class=\"c-block l-stacked  \" data-color-scheme=\"nyans2_av_cta-hover-standard\">\n\t<div class=\"ams-fifty ams-fifty--container ams-fifty--right ams-fifty--bottom l-container u-pt-fluid-2xl-4xl u-pb-fluid-2xl-4xl\">\n\t\t<div class=\"ams-fifty__content l-stack l-stack-xl is-left is-left@lg\">\n\t\t\t<div class=\"ams-fifty__text l-stack l-stack-lg\">\n\t\t\t\t\t\n\t<h1\n\tclass=\"c-heading u-font-title-1 \"\n\tstyle=\"\">\n\t\t\n\t\t\t\t\t\t\t\t\tHur fungerar simskola i f\u00f6rskolan?\n\t\t\t\t<span class=\"c-heading__sub is-below u-font-title-3\">\n\t\t\t\t\tPysslingen Johannelund\n\t\t\t\t<\/span>\n\t\t\t\t\t\t\t\n\t<\/h1>\n\n\t\t\t\t\t\t\t\t\t<div class=\"text l-stack u-font-body\">\n\t\t\t\t\t\t<p class=\"\" data-start=\"129\" data-end=\"520\">P\u00e5 Pysslingen Johannelund f\u00e5r de \u00e4ldsta barnen i f\u00f6rskolan m\u00f6jlighet till simskola i f\u00f6rskolan som en del av v\u00e5r h\u00e4lsofr\u00e4mjande undervisning. Simning \u00e4r inte bara en viktig livskunskap, det st\u00e4rker \u00e4ven barnens motorik, trygghet i vatten och tro p\u00e5 sin egen f\u00f6rm\u00e5ga. I takt med att simkunnigheten minskar bland barn i Sverige vill vi g\u00f6ra skillnad och ge fler chansen att bli s\u00e4kra i vattenmilj\u00f6er.<\/p>\n<p class=\"\" data-start=\"522\" data-end=\"779\">Vid flera tillf\u00e4llen under \u00e5ret f\u00e5r barnen, under ledning av utbildade siml\u00e4rare, p\u00e5 ett roligt och s\u00e4kert s\u00e4tt bekanta sig med simningens grunder. V\u00e5ra pedagoger \u00e4r alltid n\u00e4rvarande och st\u00f6ttar barnen l\u00e4ngs bass\u00e4ngkanten f\u00f6r att skapa en trygg upplevelse.<\/p>\n\n\t\t\t\t\t<\/div>\n\t\t\t\t\t\t\t<\/div>\n\n\t\t\t\t\t<\/div>\n\n\t\t <div class=\"ams-fifty__media u-ratio-landscape\">\n\t\t \t\t\t\t\t<img decoding=\"async\" width=\"600\" height=\"450\" src=\"https:\/\/pysslingen.se\/wp-content\/uploads\/sites\/99\/2024\/09\/simma-600x450.jpg\" class=\"attachment-md size-md\" alt=\"leende pojke simmar under vattnet\" sizes=\"(min-width: 64em) 600px, calc(100vw - 160px)\" srcset=\"https:\/\/pysslingen.se\/wp-content\/uploads\/sites\/99\/2024\/09\/simma-600x450.jpg 600w, https:\/\/pysslingen.se\/wp-content\/uploads\/sites\/99\/2024\/09\/simma-300x225.jpg 300w, https:\/\/pysslingen.se\/wp-content\/uploads\/sites\/99\/2024\/09\/simma-400x300.jpg 400w, https:\/\/pysslingen.se\/wp-content\/uploads\/sites\/99\/2024\/09\/simma-800x600.jpg 800w, https:\/\/pysslingen.se\/wp-content\/uploads\/sites\/99\/2024\/09\/simma-1024x768.jpg 1024w, https:\/\/pysslingen.se\/wp-content\/uploads\/sites\/99\/2024\/09\/simma-1200x900.jpg 1200w, https:\/\/pysslingen.se\/wp-content\/uploads\/sites\/99\/2024\/09\/simma-768x576.jpg 768w, https:\/\/pysslingen.se\/wp-content\/uploads\/sites\/99\/2024\/09\/simma.jpg 1890w\" \/>\n\t\t\t\n\t\t\t\n\t\t\t\t\t<\/div>\n\t<\/div>\n\n\t\t\n\n<\/section>\n\n\n\n\t\n\t\n\t\n\n\t\n\t\n\t\t\n<section  class=\"c-block l-stacked  \" data-color-scheme=\"nyans2_av_cta-hover-standard\">\n\t<div class=\"ams-fifty ams-fifty--container ams-fifty--left ams-fifty--bottom l-container u-pt-fluid-2xl-4xl u-pb-fluid-2xl-4xl\">\n\t\t<div class=\"ams-fifty__content l-stack l-stack-xl is-left is-left@lg\">\n\t\t\t<div class=\"ams-fifty__text l-stack l-stack-lg\">\n\t\t\t\t\t\n\t<h2\n\tclass=\"c-heading u-font-title-1 \"\n\tstyle=\"\">\n\t\t\n\t\t\t\t\tPysslingen Johannelund i H\u00e4sselby G\u00e5rd\n\t\t\t\t\n\t<\/h2>\n\n\t\t\t\t\t\t\t\t\t<div class=\"text l-stack u-font-body\">\n\t\t\t\t\t\t<p class=\"\" data-start=\"129\" data-end=\"565\">P\u00e5 Johannelunds f\u00f6rskola st\u00e5r barnens b\u00e4sta i centrum. H\u00e4r skapar vi inspirerande l\u00e4rmilj\u00f6er d\u00e4r barnen f\u00e5r leka, utforska och utvecklas tillsammans. V\u00e5r f\u00f6rskola \u00e4r m\u00e5ngkulturell, och vi ser v\u00e5ra olikheter som en tillg\u00e5ng som berikar b\u00e5de gemenskapen och det pedagogiska arbetet.<\/p>\n<p>F\u00f6rskolan ligger naturn\u00e4ra vid Johannelundstoppen, i Johannelunds Tr\u00e4dg\u00e5rdsstad, med ljusa, rymliga lokaler som formas utifr\u00e5n barnens intressen och behov. Vi erbjuder en trygg, varierad och meningsfull vardag f\u00f6r alla barn. Som en del av v\u00e5rt &#8221;Sista \u00e5ret&#8221;-koncept f\u00e5r de \u00e4ldsta barnen \u00e4ven m\u00f6jlighet att g\u00e5 i simskola.<\/p>\n\n\t\t\t\t\t<\/div>\n\t\t\t\t\t\t\t<\/div>\n\n\t\t\t\t\t<\/div>\n\n\t\t <div class=\"ams-fifty__media u-ratio-landscape\">\n\t\t \t\t\t\t\t<img decoding=\"async\" width=\"600\" height=\"900\" src=\"https:\/\/pysslingen.se\/wp-content\/uploads\/sites\/99\/2025\/04\/utomhusvarvader-600x900.jpg\" class=\"attachment-md size-md\" alt=\"Flicka st\u00e5r lutad mot en v\u00e4gg utomhus.\" sizes=\"(min-width: 64em) 600px, calc(100vw - 160px)\" srcset=\"https:\/\/pysslingen.se\/wp-content\/uploads\/sites\/99\/2025\/04\/utomhusvarvader-600x900.jpg 600w, https:\/\/pysslingen.se\/wp-content\/uploads\/sites\/99\/2025\/04\/utomhusvarvader-300x450.jpg 300w, https:\/\/pysslingen.se\/wp-content\/uploads\/sites\/99\/2025\/04\/utomhusvarvader-400x600.jpg 400w, https:\/\/pysslingen.se\/wp-content\/uploads\/sites\/99\/2025\/04\/utomhusvarvader.jpg 800w\" \/>\n\t\t\t\n\t\t\t\n\t\t\t\t\t<\/div>\n\t<\/div>\n\n\t\t\n\n<\/section>\n\n\n\n\n<section  class=\"ams-cta ams-cta--stacked c-block l-stacked\" data-color-scheme=\"usp-pink-background-blue-cards\">\n\t<div class=\"l-container l-stack l-stack-fluid-2xl u-pt-fluid-3xl-6xl u-pb-fluid-3xl-6xl is-center is-center@md\">\n\t\t\t\t\t<div class=\"ams-cta__intro l-stack l-stack-lg\">\n\t\t\t\t\t\n\t<h2\n\tclass=\"c-heading u-font-title-1 \"\n\tstyle=\"\">\n\t\t\n\t\t\t\t\tAns\u00f6k till Johannelunds f\u00f6rskola:\n\t\t\t\t\n\t<\/h2>\n\n\t\t\t\t\t\t\t\t\t<div class=\"c-text l-stack u-cs-xl u-font-body\">\n\t\t\t\t\t\t<p class=\"p1\" style=\"text-align: center;\">S\u00e5 roligt att du \u00e4r intresserad av Johannelunds f\u00f6rskola!<\/p>\n<p class=\"p1\" style=\"text-align: center;\">F\u00f6rskolan ing\u00e5r i Stockholms Stads gemensamma k\u00f6 och du g\u00f6r ditt val p\u00e5\u00a0<a href=\"https:\/\/forskola.stockholm\/\"><span class=\"s1\">Stockholms stads webbtj\u00e4ns<\/span><\/a>. D\u00e4r kan du \u00e4ven l\u00e4sa mer om k\u00f6 och antagningsregler.<\/p>\n<p class=\"p1\" style=\"text-align: center;\">Vill du ha hj\u00e4lp med din ans\u00f6kan? Har du fr\u00e5gor om f\u00f6rskolan? V\u00e4lkommen att kontakta oss, se kontaktuppgifter nedan.<\/p>\n\n\t\t\t\t\t<\/div>\n\t\t\t\t\t\t\t<\/div>\n\t\t\n\t\t\n\t\t\t<div class=\"ams-cta__action u-inline-items\">\n\t\t\t\t\t\t\t\n\n\n<a href=\"https:\/\/forskola.stockholm\/\"\n\t\n\tclass=\"c-btn \"\n\tdata-style=\"rounded\"\n\tdata-size=\"md\"\n\tdata-width=\"full-mobile\"\n\tdata-variant=\"default\"\n\ttarget=\"_self\">\n\t\t\t<span class=\"label\"> Till k\u00f6anm\u00e4lan<\/span>\n\t\t\t<\/a>\n\t\t\t<\/div>\n\t<\/div>\n\n\t\t\n\n<\/section>\n\n\n\n<section \n\t\t class=\"\n\t\t ams-contact\n\t\t \n\t\t c-block l-stacked\n\t\t \n\t\t \n\t\t js-load-more\n\t\t \"\n\t\t data-color-scheme=\"\"\n\t\t\t\t\tdata-count=\"3\"\n\t\t\t\t\t\t\tdata-count-mobile=\"2\"\n\t\t\t\t>\n\t<div\n\t\t class=\"\n\t\t l-container\n\t\t l-stack l-stack-fluid-2xl\n\t\t u-pt-fluid-md-xl\n\t\t u-pb-fluid-md-xl\n\t\t is-center\n\t\t is-center@md\n\t\t \">\n\t\t\t\t\t<div class=\"ams-contact__intro l-stack l-stack-lg\">\n\t\t\t\t\t\n\t<h2\n\tclass=\"c-heading u-font-title-1 \"\n\tstyle=\"\">\n\t\t\n\t\t\t\t\tKontaktuppgifter Pysslingen Johannelund:\n\t\t\t\t\n\t<\/h2>\n\n\t\t\t\t\t\t\t<\/div>\n\t\t\n\t\t\n\t\t    \t\n\t\t\n\t\t<ul\n\t\t\tid=\"contact-grid-69e360b40420d\"\n\t\t\tclass=\"ams-contact__list l-grid u-gap-fluid-2xl-4xl u-justify-center js-results \"\n\t\t\taria-label=\"Contacts\"\n\t\t\tdata-filter-animation=\"off\"\n\t\t\t>\n\t\t\t\t\t\t\t\t\t\t\t\n\t\t\t\t\n\t\t\t\t<li class=\"l-col-6@md l-col-4@lg \" data-filter=\"b\">\n\t\t\t\t\t<article class=\"c-card \" data-variant=\"neutral\">\n\t\t\t\t\t\t<div class=\"c-card__content u-text-center\">\n\t\t\t\t\t\t\t\t\t\t\t\t\t\t\t<h3 class=\"c-card__title u-font-title-3\">\n\t\t\t\t\t\t\t\t\tAnnika J\u00e4rnebeck\n\t\t\t\t\t\t\t\t<\/h3>\n\t\t\t\t\t\t\t\n\t\t\t\t\t\t\t\t\t\t\t\t\t\t\t<p class=\"position u-font-body\">Bitr\u00e4dande rektor<\/p>\n\t\t\t\t\t\t\t\n\t\t\t\t\t\t\t\t\t\t\t\t\t\t\t<div class=\"contact-info u-font-body\">\n\t\t\t\t\t\t\t\t\t\t\t\t\t\t\t\t\t\t\t\t\t\t\t\t\t\t\t\t\t\t<p class=\"phone\"><a\n\t\t\t\t\t\t\t\t\t\t\t\t\thref=\"tel:0725463653\"\n\t\t\t\t\t\t\t\t\t\t\t\t\tclass=\"u-text-link\">072-546 36 53<\/a>\n\t\t\t\t\t\t\t\t\t\t\t<\/p>\n\t\t\t\t\t\t\t\t\t\t\t\t\t\t\t\t\t\t\t\n\t\t\t\t\t\t\t\t\t\t\t\t\t\t\t\t\t\t\t\t\t\t\t\t\t\t\t\t\t\t<p class=\"email\"><a\n\t\t\t\t\t\t\t\t\t\t\t\t\thref=\"&#109;a&#105;lt&#111;&#058;a&#110;nika.j&#097;rn&#101;beck&#064;py&#115;s&#108;i&#110;ge&#110;.&#115;e\"\n\t\t\t\t\t\t\t\t\t\t\t\t\tclass=\"u-text-link\">&#097;&#110;&#110;&#105;&#107;a&#046;&#106;&#097;r&#110;&#101;b&#101;&#099;k&#064;pyssli&#110;ge&#110;&#046;s&#101;<\/a>\n\t\t\t\t\t\t\t\t\t\t\t<\/p>\n\t\t\t\t\t\t\t\t\t\t\t\t\t\t\t\t\t\t\t\t\t\t\t\t\t\t\t<\/div>\n\t\t\t\t\t\t\t\n\t\t\t\t\t\t\t\t\t\t\t\t\t<\/div>\n\t\t\t\t\t\t<div class=\"c-card__media\">\n\t\t\t\t\t\t\t\t\t\t\t\t\t\t\t\t\t\t\t\t\t\t\t\t\t\t\t\t\t\t\t\t\t\t\t\t\t\t\t\t\t\t\t\t\t\t\t\t\t<img decoding=\"async\" width=\"400\" height=\"593\" src=\"https:\/\/pysslingen.se\/wp-content\/uploads\/sites\/99\/2020\/11\/sjofagelannikajarnebeck-bitr-rektor.jpeg\" class=\"u-radius-rounded u-ratio-landscape  \" alt=\"Portr\u00e4ttbild p\u00e5 medarbetare.\" sizes=\"(max-width: 300px) 100vw, 300px\" srcset=\"https:\/\/pysslingen.se\/wp-content\/uploads\/sites\/99\/2020\/11\/sjofagelannikajarnebeck-bitr-rektor.jpeg 1242w, https:\/\/pysslingen.se\/wp-content\/uploads\/sites\/99\/2020\/11\/sjofagelannikajarnebeck-bitr-rektor-203x300.jpeg 203w, https:\/\/pysslingen.se\/wp-content\/uploads\/sites\/99\/2020\/11\/sjofagelannikajarnebeck-bitr-rektor-691x1024.jpeg 691w, https:\/\/pysslingen.se\/wp-content\/uploads\/sites\/99\/2020\/11\/sjofagelannikajarnebeck-bitr-rektor-768x1138.jpeg 768w, https:\/\/pysslingen.se\/wp-content\/uploads\/sites\/99\/2020\/11\/sjofagelannikajarnebeck-bitr-rektor-1037x1536.jpeg 1037w, https:\/\/pysslingen.se\/wp-content\/uploads\/sites\/99\/2020\/11\/sjofagelannikajarnebeck-bitr-rektor-1024x1517.jpeg 1024w, https:\/\/pysslingen.se\/wp-content\/uploads\/sites\/99\/2020\/11\/sjofagelannikajarnebeck-bitr-rektor-1100x1630.jpeg 1100w, https:\/\/pysslingen.se\/wp-content\/uploads\/sites\/99\/2020\/11\/sjofagelannikajarnebeck-bitr-rektor-452x670.jpeg 452w\" \/>\n\t\t\t\t\t\t<\/div>\n\t\t\t\t\t<\/article>\n\t\t\t\t<\/li>\n\t\t\t\t\t\t\t\t\t\t\t\n\t\t\t\t\n\t\t\t\t<li class=\"l-col-6@md l-col-4@lg \" data-filter=\"b\">\n\t\t\t\t\t<article class=\"c-card \" data-variant=\"neutral\">\n\t\t\t\t\t\t<div class=\"c-card__content u-text-center\">\n\t\t\t\t\t\t\t\t\t\t\t\t\t\t\t<h3 class=\"c-card__title u-font-title-3\">\n\t\t\t\t\t\t\t\t\tLisa Clifford \n\t\t\t\t\t\t\t\t<\/h3>\n\t\t\t\t\t\t\t\n\t\t\t\t\t\t\t\t\t\t\t\t\t\t\t<p class=\"position u-font-body\">Rektor<\/p>\n\t\t\t\t\t\t\t\n\t\t\t\t\t\t\t\t\t\t\t\t\t\t\t<div class=\"contact-info u-font-body\">\n\t\t\t\t\t\t\t\t\t\t\t\t\t\t\t\t\t\t\t\t\t\t\t\t\t\t\t\t\t\t<p class=\"phone\"><a\n\t\t\t\t\t\t\t\t\t\t\t\t\thref=\"tel:0702062648\"\n\t\t\t\t\t\t\t\t\t\t\t\t\tclass=\"u-text-link\">070-206 26 48<\/a>\n\t\t\t\t\t\t\t\t\t\t\t<\/p>\n\t\t\t\t\t\t\t\t\t\t\t\t\t\t\t\t\t\t\t\n\t\t\t\t\t\t\t\t\t\t\t\t\t\t\t\t\t\t\t\t\t\t\t\t\t\t\t\t\t\t<p class=\"email\"><a\n\t\t\t\t\t\t\t\t\t\t\t\t\thref=\"&#109;a&#105;lt&#111;&#058;&#108;&#105;sa.clifford&#064;p&#121;&#115;s&#108;in&#103;en.&#115;e\"\n\t\t\t\t\t\t\t\t\t\t\t\t\tclass=\"u-text-link\">&#108;isa.cl&#105;&#102;f&#111;r&#100;&#064;&#112;&#121;&#115;sli&#110;g&#101;&#110;&#046;s&#101;<\/a>\n\t\t\t\t\t\t\t\t\t\t\t<\/p>\n\t\t\t\t\t\t\t\t\t\t\t\t\t\t\t\t\t\t\t\t\t\t\t\t\t\t\t<\/div>\n\t\t\t\t\t\t\t\n\t\t\t\t\t\t\t\t\t\t\t\t\t<\/div>\n\t\t\t\t\t\t<div class=\"c-card__media\">\n\t\t\t\t\t\t\t\t\t\t\t\t\t\t\t\t\t\t\t\t\t\t\t\t\t\t\t\t\t\t\t\t\t\t\t\t\t\t\t\t\t\t\t\t\t\t\t\t\t<img decoding=\"async\" width=\"400\" height=\"447\" src=\"https:\/\/pysslingen.se\/wp-content\/uploads\/sites\/99\/2020\/11\/img5437jpg.jpeg\" class=\"u-radius-rounded u-ratio-landscape  \" alt=\"Portr\u00e4ttbild p\u00e5 medarbetare.\" sizes=\"(max-width: 300px) 100vw, 300px\" srcset=\"https:\/\/pysslingen.se\/wp-content\/uploads\/sites\/99\/2020\/11\/img5437jpg.jpeg 722w, https:\/\/pysslingen.se\/wp-content\/uploads\/sites\/99\/2020\/11\/img5437jpg-269x300.jpeg 269w, https:\/\/pysslingen.se\/wp-content\/uploads\/sites\/99\/2020\/11\/img5437jpg-500x558.jpeg 500w, https:\/\/pysslingen.se\/wp-content\/uploads\/sites\/99\/2020\/11\/img5437jpg-205x229.jpeg 205w, https:\/\/pysslingen.se\/wp-content\/uploads\/sites\/99\/2020\/11\/img5437jpg-340x380.jpeg 340w, https:\/\/pysslingen.se\/wp-content\/uploads\/sites\/99\/2020\/11\/img5437jpg-600x670.jpeg 600w\" \/>\n\t\t\t\t\t\t<\/div>\n\t\t\t\t\t<\/article>\n\t\t\t\t<\/li>\n\t\t\t\t\t<\/ul>\n\n\t\t\n\t\t    <div class=\"ams-contact__more u-inline-items js-load-more-btn\">\n        <button href=\"#\"\n                class=\"c-btn\"\n                data-style=\"rounded\"\n                data-size=\"md\"\n                data-width=\"full-mobile\"\n                data-variant=\"outline\">\n        \tShow more\n        <\/button>\n    <\/div>\n\n\t\t\t<\/div>\n\n\t\t\n\n<\/section>\n\n\n\n\n<section  class=\"ams-cta ams-cta--stacked c-block l-stacked\">\n\t<div class=\"l-container l-stack l-stack-fluid-2xl u-pt-fluid-2xl-4xl u-pb-fluid-2xl-4xl is-center is-center@md\">\n\t\t\t\t\t<div class=\"ams-cta__intro l-stack l-stack-lg\">\n\t\t\t\t\t\n\t<h2\n\tclass=\"c-heading u-font-title-1 \"\n\tstyle=\"\">\n\t\t\n\t\t\t\t\tVill du veta mer?\n\t\t\t\t\n\t<\/h2>\n\n\t\t\t\t\t\t\t<\/div>\n\t\t\n\t\t\n\t\t\t<div class=\"ams-cta__action u-inline-items\">\n\t\t\t\t\t\t\t\n\n\n<a href=\"https:\/\/pysslingen.se\/johannelund\/om-forskolan\/\"\n\t\n\tclass=\"c-btn \"\n\tdata-style=\"rounded\"\n\tdata-size=\"md\"\n\tdata-width=\"full-mobile\"\n\tdata-variant=\"default\"\n\ttarget=\"_self\">\n\t\t\t<span class=\"label\"> L\u00e4s mer om oss<\/span>\n\t\t\t<\/a>\n\t\t\t<\/div>\n\t<\/div>\n\n\t\t\n\n<\/section>\n","protected":false},"excerpt":{"rendered":"","protected":false},"author":99,"featured_media":0,"parent":0,"menu_order":0,"comment_status":"closed","ping_status":"closed","template":"","meta":{"footnotes":""},"yoast_head":"<!-- This site is optimized with the Yoast SEO plugin v22.0 - https:\/\/yoast.com\/wordpress\/plugins\/seo\/ -->\n<title>Johannelund<\/title>\n<meta name=\"robots\" content=\"index, follow, max-snippet:-1, max-image-preview:large, max-video-preview:-1\" \/>\n<link rel=\"canonical\" href=\"https:\/\/pysslingen.se\/johannelund\/simskola\/\" \/>\n<meta property=\"og:locale\" content=\"sv_SE\" \/>\n<meta property=\"og:type\" content=\"article\" \/>\n<meta property=\"og:url\" content=\"https:\/\/pysslingen.se\/johannelund\/simskola\/\" \/>\n<meta property=\"og:site_name\" content=\"Johannelund\" \/>\n<meta property=\"article:modified_time\" content=\"2025-04-16T07:15:14+00:00\" \/>\n<meta name=\"twitter:card\" content=\"summary_large_image\" \/>\n<script type=\"application\/ld+json\" class=\"yoast-schema-graph\">{\"@context\":\"https:\/\/schema.org\",\"@graph\":[{\"@type\":\"WebPage\",\"@id\":\"https:\/\/pysslingen.se\/johannelund\/simskola\/\",\"url\":\"https:\/\/pysslingen.se\/johannelund\/simskola\/\",\"name\":\"Simskola p\u00e5 Pysslingen Johannelund - Johannelund\",\"isPartOf\":{\"@id\":\"https:\/\/pysslingen.se\/johannelund\/#website\"},\"datePublished\":\"2025-04-16T07:07:37+00:00\",\"dateModified\":\"2025-04-16T07:15:14+00:00\",\"breadcrumb\":{\"@id\":\"https:\/\/pysslingen.se\/johannelund\/simskola\/#breadcrumb\"},\"inLanguage\":\"sv-SE\",\"potentialAction\":[{\"@type\":\"ReadAction\",\"target\":[\"https:\/\/pysslingen.se\/johannelund\/simskola\/\"]}]},{\"@type\":\"BreadcrumbList\",\"@id\":\"https:\/\/pysslingen.se\/johannelund\/simskola\/#breadcrumb\",\"itemListElement\":[{\"@type\":\"ListItem\",\"position\":1,\"name\":\"Start\",\"item\":\"https:\/\/pysslingen.se\/johannelund\/\"},{\"@type\":\"ListItem\",\"position\":2,\"name\":\"Simskola p\u00e5 Pysslingen Johannelund\"}]},{\"@type\":\"WebSite\",\"@id\":\"https:\/\/pysslingen.se\/johannelund\/#website\",\"url\":\"https:\/\/pysslingen.se\/johannelund\/\",\"name\":\"Johannelund\",\"description\":\"En trygg och stimulerande v\u00e4rld\",\"publisher\":{\"@id\":\"https:\/\/pysslingen.se\/johannelund\/#organization\"},\"potentialAction\":[{\"@type\":\"SearchAction\",\"target\":{\"@type\":\"EntryPoint\",\"urlTemplate\":\"https:\/\/pysslingen.se\/johannelund\/?s={search_term_string}\"},\"query-input\":\"required name=search_term_string\"}],\"inLanguage\":\"sv-SE\"},{\"@type\":\"Organization\",\"@id\":\"https:\/\/pysslingen.se\/johannelund\/#organization\",\"name\":\"Pysslingen F\u00f6rskolor\",\"url\":\"https:\/\/pysslingen.se\/johannelund\/\",\"logo\":{\"@type\":\"ImageObject\",\"inLanguage\":\"sv-SE\",\"@id\":\"https:\/\/pysslingen.se\/johannelund\/#\/schema\/logo\/image\/\",\"url\":\"https:\/\/pysslingen.se\/wp-content\/uploads\/2021\/05\/pysslingen-forskolor.png\",\"contentUrl\":\"https:\/\/pysslingen.se\/wp-content\/uploads\/2021\/05\/pysslingen-forskolor.png\",\"width\":1120,\"height\":630,\"caption\":\"Pysslingen F\u00f6rskolor\"},\"image\":{\"@id\":\"https:\/\/pysslingen.se\/johannelund\/#\/schema\/logo\/image\/\"}}]}<\/script>\n<!-- \/ Yoast SEO plugin. -->","yoast_head_json":{"title":"Johannelund","robots":{"index":"index","follow":"follow","max-snippet":"max-snippet:-1","max-image-preview":"max-image-preview:large","max-video-preview":"max-video-preview:-1"},"canonical":"https:\/\/pysslingen.se\/johannelund\/simskola\/","og_locale":"sv_SE","og_type":"article","og_url":"https:\/\/pysslingen.se\/johannelund\/simskola\/","og_site_name":"Johannelund","article_modified_time":"2025-04-16T07:15:14+00:00","twitter_card":"summary_large_image","schema":{"@context":"https:\/\/schema.org","@graph":[{"@type":"WebPage","@id":"https:\/\/pysslingen.se\/johannelund\/simskola\/","url":"https:\/\/pysslingen.se\/johannelund\/simskola\/","name":"Simskola p\u00e5 Pysslingen Johannelund - Johannelund","isPartOf":{"@id":"https:\/\/pysslingen.se\/johannelund\/#website"},"datePublished":"2025-04-16T07:07:37+00:00","dateModified":"2025-04-16T07:15:14+00:00","breadcrumb":{"@id":"https:\/\/pysslingen.se\/johannelund\/simskola\/#breadcrumb"},"inLanguage":"sv-SE","potentialAction":[{"@type":"ReadAction","target":["https:\/\/pysslingen.se\/johannelund\/simskola\/"]}]},{"@type":"BreadcrumbList","@id":"https:\/\/pysslingen.se\/johannelund\/simskola\/#breadcrumb","itemListElement":[{"@type":"ListItem","position":1,"name":"Start","item":"https:\/\/pysslingen.se\/johannelund\/"},{"@type":"ListItem","position":2,"name":"Simskola p\u00e5 Pysslingen Johannelund"}]},{"@type":"WebSite","@id":"https:\/\/pysslingen.se\/johannelund\/#website","url":"https:\/\/pysslingen.se\/johannelund\/","name":"Johannelund","description":"En trygg och stimulerande v\u00e4rld","publisher":{"@id":"https:\/\/pysslingen.se\/johannelund\/#organization"},"potentialAction":[{"@type":"SearchAction","target":{"@type":"EntryPoint","urlTemplate":"https:\/\/pysslingen.se\/johannelund\/?s={search_term_string}"},"query-input":"required name=search_term_string"}],"inLanguage":"sv-SE"},{"@type":"Organization","@id":"https:\/\/pysslingen.se\/johannelund\/#organization","name":"Pysslingen F\u00f6rskolor","url":"https:\/\/pysslingen.se\/johannelund\/","logo":{"@type":"ImageObject","inLanguage":"sv-SE","@id":"https:\/\/pysslingen.se\/johannelund\/#\/schema\/logo\/image\/","url":"https:\/\/pysslingen.se\/wp-content\/uploads\/2021\/05\/pysslingen-forskolor.png","contentUrl":"https:\/\/pysslingen.se\/wp-content\/uploads\/2021\/05\/pysslingen-forskolor.png","width":1120,"height":630,"caption":"Pysslingen F\u00f6rskolor"},"image":{"@id":"https:\/\/pysslingen.se\/johannelund\/#\/schema\/logo\/image\/"}}]}},"_links":{"self":[{"href":"https:\/\/pysslingen.se\/johannelund\/wp-json\/wp\/v2\/pages\/1847"}],"collection":[{"href":"https:\/\/pysslingen.se\/johannelund\/wp-json\/wp\/v2\/pages"}],"about":[{"href":"https:\/\/pysslingen.se\/johannelund\/wp-json\/wp\/v2\/types\/page"}],"author":[{"embeddable":true,"href":"https:\/\/pysslingen.se\/johannelund\/wp-json\/wp\/v2\/users\/99"}],"replies":[{"embeddable":true,"href":"https:\/\/pysslingen.se\/johannelund\/wp-json\/wp\/v2\/comments?post=1847"}],"version-history":[{"count":9,"href":"https:\/\/pysslingen.se\/johannelund\/wp-json\/wp\/v2\/pages\/1847\/revisions"}],"predecessor-version":[{"id":1946,"href":"https:\/\/pysslingen.se\/johannelund\/wp-json\/wp\/v2\/pages\/1847\/revisions\/1946"}],"wp:attachment":[{"href":"https:\/\/pysslingen.se\/johannelund\/wp-json\/wp\/v2\/media?parent=1847"}],"curies":[{"name":"wp","href":"https:\/\/api.w.org\/{rel}","templated":true}]}}