{"id":1541,"date":"2026-01-12T15:52:22","date_gmt":"2026-01-12T14:52:22","guid":{"rendered":"https:\/\/pysslingen.se\/hagtornsgarden\/?page_id=1541"},"modified":"2026-01-12T16:10:12","modified_gmt":"2026-01-12T15:10:12","slug":"simskola","status":"publish","type":"page","link":"https:\/\/pysslingen.se\/hagtornsgarden\/simskola\/","title":{"rendered":"Simskola"},"content":{"rendered":"\n\t\n\t\n\t\n\n\t\n\t\n\t\t\n<section  class=\"c-block l-stacked  \" data-color-scheme=\"nyans2_av_cta-hover-standard\">\n\t<div class=\"ams-fifty ams-fifty--container ams-fifty--right ams-fifty--bottom l-container u-pt-fluid-2xl-4xl u-pb-fluid-2xl-4xl\">\n\t\t<div class=\"ams-fifty__content l-stack l-stack-xl is-left is-left@lg\">\n\t\t\t<div class=\"ams-fifty__text l-stack l-stack-lg\">\n\t\t\t\t\t\n\t<h1\n\tclass=\"c-heading u-font-title-1 \"\n\tstyle=\"\">\n\t\t\n\t\t\t\t\t\t\t\t\tHur fungerar simskola i f\u00f6rskolan?\n\t\t\t\t<span class=\"c-heading__sub is-below u-font-title-3\">\n\t\t\t\t\tPysslingen Hagtornsg\u00e5rden\n\t\t\t\t<\/span>\n\t\t\t\t\t\t\t\n\t<\/h1>\n\n\t\t\t\t\t\t\t\t\t<div class=\"text l-stack u-font-body\">\n\t\t\t\t\t\t<p class=\"\" data-start=\"129\" data-end=\"520\">P\u00e5 Pysslingen Hagtornsg\u00e5rden f\u00e5r de \u00e4ldsta barnen i f\u00f6rskolan m\u00f6jlighet att g\u00e5 i simskola som en del av v\u00e5r h\u00e4lsofr\u00e4mjande undervisning &#8221;Sista \u00e5ret&#8221; p\u00e5 f\u00f6rskolan. Simning \u00e4r inte bara en viktig livskunskap, det st\u00e4rker \u00e4ven barnens motorik, trygghet i vatten och tro p\u00e5 sin egen f\u00f6rm\u00e5ga. I takt med att simkunnigheten minskar bland barn i Sverige vill vi g\u00f6ra skillnad och ge fler chansen att bli s\u00e4kra i vattenmilj\u00f6er.<\/p>\n<p class=\"\" data-start=\"522\" data-end=\"779\">Vid flera tillf\u00e4llen under \u00e5ret f\u00e5r barnen, under ledning av utbildade siml\u00e4rare, p\u00e5 ett roligt och s\u00e4kert s\u00e4tt bekanta sig med simningens grunder. V\u00e5ra pedagoger \u00e4r alltid n\u00e4rvarande och st\u00f6ttar barnen l\u00e4ngs bass\u00e4ngkanten f\u00f6r att skapa en trygg upplevelse.<\/p>\n\n\t\t\t\t\t<\/div>\n\t\t\t\t\t\t\t<\/div>\n\n\t\t\t\t\t<\/div>\n\n\t\t <div class=\"ams-fifty__media u-ratio-landscape\">\n\t\t \t\t\t\t\t<img decoding=\"async\" width=\"600\" height=\"450\" src=\"https:\/\/pysslingen.se\/wp-content\/uploads\/sites\/4\/2026\/01\/simma-1-600x450.jpg\" class=\"attachment-md size-md\" alt=\"Pojke simmar under vattenytan.\" sizes=\"(min-width: 64em) 600px, calc(100vw - 160px)\" srcset=\"https:\/\/pysslingen.se\/wp-content\/uploads\/sites\/4\/2026\/01\/simma-1-600x450.jpg 600w, https:\/\/pysslingen.se\/wp-content\/uploads\/sites\/4\/2026\/01\/simma-1-300x225.jpg 300w, https:\/\/pysslingen.se\/wp-content\/uploads\/sites\/4\/2026\/01\/simma-1-400x300.jpg 400w, https:\/\/pysslingen.se\/wp-content\/uploads\/sites\/4\/2026\/01\/simma-1-800x600.jpg 800w, https:\/\/pysslingen.se\/wp-content\/uploads\/sites\/4\/2026\/01\/simma-1-1024x768.jpg 1024w, https:\/\/pysslingen.se\/wp-content\/uploads\/sites\/4\/2026\/01\/simma-1-1200x900.jpg 1200w, https:\/\/pysslingen.se\/wp-content\/uploads\/sites\/4\/2026\/01\/simma-1-768x576.jpg 768w, https:\/\/pysslingen.se\/wp-content\/uploads\/sites\/4\/2026\/01\/simma-1.jpg 1890w\" \/>\n\t\t\t\n\t\t\t\n\t\t\t\t\t<\/div>\n\t<\/div>\n\n\t\t\n\n<\/section>\n\n\n\n\t\n\t\n\t\n\n\t\n\t\n\t\t\n<section  class=\"c-block l-stacked  \" data-color-scheme=\"nyans2_av_cta-hover-standard\">\n\t<div class=\"ams-fifty ams-fifty--container ams-fifty--left ams-fifty--bottom l-container u-pt-fluid-2xl-4xl u-pb-fluid-2xl-4xl\">\n\t\t<div class=\"ams-fifty__content l-stack l-stack-xl is-left is-left@lg\">\n\t\t\t<div class=\"ams-fifty__text l-stack l-stack-lg\">\n\t\t\t\t\t\n\t<h2\n\tclass=\"c-heading u-font-title-1 \"\n\tstyle=\"\">\n\t\t\n\t\t\t\t\tPysslingen Johannelund i H\u00e4sselby G\u00e5rd\n\t\t\t\t\n\t<\/h2>\n\n\t\t\t\t\t\t\t\t\t<div class=\"text l-stack u-font-body\">\n\t\t\t\t\t\t<p>P\u00e5 f\u00f6rskolan Hagtornsg\u00e5rden m\u00f6ter ditt barn trygga, skickliga pedagoger som \u00e4r passionerade i sitt uppdrag och vars fr\u00e4msta drivkraft \u00e4r att f\u00e5 ditt barn att k\u00e4nna sig tryggt och utvecklas. F\u00f6rskolan har en inriktning p\u00e5 skapande, spr\u00e5k och gr\u00f6n flagg.<\/p>\n<p>I v\u00e5ra nyrenoverade lokaler f\u00e5r barnen uppleva l\u00e4rmilj\u00f6er som st\u00e4ndigt uppdateras utifr\u00e5n deras intressen och olika teman. Vi tar g\u00e4rna tillvara p\u00e5 m\u00f6jligheten att l\u00e4mna v\u00e5r g\u00e5rd f\u00f6r att utforska n\u00e4romr\u00e5det och ser naturen som en fantastisk l\u00e4rmilj\u00f6.\u00a0Varmt v\u00e4lkomna till oss!<\/p>\n\n\t\t\t\t\t<\/div>\n\t\t\t\t\t\t\t<\/div>\n\n\t\t\t\t\t<\/div>\n\n\t\t <div class=\"ams-fifty__media u-ratio-landscape\">\n\t\t \t\t\t\t\t<img decoding=\"async\" width=\"600\" height=\"400\" src=\"https:\/\/pysslingen.se\/wp-content\/uploads\/sites\/4\/2020\/10\/natur-flicka-2.jpg\" class=\"attachment-md size-md\" alt=\"Flicka p\u00e5 f\u00f6rskola vattnar plantor i projekt om h\u00e5llbarhet\" sizes=\"(min-width: 64em) 600px, calc(100vw - 160px)\" srcset=\"https:\/\/pysslingen.se\/wp-content\/uploads\/sites\/4\/2020\/10\/natur-flicka-2.jpg 1000w, https:\/\/pysslingen.se\/wp-content\/uploads\/sites\/4\/2020\/10\/natur-flicka-2-300x200.jpg 300w, https:\/\/pysslingen.se\/wp-content\/uploads\/sites\/4\/2020\/10\/natur-flicka-2-768x512.jpg 768w\" \/>\n\t\t\t\n\t\t\t\n\t\t\t\t\t<\/div>\n\t<\/div>\n\n\t\t\n\n<\/section>\n\n\n\n\n<section  class=\"ams-cta ams-cta--stacked c-block l-stacked\" data-color-scheme=\"usp-pink-background-blue-cards\">\n\t<div class=\"l-container l-stack l-stack-fluid-2xl u-pt-fluid-3xl-6xl u-pb-fluid-3xl-6xl is-center is-center@md\">\n\t\t\t\t\t<div class=\"ams-cta__intro l-stack l-stack-lg\">\n\t\t\t\t\t\n\t<h2\n\tclass=\"c-heading u-font-title-1 \"\n\tstyle=\"\">\n\t\t\n\t\t\t\t\tAns\u00f6k till Hagtornsg\u00e5rdens f\u00f6rskola:\n\t\t\t\t\n\t<\/h2>\n\n\t\t\t\t\t\t\t\t\t<div class=\"c-text l-stack u-cs-xl u-font-body\">\n\t\t\t\t\t\t<p class=\"p1\" style=\"text-align: center;\">S\u00e5 roligt att du \u00e4r intresserad av Hagtornsg\u00e5rdens f\u00f6rskola!<\/p>\n<p class=\"p1\" style=\"text-align: center;\">F\u00f6rskolan ing\u00e5r i Stockholms Stads gemensamma k\u00f6 och du g\u00f6r ditt val p\u00e5\u00a0<a href=\"https:\/\/forskola.stockholm\/\"><span class=\"s1\">Stockholms stads webbtj\u00e4ns<\/span><\/a>. D\u00e4r kan du \u00e4ven l\u00e4sa mer om k\u00f6 och antagningsregler.<\/p>\n<p class=\"p1\" style=\"text-align: center;\">Vill du ha hj\u00e4lp med din ans\u00f6kan? Har du fr\u00e5gor om f\u00f6rskolan? V\u00e4lkommen att kontakta oss, se kontaktuppgifter nedan.<\/p>\n\n\t\t\t\t\t<\/div>\n\t\t\t\t\t\t\t<\/div>\n\t\t\n\t\t\n\t\t\t<div class=\"ams-cta__action u-inline-items\">\n\t\t\t\t\t\t\t\n\n\n<a href=\"https:\/\/forskola.stockholm\/\"\n\t\n\tclass=\"c-btn \"\n\tdata-style=\"rounded\"\n\tdata-size=\"md\"\n\tdata-width=\"full-mobile\"\n\tdata-variant=\"default\"\n\ttarget=\"_self\">\n\t\t\t<span class=\"label\"> Till k\u00f6anm\u00e4lan<\/span>\n\t\t\t<\/a>\n\t\t\t<\/div>\n\t<\/div>\n\n\t\t\n\n<\/section>\n\n\n\n<section \n\t\t class=\"\n\t\t ams-contact\n\t\t \n\t\t c-block l-stacked\n\t\t \n\t\t \n\t\t js-load-more\n\t\t \"\n\t\t data-color-scheme=\"\"\n\t\t\t\t\tdata-count=\"3\"\n\t\t\t\t\t\t\tdata-count-mobile=\"2\"\n\t\t\t\t>\n\t<div\n\t\t class=\"\n\t\t l-container\n\t\t l-stack l-stack-fluid-2xl\n\t\t u-pt-fluid-md-xl\n\t\t u-pb-fluid-md-xl\n\t\t is-center\n\t\t is-center@md\n\t\t \">\n\t\t\t\t\t<div class=\"ams-contact__intro l-stack l-stack-lg\">\n\t\t\t\t\t\n\t<h2\n\tclass=\"c-heading u-font-title-1 \"\n\tstyle=\"\">\n\t\t\n\t\t\t\t\tKontaktuppgifter Pysslingen Hagtornsg\u00e5rden:\n\t\t\t\t\n\t<\/h2>\n\n\t\t\t\t\t\t\t<\/div>\n\t\t\n\t\t\n\t\t    \t\n\t\t\n\t\t<ul\n\t\t\tid=\"contact-grid-69f621d534777\"\n\t\t\tclass=\"ams-contact__list l-grid u-gap-fluid-2xl-4xl u-justify-center js-results \"\n\t\t\taria-label=\"Kontakter\"\n\t\t\tdata-filter-animation=\"off\"\n\t\t\t>\n\t\t\t\t\t\t\t\t\t\t\t\n\t\t\t\t\n\t\t\t\t<li class=\"l-col-6@md l-col-4@lg \" data-filter=\"b\">\n\t\t\t\t\t<article class=\"c-card \" data-variant=\"neutral\">\n\t\t\t\t\t\t<div class=\"c-card__content u-text-center\">\n\t\t\t\t\t\t\t\t\t\t\t\t\t\t\t<h3 class=\"c-card__title u-font-title-3\">\n\t\t\t\t\t\t\t\t\tAnna Cederg\u00e5rd\n\t\t\t\t\t\t\t\t<\/h3>\n\t\t\t\t\t\t\t\n\t\t\t\t\t\t\t\t\t\t\t\t\t\t\t<p class=\"position u-font-body\">Rektor<\/p>\n\t\t\t\t\t\t\t\n\t\t\t\t\t\t\t\t\t\t\t\t\t\t\t<div class=\"contact-info u-font-body\">\n\t\t\t\t\t\t\t\t\t\t\t\t\t\t\t\t\t\t\t\t\t\t\t\t\t\t\t\t\t\t<p class=\"phone\"><a\n\t\t\t\t\t\t\t\t\t\t\t\t\thref=\"tel:0761014358\"\n\t\t\t\t\t\t\t\t\t\t\t\t\tclass=\"u-text-link\">076-101 43 58<\/a>\n\t\t\t\t\t\t\t\t\t\t\t<\/p>\n\t\t\t\t\t\t\t\t\t\t\t\t\t\t\t\t\t\t\t\n\t\t\t\t\t\t\t\t\t\t\t\t\t\t\t\t\t\t\t\t\t\t\t\t\t\t\t\t\t\t<p class=\"email\"><a\n\t\t\t\t\t\t\t\t\t\t\t\t\thref=\"&#109;&#097;&#105;lto&#058;a&#110;na&#046;&#099;ede&#114;g&#097;r&#100;&#064;&#112;&#121;&#115;sl&#105;nge&#110;.s&#101;\"\n\t\t\t\t\t\t\t\t\t\t\t\t\tclass=\"u-text-link\">a&#110;na.ce&#100;&#101;rgar&#100;&#064;p&#121;ssl&#105;&#110;gen.s&#101;<\/a>\n\t\t\t\t\t\t\t\t\t\t\t<\/p>\n\t\t\t\t\t\t\t\t\t\t\t\t\t\t\t\t\t\t\t\t\t\t\t\t\t\t\t<\/div>\n\t\t\t\t\t\t\t\n\t\t\t\t\t\t\t\t\t\t\t\t\t<\/div>\n\t\t\t\t\t\t<div class=\"c-card__media\">\n\t\t\t\t\t\t\t\t\t\t\t\t\t\t\t\t\t\t\t\t\t\t\t\t\t\t\t\t\t\t\t\t\t\t\t\t\t\t\t\t\t\t\t\t\t\t\t\t\t<img decoding=\"async\" width=\"327\" height=\"344\" src=\"https:\/\/pysslingen.se\/wp-content\/uploads\/sites\/4\/2020\/11\/anna.png\" class=\"u-radius-rounded u-ratio-landscape  \" alt=\"Portr\u00e4ttbild p\u00e5 medarbetare.\" sizes=\"(max-width: 300px) 100vw, 300px\" srcset=\"https:\/\/pysslingen.se\/wp-content\/uploads\/sites\/4\/2020\/11\/anna.png 327w, https:\/\/pysslingen.se\/wp-content\/uploads\/sites\/4\/2020\/11\/anna-300x316.png 300w\" \/>\n\t\t\t\t\t\t<\/div>\n\t\t\t\t\t<\/article>\n\t\t\t\t<\/li>\n\t\t\t\t\t\t\t\t\t\t\t\n\t\t\t\t\n\t\t\t\t<li class=\"l-col-6@md l-col-4@lg \" data-filter=\"b\">\n\t\t\t\t\t<article class=\"c-card \" data-variant=\"neutral\">\n\t\t\t\t\t\t<div class=\"c-card__content u-text-center\">\n\t\t\t\t\t\t\t\t\t\t\t\t\t\t\t<h3 class=\"c-card__title u-font-title-3\">\n\t\t\t\t\t\t\t\t\tSandra Demander\n\t\t\t\t\t\t\t\t<\/h3>\n\t\t\t\t\t\t\t\n\t\t\t\t\t\t\t\t\t\t\t\t\t\t\t<p class=\"position u-font-body\">Bitr\u00e4dande rektor <\/p>\n\t\t\t\t\t\t\t\n\t\t\t\t\t\t\t\t\t\t\t\t\t\t\t<div class=\"contact-info u-font-body\">\n\t\t\t\t\t\t\t\t\t\t\t\t\t\t\t\t\t\t\t\t\t\t\t\t\t\t\t\t\t\t<p class=\"phone\"><a\n\t\t\t\t\t\t\t\t\t\t\t\t\thref=\"tel:0769474519\"\n\t\t\t\t\t\t\t\t\t\t\t\t\tclass=\"u-text-link\">076-947 45 19<\/a>\n\t\t\t\t\t\t\t\t\t\t\t<\/p>\n\t\t\t\t\t\t\t\t\t\t\t\t\t\t\t\t\t\t\t\n\t\t\t\t\t\t\t\t\t\t\t\t\t\t\t\t\t\t\t\t\t\t\t\t\t\t\t\t\t\t<p class=\"email\"><a\n\t\t\t\t\t\t\t\t\t\t\t\t\thref=\"m&#097;&#105;l&#116;&#111;:s&#097;ndr&#097;.&#100;eman&#100;&#101;&#114;&#064;&#112;ys&#115;l&#105;&#110;&#103;e&#110;&#046;&#115;&#101;\"\n\t\t\t\t\t\t\t\t\t\t\t\t\tclass=\"u-text-link\">&#115;&#097;&#110;&#100;&#114;a&#046;de&#109;an&#100;er&#064;py&#115;slin&#103;e&#110;.&#115;e<\/a>\n\t\t\t\t\t\t\t\t\t\t\t<\/p>\n\t\t\t\t\t\t\t\t\t\t\t\t\t\t\t\t\t\t\t\t\t\t\t\t\t\t\t<\/div>\n\t\t\t\t\t\t\t\n\t\t\t\t\t\t\t\t\t\t\t\t\t<\/div>\n\t\t\t\t\t\t<div class=\"c-card__media\">\n\t\t\t\t\t\t\t\t\t\t\t\t\t\t\t\t\t\t\t\t\t\t\t\t\t\t\t\t\t\t\t\t\t\t\t\t\t\t\t\t\t\t\t\t\t\t\t\t\t<img decoding=\"async\" width=\"268\" height=\"349\" src=\"https:\/\/pysslingen.se\/wp-content\/uploads\/sites\/4\/2020\/11\/sandra-1.png\" class=\"u-radius-rounded u-ratio-landscape  \" alt=\"Portr\u00e4ttbild p\u00e5 medarbetare.\" sizes=\"(max-width: 300px) 100vw, 300px\" \/>\n\t\t\t\t\t\t<\/div>\n\t\t\t\t\t<\/article>\n\t\t\t\t<\/li>\n\t\t\t\t\t\t\t\t\t\t\t\n\t\t\t\t\n\t\t\t\t<li class=\"l-col-6@md l-col-4@lg \" data-filter=\"b\">\n\t\t\t\t\t<article class=\"c-card \" data-variant=\"neutral\">\n\t\t\t\t\t\t<div class=\"c-card__content u-text-center\">\n\t\t\t\t\t\t\t\t\t\t\t\t\t\t\t<h3 class=\"c-card__title u-font-title-3\">\n\t\t\t\t\t\t\t\t\t\u00c5sa Michelsson\n\t\t\t\t\t\t\t\t<\/h3>\n\t\t\t\t\t\t\t\n\t\t\t\t\t\t\t\t\t\t\t\t\t\t\t<p class=\"position u-font-body\">Kvalitetsledare<\/p>\n\t\t\t\t\t\t\t\n\t\t\t\t\t\t\t\t\t\t\t\t\t\t\t<div class=\"contact-info u-font-body\">\n\t\t\t\t\t\t\t\t\t\t\t\t\t\t\t\t\t\t\t\t\t\t\t\t\t\t\t\t\t\t<p class=\"phone\"><a\n\t\t\t\t\t\t\t\t\t\t\t\t\thref=\"tel:0761026139\"\n\t\t\t\t\t\t\t\t\t\t\t\t\tclass=\"u-text-link\">076-102 61 39<\/a>\n\t\t\t\t\t\t\t\t\t\t\t<\/p>\n\t\t\t\t\t\t\t\t\t\t\t\t\t\t\t\t\t\t\t\n\t\t\t\t\t\t\t\t\t\t\t\t\t\t\t\t\t\t\t\t\t\t\t\t\t\t\t\t\t\t<p class=\"email\"><a\n\t\t\t\t\t\t\t\t\t\t\t\t\thref=\"m&#097;i&#108;&#116;o&#058;&#097;sa&#046;&#109;i&#099;&#104;&#101;ls&#115;&#111;&#110;&#064;p&#121;&#115;&#115;l&#105;ng&#101;n&#046;&#115;e\"\n\t\t\t\t\t\t\t\t\t\t\t\t\tclass=\"u-text-link\">a&#115;a&#046;m&#105;&#099;hels&#115;on&#064;p&#121;&#115;&#115;&#108;i&#110;g&#101;n.se<\/a>\n\t\t\t\t\t\t\t\t\t\t\t<\/p>\n\t\t\t\t\t\t\t\t\t\t\t\t\t\t\t\t\t\t\t\t\t\t\t\t\t\t\t<\/div>\n\t\t\t\t\t\t\t\n\t\t\t\t\t\t\t\t\t\t\t\t\t<\/div>\n\t\t\t\t\t\t<div class=\"c-card__media\">\n\t\t\t\t\t\t\t\t\t\t\t\t\t\t\t\t\t\t\t\t\t\t\t\t\t\t\t\t\t\t\t\t\t\t\t\t\t\t\t\t\t\t\t\t\t\t\t\t\t<img decoding=\"async\" width=\"326\" height=\"325\" src=\"https:\/\/pysslingen.se\/wp-content\/uploads\/sites\/4\/2020\/11\/asa.png\" class=\"u-radius-rounded u-ratio-landscape  \" alt=\"Portr\u00e4ttbild p\u00e5 medarbetare.\" sizes=\"(max-width: 300px) 100vw, 300px\" srcset=\"https:\/\/pysslingen.se\/wp-content\/uploads\/sites\/4\/2020\/11\/asa.png 326w, https:\/\/pysslingen.se\/wp-content\/uploads\/sites\/4\/2020\/11\/asa-150x150.png 150w, https:\/\/pysslingen.se\/wp-content\/uploads\/sites\/4\/2020\/11\/asa-300x299.png 300w\" \/>\n\t\t\t\t\t\t<\/div>\n\t\t\t\t\t<\/article>\n\t\t\t\t<\/li>\n\t\t\t\t\t<\/ul>\n\n\t\t\n\t\t    <div class=\"ams-contact__more u-inline-items js-load-more-btn\">\n        <button href=\"#\"\n                class=\"c-btn\"\n                data-style=\"rounded\"\n                data-size=\"md\"\n                data-width=\"full-mobile\"\n                data-variant=\"outline\">\n        \tVisa mer\n        <\/button>\n    <\/div>\n\n\t\t\t<\/div>\n\n\t\t\n\n<\/section>\n\n\n\n\n<section  class=\"ams-cta ams-cta--stacked c-block l-stacked\">\n\t<div class=\"l-container l-stack l-stack-fluid-2xl u-pt-fluid-2xl-4xl u-pb-fluid-2xl-4xl is-center is-center@md\">\n\t\t\t\t\t<div class=\"ams-cta__intro l-stack l-stack-lg\">\n\t\t\t\t\t\n\t<h2\n\tclass=\"c-heading u-font-title-1 \"\n\tstyle=\"\">\n\t\t\n\t\t\t\t\tVill du veta mer?\n\t\t\t\t\n\t<\/h2>\n\n\t\t\t\t\t\t\t<\/div>\n\t\t\n\t\t\n\t\t\t<div class=\"ams-cta__action u-inline-items\">\n\t\t\t\t\t\t\t\n\n\n<a href=\"https:\/\/pysslingen.se\/hagtornsgarden\/om-forskolan\/\"\n\t\n\tclass=\"c-btn \"\n\tdata-style=\"rounded\"\n\tdata-size=\"md\"\n\tdata-width=\"full-mobile\"\n\tdata-variant=\"default\"\n\ttarget=\"_self\">\n\t\t\t<span class=\"label\"> L\u00e4s mer om oss<\/span>\n\t\t\t<\/a>\n\t\t\t<\/div>\n\t<\/div>\n\n\t\t\n\n<\/section>\n","protected":false},"excerpt":{"rendered":"","protected":false},"author":99,"featured_media":0,"parent":0,"menu_order":0,"comment_status":"closed","ping_status":"closed","template":"","meta":{"footnotes":""},"yoast_head":"<!-- This site is optimized with the Yoast SEO plugin v22.0 - https:\/\/yoast.com\/wordpress\/plugins\/seo\/ -->\n<title>Hagtornsg\u00e5rden<\/title>\n<meta name=\"description\" content=\"Vi erbjuder simskola p\u00e5 f\u00f6rskolan! P\u00e5 Pysslingen Hagtornsg\u00e5rden i Enskede f\u00e5r f\u00f6rskolebarnen \u00f6va simf\u00f6rm\u00e5ga i samarbete med Trampoolin.\" \/>\n<meta name=\"robots\" content=\"index, follow, max-snippet:-1, max-image-preview:large, max-video-preview:-1\" \/>\n<link rel=\"canonical\" href=\"https:\/\/pysslingen.se\/hagtornsgarden\/simskola\/\" \/>\n<meta property=\"og:locale\" content=\"sv_SE\" \/>\n<meta property=\"og:type\" content=\"article\" \/>\n<meta property=\"og:description\" content=\"Vi erbjuder simskola p\u00e5 f\u00f6rskolan! P\u00e5 Pysslingen Hagtornsg\u00e5rden i Enskede f\u00e5r f\u00f6rskolebarnen \u00f6va simf\u00f6rm\u00e5ga i samarbete med Trampoolin.\" \/>\n<meta property=\"og:url\" content=\"https:\/\/pysslingen.se\/hagtornsgarden\/simskola\/\" \/>\n<meta property=\"og:site_name\" content=\"Hagtornsg\u00e5rden\" \/>\n<meta property=\"article:modified_time\" content=\"2026-01-12T15:10:12+00:00\" \/>\n<meta name=\"twitter:card\" content=\"summary_large_image\" \/>\n<meta name=\"twitter:description\" content=\"Vi erbjuder simskola p\u00e5 f\u00f6rskolan! P\u00e5 Pysslingen Hagtornsg\u00e5rden i Enskede f\u00e5r f\u00f6rskolebarnen \u00f6va simf\u00f6rm\u00e5ga i samarbete med Trampoolin.\" \/>\n<script type=\"application\/ld+json\" class=\"yoast-schema-graph\">{\"@context\":\"https:\/\/schema.org\",\"@graph\":[{\"@type\":\"WebPage\",\"@id\":\"https:\/\/pysslingen.se\/hagtornsgarden\/simskola\/\",\"url\":\"https:\/\/pysslingen.se\/hagtornsgarden\/simskola\/\",\"name\":\"Simskola - Hagtornsg\u00e5rden\",\"isPartOf\":{\"@id\":\"https:\/\/pysslingen.se\/hagtornsgarden\/#website\"},\"datePublished\":\"2026-01-12T14:52:22+00:00\",\"dateModified\":\"2026-01-12T15:10:12+00:00\",\"description\":\"Vi erbjuder simskola p\u00e5 f\u00f6rskolan! P\u00e5 Pysslingen Hagtornsg\u00e5rden i Enskede f\u00e5r f\u00f6rskolebarnen \u00f6va simf\u00f6rm\u00e5ga i samarbete med Trampoolin.\",\"breadcrumb\":{\"@id\":\"https:\/\/pysslingen.se\/hagtornsgarden\/simskola\/#breadcrumb\"},\"inLanguage\":\"sv-SE\",\"potentialAction\":[{\"@type\":\"ReadAction\",\"target\":[\"https:\/\/pysslingen.se\/hagtornsgarden\/simskola\/\"]}]},{\"@type\":\"BreadcrumbList\",\"@id\":\"https:\/\/pysslingen.se\/hagtornsgarden\/simskola\/#breadcrumb\",\"itemListElement\":[{\"@type\":\"ListItem\",\"position\":1,\"name\":\"Start\",\"item\":\"https:\/\/pysslingen.se\/hagtornsgarden\/\"},{\"@type\":\"ListItem\",\"position\":2,\"name\":\"Simskola\"}]},{\"@type\":\"WebSite\",\"@id\":\"https:\/\/pysslingen.se\/hagtornsgarden\/#website\",\"url\":\"https:\/\/pysslingen.se\/hagtornsgarden\/\",\"name\":\"Hagtornsg\u00e5rden\",\"description\":\"En trygg och stimulerande v\u00e4rld\",\"publisher\":{\"@id\":\"https:\/\/pysslingen.se\/hagtornsgarden\/#organization\"},\"potentialAction\":[{\"@type\":\"SearchAction\",\"target\":{\"@type\":\"EntryPoint\",\"urlTemplate\":\"https:\/\/pysslingen.se\/hagtornsgarden\/?s={search_term_string}\"},\"query-input\":\"required name=search_term_string\"}],\"inLanguage\":\"sv-SE\"},{\"@type\":\"Organization\",\"@id\":\"https:\/\/pysslingen.se\/hagtornsgarden\/#organization\",\"name\":\"Pysslingen F\u00f6rskolor\",\"url\":\"https:\/\/pysslingen.se\/hagtornsgarden\/\",\"logo\":{\"@type\":\"ImageObject\",\"inLanguage\":\"sv-SE\",\"@id\":\"https:\/\/pysslingen.se\/hagtornsgarden\/#\/schema\/logo\/image\/\",\"url\":\"https:\/\/pysslingen.se\/wp-content\/uploads\/2021\/05\/pysslingen-forskolor.png\",\"contentUrl\":\"https:\/\/pysslingen.se\/wp-content\/uploads\/2021\/05\/pysslingen-forskolor.png\",\"width\":1120,\"height\":630,\"caption\":\"Pysslingen F\u00f6rskolor\"},\"image\":{\"@id\":\"https:\/\/pysslingen.se\/hagtornsgarden\/#\/schema\/logo\/image\/\"}}]}<\/script>\n<!-- \/ Yoast SEO plugin. -->","yoast_head_json":{"title":"Hagtornsg\u00e5rden","description":"Vi erbjuder simskola p\u00e5 f\u00f6rskolan! P\u00e5 Pysslingen Hagtornsg\u00e5rden i Enskede f\u00e5r f\u00f6rskolebarnen \u00f6va simf\u00f6rm\u00e5ga i samarbete med Trampoolin.","robots":{"index":"index","follow":"follow","max-snippet":"max-snippet:-1","max-image-preview":"max-image-preview:large","max-video-preview":"max-video-preview:-1"},"canonical":"https:\/\/pysslingen.se\/hagtornsgarden\/simskola\/","og_locale":"sv_SE","og_type":"article","og_description":"Vi erbjuder simskola p\u00e5 f\u00f6rskolan! P\u00e5 Pysslingen Hagtornsg\u00e5rden i Enskede f\u00e5r f\u00f6rskolebarnen \u00f6va simf\u00f6rm\u00e5ga i samarbete med Trampoolin.","og_url":"https:\/\/pysslingen.se\/hagtornsgarden\/simskola\/","og_site_name":"Hagtornsg\u00e5rden","article_modified_time":"2026-01-12T15:10:12+00:00","twitter_card":"summary_large_image","twitter_description":"Vi erbjuder simskola p\u00e5 f\u00f6rskolan! P\u00e5 Pysslingen Hagtornsg\u00e5rden i Enskede f\u00e5r f\u00f6rskolebarnen \u00f6va simf\u00f6rm\u00e5ga i samarbete med Trampoolin.","schema":{"@context":"https:\/\/schema.org","@graph":[{"@type":"WebPage","@id":"https:\/\/pysslingen.se\/hagtornsgarden\/simskola\/","url":"https:\/\/pysslingen.se\/hagtornsgarden\/simskola\/","name":"Simskola - Hagtornsg\u00e5rden","isPartOf":{"@id":"https:\/\/pysslingen.se\/hagtornsgarden\/#website"},"datePublished":"2026-01-12T14:52:22+00:00","dateModified":"2026-01-12T15:10:12+00:00","description":"Vi erbjuder simskola p\u00e5 f\u00f6rskolan! P\u00e5 Pysslingen Hagtornsg\u00e5rden i Enskede f\u00e5r f\u00f6rskolebarnen \u00f6va simf\u00f6rm\u00e5ga i samarbete med Trampoolin.","breadcrumb":{"@id":"https:\/\/pysslingen.se\/hagtornsgarden\/simskola\/#breadcrumb"},"inLanguage":"sv-SE","potentialAction":[{"@type":"ReadAction","target":["https:\/\/pysslingen.se\/hagtornsgarden\/simskola\/"]}]},{"@type":"BreadcrumbList","@id":"https:\/\/pysslingen.se\/hagtornsgarden\/simskola\/#breadcrumb","itemListElement":[{"@type":"ListItem","position":1,"name":"Start","item":"https:\/\/pysslingen.se\/hagtornsgarden\/"},{"@type":"ListItem","position":2,"name":"Simskola"}]},{"@type":"WebSite","@id":"https:\/\/pysslingen.se\/hagtornsgarden\/#website","url":"https:\/\/pysslingen.se\/hagtornsgarden\/","name":"Hagtornsg\u00e5rden","description":"En trygg och stimulerande v\u00e4rld","publisher":{"@id":"https:\/\/pysslingen.se\/hagtornsgarden\/#organization"},"potentialAction":[{"@type":"SearchAction","target":{"@type":"EntryPoint","urlTemplate":"https:\/\/pysslingen.se\/hagtornsgarden\/?s={search_term_string}"},"query-input":"required name=search_term_string"}],"inLanguage":"sv-SE"},{"@type":"Organization","@id":"https:\/\/pysslingen.se\/hagtornsgarden\/#organization","name":"Pysslingen F\u00f6rskolor","url":"https:\/\/pysslingen.se\/hagtornsgarden\/","logo":{"@type":"ImageObject","inLanguage":"sv-SE","@id":"https:\/\/pysslingen.se\/hagtornsgarden\/#\/schema\/logo\/image\/","url":"https:\/\/pysslingen.se\/wp-content\/uploads\/2021\/05\/pysslingen-forskolor.png","contentUrl":"https:\/\/pysslingen.se\/wp-content\/uploads\/2021\/05\/pysslingen-forskolor.png","width":1120,"height":630,"caption":"Pysslingen F\u00f6rskolor"},"image":{"@id":"https:\/\/pysslingen.se\/hagtornsgarden\/#\/schema\/logo\/image\/"}}]}},"_links":{"self":[{"href":"https:\/\/pysslingen.se\/hagtornsgarden\/wp-json\/wp\/v2\/pages\/1541"}],"collection":[{"href":"https:\/\/pysslingen.se\/hagtornsgarden\/wp-json\/wp\/v2\/pages"}],"about":[{"href":"https:\/\/pysslingen.se\/hagtornsgarden\/wp-json\/wp\/v2\/types\/page"}],"author":[{"embeddable":true,"href":"https:\/\/pysslingen.se\/hagtornsgarden\/wp-json\/wp\/v2\/users\/99"}],"replies":[{"embeddable":true,"href":"https:\/\/pysslingen.se\/hagtornsgarden\/wp-json\/wp\/v2\/comments?post=1541"}],"version-history":[{"count":6,"href":"https:\/\/pysslingen.se\/hagtornsgarden\/wp-json\/wp\/v2\/pages\/1541\/revisions"}],"predecessor-version":[{"id":1552,"href":"https:\/\/pysslingen.se\/hagtornsgarden\/wp-json\/wp\/v2\/pages\/1541\/revisions\/1552"}],"wp:attachment":[{"href":"https:\/\/pysslingen.se\/hagtornsgarden\/wp-json\/wp\/v2\/media?parent=1541"}],"curies":[{"name":"wp","href":"https:\/\/api.w.org\/{rel}","templated":true}]}}