{"id":666,"date":"2020-10-22T14:59:24","date_gmt":"2020-10-22T14:59:24","guid":{"rendered":"https:\/\/pysslingen.se\/hagaberg\/?page_id=666"},"modified":"2025-03-28T08:17:31","modified_gmt":"2025-03-28T07:17:31","slug":"sprakstimulans","status":"publish","type":"page","link":"https:\/\/pysslingen.se\/hagaberg\/sprakstimulans\/","title":{"rendered":"Spr\u00e5kstimulans"},"content":{"rendered":"\n<h1 class=\"wp-block-heading\">Spr\u00e5kstimulans \u00e4r viktigt p\u00e5 Hagaberg f\u00f6rskola<\/h1>\n\n\n\n\t<div class=\"module_wrapper ams_remote_pages_module \">\n\t\t\n\t\n\t\n\t\n\n\t\n\t\n\t\t\n<section  class=\"c-block l-stacked  \" data-color-scheme=\"\">\n\t<div class=\"ams-fifty ams-fifty--container ams-fifty--right ams-fifty--bottom l-container u-pt-fluid-md-xl u-pb-fluid-md-xl\">\n\t\t<div class=\"ams-fifty__content l-stack l-stack-xl is-left is-left@lg\">\n\t\t\t<div class=\"ams-fifty__text l-stack l-stack-lg\">\n\t\t\t\t\n\t\t\t\t\t\t\t\t\t<div class=\"text l-stack u-font-body\">\n\t\t\t\t\t\t<p>Spr\u00e5ket \u00e4r grunden till en trygg utveckling f\u00f6r alla barn. Att ha ett spr\u00e5k och att kunna kommunicera med andra \u00e4r en f\u00f6ruts\u00e4ttning f\u00f6r att f\u00f6rst\u00e5 sin omv\u00e4rld, st\u00e4rka sin sj\u00e4lvk\u00e4nsla och interagera med andra. I Pysslingen F\u00f6rskolor arbetar vi med spr\u00e5kutvecklande aktiviteter f\u00f6r att st\u00e4rka barnens kommunikationsf\u00f6rm\u00e5ga samt l\u00e4s- och skrivutveckling.<\/p>\n<p><!-- wp:paragraph --><\/p>\n<p>H\u00f6gl\u00e4sning och m\u00f6jligheten till varierad litteratur \u00e4r viktiga delar f\u00f6r spr\u00e5kstimulansen. I f\u00f6rskolan ska det finnas tillg\u00e5ng till barnlitteratur f\u00f6r alla \u00e5ldrar och i l\u00e4rmilj\u00f6n ska det f\u00f6r alla barn finnas tillg\u00e4ngligt material som b\u00e5de stimulerar och utvecklar barns skriftspr\u00e5k.<\/p>\n<p><!-- \/wp:paragraph --> <!-- wp:paragraph --><\/p>\n<p>Alla Pysslingens f\u00f6rskolor har egna bibliotek d\u00e4r du och ditt barn kan l\u00e5na hem b\u00f6cker och l\u00e4sa tillsammans.<\/p>\n<p><!-- \/wp:paragraph --><\/p>\n\n\t\t\t\t\t<\/div>\n\t\t\t\t\t\t\t<\/div>\n\n\t\t\t\t\t<\/div>\n\n\t\t <div class=\"ams-fifty__media u-ratio-landscape\">\n\t\t \t\t\t\t\t<img decoding=\"async\" width=\"600\" height=\"400\" src=\"https:\/\/pysslingen.se\/wp-content\/uploads\/2024\/04\/pojkelaser.jpg\" class=\"attachment-md size-md\" alt=\"pojke bl\u00e4ddrar i en bok\" sizes=\"(min-width: 64em) 600px, calc(100vw - 160px)\" srcset=\"https:\/\/pysslingen.se\/wp-content\/uploads\/2024\/04\/pojkelaser.jpg 1200w, https:\/\/pysslingen.se\/wp-content\/uploads\/2024\/04\/pojkelaser-300x200.jpg 300w, https:\/\/pysslingen.se\/wp-content\/uploads\/2024\/04\/pojkelaser-1024x683.jpg 1024w, https:\/\/pysslingen.se\/wp-content\/uploads\/2024\/04\/pojkelaser-768x512.jpg 768w, https:\/\/pysslingen.se\/wp-content\/uploads\/2024\/04\/pojkelaser-500x333.jpg 500w, https:\/\/pysslingen.se\/wp-content\/uploads\/2024\/04\/pojkelaser-340x227.jpg 340w, https:\/\/pysslingen.se\/wp-content\/uploads\/2024\/04\/pojkelaser-1100x733.jpg 1100w, https:\/\/pysslingen.se\/wp-content\/uploads\/2024\/04\/pojkelaser-1000x667.jpg 1000w\" \/>\n\t\t\t\n\t\t\t\n\t\t\t\t\t<\/div>\n\t<\/div>\n\n\t\t\n\n<\/section>\n\t\t\t\t\t<div class=\"container core-heading\">\n\t\t\t\t\t\t<div class=\"row\">\n\t\t\t\t\t\t\t<div class=\"col-12\">\n\t\t\t\t\t\t\t\t\n<h2 class=\"wp-block-heading\">Hela Pysslingen skapar l\u00e4slust<\/h2>\n\t\t\t\t\t\t\t<\/div>\n\t\t\t\t\t\t<\/div>\n\t\t\t\t\t<\/div>\n\t\t\t\t\t\t\t\t\t\t<div class=\"container core-paragraph\">\n\t\t\t\t\t\t<div class=\"row\">\n\t\t\t\t\t\t\t<div class=\"col-12\">\n\t\t\t\t\t\t\t\t\n<p>I februari varje \u00e5r, i samband med Internationella dagen f\u00f6r modersm\u00e5l, har vi i Pysslingen F\u00f6rskolor en gemensam l\u00e4slustdag. En dag d\u00e5 vi fokuserar extra mycket p\u00e5 att erbjuda barnen olika aktiviteter kopplade till spr\u00e5k och l\u00e4sning. Detta g\u00f6r vi f\u00f6r att p\u00e5 ett lekfullt s\u00e4tt belysa vikten av att l\u00e4sa tillsammans och ge barn ett spr\u00e5k. Spr\u00e5ket \u00e4r biljetten in i gemenskapen och g\u00f6r det m\u00f6jligt f\u00f6r barnet att kunna g\u00f6ra sin r\u00f6st h\u00f6rd.<\/p>\n\t\t\t\t\t\t\t<\/div>\n\t\t\t\t\t\t<\/div>\n\t\t\t\t\t<\/div>\n\t\t\t\t\t\t\t\t\t\t<div class=\"container core-heading\">\n\t\t\t\t\t\t<div class=\"row\">\n\t\t\t\t\t\t\t<div class=\"col-12\">\n\t\t\t\t\t\t\t\t\n<h2 class=\"wp-block-heading\">Polyglutt &#8211; digital boktj\u00e4nst<\/h2>\n\t\t\t\t\t\t\t<\/div>\n\t\t\t\t\t\t<\/div>\n\t\t\t\t\t<\/div>\n\t\t\t\t\t\t\t\t\t\t<div class=\"container core-paragraph\">\n\t\t\t\t\t\t<div class=\"row\">\n\t\t\t\t\t\t\t<div class=\"col-12\">\n\t\t\t\t\t\t\t\t\n<p id=\"block-f8a44ba9-6209-4c1d-97b7-8183db5ad15e\">I Pysslingen F\u00f6rskolor anv\u00e4nder vi verktyget Polyglutt i v\u00e5rt arbete med barns spr\u00e5kutveckling. Polyglutt \u00e4r ett digitalt bibliotek som ger m\u00f6jlighet att lyssna till b\u00f6cker p\u00e5 olika spr\u00e5k. Det v\u00e4cker barnets l\u00e4slust, ger barnet tillg\u00e5ng till h\u00f6gl\u00e4sning p\u00e5 sina egna villkor och st\u00e4rker flerspr\u00e5kigheten hos de barn som har flera spr\u00e5k i sin n\u00e4rhet.&nbsp;<\/p>\n\t\t\t\t\t\t\t<\/div>\n\t\t\t\t\t\t<\/div>\n\t\t\t\t\t<\/div>\n\t\t\t\t\t\t\t\t\t\t<div class=\"container core-paragraph\">\n\t\t\t\t\t\t<div class=\"row\">\n\t\t\t\t\t\t\t<div class=\"col-12\">\n\t\t\t\t\t\t\t\t\n<p id=\"block-d614a270-60af-4f21-90af-89cd09abc794\">H\u00e4r kan du l\u00e4sa mer om <a href=\"https:\/\/www.inlasningstjanst.se\/tjanster-for-larare\/polyglutt-forskola\/\" target=\"_blank\" rel=\"noreferrer noopener\">Polyglutt<\/a>.<\/p>\n\t\t\t\t\t\t\t<\/div>\n\t\t\t\t\t\t<\/div>\n\t\t\t\t\t<\/div>\n\t\t\t\t\t\t\t\t\t\t<div class=\"container core-paragraph\">\n\t\t\t\t\t\t<div class=\"row\">\n\t\t\t\t\t\t\t<div class=\"col-12\">\n\t\t\t\t\t\t\t\t\n<p id=\"block-b4f4ce2b-d530-4fc0-bd15-e5a1566404b5\">I Pysslingen F\u00f6rskolor har alla barn m\u00f6jlighet att ta del av Polyglutt i hemmet, kontakta din pedagog f\u00f6r mer information.<\/p>\n\t\t\t\t\t\t\t<\/div>\n\t\t\t\t\t\t<\/div>\n\t\t\t\t\t<\/div>\n\t\t\t\t\t\t\t\t\t\t<div class=\"container core-heading\">\n\t\t\t\t\t\t<div class=\"row\">\n\t\t\t\t\t\t\t<div class=\"col-12\">\n\t\t\t\t\t\t\t\t\n<h2 class=\"wp-block-heading\">Pysslingens spr\u00e5kstrategi<\/h2>\n\t\t\t\t\t\t\t<\/div>\n\t\t\t\t\t\t<\/div>\n\t\t\t\t\t<\/div>\n\t\t\t\t\t\t\t\t\t\t<div class=\"container core-paragraph\">\n\t\t\t\t\t\t<div class=\"row\">\n\t\t\t\t\t\t\t<div class=\"col-12\">\n\t\t\t\t\t\t\t\t\n<p>I v\u00e5r spr\u00e5kstrategi anger vi riktning f\u00f6r vad f\u00f6rskolan ska ge barnen f\u00f6ruts\u00e4ttningar att utveckla under sin f\u00f6rskoletid. Strategin tydligg\u00f6r ocks\u00e5 ansvaret f\u00f6r vad det spr\u00e5kutvecklande arbetet inneb\u00e4r f\u00f6r huvudman, rektorer, ledningsteam, f\u00f6rskoll\u00e4rare och barnsk\u00f6tare. Ladda ner spr\u00e5kstrategin nedan.<\/p>\n\t\t\t\t\t\t\t<\/div>\n\t\t\t\t\t\t<\/div>\n\t\t\t\t\t<\/div>\n\t\t\t\t\t\n\n<section  class=\"ams-file-manager ams-file-manager--single c-block l-stacked\">\n\t<div class=\"l-container-full l-stack l-stack-fluid-2xl u-pt-fluid-md-xl u-pb-fluid-md-xl is-left is-left@md\">\n\t\t\n\t\t\t\t\t<div class=\"c-block-list\">\n \t<div class=\"c-block-list__item l-stack l-stack-2xs\">\n        <strong class=\"u-font-title-3\">L\u00e4s v\u00e5r spr\u00e5kstrategi<\/strong>\n\t\t<a\n\t\t\tdownload=\"https:\/\/pysslingen.se\/wp-content\/uploads\/2020\/10\/sprakstrategi-pysslingen-forskolor-2223.pdf\"\n\t\t\thref=\"https:\/\/pysslingen.se\/wp-content\/uploads\/2020\/10\/sprakstrategi-pysslingen-forskolor-2223.pdf\"\n\t\t\ttitle=\"Spra\u030akstrategi - Pysslingen Fo\u0308rskolor 22_23\"\n\t\t\tclass=\"c-block-list__link u-flex u-items-center\">\n\t\t\t<svg\n\t\t\t\tclass=\"ams-icon ams-icon--download\"\n\t\t\t\twidth=\"16\"\n\t\t\t\theight=\"17\"\n\t\t\t\tviewBox=\"0 0 16 17\"\n\t\t\t\tfill=\"currentColor\"\n\t\t\t\taria-hidden=\"true\"\n\t\t\t\txmlns=\"http:\/\/www.w3.org\/2000\/svg\"\n\t\t\t>\n\t\t\t\t<path d=\"M14.125 14C14.125 14.3438 13.8438 14.625 13.5 14.625C13.1562 14.625 12.875 14.3438 12.875 14C12.875 13.6562 13.1562 13.375 13.5 13.375C13.8438 13.375 14.125 13.6562 14.125 14ZM11.5 13.375C11.1562 13.375 10.875 13.6562 10.875 14C10.875 14.3438 11.1562 14.625 11.5 14.625C11.8438 14.625 12.125 14.3438 12.125 14C12.125 13.6562 11.8438 13.375 11.5 13.375ZM16 11.875V15.125C16 15.8844 15.3844 16.5 14.625 16.5H1.375C0.615625 16.5 0 15.8844 0 15.125V11.875C0 11.1156 0.615625 10.5 1.375 10.5H4.48125L2.71875 8.7375C1.93125 7.95 2.49063 6.60313 3.60313 6.60313H5.25V1.75C5.25 1.05937 5.80937 0.5 6.5 0.5H9.5C10.1906 0.5 10.75 1.05937 10.75 1.75V6.60313H12.3969C13.5094 6.60313 14.0656 7.95 13.2812 8.7375L11.5188 10.5H14.625C15.3844 10.5 16 11.1156 16 11.875ZM7.82188 12.4281C7.91875 12.525 8.07813 12.525 8.175 12.4281L12.5719 8.03125C12.7281 7.875 12.6188 7.60313 12.3938 7.60313H9.75V1.75C9.75 1.6125 9.6375 1.5 9.5 1.5H6.5C6.3625 1.5 6.25 1.6125 6.25 1.75V7.60313H3.60313C3.38125 7.60313 3.26875 7.87188 3.425 8.03125L7.82188 12.4281V12.4281ZM15 11.875C15 11.6688 14.8312 11.5 14.625 11.5H10.5188L8.88437 13.1344C8.39687 13.6219 7.60312 13.6219 7.11562 13.1344L5.48125 11.5H1.375C1.16875 11.5 1 11.6688 1 11.875V15.125C1 15.3312 1.16875 15.5 1.375 15.5H14.625C14.8312 15.5 15 15.3312 15 15.125V11.875Z\"><\/path>\n\t\t\t<\/svg>\n\t\t\t<span class=\"text\">Ladda ner pdf<\/span>\n\t\t<\/a>\n\t<\/div>\n<\/div>\n\t\n\t\t\t<\/div>\n\n\t\t\n\n<\/section>\n\n\n<section id=\"sprakstrategi\" class=\"ams-file-manager ams-file-manager--single c-block l-stacked\">\n\t<div class=\"l-container-full l-stack l-stack-fluid-2xl u-pt-fluid-None u-pb-fluid-3xl-6xl is-left is-left@md\">\n\t\t\n\t\t\t\t\t<div class=\"c-block-list\">\n \t<div class=\"c-block-list__item l-stack l-stack-2xs\">\n        <strong class=\"u-font-title-3\">L\u00e4s v\u00e5r digitaliseringsstrategi<\/strong>\n\t\t<a\n\t\t\tdownload=\"https:\/\/pysslingen.se\/wp-content\/uploads\/2020\/10\/pysslingen-forskolors-digitaliseringsstrategi.pdf\"\n\t\t\thref=\"https:\/\/pysslingen.se\/wp-content\/uploads\/2020\/10\/pysslingen-forskolors-digitaliseringsstrategi.pdf\"\n\t\t\ttitle=\"Pysslingen Fo\u0308rskolors Digitaliseringsstrategi\"\n\t\t\tclass=\"c-block-list__link u-flex u-items-center\">\n\t\t\t<svg\n\t\t\t\tclass=\"ams-icon ams-icon--download\"\n\t\t\t\twidth=\"16\"\n\t\t\t\theight=\"17\"\n\t\t\t\tviewBox=\"0 0 16 17\"\n\t\t\t\tfill=\"currentColor\"\n\t\t\t\taria-hidden=\"true\"\n\t\t\t\txmlns=\"http:\/\/www.w3.org\/2000\/svg\"\n\t\t\t>\n\t\t\t\t<path d=\"M14.125 14C14.125 14.3438 13.8438 14.625 13.5 14.625C13.1562 14.625 12.875 14.3438 12.875 14C12.875 13.6562 13.1562 13.375 13.5 13.375C13.8438 13.375 14.125 13.6562 14.125 14ZM11.5 13.375C11.1562 13.375 10.875 13.6562 10.875 14C10.875 14.3438 11.1562 14.625 11.5 14.625C11.8438 14.625 12.125 14.3438 12.125 14C12.125 13.6562 11.8438 13.375 11.5 13.375ZM16 11.875V15.125C16 15.8844 15.3844 16.5 14.625 16.5H1.375C0.615625 16.5 0 15.8844 0 15.125V11.875C0 11.1156 0.615625 10.5 1.375 10.5H4.48125L2.71875 8.7375C1.93125 7.95 2.49063 6.60313 3.60313 6.60313H5.25V1.75C5.25 1.05937 5.80937 0.5 6.5 0.5H9.5C10.1906 0.5 10.75 1.05937 10.75 1.75V6.60313H12.3969C13.5094 6.60313 14.0656 7.95 13.2812 8.7375L11.5188 10.5H14.625C15.3844 10.5 16 11.1156 16 11.875ZM7.82188 12.4281C7.91875 12.525 8.07813 12.525 8.175 12.4281L12.5719 8.03125C12.7281 7.875 12.6188 7.60313 12.3938 7.60313H9.75V1.75C9.75 1.6125 9.6375 1.5 9.5 1.5H6.5C6.3625 1.5 6.25 1.6125 6.25 1.75V7.60313H3.60313C3.38125 7.60313 3.26875 7.87188 3.425 8.03125L7.82188 12.4281V12.4281ZM15 11.875C15 11.6688 14.8312 11.5 14.625 11.5H10.5188L8.88437 13.1344C8.39687 13.6219 7.60312 13.6219 7.11562 13.1344L5.48125 11.5H1.375C1.16875 11.5 1 11.6688 1 11.875V15.125C1 15.3312 1.16875 15.5 1.375 15.5H14.625C14.8312 15.5 15 15.3312 15 15.125V11.875Z\"><\/path>\n\t\t\t<\/svg>\n\t\t\t<span class=\"text\">Ladda ner pdf<\/span>\n\t\t<\/a>\n\t<\/div>\n<\/div>\n\t\n\t\t\t<\/div>\n\n\t\t\n\n<\/section>\n\t<\/div>\n\n\t\n\n\n\n<section  class=\"ams-cta ams-cta--stacked c-block l-stacked\">\n\t<div class=\"l-container l-stack l-stack-fluid-2xl u-pt-fluid-2xl-4xl u-pb-fluid-2xl-4xl is-center is-center@md\">\n\t\t\t\t\t<div class=\"ams-cta__intro l-stack l-stack-lg\">\n\t\t\t\t\t\n\t<h2\n\tclass=\"c-heading u-font-title-1 \"\n\tstyle=\"\">\n\t\t\n\t\t\t\t\tVill du ocks\u00e5 veta hur vi arbetar med v\u00e5ra l\u00e4rmilj\u00f6er?\n\t\t\t\t\n\t<\/h2>\n\n\t\t\t\t\t\t\t<\/div>\n\t\t\n\t\t\n\t\t\t<div class=\"ams-cta__action u-inline-items\">\n\t\t\t\t\t\t\t\n\n\n<a href=\"https:\/\/pysslingen.se\/hagaberg\/larmiljoer\/\"\n\t\n\tclass=\"c-btn \"\n\tdata-style=\"rounded\"\n\tdata-size=\"md\"\n\tdata-width=\"full-mobile\"\n\tdata-variant=\"default\"\n\ttarget=\"_self\">\n\t\t\t<span class=\"label\"> L\u00e4s om v\u00e5ra l\u00e4rmilj\u00f6er<\/span>\n\t\t\t<\/a>\n\t\t\t<\/div>\n\t<\/div>\n\n\t\t\n\n<\/section>\n","protected":false},"excerpt":{"rendered":"<p>Spr\u00e5kstimulans \u00e4r viktigt p\u00e5 Hagaberg f\u00f6rskola<\/p>\n","protected":false},"author":5,"featured_media":0,"parent":0,"menu_order":0,"comment_status":"closed","ping_status":"closed","template":"","meta":{"footnotes":""},"yoast_head":"<!-- This site is optimized with the Yoast SEO plugin v22.0 - https:\/\/yoast.com\/wordpress\/plugins\/seo\/ -->\n<title>Vi tycke att Spr\u00e5kstimulans \u00e4r viktigt p\u00e5 Hagabergs fsk!<\/title>\n<meta name=\"description\" content=\"Att ha ett spr\u00e5k och att kunna kommunicera med andra \u00e4r en f\u00f6ruts\u00e4ttning f\u00f6r att f\u00f6rst\u00e5 sin omv\u00e4rld, st\u00e4rka sin sj\u00e4lvk\u00e4nsla och interagera med andra.\" \/>\n<meta name=\"robots\" content=\"index, follow, max-snippet:-1, max-image-preview:large, max-video-preview:-1\" \/>\n<link rel=\"canonical\" href=\"https:\/\/pysslingen.se\/hagaberg\/sprakstimulans\/\" \/>\n<meta property=\"og:locale\" content=\"sv_SE\" \/>\n<meta property=\"og:type\" content=\"article\" \/>\n<meta property=\"og:title\" content=\"Vi tycke att Spr\u00e5kstimulans \u00e4r viktigt p\u00e5 Hagabergs fsk!\" \/>\n<meta property=\"og:description\" content=\"Att ha ett spr\u00e5k och att kunna kommunicera med andra \u00e4r en f\u00f6ruts\u00e4ttning f\u00f6r att f\u00f6rst\u00e5 sin omv\u00e4rld, st\u00e4rka sin sj\u00e4lvk\u00e4nsla och interagera med andra.\" \/>\n<meta property=\"og:url\" content=\"https:\/\/pysslingen.se\/hagaberg\/sprakstimulans\/\" \/>\n<meta property=\"og:site_name\" content=\"Hagabergs fsk\" \/>\n<meta property=\"article:modified_time\" content=\"2025-03-28T07:17:31+00:00\" \/>\n<meta name=\"twitter:card\" content=\"summary_large_image\" \/>\n<meta name=\"twitter:title\" content=\"Vi tycke att Spr\u00e5kstimulans \u00e4r viktigt p\u00e5 Hagabergs fsk!\" \/>\n<meta name=\"twitter:description\" content=\"Att ha ett spr\u00e5k och att kunna kommunicera med andra \u00e4r en f\u00f6ruts\u00e4ttning f\u00f6r att f\u00f6rst\u00e5 sin omv\u00e4rld, st\u00e4rka sin sj\u00e4lvk\u00e4nsla och interagera med andra.\" \/>\n<meta name=\"twitter:label1\" content=\"Ber\u00e4knad l\u00e4stid\" \/>\n\t<meta name=\"twitter:data1\" content=\"1 minut\" \/>\n<script type=\"application\/ld+json\" class=\"yoast-schema-graph\">{\"@context\":\"https:\/\/schema.org\",\"@graph\":[{\"@type\":\"WebPage\",\"@id\":\"https:\/\/pysslingen.se\/hagaberg\/sprakstimulans\/\",\"url\":\"https:\/\/pysslingen.se\/hagaberg\/sprakstimulans\/\",\"name\":\"Vi tycke att Spr\u00e5kstimulans \u00e4r viktigt p\u00e5 Hagabergs fsk!\",\"isPartOf\":{\"@id\":\"https:\/\/pysslingen.se\/hagaberg\/#website\"},\"datePublished\":\"2020-10-22T14:59:24+00:00\",\"dateModified\":\"2025-03-28T07:17:31+00:00\",\"description\":\"Att ha ett spr\u00e5k och att kunna kommunicera med andra \u00e4r en f\u00f6ruts\u00e4ttning f\u00f6r att f\u00f6rst\u00e5 sin omv\u00e4rld, st\u00e4rka sin sj\u00e4lvk\u00e4nsla och interagera med andra.\",\"breadcrumb\":{\"@id\":\"https:\/\/pysslingen.se\/hagaberg\/sprakstimulans\/#breadcrumb\"},\"inLanguage\":\"sv-SE\",\"potentialAction\":[{\"@type\":\"ReadAction\",\"target\":[\"https:\/\/pysslingen.se\/hagaberg\/sprakstimulans\/\"]}]},{\"@type\":\"BreadcrumbList\",\"@id\":\"https:\/\/pysslingen.se\/hagaberg\/sprakstimulans\/#breadcrumb\",\"itemListElement\":[{\"@type\":\"ListItem\",\"position\":1,\"name\":\"Start\",\"item\":\"https:\/\/pysslingen.se\/hagaberg\/\"},{\"@type\":\"ListItem\",\"position\":2,\"name\":\"Spr\u00e5kstimulans\"}]},{\"@type\":\"WebSite\",\"@id\":\"https:\/\/pysslingen.se\/hagaberg\/#website\",\"url\":\"https:\/\/pysslingen.se\/hagaberg\/\",\"name\":\"Hagabergs fsk\",\"description\":\"En trygg och stimulerande v\u00e4rld\",\"publisher\":{\"@id\":\"https:\/\/pysslingen.se\/hagaberg\/#organization\"},\"potentialAction\":[{\"@type\":\"SearchAction\",\"target\":{\"@type\":\"EntryPoint\",\"urlTemplate\":\"https:\/\/pysslingen.se\/hagaberg\/?s={search_term_string}\"},\"query-input\":\"required name=search_term_string\"}],\"inLanguage\":\"sv-SE\"},{\"@type\":\"Organization\",\"@id\":\"https:\/\/pysslingen.se\/hagaberg\/#organization\",\"name\":\"Pysslingen F\u00f6rskolor\",\"url\":\"https:\/\/pysslingen.se\/hagaberg\/\",\"logo\":{\"@type\":\"ImageObject\",\"inLanguage\":\"sv-SE\",\"@id\":\"https:\/\/pysslingen.se\/hagaberg\/#\/schema\/logo\/image\/\",\"url\":\"https:\/\/pysslingen.se\/wp-content\/uploads\/2021\/05\/pysslingen-forskolor.png\",\"contentUrl\":\"https:\/\/pysslingen.se\/wp-content\/uploads\/2021\/05\/pysslingen-forskolor.png\",\"width\":1120,\"height\":630,\"caption\":\"Pysslingen F\u00f6rskolor\"},\"image\":{\"@id\":\"https:\/\/pysslingen.se\/hagaberg\/#\/schema\/logo\/image\/\"}}]}<\/script>\n<!-- \/ Yoast SEO plugin. -->","yoast_head_json":{"title":"Vi tycke att Spr\u00e5kstimulans \u00e4r viktigt p\u00e5 Hagabergs fsk!","description":"Att ha ett spr\u00e5k och att kunna kommunicera med andra \u00e4r en f\u00f6ruts\u00e4ttning f\u00f6r att f\u00f6rst\u00e5 sin omv\u00e4rld, st\u00e4rka sin sj\u00e4lvk\u00e4nsla och interagera med andra.","robots":{"index":"index","follow":"follow","max-snippet":"max-snippet:-1","max-image-preview":"max-image-preview:large","max-video-preview":"max-video-preview:-1"},"canonical":"https:\/\/pysslingen.se\/hagaberg\/sprakstimulans\/","og_locale":"sv_SE","og_type":"article","og_title":"Vi tycke att Spr\u00e5kstimulans \u00e4r viktigt p\u00e5 Hagabergs fsk!","og_description":"Att ha ett spr\u00e5k och att kunna kommunicera med andra \u00e4r en f\u00f6ruts\u00e4ttning f\u00f6r att f\u00f6rst\u00e5 sin omv\u00e4rld, st\u00e4rka sin sj\u00e4lvk\u00e4nsla och interagera med andra.","og_url":"https:\/\/pysslingen.se\/hagaberg\/sprakstimulans\/","og_site_name":"Hagabergs fsk","article_modified_time":"2025-03-28T07:17:31+00:00","twitter_card":"summary_large_image","twitter_title":"Vi tycke att Spr\u00e5kstimulans \u00e4r viktigt p\u00e5 Hagabergs fsk!","twitter_description":"Att ha ett spr\u00e5k och att kunna kommunicera med andra \u00e4r en f\u00f6ruts\u00e4ttning f\u00f6r att f\u00f6rst\u00e5 sin omv\u00e4rld, st\u00e4rka sin sj\u00e4lvk\u00e4nsla och interagera med andra.","twitter_misc":{"Ber\u00e4knad l\u00e4stid":"1 minut"},"schema":{"@context":"https:\/\/schema.org","@graph":[{"@type":"WebPage","@id":"https:\/\/pysslingen.se\/hagaberg\/sprakstimulans\/","url":"https:\/\/pysslingen.se\/hagaberg\/sprakstimulans\/","name":"Vi tycke att Spr\u00e5kstimulans \u00e4r viktigt p\u00e5 Hagabergs fsk!","isPartOf":{"@id":"https:\/\/pysslingen.se\/hagaberg\/#website"},"datePublished":"2020-10-22T14:59:24+00:00","dateModified":"2025-03-28T07:17:31+00:00","description":"Att ha ett spr\u00e5k och att kunna kommunicera med andra \u00e4r en f\u00f6ruts\u00e4ttning f\u00f6r att f\u00f6rst\u00e5 sin omv\u00e4rld, st\u00e4rka sin sj\u00e4lvk\u00e4nsla och interagera med andra.","breadcrumb":{"@id":"https:\/\/pysslingen.se\/hagaberg\/sprakstimulans\/#breadcrumb"},"inLanguage":"sv-SE","potentialAction":[{"@type":"ReadAction","target":["https:\/\/pysslingen.se\/hagaberg\/sprakstimulans\/"]}]},{"@type":"BreadcrumbList","@id":"https:\/\/pysslingen.se\/hagaberg\/sprakstimulans\/#breadcrumb","itemListElement":[{"@type":"ListItem","position":1,"name":"Start","item":"https:\/\/pysslingen.se\/hagaberg\/"},{"@type":"ListItem","position":2,"name":"Spr\u00e5kstimulans"}]},{"@type":"WebSite","@id":"https:\/\/pysslingen.se\/hagaberg\/#website","url":"https:\/\/pysslingen.se\/hagaberg\/","name":"Hagabergs fsk","description":"En trygg och stimulerande v\u00e4rld","publisher":{"@id":"https:\/\/pysslingen.se\/hagaberg\/#organization"},"potentialAction":[{"@type":"SearchAction","target":{"@type":"EntryPoint","urlTemplate":"https:\/\/pysslingen.se\/hagaberg\/?s={search_term_string}"},"query-input":"required name=search_term_string"}],"inLanguage":"sv-SE"},{"@type":"Organization","@id":"https:\/\/pysslingen.se\/hagaberg\/#organization","name":"Pysslingen F\u00f6rskolor","url":"https:\/\/pysslingen.se\/hagaberg\/","logo":{"@type":"ImageObject","inLanguage":"sv-SE","@id":"https:\/\/pysslingen.se\/hagaberg\/#\/schema\/logo\/image\/","url":"https:\/\/pysslingen.se\/wp-content\/uploads\/2021\/05\/pysslingen-forskolor.png","contentUrl":"https:\/\/pysslingen.se\/wp-content\/uploads\/2021\/05\/pysslingen-forskolor.png","width":1120,"height":630,"caption":"Pysslingen F\u00f6rskolor"},"image":{"@id":"https:\/\/pysslingen.se\/hagaberg\/#\/schema\/logo\/image\/"}}]}},"_links":{"self":[{"href":"https:\/\/pysslingen.se\/hagaberg\/wp-json\/wp\/v2\/pages\/666"}],"collection":[{"href":"https:\/\/pysslingen.se\/hagaberg\/wp-json\/wp\/v2\/pages"}],"about":[{"href":"https:\/\/pysslingen.se\/hagaberg\/wp-json\/wp\/v2\/types\/page"}],"author":[{"embeddable":true,"href":"https:\/\/pysslingen.se\/hagaberg\/wp-json\/wp\/v2\/users\/5"}],"replies":[{"embeddable":true,"href":"https:\/\/pysslingen.se\/hagaberg\/wp-json\/wp\/v2\/comments?post=666"}],"version-history":[{"count":10,"href":"https:\/\/pysslingen.se\/hagaberg\/wp-json\/wp\/v2\/pages\/666\/revisions"}],"predecessor-version":[{"id":1304,"href":"https:\/\/pysslingen.se\/hagaberg\/wp-json\/wp\/v2\/pages\/666\/revisions\/1304"}],"wp:attachment":[{"href":"https:\/\/pysslingen.se\/hagaberg\/wp-json\/wp\/v2\/media?parent=666"}],"curies":[{"name":"wp","href":"https:\/\/api.w.org\/{rel}","templated":true}]}}