{"id":657,"date":"2020-10-22T14:53:27","date_gmt":"2020-10-22T14:53:27","guid":{"rendered":"https:\/\/pysslingen.se\/guldkusten\/?page_id=657"},"modified":"2022-11-15T14:54:44","modified_gmt":"2022-11-15T14:54:44","slug":"rorelse","status":"publish","type":"page","link":"https:\/\/pysslingen.se\/guldkusten\/rorelse\/","title":{"rendered":"R\u00f6relse"},"content":{"rendered":"\n<h1 class=\"wp-block-heading\">P\u00e5 Guldkusten inspirerar vi till r\u00f6relsegl\u00e4dje<\/h1>\n\n\n\n\t<div class=\"module_wrapper ams_remote_pages_module \">\n\t\t\t\t\t\t\t<div class=\"container core-paragraph\">\n\t\t\t\t\t\t<div class=\"row\">\n\t\t\t\t\t\t\t<div class=\"col-12\">\n\t\t\t\t\t\t\t\t\n<p>Vi vet att fysisk r\u00f6relse \u00e4r viktigt f\u00f6r en h\u00e5llbar framtid. Att v\u00e4cka lust och gl\u00e4dje och inspirera barn att r\u00f6ra sig \u00e4r en betydande del av f\u00f6rskolans uppdrag. Barn som r\u00f6r p\u00e5 sig utvecklar sin kroppsuppfattning, motorik och koncentrationsf\u00f6rm\u00e5ga. Ju tidigare vi etablerar en vana att r\u00f6ra p\u00e5 oss, desto st\u00f6rre chans \u00e4r det att vi forts\u00e4tter med fysisk aktivitet h\u00f6gre upp i \u00e5ldrarna. Barn ska f\u00e5 r\u00f6ra sig p\u00e5 olika s\u00e4tt och f\u00f6rskolan har m\u00f6jlighet att skapa variation.&nbsp;<\/p>\n\t\t\t\t\t\t\t<\/div>\n\t\t\t\t\t\t<\/div>\n\t\t\t\t\t<\/div>\n\t\t\t\t\t\t\t\t\t\t<div class=\"container core-paragraph\">\n\t\t\t\t\t\t<div class=\"row\">\n\t\t\t\t\t\t\t<div class=\"col-12\">\n\t\t\t\t\t\t\t\t\n<p>I Pysslingen F\u00f6rskolor har vi en gemensam dag varje \u00e5r, \u201cHela Pysslingen r\u00f6r p\u00e5 sig!\u201d, d\u00e4r alla, sm\u00e5 som stora, fokuserar extra mycket p\u00e5 r\u00f6relse. Dagen anordnas i samband med internationella hj\u00e4rtdagen \u2012 en dag som uppm\u00e4rksammar fysisk aktivitet f\u00f6r ett friskt hj\u00e4rta och som d\u00e4rmed fr\u00e4mjar och f\u00f6rebygger ett friskt liv. <\/p>\n\t\t\t\t\t\t\t<\/div>\n\t\t\t\t\t\t<\/div>\n\t\t\t\t\t<\/div>\n\t\t\t\t\t\n\t<style>\n\t\t.inner {\n\n\t\t\tmargin: 0 auto;\n\t\t}\n\t<\/style>\n\t<div\n\t\t class=\"container images-module\" >\n\t\t<div   class=\"row images_module__slideshow\">\n\n\t\t\t<div\n\t\t\t\t class=\"col-md-8 offset-md-2 p-0 position-relative images_module__slideshow images_module__slideshow-container  \">\n\t\t\t\t<div class=\"images_module__slide\" data-slide=\"\"\n\t\t\t\t\t data-duration=\"\"><\/div>\n\t\t\t\t\t\t\t\t\t<div\n\t\t\t\t\t\t class=\"images_module__slides\n\n\t\t\t\t\t   \"\n\t\t\t\t\t>\n\n\n\t\t\t\t\t\t<div class=\"images__wrapper\" style=\"aspect-ratio: 851 \/ 531;\">\n\t\t\t\t\t\t\t<img decoding=\"async\" width=\"1333\" height=\"1275\" src=\"https:\/\/pysslingen.se\/wp-content\/uploads\/2020\/10\/rorelse.jpg\" class=\"images__image_ratio  \" alt=\"Tv\u00e5 f\u00f6rskolebarn hoppar och dansar ute i naturen\" style=\"aspect-ratio: 851 \/ 531;object-position: center center;\" srcset=\"https:\/\/pysslingen.se\/wp-content\/uploads\/2020\/10\/rorelse.jpg 1333w, https:\/\/pysslingen.se\/wp-content\/uploads\/2020\/10\/rorelse-300x287.jpg 300w, https:\/\/pysslingen.se\/wp-content\/uploads\/2020\/10\/rorelse-400x383.jpg 400w, https:\/\/pysslingen.se\/wp-content\/uploads\/2020\/10\/rorelse-600x574.jpg 600w, https:\/\/pysslingen.se\/wp-content\/uploads\/2020\/10\/rorelse-800x765.jpg 800w, https:\/\/pysslingen.se\/wp-content\/uploads\/2020\/10\/rorelse-1024x979.jpg 1024w, https:\/\/pysslingen.se\/wp-content\/uploads\/2020\/10\/rorelse-1200x1148.jpg 1200w\" sizes=\"(max-width: 1333px) 100vw, 1333px\" \/>\t\t\t\t\t\t<\/div>\n\n\t\t\t\t\t\t\n\t\t\t\t\t\t\t\t\t\t\t<\/div>\n\t\t\t\t\n\t\t\t\t<div class=\"images_module__container_dot\">\n\t\t\t\t\t<div style=\"text-align:center\">\n\t\t\t\t\t\t\t\t\t\t\t\t\t<span   data-i=\"0\"\n\t\t\t\t\t\t\t\t  class=\"\n\t\t\t\t\t\t\timages_module__dot\n\t\t\t\t\t\t\t\t\t\t\t\t\t\t\"\n\t\t\t\t\t\t\t><\/span>\n\t\t\t\t\t\t\t\t\t\t\t<\/div>\n\t\t\t\t<\/div>\n\n\n\t\t\t<\/div>\n\t\t<\/div>\n\t<\/div>\n\n\t\n\n\n<script>\n\tvar images_display_descriptive_text = \"\";\n<\/script>\n\t<\/div>\n\n\t","protected":false},"excerpt":{"rendered":"<p>P\u00e5 Guldkusten inspirerar vi till r\u00f6relsegl\u00e4dje<\/p>\n","protected":false},"author":5,"featured_media":0,"parent":0,"menu_order":0,"comment_status":"closed","ping_status":"closed","template":"","meta":{"footnotes":""},"yoast_head":"<!-- This site is optimized with the Yoast SEO plugin v22.0 - https:\/\/yoast.com\/wordpress\/plugins\/seo\/ -->\n<title>Vi inspirerar till r\u00f6relsegl\u00e4dje hoss oss p\u00e5 Guldkusten<\/title>\n<meta name=\"description\" content=\"tt v\u00e4cka lust och gl\u00e4dje och inspirera barn att r\u00f6ra sig \u00e4r en del av f\u00f6rskolans uppdrag. Barnen f\u00e5r r\u00f6ra sig p\u00e5 olika s\u00e4tt f\u00f6r att skapa variation.\" \/>\n<meta name=\"robots\" content=\"index, follow, max-snippet:-1, max-image-preview:large, max-video-preview:-1\" \/>\n<link rel=\"canonical\" href=\"https:\/\/pysslingen.se\/guldkusten\/rorelse\/\" \/>\n<meta property=\"og:locale\" content=\"sv_SE\" \/>\n<meta property=\"og:type\" content=\"article\" \/>\n<meta property=\"og:title\" content=\"Vi inspirerar till r\u00f6relsegl\u00e4dje hoss oss p\u00e5 Guldkusten\" \/>\n<meta property=\"og:description\" content=\"tt v\u00e4cka lust och gl\u00e4dje och inspirera barn att r\u00f6ra sig \u00e4r en del av f\u00f6rskolans uppdrag. Barnen f\u00e5r r\u00f6ra sig p\u00e5 olika s\u00e4tt f\u00f6r att skapa variation.\" \/>\n<meta property=\"og:url\" content=\"https:\/\/pysslingen.se\/guldkusten\/rorelse\/\" \/>\n<meta property=\"og:site_name\" content=\"Guldkusten\" \/>\n<meta property=\"article:modified_time\" content=\"2022-11-15T14:54:44+00:00\" \/>\n<meta name=\"twitter:card\" content=\"summary_large_image\" \/>\n<meta name=\"twitter:title\" content=\"Vi inspirerar till r\u00f6relsegl\u00e4dje hoss oss p\u00e5 Guldkusten\" \/>\n<meta name=\"twitter:description\" content=\"tt v\u00e4cka lust och gl\u00e4dje och inspirera barn att r\u00f6ra sig \u00e4r en del av f\u00f6rskolans uppdrag. Barnen f\u00e5r r\u00f6ra sig p\u00e5 olika s\u00e4tt f\u00f6r att skapa variation.\" \/>\n<meta name=\"twitter:label1\" content=\"Ber\u00e4knad l\u00e4stid\" \/>\n\t<meta name=\"twitter:data1\" content=\"1 minut\" \/>\n<script type=\"application\/ld+json\" class=\"yoast-schema-graph\">{\"@context\":\"https:\/\/schema.org\",\"@graph\":[{\"@type\":\"WebPage\",\"@id\":\"https:\/\/pysslingen.se\/guldkusten\/rorelse\/\",\"url\":\"https:\/\/pysslingen.se\/guldkusten\/rorelse\/\",\"name\":\"Vi inspirerar till r\u00f6relsegl\u00e4dje hoss oss p\u00e5 Guldkusten\",\"isPartOf\":{\"@id\":\"https:\/\/pysslingen.se\/guldkusten\/#website\"},\"datePublished\":\"2020-10-22T14:53:27+00:00\",\"dateModified\":\"2022-11-15T14:54:44+00:00\",\"description\":\"tt v\u00e4cka lust och gl\u00e4dje och inspirera barn att r\u00f6ra sig \u00e4r en del av f\u00f6rskolans uppdrag. Barnen f\u00e5r r\u00f6ra sig p\u00e5 olika s\u00e4tt f\u00f6r att skapa variation.\",\"breadcrumb\":{\"@id\":\"https:\/\/pysslingen.se\/guldkusten\/rorelse\/#breadcrumb\"},\"inLanguage\":\"sv-SE\",\"potentialAction\":[{\"@type\":\"ReadAction\",\"target\":[\"https:\/\/pysslingen.se\/guldkusten\/rorelse\/\"]}]},{\"@type\":\"BreadcrumbList\",\"@id\":\"https:\/\/pysslingen.se\/guldkusten\/rorelse\/#breadcrumb\",\"itemListElement\":[{\"@type\":\"ListItem\",\"position\":1,\"name\":\"Start\",\"item\":\"https:\/\/pysslingen.se\/guldkusten\/\"},{\"@type\":\"ListItem\",\"position\":2,\"name\":\"R\u00f6relse\"}]},{\"@type\":\"WebSite\",\"@id\":\"https:\/\/pysslingen.se\/guldkusten\/#website\",\"url\":\"https:\/\/pysslingen.se\/guldkusten\/\",\"name\":\"Guldkusten\",\"description\":\"En trygg och stimulerande v\u00e4rld\",\"publisher\":{\"@id\":\"https:\/\/pysslingen.se\/guldkusten\/#organization\"},\"potentialAction\":[{\"@type\":\"SearchAction\",\"target\":{\"@type\":\"EntryPoint\",\"urlTemplate\":\"https:\/\/pysslingen.se\/guldkusten\/?s={search_term_string}\"},\"query-input\":\"required name=search_term_string\"}],\"inLanguage\":\"sv-SE\"},{\"@type\":\"Organization\",\"@id\":\"https:\/\/pysslingen.se\/guldkusten\/#organization\",\"name\":\"Pysslingen F\u00f6rskolor\",\"url\":\"https:\/\/pysslingen.se\/guldkusten\/\",\"logo\":{\"@type\":\"ImageObject\",\"inLanguage\":\"sv-SE\",\"@id\":\"https:\/\/pysslingen.se\/guldkusten\/#\/schema\/logo\/image\/\",\"url\":\"https:\/\/pysslingen.se\/wp-content\/uploads\/2021\/05\/pysslingen-forskolor.png\",\"contentUrl\":\"https:\/\/pysslingen.se\/wp-content\/uploads\/2021\/05\/pysslingen-forskolor.png\",\"width\":1120,\"height\":630,\"caption\":\"Pysslingen F\u00f6rskolor\"},\"image\":{\"@id\":\"https:\/\/pysslingen.se\/guldkusten\/#\/schema\/logo\/image\/\"}}]}<\/script>\n<!-- \/ Yoast SEO plugin. -->","yoast_head_json":{"title":"Vi inspirerar till r\u00f6relsegl\u00e4dje hoss oss p\u00e5 Guldkusten","description":"tt v\u00e4cka lust och gl\u00e4dje och inspirera barn att r\u00f6ra sig \u00e4r en del av f\u00f6rskolans uppdrag. Barnen f\u00e5r r\u00f6ra sig p\u00e5 olika s\u00e4tt f\u00f6r att skapa variation.","robots":{"index":"index","follow":"follow","max-snippet":"max-snippet:-1","max-image-preview":"max-image-preview:large","max-video-preview":"max-video-preview:-1"},"canonical":"https:\/\/pysslingen.se\/guldkusten\/rorelse\/","og_locale":"sv_SE","og_type":"article","og_title":"Vi inspirerar till r\u00f6relsegl\u00e4dje hoss oss p\u00e5 Guldkusten","og_description":"tt v\u00e4cka lust och gl\u00e4dje och inspirera barn att r\u00f6ra sig \u00e4r en del av f\u00f6rskolans uppdrag. Barnen f\u00e5r r\u00f6ra sig p\u00e5 olika s\u00e4tt f\u00f6r att skapa variation.","og_url":"https:\/\/pysslingen.se\/guldkusten\/rorelse\/","og_site_name":"Guldkusten","article_modified_time":"2022-11-15T14:54:44+00:00","twitter_card":"summary_large_image","twitter_title":"Vi inspirerar till r\u00f6relsegl\u00e4dje hoss oss p\u00e5 Guldkusten","twitter_description":"tt v\u00e4cka lust och gl\u00e4dje och inspirera barn att r\u00f6ra sig \u00e4r en del av f\u00f6rskolans uppdrag. Barnen f\u00e5r r\u00f6ra sig p\u00e5 olika s\u00e4tt f\u00f6r att skapa variation.","twitter_misc":{"Ber\u00e4knad l\u00e4stid":"1 minut"},"schema":{"@context":"https:\/\/schema.org","@graph":[{"@type":"WebPage","@id":"https:\/\/pysslingen.se\/guldkusten\/rorelse\/","url":"https:\/\/pysslingen.se\/guldkusten\/rorelse\/","name":"Vi inspirerar till r\u00f6relsegl\u00e4dje hoss oss p\u00e5 Guldkusten","isPartOf":{"@id":"https:\/\/pysslingen.se\/guldkusten\/#website"},"datePublished":"2020-10-22T14:53:27+00:00","dateModified":"2022-11-15T14:54:44+00:00","description":"tt v\u00e4cka lust och gl\u00e4dje och inspirera barn att r\u00f6ra sig \u00e4r en del av f\u00f6rskolans uppdrag. Barnen f\u00e5r r\u00f6ra sig p\u00e5 olika s\u00e4tt f\u00f6r att skapa variation.","breadcrumb":{"@id":"https:\/\/pysslingen.se\/guldkusten\/rorelse\/#breadcrumb"},"inLanguage":"sv-SE","potentialAction":[{"@type":"ReadAction","target":["https:\/\/pysslingen.se\/guldkusten\/rorelse\/"]}]},{"@type":"BreadcrumbList","@id":"https:\/\/pysslingen.se\/guldkusten\/rorelse\/#breadcrumb","itemListElement":[{"@type":"ListItem","position":1,"name":"Start","item":"https:\/\/pysslingen.se\/guldkusten\/"},{"@type":"ListItem","position":2,"name":"R\u00f6relse"}]},{"@type":"WebSite","@id":"https:\/\/pysslingen.se\/guldkusten\/#website","url":"https:\/\/pysslingen.se\/guldkusten\/","name":"Guldkusten","description":"En trygg och stimulerande v\u00e4rld","publisher":{"@id":"https:\/\/pysslingen.se\/guldkusten\/#organization"},"potentialAction":[{"@type":"SearchAction","target":{"@type":"EntryPoint","urlTemplate":"https:\/\/pysslingen.se\/guldkusten\/?s={search_term_string}"},"query-input":"required name=search_term_string"}],"inLanguage":"sv-SE"},{"@type":"Organization","@id":"https:\/\/pysslingen.se\/guldkusten\/#organization","name":"Pysslingen F\u00f6rskolor","url":"https:\/\/pysslingen.se\/guldkusten\/","logo":{"@type":"ImageObject","inLanguage":"sv-SE","@id":"https:\/\/pysslingen.se\/guldkusten\/#\/schema\/logo\/image\/","url":"https:\/\/pysslingen.se\/wp-content\/uploads\/2021\/05\/pysslingen-forskolor.png","contentUrl":"https:\/\/pysslingen.se\/wp-content\/uploads\/2021\/05\/pysslingen-forskolor.png","width":1120,"height":630,"caption":"Pysslingen F\u00f6rskolor"},"image":{"@id":"https:\/\/pysslingen.se\/guldkusten\/#\/schema\/logo\/image\/"}}]}},"_links":{"self":[{"href":"https:\/\/pysslingen.se\/guldkusten\/wp-json\/wp\/v2\/pages\/657"}],"collection":[{"href":"https:\/\/pysslingen.se\/guldkusten\/wp-json\/wp\/v2\/pages"}],"about":[{"href":"https:\/\/pysslingen.se\/guldkusten\/wp-json\/wp\/v2\/types\/page"}],"author":[{"embeddable":true,"href":"https:\/\/pysslingen.se\/guldkusten\/wp-json\/wp\/v2\/users\/5"}],"replies":[{"embeddable":true,"href":"https:\/\/pysslingen.se\/guldkusten\/wp-json\/wp\/v2\/comments?post=657"}],"version-history":[{"count":10,"href":"https:\/\/pysslingen.se\/guldkusten\/wp-json\/wp\/v2\/pages\/657\/revisions"}],"predecessor-version":[{"id":1367,"href":"https:\/\/pysslingen.se\/guldkusten\/wp-json\/wp\/v2\/pages\/657\/revisions\/1367"}],"wp:attachment":[{"href":"https:\/\/pysslingen.se\/guldkusten\/wp-json\/wp\/v2\/media?parent=657"}],"curies":[{"name":"wp","href":"https:\/\/api.w.org\/{rel}","templated":true}]}}