{"id":1581,"date":"2025-04-16T08:02:27","date_gmt":"2025-04-16T06:02:27","guid":{"rendered":"https:\/\/pysslingen.se\/giraffen\/?page_id=1581"},"modified":"2025-04-16T08:09:56","modified_gmt":"2025-04-16T06:09:56","slug":"simskola","status":"publish","type":"page","link":"https:\/\/pysslingen.se\/giraffen\/simskola\/","title":{"rendered":"Simskola p\u00e5 Pysslingen Giraffen"},"content":{"rendered":"\n\t\n\t\n\t\n\n\t\n\t\n\t\t\n<section  class=\"c-block l-stacked  \" data-color-scheme=\"nyans2_av_cta-hover-standard\">\n\t<div class=\"ams-fifty ams-fifty--container ams-fifty--right ams-fifty--bottom l-container u-pt-fluid-2xl-4xl u-pb-fluid-2xl-4xl\">\n\t\t<div class=\"ams-fifty__content l-stack l-stack-xl is-left is-left@lg\">\n\t\t\t<div class=\"ams-fifty__text l-stack l-stack-lg\">\n\t\t\t\t\t\n\t<h1\n\tclass=\"c-heading u-font-title-1 \"\n\tstyle=\"\">\n\t\t\n\t\t\t\t\t\t\t\t\tHur fungerar simskola p\u00e5 Giraffen?\n\t\t\t\t<span class=\"c-heading__sub is-below u-font-title-3\">\n\t\t\t\t\tPysslingen Giraffen\n\t\t\t\t<\/span>\n\t\t\t\t\t\t\t\n\t<\/h1>\n\n\t\t\t\t\t\t\t\t\t<div class=\"text l-stack u-font-body\">\n\t\t\t\t\t\t<p class=\"p1\">P\u00e5 Pysslingen Giraffen erbjuder vi simskola f\u00f6r de \u00e4ldsta barnen i f\u00f6rskolan. Att kunna simma \u00e4r inte bara livsviktigt, det st\u00e4rker ocks\u00e5 barnens vattenvana, fysiska h\u00e4lsa och sj\u00e4lvf\u00f6rtroende. I en tid d\u00e5 simkunnigheten bland svenska barn minskar vill vi bidra till att v\u00e4nda trenden. Vi vill att alla barn ska f\u00e5 m\u00f6jlighet att l\u00e4ra sig simma och k\u00e4nna sig trygga i vatten.<\/p>\n<p class=\"p1\">Under flera tillf\u00e4llen f\u00e5r barnen \u00f6va vattenvana och l\u00e4ra sig grunderna i simning p\u00e5 ett lekfullt och tryggt s\u00e4tt tillsammans med utbildade instrukt\u00f6rer. V\u00e5ra pedagoger finns med vid bass\u00e4ngkanten och st\u00f6ttar barnen under hela simundervisningen.<\/p>\n\n\t\t\t\t\t<\/div>\n\t\t\t\t\t\t\t<\/div>\n\n\t\t\t\t\t<\/div>\n\n\t\t <div class=\"ams-fifty__media u-ratio-landscape\">\n\t\t \t\t\t\t\t<img decoding=\"async\" width=\"600\" height=\"450\" src=\"https:\/\/pysslingen.se\/wp-content\/uploads\/sites\/96\/2024\/11\/simma-600x450.jpg\" class=\"attachment-md size-md\" alt=\"Leende pojke simmar under vattnet\" sizes=\"(min-width: 64em) 600px, calc(100vw - 160px)\" srcset=\"https:\/\/pysslingen.se\/wp-content\/uploads\/sites\/96\/2024\/11\/simma-600x450.jpg 600w, https:\/\/pysslingen.se\/wp-content\/uploads\/sites\/96\/2024\/11\/simma-300x225.jpg 300w, https:\/\/pysslingen.se\/wp-content\/uploads\/sites\/96\/2024\/11\/simma-400x300.jpg 400w, https:\/\/pysslingen.se\/wp-content\/uploads\/sites\/96\/2024\/11\/simma-800x600.jpg 800w, https:\/\/pysslingen.se\/wp-content\/uploads\/sites\/96\/2024\/11\/simma-1024x768.jpg 1024w, https:\/\/pysslingen.se\/wp-content\/uploads\/sites\/96\/2024\/11\/simma-1200x900.jpg 1200w, https:\/\/pysslingen.se\/wp-content\/uploads\/sites\/96\/2024\/11\/simma-768x576.jpg 768w, https:\/\/pysslingen.se\/wp-content\/uploads\/sites\/96\/2024\/11\/simma.jpg 1890w\" \/>\n\t\t\t\n\t\t\t\n\t\t\t\t\t<\/div>\n\t<\/div>\n\n\t\t\n\n<\/section>\n\n\n\n\t\n\t\n\t\n\n\t\n\t\n\t\t\n<section  class=\"c-block l-stacked  \" data-color-scheme=\"nyans2_av_cta-hover-standard\">\n\t<div class=\"ams-fifty ams-fifty--container ams-fifty--left ams-fifty--bottom l-container u-pt-fluid-2xl-4xl u-pb-fluid-2xl-4xl\">\n\t\t<div class=\"ams-fifty__content l-stack l-stack-xl is-left is-left@lg\">\n\t\t\t<div class=\"ams-fifty__text l-stack l-stack-lg\">\n\t\t\t\t\t\n\t<h2\n\tclass=\"c-heading u-font-title-1 \"\n\tstyle=\"\">\n\t\t\n\t\t\t\t\tOm f\u00f6rskolan Giraffen i H\u00e4sselby Villastad\n\t\t\t\t\n\t<\/h2>\n\n\t\t\t\t\t\t\t\t\t<div class=\"text l-stack u-font-body\">\n\t\t\t\t\t\t<p class=\"p1\">F\u00f6rskolan Giraffen ligger i ett lugnt villaomr\u00e5de i H\u00e4sselby Villastad, med en stor gr\u00f6n g\u00e5rd och n\u00e4rhet till skog, lekparker och badplatser. Utevistelse och r\u00f6relse \u00e4r en naturlig del av barnens dagar, och vi tar tillvara p\u00e5 deras nyfikenhet genom utflykter och uppt\u00e4ckande i naturen.<\/p>\n<p class=\"p1\">Vi arbetar projekterande och utg\u00e5r fr\u00e5n barnens intressen, vilket g\u00f6r l\u00e4randet lustfyllt och meningsfullt. Tillsammans med engagerade pedagoger f\u00e5r barnen utforska, st\u00e4lla fr\u00e5gor och hitta svar \u2013 allt med fokus p\u00e5 att utveckla kunskap, sj\u00e4lvk\u00e4nsla och f\u00f6rst\u00e5else f\u00f6r sin omv\u00e4rld.<\/p>\n\n\t\t\t\t\t<\/div>\n\t\t\t\t\t\t\t<\/div>\n\n\t\t\t\t\t<\/div>\n\n\t\t <div class=\"ams-fifty__media u-ratio-landscape\">\n\t\t \t\t\t\t\t<img decoding=\"async\" width=\"600\" height=\"400\" src=\"https:\/\/pysslingen.se\/wp-content\/uploads\/sites\/96\/2020\/11\/flickor-skapar-pa-forskola-2.jpg\" class=\"attachment-md size-md\" alt=\"Flickor skapar p\u00e5 f\u00f6rskola\" sizes=\"(min-width: 64em) 600px, calc(100vw - 160px)\" srcset=\"https:\/\/pysslingen.se\/wp-content\/uploads\/sites\/96\/2020\/11\/flickor-skapar-pa-forskola-2.jpg 612w, https:\/\/pysslingen.se\/wp-content\/uploads\/sites\/96\/2020\/11\/flickor-skapar-pa-forskola-2-300x200.jpg 300w\" \/>\n\t\t\t\n\t\t\t\n\t\t\t\t\t<\/div>\n\t<\/div>\n\n\t\t\n\n<\/section>\n\n\n\n\n<section  class=\"ams-cta ams-cta--stacked c-block l-stacked\" data-color-scheme=\"usp-pink-background-blue-cards\">\n\t<div class=\"l-container l-stack l-stack-fluid-2xl u-pt-fluid-md-xl u-pb-fluid-md-xl is-center is-center@md\">\n\t\t\t\t\t<div class=\"ams-cta__intro l-stack l-stack-lg\">\n\t\t\t\t\t\n\t<h2\n\tclass=\"c-heading u-font-title-1 \"\n\tstyle=\"\">\n\t\t\n\t\t\t\t\tAns\u00f6k till f\u00f6rskolan Giraffen: \n\t\t\t\t\n\t<\/h2>\n\n\t\t\t\t\t\t\t\t\t<div class=\"c-text l-stack u-cs-xl u-font-body\">\n\t\t\t\t\t\t<p class=\"p1\" style=\"text-align: center;\">Giraffen ing\u00e5r i Stockholms Stads gemensamma k\u00f6 och k\u00f6anm\u00e4lan g\u00f6r du i\u00a0<a href=\"https:\/\/forskola.stockholm\/\"><span class=\"s1\">Stockholms Stads webbtj\u00e4nst<\/span><\/a>. D\u00e4r kan du ocks\u00e5 l\u00e4sa mer om k\u00f6 och antagningsregler.<\/p>\n<p class=\"p1\" style=\"text-align: center;\">Om du vill ha hj\u00e4lp med att st\u00e4lla dig i k\u00f6 kan du kontakta Stockholms stads Kontaktcenter p\u00e5 08-508 00 508. Har du fr\u00e5gor \u00e4r du v\u00e4lkommen att kontakta oss.<\/p>\n\n\t\t\t\t\t<\/div>\n\t\t\t\t\t\t\t<\/div>\n\t\t\n\t\t\n\t\t\t<div class=\"ams-cta__action u-inline-items\">\n\t\t\t\t\t\t\t\n\n\n<a href=\"https:\/\/forskola.stockholm\/\"\n\t\n\tclass=\"c-btn \"\n\tdata-style=\"rounded\"\n\tdata-size=\"md\"\n\tdata-width=\"full-mobile\"\n\tdata-variant=\"default\"\n\ttarget=\"_self\">\n\t\t\t<span class=\"label\"> Till k\u00f6anm\u00e4lan<\/span>\n\t\t\t<\/a>\n\t\t\t<\/div>\n\t<\/div>\n\n\t\t\n\n<\/section>\n\n\n\n<section \n\t\t class=\"\n\t\t ams-contact\n\t\t \n\t\t c-block l-stacked\n\t\t \n\t\t \n\t\t js-load-more\n\t\t \"\n\t\t data-color-scheme=\"\"\n\t\t\t\t\tdata-count=\"3\"\n\t\t\t\t\t\t\tdata-count-mobile=\"2\"\n\t\t\t\t>\n\t<div\n\t\t class=\"\n\t\t l-container\n\t\t l-stack l-stack-fluid-2xl\n\t\t u-pt-fluid-md-xl\n\t\t u-pb-fluid-md-xl\n\t\t is-center\n\t\t is-center@md\n\t\t \">\n\t\t\t\t\t<div class=\"ams-contact__intro l-stack l-stack-lg\">\n\t\t\t\t\t\n\t<h2\n\tclass=\"c-heading u-font-title-1 \"\n\tstyle=\"\">\n\t\t\n\t\t\t\t\tKontakta oss p\u00e5 f\u00f6rskolan\n\t\t\t\t\n\t<\/h2>\n\n\t\t\t\t\t\t\t<\/div>\n\t\t\n\t\t\n\t\t    \t\n\t\t\n\t\t<ul\n\t\t\tid=\"contact-grid-69fe1a23aea6b\"\n\t\t\tclass=\"ams-contact__list l-grid u-gap-fluid-2xl-4xl u-justify-center js-results \"\n\t\t\taria-label=\"Kontakter\"\n\t\t\tdata-filter-animation=\"off\"\n\t\t\t>\n\t\t\t\t\t\t\t\t\t\t\t\n\t\t\t\t\n\t\t\t\t<li class=\"l-col-6@md l-col-4@lg \" data-filter=\"b\">\n\t\t\t\t\t<article class=\"c-card \" data-variant=\"neutral\">\n\t\t\t\t\t\t<div class=\"c-card__content u-text-center\">\n\t\t\t\t\t\t\t\t\t\t\t\t\t\t\t<h3 class=\"c-card__title u-font-title-3\">\n\t\t\t\t\t\t\t\t\tAnnika Barkensj\u00f6\n\t\t\t\t\t\t\t\t<\/h3>\n\t\t\t\t\t\t\t\n\t\t\t\t\t\t\t\t\t\t\t\t\t\t\t<p class=\"position u-font-body\">Rektor<\/p>\n\t\t\t\t\t\t\t\n\t\t\t\t\t\t\t\t\t\t\t\t\t\t\t<div class=\"contact-info u-font-body\">\n\t\t\t\t\t\t\t\t\t\t\t\t\t\t\t\t\t\t\t\t\t\t\t\t\t\t\t\t\t\t<p class=\"phone\"><a\n\t\t\t\t\t\t\t\t\t\t\t\t\thref=\"tel:0761002239\"\n\t\t\t\t\t\t\t\t\t\t\t\t\tclass=\"u-text-link\">076-100 22 39<\/a>\n\t\t\t\t\t\t\t\t\t\t\t<\/p>\n\t\t\t\t\t\t\t\t\t\t\t\t\t\t\t\t\t\t\t\n\t\t\t\t\t\t\t\t\t\t\t\t\t\t\t\t\t\t\t\t\t\t\t\t\t\t\t\t\t\t<p class=\"email\"><a\n\t\t\t\t\t\t\t\t\t\t\t\t\thref=\"m&#097;i&#108;to:&#097;nnika&#046;b&#097;rke&#110;s&#106;o&#064;p&#121;s&#115;l&#105;&#110;&#103;e&#110;.se\"\n\t\t\t\t\t\t\t\t\t\t\t\t\tclass=\"u-text-link\">&#097;&#110;&#110;i&#107;a.bar&#107;en&#115;&#106;o&#064;p&#121;&#115;sli&#110;&#103;&#101;&#110;.&#115;&#101;<\/a>\n\t\t\t\t\t\t\t\t\t\t\t<\/p>\n\t\t\t\t\t\t\t\t\t\t\t\t\t\t\t\t\t\t\t\t\t\t\t\t\t\t\t<\/div>\n\t\t\t\t\t\t\t\n\t\t\t\t\t\t\t\t\t\t\t\t\t<\/div>\n\t\t\t\t\t\t<div class=\"c-card__media\">\n\t\t\t\t\t\t\t\t\t\t\t\t\t\t\t\t\t\t\t\t\t\t\t\t\t\t\t\t\t\t\t\t\t\t\t\t\t\t\t\t\t\t\t\t\t\t\t\t\t<img decoding=\"async\" width=\"400\" height=\"396\" src=\"https:\/\/pysslingen.se\/wp-content\/uploads\/sites\/96\/2025\/11\/annika-scaled-e1762160048644-400x396.jpg\" class=\"u-radius-rounded u-ratio-landscape  \" alt=\"Portr\u00e4ttbild av rektor\" sizes=\"(max-width: 300px) 100vw, 300px\" srcset=\"https:\/\/pysslingen.se\/wp-content\/uploads\/sites\/96\/2025\/11\/annika-scaled-e1762160048644-400x396.jpg 400w, https:\/\/pysslingen.se\/wp-content\/uploads\/sites\/96\/2025\/11\/annika-scaled-e1762160048644-150x150.jpg 150w, https:\/\/pysslingen.se\/wp-content\/uploads\/sites\/96\/2025\/11\/annika-scaled-e1762160048644-300x297.jpg 300w, https:\/\/pysslingen.se\/wp-content\/uploads\/sites\/96\/2025\/11\/annika-scaled-e1762160048644-600x594.jpg 600w, https:\/\/pysslingen.se\/wp-content\/uploads\/sites\/96\/2025\/11\/annika-scaled-e1762160048644-800x791.jpg 800w, https:\/\/pysslingen.se\/wp-content\/uploads\/sites\/96\/2025\/11\/annika-scaled-e1762160048644-1024x1013.jpg 1024w, https:\/\/pysslingen.se\/wp-content\/uploads\/sites\/96\/2025\/11\/annika-scaled-e1762160048644-1200x1187.jpg 1200w, https:\/\/pysslingen.se\/wp-content\/uploads\/sites\/96\/2025\/11\/annika-scaled-e1762160048644.jpg 1941w\" \/>\n\t\t\t\t\t\t<\/div>\n\t\t\t\t\t<\/article>\n\t\t\t\t<\/li>\n\t\t\t\t\t\t\t\t\t\t\t\n\t\t\t\t\n\t\t\t\t<li class=\"l-col-6@md l-col-4@lg \" data-filter=\"b\">\n\t\t\t\t\t<article class=\"c-card \" data-variant=\"neutral\">\n\t\t\t\t\t\t<div class=\"c-card__content u-text-center\">\n\t\t\t\t\t\t\t\t\t\t\t\t\t\t\t<h3 class=\"c-card__title u-font-title-3\">\n\t\t\t\t\t\t\t\t\tPetra Granath\n\t\t\t\t\t\t\t\t<\/h3>\n\t\t\t\t\t\t\t\n\t\t\t\t\t\t\t\t\t\t\t\t\t\t\t<p class=\"position u-font-body\">Bitr\u00e4dande rektor<\/p>\n\t\t\t\t\t\t\t\n\t\t\t\t\t\t\t\t\t\t\t\t\t\t\t<div class=\"contact-info u-font-body\">\n\t\t\t\t\t\t\t\t\t\t\t\t\t\t\t\t\t\t\t\t\t\t\t\t\t\t\t\t\t\t<p class=\"phone\"><a\n\t\t\t\t\t\t\t\t\t\t\t\t\thref=\"tel:0760316556\"\n\t\t\t\t\t\t\t\t\t\t\t\t\tclass=\"u-text-link\">076-031 65 56<\/a>\n\t\t\t\t\t\t\t\t\t\t\t<\/p>\n\t\t\t\t\t\t\t\t\t\t\t\t\t\t\t\t\t\t\t\n\t\t\t\t\t\t\t\t\t\t\t\t\t\t\t\t\t\t\t\t\t\t\t\t\t\t\t\t\t\t<p class=\"email\"><a\n\t\t\t\t\t\t\t\t\t\t\t\t\thref=\"&#109;&#097;i&#108;&#116;o&#058;petra.gr&#097;&#110;&#097;t&#104;&#064;&#112;y&#115;&#115;l&#105;&#110;&#103;&#101;n.se\"\n\t\t\t\t\t\t\t\t\t\t\t\t\tclass=\"u-text-link\">p&#101;&#116;&#114;&#097;&#046;gr&#097;n&#097;th&#064;&#112;y&#115;sl&#105;ng&#101;&#110;.se<\/a>\n\t\t\t\t\t\t\t\t\t\t\t<\/p>\n\t\t\t\t\t\t\t\t\t\t\t\t\t\t\t\t\t\t\t\t\t\t\t\t\t\t\t<\/div>\n\t\t\t\t\t\t\t\n\t\t\t\t\t\t\t\t\t\t\t\t\t<\/div>\n\t\t\t\t\t\t<div class=\"c-card__media\">\n\t\t\t\t\t\t\t\t\t\t\t\t\t\t\t\t\t\t\t\t\t\t\t\t\t\t\t\t\t\t\t\t\t\t\t\t\t\t\t\t\t\t\t\t\t\t\t\t\t<img decoding=\"async\" width=\"400\" height=\"406\" src=\"https:\/\/pysslingen.se\/wp-content\/uploads\/sites\/96\/2020\/11\/img1076-400x406.jpg\" class=\"u-radius-rounded u-ratio-landscape  \" alt=\"Portr\u00e4ttbild p\u00e5 medarbetare.\" sizes=\"(max-width: 300px) 100vw, 300px\" srcset=\"https:\/\/pysslingen.se\/wp-content\/uploads\/sites\/96\/2020\/11\/img1076-400x406.jpg 400w, https:\/\/pysslingen.se\/wp-content\/uploads\/sites\/96\/2020\/11\/img1076-300x304.jpg 300w, https:\/\/pysslingen.se\/wp-content\/uploads\/sites\/96\/2020\/11\/img1076-600x609.jpg 600w, https:\/\/pysslingen.se\/wp-content\/uploads\/sites\/96\/2020\/11\/img1076-800x812.jpg 800w, https:\/\/pysslingen.se\/wp-content\/uploads\/sites\/96\/2020\/11\/img1076-1024x1039.jpg 1024w, https:\/\/pysslingen.se\/wp-content\/uploads\/sites\/96\/2020\/11\/img1076-1200x1217.jpg 1200w, https:\/\/pysslingen.se\/wp-content\/uploads\/sites\/96\/2020\/11\/img1076.jpg 1237w\" \/>\n\t\t\t\t\t\t<\/div>\n\t\t\t\t\t<\/article>\n\t\t\t\t<\/li>\n\t\t\t\t\t<\/ul>\n\n\t\t\n\t\t    <div class=\"ams-contact__more u-inline-items js-load-more-btn\">\n        <button href=\"#\"\n                class=\"c-btn\"\n                data-style=\"rounded\"\n                data-size=\"md\"\n                data-width=\"full-mobile\"\n                data-variant=\"outline\">\n        \tVisa mer\n        <\/button>\n    <\/div>\n\n\t\t\t<\/div>\n\n\t\t\n\n<\/section>\n\n\n\n\n<section  class=\"ams-cta ams-cta--stacked c-block l-stacked\">\n\t<div class=\"l-container l-stack l-stack-fluid-2xl u-pt-fluid-3xl-6xl u-pb-fluid-3xl-6xl is-center is-center@md\">\n\t\t\t\t\t<div class=\"ams-cta__intro l-stack l-stack-lg\">\n\t\t\t\t\t\n\t<h2\n\tclass=\"c-heading u-font-title-1 \"\n\tstyle=\"\">\n\t\t\n\t\t\t\t\tL\u00e4s mer om Pysslingen Giraffen\n\t\t\t\t\n\t<\/h2>\n\n\t\t\t\t\t\t\t<\/div>\n\t\t\n\t\t\n\t\t\t<div class=\"ams-cta__action u-inline-items\">\n\t\t\t\t\t\t\t\n\n\n<a href=\"https:\/\/pysslingen.se\/giraffen\/om-forskolan\/\"\n\t\n\tclass=\"c-btn \"\n\tdata-style=\"rounded\"\n\tdata-size=\"md\"\n\tdata-width=\"full-mobile\"\n\tdata-variant=\"default\"\n\ttarget=\"_self\">\n\t\t\t<span class=\"label\"> Info om v\u00e5r f\u00f6rskola<\/span>\n\t\t\t<\/a>\n\t\t\t<\/div>\n\t<\/div>\n\n\t\t\n\n<\/section>\n","protected":false},"excerpt":{"rendered":"","protected":false},"author":99,"featured_media":0,"parent":0,"menu_order":0,"comment_status":"closed","ping_status":"closed","template":"","meta":{"footnotes":""},"yoast_head":"<!-- This site is optimized with the Yoast SEO plugin v22.0 - https:\/\/yoast.com\/wordpress\/plugins\/seo\/ -->\n<title>Giraffen<\/title>\n<meta name=\"robots\" content=\"index, follow, max-snippet:-1, max-image-preview:large, max-video-preview:-1\" \/>\n<link rel=\"canonical\" href=\"https:\/\/pysslingen.se\/giraffen\/simskola\/\" \/>\n<meta property=\"og:locale\" content=\"sv_SE\" \/>\n<meta property=\"og:type\" content=\"article\" \/>\n<meta property=\"og:url\" content=\"https:\/\/pysslingen.se\/giraffen\/simskola\/\" \/>\n<meta property=\"og:site_name\" content=\"Giraffen\" \/>\n<meta property=\"article:modified_time\" content=\"2025-04-16T06:09:56+00:00\" \/>\n<meta name=\"twitter:card\" content=\"summary_large_image\" \/>\n<script type=\"application\/ld+json\" class=\"yoast-schema-graph\">{\"@context\":\"https:\/\/schema.org\",\"@graph\":[{\"@type\":\"WebPage\",\"@id\":\"https:\/\/pysslingen.se\/giraffen\/simskola\/\",\"url\":\"https:\/\/pysslingen.se\/giraffen\/simskola\/\",\"name\":\"Simskola p\u00e5 Pysslingen Giraffen - Giraffen\",\"isPartOf\":{\"@id\":\"https:\/\/pysslingen.se\/giraffen\/#website\"},\"datePublished\":\"2025-04-16T06:02:27+00:00\",\"dateModified\":\"2025-04-16T06:09:56+00:00\",\"breadcrumb\":{\"@id\":\"https:\/\/pysslingen.se\/giraffen\/simskola\/#breadcrumb\"},\"inLanguage\":\"sv-SE\",\"potentialAction\":[{\"@type\":\"ReadAction\",\"target\":[\"https:\/\/pysslingen.se\/giraffen\/simskola\/\"]}]},{\"@type\":\"BreadcrumbList\",\"@id\":\"https:\/\/pysslingen.se\/giraffen\/simskola\/#breadcrumb\",\"itemListElement\":[{\"@type\":\"ListItem\",\"position\":1,\"name\":\"Start\",\"item\":\"https:\/\/pysslingen.se\/giraffen\/\"},{\"@type\":\"ListItem\",\"position\":2,\"name\":\"Simskola p\u00e5 Pysslingen Giraffen\"}]},{\"@type\":\"WebSite\",\"@id\":\"https:\/\/pysslingen.se\/giraffen\/#website\",\"url\":\"https:\/\/pysslingen.se\/giraffen\/\",\"name\":\"Giraffen\",\"description\":\"En trygg och stimulerande v\u00e4rld\",\"publisher\":{\"@id\":\"https:\/\/pysslingen.se\/giraffen\/#organization\"},\"potentialAction\":[{\"@type\":\"SearchAction\",\"target\":{\"@type\":\"EntryPoint\",\"urlTemplate\":\"https:\/\/pysslingen.se\/giraffen\/?s={search_term_string}\"},\"query-input\":\"required name=search_term_string\"}],\"inLanguage\":\"sv-SE\"},{\"@type\":\"Organization\",\"@id\":\"https:\/\/pysslingen.se\/giraffen\/#organization\",\"name\":\"Pysslingen F\u00f6rskolor\",\"url\":\"https:\/\/pysslingen.se\/giraffen\/\",\"logo\":{\"@type\":\"ImageObject\",\"inLanguage\":\"sv-SE\",\"@id\":\"https:\/\/pysslingen.se\/giraffen\/#\/schema\/logo\/image\/\",\"url\":\"https:\/\/pysslingen.se\/wp-content\/uploads\/2021\/05\/pysslingen-forskolor.png\",\"contentUrl\":\"https:\/\/pysslingen.se\/wp-content\/uploads\/2021\/05\/pysslingen-forskolor.png\",\"width\":1120,\"height\":630,\"caption\":\"Pysslingen F\u00f6rskolor\"},\"image\":{\"@id\":\"https:\/\/pysslingen.se\/giraffen\/#\/schema\/logo\/image\/\"}}]}<\/script>\n<!-- \/ Yoast SEO plugin. -->","yoast_head_json":{"title":"Giraffen","robots":{"index":"index","follow":"follow","max-snippet":"max-snippet:-1","max-image-preview":"max-image-preview:large","max-video-preview":"max-video-preview:-1"},"canonical":"https:\/\/pysslingen.se\/giraffen\/simskola\/","og_locale":"sv_SE","og_type":"article","og_url":"https:\/\/pysslingen.se\/giraffen\/simskola\/","og_site_name":"Giraffen","article_modified_time":"2025-04-16T06:09:56+00:00","twitter_card":"summary_large_image","schema":{"@context":"https:\/\/schema.org","@graph":[{"@type":"WebPage","@id":"https:\/\/pysslingen.se\/giraffen\/simskola\/","url":"https:\/\/pysslingen.se\/giraffen\/simskola\/","name":"Simskola p\u00e5 Pysslingen Giraffen - Giraffen","isPartOf":{"@id":"https:\/\/pysslingen.se\/giraffen\/#website"},"datePublished":"2025-04-16T06:02:27+00:00","dateModified":"2025-04-16T06:09:56+00:00","breadcrumb":{"@id":"https:\/\/pysslingen.se\/giraffen\/simskola\/#breadcrumb"},"inLanguage":"sv-SE","potentialAction":[{"@type":"ReadAction","target":["https:\/\/pysslingen.se\/giraffen\/simskola\/"]}]},{"@type":"BreadcrumbList","@id":"https:\/\/pysslingen.se\/giraffen\/simskola\/#breadcrumb","itemListElement":[{"@type":"ListItem","position":1,"name":"Start","item":"https:\/\/pysslingen.se\/giraffen\/"},{"@type":"ListItem","position":2,"name":"Simskola p\u00e5 Pysslingen Giraffen"}]},{"@type":"WebSite","@id":"https:\/\/pysslingen.se\/giraffen\/#website","url":"https:\/\/pysslingen.se\/giraffen\/","name":"Giraffen","description":"En trygg och stimulerande v\u00e4rld","publisher":{"@id":"https:\/\/pysslingen.se\/giraffen\/#organization"},"potentialAction":[{"@type":"SearchAction","target":{"@type":"EntryPoint","urlTemplate":"https:\/\/pysslingen.se\/giraffen\/?s={search_term_string}"},"query-input":"required name=search_term_string"}],"inLanguage":"sv-SE"},{"@type":"Organization","@id":"https:\/\/pysslingen.se\/giraffen\/#organization","name":"Pysslingen F\u00f6rskolor","url":"https:\/\/pysslingen.se\/giraffen\/","logo":{"@type":"ImageObject","inLanguage":"sv-SE","@id":"https:\/\/pysslingen.se\/giraffen\/#\/schema\/logo\/image\/","url":"https:\/\/pysslingen.se\/wp-content\/uploads\/2021\/05\/pysslingen-forskolor.png","contentUrl":"https:\/\/pysslingen.se\/wp-content\/uploads\/2021\/05\/pysslingen-forskolor.png","width":1120,"height":630,"caption":"Pysslingen F\u00f6rskolor"},"image":{"@id":"https:\/\/pysslingen.se\/giraffen\/#\/schema\/logo\/image\/"}}]}},"_links":{"self":[{"href":"https:\/\/pysslingen.se\/giraffen\/wp-json\/wp\/v2\/pages\/1581"}],"collection":[{"href":"https:\/\/pysslingen.se\/giraffen\/wp-json\/wp\/v2\/pages"}],"about":[{"href":"https:\/\/pysslingen.se\/giraffen\/wp-json\/wp\/v2\/types\/page"}],"author":[{"embeddable":true,"href":"https:\/\/pysslingen.se\/giraffen\/wp-json\/wp\/v2\/users\/99"}],"replies":[{"embeddable":true,"href":"https:\/\/pysslingen.se\/giraffen\/wp-json\/wp\/v2\/comments?post=1581"}],"version-history":[{"count":10,"href":"https:\/\/pysslingen.se\/giraffen\/wp-json\/wp\/v2\/pages\/1581\/revisions"}],"predecessor-version":[{"id":1597,"href":"https:\/\/pysslingen.se\/giraffen\/wp-json\/wp\/v2\/pages\/1581\/revisions\/1597"}],"wp:attachment":[{"href":"https:\/\/pysslingen.se\/giraffen\/wp-json\/wp\/v2\/media?parent=1581"}],"curies":[{"name":"wp","href":"https:\/\/api.w.org\/{rel}","templated":true}]}}