{"id":29,"date":"2020-09-29T09:21:48","date_gmt":"2020-09-29T09:21:48","guid":{"rendered":"https:\/\/pysslingen.se\/fyren\/?page_id=29"},"modified":"2026-03-11T13:29:31","modified_gmt":"2026-03-11T12:29:31","slug":"resultat","status":"publish","type":"page","link":"https:\/\/pysslingen.se\/fyren\/resultat\/","title":{"rendered":"Resultat"},"content":{"rendered":"\n<h1 class=\"wp-block-heading\">V\u00e5rdnadshavarunders\u00f6kning: S\u00e5 utvecklar vi f\u00f6rskolan Fyren med hj\u00e4lp av v\u00e5rdnadshavarnas \u00e5terkoppling<\/h1>\n\n\n\n<p   class=\"site__ingress container text-left  site__text-color--dark  site__free_text--ingress p-0\">\n\t I b\u00f6rjan av varje \u00e5r ber vi dig som v\u00e5rdnadshavare att besvara en enk\u00e4t om hur du upplever v\u00e5r verksamhet. Resultatet ligger sedan till grund f\u00f6r f\u00f6rskolans utvecklingsarbete under resten av \u00e5ret.<\/p>\n\n\n\n\n\n<h2 class=\"wp-block-heading\">Vad visar \u00e5rets sammanst\u00e4llning av f\u00f6rskolan Fyren?<\/h2>\n\n\n\n<p>Vi \u00e4r stolta \u00f6ver \u00e5rets resultat som visar att v\u00e5r verksamhet \u00e4r stabil och att barnen trivs hos oss. Fram\u00e5t tar vi med oss att forts\u00e4tta v\u00e5rt arbete med f\u00f6rskolans utomhusmilj\u00f6er samt att utveckla v\u00e5r kommunikation och information till v\u00e5rdnadshavarna.<br><br>Resultatet fr\u00e5n v\u00e5rdnadshavarenk\u00e4ten 2026 kommer inte att publiceras d\u00e5 svarsfrekvensen var f\u00f6r l\u00e5g f\u00f6r att ge ett tillf\u00f6rlitligt underlag. Vi arbetar \u00e4nd\u00e5 l\u00f6pande med att utveckla v\u00e5r verksamhet genom dialog med v\u00e5rdnadshavare, barn och personal samt genom v\u00e5rt systematiska kvalitetsarbete.<\/p>\n\n\n<section \n\tclass=\"ams-info-graph  c-block l-stacked  \"\n\tdata-color-scheme=\"\">\n\t<div\n\t\tclass=\"l-stack l-stack-fluid-2xl u-pt-fluid-3xl-6xl u-pb-fluid-3xl-6xl is-center is-center@md\">\n\t\t\n\t\t\n\t\t<ul class=\"ams-info-graph__list l-grid u-justify-start\">\n\t\t\t\t\t\t\t\t\t\n\t\t\t\t\t\t\t<li \n\t\t\t\t\tdata-color-scheme=\"\"\n\t\t\t\t\tdata-color-scheme-mobile=\"\"\n\t\t\t\t\tclass=\"c-ig c-ig--graph l-col-6@md\">\n\n\t\t\t\t\t\t\t\t\t\t\t\t\t\t<h2 class=\"c-ig__title u-font-title-3\">\n\t\t\t\t\t\t\tN\u00f6jd v\u00e5rdnadshavare\n\t\t\t\t\t\t<\/h2>\n\t\n\t\n\t\n\t\t\t<div class=\"c-ig__text l-stack-xs u-font-body\">\n\t\t\t<p><strong>Jag \u00e4r n\u00f6jd med mitt barns f\u00f6rskola<\/strong><\/p>\n\n\t\t<\/div>\n\t\n\t\t\t<div\n\t\t\tclass=\"c-ig__graph\"\n\t\t\tdata-type=\"bar\"\n\t\t\tdata-show-legend=\"1\"\n\t\t\tdata-ispercent=\"\"\n\t\t\tdata-y-axis-range=\"eyJtaW4iOiIwIiwibWF4IjoiMTAwIn0=\"\n\t\t\tdata-items-config=\"W3siY29sb3IiOiIjZmY2MjUwIiwibGFiZWwiOiIyMDIzIn0seyJjb2xvciI6IiNlNjNjNTAiLCJsYWJlbCI6IjIwMjQifSx7ImNvbG9yIjoiI2ZmNjI1MCIsImxhYmVsIjoiMjAyNSJ9XQ==\"\n\t\t\tdata-items=\"W3sibGFiZWwiOiIiLCJ2YWx1ZXMiOlt7InZhbHVlIjoiODAifSx7InZhbHVlIjoiODUifSx7InZhbHVlIjoiNzQifV19XQ==\"\n\t\t\tdata-color-legend=\"var(--ig-text-color)\"\n\t\t\tdata-css-font=\"var(--ig-font-family)\"\n\t\t><\/div>\n\t\n\t\t\t\t\t\n\t\t\t\t<\/li>\n\t\t\t\t\t\t\t<li \n\t\t\t\t\tdata-color-scheme=\"\"\n\t\t\t\t\tdata-color-scheme-mobile=\"\"\n\t\t\t\t\tclass=\"c-ig c-ig--graph l-col-6@md\">\n\n\t\t\t\t\t\t\t\t\t\t\t\t\t\t<h2 class=\"c-ig__title u-font-title-3\">\n\t\t\t\t\t\t\tTrygghetsgrad\n\t\t\t\t\t\t<\/h2>\n\t\n\t\n\t\n\t\t\t<div class=\"c-ig__text l-stack-xs u-font-body\">\n\t\t\t<p><strong>Mitt barn k\u00e4nner sig tryggt i f\u00f6rskolan<\/strong><\/p>\n\n\t\t<\/div>\n\t\n\t\t\t<div\n\t\t\tclass=\"c-ig__graph\"\n\t\t\tdata-type=\"bar\"\n\t\t\tdata-show-legend=\"1\"\n\t\t\tdata-ispercent=\"\"\n\t\t\tdata-y-axis-range=\"eyJtaW4iOiIwIiwibWF4IjoiMTAwIn0=\"\n\t\t\tdata-items-config=\"W3siY29sb3IiOiIjMzJhMGYwIiwibGFiZWwiOiIyMDIzIn0seyJjb2xvciI6IiMwMDQxNzgiLCJsYWJlbCI6IjIwMjQifSx7ImNvbG9yIjoiIzMyYTBmMCIsImxhYmVsIjoiMjAyNSJ9XQ==\"\n\t\t\tdata-items=\"W3sibGFiZWwiOiIiLCJ2YWx1ZXMiOlt7InZhbHVlIjoiOTAifSx7InZhbHVlIjoiODgifSx7InZhbHVlIjoiOTEifV19XQ==\"\n\t\t\tdata-color-legend=\"var(--ig-text-color)\"\n\t\t\tdata-css-font=\"var(--ig-font-family)\"\n\t\t><\/div>\n\t\n\t\t\t\t\t\n\t\t\t\t<\/li>\n\t\t\t\t\t<\/ul>\n\t<\/div>\n\n\t\t\n\n\n<\/section>\n\n\t\n\t\n\t\n\t\n\t\n\n<section \n\tclass=\"ams-info-graph  c-block l-stacked  \"\n\tdata-color-scheme=\"\">\n\t<div\n\t\tclass=\"l-stack l-stack-fluid-2xl u-pt-fluid-3xl-6xl u-pb-fluid-3xl-6xl is-center is-center@md\">\n\t\t\n\t\t\n\t\t<ul class=\"ams-info-graph__list l-grid u-justify-start\">\n\t\t\t\t\t\t\t\t\t\n\t\t\t\t\t\t\t<li \n\t\t\t\t\tdata-color-scheme=\"\"\n\t\t\t\t\tdata-color-scheme-mobile=\"\"\n\t\t\t\t\tclass=\"c-ig c-ig--graph l-col-6@md\">\n\n\t\t\t\t\t\t\t\t\t\t\t\t\t\t<h2 class=\"c-ig__title u-font-title-3\">\n\t\t\t\t\t\t\tStimulerande l\u00e4rmilj\u00f6\n\t\t\t\t\t\t<\/h2>\n\t\n\t\n\t\n\t\t\t<div class=\"c-ig__text l-stack-xs u-font-body\">\n\t\t\t<p><strong>Inomhusmilj\u00f6n p\u00e5 mitt barns f\u00f6rskola stimulerar till lek och l\u00e4rande<\/strong><\/p>\n\n\t\t<\/div>\n\t\n\t\t\t<div\n\t\t\tclass=\"c-ig__graph\"\n\t\t\tdata-type=\"bar\"\n\t\t\tdata-show-legend=\"1\"\n\t\t\tdata-ispercent=\"\"\n\t\t\tdata-y-axis-range=\"eyJtaW4iOiIwIiwibWF4IjoiMTAwIn0=\"\n\t\t\tdata-items-config=\"W3siY29sb3IiOiIjZmZjODI4IiwibGFiZWwiOiIyMDIzIn0seyJjb2xvciI6IiNmZmEwMzIiLCJsYWJlbCI6IjIwMjQifSx7ImNvbG9yIjoiI2ZmYzgyOCIsImxhYmVsIjoiMjAyNSJ9XQ==\"\n\t\t\tdata-items=\"W3sibGFiZWwiOiIiLCJ2YWx1ZXMiOlt7InZhbHVlIjoiODAifSx7InZhbHVlIjoiMTAwIn0seyJ2YWx1ZSI6IjgzIn1dfV0=\"\n\t\t\tdata-color-legend=\"var(--ig-text-color)\"\n\t\t\tdata-css-font=\"var(--ig-font-family)\"\n\t\t><\/div>\n\t\n\t\t\t\t\t\n\t\t\t\t<\/li>\n\t\t\t\t\t\t\t<li \n\t\t\t\t\tdata-color-scheme=\"\"\n\t\t\t\t\tdata-color-scheme-mobile=\"\"\n\t\t\t\t\tclass=\"c-ig c-ig--graph l-col-6@md\">\n\n\t\t\t\t\t\t\t\t\t\t\t\t\t\t<h2 class=\"c-ig__title u-font-title-3\">\n\t\t\t\t\t\t\tPedagogerna bidrar\n\t\t\t\t\t\t<\/h2>\n\t\n\t\n\t\n\t\t\t<div class=\"c-ig__text l-stack-xs u-font-body\">\n\t\t\t<p><strong>Pedagogerna bidrar positivt till mitt barns inl\u00e4rning och utveckling<\/strong><\/p>\n\n\t\t<\/div>\n\t\n\t\t\t<div\n\t\t\tclass=\"c-ig__graph\"\n\t\t\tdata-type=\"bar\"\n\t\t\tdata-show-legend=\"1\"\n\t\t\tdata-ispercent=\"\"\n\t\t\tdata-y-axis-range=\"eyJtaW4iOiIwIiwibWF4IjoiMTAwIn0=\"\n\t\t\tdata-items-config=\"W3siY29sb3IiOiIjYTM2M2UyIiwibGFiZWwiOiIyMDIzIn0seyJjb2xvciI6IiM3MzQ5ZTYiLCJsYWJlbCI6IjIwMjQifSx7ImNvbG9yIjoiI2EzNjNlMiIsImxhYmVsIjoiMjAyNSJ9XQ==\"\n\t\t\tdata-items=\"W3sibGFiZWwiOiIiLCJ2YWx1ZXMiOlt7InZhbHVlIjoiODQifSx7InZhbHVlIjoiOTQifSx7InZhbHVlIjoiODMifV19XQ==\"\n\t\t\tdata-color-legend=\"var(--ig-text-color)\"\n\t\t\tdata-css-font=\"var(--ig-font-family)\"\n\t\t><\/div>\n\t\n\t\t\t\t\t\n\t\t\t\t<\/li>\n\t\t\t\t\t<\/ul>\n\t<\/div>\n\n\t\t\n\n\n<\/section>\n\n\t\n\t\n\t\n\t\n\t","protected":false},"excerpt":{"rendered":"<p>V\u00e5rdnadshavarunders\u00f6kning: S\u00e5 utvecklar vi f\u00f6rskolan Fyren med hj\u00e4lp av v\u00e5rdnadshavarnas \u00e5terkoppling Vad visar \u00e5rets sammanst\u00e4llning av f\u00f6rskolan Fyren? Vi \u00e4r stolta \u00f6ver \u00e5rets resultat som visar att v\u00e5r verksamhet \u00e4r stabil och att barnen trivs hos oss. Fram\u00e5t tar vi med oss att forts\u00e4tta v\u00e5rt arbete med f\u00f6rskolans utomhusmilj\u00f6er samt att utveckla v\u00e5r kommunikation och&#8230;<\/p>\n","protected":false},"author":3,"featured_media":0,"parent":0,"menu_order":0,"comment_status":"closed","ping_status":"closed","template":"","meta":{"footnotes":""},"yoast_head":"<!-- This site is optimized with the Yoast SEO plugin v22.0 - https:\/\/yoast.com\/wordpress\/plugins\/seo\/ -->\n<title>Resultat i v\u00e5rdnadshavarunders\u00f6kning p\u00e5 F\u00f6rskolan Fyren<\/title>\n<meta name=\"description\" content=\"Resultatet ligger till grund f\u00f6r f\u00f6rskolans utvecklingsarbete. L\u00e4s mer om \u00e5rets resultat p\u00e5 Fyren h\u00e4r.\" \/>\n<meta name=\"robots\" content=\"index, follow, max-snippet:-1, max-image-preview:large, max-video-preview:-1\" \/>\n<link rel=\"canonical\" href=\"https:\/\/pysslingen.se\/fyren\/resultat\/\" \/>\n<meta property=\"og:locale\" content=\"sv_SE\" \/>\n<meta property=\"og:type\" content=\"article\" \/>\n<meta property=\"og:title\" content=\"Resultat i v\u00e5rdnadshavarunders\u00f6kning p\u00e5 F\u00f6rskolan Fyren\" \/>\n<meta property=\"og:description\" content=\"Resultatet ligger till grund f\u00f6r f\u00f6rskolans utvecklingsarbete. L\u00e4s mer om \u00e5rets resultat p\u00e5 Fyren h\u00e4r.\" \/>\n<meta property=\"og:url\" content=\"https:\/\/pysslingen.se\/fyren\/resultat\/\" \/>\n<meta property=\"og:site_name\" content=\"Fyren\" \/>\n<meta property=\"article:modified_time\" content=\"2026-03-11T12:29:31+00:00\" \/>\n<meta name=\"twitter:card\" content=\"summary_large_image\" \/>\n<meta name=\"twitter:title\" content=\"Resultat i v\u00e5rdnadshavarunders\u00f6kning p\u00e5 F\u00f6rskolan Fyren\" \/>\n<meta name=\"twitter:description\" content=\"Resultatet ligger till grund f\u00f6r f\u00f6rskolans utvecklingsarbete. L\u00e4s mer om \u00e5rets resultat p\u00e5 Fyren h\u00e4r.\" \/>\n<meta name=\"twitter:label1\" content=\"Ber\u00e4knad l\u00e4stid\" \/>\n\t<meta name=\"twitter:data1\" content=\"1 minut\" \/>\n<script type=\"application\/ld+json\" class=\"yoast-schema-graph\">{\"@context\":\"https:\/\/schema.org\",\"@graph\":[{\"@type\":\"WebPage\",\"@id\":\"https:\/\/pysslingen.se\/fyren\/resultat\/\",\"url\":\"https:\/\/pysslingen.se\/fyren\/resultat\/\",\"name\":\"Resultat i v\u00e5rdnadshavarunders\u00f6kning p\u00e5 F\u00f6rskolan Fyren\",\"isPartOf\":{\"@id\":\"https:\/\/pysslingen.se\/fyren\/#website\"},\"datePublished\":\"2020-09-29T09:21:48+00:00\",\"dateModified\":\"2026-03-11T12:29:31+00:00\",\"description\":\"Resultatet ligger till grund f\u00f6r f\u00f6rskolans utvecklingsarbete. L\u00e4s mer om \u00e5rets resultat p\u00e5 Fyren h\u00e4r.\",\"breadcrumb\":{\"@id\":\"https:\/\/pysslingen.se\/fyren\/resultat\/#breadcrumb\"},\"inLanguage\":\"sv-SE\",\"potentialAction\":[{\"@type\":\"ReadAction\",\"target\":[\"https:\/\/pysslingen.se\/fyren\/resultat\/\"]}]},{\"@type\":\"BreadcrumbList\",\"@id\":\"https:\/\/pysslingen.se\/fyren\/resultat\/#breadcrumb\",\"itemListElement\":[{\"@type\":\"ListItem\",\"position\":1,\"name\":\"Start\",\"item\":\"https:\/\/pysslingen.se\/fyren\/\"},{\"@type\":\"ListItem\",\"position\":2,\"name\":\"Resultat\"}]},{\"@type\":\"WebSite\",\"@id\":\"https:\/\/pysslingen.se\/fyren\/#website\",\"url\":\"https:\/\/pysslingen.se\/fyren\/\",\"name\":\"Fyren\",\"description\":\"En trygg och stimulerande v\u00e4rld\",\"publisher\":{\"@id\":\"https:\/\/pysslingen.se\/fyren\/#organization\"},\"potentialAction\":[{\"@type\":\"SearchAction\",\"target\":{\"@type\":\"EntryPoint\",\"urlTemplate\":\"https:\/\/pysslingen.se\/fyren\/?s={search_term_string}\"},\"query-input\":\"required name=search_term_string\"}],\"inLanguage\":\"sv-SE\"},{\"@type\":\"Organization\",\"@id\":\"https:\/\/pysslingen.se\/fyren\/#organization\",\"name\":\"Pysslingen F\u00f6rskolor\",\"url\":\"https:\/\/pysslingen.se\/fyren\/\",\"logo\":{\"@type\":\"ImageObject\",\"inLanguage\":\"sv-SE\",\"@id\":\"https:\/\/pysslingen.se\/fyren\/#\/schema\/logo\/image\/\",\"url\":\"https:\/\/pysslingen.se\/wp-content\/uploads\/2021\/05\/pysslingen-forskolor.png\",\"contentUrl\":\"https:\/\/pysslingen.se\/wp-content\/uploads\/2021\/05\/pysslingen-forskolor.png\",\"width\":1120,\"height\":630,\"caption\":\"Pysslingen F\u00f6rskolor\"},\"image\":{\"@id\":\"https:\/\/pysslingen.se\/fyren\/#\/schema\/logo\/image\/\"}}]}<\/script>\n<!-- \/ Yoast SEO plugin. -->","yoast_head_json":{"title":"Resultat i v\u00e5rdnadshavarunders\u00f6kning p\u00e5 F\u00f6rskolan Fyren","description":"Resultatet ligger till grund f\u00f6r f\u00f6rskolans utvecklingsarbete. L\u00e4s mer om \u00e5rets resultat p\u00e5 Fyren h\u00e4r.","robots":{"index":"index","follow":"follow","max-snippet":"max-snippet:-1","max-image-preview":"max-image-preview:large","max-video-preview":"max-video-preview:-1"},"canonical":"https:\/\/pysslingen.se\/fyren\/resultat\/","og_locale":"sv_SE","og_type":"article","og_title":"Resultat i v\u00e5rdnadshavarunders\u00f6kning p\u00e5 F\u00f6rskolan Fyren","og_description":"Resultatet ligger till grund f\u00f6r f\u00f6rskolans utvecklingsarbete. L\u00e4s mer om \u00e5rets resultat p\u00e5 Fyren h\u00e4r.","og_url":"https:\/\/pysslingen.se\/fyren\/resultat\/","og_site_name":"Fyren","article_modified_time":"2026-03-11T12:29:31+00:00","twitter_card":"summary_large_image","twitter_title":"Resultat i v\u00e5rdnadshavarunders\u00f6kning p\u00e5 F\u00f6rskolan Fyren","twitter_description":"Resultatet ligger till grund f\u00f6r f\u00f6rskolans utvecklingsarbete. L\u00e4s mer om \u00e5rets resultat p\u00e5 Fyren h\u00e4r.","twitter_misc":{"Ber\u00e4knad l\u00e4stid":"1 minut"},"schema":{"@context":"https:\/\/schema.org","@graph":[{"@type":"WebPage","@id":"https:\/\/pysslingen.se\/fyren\/resultat\/","url":"https:\/\/pysslingen.se\/fyren\/resultat\/","name":"Resultat i v\u00e5rdnadshavarunders\u00f6kning p\u00e5 F\u00f6rskolan Fyren","isPartOf":{"@id":"https:\/\/pysslingen.se\/fyren\/#website"},"datePublished":"2020-09-29T09:21:48+00:00","dateModified":"2026-03-11T12:29:31+00:00","description":"Resultatet ligger till grund f\u00f6r f\u00f6rskolans utvecklingsarbete. L\u00e4s mer om \u00e5rets resultat p\u00e5 Fyren h\u00e4r.","breadcrumb":{"@id":"https:\/\/pysslingen.se\/fyren\/resultat\/#breadcrumb"},"inLanguage":"sv-SE","potentialAction":[{"@type":"ReadAction","target":["https:\/\/pysslingen.se\/fyren\/resultat\/"]}]},{"@type":"BreadcrumbList","@id":"https:\/\/pysslingen.se\/fyren\/resultat\/#breadcrumb","itemListElement":[{"@type":"ListItem","position":1,"name":"Start","item":"https:\/\/pysslingen.se\/fyren\/"},{"@type":"ListItem","position":2,"name":"Resultat"}]},{"@type":"WebSite","@id":"https:\/\/pysslingen.se\/fyren\/#website","url":"https:\/\/pysslingen.se\/fyren\/","name":"Fyren","description":"En trygg och stimulerande v\u00e4rld","publisher":{"@id":"https:\/\/pysslingen.se\/fyren\/#organization"},"potentialAction":[{"@type":"SearchAction","target":{"@type":"EntryPoint","urlTemplate":"https:\/\/pysslingen.se\/fyren\/?s={search_term_string}"},"query-input":"required name=search_term_string"}],"inLanguage":"sv-SE"},{"@type":"Organization","@id":"https:\/\/pysslingen.se\/fyren\/#organization","name":"Pysslingen F\u00f6rskolor","url":"https:\/\/pysslingen.se\/fyren\/","logo":{"@type":"ImageObject","inLanguage":"sv-SE","@id":"https:\/\/pysslingen.se\/fyren\/#\/schema\/logo\/image\/","url":"https:\/\/pysslingen.se\/wp-content\/uploads\/2021\/05\/pysslingen-forskolor.png","contentUrl":"https:\/\/pysslingen.se\/wp-content\/uploads\/2021\/05\/pysslingen-forskolor.png","width":1120,"height":630,"caption":"Pysslingen F\u00f6rskolor"},"image":{"@id":"https:\/\/pysslingen.se\/fyren\/#\/schema\/logo\/image\/"}}]}},"_links":{"self":[{"href":"https:\/\/pysslingen.se\/fyren\/wp-json\/wp\/v2\/pages\/29"}],"collection":[{"href":"https:\/\/pysslingen.se\/fyren\/wp-json\/wp\/v2\/pages"}],"about":[{"href":"https:\/\/pysslingen.se\/fyren\/wp-json\/wp\/v2\/types\/page"}],"author":[{"embeddable":true,"href":"https:\/\/pysslingen.se\/fyren\/wp-json\/wp\/v2\/users\/3"}],"replies":[{"embeddable":true,"href":"https:\/\/pysslingen.se\/fyren\/wp-json\/wp\/v2\/comments?post=29"}],"version-history":[{"count":10,"href":"https:\/\/pysslingen.se\/fyren\/wp-json\/wp\/v2\/pages\/29\/revisions"}],"predecessor-version":[{"id":2536,"href":"https:\/\/pysslingen.se\/fyren\/wp-json\/wp\/v2\/pages\/29\/revisions\/2536"}],"wp:attachment":[{"href":"https:\/\/pysslingen.se\/fyren\/wp-json\/wp\/v2\/media?parent=29"}],"curies":[{"name":"wp","href":"https:\/\/api.w.org\/{rel}","templated":true}]}}