{"id":209,"date":"2020-10-01T11:27:44","date_gmt":"2020-10-01T11:27:44","guid":{"rendered":"https:\/\/pysslingen.se\/fyren\/?page_id=209"},"modified":"2024-11-18T12:44:11","modified_gmt":"2024-11-18T11:44:11","slug":"samverkan-med-hemmet","status":"publish","type":"page","link":"https:\/\/pysslingen.se\/fyren\/samverkan-med-hemmet\/","title":{"rendered":"Samverkan med hemmet"},"content":{"rendered":"\t<div\n\t\t class=\"module_wrapper container-fluid images-module\" >\n\t\t<div class=\"row\">\n\t\t\t<div\n\t\t\t\t\tclass=\"col-12 m-0 p-0 position-relative images_module__slideshow images_module__slideshow-container module-expand \">\n\n\t\t\t\t<div class=\"images_module__slide \" data-slide=\"\"\n\t\t\t\t\t data-duration=\"\"><\/div>\n\t\t\t\t\t\t\t\t\t<div\n\t\t\t\t\t\t class=\"images_module__slides \">\n\n\n\t\t\t\t\t\t<div class=\"images__wrapper\"\n\t\t\t\t\t\t\t style=\"aspect-ratio: 1441 \/ 531;\">\n\t\t\t\t\t\t\t<img decoding=\"async\" width=\"2500\" height=\"1308\" src=\"https:\/\/pysslingen.se\/wp-content\/uploads\/sites\/120\/2020\/10\/1pysslingenannonsmateriall1200x628.png\" class=\"images__image_ratio  \" alt=\"Animerad bild p\u00e5 Pyss p\u00e5 f\u00f6rskolan.\" style=\"aspect-ratio: 1441 \/ 531;object-position: _center-center;\" srcset=\"https:\/\/pysslingen.se\/wp-content\/uploads\/sites\/120\/2020\/10\/1pysslingenannonsmateriall1200x628.png 2500w, https:\/\/pysslingen.se\/wp-content\/uploads\/sites\/120\/2020\/10\/1pysslingenannonsmateriall1200x628-300x157.png 300w, https:\/\/pysslingen.se\/wp-content\/uploads\/sites\/120\/2020\/10\/1pysslingenannonsmateriall1200x628-1024x536.png 1024w, https:\/\/pysslingen.se\/wp-content\/uploads\/sites\/120\/2020\/10\/1pysslingenannonsmateriall1200x628-768x402.png 768w, https:\/\/pysslingen.se\/wp-content\/uploads\/sites\/120\/2020\/10\/1pysslingenannonsmateriall1200x628-1536x804.png 1536w, https:\/\/pysslingen.se\/wp-content\/uploads\/sites\/120\/2020\/10\/1pysslingenannonsmateriall1200x628-2048x1072.png 2048w, https:\/\/pysslingen.se\/wp-content\/uploads\/sites\/120\/2020\/10\/1pysslingenannonsmateriall1200x628-1920x1005.png 1920w, https:\/\/pysslingen.se\/wp-content\/uploads\/sites\/120\/2020\/10\/1pysslingenannonsmateriall1200x628-1100x576.png 1100w, https:\/\/pysslingen.se\/wp-content\/uploads\/sites\/120\/2020\/10\/1pysslingenannonsmateriall1200x628-1000x523.png 1000w\" sizes=\"(max-width: 2500px) 100vw, 2500px\" \/>\t\t\t\t\t\t<\/div>\n\n\t\t\t\t\t\t\n\t\t\t\t\t\t\t\t\t\t\t<\/div>\n\t\t\t\t\n\t\t\t\t<div class=\"images_module__container_dot \">\n\t\t\t\t\t<div style=\"text-align:center\">\n\t\t\t\t\t\t\t\t\t\t\t\t\t<span   data-i=\"0\"\n\t\t\t\t\t\t\t\t  class=\"images_module__dot\n\t\t\t\t\t\t\t\t\t\t\t\t\t  \"><\/span>\n\t\t\t\t\t\t\t\t\t\t\t<\/div>\n\t\t\t\t<\/div>\n\n\t\t\t<\/div>\n\t\t<\/div>\n\t<\/div>\n\n\n\t\n\n\n<script>\n\tvar images_display_descriptive_text = \"\";\n<\/script>\n\n\n\n<div style=\"height:20px\" aria-hidden=\"true\" class=\"wp-block-spacer\"><\/div>\n\n\n\n<div style=\"height:20px\" aria-hidden=\"true\" class=\"wp-block-spacer\"><\/div>\n\n\n\n<h1 class=\"wp-block-heading\">V\u00e5r kontakt med dig som v\u00e5rdnadshavare<\/h1>\n\n\n\n<h2 class=\"wp-block-heading\">Det dagliga m\u00f6tet<\/h2>\n\n\n\n<p>M\u00f6tet \u00e4r k\u00e4rnan hos oss och v\u00e5rt viktigaste verktyg i att lyckas med v\u00e5rt uppdrag. De korta, dagliga samtalen vid l\u00e4mning och h\u00e4mtning \u00e4r d\u00e4rf\u00f6r av stor betydelse f\u00f6r oss.<\/p>\n\n\n\n<h2 class=\"wp-block-heading\">F\u00f6r\u00e4ldram\u00f6ten<\/h2>\n\n\n\n<p>Varje avdelning har egna f\u00f6r\u00e4ldram\u00f6ten en g\u00e5ng om \u00e5ret. H\u00f6stterminen b\u00f6rjar med ett m\u00f6te d\u00e4r avdelningen beskriver sin verksamhet och f\u00f6r\u00e4ldragruppen f\u00e5r m\u00f6jlighet att tr\u00e4ffa varandra.<\/p>\n\n\n\n<h2 class=\"wp-block-heading\">Utvecklingssamtal<\/h2>\n\n\n\n<p>En g\u00e5ng per termin erbjuder vi utvecklingssamtal. D\u00e5 diskuterar vi tillsammans ditt barns tid p\u00e5 f\u00f6rskolan och pratar utf\u00f6rligare om ditt barns trivsel, utveckling och l\u00e4rande. Som v\u00e5rdnadshavare \u00e4r du ocks\u00e5 v\u00e4lkommen att boka in ett enskilt samtal med oss pedagoger eller f\u00f6rskolans ledning om du \u00f6nskar det.<\/p>\n\n\n\n<h2 class=\"wp-block-heading\">F\u00f6rskoler\u00e5d<\/h2>\n\n\n\n<p>F\u00f6rskoler\u00e5d \u00e4r ett r\u00e5d som representerar f\u00f6r\u00e4ldrarna p\u00e5 f\u00f6rskolan. Det \u00e4r ett m\u00f6tesforum som \u00e4r till f\u00f6r att samla in fr\u00e5gest\u00e4llningar, id\u00e9er och tankar som f\u00f6r\u00e4ldrar har och som r\u00f6r hela Fyren. Alla v\u00e5rdnadshavare \u00e4r hj\u00e4rtligt v\u00e4lkomna p\u00e5 dessa m\u00f6ten som vanligtvis sker tv\u00e5 g\u00e5nger per termin. Ingen anm\u00e4lan beh\u00f6vs innan.&nbsp;<\/p>\n\n\n\n<p><br>Har du fr\u00e5gor om f\u00f6rskoler\u00e5det eller vill framf\u00f6ra n\u00e5got, prata med platsansvarig eller kontakta f\u00f6rskolechefen, kontaktuppgifter hittar du <a href=\"https:\/\/pysslingen.se\/fyren\/kontakt\/\">h\u00e4r<\/a>.<\/p>\n\n\n\n<p>Datum f\u00f6r f\u00f6rskoler\u00e5d finns i kalendariet. Vi har morgonm\u00f6te respektive kv\u00e4llsm\u00f6te varannan g\u00e5ng s\u00e5 att det ska passa alla som \u00e4r intresserade.<\/p>\n\n\n\n<h2 class=\"wp-block-heading\">Mitt Pysslingen<\/h2>\n\n\n\n<p>F\u00f6r att kommunicera med dig som v\u00e5rdnadshavare anv\u00e4nder vi det digitala kommunikationsverktyget Mitt Pysslingen. D\u00e4r bloggar vi om dagen p\u00e5 f\u00f6rskolan och skriver en individuell l\u00e4rlogg f\u00f6r just ditt barn. N\u00e4r ditt barn b\u00f6rjar hos oss f\u00e5r du inloggningsuppgifter till Mitt Pysslingen. I Mitt Pysslingen f\u00e5r du \u00e4ven information fr\u00e5n f\u00f6rskolans ledningsteam.<\/p>\n\n\n\n<h2 class=\"wp-block-heading\">\u00c5rlig kundunders\u00f6kning<\/h2>\n\n\n\n<p>Tv\u00e5 g\u00e5ng per \u00e5r f\u00e5r f\u00f6r\u00e4ldrar svara p\u00e5 enk\u00e4ter om f\u00f6rskolan och dess verksamhet. En enk\u00e4t kommer fr\u00e5n Stockholms kommun och en fr\u00e5n Pysslingen. <a href=\"https:\/\/pysslingen.se\/fyren\/resultat\/\">Resultatet<\/a> fr\u00e5n enk\u00e4terna analyserar vi och arbetar med under hela verksamhets\u00e5ret f\u00f6r att st\u00e4ndigt arbeta mot utveckling och h\u00f6g kvalitet p\u00e5 v\u00e5r f\u00f6rskola.<\/p>\n\n\n\n<h2 class=\"wp-block-heading\">Sommarfest<\/h2>\n\n\n\n<p>Varje \u00e5r bjuder vi in f\u00f6r\u00e4ldrar och barn till v\u00e5r traditionsenliga sommarfest. D\u00e5 bidrar alla f\u00f6r\u00e4ldrar med n\u00e5got att bjuda p\u00e5 till en gigantisk buff\u00e9.<\/p>\n\n\n\n<h2 class=\"wp-block-heading\">Drop-in Fika<\/h2>\n\n\n\n<p>N\u00e5gra g\u00e5nger per \u00e5r bjuder vi in till drop-in fika d\u00e4r v\u00e5rdnadshavare tillsammans med sina barn f\u00e5r m\u00f6jlighet att tr\u00e4ffas och barnen f\u00e5r visa upp den p\u00e5g\u00e5ende verksamheten p\u00e5 f\u00f6rskolan.<\/p>\n\n\n\n<h2 class=\"wp-block-heading\">Avslutningssamtal f\u00f6r blivande skolbarn<\/h2>\n\n\n\n<p>Inf\u00f6r skolstart bjuder vi in till ett avslutningssamtal f\u00f6r att \u00f6verg\u00e5ngen mellan f\u00f6rskola och skola ska bli s\u00e5 bra som m\u00f6jligt.<\/p>\n\n\n\n<div style=\"height:20px\" aria-hidden=\"true\" class=\"wp-block-spacer\"><\/div>\n\n\n\n\n<section  class=\"ams-cta ams-cta--stacked c-block l-stacked\">\n\t<div class=\"l-container l-stack l-stack-fluid-2xl u-pt-fluid-3xl-6xl u-pb-fluid-3xl-6xl is-center is-center@md\">\n\t\t\t\t\t<div class=\"ams-cta__intro l-stack l-stack-lg\">\n\t\t\t\t\t\n\t<h2\n\tclass=\"c-heading u-font-title-1 \"\n\tstyle=\"\">\n\t\t\n\t\t\t\t\tDu som v\u00e5rdnadshavare spelar en viktig roll vid inskolningen &#8211; vill du veta mer?\n\t\t\t\t\n\t<\/h2>\n\n\t\t\t\t\t\t\t<\/div>\n\t\t\n\t\t\n\t\t\t<div class=\"ams-cta__action u-inline-items\">\n\t\t\t\t\t\t\t\n\n\n<a href=\"https:\/\/pysslingen.se\/fyren\/inskolning\/\"\n\t\n\tclass=\"c-btn \"\n\tdata-style=\"rounded\"\n\tdata-size=\"md\"\n\tdata-width=\"full-mobile\"\n\tdata-variant=\"default\"\n\ttarget=\"_self\">\n\t\t\t<span class=\"label\"> L\u00e4s mer om inskolning<\/span>\n\t\t\t<\/a>\n\t\t\t<\/div>\n\t<\/div>\n\n\t\t\n\n<\/section>\n","protected":false},"excerpt":{"rendered":"<p>V\u00e5r kontakt med dig som v\u00e5rdnadshavare Det dagliga m\u00f6tet M\u00f6tet \u00e4r k\u00e4rnan hos oss och v\u00e5rt viktigaste verktyg i att lyckas med v\u00e5rt uppdrag. De korta, dagliga samtalen vid l\u00e4mning och h\u00e4mtning \u00e4r d\u00e4rf\u00f6r av stor betydelse f\u00f6r oss. F\u00f6r\u00e4ldram\u00f6ten Varje avdelning har egna f\u00f6r\u00e4ldram\u00f6ten en g\u00e5ng om \u00e5ret. H\u00f6stterminen b\u00f6rjar med ett m\u00f6te d\u00e4r&#8230;<\/p>\n","protected":false},"author":5,"featured_media":0,"parent":0,"menu_order":0,"comment_status":"closed","ping_status":"closed","template":"","meta":{"footnotes":""},"yoast_head":"<!-- This site is optimized with the Yoast SEO plugin v22.0 - https:\/\/yoast.com\/wordpress\/plugins\/seo\/ -->\n<title>Fyren<\/title>\n<meta name=\"description\" content=\"Genom en god och regelbunden kommunikation kan du vara med och p\u00e5verka ditt barns utveckling och l\u00e4rande p\u00e5 f\u00f6rskolan Fyren.\" \/>\n<meta name=\"robots\" content=\"index, follow, max-snippet:-1, max-image-preview:large, max-video-preview:-1\" \/>\n<link rel=\"canonical\" href=\"https:\/\/pysslingen.se\/fyren\/samverkan-med-hemmet\/\" \/>\n<meta property=\"og:locale\" content=\"sv_SE\" \/>\n<meta property=\"og:type\" content=\"article\" \/>\n<meta property=\"og:description\" content=\"Genom en god och regelbunden kommunikation kan du vara med och p\u00e5verka ditt barns utveckling och l\u00e4rande p\u00e5 f\u00f6rskolan Fyren.\" \/>\n<meta property=\"og:url\" content=\"https:\/\/pysslingen.se\/fyren\/samverkan-med-hemmet\/\" \/>\n<meta property=\"og:site_name\" content=\"Fyren\" \/>\n<meta property=\"article:modified_time\" content=\"2024-11-18T11:44:11+00:00\" \/>\n<meta name=\"twitter:card\" content=\"summary_large_image\" \/>\n<meta name=\"twitter:description\" content=\"Genom en god och regelbunden kommunikation kan du vara med och p\u00e5verka ditt barns utveckling och l\u00e4rande p\u00e5 f\u00f6rskolan Fyren.\" \/>\n<meta name=\"twitter:image\" content=\"https:\/\/pysslingen.se\/wp-content\/uploads\/sites\/120\/2020\/10\/1pysslingenannonsmateriall1200x628.png\" \/>\n<meta name=\"twitter:label1\" content=\"Ber\u00e4knad l\u00e4stid\" \/>\n\t<meta name=\"twitter:data1\" content=\"2 minuter\" \/>\n<script type=\"application\/ld+json\" class=\"yoast-schema-graph\">{\"@context\":\"https:\/\/schema.org\",\"@graph\":[{\"@type\":\"WebPage\",\"@id\":\"https:\/\/pysslingen.se\/fyren\/samverkan-med-hemmet\/\",\"url\":\"https:\/\/pysslingen.se\/fyren\/samverkan-med-hemmet\/\",\"name\":\"Samverkan med hemmet - Fyren\",\"isPartOf\":{\"@id\":\"https:\/\/pysslingen.se\/fyren\/#website\"},\"datePublished\":\"2020-10-01T11:27:44+00:00\",\"dateModified\":\"2024-11-18T11:44:11+00:00\",\"description\":\"Genom en god och regelbunden kommunikation kan du vara med och p\u00e5verka ditt barns utveckling och l\u00e4rande p\u00e5 f\u00f6rskolan Fyren.\",\"breadcrumb\":{\"@id\":\"https:\/\/pysslingen.se\/fyren\/samverkan-med-hemmet\/#breadcrumb\"},\"inLanguage\":\"sv-SE\",\"potentialAction\":[{\"@type\":\"ReadAction\",\"target\":[\"https:\/\/pysslingen.se\/fyren\/samverkan-med-hemmet\/\"]}]},{\"@type\":\"BreadcrumbList\",\"@id\":\"https:\/\/pysslingen.se\/fyren\/samverkan-med-hemmet\/#breadcrumb\",\"itemListElement\":[{\"@type\":\"ListItem\",\"position\":1,\"name\":\"Start\",\"item\":\"https:\/\/pysslingen.se\/fyren\/\"},{\"@type\":\"ListItem\",\"position\":2,\"name\":\"Samverkan med hemmet\"}]},{\"@type\":\"WebSite\",\"@id\":\"https:\/\/pysslingen.se\/fyren\/#website\",\"url\":\"https:\/\/pysslingen.se\/fyren\/\",\"name\":\"Fyren\",\"description\":\"En trygg och stimulerande v\u00e4rld\",\"publisher\":{\"@id\":\"https:\/\/pysslingen.se\/fyren\/#organization\"},\"potentialAction\":[{\"@type\":\"SearchAction\",\"target\":{\"@type\":\"EntryPoint\",\"urlTemplate\":\"https:\/\/pysslingen.se\/fyren\/?s={search_term_string}\"},\"query-input\":\"required name=search_term_string\"}],\"inLanguage\":\"sv-SE\"},{\"@type\":\"Organization\",\"@id\":\"https:\/\/pysslingen.se\/fyren\/#organization\",\"name\":\"Pysslingen F\u00f6rskolor\",\"url\":\"https:\/\/pysslingen.se\/fyren\/\",\"logo\":{\"@type\":\"ImageObject\",\"inLanguage\":\"sv-SE\",\"@id\":\"https:\/\/pysslingen.se\/fyren\/#\/schema\/logo\/image\/\",\"url\":\"https:\/\/pysslingen.se\/wp-content\/uploads\/2021\/05\/pysslingen-forskolor.png\",\"contentUrl\":\"https:\/\/pysslingen.se\/wp-content\/uploads\/2021\/05\/pysslingen-forskolor.png\",\"width\":1120,\"height\":630,\"caption\":\"Pysslingen F\u00f6rskolor\"},\"image\":{\"@id\":\"https:\/\/pysslingen.se\/fyren\/#\/schema\/logo\/image\/\"}}]}<\/script>\n<!-- \/ Yoast SEO plugin. -->","yoast_head_json":{"title":"Fyren","description":"Genom en god och regelbunden kommunikation kan du vara med och p\u00e5verka ditt barns utveckling och l\u00e4rande p\u00e5 f\u00f6rskolan Fyren.","robots":{"index":"index","follow":"follow","max-snippet":"max-snippet:-1","max-image-preview":"max-image-preview:large","max-video-preview":"max-video-preview:-1"},"canonical":"https:\/\/pysslingen.se\/fyren\/samverkan-med-hemmet\/","og_locale":"sv_SE","og_type":"article","og_description":"Genom en god och regelbunden kommunikation kan du vara med och p\u00e5verka ditt barns utveckling och l\u00e4rande p\u00e5 f\u00f6rskolan Fyren.","og_url":"https:\/\/pysslingen.se\/fyren\/samverkan-med-hemmet\/","og_site_name":"Fyren","article_modified_time":"2024-11-18T11:44:11+00:00","twitter_card":"summary_large_image","twitter_description":"Genom en god och regelbunden kommunikation kan du vara med och p\u00e5verka ditt barns utveckling och l\u00e4rande p\u00e5 f\u00f6rskolan Fyren.","twitter_image":"https:\/\/pysslingen.se\/wp-content\/uploads\/sites\/120\/2020\/10\/1pysslingenannonsmateriall1200x628.png","twitter_misc":{"Ber\u00e4knad l\u00e4stid":"2 minuter"},"schema":{"@context":"https:\/\/schema.org","@graph":[{"@type":"WebPage","@id":"https:\/\/pysslingen.se\/fyren\/samverkan-med-hemmet\/","url":"https:\/\/pysslingen.se\/fyren\/samverkan-med-hemmet\/","name":"Samverkan med hemmet - Fyren","isPartOf":{"@id":"https:\/\/pysslingen.se\/fyren\/#website"},"datePublished":"2020-10-01T11:27:44+00:00","dateModified":"2024-11-18T11:44:11+00:00","description":"Genom en god och regelbunden kommunikation kan du vara med och p\u00e5verka ditt barns utveckling och l\u00e4rande p\u00e5 f\u00f6rskolan Fyren.","breadcrumb":{"@id":"https:\/\/pysslingen.se\/fyren\/samverkan-med-hemmet\/#breadcrumb"},"inLanguage":"sv-SE","potentialAction":[{"@type":"ReadAction","target":["https:\/\/pysslingen.se\/fyren\/samverkan-med-hemmet\/"]}]},{"@type":"BreadcrumbList","@id":"https:\/\/pysslingen.se\/fyren\/samverkan-med-hemmet\/#breadcrumb","itemListElement":[{"@type":"ListItem","position":1,"name":"Start","item":"https:\/\/pysslingen.se\/fyren\/"},{"@type":"ListItem","position":2,"name":"Samverkan med hemmet"}]},{"@type":"WebSite","@id":"https:\/\/pysslingen.se\/fyren\/#website","url":"https:\/\/pysslingen.se\/fyren\/","name":"Fyren","description":"En trygg och stimulerande v\u00e4rld","publisher":{"@id":"https:\/\/pysslingen.se\/fyren\/#organization"},"potentialAction":[{"@type":"SearchAction","target":{"@type":"EntryPoint","urlTemplate":"https:\/\/pysslingen.se\/fyren\/?s={search_term_string}"},"query-input":"required name=search_term_string"}],"inLanguage":"sv-SE"},{"@type":"Organization","@id":"https:\/\/pysslingen.se\/fyren\/#organization","name":"Pysslingen F\u00f6rskolor","url":"https:\/\/pysslingen.se\/fyren\/","logo":{"@type":"ImageObject","inLanguage":"sv-SE","@id":"https:\/\/pysslingen.se\/fyren\/#\/schema\/logo\/image\/","url":"https:\/\/pysslingen.se\/wp-content\/uploads\/2021\/05\/pysslingen-forskolor.png","contentUrl":"https:\/\/pysslingen.se\/wp-content\/uploads\/2021\/05\/pysslingen-forskolor.png","width":1120,"height":630,"caption":"Pysslingen F\u00f6rskolor"},"image":{"@id":"https:\/\/pysslingen.se\/fyren\/#\/schema\/logo\/image\/"}}]}},"_links":{"self":[{"href":"https:\/\/pysslingen.se\/fyren\/wp-json\/wp\/v2\/pages\/209"}],"collection":[{"href":"https:\/\/pysslingen.se\/fyren\/wp-json\/wp\/v2\/pages"}],"about":[{"href":"https:\/\/pysslingen.se\/fyren\/wp-json\/wp\/v2\/types\/page"}],"author":[{"embeddable":true,"href":"https:\/\/pysslingen.se\/fyren\/wp-json\/wp\/v2\/users\/5"}],"replies":[{"embeddable":true,"href":"https:\/\/pysslingen.se\/fyren\/wp-json\/wp\/v2\/comments?post=209"}],"version-history":[{"count":10,"href":"https:\/\/pysslingen.se\/fyren\/wp-json\/wp\/v2\/pages\/209\/revisions"}],"predecessor-version":[{"id":2140,"href":"https:\/\/pysslingen.se\/fyren\/wp-json\/wp\/v2\/pages\/209\/revisions\/2140"}],"wp:attachment":[{"href":"https:\/\/pysslingen.se\/fyren\/wp-json\/wp\/v2\/media?parent=209"}],"curies":[{"name":"wp","href":"https:\/\/api.w.org\/{rel}","templated":true}]}}