{"id":20,"date":"2020-09-29T09:19:21","date_gmt":"2020-09-29T09:19:21","guid":{"rendered":"https:\/\/pysslingen.se\/fyren\/?page_id=20"},"modified":"2026-03-20T14:16:33","modified_gmt":"2026-03-20T13:16:33","slug":"maten","status":"publish","type":"page","link":"https:\/\/pysslingen.se\/fyren\/maten\/","title":{"rendered":"V\u00e5r mat"},"content":{"rendered":"\n\t\n\t\n\t\n\n\t\n\t\n\t\t\n<section  class=\"c-block l-stacked  \" data-color-scheme=\"nyans2_av_cta-dark-card-primar1-light-hover-standard_standard\">\n\t<div class=\"ams-fifty ams-fifty--container ams-fifty--right ams-fifty--bottom l-container u-pt-fluid-3xl-6xl u-pb-fluid-3xl-6xl\">\n\t\t<div class=\"ams-fifty__content l-stack l-stack-xl is-left is-left@lg\">\n\t\t\t<div class=\"ams-fifty__text l-stack l-stack-lg\">\n\t\t\t\t\t\n\t<h1\n\tclass=\"c-heading u-font-title-1 \"\n\tstyle=\"\">\n\t\t\n\t\t\t\t\tP\u00e5 Fyren serverar vi mat f\u00f6r aktiva barn\n\t\t\t\t\n\t<\/h1>\n\n\t\t\t\t\t\t\t\t\t<div class=\"text l-stack u-font-body\">\n\t\t\t\t\t\t<p>Maten \u00e4r en viktig del f\u00f6r oss p\u00e5 Fyrens f\u00f6rskola. Dels ska ditt barn f\u00e5 energi att leka och utvecklas varje dag, men mat \u00e4r mer \u00e4n s\u00e5. M\u00f6t v\u00e5r inspirerande kock Bj\u00f6rn som jobbar i f\u00f6rskolans eget k\u00f6k och lagar h\u00e4lsosamma, klimatsmarta och inte minst goda m\u00e5ltider fr\u00e5n grunden.<\/p>\n<p>Vad s\u00e4gs om vattenmelonpizza, ramsl\u00f6kbakad torsk med bl\u00e5musslor och v\u00e4sterbottenstomp eller varf\u00f6r inte Fyrens egen fruktgranola? H\u00e4r ber\u00e4ttar Bj\u00f6rn om hur han arbetar f\u00f6r att ge barnen ett lustfyllt m\u00f6te med maten, om h\u00e5llbara m\u00e5ltider och om vad som ger honom arbetsgl\u00e4dje.<\/p>\n\n\t\t\t\t\t<\/div>\n\t\t\t\t\t\t\t<\/div>\n\n\t\t\t\t\t<\/div>\n\n\t\t <div class=\"ams-fifty__media u-ratio-landscape\">\n\t\t \t\t\t\t\t<img decoding=\"async\" width=\"600\" height=\"400\" src=\"https:\/\/pysslingen.se\/wp-content\/uploads\/sites\/120\/2021\/09\/fv4a8503.jpg\" class=\"attachment-md size-md\" alt=\"Barn \u00e4ter pizzabullar i k\u00f6ket, Pyss och Ling syns p\u00e5 en hylla.\" sizes=\"(min-width: 64em) 600px, calc(100vw - 160px)\" srcset=\"https:\/\/pysslingen.se\/wp-content\/uploads\/sites\/120\/2021\/09\/fv4a8503.jpg 1500w, https:\/\/pysslingen.se\/wp-content\/uploads\/sites\/120\/2021\/09\/fv4a8503-300x200.jpg 300w, https:\/\/pysslingen.se\/wp-content\/uploads\/sites\/120\/2021\/09\/fv4a8503-1024x683.jpg 1024w, https:\/\/pysslingen.se\/wp-content\/uploads\/sites\/120\/2021\/09\/fv4a8503-768x512.jpg 768w, https:\/\/pysslingen.se\/wp-content\/uploads\/sites\/120\/2021\/09\/fv4a8503-500x333.jpg 500w, https:\/\/pysslingen.se\/wp-content\/uploads\/sites\/120\/2021\/09\/fv4a8503-340x227.jpg 340w, https:\/\/pysslingen.se\/wp-content\/uploads\/sites\/120\/2021\/09\/fv4a8503-1100x733.jpg 1100w, https:\/\/pysslingen.se\/wp-content\/uploads\/sites\/120\/2021\/09\/fv4a8503-1000x667.jpg 1000w\" \/>\n\t\t\t\n\t\t\t\n\t\t\t\t\t<\/div>\n\t<\/div>\n\n\t\t\n\n<\/section>\n\n\n\n<h2 class=\"wp-block-heading\">Kocken Bj\u00f6rn p\u00e5 f\u00f6rskolan Fyren ber\u00e4ttar om sitt arbete<\/h2>\n\n\n\n<p><strong>Hej Bj\u00f6rn!<\/strong> <strong>Ber\u00e4tta om ditt arbete med den pedagogiska verksamheten kopplat till k\u00f6ket<\/strong>.<\/p>\n\n\n\n<p>&#8211; Jag \u00e4ter tillsammans med barnen en g\u00e5ng i veckan, som en del i den pedagogiska m\u00e5ltiden. Det ger mig en f\u00f6rst\u00e5else f\u00f6r hur barnen upplever maten och vi kan prata om det som serveras. Det \u00e4r j\u00e4tteroligt!<\/p>\n\n\n\n<p>&#8211; Tidigare har jag jobbat i restaurangk\u00f6k, d\u00e5 har jag ju aldrig \u00e4tit ihop med g\u00e4sterna. Det f\u00e5r jag g\u00f6ra nu och det \u00e4r fantastiskt! Barnen tycker ocks\u00e5 att det \u00e4r kul och jag f\u00e5r m\u00f6jlighet att f\u00e5 direkt feedback fr\u00e5n barnen.<\/p>\n\n\n\n<h2 class=\"wp-block-heading\">P\u00e5 f\u00f6rskolan Fyren \u00e4r barnen nyfikna p\u00e5 maten<\/h2>\n\n\n\n<p>Bj\u00f6rn ber\u00e4ttar att barnen \u00e4r v\u00e4ldigt intresserade och nyfikna p\u00e5 maten och k\u00f6ket och han p\u00e5 sikt planerar att bjuda in barnen i k\u00f6ket. Kanske kan de laga mat tillsammans och uppt\u00e4cka hur man f\u00f6rvandlar en r\u00e5vara till en matr\u00e4tt.<\/p>\n\n\n\n<p>&#8211; Utanf\u00f6r f\u00f6nstret har vi odlingsl\u00e5dor som jag ser fram emot att s\u00e5 i med barnen f\u00f6r att sedan kunna anv\u00e4nda det vi odlar i maten. P\u00e5 s\u00e5 s\u00e4tt kan vi l\u00e4ra barnen att f\u00f6rst\u00e5 hela kedjan fr\u00e5n jord till bord.<\/p>\n\n\n\n<p><strong>Fyrens f\u00f6rskola har h\u00e5llbarhet som inriktning. Vad kan du l\u00e4ra barnen om h\u00e5llbarhet utifr\u00e5n din roll som kock?<br><\/strong>&#8211; Jag kan f\u00f6rklara f\u00f6r barnen hur vi anv\u00e4nder hela r\u00e5varan och hur vi kan \u00e5teranv\u00e4nda en r\u00e5vara vi tillagat en dag och g\u00f6ra n\u00e5got annat av den n\u00e4sta dag &#8211; i ett br\u00f6d vi bakar sj\u00e4lva exempelvis.<\/p>\n\n\n\n<p>&#8211; Det \u00e4r viktigt att barnen f\u00e5r en f\u00f6rst\u00e5else f\u00f6r att vi jobbar med att minimera matsvinn och att de l\u00e4r sig \u00e4ta upp den mat de tar. Att minimera svinn \u00e4r viktigt b\u00e5de ur ett klimatperspektiv men \u00e4ven f\u00f6r ekonomin. Jag brukar till exempel anv\u00e4nda frukt eller gr\u00f6nsaker som blivit \u00f6ver i en soppa eller en smoothie.<\/p>\n\n\n\n<p><strong>Vad ger dig arbetsgl\u00e4dje?<br><\/strong>&#8211; Jag blir glad n\u00e4r jag ser ett barn som till en b\u00f6rjan inte vill ha maten men \u00e4nd\u00e5 v\u00e5gar smaka, om det s\u00e5 bara \u00e4r en m\u00e4ngd stor som ett knappn\u00e5lshuvud. Det sv\u00e4nger snabbt, n\u00e4r de v\u00e4l har v\u00e5gat prova kan de vilja ha samma sak igen och tycka att det \u00e4r j\u00e4ttegott, d\u00e5 blir jag v\u00e4ldigt glad!<br><br>&#8211; F\u00f6r mig \u00e4r det ett s\u00e4tt att introducera nya smaker och r\u00e5varor eller texturer. Att se ett barn v\u00e5ga prova och tycka om n\u00e5got jag serverar, d\u00e5 \u00e4r det en bra dag!<\/p>\n\n\n\n<h2 class=\"wp-block-heading\">Uppmuntra barnet att smaka<\/h2>\n\n\n\n<p>Bj\u00f6rns tips till f\u00f6r\u00e4ldrar vars barn \u00e4r tveksamma till nya smaker och matr\u00e4tter \u00e4r att inte ge upp, utan forts\u00e4tta uppmuntra barnet att provsmaka.<\/p>\n\n\n\n<p>&#8211; Barn kan vara skeptiska n\u00e4r det kommer till n\u00e5got nytt, det ligger i deras natur. Det \u00e4r j\u00e4tteviktigt att ge barn tid att bekanta sig med en ny r\u00e5vara. Ibland kan man beh\u00f6va servera samma sak flera g\u00e5nger innan de v\u00e5gar smaka. N\u00e4r de v\u00e4l har v\u00e5gat kan de g\u00e5 all in och barnet kanske har f\u00e5tt en ny favorit.<\/p>\n\n\n\n<p><strong>Till sist, vad \u00e4ter du helst sj\u00e4lv?<\/strong><br>&#8211; Husmanskost som st\u00e5r h\u00f6gt upp p\u00e5 listan. En favorit \u00e4r raggmunkar!<\/p>\n\n\n\n<h3 class=\"wp-block-heading\">Fyren &#8211; fakta<\/h3>\n\n\n\n<ul>\n<li>Fyrens f\u00f6rskola har som m\u00e5l att vara ett KRAV-certifierat k\u00f6k, vilket inneb\u00e4r att minst 25% av det totala ink\u00f6psv\u00e4rdet ska best\u00e5 av KRAV-m\u00e4rkta varor.<\/li>\n<\/ul>\n\n\n\n<ul>\n<li>F\u00f6lj Fyren p\u00e5 Instagram f\u00f6r att ta del av k\u00f6kets kreationer (och annat som sker hos oss p\u00e5 dagarna) <a href=\"https:\/\/www.instagram.com\/pysslingenfyren\/\" target=\"_blank\" rel=\"noreferrer noopener\">instagram.com\/pysslingenfyren\/<\/a><\/li>\n<\/ul>\n\n\n\n\t<div\n\t\tclass=\"module_wrapper video_module__bg container-fluid video_module \t\t pt-5 pb-5\n\t\t\t\t\"\n\t\t\t>\n\t\t<div class=\"container\">\n\t\t\t\t\t\t\t<div class=\"row\">\n\t\t\t\t\t<div class=\"col-12 col-md-8 offset-md-2 cmb-30 text_align--Center\">\n\t\t\t\t\t\t\t\t\t\t\t\t\t<h2 class=\"site__heading-size-2  site__text-color  \">\n\t\t\t\t\t\t\t\tL\u00e4r k\u00e4nna kocken Bj\u00f6rn\t\t\t\t\t\t\t<\/h2>\n\t\t\t\t\t\t\t\t\t\t\t<\/div>\n\t\t\t\t<\/div>\n\t\t\t\n\t\t\t\n\t\t\t\t\t\t\t<div class=\"row\">\n\t\t\t\t\t<div class=\"col-md-12\">\n\t\t\t\t\t\t<div class=\"video_module__wrapper 1  \">\n\t\t\t\t\t\t\t<div class=\"embed-responsive embed-responsive-16by9\">\n\t\t\t\t\t\t\t\t<iframe title=\"YouTube video player\" style=\"border-width:0px;\" class=\"embed-responsive-item\"  src=\"https:\/\/www.youtube.com\/embed\/wcm8l7K59g0\" allow=\"accelerometer; autoplay; encrypted-media; gyroscope; picture-in-picture \" allowfullscreen><\/iframe>\t\t\t\t\t\t\t<\/div>\n\t\t\t\t\t\t<\/div>\n\t\t\t\t\t<\/div>\n\t\t\t\t<\/div>\n\t\t\t\t\t\t\t\t<\/div>\n\t<\/div>\n\n\n\n\n\n<div style=\"height:20px\" aria-hidden=\"true\" class=\"wp-block-spacer\"><\/div>\n\n\n\n\n<section  class=\"ams-cta ams-cta--stacked c-block l-stacked\">\n\t<div class=\"l-container l-stack l-stack-fluid-2xl u-pt-fluid-3xl-6xl u-pb-fluid-3xl-6xl is-center is-center@md\">\n\t\t\t\t\t<div class=\"ams-cta__intro l-stack l-stack-lg\">\n\t\t\t\t\t\n\t<h2\n\tclass=\"c-heading u-font-title-1 \"\n\tstyle=\"\">\n\t\t\n\t\t\t\t\tPysslingen Fyren arbetar aktivt med att skapa h\u00e5llbara m\u00e5ltider\n\t\t\t\t\n\t<\/h2>\n\n\t\t\t\t\t\t\t<\/div>\n\t\t\n\t\t\n\t\t\t<div class=\"ams-cta__action u-inline-items\">\n\t\t\t\t\t\t\t\n\n\n<a href=\"https:\/\/pysslingen.se\/fyren\/hallbarhet\/\"\n\t\n\tclass=\"c-btn \"\n\tdata-style=\"rounded\"\n\tdata-size=\"md\"\n\tdata-width=\"full-mobile\"\n\tdata-variant=\"default\"\n\ttarget=\"_self\">\n\t\t\t<span class=\"label\"> L\u00e4s mer om h\u00e5llbarhet<\/span>\n\t\t\t<\/a>\n\t\t\t<\/div>\n\t<\/div>\n\n\t\t\n\n<\/section>\n","protected":false},"excerpt":{"rendered":"<p>Kocken Bj\u00f6rn p\u00e5 f\u00f6rskolan Fyren ber\u00e4ttar om sitt arbete Hej Bj\u00f6rn! Ber\u00e4tta om ditt arbete med den pedagogiska verksamheten kopplat till k\u00f6ket. &#8211; Jag \u00e4ter tillsammans med barnen en g\u00e5ng i veckan, som en del i den pedagogiska m\u00e5ltiden. Det ger mig en f\u00f6rst\u00e5else f\u00f6r hur barnen upplever maten och vi kan prata om det&#8230;<\/p>\n","protected":false},"author":3,"featured_media":0,"parent":0,"menu_order":0,"comment_status":"closed","ping_status":"closed","template":"","meta":{"footnotes":""},"yoast_head":"<!-- This site is optimized with the Yoast SEO plugin v22.0 - https:\/\/yoast.com\/wordpress\/plugins\/seo\/ -->\n<title>P\u00e5 Fyren serverar vi mat f\u00f6r aktiva barn<\/title>\n<meta name=\"description\" content=\"Maten p\u00e5 Fyren lagas av v\u00e5r kock som arbetar f\u00f6r att ditt barn ska erbjudas h\u00e4lsosamma, klimatsmarta, v\u00e4llagade och framf\u00f6rallt goda m\u00e5ltider.\" \/>\n<meta name=\"robots\" content=\"index, follow, max-snippet:-1, max-image-preview:large, max-video-preview:-1\" \/>\n<link rel=\"canonical\" href=\"https:\/\/pysslingen.se\/fyren\/maten\/\" \/>\n<meta property=\"og:locale\" content=\"sv_SE\" \/>\n<meta property=\"og:type\" content=\"article\" \/>\n<meta property=\"og:title\" content=\"P\u00e5 Fyren serverar vi mat f\u00f6r aktiva barn\" \/>\n<meta property=\"og:description\" content=\"Maten p\u00e5 Fyren lagas av v\u00e5r kock som arbetar f\u00f6r att ditt barn ska erbjudas h\u00e4lsosamma, klimatsmarta, v\u00e4llagade och framf\u00f6rallt goda m\u00e5ltider.\" \/>\n<meta property=\"og:url\" content=\"https:\/\/pysslingen.se\/fyren\/maten\/\" \/>\n<meta property=\"og:site_name\" content=\"Fyren\" \/>\n<meta property=\"article:modified_time\" content=\"2026-03-20T13:16:33+00:00\" \/>\n<meta name=\"twitter:card\" content=\"summary_large_image\" \/>\n<meta name=\"twitter:title\" content=\"P\u00e5 Fyren serverar vi mat f\u00f6r aktiva barn\" \/>\n<meta name=\"twitter:description\" content=\"Maten p\u00e5 Fyren lagas av v\u00e5r kock som arbetar f\u00f6r att ditt barn ska erbjudas h\u00e4lsosamma, klimatsmarta, v\u00e4llagade och framf\u00f6rallt goda m\u00e5ltider.\" \/>\n<meta name=\"twitter:label1\" content=\"Ber\u00e4knad l\u00e4stid\" \/>\n\t<meta name=\"twitter:data1\" content=\"3 minuter\" \/>\n<script type=\"application\/ld+json\" class=\"yoast-schema-graph\">{\"@context\":\"https:\/\/schema.org\",\"@graph\":[{\"@type\":\"WebPage\",\"@id\":\"https:\/\/pysslingen.se\/fyren\/maten\/\",\"url\":\"https:\/\/pysslingen.se\/fyren\/maten\/\",\"name\":\"P\u00e5 Fyren serverar vi mat f\u00f6r aktiva barn\",\"isPartOf\":{\"@id\":\"https:\/\/pysslingen.se\/fyren\/#website\"},\"datePublished\":\"2020-09-29T09:19:21+00:00\",\"dateModified\":\"2026-03-20T13:16:33+00:00\",\"description\":\"Maten p\u00e5 Fyren lagas av v\u00e5r kock som arbetar f\u00f6r att ditt barn ska erbjudas h\u00e4lsosamma, klimatsmarta, v\u00e4llagade och framf\u00f6rallt goda m\u00e5ltider.\",\"breadcrumb\":{\"@id\":\"https:\/\/pysslingen.se\/fyren\/maten\/#breadcrumb\"},\"inLanguage\":\"sv-SE\",\"potentialAction\":[{\"@type\":\"ReadAction\",\"target\":[\"https:\/\/pysslingen.se\/fyren\/maten\/\"]}]},{\"@type\":\"BreadcrumbList\",\"@id\":\"https:\/\/pysslingen.se\/fyren\/maten\/#breadcrumb\",\"itemListElement\":[{\"@type\":\"ListItem\",\"position\":1,\"name\":\"Start\",\"item\":\"https:\/\/pysslingen.se\/fyren\/\"},{\"@type\":\"ListItem\",\"position\":2,\"name\":\"V\u00e5r mat\"}]},{\"@type\":\"WebSite\",\"@id\":\"https:\/\/pysslingen.se\/fyren\/#website\",\"url\":\"https:\/\/pysslingen.se\/fyren\/\",\"name\":\"Fyren\",\"description\":\"En trygg och stimulerande v\u00e4rld\",\"publisher\":{\"@id\":\"https:\/\/pysslingen.se\/fyren\/#organization\"},\"potentialAction\":[{\"@type\":\"SearchAction\",\"target\":{\"@type\":\"EntryPoint\",\"urlTemplate\":\"https:\/\/pysslingen.se\/fyren\/?s={search_term_string}\"},\"query-input\":\"required name=search_term_string\"}],\"inLanguage\":\"sv-SE\"},{\"@type\":\"Organization\",\"@id\":\"https:\/\/pysslingen.se\/fyren\/#organization\",\"name\":\"Pysslingen F\u00f6rskolor\",\"url\":\"https:\/\/pysslingen.se\/fyren\/\",\"logo\":{\"@type\":\"ImageObject\",\"inLanguage\":\"sv-SE\",\"@id\":\"https:\/\/pysslingen.se\/fyren\/#\/schema\/logo\/image\/\",\"url\":\"https:\/\/pysslingen.se\/wp-content\/uploads\/2021\/05\/pysslingen-forskolor.png\",\"contentUrl\":\"https:\/\/pysslingen.se\/wp-content\/uploads\/2021\/05\/pysslingen-forskolor.png\",\"width\":1120,\"height\":630,\"caption\":\"Pysslingen F\u00f6rskolor\"},\"image\":{\"@id\":\"https:\/\/pysslingen.se\/fyren\/#\/schema\/logo\/image\/\"}}]}<\/script>\n<!-- \/ Yoast SEO plugin. -->","yoast_head_json":{"title":"P\u00e5 Fyren serverar vi mat f\u00f6r aktiva barn","description":"Maten p\u00e5 Fyren lagas av v\u00e5r kock som arbetar f\u00f6r att ditt barn ska erbjudas h\u00e4lsosamma, klimatsmarta, v\u00e4llagade och framf\u00f6rallt goda m\u00e5ltider.","robots":{"index":"index","follow":"follow","max-snippet":"max-snippet:-1","max-image-preview":"max-image-preview:large","max-video-preview":"max-video-preview:-1"},"canonical":"https:\/\/pysslingen.se\/fyren\/maten\/","og_locale":"sv_SE","og_type":"article","og_title":"P\u00e5 Fyren serverar vi mat f\u00f6r aktiva barn","og_description":"Maten p\u00e5 Fyren lagas av v\u00e5r kock som arbetar f\u00f6r att ditt barn ska erbjudas h\u00e4lsosamma, klimatsmarta, v\u00e4llagade och framf\u00f6rallt goda m\u00e5ltider.","og_url":"https:\/\/pysslingen.se\/fyren\/maten\/","og_site_name":"Fyren","article_modified_time":"2026-03-20T13:16:33+00:00","twitter_card":"summary_large_image","twitter_title":"P\u00e5 Fyren serverar vi mat f\u00f6r aktiva barn","twitter_description":"Maten p\u00e5 Fyren lagas av v\u00e5r kock som arbetar f\u00f6r att ditt barn ska erbjudas h\u00e4lsosamma, klimatsmarta, v\u00e4llagade och framf\u00f6rallt goda m\u00e5ltider.","twitter_misc":{"Ber\u00e4knad l\u00e4stid":"3 minuter"},"schema":{"@context":"https:\/\/schema.org","@graph":[{"@type":"WebPage","@id":"https:\/\/pysslingen.se\/fyren\/maten\/","url":"https:\/\/pysslingen.se\/fyren\/maten\/","name":"P\u00e5 Fyren serverar vi mat f\u00f6r aktiva barn","isPartOf":{"@id":"https:\/\/pysslingen.se\/fyren\/#website"},"datePublished":"2020-09-29T09:19:21+00:00","dateModified":"2026-03-20T13:16:33+00:00","description":"Maten p\u00e5 Fyren lagas av v\u00e5r kock som arbetar f\u00f6r att ditt barn ska erbjudas h\u00e4lsosamma, klimatsmarta, v\u00e4llagade och framf\u00f6rallt goda m\u00e5ltider.","breadcrumb":{"@id":"https:\/\/pysslingen.se\/fyren\/maten\/#breadcrumb"},"inLanguage":"sv-SE","potentialAction":[{"@type":"ReadAction","target":["https:\/\/pysslingen.se\/fyren\/maten\/"]}]},{"@type":"BreadcrumbList","@id":"https:\/\/pysslingen.se\/fyren\/maten\/#breadcrumb","itemListElement":[{"@type":"ListItem","position":1,"name":"Start","item":"https:\/\/pysslingen.se\/fyren\/"},{"@type":"ListItem","position":2,"name":"V\u00e5r mat"}]},{"@type":"WebSite","@id":"https:\/\/pysslingen.se\/fyren\/#website","url":"https:\/\/pysslingen.se\/fyren\/","name":"Fyren","description":"En trygg och stimulerande v\u00e4rld","publisher":{"@id":"https:\/\/pysslingen.se\/fyren\/#organization"},"potentialAction":[{"@type":"SearchAction","target":{"@type":"EntryPoint","urlTemplate":"https:\/\/pysslingen.se\/fyren\/?s={search_term_string}"},"query-input":"required name=search_term_string"}],"inLanguage":"sv-SE"},{"@type":"Organization","@id":"https:\/\/pysslingen.se\/fyren\/#organization","name":"Pysslingen F\u00f6rskolor","url":"https:\/\/pysslingen.se\/fyren\/","logo":{"@type":"ImageObject","inLanguage":"sv-SE","@id":"https:\/\/pysslingen.se\/fyren\/#\/schema\/logo\/image\/","url":"https:\/\/pysslingen.se\/wp-content\/uploads\/2021\/05\/pysslingen-forskolor.png","contentUrl":"https:\/\/pysslingen.se\/wp-content\/uploads\/2021\/05\/pysslingen-forskolor.png","width":1120,"height":630,"caption":"Pysslingen F\u00f6rskolor"},"image":{"@id":"https:\/\/pysslingen.se\/fyren\/#\/schema\/logo\/image\/"}}]}},"_links":{"self":[{"href":"https:\/\/pysslingen.se\/fyren\/wp-json\/wp\/v2\/pages\/20"}],"collection":[{"href":"https:\/\/pysslingen.se\/fyren\/wp-json\/wp\/v2\/pages"}],"about":[{"href":"https:\/\/pysslingen.se\/fyren\/wp-json\/wp\/v2\/types\/page"}],"author":[{"embeddable":true,"href":"https:\/\/pysslingen.se\/fyren\/wp-json\/wp\/v2\/users\/3"}],"replies":[{"embeddable":true,"href":"https:\/\/pysslingen.se\/fyren\/wp-json\/wp\/v2\/comments?post=20"}],"version-history":[{"count":10,"href":"https:\/\/pysslingen.se\/fyren\/wp-json\/wp\/v2\/pages\/20\/revisions"}],"predecessor-version":[{"id":2550,"href":"https:\/\/pysslingen.se\/fyren\/wp-json\/wp\/v2\/pages\/20\/revisions\/2550"}],"wp:attachment":[{"href":"https:\/\/pysslingen.se\/fyren\/wp-json\/wp\/v2\/media?parent=20"}],"curies":[{"name":"wp","href":"https:\/\/api.w.org\/{rel}","templated":true}]}}