{"id":1900,"date":"2023-09-04T13:00:20","date_gmt":"2023-09-04T13:00:20","guid":{"rendered":"https:\/\/pysslingen.se\/fyren\/?page_id=1900"},"modified":"2026-03-19T14:07:35","modified_gmt":"2026-03-19T13:07:35","slug":"besok-oss","status":"publish","type":"page","link":"https:\/\/pysslingen.se\/fyren\/besok-oss\/","title":{"rendered":"Bes\u00f6k oss"},"content":{"rendered":"\n\t\n\t\n\t\n\n\t\n\t\n\t\t\n<section  class=\"c-block l-stacked  \" data-color-scheme=\"\">\n\t<div class=\"ams-fifty ams-fifty--container ams-fifty--right ams-fifty--bottom l-container u-pt-fluid-3xl-6xl u-pb-fluid-md-xl\">\n\t\t<div class=\"ams-fifty__content l-stack l-stack-xl is-left is-left@lg\">\n\t\t\t<div class=\"ams-fifty__text l-stack l-stack-lg\">\n\t\t\t\t\t\n\t<h1\n\tclass=\"c-heading u-font-title-1 \"\n\tstyle=\"\">\n\t\t\n\t\t\t\t\tBes\u00f6k oss p\u00e5 Fyrens f\u00f6rskola\n\t\t\t\t\n\t<\/h1>\n\n\t\t\t\t\t\t\t\t\t<div class=\"text l-stack u-font-body\">\n\t\t\t\t\t\t<p>V\u00e4lkommen att kontakta oss om du \u00e4r intresserad av f\u00f6rskolan eller vill komma p\u00e5 bes\u00f6k. Under visningen f\u00e5r du m\u00f6jlighet att se v\u00e5ra lokaler, samtala med n\u00e5gon\/n\u00e5gra av pedagogerna och h\u00f6ra mer om v\u00e5r utbildning.<\/p>\n<p>F\u00f6r dig som \u00e4r f\u00f6r\u00e4ldraledig och hemma med barn erbjuder vi\u00a0<strong>MiniPyss<\/strong>\u00a0med roliga aktiviteter varje vecka, se l\u00e4ngre ner.<\/p>\n\n\t\t\t\t\t<\/div>\n\t\t\t\t\t\t\t<\/div>\n\n\t\t\t\t<div class=\"ams-fifty__action u-inline-items\">\n\t\t\t\t\t\t\t\n\n\n<a href=\"https:\/\/pysslingen.se\/fyren\/besok-oss\/#kontakt\"\n\t\n\tclass=\"c-btn \"\n\tdata-style=\"rounded\"\n\tdata-size=\"md\"\n\tdata-width=\"full-mobile\"\n\tdata-variant=\"default\"\n\ttarget=\"_self\">\n\t\t\t<span class=\"label\"> Boka visning<\/span>\n\t\t\t<\/a>\n\t\t\t\t\t\t\t\n\n\n<a href=\"https:\/\/pysslingen.se\/fyren\/besok-oss\/#minipyss\"\n\t\n\tclass=\"c-btn \"\n\tdata-style=\"rounded\"\n\tdata-size=\"md\"\n\tdata-width=\"full-mobile\"\n\tdata-variant=\"outline\"\n\ttarget=\"_self\">\n\t\t\t<span class=\"label\"> Bes\u00f6k MiniPyss<\/span>\n\t\t\t<\/a>\n\t\t\t<\/div>\n\t\t<\/div>\n\n\t\t <div class=\"ams-fifty__media u-ratio-landscape\">\n\t\t \t\t\t\t\t<img decoding=\"async\" width=\"600\" height=\"601\" src=\"https:\/\/pysslingen.se\/wp-content\/uploads\/sites\/120\/2022\/12\/fyren-garden.jpg\" class=\"attachment-md size-md\" alt=\"tr\u00e4b\u00e5t med ballonger och tv\u00e5 sm\u00e5 tr\u00e4hus ute p\u00e5 f\u00f6rskoleg\u00e5rd\" sizes=\"(min-width: 64em) 600px, calc(100vw - 160px)\" srcset=\"https:\/\/pysslingen.se\/wp-content\/uploads\/sites\/120\/2022\/12\/fyren-garden.jpg 1100w, https:\/\/pysslingen.se\/wp-content\/uploads\/sites\/120\/2022\/12\/fyren-garden-300x300.jpg 300w, https:\/\/pysslingen.se\/wp-content\/uploads\/sites\/120\/2022\/12\/fyren-garden-1022x1024.jpg 1022w, https:\/\/pysslingen.se\/wp-content\/uploads\/sites\/120\/2022\/12\/fyren-garden-150x150.jpg 150w, https:\/\/pysslingen.se\/wp-content\/uploads\/sites\/120\/2022\/12\/fyren-garden-768x769.jpg 768w, https:\/\/pysslingen.se\/wp-content\/uploads\/sites\/120\/2022\/12\/fyren-garden-500x501.jpg 500w, https:\/\/pysslingen.se\/wp-content\/uploads\/sites\/120\/2022\/12\/fyren-garden-229x229.jpg 229w, https:\/\/pysslingen.se\/wp-content\/uploads\/sites\/120\/2022\/12\/fyren-garden-340x341.jpg 340w, https:\/\/pysslingen.se\/wp-content\/uploads\/sites\/120\/2022\/12\/fyren-garden-1024x1026.jpg 1024w, https:\/\/pysslingen.se\/wp-content\/uploads\/sites\/120\/2022\/12\/fyren-garden-669x670.jpg 669w, https:\/\/pysslingen.se\/wp-content\/uploads\/sites\/120\/2022\/12\/fyren-garden-100x100.jpg 100w, https:\/\/pysslingen.se\/wp-content\/uploads\/sites\/120\/2022\/12\/fyren-garden-515x515.jpg 515w\" \/>\n\t\t\t\n\t\t\t\n\t\t\t\t\t<\/div>\n\t<\/div>\n\n\t\t\n\n<\/section>\n\n\n\n\t\n\t\n\t\n\n\t\n\t\n\t\t\n<section  class=\"c-block l-stacked  \" data-color-scheme=\"nyans2_av_p2-card-bakgrund-hover-standard_standard\">\n\t<div class=\"ams-fifty ams-fifty--container ams-fifty--left ams-fifty--bottom l-container u-pt-fluid-md-xl u-pb-fluid-md-xl\">\n\t\t<div class=\"ams-fifty__content l-stack l-stack-xl is-left is-left@lg\">\n\t\t\t<div class=\"ams-fifty__text l-stack l-stack-lg\">\n\t\t\t\t\t\n\t<h2\n\tclass=\"c-heading u-font-title-1 \"\n\tstyle=\"\">\n\t\t\n\t\t\t\t\tVad inneb\u00e4r en visning?\n\t\t\t\t\n\t<\/h2>\n\n\t\t\t\t\t\t\t\t\t<div class=\"text l-stack u-font-body\">\n\t\t\t\t\t\t<p>Under visningen visar en platsansvarig\/samordnare runt dig i v\u00e5ra lokaler och ber\u00e4ttar hur vi arbetar f\u00f6r att skapa en trygg och l\u00e4rorik vardag f\u00f6r v\u00e5ra barn.<\/p>\n<p><strong>Tre anledningar att boka en visning av f\u00f6rskolan:<\/strong><br \/>\n&#8211; F\u00e5 en k\u00e4nsla f\u00f6r v\u00e5ra lokaler och milj\u00f6n p\u00e5 f\u00f6rskolan<br \/>\n&#8211; St\u00e4ll dina fr\u00e5gor direkt till en pedagog<br \/>\n&#8211; Se hur vi jobbar med trygghet och l\u00e4rande fr\u00e5n introduktionen till sista \u00e5ret p\u00e5 f\u00f6rskolan.<\/p>\n\n\t\t\t\t\t<\/div>\n\t\t\t\t\t\t\t<\/div>\n\n\t\t\t\t\t<\/div>\n\n\t\t <div class=\"ams-fifty__media u-ratio-landscape\">\n\t\t \t\t\t\t\t<img decoding=\"async\" width=\"600\" height=\"400\" src=\"https:\/\/pysslingen.se\/wp-content\/uploads\/sites\/120\/2025\/11\/natur-flicka-3-600x400.jpg\" class=\"attachment-md size-md\" alt=\"l\u00e4rmilj\u00f6 p\u00e5 ett barn som h\u00e4ller vatten.\" sizes=\"(min-width: 64em) 600px, calc(100vw - 160px)\" srcset=\"https:\/\/pysslingen.se\/wp-content\/uploads\/sites\/120\/2025\/11\/natur-flicka-3-600x400.jpg 600w, https:\/\/pysslingen.se\/wp-content\/uploads\/sites\/120\/2025\/11\/natur-flicka-3-300x200.jpg 300w, https:\/\/pysslingen.se\/wp-content\/uploads\/sites\/120\/2025\/11\/natur-flicka-3-400x267.jpg 400w, https:\/\/pysslingen.se\/wp-content\/uploads\/sites\/120\/2025\/11\/natur-flicka-3-800x534.jpg 800w, https:\/\/pysslingen.se\/wp-content\/uploads\/sites\/120\/2025\/11\/natur-flicka-3.jpg 1000w\" \/>\n\t\t\t\n\t\t\t\n\t\t\t\t\t<\/div>\n\t<\/div>\n\n\t\t\n\n<\/section>\n\n\n\n<section id=kontakt\n\t\t class=\"\n\t\t ams-contact\n\t\t \n\t\t c-block l-stacked\n\t\t \n\t\t \n\t\t js-load-more\n\t\t \"\n\t\t data-color-scheme=\"\"\n\t\t\t\t\tdata-count=\"3\"\n\t\t\t\t\t\t\tdata-count-mobile=\"2\"\n\t\t\t\t>\n\t<div\n\t\t class=\"\n\t\t l-container\n\t\t l-stack l-stack-fluid-2xl\n\t\t u-pt-fluid-3xl-6xl\n\t\t u-pb-fluid-3xl-6xl\n\t\t is-center\n\t\t is-center@md\n\t\t \">\n\t\t\t\t\t<div class=\"ams-contact__intro l-stack l-stack-lg\">\n\t\t\t\t\t\n\t<h2\n\tclass=\"c-heading u-font-title-1 \"\n\tstyle=\"\">\n\t\t\n\t\t\t\t\tBoka visning:\n\t\t\t\t\n\t<\/h2>\n\n\t\t\t\t\t\t\t\t\t<div class=\"c-text l-stack u-cs-xl u-font-body\">\n\t\t\t\t\t\t<p>V\u00e4lkommen att kontakta v\u00e5r rektor Ida f\u00f6r att boka tid f\u00f6r visning n\u00e4r det passar dig.<\/p>\n\n\t\t\t\t\t<\/div>\n\t\t\t\t\t\t\t<\/div>\n\t\t\n\t\t\n\t\t    \t\n\t\t\n\t\t<ul\n\t\t\tid=\"contact-grid-6a08fcc04ef2e\"\n\t\t\tclass=\"ams-contact__list l-grid u-gap-fluid-2xl-4xl u-justify-center js-results \"\n\t\t\taria-label=\"Contacts\"\n\t\t\tdata-filter-animation=\"off\"\n\t\t\t>\n\t\t\t\t\t\t\t\t\t\t\t\n\t\t\t\t\n\t\t\t\t<li class=\"l-col-6@md l-col-4@lg \" data-filter=\"rektor\">\n\t\t\t\t\t<article class=\"c-card \" data-variant=\"neutral\">\n\t\t\t\t\t\t<div class=\"c-card__content u-text-center\">\n\t\t\t\t\t\t\t\t\t\t\t\t\t\t\t<h3 class=\"c-card__title u-font-title-3\">\n\t\t\t\t\t\t\t\t\tIda Selin Augustsson\n\t\t\t\t\t\t\t\t<\/h3>\n\t\t\t\t\t\t\t\n\t\t\t\t\t\t\t\t\t\t\t\t\t\t\t<p class=\"position u-font-body\">Rektor<\/p>\n\t\t\t\t\t\t\t\n\t\t\t\t\t\t\t\t\t\t\t\t\t\t\t<div class=\"contact-info u-font-body\">\n\t\t\t\t\t\t\t\t\t\t\t\t\t\t\t\t\t\t\t\t\t\t\t\t\t\t\t\t\t\t<p class=\"phone\"><a\n\t\t\t\t\t\t\t\t\t\t\t\t\thref=\"tel:0761275422\"\n\t\t\t\t\t\t\t\t\t\t\t\t\tclass=\"u-text-link\">076-127 54 22<\/a>\n\t\t\t\t\t\t\t\t\t\t\t<\/p>\n\t\t\t\t\t\t\t\t\t\t\t\t\t\t\t\t\t\t\t\n\t\t\t\t\t\t\t\t\t\t\t\t\t\t\t\t\t\t\t\t\t\t\t\t\t\t\t\t\t\t<p class=\"email\"><a\n\t\t\t\t\t\t\t\t\t\t\t\t\thref=\"ma&#105;lt&#111;&#058;&#105;d&#097;.se&#108;i&#110;a&#117;g&#117;s&#116;s&#115;o&#110;&#064;p&#121;&#115;sli&#110;&#103;&#101;n&#046;&#115;e\"\n\t\t\t\t\t\t\t\t\t\t\t\t\tclass=\"u-text-link\">ida&#046;&#115;&#101;li&#110;au&#103;&#117;stsso&#110;&#064;&#112;&#121;ss&#108;&#105;&#110;&#103;&#101;&#110;&#046;se<\/a>\n\t\t\t\t\t\t\t\t\t\t\t<\/p>\n\t\t\t\t\t\t\t\t\t\t\t\t\t\t\t\t\t\t\t\t\t\t\t\t\t\t\t<\/div>\n\t\t\t\t\t\t\t\n\t\t\t\t\t\t\t\t\t\t\t\t\t<\/div>\n\t\t\t\t\t\t<div class=\"c-card__media\">\n\t\t\t\t\t\t\t\t\t\t\t\t\t\t\t\t\t\t\t\t\t\t\t\t\t\t\t\t\t\t\t\t\t\t\t\t\t\t\t\t\t\t\t\t\t\t\t\t\t<img decoding=\"async\" width=\"400\" height=\"393\" src=\"https:\/\/pysslingen.se\/wp-content\/uploads\/sites\/120\/2022\/08\/image0-6-1-e1678876504464.jpeg\" class=\"u-radius-rounded u-ratio-landscape  \" alt=\"Ida f\u00f6rskoll\u00e4rare p\u00e5 Fyrens f\u00f6rskola\" sizes=\"(max-width: 300px) 100vw, 300px\" srcset=\"https:\/\/pysslingen.se\/wp-content\/uploads\/sites\/120\/2022\/08\/image0-6-1-e1678876504464.jpeg 2259w, https:\/\/pysslingen.se\/wp-content\/uploads\/sites\/120\/2022\/08\/image0-6-1-e1678876504464-300x295.jpeg 300w, https:\/\/pysslingen.se\/wp-content\/uploads\/sites\/120\/2022\/08\/image0-6-1-e1678876504464-1024x1007.jpeg 1024w, https:\/\/pysslingen.se\/wp-content\/uploads\/sites\/120\/2022\/08\/image0-6-1-e1678876504464-768x755.jpeg 768w, https:\/\/pysslingen.se\/wp-content\/uploads\/sites\/120\/2022\/08\/image0-6-1-e1678876504464-1536x1511.jpeg 1536w, https:\/\/pysslingen.se\/wp-content\/uploads\/sites\/120\/2022\/08\/image0-6-1-e1678876504464-2048x2014.jpeg 2048w, https:\/\/pysslingen.se\/wp-content\/uploads\/sites\/120\/2022\/08\/image0-6-1-e1678876504464-1920x1889.jpeg 1920w, https:\/\/pysslingen.se\/wp-content\/uploads\/sites\/120\/2022\/08\/image0-6-1-e1678876504464-500x492.jpeg 500w, https:\/\/pysslingen.se\/wp-content\/uploads\/sites\/120\/2022\/08\/image0-6-1-e1678876504464-233x229.jpeg 233w, https:\/\/pysslingen.se\/wp-content\/uploads\/sites\/120\/2022\/08\/image0-6-1-e1678876504464-340x334.jpeg 340w, https:\/\/pysslingen.se\/wp-content\/uploads\/sites\/120\/2022\/08\/image0-6-1-e1678876504464-1100x1082.jpeg 1100w, https:\/\/pysslingen.se\/wp-content\/uploads\/sites\/120\/2022\/08\/image0-6-1-e1678876504464-681x670.jpeg 681w\" \/>\n\t\t\t\t\t\t<\/div>\n\t\t\t\t\t<\/article>\n\t\t\t\t<\/li>\n\t\t\t\t\t<\/ul>\n\n\t\t\n\t\t    <div class=\"ams-contact__more u-inline-items js-load-more-btn\">\n        <button href=\"#\"\n                class=\"c-btn\"\n                data-style=\"rounded\"\n                data-size=\"md\"\n                data-width=\"full-mobile\"\n                data-variant=\"outline\">\n        \tShow more\n        <\/button>\n    <\/div>\n\n\t\t\t<\/div>\n\n\t\t\n\n<\/section>\n\n\n\n\t\n\t\n\t\n\n\t\n\t\n\t\t\n<section id=minipyss class=\"c-block l-stacked  \" data-color-scheme=\"usp-pink-background-blue-cards\">\n\t<div class=\"ams-fifty ams-fifty--container ams-fifty--right ams-fifty--bottom l-container u-pt-fluid-3xl-6xl u-pb-fluid-3xl-6xl\">\n\t\t<div class=\"ams-fifty__content l-stack l-stack-xl is-left is-left@lg\">\n\t\t\t<div class=\"ams-fifty__text l-stack l-stack-lg\">\n\t\t\t\t\t\n\t<h2\n\tclass=\"c-heading u-font-title-1 \"\n\tstyle=\"\">\n\t\t\n\t\t\t\t\tMiniPyss &#8211; aktivitet f\u00f6r de yngsta\n\t\t\t\t\n\t<\/h2>\n\n\t\t\t\t\t\t\t\t\t<div class=\"text l-stack u-font-body\">\n\t\t\t\t\t\t<p style=\"text-align: left;\">V\u00e4lkommen till MiniPyss \u2013 en mysig stund f\u00f6r dig som \u00e4r f\u00f6r\u00e4ldraledig och vill tr\u00e4ffa andra vuxna med sm\u00e5 barn. P\u00e5 Fyrens f\u00f6rskola bjuder vi in till en trygg och inspirerande aktivitet d\u00e4r gemenskap och lek st\u00e5r i fokus.<\/p>\n<h2 style=\"text-align: left;\">S\u00e5 ser ett tillf\u00e4lle p\u00e5 MiniPyss ut<\/h2>\n<p style=\"text-align: left;\">Vi tr\u00e4ffas och har gemensam samling med exempelvis sagol\u00e4sning, rytmik, s\u00e5ng och musik \u2013 anpassat f\u00f6r de allra yngsta. Det \u00e4r en stund d\u00e4r barnen f\u00e5r utforska spr\u00e5k och r\u00f6relse i en trygg milj\u00f6, tillsammans med dig som v\u00e5rdnadshavare.<\/p>\n<p style=\"text-align: left;\">Efter samlingen bjuder vi p\u00e5 fika och en chans att umg\u00e5s. Du f\u00e5r m\u00f6jlighet att st\u00e4lla fr\u00e5gor till v\u00e5ra pedagoger och l\u00e4ra dig mer om v\u00e5r pedagogik, hur f\u00f6rskolan fungerar och vad du kan f\u00f6rv\u00e4nta dig n\u00e4r det \u00e4r dags att v\u00e4lja f\u00f6rskola.<\/p>\n<p><span class=\"Y2IQFc\" lang=\"sv\"><strong>N\u00e4r?<\/strong> Fredagar kl. 9-12. Ingen f\u00f6ranm\u00e4lan. Varmt v\u00e4lkomna!<br \/>\n<strong>Var?<\/strong> F\u00f6rskolan Fyren, Teliv\u00e4gen 9, Nyn\u00e4shamn.<br \/>\n<strong>Kontakt:<\/strong>\u00a0Har du fr\u00e5gor om MiniPyss, kontakta oss p\u00e5 minipyss@pysslingen.se<\/span><\/p>\n<p style=\"text-align: left;\">F\u00f6lj oss g\u00e4rna p\u00e5 Instagram <a href=\"https:\/\/www.instagram.com\/pysslingen_minipyss\/\">@pysslingen_minipyss<\/a>, f\u00f6r att h\u00e5lla dig uppdaterad om aktuell info.<\/p>\n\n\t\t\t\t\t<\/div>\n\t\t\t\t\t\t\t<\/div>\n\n\t\t\t\t\t<\/div>\n\n\t\t <div class=\"ams-fifty__media u-ratio-landscape\">\n\t\t \t\t\t\t\t<picture><source media=\"(min-width: 32em)\" srcset=\"https:\/\/pysslingen.se\/wp-content\/uploads\/sites\/120\/2025\/08\/lasa-mamma-600x710.jpg 600w, https:\/\/pysslingen.se\/wp-content\/uploads\/sites\/120\/2025\/08\/lasa-mamma-300x355.jpg 300w, https:\/\/pysslingen.se\/wp-content\/uploads\/sites\/120\/2025\/08\/lasa-mamma-400x473.jpg 400w, https:\/\/pysslingen.se\/wp-content\/uploads\/sites\/120\/2025\/08\/lasa-mamma-800x946.jpg 800w, https:\/\/pysslingen.se\/wp-content\/uploads\/sites\/120\/2025\/08\/lasa-mamma-1024x1211.jpg 1024w, https:\/\/pysslingen.se\/wp-content\/uploads\/sites\/120\/2025\/08\/lasa-mamma-1200x1419.jpg 1200w, https:\/\/pysslingen.se\/wp-content\/uploads\/sites\/120\/2025\/08\/lasa-mamma.jpg 2000w\" sizes=\"(min-width: 64em) 600px, calc(100vw - 160px)\" \/><source srcset=\"https:\/\/pysslingen.se\/wp-content\/uploads\/sites\/120\/2025\/08\/lasa-mamma-400x473.jpg 400w, https:\/\/pysslingen.se\/wp-content\/uploads\/sites\/120\/2025\/08\/lasa-mamma-300x355.jpg 300w, https:\/\/pysslingen.se\/wp-content\/uploads\/sites\/120\/2025\/08\/lasa-mamma-600x710.jpg 600w, https:\/\/pysslingen.se\/wp-content\/uploads\/sites\/120\/2025\/08\/lasa-mamma-800x946.jpg 800w, https:\/\/pysslingen.se\/wp-content\/uploads\/sites\/120\/2025\/08\/lasa-mamma-1024x1211.jpg 1024w, https:\/\/pysslingen.se\/wp-content\/uploads\/sites\/120\/2025\/08\/lasa-mamma-1200x1419.jpg 1200w, https:\/\/pysslingen.se\/wp-content\/uploads\/sites\/120\/2025\/08\/lasa-mamma.jpg 2000w\" sizes=\"(max-width: 63.99875em) calc(100vw - 160px)\" \/><img decoding=\"async\" width=\"600\" height=\"710\" src=\"https:\/\/pysslingen.se\/wp-content\/uploads\/sites\/120\/2025\/08\/lasa-mamma-600x710.jpg\" class=\"attachment-md size-md\" alt=\"Barn och v\u00e5rdnadshavare l\u00e4ser tillsammans p\u00e5 MiniPyss\" sizes=\"(min-width: 64em) 600px, calc(100vw - 160px)\" srcset=\"https:\/\/pysslingen.se\/wp-content\/uploads\/sites\/120\/2025\/08\/lasa-mamma-600x710.jpg 600w, https:\/\/pysslingen.se\/wp-content\/uploads\/sites\/120\/2025\/08\/lasa-mamma-300x355.jpg 300w, https:\/\/pysslingen.se\/wp-content\/uploads\/sites\/120\/2025\/08\/lasa-mamma-400x473.jpg 400w, https:\/\/pysslingen.se\/wp-content\/uploads\/sites\/120\/2025\/08\/lasa-mamma-800x946.jpg 800w, https:\/\/pysslingen.se\/wp-content\/uploads\/sites\/120\/2025\/08\/lasa-mamma-1024x1211.jpg 1024w, https:\/\/pysslingen.se\/wp-content\/uploads\/sites\/120\/2025\/08\/lasa-mamma-1200x1419.jpg 1200w, https:\/\/pysslingen.se\/wp-content\/uploads\/sites\/120\/2025\/08\/lasa-mamma.jpg 2000w\" \/><\/picture>\n\t\t\t\n\t\t\t\n\t\t\t\t\t<\/div>\n\t<\/div>\n\n\t\t\n\n<\/section>\n\n\n\n\n<section  class=\"ams-cta ams-cta--stacked c-block l-stacked\">\n\t<div class=\"l-container l-stack l-stack-fluid-2xl u-pt-fluid-md-xl u-pb-fluid-md-xl is-center is-center@md\">\n\t\t\t\t\t<div class=\"ams-cta__intro l-stack l-stack-lg\">\n\t\t\t\t\t\n\t<h2\n\tclass=\"c-heading u-font-title-1 \"\n\tstyle=\"\">\n\t\t\n\t\t\t\t\tF\u00f6lj MiniPyss p\u00e5 Instagram\n\t\t\t\t\n\t<\/h2>\n\n\t\t\t\t\t\t\t\t\t<div class=\"c-text l-stack u-cs-xl u-font-body\">\n\t\t\t\t\t\t<p>F\u00f6lj g\u00e4rna MiniPyss p\u00e5 Instagram, f\u00f6r att h\u00e5lla dig uppdaterad om eventuella tids\u00e4ndringar, uppeh\u00e5ll och aktuell info.<\/p>\n\n\t\t\t\t\t<\/div>\n\t\t\t\t\t\t\t<\/div>\n\t\t\n\t\t\n\t\t\t<div class=\"ams-cta__action u-inline-items\">\n\t\t\t\t\t\t\t\n\n\n<a href=\"https:\/\/www.instagram.com\/pysslingen_minipyss\/\"\n\t\n\tclass=\"c-btn \"\n\tdata-style=\"rounded\"\n\tdata-size=\"md\"\n\tdata-width=\"full-mobile\"\n\tdata-variant=\"default\"\n\ttarget=\"_blank\">\n\t\t\t<span class=\"label\"> Till MiniPyss Instagram<\/span>\n\t\t\t<\/a>\n\t\t\t<\/div>\n\t<\/div>\n\n\t\t\n\n<\/section>\n","protected":false},"excerpt":{"rendered":"","protected":false},"author":4,"featured_media":0,"parent":0,"menu_order":0,"comment_status":"closed","ping_status":"closed","template":"","meta":{"footnotes":""},"yoast_head":"<!-- This site is optimized with the Yoast SEO plugin v22.0 - https:\/\/yoast.com\/wordpress\/plugins\/seo\/ -->\n<title>Fyren<\/title>\n<meta name=\"description\" content=\"Varmt v\u00e4lkommen att bes\u00f6ka oss p\u00e5 Pysslingen F\u00f6rskolor Fyren! Kontakta oss eller kom p\u00e5 \u00f6ppet hus. Vi ser fram emot att tr\u00e4ffa dig\/er!\" \/>\n<meta name=\"robots\" content=\"index, follow, max-snippet:-1, max-image-preview:large, max-video-preview:-1\" \/>\n<link rel=\"canonical\" href=\"https:\/\/pysslingen.se\/fyren\/besok-oss\/\" \/>\n<meta property=\"og:locale\" content=\"sv_SE\" \/>\n<meta property=\"og:type\" content=\"article\" \/>\n<meta property=\"og:description\" content=\"Varmt v\u00e4lkommen att bes\u00f6ka oss p\u00e5 Pysslingen F\u00f6rskolor Fyren! Kontakta oss eller kom p\u00e5 \u00f6ppet hus. Vi ser fram emot att tr\u00e4ffa dig\/er!\" \/>\n<meta property=\"og:url\" content=\"https:\/\/pysslingen.se\/fyren\/besok-oss\/\" \/>\n<meta property=\"og:site_name\" content=\"Fyren\" \/>\n<meta property=\"article:modified_time\" content=\"2026-03-19T13:07:35+00:00\" \/>\n<meta name=\"twitter:card\" content=\"summary_large_image\" \/>\n<meta name=\"twitter:description\" content=\"Varmt v\u00e4lkommen att bes\u00f6ka oss p\u00e5 Pysslingen F\u00f6rskolor Fyren! Kontakta oss eller kom p\u00e5 \u00f6ppet hus. Vi ser fram emot att tr\u00e4ffa dig\/er!\" \/>\n<script type=\"application\/ld+json\" class=\"yoast-schema-graph\">{\"@context\":\"https:\/\/schema.org\",\"@graph\":[{\"@type\":\"WebPage\",\"@id\":\"https:\/\/pysslingen.se\/fyren\/besok-oss\/\",\"url\":\"https:\/\/pysslingen.se\/fyren\/besok-oss\/\",\"name\":\"Bes\u00f6k oss - Fyren\",\"isPartOf\":{\"@id\":\"https:\/\/pysslingen.se\/fyren\/#website\"},\"datePublished\":\"2023-09-04T13:00:20+00:00\",\"dateModified\":\"2026-03-19T13:07:35+00:00\",\"description\":\"Varmt v\u00e4lkommen att bes\u00f6ka oss p\u00e5 Pysslingen F\u00f6rskolor Fyren! Kontakta oss eller kom p\u00e5 \u00f6ppet hus. Vi ser fram emot att tr\u00e4ffa dig\/er!\",\"breadcrumb\":{\"@id\":\"https:\/\/pysslingen.se\/fyren\/besok-oss\/#breadcrumb\"},\"inLanguage\":\"sv-SE\",\"potentialAction\":[{\"@type\":\"ReadAction\",\"target\":[\"https:\/\/pysslingen.se\/fyren\/besok-oss\/\"]}]},{\"@type\":\"BreadcrumbList\",\"@id\":\"https:\/\/pysslingen.se\/fyren\/besok-oss\/#breadcrumb\",\"itemListElement\":[{\"@type\":\"ListItem\",\"position\":1,\"name\":\"Start\",\"item\":\"https:\/\/pysslingen.se\/fyren\/\"},{\"@type\":\"ListItem\",\"position\":2,\"name\":\"Bes\u00f6k oss\"}]},{\"@type\":\"WebSite\",\"@id\":\"https:\/\/pysslingen.se\/fyren\/#website\",\"url\":\"https:\/\/pysslingen.se\/fyren\/\",\"name\":\"Fyren\",\"description\":\"En trygg och stimulerande v\u00e4rld\",\"publisher\":{\"@id\":\"https:\/\/pysslingen.se\/fyren\/#organization\"},\"potentialAction\":[{\"@type\":\"SearchAction\",\"target\":{\"@type\":\"EntryPoint\",\"urlTemplate\":\"https:\/\/pysslingen.se\/fyren\/?s={search_term_string}\"},\"query-input\":\"required name=search_term_string\"}],\"inLanguage\":\"sv-SE\"},{\"@type\":\"Organization\",\"@id\":\"https:\/\/pysslingen.se\/fyren\/#organization\",\"name\":\"Pysslingen F\u00f6rskolor\",\"url\":\"https:\/\/pysslingen.se\/fyren\/\",\"logo\":{\"@type\":\"ImageObject\",\"inLanguage\":\"sv-SE\",\"@id\":\"https:\/\/pysslingen.se\/fyren\/#\/schema\/logo\/image\/\",\"url\":\"https:\/\/pysslingen.se\/wp-content\/uploads\/2021\/05\/pysslingen-forskolor.png\",\"contentUrl\":\"https:\/\/pysslingen.se\/wp-content\/uploads\/2021\/05\/pysslingen-forskolor.png\",\"width\":1120,\"height\":630,\"caption\":\"Pysslingen F\u00f6rskolor\"},\"image\":{\"@id\":\"https:\/\/pysslingen.se\/fyren\/#\/schema\/logo\/image\/\"}}]}<\/script>\n<!-- \/ Yoast SEO plugin. -->","yoast_head_json":{"title":"Fyren","description":"Varmt v\u00e4lkommen att bes\u00f6ka oss p\u00e5 Pysslingen F\u00f6rskolor Fyren! Kontakta oss eller kom p\u00e5 \u00f6ppet hus. Vi ser fram emot att tr\u00e4ffa dig\/er!","robots":{"index":"index","follow":"follow","max-snippet":"max-snippet:-1","max-image-preview":"max-image-preview:large","max-video-preview":"max-video-preview:-1"},"canonical":"https:\/\/pysslingen.se\/fyren\/besok-oss\/","og_locale":"sv_SE","og_type":"article","og_description":"Varmt v\u00e4lkommen att bes\u00f6ka oss p\u00e5 Pysslingen F\u00f6rskolor Fyren! Kontakta oss eller kom p\u00e5 \u00f6ppet hus. Vi ser fram emot att tr\u00e4ffa dig\/er!","og_url":"https:\/\/pysslingen.se\/fyren\/besok-oss\/","og_site_name":"Fyren","article_modified_time":"2026-03-19T13:07:35+00:00","twitter_card":"summary_large_image","twitter_description":"Varmt v\u00e4lkommen att bes\u00f6ka oss p\u00e5 Pysslingen F\u00f6rskolor Fyren! Kontakta oss eller kom p\u00e5 \u00f6ppet hus. Vi ser fram emot att tr\u00e4ffa dig\/er!","schema":{"@context":"https:\/\/schema.org","@graph":[{"@type":"WebPage","@id":"https:\/\/pysslingen.se\/fyren\/besok-oss\/","url":"https:\/\/pysslingen.se\/fyren\/besok-oss\/","name":"Bes\u00f6k oss - Fyren","isPartOf":{"@id":"https:\/\/pysslingen.se\/fyren\/#website"},"datePublished":"2023-09-04T13:00:20+00:00","dateModified":"2026-03-19T13:07:35+00:00","description":"Varmt v\u00e4lkommen att bes\u00f6ka oss p\u00e5 Pysslingen F\u00f6rskolor Fyren! Kontakta oss eller kom p\u00e5 \u00f6ppet hus. Vi ser fram emot att tr\u00e4ffa dig\/er!","breadcrumb":{"@id":"https:\/\/pysslingen.se\/fyren\/besok-oss\/#breadcrumb"},"inLanguage":"sv-SE","potentialAction":[{"@type":"ReadAction","target":["https:\/\/pysslingen.se\/fyren\/besok-oss\/"]}]},{"@type":"BreadcrumbList","@id":"https:\/\/pysslingen.se\/fyren\/besok-oss\/#breadcrumb","itemListElement":[{"@type":"ListItem","position":1,"name":"Start","item":"https:\/\/pysslingen.se\/fyren\/"},{"@type":"ListItem","position":2,"name":"Bes\u00f6k oss"}]},{"@type":"WebSite","@id":"https:\/\/pysslingen.se\/fyren\/#website","url":"https:\/\/pysslingen.se\/fyren\/","name":"Fyren","description":"En trygg och stimulerande v\u00e4rld","publisher":{"@id":"https:\/\/pysslingen.se\/fyren\/#organization"},"potentialAction":[{"@type":"SearchAction","target":{"@type":"EntryPoint","urlTemplate":"https:\/\/pysslingen.se\/fyren\/?s={search_term_string}"},"query-input":"required name=search_term_string"}],"inLanguage":"sv-SE"},{"@type":"Organization","@id":"https:\/\/pysslingen.se\/fyren\/#organization","name":"Pysslingen F\u00f6rskolor","url":"https:\/\/pysslingen.se\/fyren\/","logo":{"@type":"ImageObject","inLanguage":"sv-SE","@id":"https:\/\/pysslingen.se\/fyren\/#\/schema\/logo\/image\/","url":"https:\/\/pysslingen.se\/wp-content\/uploads\/2021\/05\/pysslingen-forskolor.png","contentUrl":"https:\/\/pysslingen.se\/wp-content\/uploads\/2021\/05\/pysslingen-forskolor.png","width":1120,"height":630,"caption":"Pysslingen F\u00f6rskolor"},"image":{"@id":"https:\/\/pysslingen.se\/fyren\/#\/schema\/logo\/image\/"}}]}},"_links":{"self":[{"href":"https:\/\/pysslingen.se\/fyren\/wp-json\/wp\/v2\/pages\/1900"}],"collection":[{"href":"https:\/\/pysslingen.se\/fyren\/wp-json\/wp\/v2\/pages"}],"about":[{"href":"https:\/\/pysslingen.se\/fyren\/wp-json\/wp\/v2\/types\/page"}],"author":[{"embeddable":true,"href":"https:\/\/pysslingen.se\/fyren\/wp-json\/wp\/v2\/users\/4"}],"replies":[{"embeddable":true,"href":"https:\/\/pysslingen.se\/fyren\/wp-json\/wp\/v2\/comments?post=1900"}],"version-history":[{"count":10,"href":"https:\/\/pysslingen.se\/fyren\/wp-json\/wp\/v2\/pages\/1900\/revisions"}],"predecessor-version":[{"id":2539,"href":"https:\/\/pysslingen.se\/fyren\/wp-json\/wp\/v2\/pages\/1900\/revisions\/2539"}],"wp:attachment":[{"href":"https:\/\/pysslingen.se\/fyren\/wp-json\/wp\/v2\/media?parent=1900"}],"curies":[{"name":"wp","href":"https:\/\/api.w.org\/{rel}","templated":true}]}}