{"id":2225,"date":"2024-12-09T14:54:13","date_gmt":"2024-12-09T13:54:13","guid":{"rendered":"https:\/\/pysslingen.se\/fyren\/contact\/"},"modified":"2025-05-12T13:01:21","modified_gmt":"2025-05-12T11:01:21","slug":"contact","status":"publish","type":"page","link":"https:\/\/pysslingen.se\/fyren\/en\/contact\/","title":{"rendered":"Contact"},"content":{"rendered":"\n\t\n\t\n<section  class=\"ams-map ams-map--fifty c-block  media-bottom media-right \" data-color-scheme=\"usp-pink-background-blue-cards\" data-locations=\"[{&quot;id&quot;:&quot;2361&quot;,&quot;county&quot;:&quot;Stockholm&quot;,&quot;city&quot;:&quot;Nyn\\u00e4shamn&quot;,&quot;school&quot;:&quot;Fyren&quot;,&quot;title&quot;:&quot;Pysslingen Fyren&quot;,&quot;phone&quot;:&quot;0761275422&quot;,&quot;phone_formatted&quot;:&quot;076-1275422&quot;,&quot;email&quot;:&quot;ida.selinaugustsson@pysslingen.se&quot;,&quot;visiting_address&quot;:{&quot;address&quot;:&quot;Teliv\\u00e4gen 9&quot;,&quot;zip_code&quot;:&quot;14941&quot;,&quot;city&quot;:&quot;Nyn\\u00e4shamn&quot;},&quot;postal_address&quot;:{&quot;address&quot;:&quot;Teliv\\u00e4gen 9&quot;,&quot;zip_code&quot;:&quot;14941&quot;,&quot;city&quot;:&quot;Nyn\\u00e4shamn&quot;},&quot;address_map&quot;:&quot;Teliv\\u00e4gen 9, Nyn\\u00e4shamn, Sverige&quot;,&quot;lat&quot;:58.91094049999999,&quot;lng&quot;:17.9556545,&quot;link&quot;:{&quot;url&quot;:&quot;https:\\\/\\\/pysslingen.se\\\/fyren\\\/&quot;,&quot;text&quot;:&quot;L\\u00e4s mer om f\\u00f6rskolan&quot;}}]\">\n\t<div class=\"ams-map__content u-pt-fluid-3xl-6xl u-pb-fluid-3xl-6xl l-stack l-stack-fluid-xl is-left is-left@lg\">\n\t\t\t\n\t<h1\n\tclass=\"c-heading u-font-title-1 \"\n\tstyle=\"\">\n\t\t\n\t\t\t\t\tContact Pysslingen Fyren\n\t\t\t\t\n\t<\/h1>\n\n\t\t\n\t\t\t\t\t<div class=\"contact-info l-stack\">\n\t\t\t\t\t\t\t\t\t<div class=\"contact-info__item\">\n\t\t\t\t\t\t<p class=\"contact-info__heading u-font-title-4\">\n\t\t\t\t\t\t\tVisiting address\n\t\t\t\t\t\t<\/p>\n\t\t\t\t\t\t<p>\n\t\t\t\t\t\t\t\t\t\t\t\t\t\t\tTeliv\u00e4gen 9<br \/>\n\t\t\t\t\t\t\t\t\t\t\t\t\t\t14941 Nyn\u00e4shamn\n\t\t\t\t\t\t<\/p>\n\t\t\t\t\t<\/div>\n\t\t\t\t\n\t\t\t\t\n\t\t\t\t\t\t\t\t\t<div class=\"contact-info__item\">\n\t\t\t\t\t\t<p class=\"contact-info__heading u-font-title-4\">\n\t\t\t\t\t\t\tContact\n\t\t\t\t\t\t<\/p>\n\t\t\t\t\t\t<p>\n\t\t\t\t\t\t\t\t\t\t\t\t\t\t\t<a href=\"tel:0761275422\">076-1275422<\/a><br \/>\n\t\t\t\t\t\t\t\t\t\t\t\t\t\t\t\t\t\t\t\t\t\t<a href=\"mailto:ida.selinaugustsson@pysslingen.se\">ida.selinaugustsson@pysslingen.se<\/a>\n\t\t\t\t\t\t\t\t\t\t\t\t\t<\/p>\n\t\t\t\t\t<\/div>\n\t\t\t\t\t\t\t<\/div>\n\t\t\t<\/div>\n\n\t<div class=\"ams-map__media\">\n\t<\/div>\n<\/section>\n\n\n\n<div style=\"height:50px\" aria-hidden=\"true\" class=\"wp-block-spacer\"><\/div>\n\n\n\n<h2 class=\"wp-block-heading has-text-align-center\">Contact our preschool<\/h2>\n\n\n\n<p class=\"has-text-align-center\">Holmen&nbsp;<a href=\"tel:0761275415\">076-127 54 15<\/a><\/p>\n\n\n\n<p class=\"has-text-align-center\">Udden&nbsp;<a href=\"tel:0761274924\">076-127 49 24<\/a><\/p>\n\n\n\n<p class=\"has-text-align-center\">Kobben&nbsp;<a href=\"tel:0761274866\">076-127 48 66<\/a><\/p>\n\n\n\n<p class=\"has-text-align-center\">Klippan&nbsp;<a href=\"tel:0761275415\">076-127 54 15<\/a><\/p>\n\n\n\n<section \n\t\t class=\"\n\t\t ams-contact\n\t\t \n\t\t c-block l-stacked\n\t\t \n\t\t \n\t\t js-load-more\n\t\t \"\n\t\t data-color-scheme=\"\"\n\t\t\t\t\tdata-count=\"3\"\n\t\t\t\t\t\t\tdata-count-mobile=\"2\"\n\t\t\t\t>\n\t<div\n\t\t class=\"\n\t\t l-container\n\t\t l-stack l-stack-fluid-2xl\n\t\t u-pt-fluid-md-xl\n\t\t u-pb-fluid-md-xl\n\t\t is-center\n\t\t is-center@md\n\t\t \">\n\t\t\t\t\t<div class=\"ams-contact__intro l-stack l-stack-lg\">\n\t\t\t\t\t\n\t<h2\n\tclass=\"c-heading u-font-title-1 \"\n\tstyle=\"\">\n\t\t\n\t\t\t\t\tManagement team\n\t\t\t\t\n\t<\/h2>\n\n\t\t\t\t\t\t\t<\/div>\n\t\t\n\t\t\n\t\t    \t\n\t\t\n\t\t<ul\n\t\t\tid=\"contact-grid-69e63f2713787\"\n\t\t\tclass=\"ams-contact__list l-grid u-gap-fluid-2xl-4xl u-justify-center js-results \"\n\t\t\taria-label=\"Contacts\"\n\t\t\tdata-filter-animation=\"off\"\n\t\t\t>\n\t\t\t\t\t\t\t\t\t\t\t\n\t\t\t\t\n\t\t\t\t<li class=\"l-col-6@md l-col-4@lg \" data-filter=\"management-team\">\n\t\t\t\t\t<article class=\"c-card \" data-variant=\"neutral\">\n\t\t\t\t\t\t<div class=\"c-card__content u-text-center\">\n\t\t\t\t\t\t\t\t\t\t\t\t\t\t\t<h3 class=\"c-card__title u-font-title-3\">\n\t\t\t\t\t\t\t\t\tIda Selin Augustsson\n\t\t\t\t\t\t\t\t<\/h3>\n\t\t\t\t\t\t\t\n\t\t\t\t\t\t\t\t\t\t\t\t\t\t\t<p class=\"position u-font-body\">Principal<\/p>\n\t\t\t\t\t\t\t\n\t\t\t\t\t\t\t\t\t\t\t\t\t\t\t<div class=\"contact-info u-font-body\">\n\t\t\t\t\t\t\t\t\t\t\t\t\t\t\t\t\t\t\t\t\t\t\t\t\t\t\t\t\t\t<p class=\"phone\"><a\n\t\t\t\t\t\t\t\t\t\t\t\t\thref=\"tel:0761275422\"\n\t\t\t\t\t\t\t\t\t\t\t\t\tclass=\"u-text-link\">076-127 54 22<\/a>\n\t\t\t\t\t\t\t\t\t\t\t<\/p>\n\t\t\t\t\t\t\t\t\t\t\t\t\t\t\t\t\t\t\t\n\t\t\t\t\t\t\t\t\t\t\t\t\t\t\t\t\t\t\t\t\t\t\t\t\t\t\t\t\t\t<p class=\"email\"><a\n\t\t\t\t\t\t\t\t\t\t\t\t\thref=\"mai&#108;&#116;o:&#105;&#100;a.&#115;el&#105;n&#097;&#117;&#103;&#117;st&#115;&#115;on&#064;&#112;&#121;&#115;sl&#105;n&#103;en.&#115;&#101;\"\n\t\t\t\t\t\t\t\t\t\t\t\t\tclass=\"u-text-link\">&#105;d&#097;.&#115;e&#108;i&#110;&#097;u&#103;u&#115;&#116;sson&#064;pys&#115;&#108;&#105;n&#103;en.&#115;&#101;<\/a>\n\t\t\t\t\t\t\t\t\t\t\t<\/p>\n\t\t\t\t\t\t\t\t\t\t\t\t\t\t\t\t\t\t\t\t\t\t\t\t\t\t\t<\/div>\n\t\t\t\t\t\t\t\n\t\t\t\t\t\t\t\t\t\t\t\t\t<\/div>\n\t\t\t\t\t\t<div class=\"c-card__media\">\n\t\t\t\t\t\t\t\t\t\t\t\t\t\t\t\t\t\t\t\t\t\t\t\t\t\t\t\t\t\t\t\t\t\t\t\t\t\t\t\t\t\t\t\t\t\t\t\t\t<img decoding=\"async\" width=\"400\" height=\"447\" src=\"https:\/\/pysslingen.se\/wp-content\/uploads\/sites\/120\/2022\/08\/image0-6-1-e1678876504464.jpeg\" class=\"u-radius-rounded u-ratio-landscape  \" alt=\"Ida f\u00f6rskoll\u00e4rare p\u00e5 Fyrens f\u00f6rskola\" sizes=\"(max-width: 300px) 100vw, 300px\" \/>\n\t\t\t\t\t\t<\/div>\n\t\t\t\t\t<\/article>\n\t\t\t\t<\/li>\n\t\t\t\t\t<\/ul>\n\n\t\t\n\t\t    <div class=\"ams-contact__more u-inline-items js-load-more-btn\">\n        <button href=\"#\"\n                class=\"c-btn\"\n                data-style=\"rounded\"\n                data-size=\"md\"\n                data-width=\"full-mobile\"\n                data-variant=\"outline\">\n        \tShow more\n        <\/button>\n    <\/div>\n\n\t\t\t<\/div>\n\n\t\t\n\n<\/section>\n\n\n\n<section \n\t\t class=\"\n\t\t ams-contact\n\t\t \n\t\t c-block l-stacked\n\t\t \n\t\t \n\t\t js-load-more\n\t\t \"\n\t\t data-color-scheme=\"\"\n\t\t\t\t\tdata-count=\"3\"\n\t\t\t\t\t\t\tdata-count-mobile=\"2\"\n\t\t\t\t>\n\t<div\n\t\t class=\"\n\t\t l-container\n\t\t l-stack l-stack-fluid-2xl\n\t\t u-pt-fluid-md-xl\n\t\t u-pb-fluid-md-xl\n\t\t is-center\n\t\t is-center@md\n\t\t \">\n\t\t\t\t\t<div class=\"ams-contact__intro l-stack l-stack-lg\">\n\t\t\t\t\t\n\t<h2\n\tclass=\"c-heading u-font-title-1 \"\n\tstyle=\"\">\n\t\t\n\t\t\t\t\tHead of school &#8211; responsible for the region\n\t\t\t\t\n\t<\/h2>\n\n\t\t\t\t\t\t\t<\/div>\n\t\t\n\t\t\n\t\t    \t\n\t\t\n\t\t<ul\n\t\t\tid=\"contact-grid-69e63f2717dc0\"\n\t\t\tclass=\"ams-contact__list l-grid u-gap-fluid-2xl-4xl u-justify-center js-results \"\n\t\t\taria-label=\"Contacts\"\n\t\t\tdata-filter-animation=\"off\"\n\t\t\t>\n\t\t\t\t\t\t\t\t\t\t\t\n\t\t\t\t\n\t\t\t\t<li class=\"l-col-6@md l-col-4@lg \" data-filter=\"head-of-school-responsible-for-the-region\">\n\t\t\t\t\t<article class=\"c-card \" data-variant=\"neutral\">\n\t\t\t\t\t\t<div class=\"c-card__content u-text-center\">\n\t\t\t\t\t\t\t\t\t\t\t\t\t\t\t<h3 class=\"c-card__title u-font-title-3\">\n\t\t\t\t\t\t\t\t\tTina Persson\n\t\t\t\t\t\t\t\t<\/h3>\n\t\t\t\t\t\t\t\n\t\t\t\t\t\t\t\t\t\t\t\t\t\t\t<p class=\"position u-font-body\">Head of school<\/p>\n\t\t\t\t\t\t\t\n\t\t\t\t\t\t\t\t\t\t\t\t\t\t\t<div class=\"contact-info u-font-body\">\n\t\t\t\t\t\t\t\t\t\t\t\t\t\t\t\t\t\t\t\t\t\t\t\t\t\t\t\t\t\t<p class=\"phone\"><a\n\t\t\t\t\t\t\t\t\t\t\t\t\thref=\"tel:084469994\"\n\t\t\t\t\t\t\t\t\t\t\t\t\tclass=\"u-text-link\">084-46 99 94<\/a>\n\t\t\t\t\t\t\t\t\t\t\t<\/p>\n\t\t\t\t\t\t\t\t\t\t\t\t\t\t\t\t\t\t\t\n\t\t\t\t\t\t\t\t\t\t\t\t\t\t\t\t\t\t\t\t\t\t\t\t\t\t\t\t\t\t<p class=\"email\"><a\n\t\t\t\t\t\t\t\t\t\t\t\t\thref=\"ma&#105;l&#116;o:&#116;i&#110;a&#046;&#112;ers&#115;on&#064;&#112;&#121;s&#115;&#108;&#105;n&#103;e&#110;&#046;s&#101;\"\n\t\t\t\t\t\t\t\t\t\t\t\t\tclass=\"u-text-link\">ti&#110;a&#046;perss&#111;n&#064;py&#115;&#115;&#108;in&#103;&#101;&#110;.se<\/a>\n\t\t\t\t\t\t\t\t\t\t\t<\/p>\n\t\t\t\t\t\t\t\t\t\t\t\t\t\t\t\t\t\t\t\t\t\t\t\t\t\t\t<\/div>\n\t\t\t\t\t\t\t\n\t\t\t\t\t\t\t\t\t\t\t\t\t<\/div>\n\t\t\t\t\t\t<div class=\"c-card__media\">\n\t\t\t\t\t\t\t\t\t\t\t\t\t\t\t\t\t\t\t\t\t\t\t\t\t\t\t\t\t\t\t\t\t\t\t\t\t\t\t\t\t\t\t\t\t\t\t\t\t<img decoding=\"async\" width=\"400\" height=\"267\" src=\"https:\/\/pysslingen.se\/wp-content\/uploads\/sites\/120\/2023\/02\/tina3-1-400x267.jpg\" class=\"u-radius-rounded u-ratio-landscape  \" alt=\"Portr\u00e4tt av skolchef.\" sizes=\"(max-width: 300px) 100vw, 300px\" srcset=\"https:\/\/pysslingen.se\/wp-content\/uploads\/sites\/120\/2023\/02\/tina3-1-400x267.jpg 400w, https:\/\/pysslingen.se\/wp-content\/uploads\/sites\/120\/2023\/02\/tina3-1-300x200.jpg 300w, https:\/\/pysslingen.se\/wp-content\/uploads\/sites\/120\/2023\/02\/tina3-1-600x400.jpg 600w, https:\/\/pysslingen.se\/wp-content\/uploads\/sites\/120\/2023\/02\/tina3-1-800x533.jpg 800w, https:\/\/pysslingen.se\/wp-content\/uploads\/sites\/120\/2023\/02\/tina3-1-1024x683.jpg 1024w, https:\/\/pysslingen.se\/wp-content\/uploads\/sites\/120\/2023\/02\/tina3-1-1200x800.jpg 1200w\" \/>\n\t\t\t\t\t\t<\/div>\n\t\t\t\t\t<\/article>\n\t\t\t\t<\/li>\n\t\t\t\t\t<\/ul>\n\n\t\t\n\t\t    <div class=\"ams-contact__more u-inline-items js-load-more-btn\">\n        <button href=\"#\"\n                class=\"c-btn\"\n                data-style=\"rounded\"\n                data-size=\"md\"\n                data-width=\"full-mobile\"\n                data-variant=\"outline\">\n        \tShow more\n        <\/button>\n    <\/div>\n\n\t\t\t<\/div>\n\n\t\t\n\n<\/section>\n","protected":false},"excerpt":{"rendered":"<p>Contact our preschool Holmen&nbsp;076-127 54 15 Udden&nbsp;076-127 49 24 Kobben&nbsp;076-127 48 66 Klippan&nbsp;076-127 54 15<\/p>\n","protected":false},"author":1,"featured_media":0,"parent":0,"menu_order":0,"comment_status":"closed","ping_status":"closed","template":"","meta":{"footnotes":""},"yoast_head":"<!-- This site is optimized with the Yoast SEO plugin v22.0 - https:\/\/yoast.com\/wordpress\/plugins\/seo\/ -->\n<title>Contact - Pysslingen Preschool Fyren<\/title>\n<meta name=\"description\" content=\"Welcome to contact us at Pysslingen Fyren! Here you will find contact details for the preschool, site manager and management team.\" \/>\n<meta name=\"robots\" content=\"index, follow, max-snippet:-1, max-image-preview:large, max-video-preview:-1\" \/>\n<link rel=\"canonical\" href=\"https:\/\/pysslingen.se\/fyren\/en\/contact\/\" \/>\n<meta property=\"og:locale\" content=\"en_US\" \/>\n<meta property=\"og:type\" content=\"article\" \/>\n<meta property=\"og:title\" content=\"Contact - Pysslingen Preschool Fyren\" \/>\n<meta property=\"og:description\" content=\"Welcome to contact us at Pysslingen Fyren! Here you will find contact details for the preschool, site manager and management team.\" \/>\n<meta property=\"og:url\" content=\"https:\/\/pysslingen.se\/fyren\/en\/contact\/\" \/>\n<meta property=\"og:site_name\" content=\"Fyren\" \/>\n<meta property=\"article:modified_time\" content=\"2025-05-12T11:01:21+00:00\" \/>\n<meta name=\"twitter:card\" content=\"summary_large_image\" \/>\n<meta name=\"twitter:title\" content=\"Contact - Pysslingen Preschool Fyren\" \/>\n<meta name=\"twitter:description\" content=\"Welcome to contact us at Pysslingen Fyren! Here you will find contact details for the preschool, site manager and management team.\" \/>\n<meta name=\"twitter:label1\" content=\"Est. reading time\" \/>\n\t<meta name=\"twitter:data1\" content=\"1 minute\" \/>\n<script type=\"application\/ld+json\" class=\"yoast-schema-graph\">{\"@context\":\"https:\/\/schema.org\",\"@graph\":[{\"@type\":\"WebPage\",\"@id\":\"https:\/\/pysslingen.se\/fyren\/en\/contact\/\",\"url\":\"https:\/\/pysslingen.se\/fyren\/en\/contact\/\",\"name\":\"Contact - Pysslingen Preschool Fyren\",\"isPartOf\":{\"@id\":\"https:\/\/pysslingen.se\/fyren\/#website\"},\"datePublished\":\"2024-12-09T13:54:13+00:00\",\"dateModified\":\"2025-05-12T11:01:21+00:00\",\"description\":\"Welcome to contact us at Pysslingen Fyren! Here you will find contact details for the preschool, site manager and management team.\",\"breadcrumb\":{\"@id\":\"https:\/\/pysslingen.se\/fyren\/en\/contact\/#breadcrumb\"},\"inLanguage\":\"en-US\",\"potentialAction\":[{\"@type\":\"ReadAction\",\"target\":[\"https:\/\/pysslingen.se\/fyren\/en\/contact\/\"]}]},{\"@type\":\"BreadcrumbList\",\"@id\":\"https:\/\/pysslingen.se\/fyren\/en\/contact\/#breadcrumb\",\"itemListElement\":[{\"@type\":\"ListItem\",\"position\":1,\"name\":\"Start\",\"item\":\"https:\/\/pysslingen.se\/fyren\/en\/\"},{\"@type\":\"ListItem\",\"position\":2,\"name\":\"Contact\"}]},{\"@type\":\"WebSite\",\"@id\":\"https:\/\/pysslingen.se\/fyren\/#website\",\"url\":\"https:\/\/pysslingen.se\/fyren\/\",\"name\":\"Fyren\",\"description\":\"En trygg och stimulerande v\u00e4rld\",\"publisher\":{\"@id\":\"https:\/\/pysslingen.se\/fyren\/#organization\"},\"potentialAction\":[{\"@type\":\"SearchAction\",\"target\":{\"@type\":\"EntryPoint\",\"urlTemplate\":\"https:\/\/pysslingen.se\/fyren\/?s={search_term_string}\"},\"query-input\":\"required name=search_term_string\"}],\"inLanguage\":\"en-US\"},{\"@type\":\"Organization\",\"@id\":\"https:\/\/pysslingen.se\/fyren\/#organization\",\"name\":\"Pysslingen F\u00f6rskolor\",\"url\":\"https:\/\/pysslingen.se\/fyren\/\",\"logo\":{\"@type\":\"ImageObject\",\"inLanguage\":\"en-US\",\"@id\":\"https:\/\/pysslingen.se\/fyren\/#\/schema\/logo\/image\/\",\"url\":\"https:\/\/pysslingen.se\/wp-content\/uploads\/2021\/05\/pysslingen-forskolor.png\",\"contentUrl\":\"https:\/\/pysslingen.se\/wp-content\/uploads\/2021\/05\/pysslingen-forskolor.png\",\"width\":1120,\"height\":630,\"caption\":\"Pysslingen F\u00f6rskolor\"},\"image\":{\"@id\":\"https:\/\/pysslingen.se\/fyren\/#\/schema\/logo\/image\/\"}}]}<\/script>\n<!-- \/ Yoast SEO plugin. -->","yoast_head_json":{"title":"Contact - Pysslingen Preschool Fyren","description":"Welcome to contact us at Pysslingen Fyren! Here you will find contact details for the preschool, site manager and management team.","robots":{"index":"index","follow":"follow","max-snippet":"max-snippet:-1","max-image-preview":"max-image-preview:large","max-video-preview":"max-video-preview:-1"},"canonical":"https:\/\/pysslingen.se\/fyren\/en\/contact\/","og_locale":"en_US","og_type":"article","og_title":"Contact - Pysslingen Preschool Fyren","og_description":"Welcome to contact us at Pysslingen Fyren! Here you will find contact details for the preschool, site manager and management team.","og_url":"https:\/\/pysslingen.se\/fyren\/en\/contact\/","og_site_name":"Fyren","article_modified_time":"2025-05-12T11:01:21+00:00","twitter_card":"summary_large_image","twitter_title":"Contact - Pysslingen Preschool Fyren","twitter_description":"Welcome to contact us at Pysslingen Fyren! Here you will find contact details for the preschool, site manager and management team.","twitter_misc":{"Est. reading time":"1 minute"},"schema":{"@context":"https:\/\/schema.org","@graph":[{"@type":"WebPage","@id":"https:\/\/pysslingen.se\/fyren\/en\/contact\/","url":"https:\/\/pysslingen.se\/fyren\/en\/contact\/","name":"Contact - Pysslingen Preschool Fyren","isPartOf":{"@id":"https:\/\/pysslingen.se\/fyren\/#website"},"datePublished":"2024-12-09T13:54:13+00:00","dateModified":"2025-05-12T11:01:21+00:00","description":"Welcome to contact us at Pysslingen Fyren! Here you will find contact details for the preschool, site manager and management team.","breadcrumb":{"@id":"https:\/\/pysslingen.se\/fyren\/en\/contact\/#breadcrumb"},"inLanguage":"en-US","potentialAction":[{"@type":"ReadAction","target":["https:\/\/pysslingen.se\/fyren\/en\/contact\/"]}]},{"@type":"BreadcrumbList","@id":"https:\/\/pysslingen.se\/fyren\/en\/contact\/#breadcrumb","itemListElement":[{"@type":"ListItem","position":1,"name":"Start","item":"https:\/\/pysslingen.se\/fyren\/en\/"},{"@type":"ListItem","position":2,"name":"Contact"}]},{"@type":"WebSite","@id":"https:\/\/pysslingen.se\/fyren\/#website","url":"https:\/\/pysslingen.se\/fyren\/","name":"Fyren","description":"En trygg och stimulerande v\u00e4rld","publisher":{"@id":"https:\/\/pysslingen.se\/fyren\/#organization"},"potentialAction":[{"@type":"SearchAction","target":{"@type":"EntryPoint","urlTemplate":"https:\/\/pysslingen.se\/fyren\/?s={search_term_string}"},"query-input":"required name=search_term_string"}],"inLanguage":"en-US"},{"@type":"Organization","@id":"https:\/\/pysslingen.se\/fyren\/#organization","name":"Pysslingen F\u00f6rskolor","url":"https:\/\/pysslingen.se\/fyren\/","logo":{"@type":"ImageObject","inLanguage":"en-US","@id":"https:\/\/pysslingen.se\/fyren\/#\/schema\/logo\/image\/","url":"https:\/\/pysslingen.se\/wp-content\/uploads\/2021\/05\/pysslingen-forskolor.png","contentUrl":"https:\/\/pysslingen.se\/wp-content\/uploads\/2021\/05\/pysslingen-forskolor.png","width":1120,"height":630,"caption":"Pysslingen F\u00f6rskolor"},"image":{"@id":"https:\/\/pysslingen.se\/fyren\/#\/schema\/logo\/image\/"}}]}},"_links":{"self":[{"href":"https:\/\/pysslingen.se\/fyren\/en\/wp-json\/wp\/v2\/pages\/2225"}],"collection":[{"href":"https:\/\/pysslingen.se\/fyren\/en\/wp-json\/wp\/v2\/pages"}],"about":[{"href":"https:\/\/pysslingen.se\/fyren\/en\/wp-json\/wp\/v2\/types\/page"}],"author":[{"embeddable":true,"href":"https:\/\/pysslingen.se\/fyren\/en\/wp-json\/wp\/v2\/users\/1"}],"replies":[{"embeddable":true,"href":"https:\/\/pysslingen.se\/fyren\/en\/wp-json\/wp\/v2\/comments?post=2225"}],"version-history":[{"count":10,"href":"https:\/\/pysslingen.se\/fyren\/en\/wp-json\/wp\/v2\/pages\/2225\/revisions"}],"predecessor-version":[{"id":2287,"href":"https:\/\/pysslingen.se\/fyren\/en\/wp-json\/wp\/v2\/pages\/2225\/revisions\/2287"}],"wp:attachment":[{"href":"https:\/\/pysslingen.se\/fyren\/en\/wp-json\/wp\/v2\/media?parent=2225"}],"curies":[{"name":"wp","href":"https:\/\/api.w.org\/{rel}","templated":true}]}}