{"id":1343,"date":"2022-03-16T15:41:00","date_gmt":"2022-03-16T15:41:00","guid":{"rendered":"https:\/\/pysslingen.se\/fyren\/?page_id=1343"},"modified":"2024-10-09T07:40:57","modified_gmt":"2024-10-09T07:40:57","slug":"about-the-preschool","status":"publish","type":"page","link":"https:\/\/pysslingen.se\/fyren\/en\/about-the-preschool\/","title":{"rendered":"About the preschool"},"content":{"rendered":"\n\t<style>\n\t\t.inner {\n\n\t\t\tmargin: 0 auto;\n\t\t}\n\t<\/style>\n\t<div\n\t\t class=\"container images-module\" >\n\t\t<div   class=\"row images_module__slideshow\">\n\n\t\t\t<div\n\t\t\t\t class=\"col-md-8 offset-md-2 p-0 position-relative images_module__slideshow images_module__slideshow-container  \">\n\t\t\t\t<div class=\"images_module__slide\" data-slide=\"\"\n\t\t\t\t\t data-duration=\"\"><\/div>\n\t\t\t\t\t\t\t\t\t<div\n\t\t\t\t\t\t class=\"images_module__slides\n\n\t\t\t\t\t   \"\n\t\t\t\t\t>\n\n\n\t\t\t\t\t\t<div class=\"images__wrapper\" style=\"aspect-ratio: 851 \/ 531;\">\n\t\t\t\t\t\t\t<img decoding=\"async\" width=\"960\" height=\"720\" src=\"https:\/\/pysslingen.se\/wp-content\/uploads\/sites\/120\/2020\/10\/11738597120293389871973934145479702683067685n.jpg\" class=\"images__image_ratio  \" alt=\"lekplats f\u00f6rskolan gl\u00e4ntan\" style=\"aspect-ratio: 851 \/ 531;object-position: _center-center;\" srcset=\"https:\/\/pysslingen.se\/wp-content\/uploads\/sites\/120\/2020\/10\/11738597120293389871973934145479702683067685n.jpg 960w, https:\/\/pysslingen.se\/wp-content\/uploads\/sites\/120\/2020\/10\/11738597120293389871973934145479702683067685n-300x225.jpg 300w, https:\/\/pysslingen.se\/wp-content\/uploads\/sites\/120\/2020\/10\/11738597120293389871973934145479702683067685n-768x576.jpg 768w, https:\/\/pysslingen.se\/wp-content\/uploads\/sites\/120\/2020\/10\/11738597120293389871973934145479702683067685n-893x670.jpg 893w\" sizes=\"(max-width: 960px) 100vw, 960px\" \/>\t\t\t\t\t\t<\/div>\n\n\t\t\t\t\t\t\n\t\t\t\t\t\t\t\t\t\t\t<\/div>\n\t\t\t\t\n\t\t\t\t<div class=\"images_module__container_dot\">\n\t\t\t\t\t<div style=\"text-align:center\">\n\t\t\t\t\t\t\t\t\t\t\t\t\t<span   data-i=\"0\"\n\t\t\t\t\t\t\t\t  class=\"\n\t\t\t\t\t\t\timages_module__dot\n\t\t\t\t\t\t\t\t\t\t\t\t\t\t\"\n\t\t\t\t\t\t\t><\/span>\n\t\t\t\t\t\t\t\t\t\t\t<\/div>\n\t\t\t\t<\/div>\n\n\n\t\t\t<\/div>\n\t\t<\/div>\n\t<\/div>\n\n\t\n\n\n<script>\n\tvar images_display_descriptive_text = \"\";\n<\/script>\n\n\n\n<div style=\"height:20px\" aria-hidden=\"true\" class=\"wp-block-spacer\"><\/div>\n\n\n\n<h1 class=\"wp-block-heading\">About Fyren<\/h1>\n\n\n\n<p   class=\"site__ingress container text-left  site__text-color--dark  site__free_text--ingress p-0\">\n\tOur vision: \u201cChildren are our future, and this is shaped in every encounter\u201d lays the foundations for daily activities at the preschool.<\/p>\n\n\n\n\n\n<div style=\"height:20px\" aria-hidden=\"true\" class=\"wp-block-spacer\"><\/div>\n\n\n\n<p>At the Fyren preschool, we want every single child to feel seen, secure and believe in their own ability. We want every single child to develop according to their own conditions. Children\u2019s influence is important at Fyren. By making use of the children\u2019s interests and needs, we shape projects in which we as members of teaching staff develop the children\u2019s abilities based on the goals of the curriculum. We want the child to develop skills and abilities that they can use for the rest of their lives. One quality on which we place particular emphasis is that children develop their social skills. For us, this is when a child immerses itself in the interests and needs of others, expresses its opinion, feels involved and can influence its everyday life.<\/p>\n\n\n\n<h3 class=\"wp-block-heading\"><strong>Sustainable development and the environment<\/strong><\/h3>\n\n\n\n<p>Fyren is striving to become a <a href=\"https:\/\/skola-kommun.hsr.se\/gron-flagg\">Green Flag-certified<\/a> preschool. This means that we are working to achieve a sustainable society. We work to ensure that children care for our environment in a conscious way from an early age.<\/p>\n\n\n\n<p>We also adopt a long-term approach by being a Toxin-free Preschool. This means that the suppliers we collaborate with on the procurement of toys and other material used by the children all work with toxin-free materials that are approved for our children. This also applies for major purchases of furniture and the like. Regarding ingredients and other food in the kitchen, we are moving over increasingly to organic items. Our attitude is that we can all contribute towards sustainable development, in all things great and small.<\/p>\n\n\n\n<h3 class=\"wp-block-heading\"><strong>Opening hours<\/strong><\/h3>\n\n\n\n<p>We follow Nyn\u00e4shamn Municipality\u2019s rules on opening hours, and guardians are entitled to care for their children on all weekdays (excluding public holidays) from 06:30\u201318:30, if needed.<\/p>\n\n\n\n<p>Please feel free to contact us if you have any questions.<\/p>\n\n\n\n\n<section  class=\"ams-usp c-block l-stacked\" data-color-scheme=\"1543\">\n\t<div class=\"l-container l-stack l-stack-fluid-2xl u-pt-fluid-3xl-6xl u-pb-fluid-3xl-6xl is-center is-center@md\">\n\t\t\n\t\t\t<ul class=\"ams-usp__list l-grid u-justify-center u-gap-fluid-2xl-4xl\">\n\t\t\t\t\t<li class=\"l-col-6@md l-col-4@lg\">\n\t\t\t\t<article\n\t\t\t\t\tclass=\"\n\t\t\t\t\tc-card\n\t\t\t\t\thas-media-zoom\n\t\t\t\t\t\n\t\t\t\t\t\n\t\t\t\t\t\"\n\t\t\t\t\tdata-variant=\"border\"\n\t\t\t\t\tdata-style=\"soft\"\n\t\t\t\t\tdata-click-area\n\t\t\t\t\t>\n\t\t\t\t\t\t\t\t\t\t\t<div class=\"c-card__content l-stack l-stack-sm u-text-center\">\n\t\t\t\t\t\t\t\t\t\t\t\t\t\t\t<h3 class=\"c-card__title u-font-title-3\">\n\t\t\t\t\t\t\t\t\t<a href=\"https:\/\/pysslingen.se\/fyren\/en\/home-collaboration\/\" target=\"_self\">\t\t\t\t\t\t\t\t\t\t\t\t\t\t\t\t\t\t\t\t\t\u201cThe encounter is at the heart of our activities and our most important tool\u201d\n\t\t\t\t\t\t\t\t\t\t\t<span class=\"c-card__title__sub is-below u-font-title-4\">\n\t\t\t\t\t\t\t\t\t\t\t\tRead more about our contact with you as a guardian\n\t\t\t\t\t\t\t\t\t\t\t<\/span>\n\t\t\t\t\t\t\t\t\t\t\t\t\t\t\t\t\t\t\t<\/a>\t\t\t\t\t\t\t\t<\/h3>\n\t\t\t\t\t\t\t\n\t\t\t\t\t\t\t\t\t\t\t\t\t<\/div>\n\t\t\t\t\t\n\t\t\t\t\t<div class=\"c-card__media\">\n\t\t\t\t\t\t\t\t\t\t\t\t\t<img decoding=\"async\" width=\"400\" height=\"267\" src=\"https:\/\/pysslingen.se\/wp-content\/uploads\/sites\/120\/2020\/11\/dagliga-motet-omrade-13.jpg\" class=\" u-ratio-landscape  ams_icon_size_default\" alt=\"Pedagog hj\u00e4lper barn p\u00e5 f\u00f6rskola\" srcset=\"https:\/\/pysslingen.se\/wp-content\/uploads\/sites\/120\/2020\/11\/dagliga-motet-omrade-13.jpg 1000w, https:\/\/pysslingen.se\/wp-content\/uploads\/sites\/120\/2020\/11\/dagliga-motet-omrade-13-300x200.jpg 300w, https:\/\/pysslingen.se\/wp-content\/uploads\/sites\/120\/2020\/11\/dagliga-motet-omrade-13-768x512.jpg 768w\" sizes=\"(max-width: 400px) 100vw, 400px\" \/>\n\t\t\t\t\t\t\t\t\t\t\t<\/div>\n\t\t\t\t<\/article>\n\t\t\t<\/li>\n\n\t\t\t<\/ul>\n\n\t\t\t<\/div>\n\n\t\t\n\n<\/section>\n","protected":false},"excerpt":{"rendered":"<p>About Fyren At the Fyren preschool, we want every single child to feel seen, secure and believe in their own ability. We want every single child to develop according to their own conditions. Children\u2019s influence is important at Fyren. By making use of the children\u2019s interests and needs, we shape projects in which we as&#8230;<\/p>\n","protected":false},"author":74,"featured_media":0,"parent":0,"menu_order":0,"comment_status":"closed","ping_status":"closed","template":"","meta":{"footnotes":""},"yoast_head":"<!-- This site is optimized with the Yoast SEO plugin v22.0 - https:\/\/yoast.com\/wordpress\/plugins\/seo\/ -->\n<title>Fyren<\/title>\n<meta name=\"description\" content=\"Our vision: \u201cChildren are our future, and this is shaped in every encounter\u201d lays the foundations for daily activities at the preschool.\" \/>\n<meta name=\"robots\" content=\"index, follow, max-snippet:-1, max-image-preview:large, max-video-preview:-1\" \/>\n<link rel=\"canonical\" href=\"https:\/\/pysslingen.se\/fyren\/en\/about-the-preschool\/\" \/>\n<meta property=\"og:locale\" content=\"en_US\" \/>\n<meta property=\"og:type\" content=\"article\" \/>\n<meta property=\"og:description\" content=\"Our vision: \u201cChildren are our future, and this is shaped in every encounter\u201d lays the foundations for daily activities at the preschool.\" \/>\n<meta property=\"og:url\" content=\"https:\/\/pysslingen.se\/fyren\/en\/about-the-preschool\/\" \/>\n<meta property=\"og:site_name\" content=\"Fyren\" \/>\n<meta property=\"article:modified_time\" content=\"2024-10-09T07:40:57+00:00\" \/>\n<meta name=\"twitter:card\" content=\"summary_large_image\" \/>\n<meta name=\"twitter:description\" content=\"Our vision: \u201cChildren are our future, and this is shaped in every encounter\u201d lays the foundations for daily activities at the preschool.\" \/>\n<meta name=\"twitter:image\" content=\"https:\/\/pysslingen.se\/wp-content\/uploads\/sites\/120\/2020\/10\/11738597120293389871973934145479702683067685n.jpg\" \/>\n<meta name=\"twitter:label1\" content=\"Est. reading time\" \/>\n\t<meta name=\"twitter:data1\" content=\"2 minutes\" \/>\n<script type=\"application\/ld+json\" class=\"yoast-schema-graph\">{\"@context\":\"https:\/\/schema.org\",\"@graph\":[{\"@type\":\"WebPage\",\"@id\":\"https:\/\/pysslingen.se\/fyren\/en\/about-the-preschool\/\",\"url\":\"https:\/\/pysslingen.se\/fyren\/en\/about-the-preschool\/\",\"name\":\"About the preschool - Fyren\",\"isPartOf\":{\"@id\":\"https:\/\/pysslingen.se\/fyren\/#website\"},\"datePublished\":\"2022-03-16T15:41:00+00:00\",\"dateModified\":\"2024-10-09T07:40:57+00:00\",\"description\":\"Our vision: \u201cChildren are our future, and this is shaped in every encounter\u201d lays the foundations for daily activities at the preschool.\",\"breadcrumb\":{\"@id\":\"https:\/\/pysslingen.se\/fyren\/en\/about-the-preschool\/#breadcrumb\"},\"inLanguage\":\"en-US\",\"potentialAction\":[{\"@type\":\"ReadAction\",\"target\":[\"https:\/\/pysslingen.se\/fyren\/en\/about-the-preschool\/\"]}]},{\"@type\":\"BreadcrumbList\",\"@id\":\"https:\/\/pysslingen.se\/fyren\/en\/about-the-preschool\/#breadcrumb\",\"itemListElement\":[{\"@type\":\"ListItem\",\"position\":1,\"name\":\"Start\",\"item\":\"https:\/\/pysslingen.se\/fyren\/en\/\"},{\"@type\":\"ListItem\",\"position\":2,\"name\":\"About the preschool\"}]},{\"@type\":\"WebSite\",\"@id\":\"https:\/\/pysslingen.se\/fyren\/#website\",\"url\":\"https:\/\/pysslingen.se\/fyren\/\",\"name\":\"Fyren\",\"description\":\"En trygg och stimulerande v\u00e4rld\",\"publisher\":{\"@id\":\"https:\/\/pysslingen.se\/fyren\/#organization\"},\"potentialAction\":[{\"@type\":\"SearchAction\",\"target\":{\"@type\":\"EntryPoint\",\"urlTemplate\":\"https:\/\/pysslingen.se\/fyren\/?s={search_term_string}\"},\"query-input\":\"required name=search_term_string\"}],\"inLanguage\":\"en-US\"},{\"@type\":\"Organization\",\"@id\":\"https:\/\/pysslingen.se\/fyren\/#organization\",\"name\":\"Pysslingen F\u00f6rskolor\",\"url\":\"https:\/\/pysslingen.se\/fyren\/\",\"logo\":{\"@type\":\"ImageObject\",\"inLanguage\":\"en-US\",\"@id\":\"https:\/\/pysslingen.se\/fyren\/#\/schema\/logo\/image\/\",\"url\":\"https:\/\/pysslingen.se\/wp-content\/uploads\/2021\/05\/pysslingen-forskolor.png\",\"contentUrl\":\"https:\/\/pysslingen.se\/wp-content\/uploads\/2021\/05\/pysslingen-forskolor.png\",\"width\":1120,\"height\":630,\"caption\":\"Pysslingen F\u00f6rskolor\"},\"image\":{\"@id\":\"https:\/\/pysslingen.se\/fyren\/#\/schema\/logo\/image\/\"}}]}<\/script>\n<!-- \/ Yoast SEO plugin. -->","yoast_head_json":{"title":"Fyren","description":"Our vision: \u201cChildren are our future, and this is shaped in every encounter\u201d lays the foundations for daily activities at the preschool.","robots":{"index":"index","follow":"follow","max-snippet":"max-snippet:-1","max-image-preview":"max-image-preview:large","max-video-preview":"max-video-preview:-1"},"canonical":"https:\/\/pysslingen.se\/fyren\/en\/about-the-preschool\/","og_locale":"en_US","og_type":"article","og_description":"Our vision: \u201cChildren are our future, and this is shaped in every encounter\u201d lays the foundations for daily activities at the preschool.","og_url":"https:\/\/pysslingen.se\/fyren\/en\/about-the-preschool\/","og_site_name":"Fyren","article_modified_time":"2024-10-09T07:40:57+00:00","twitter_card":"summary_large_image","twitter_description":"Our vision: \u201cChildren are our future, and this is shaped in every encounter\u201d lays the foundations for daily activities at the preschool.","twitter_image":"https:\/\/pysslingen.se\/wp-content\/uploads\/sites\/120\/2020\/10\/11738597120293389871973934145479702683067685n.jpg","twitter_misc":{"Est. reading time":"2 minutes"},"schema":{"@context":"https:\/\/schema.org","@graph":[{"@type":"WebPage","@id":"https:\/\/pysslingen.se\/fyren\/en\/about-the-preschool\/","url":"https:\/\/pysslingen.se\/fyren\/en\/about-the-preschool\/","name":"About the preschool - Fyren","isPartOf":{"@id":"https:\/\/pysslingen.se\/fyren\/#website"},"datePublished":"2022-03-16T15:41:00+00:00","dateModified":"2024-10-09T07:40:57+00:00","description":"Our vision: \u201cChildren are our future, and this is shaped in every encounter\u201d lays the foundations for daily activities at the preschool.","breadcrumb":{"@id":"https:\/\/pysslingen.se\/fyren\/en\/about-the-preschool\/#breadcrumb"},"inLanguage":"en-US","potentialAction":[{"@type":"ReadAction","target":["https:\/\/pysslingen.se\/fyren\/en\/about-the-preschool\/"]}]},{"@type":"BreadcrumbList","@id":"https:\/\/pysslingen.se\/fyren\/en\/about-the-preschool\/#breadcrumb","itemListElement":[{"@type":"ListItem","position":1,"name":"Start","item":"https:\/\/pysslingen.se\/fyren\/en\/"},{"@type":"ListItem","position":2,"name":"About the preschool"}]},{"@type":"WebSite","@id":"https:\/\/pysslingen.se\/fyren\/#website","url":"https:\/\/pysslingen.se\/fyren\/","name":"Fyren","description":"En trygg och stimulerande v\u00e4rld","publisher":{"@id":"https:\/\/pysslingen.se\/fyren\/#organization"},"potentialAction":[{"@type":"SearchAction","target":{"@type":"EntryPoint","urlTemplate":"https:\/\/pysslingen.se\/fyren\/?s={search_term_string}"},"query-input":"required name=search_term_string"}],"inLanguage":"en-US"},{"@type":"Organization","@id":"https:\/\/pysslingen.se\/fyren\/#organization","name":"Pysslingen F\u00f6rskolor","url":"https:\/\/pysslingen.se\/fyren\/","logo":{"@type":"ImageObject","inLanguage":"en-US","@id":"https:\/\/pysslingen.se\/fyren\/#\/schema\/logo\/image\/","url":"https:\/\/pysslingen.se\/wp-content\/uploads\/2021\/05\/pysslingen-forskolor.png","contentUrl":"https:\/\/pysslingen.se\/wp-content\/uploads\/2021\/05\/pysslingen-forskolor.png","width":1120,"height":630,"caption":"Pysslingen F\u00f6rskolor"},"image":{"@id":"https:\/\/pysslingen.se\/fyren\/#\/schema\/logo\/image\/"}}]}},"_links":{"self":[{"href":"https:\/\/pysslingen.se\/fyren\/en\/wp-json\/wp\/v2\/pages\/1343"}],"collection":[{"href":"https:\/\/pysslingen.se\/fyren\/en\/wp-json\/wp\/v2\/pages"}],"about":[{"href":"https:\/\/pysslingen.se\/fyren\/en\/wp-json\/wp\/v2\/types\/page"}],"author":[{"embeddable":true,"href":"https:\/\/pysslingen.se\/fyren\/en\/wp-json\/wp\/v2\/users\/74"}],"replies":[{"embeddable":true,"href":"https:\/\/pysslingen.se\/fyren\/en\/wp-json\/wp\/v2\/comments?post=1343"}],"version-history":[{"count":10,"href":"https:\/\/pysslingen.se\/fyren\/en\/wp-json\/wp\/v2\/pages\/1343\/revisions"}],"predecessor-version":[{"id":2058,"href":"https:\/\/pysslingen.se\/fyren\/en\/wp-json\/wp\/v2\/pages\/1343\/revisions\/2058"}],"wp:attachment":[{"href":"https:\/\/pysslingen.se\/fyren\/en\/wp-json\/wp\/v2\/media?parent=1343"}],"curies":[{"name":"wp","href":"https:\/\/api.w.org\/{rel}","templated":true}]}}