{"id":1339,"date":"2022-03-16T15:33:52","date_gmt":"2022-03-16T15:33:52","guid":{"rendered":"https:\/\/pysslingen.se\/fyren\/?page_id=1339"},"modified":"2022-12-05T13:19:05","modified_gmt":"2022-12-05T13:19:05","slug":"home-collaboration","status":"publish","type":"page","link":"https:\/\/pysslingen.se\/fyren\/en\/home-collaboration\/","title":{"rendered":"Home collaboration"},"content":{"rendered":"\t<div\n\t\t class=\"module_wrapper container-fluid images-module\" >\n\t\t<div class=\"row\">\n\t\t\t<div\n\t\t\t\t\tclass=\"col-12 m-0 p-0 position-relative images_module__slideshow images_module__slideshow-container module-expand \">\n\n\t\t\t\t<div class=\"images_module__slide \" data-slide=\"\"\n\t\t\t\t\t data-duration=\"\"><\/div>\n\t\t\t\t\t\t\t\t\t<div\n\t\t\t\t\t\t class=\"images_module__slides \">\n\n\n\t\t\t\t\t\t<div class=\"images__wrapper\"\n\t\t\t\t\t\t\t style=\"aspect-ratio: 1441 \/ 531;\">\n\t\t\t\t\t\t\t<img decoding=\"async\" width=\"2500\" height=\"1308\" src=\"https:\/\/pysslingen.se\/wp-content\/uploads\/sites\/120\/2020\/10\/1pysslingenannonsmateriall1200x628.png\" class=\"images__image_ratio  \" alt=\"Animerad bild p\u00e5 Pyss p\u00e5 f\u00f6rskolan.\" style=\"aspect-ratio: 1441 \/ 531;object-position: _center-center;\" srcset=\"https:\/\/pysslingen.se\/wp-content\/uploads\/sites\/120\/2020\/10\/1pysslingenannonsmateriall1200x628.png 2500w, https:\/\/pysslingen.se\/wp-content\/uploads\/sites\/120\/2020\/10\/1pysslingenannonsmateriall1200x628-300x157.png 300w, https:\/\/pysslingen.se\/wp-content\/uploads\/sites\/120\/2020\/10\/1pysslingenannonsmateriall1200x628-1024x536.png 1024w, https:\/\/pysslingen.se\/wp-content\/uploads\/sites\/120\/2020\/10\/1pysslingenannonsmateriall1200x628-768x402.png 768w, https:\/\/pysslingen.se\/wp-content\/uploads\/sites\/120\/2020\/10\/1pysslingenannonsmateriall1200x628-1536x804.png 1536w, https:\/\/pysslingen.se\/wp-content\/uploads\/sites\/120\/2020\/10\/1pysslingenannonsmateriall1200x628-2048x1072.png 2048w, https:\/\/pysslingen.se\/wp-content\/uploads\/sites\/120\/2020\/10\/1pysslingenannonsmateriall1200x628-1920x1005.png 1920w, https:\/\/pysslingen.se\/wp-content\/uploads\/sites\/120\/2020\/10\/1pysslingenannonsmateriall1200x628-1100x576.png 1100w, https:\/\/pysslingen.se\/wp-content\/uploads\/sites\/120\/2020\/10\/1pysslingenannonsmateriall1200x628-1000x523.png 1000w\" sizes=\"(max-width: 2500px) 100vw, 2500px\" \/>\t\t\t\t\t\t<\/div>\n\n\t\t\t\t\t\t\n\t\t\t\t\t\t\t\t\t\t\t<\/div>\n\t\t\t\t\n\t\t\t\t<div class=\"images_module__container_dot \">\n\t\t\t\t\t<div style=\"text-align:center\">\n\t\t\t\t\t\t\t\t\t\t\t\t\t<span   data-i=\"0\"\n\t\t\t\t\t\t\t\t  class=\"images_module__dot\n\t\t\t\t\t\t\t\t\t\t\t\t\t  \"><\/span>\n\t\t\t\t\t\t\t\t\t\t\t<\/div>\n\t\t\t\t<\/div>\n\n\t\t\t<\/div>\n\t\t<\/div>\n\t<\/div>\n\n\n\t\n\n\n<script>\n\tvar images_display_descriptive_text = \"\";\n<\/script>\n\n\n\n<div style=\"height:20px\" aria-hidden=\"true\" class=\"wp-block-spacer\"><\/div>\n\n\n\n<div style=\"height:20px\" aria-hidden=\"true\" class=\"wp-block-spacer\"><\/div>\n\n\n\n<h1 class=\"wp-block-heading\"><strong>Our contact with you as a guardian<\/strong><\/h1>\n\n\n\n<h2 class=\"wp-block-heading\"><strong>The daily encounter<\/strong><\/h2>\n\n\n\n<p>The encounter is at the heart of our activities and our most important tool in succeeding with our undertaking. Those brief, daily conversations when children are delivered and collected are therefore extremely significant for us.<\/p>\n\n\n\n<h2 class=\"wp-block-heading\"><strong>Parents\u2019 meetings<\/strong><\/h2>\n\n\n\n<p>Each department holds its own parents\u2019 meetings once a year. The autumn term starts with a meeting at which the department describes its activities and the group of parents has the chance to meet each other.<\/p>\n\n\n\n<h2 class=\"wp-block-heading\"><strong>Development appraisal<\/strong><\/h2>\n\n\n\n<p>Once a term, we issue invitations to development appraisals. This is where we discuss your child\u2019s time at the preschool together, and chat in greater detail about your child\u2019s well-being, development and learning. As a guardian, you\u2019re also welcome to book an individual meeting with teaching staff or the preschool\u2019s management team if you like.<\/p>\n\n\n\n<h2 class=\"wp-block-heading\"><strong>Preschool council<\/strong><\/h2>\n\n\n\n<p>The preschool council is a council that represents parents at the preschool. It is a forum that is there to bring together questions, ideas and thoughts that parents have and that concern the whole of Gl\u00e4ntan. All guardians are extremely welcome to attend these meetings, which usually take place twice a term. There is no need to register in advance.&nbsp;<\/p>\n\n\n\n<p>If you have any questions about the preschool council or want to put forward a comment, talk to a local manager or contact the head of the preschool, you can find the contact details <a href=\"https:\/\/pysslingen.se\/fyren\/kontakt\/\">here<\/a>.<\/p>\n\n\n\n<p>You can find the dates for the preschool council in the calendar. We alternate between meetings in the morning and evening, to suit everyone who is interested.<\/p>\n\n\n\n<h2 class=\"wp-block-heading\"><strong>Mitt Pysslingen<\/strong><\/h2>\n\n\n\n<p>We use the digital communication tool <a href=\"https:\/\/pysslingen.se\/fyren\/mitt-pysslingen\/\">Mitt Pysslingen<\/a> to communicate with guardians. This is where we blog about the day at the preschool and write an individual learning log for your particular child. You will be given login details for Mitt Pysslingen when your child starts with us. You can also find information from the preschool\u2019s management team at Mitt Pysslingen.<\/p>\n\n\n\n<h2 class=\"wp-block-heading\"><strong>Annual customer survey<\/strong><\/h2>\n\n\n\n<p>Twice a year, parents have the chance to respond to a survey about the preschool and its activities. One questionnaire comes from Stockholm Municipality and one from Pysslingen. We analyse <a href=\"https:\/\/pysslingen.se\/fyren\/resultat\/\">the results<\/a> from the survey and work with them throughout the academic year in order to strive to achieve continuous development and high quality at our preschool.<\/p>\n\n\n\n<h2 class=\"wp-block-heading\"><strong>Summer party<\/strong><\/h2>\n\n\n\n<p>Every year, we invite parents and children to our traditional summer party. All parents bring their own contributions to create a gigantic buffet.<\/p>\n\n\n\n<h2 class=\"wp-block-heading\"><strong>Drop-in coffee<\/strong><\/h2>\n\n\n\n<p>A few times every year, we issue invitations to a drop-in coffee session, where guardians and their children have the chance to meet up, and the children can show the activities under way at the preschool.<\/p>\n\n\n\n<h2 class=\"wp-block-heading\"><strong>Final discussion for children leaving to start school<\/strong><\/h2>\n\n\n\n<p>Before children start school, we invite you to a final discussion, to make the transition between preschool and school as smooth as possible.<\/p>\n","protected":false},"excerpt":{"rendered":"<p>Our contact with you as a guardian The daily encounter The encounter is at the heart of our activities and our most important tool in succeeding with our undertaking. Those brief, daily conversations when children are delivered and collected are therefore extremely significant for us. Parents\u2019 meetings Each department holds its own parents\u2019 meetings once&#8230;<\/p>\n","protected":false},"author":74,"featured_media":0,"parent":0,"menu_order":0,"comment_status":"closed","ping_status":"closed","template":"","meta":{"footnotes":""},"yoast_head":"<!-- This site is optimized with the Yoast SEO plugin v22.0 - https:\/\/yoast.com\/wordpress\/plugins\/seo\/ -->\n<title>Our contact with you as a guardian - Home collaboration, Fyren<\/title>\n<meta name=\"description\" content=\"The brief, daily conversations when children are delivered and collected are extremely significant for us.\" \/>\n<meta name=\"robots\" content=\"index, follow, max-snippet:-1, max-image-preview:large, max-video-preview:-1\" \/>\n<link rel=\"canonical\" href=\"https:\/\/pysslingen.se\/fyren\/samverkan-med-hemmet\/\" \/>\n<meta property=\"og:locale\" content=\"en_US\" \/>\n<meta property=\"og:type\" content=\"article\" \/>\n<meta property=\"og:title\" content=\"Our contact with you as a guardian - Home collaboration, Fyren\" \/>\n<meta property=\"og:description\" content=\"The brief, daily conversations when children are delivered and collected are extremely significant for us.\" \/>\n<meta property=\"og:url\" content=\"https:\/\/pysslingen.se\/fyren\/samverkan-med-hemmet\/\" \/>\n<meta property=\"og:site_name\" content=\"Fyren\" \/>\n<meta property=\"article:modified_time\" content=\"2022-12-05T13:19:05+00:00\" \/>\n<meta name=\"twitter:card\" content=\"summary_large_image\" \/>\n<meta name=\"twitter:title\" content=\"Our contact with you as a guardian - Home collaboration, Fyren\" \/>\n<meta name=\"twitter:description\" content=\"The brief, daily conversations when children are delivered and collected are extremely significant for us.\" \/>\n<meta name=\"twitter:image\" content=\"https:\/\/pysslingen.se\/wp-content\/uploads\/sites\/120\/2020\/10\/1pysslingenannonsmateriall1200x628.png\" \/>\n<meta name=\"twitter:label1\" content=\"Est. reading time\" \/>\n\t<meta name=\"twitter:data1\" content=\"3 minutes\" \/>\n<script type=\"application\/ld+json\" class=\"yoast-schema-graph\">{\"@context\":\"https:\/\/schema.org\",\"@graph\":[{\"@type\":\"WebPage\",\"@id\":\"https:\/\/pysslingen.se\/fyren\/samverkan-med-hemmet\/\",\"url\":\"https:\/\/pysslingen.se\/fyren\/samverkan-med-hemmet\/\",\"name\":\"Our contact with you as a guardian - Home collaboration, Fyren\",\"isPartOf\":{\"@id\":\"https:\/\/pysslingen.se\/fyren\/#website\"},\"datePublished\":\"2022-03-16T15:33:52+00:00\",\"dateModified\":\"2022-12-05T13:19:05+00:00\",\"description\":\"The brief, daily conversations when children are delivered and collected are extremely significant for us.\",\"breadcrumb\":{\"@id\":\"https:\/\/pysslingen.se\/fyren\/samverkan-med-hemmet\/#breadcrumb\"},\"inLanguage\":\"en-US\",\"potentialAction\":[{\"@type\":\"ReadAction\",\"target\":[\"https:\/\/pysslingen.se\/fyren\/samverkan-med-hemmet\/\"]}]},{\"@type\":\"BreadcrumbList\",\"@id\":\"https:\/\/pysslingen.se\/fyren\/samverkan-med-hemmet\/#breadcrumb\",\"itemListElement\":[{\"@type\":\"ListItem\",\"position\":1,\"name\":\"Start\",\"item\":\"https:\/\/pysslingen.se\/fyren\/en\/\"},{\"@type\":\"ListItem\",\"position\":2,\"name\":\"Home collaboration\"}]},{\"@type\":\"WebSite\",\"@id\":\"https:\/\/pysslingen.se\/fyren\/#website\",\"url\":\"https:\/\/pysslingen.se\/fyren\/\",\"name\":\"Fyren\",\"description\":\"En trygg och stimulerande v\u00e4rld\",\"publisher\":{\"@id\":\"https:\/\/pysslingen.se\/fyren\/#organization\"},\"potentialAction\":[{\"@type\":\"SearchAction\",\"target\":{\"@type\":\"EntryPoint\",\"urlTemplate\":\"https:\/\/pysslingen.se\/fyren\/?s={search_term_string}\"},\"query-input\":\"required name=search_term_string\"}],\"inLanguage\":\"en-US\"},{\"@type\":\"Organization\",\"@id\":\"https:\/\/pysslingen.se\/fyren\/#organization\",\"name\":\"Pysslingen F\u00f6rskolor\",\"url\":\"https:\/\/pysslingen.se\/fyren\/\",\"logo\":{\"@type\":\"ImageObject\",\"inLanguage\":\"en-US\",\"@id\":\"https:\/\/pysslingen.se\/fyren\/#\/schema\/logo\/image\/\",\"url\":\"https:\/\/pysslingen.se\/wp-content\/uploads\/2021\/05\/pysslingen-forskolor.png\",\"contentUrl\":\"https:\/\/pysslingen.se\/wp-content\/uploads\/2021\/05\/pysslingen-forskolor.png\",\"width\":1120,\"height\":630,\"caption\":\"Pysslingen F\u00f6rskolor\"},\"image\":{\"@id\":\"https:\/\/pysslingen.se\/fyren\/#\/schema\/logo\/image\/\"}}]}<\/script>\n<!-- \/ Yoast SEO plugin. -->","yoast_head_json":{"title":"Our contact with you as a guardian - Home collaboration, Fyren","description":"The brief, daily conversations when children are delivered and collected are extremely significant for us.","robots":{"index":"index","follow":"follow","max-snippet":"max-snippet:-1","max-image-preview":"max-image-preview:large","max-video-preview":"max-video-preview:-1"},"canonical":"https:\/\/pysslingen.se\/fyren\/samverkan-med-hemmet\/","og_locale":"en_US","og_type":"article","og_title":"Our contact with you as a guardian - Home collaboration, Fyren","og_description":"The brief, daily conversations when children are delivered and collected are extremely significant for us.","og_url":"https:\/\/pysslingen.se\/fyren\/samverkan-med-hemmet\/","og_site_name":"Fyren","article_modified_time":"2022-12-05T13:19:05+00:00","twitter_card":"summary_large_image","twitter_title":"Our contact with you as a guardian - Home collaboration, Fyren","twitter_description":"The brief, daily conversations when children are delivered and collected are extremely significant for us.","twitter_image":"https:\/\/pysslingen.se\/wp-content\/uploads\/sites\/120\/2020\/10\/1pysslingenannonsmateriall1200x628.png","twitter_misc":{"Est. reading time":"3 minutes"},"schema":{"@context":"https:\/\/schema.org","@graph":[{"@type":"WebPage","@id":"https:\/\/pysslingen.se\/fyren\/samverkan-med-hemmet\/","url":"https:\/\/pysslingen.se\/fyren\/samverkan-med-hemmet\/","name":"Our contact with you as a guardian - Home collaboration, Fyren","isPartOf":{"@id":"https:\/\/pysslingen.se\/fyren\/#website"},"datePublished":"2022-03-16T15:33:52+00:00","dateModified":"2022-12-05T13:19:05+00:00","description":"The brief, daily conversations when children are delivered and collected are extremely significant for us.","breadcrumb":{"@id":"https:\/\/pysslingen.se\/fyren\/samverkan-med-hemmet\/#breadcrumb"},"inLanguage":"en-US","potentialAction":[{"@type":"ReadAction","target":["https:\/\/pysslingen.se\/fyren\/samverkan-med-hemmet\/"]}]},{"@type":"BreadcrumbList","@id":"https:\/\/pysslingen.se\/fyren\/samverkan-med-hemmet\/#breadcrumb","itemListElement":[{"@type":"ListItem","position":1,"name":"Start","item":"https:\/\/pysslingen.se\/fyren\/en\/"},{"@type":"ListItem","position":2,"name":"Home collaboration"}]},{"@type":"WebSite","@id":"https:\/\/pysslingen.se\/fyren\/#website","url":"https:\/\/pysslingen.se\/fyren\/","name":"Fyren","description":"En trygg och stimulerande v\u00e4rld","publisher":{"@id":"https:\/\/pysslingen.se\/fyren\/#organization"},"potentialAction":[{"@type":"SearchAction","target":{"@type":"EntryPoint","urlTemplate":"https:\/\/pysslingen.se\/fyren\/?s={search_term_string}"},"query-input":"required name=search_term_string"}],"inLanguage":"en-US"},{"@type":"Organization","@id":"https:\/\/pysslingen.se\/fyren\/#organization","name":"Pysslingen F\u00f6rskolor","url":"https:\/\/pysslingen.se\/fyren\/","logo":{"@type":"ImageObject","inLanguage":"en-US","@id":"https:\/\/pysslingen.se\/fyren\/#\/schema\/logo\/image\/","url":"https:\/\/pysslingen.se\/wp-content\/uploads\/2021\/05\/pysslingen-forskolor.png","contentUrl":"https:\/\/pysslingen.se\/wp-content\/uploads\/2021\/05\/pysslingen-forskolor.png","width":1120,"height":630,"caption":"Pysslingen F\u00f6rskolor"},"image":{"@id":"https:\/\/pysslingen.se\/fyren\/#\/schema\/logo\/image\/"}}]}},"_links":{"self":[{"href":"https:\/\/pysslingen.se\/fyren\/en\/wp-json\/wp\/v2\/pages\/1339"}],"collection":[{"href":"https:\/\/pysslingen.se\/fyren\/en\/wp-json\/wp\/v2\/pages"}],"about":[{"href":"https:\/\/pysslingen.se\/fyren\/en\/wp-json\/wp\/v2\/types\/page"}],"author":[{"embeddable":true,"href":"https:\/\/pysslingen.se\/fyren\/en\/wp-json\/wp\/v2\/users\/74"}],"replies":[{"embeddable":true,"href":"https:\/\/pysslingen.se\/fyren\/en\/wp-json\/wp\/v2\/comments?post=1339"}],"version-history":[{"count":4,"href":"https:\/\/pysslingen.se\/fyren\/en\/wp-json\/wp\/v2\/pages\/1339\/revisions"}],"predecessor-version":[{"id":1498,"href":"https:\/\/pysslingen.se\/fyren\/en\/wp-json\/wp\/v2\/pages\/1339\/revisions\/1498"}],"wp:attachment":[{"href":"https:\/\/pysslingen.se\/fyren\/en\/wp-json\/wp\/v2\/media?parent=1339"}],"curies":[{"name":"wp","href":"https:\/\/api.w.org\/{rel}","templated":true}]}}