{"id":1337,"date":"2022-03-16T15:29:49","date_gmt":"2022-03-16T15:29:49","guid":{"rendered":"https:\/\/pysslingen.se\/fyren\/?page_id=1337"},"modified":"2025-08-21T13:46:18","modified_gmt":"2025-08-21T11:46:18","slug":"visit-us","status":"publish","type":"page","link":"https:\/\/pysslingen.se\/fyren\/en\/visit-us\/","title":{"rendered":"Visit us"},"content":{"rendered":"\n<h1 class=\"wp-block-heading\"><strong>Welcome to visit Fyren preschool<\/strong><\/h1>\n\n\n\n<p>We are happy to show off our fine preschool! If you would like to come to a viewing, you are welcome to contact principle Ida Selin Augustsson via ida.selinaugustsson@pysslingen.se or 076-127 54 22<\/p>\n\n\n\n<div style=\"height:20px\" aria-hidden=\"true\" class=\"wp-block-spacer\"><\/div>\n\n\n\t<div\n\t\t class=\"container images-module \" >\n\n\t\t\t\t<div   id=\"images_col\" style=\"display:none\"\n\t\t\t class=\"col-md-6 p-4 position-relative \">\n\t\t<\/div>\n\n\t\t\t\t\n\t\t\n\t\t\t\t<div class=\"row images-module__row\">\n\n\t\t\t\t\t\t\t\t\t\t\n\t\t\t\t<div   data-url=\"https:\/\/pysslingen.se\/wp-content\/uploads\/sites\/120\/2022\/12\/fyren-garden.jpg\"\n\t\t\t\t\t data-description=\"\"\n\t\t\t\t\t data-styl=\"aspect-ratio: 625 \/ 567;object-position: center center;\"\n\t\t\t\t\t data-alt=\"tr\u00e4b\u00e5t med ballonger och tv\u00e5 sm\u00e5 tr\u00e4hus ute p\u00e5 f\u00f6rskoleg\u00e5rd\"\n\t\t\t\t\t class=\" \"\n\t\t\t\t>\n\t\t\t\t<\/div>\n\n\t\t\t\t\t\t\t\n\t\t\t\t<div   data-url=\"https:\/\/pysslingen.se\/wp-content\/uploads\/sites\/120\/2022\/12\/pyss-o-ling-1.jpg\"\n\t\t\t\t\t data-description=\"\"\n\t\t\t\t\t data-styl=\"aspect-ratio: 625 \/ 567;object-position: center center;\"\n\t\t\t\t\t data-alt=\"Pyss och Ling st\u00e5r ute p\u00e5 f\u00f6rskolans g\u00e5rd och h\u00e5ller om varandra\"\n\t\t\t\t\t class=\" \"\n\t\t\t\t>\n\t\t\t\t<\/div>\n\n\t\t\t\t\t<\/div>\n\n\n\t\t\t\t<div class=\"row\" id=\"images-module-gallery\">\n\t\t\t<div class=\"col-md-12 text-center\">\n\n\t\t\t\t<button   class=\"\n\t\t\t\td-none\t\t\t\tbtn px-4\n\t\t\t\t\t\t\t\tmy-2\n\t\t\t\tm-m-auto\n\t\t\t\ttext-center\">\n\t\t\t\t\tVisa alla bilder\n\t\t\t\t<\/button>\n\t\t\t<\/div>\n\t\t<\/div>\n\n\n\t<\/div>\n\n\t\n\n\n<script>\n\tvar images_display_descriptive_text = \"\";\n<\/script>\n","protected":false},"excerpt":{"rendered":"<p>Welcome to visit Fyren preschool We are happy to show off our fine preschool! If you would like to come to a viewing, you are welcome to contact principle Ida Selin Augustsson via ida.selinaugustsson@pysslingen.se or 076-127 54 22<\/p>\n","protected":false},"author":74,"featured_media":0,"parent":0,"menu_order":0,"comment_status":"closed","ping_status":"closed","template":"","meta":{"footnotes":""},"yoast_head":"<!-- This site is optimized with the Yoast SEO plugin v22.0 - https:\/\/yoast.com\/wordpress\/plugins\/seo\/ -->\n<title>You are welcome to visit us at the Fyren preschool!<\/title>\n<meta name=\"description\" content=\"You are welcome to visit us at the Fyren preschool! Contact us to experience our environment and meet our teachers. Read more!\" \/>\n<meta name=\"robots\" content=\"index, follow, max-snippet:-1, max-image-preview:large, max-video-preview:-1\" \/>\n<link rel=\"canonical\" href=\"https:\/\/pysslingen.se\/fyren\/en\/visit-us\/\" \/>\n<meta property=\"og:locale\" content=\"en_US\" \/>\n<meta property=\"og:type\" content=\"article\" \/>\n<meta property=\"og:title\" content=\"You are welcome to visit us at the Fyren preschool!\" \/>\n<meta property=\"og:description\" content=\"You are welcome to visit us at the Fyren preschool! Contact us to experience our environment and meet our teachers. Read more!\" \/>\n<meta property=\"og:url\" content=\"https:\/\/pysslingen.se\/fyren\/en\/visit-us\/\" \/>\n<meta property=\"og:site_name\" content=\"Fyren\" \/>\n<meta property=\"article:modified_time\" content=\"2025-08-21T11:46:18+00:00\" \/>\n<meta name=\"twitter:card\" content=\"summary_large_image\" \/>\n<meta name=\"twitter:title\" content=\"You are welcome to visit us at the Fyren preschool!\" \/>\n<meta name=\"twitter:description\" content=\"You are welcome to visit us at the Fyren preschool! Contact us to experience our environment and meet our teachers. Read more!\" \/>\n<meta name=\"twitter:image\" content=\"https:\/\/pysslingen.se\/wp-content\/uploads\/sites\/120\/2022\/12\/fyren-garden-1100x630.jpg\" \/>\n<meta name=\"twitter:label1\" content=\"Est. reading time\" \/>\n\t<meta name=\"twitter:data1\" content=\"1 minute\" \/>\n<script type=\"application\/ld+json\" class=\"yoast-schema-graph\">{\"@context\":\"https:\/\/schema.org\",\"@graph\":[{\"@type\":\"WebPage\",\"@id\":\"https:\/\/pysslingen.se\/fyren\/en\/visit-us\/\",\"url\":\"https:\/\/pysslingen.se\/fyren\/en\/visit-us\/\",\"name\":\"You are welcome to visit us at the Fyren preschool!\",\"isPartOf\":{\"@id\":\"https:\/\/pysslingen.se\/fyren\/#website\"},\"datePublished\":\"2022-03-16T15:29:49+00:00\",\"dateModified\":\"2025-08-21T11:46:18+00:00\",\"description\":\"You are welcome to visit us at the Fyren preschool! Contact us to experience our environment and meet our teachers. Read more!\",\"breadcrumb\":{\"@id\":\"https:\/\/pysslingen.se\/fyren\/en\/visit-us\/#breadcrumb\"},\"inLanguage\":\"en-US\",\"potentialAction\":[{\"@type\":\"ReadAction\",\"target\":[\"https:\/\/pysslingen.se\/fyren\/en\/visit-us\/\"]}]},{\"@type\":\"BreadcrumbList\",\"@id\":\"https:\/\/pysslingen.se\/fyren\/en\/visit-us\/#breadcrumb\",\"itemListElement\":[{\"@type\":\"ListItem\",\"position\":1,\"name\":\"Start\",\"item\":\"https:\/\/pysslingen.se\/fyren\/en\/\"},{\"@type\":\"ListItem\",\"position\":2,\"name\":\"Visit us\"}]},{\"@type\":\"WebSite\",\"@id\":\"https:\/\/pysslingen.se\/fyren\/#website\",\"url\":\"https:\/\/pysslingen.se\/fyren\/\",\"name\":\"Fyren\",\"description\":\"En trygg och stimulerande v\u00e4rld\",\"publisher\":{\"@id\":\"https:\/\/pysslingen.se\/fyren\/#organization\"},\"potentialAction\":[{\"@type\":\"SearchAction\",\"target\":{\"@type\":\"EntryPoint\",\"urlTemplate\":\"https:\/\/pysslingen.se\/fyren\/?s={search_term_string}\"},\"query-input\":\"required name=search_term_string\"}],\"inLanguage\":\"en-US\"},{\"@type\":\"Organization\",\"@id\":\"https:\/\/pysslingen.se\/fyren\/#organization\",\"name\":\"Pysslingen F\u00f6rskolor\",\"url\":\"https:\/\/pysslingen.se\/fyren\/\",\"logo\":{\"@type\":\"ImageObject\",\"inLanguage\":\"en-US\",\"@id\":\"https:\/\/pysslingen.se\/fyren\/#\/schema\/logo\/image\/\",\"url\":\"https:\/\/pysslingen.se\/wp-content\/uploads\/2021\/05\/pysslingen-forskolor.png\",\"contentUrl\":\"https:\/\/pysslingen.se\/wp-content\/uploads\/2021\/05\/pysslingen-forskolor.png\",\"width\":1120,\"height\":630,\"caption\":\"Pysslingen F\u00f6rskolor\"},\"image\":{\"@id\":\"https:\/\/pysslingen.se\/fyren\/#\/schema\/logo\/image\/\"}}]}<\/script>\n<!-- \/ Yoast SEO plugin. -->","yoast_head_json":{"title":"You are welcome to visit us at the Fyren preschool!","description":"You are welcome to visit us at the Fyren preschool! Contact us to experience our environment and meet our teachers. Read more!","robots":{"index":"index","follow":"follow","max-snippet":"max-snippet:-1","max-image-preview":"max-image-preview:large","max-video-preview":"max-video-preview:-1"},"canonical":"https:\/\/pysslingen.se\/fyren\/en\/visit-us\/","og_locale":"en_US","og_type":"article","og_title":"You are welcome to visit us at the Fyren preschool!","og_description":"You are welcome to visit us at the Fyren preschool! Contact us to experience our environment and meet our teachers. Read more!","og_url":"https:\/\/pysslingen.se\/fyren\/en\/visit-us\/","og_site_name":"Fyren","article_modified_time":"2025-08-21T11:46:18+00:00","twitter_card":"summary_large_image","twitter_title":"You are welcome to visit us at the Fyren preschool!","twitter_description":"You are welcome to visit us at the Fyren preschool! Contact us to experience our environment and meet our teachers. Read more!","twitter_image":"https:\/\/pysslingen.se\/wp-content\/uploads\/sites\/120\/2022\/12\/fyren-garden-1100x630.jpg","twitter_misc":{"Est. reading time":"1 minute"},"schema":{"@context":"https:\/\/schema.org","@graph":[{"@type":"WebPage","@id":"https:\/\/pysslingen.se\/fyren\/en\/visit-us\/","url":"https:\/\/pysslingen.se\/fyren\/en\/visit-us\/","name":"You are welcome to visit us at the Fyren preschool!","isPartOf":{"@id":"https:\/\/pysslingen.se\/fyren\/#website"},"datePublished":"2022-03-16T15:29:49+00:00","dateModified":"2025-08-21T11:46:18+00:00","description":"You are welcome to visit us at the Fyren preschool! Contact us to experience our environment and meet our teachers. Read more!","breadcrumb":{"@id":"https:\/\/pysslingen.se\/fyren\/en\/visit-us\/#breadcrumb"},"inLanguage":"en-US","potentialAction":[{"@type":"ReadAction","target":["https:\/\/pysslingen.se\/fyren\/en\/visit-us\/"]}]},{"@type":"BreadcrumbList","@id":"https:\/\/pysslingen.se\/fyren\/en\/visit-us\/#breadcrumb","itemListElement":[{"@type":"ListItem","position":1,"name":"Start","item":"https:\/\/pysslingen.se\/fyren\/en\/"},{"@type":"ListItem","position":2,"name":"Visit us"}]},{"@type":"WebSite","@id":"https:\/\/pysslingen.se\/fyren\/#website","url":"https:\/\/pysslingen.se\/fyren\/","name":"Fyren","description":"En trygg och stimulerande v\u00e4rld","publisher":{"@id":"https:\/\/pysslingen.se\/fyren\/#organization"},"potentialAction":[{"@type":"SearchAction","target":{"@type":"EntryPoint","urlTemplate":"https:\/\/pysslingen.se\/fyren\/?s={search_term_string}"},"query-input":"required name=search_term_string"}],"inLanguage":"en-US"},{"@type":"Organization","@id":"https:\/\/pysslingen.se\/fyren\/#organization","name":"Pysslingen F\u00f6rskolor","url":"https:\/\/pysslingen.se\/fyren\/","logo":{"@type":"ImageObject","inLanguage":"en-US","@id":"https:\/\/pysslingen.se\/fyren\/#\/schema\/logo\/image\/","url":"https:\/\/pysslingen.se\/wp-content\/uploads\/2021\/05\/pysslingen-forskolor.png","contentUrl":"https:\/\/pysslingen.se\/wp-content\/uploads\/2021\/05\/pysslingen-forskolor.png","width":1120,"height":630,"caption":"Pysslingen F\u00f6rskolor"},"image":{"@id":"https:\/\/pysslingen.se\/fyren\/#\/schema\/logo\/image\/"}}]}},"_links":{"self":[{"href":"https:\/\/pysslingen.se\/fyren\/en\/wp-json\/wp\/v2\/pages\/1337"}],"collection":[{"href":"https:\/\/pysslingen.se\/fyren\/en\/wp-json\/wp\/v2\/pages"}],"about":[{"href":"https:\/\/pysslingen.se\/fyren\/en\/wp-json\/wp\/v2\/types\/page"}],"author":[{"embeddable":true,"href":"https:\/\/pysslingen.se\/fyren\/en\/wp-json\/wp\/v2\/users\/74"}],"replies":[{"embeddable":true,"href":"https:\/\/pysslingen.se\/fyren\/en\/wp-json\/wp\/v2\/comments?post=1337"}],"version-history":[{"count":10,"href":"https:\/\/pysslingen.se\/fyren\/en\/wp-json\/wp\/v2\/pages\/1337\/revisions"}],"predecessor-version":[{"id":2329,"href":"https:\/\/pysslingen.se\/fyren\/en\/wp-json\/wp\/v2\/pages\/1337\/revisions\/2329"}],"wp:attachment":[{"href":"https:\/\/pysslingen.se\/fyren\/en\/wp-json\/wp\/v2\/media?parent=1337"}],"curies":[{"name":"wp","href":"https:\/\/api.w.org\/{rel}","templated":true}]}}