{"id":461,"date":"2020-10-16T12:33:05","date_gmt":"2020-10-16T12:33:05","guid":{"rendered":"https:\/\/pysslingen.se\/fryken\/?page_id=461"},"modified":"2026-05-08T09:40:50","modified_gmt":"2026-05-08T07:40:50","slug":"besok-oss","status":"publish","type":"page","link":"https:\/\/pysslingen.se\/fryken\/besok-oss\/","title":{"rendered":"Bes\u00f6k oss"},"content":{"rendered":"\n\t\n\t\n\t\n\n\t\n\t\n\t\t\n<section  class=\"c-block l-stacked  \" data-color-scheme=\"\">\n\t<div class=\"ams-fifty ams-fifty--container ams-fifty--right ams-fifty--bottom l-container u-pt-fluid-3xl-6xl u-pb-fluid-md-xl\">\n\t\t<div class=\"ams-fifty__content l-stack l-stack-xl is-left is-left@lg\">\n\t\t\t<div class=\"ams-fifty__text l-stack l-stack-lg\">\n\t\t\t\t\t\n\t<h1\n\tclass=\"c-heading u-font-title-1 \"\n\tstyle=\"\">\n\t\t\n\t\t\t\t\tBes\u00f6k oss p\u00e5 Frykens f\u00f6rskola\n\t\t\t\t\n\t<\/h1>\n\n\t\t\t\t\t\t\t\t\t<div class=\"text l-stack u-font-body\">\n\t\t\t\t\t\t<p>Varmt v\u00e4lkomna att bes\u00f6ka oss p\u00e5 Fryken! Vi erbjuder visning av f\u00f6rskolan f\u00f6r att du ska f\u00e5 en b\u00e4ttre uppfattning om v\u00e5r fina verksamhet.<\/p>\n<p><strong>V\u00e5ren 2026 har vi visning f\u00f6ljande datum:<\/strong><\/p>\n<ul>\n<li>28 maj kl 9.00<\/li>\n<li>18 juni kl. 9.00<\/li>\n<\/ul>\n<p><strong>H\u00f6sten 2026 har vi visning f\u00f6ljande datum:<\/strong><\/p>\n<ul>\n<li>27 augusti kl. 9.15<\/li>\n<li>24 september kl. 9.15<\/li>\n<li>22 oktober kl. 9.15<\/li>\n<li>26 november kl. 9.15<\/li>\n<li>11 december kl. 9.15<\/li>\n<\/ul>\n<p><span style=\"font-size: 1rem;\">Mejla g\u00e4rna n\u00e5gon av v\u00e5ra pedagoger och anm\u00e4l ert intresse f\u00f6r visning: <\/span><a style=\"background-color: #ffffff; font-size: 1rem;\" href=\"mailto:susanne.christensson@pysslingen.se\">susanne.christensson@pysslingen.se<\/a><span style=\"font-size: 1rem;\"> eller <\/span><a style=\"background-color: #ffffff; font-size: 1rem;\" href=\"mailto:pauline.solberg@pysslingen.se\">pauline.solberg@pysslingen.se<\/a><\/p>\n<div dir=\"ltr\">\n<div class=\"x_BodyFragment\">\n<div data-olk-copy-source=\"MessageBody\">\n<p>Vi ser fram emot att tr\u00e4ffa er!<\/p>\n<\/div>\n<\/div>\n<\/div>\n\n\t\t\t\t\t<\/div>\n\t\t\t\t\t\t\t<\/div>\n\n\t\t\t\t\t<\/div>\n\n\t\t <div class=\"ams-fifty__media u-ratio-landscape\">\n\t\t \t\t\t\t\t<img decoding=\"async\" width=\"600\" height=\"398\" src=\"https:\/\/pysslingen.se\/wp-content\/uploads\/sites\/52\/2025\/07\/fasad-2-1-600x398.jpg\" class=\"attachment-md size-md\" alt=\"Framsidan av Frykens f\u00f6rskola.\" sizes=\"(min-width: 64em) 600px, calc(100vw - 160px)\" srcset=\"https:\/\/pysslingen.se\/wp-content\/uploads\/sites\/52\/2025\/07\/fasad-2-1-600x398.jpg 600w, https:\/\/pysslingen.se\/wp-content\/uploads\/sites\/52\/2025\/07\/fasad-2-1-300x199.jpg 300w, https:\/\/pysslingen.se\/wp-content\/uploads\/sites\/52\/2025\/07\/fasad-2-1-400x265.jpg 400w, https:\/\/pysslingen.se\/wp-content\/uploads\/sites\/52\/2025\/07\/fasad-2-1-800x530.jpg 800w, https:\/\/pysslingen.se\/wp-content\/uploads\/sites\/52\/2025\/07\/fasad-2-1.jpg 928w\" \/>\n\t\t\t\n\t\t\t\n\t\t\t\t\t<\/div>\n\t<\/div>\n\n\t\t\n\n<\/section>\n\n\n\n\t\n\t\n\t\n\n\t\n\t\n\t\t\n<section id=\u00f6ppen_verksamhet class=\"c-block l-stacked  \" data-color-scheme=\"\">\n\t<div class=\"ams-fifty ams-fifty--container ams-fifty--left ams-fifty--bottom l-container u-pt-fluid-3xl-6xl u-pb-fluid-3xl-6xl\">\n\t\t<div class=\"ams-fifty__content l-stack l-stack-xl is-left is-left@lg\">\n\t\t\t<div class=\"ams-fifty__text l-stack l-stack-lg\">\n\t\t\t\t\t\n\t<h2\n\tclass=\"c-heading u-font-title-1 \"\n\tstyle=\"\">\n\t\t\n\t\t\t\t\t\t\t\t\t\u00d6ppen verksamhet\n\t\t\t\t<span class=\"c-heading__sub is-below u-font-title-3\">\n\t\t\t\t\tf\u00f6r dig som \u00e4r nyfiken p\u00e5 f\u00f6rskolan\n\t\t\t\t<\/span>\n\t\t\t\t\t\t\t\n\t<\/h2>\n\n\t\t\t\t\t\t\t\t\t<div class=\"text l-stack u-font-body\">\n\t\t\t\t\t\t<p style=\"text-align: left;\"><strong>V\u00e4lkomna till \u00f6ppen verksamhet p\u00e5 Frykens f\u00f6rskola f\u00f6ljande onsdagar kl 9.15-10.15:<\/strong><\/p>\n<ul>\n<li style=\"text-align: left;\">11 mars<\/li>\n<li style=\"text-align: left;\">15 april<\/li>\n<li style=\"text-align: left;\">13 maj<\/li>\n<li style=\"text-align: left;\">17 juni<\/li>\n<\/ul>\n<div class=\"x_elementToProof\" style=\"text-align: left;\"><span data-olk-copy-source=\"MessageBody\">Tillsammans med v\u00e5ra pedagoger f\u00e5r ni prova olika aktiviteter och se v\u00e5ra fina l\u00e4rmilj\u00f6er. <\/span>L\u00e5ter det sp\u00e4nnande? Anm\u00e4l ert bes\u00f6k hos v\u00e5ra samordnare senast dagen innan p\u00e5 tel. <a href=\"tel: 072-7098638\">072-709 86 38<\/a><\/div>\n<div class=\"x_elementToProof\" style=\"text-align: left;\">Ni hittar oss p\u00e5 Edagr\u00e4nd 7, varmt v\u00e4lkomna!<\/div>\n\n\t\t\t\t\t<\/div>\n\t\t\t\t\t\t\t<\/div>\n\n\t\t\t\t\t<\/div>\n\n\t\t <div class=\"ams-fifty__media u-ratio-landscape\">\n\t\t \t\t\t\t\t<img decoding=\"async\" width=\"600\" height=\"437\" src=\"https:\/\/pysslingen.se\/wp-content\/uploads\/sites\/52\/2026\/01\/visa-600x437.jpg\" class=\"attachment-md size-md\" alt=\"barn leker med klossar med en vuxen som ser p\u00e5\" sizes=\"(min-width: 64em) 600px, calc(100vw - 160px)\" srcset=\"https:\/\/pysslingen.se\/wp-content\/uploads\/sites\/52\/2026\/01\/visa-600x437.jpg 600w, https:\/\/pysslingen.se\/wp-content\/uploads\/sites\/52\/2026\/01\/visa-300x218.jpg 300w, https:\/\/pysslingen.se\/wp-content\/uploads\/sites\/52\/2026\/01\/visa-400x291.jpg 400w, https:\/\/pysslingen.se\/wp-content\/uploads\/sites\/52\/2026\/01\/visa-800x582.jpg 800w, https:\/\/pysslingen.se\/wp-content\/uploads\/sites\/52\/2026\/01\/visa-1024x746.jpg 1024w, https:\/\/pysslingen.se\/wp-content\/uploads\/sites\/52\/2026\/01\/visa-1200x874.jpg 1200w\" \/>\n\t\t\t\n\t\t\t\n\t\t\t\t\t<\/div>\n\t<\/div>\n\n\t\t\n\n\t<div class=\"c-overlay\" style=\"--overlay-bg: #ffdcdc;\"><\/div>\n<\/section>\n\n\n\n\t\n\t\n\t\n\n\t\n\t\n\t\t\n<section  class=\"c-block l-stacked  \" data-color-scheme=\"bakgrund-dark-hover-standard_standard\">\n\t<div class=\"ams-fifty ams-fifty--container ams-fifty--right ams-fifty--bottom l-container u-pt-fluid-md-xl u-pb-fluid-md-xl\">\n\t\t<div class=\"ams-fifty__content l-stack l-stack-xl is-left is-left@lg\">\n\t\t\t<div class=\"ams-fifty__text l-stack l-stack-lg\">\n\t\t\t\t\t\n\t<h2\n\tclass=\"c-heading u-font-title-1 \"\n\tstyle=\"\">\n\t\t\n\t\t\t\t\tVad inneb\u00e4r en visning?\n\t\t\t\t\n\t<\/h2>\n\n\t\t\t\t\t\t\t\t\t<div class=\"text l-stack u-font-body\">\n\t\t\t\t\t\t<p>Under visningen f\u00e5r ni en rundvandring i v\u00e5ra lokaler och vi ber\u00e4ttar hur vi arbetar f\u00f6r att skapa en trygg och l\u00e4rorik vardag f\u00f6r v\u00e5ra barn.<\/p>\n<p>Tre anledningar att boka en visning av f\u00f6rskolan:<br \/>\n&#8211; F\u00e5 en k\u00e4nsla f\u00f6r v\u00e5ra lokaler och milj\u00f6n p\u00e5 f\u00f6rskolan<br \/>\n&#8211; St\u00e4ll dina fr\u00e5gor direkt till en pedagog<br \/>\n&#8211; Se hur vi jobbar med trygghet och l\u00e4rande fr\u00e5n introduktionen till sista \u00e5ret p\u00e5 f\u00f6rskolan.<\/p>\n\n\t\t\t\t\t<\/div>\n\t\t\t\t\t\t\t<\/div>\n\n\t\t\t\t\t<\/div>\n\n\t\t <div class=\"ams-fifty__media u-ratio-landscape\">\n\t\t \t\t\t\t\t<img decoding=\"async\" width=\"600\" height=\"400\" src=\"https:\/\/pysslingen.se\/wp-content\/uploads\/sites\/52\/2020\/10\/flicka-hanger-upp-klader-1024x683-1.jpg\" class=\"attachment-md size-md\" alt=\"Flicka h\u00e4nger upp kl\u00e4der p\u00e5 f\u00f6rskolan\" sizes=\"(min-width: 64em) 600px, calc(100vw - 160px)\" srcset=\"https:\/\/pysslingen.se\/wp-content\/uploads\/sites\/52\/2020\/10\/flicka-hanger-upp-klader-1024x683-1.jpg 1024w, https:\/\/pysslingen.se\/wp-content\/uploads\/sites\/52\/2020\/10\/flicka-hanger-upp-klader-1024x683-1-300x200.jpg 300w, https:\/\/pysslingen.se\/wp-content\/uploads\/sites\/52\/2020\/10\/flicka-hanger-upp-klader-1024x683-1-768x512.jpg 768w, https:\/\/pysslingen.se\/wp-content\/uploads\/sites\/52\/2020\/10\/flicka-hanger-upp-klader-1024x683-1-1000x667.jpg 1000w\" \/>\n\t\t\t\n\t\t\t\n\t\t\t\t\t<\/div>\n\t<\/div>\n\n\t\t\n\n<\/section>\n\n\n\n\n\n<section  class=\"ams-open-house ams_open_house_event_module c-block l-stacked js-load-more\" data-color-scheme=\"usp-yellow-background-blue-cards\" data-count=\"3\" data-count-mobile=\"2\">\n\t<div class=\"l-container l-stack l-stack-fluid-2xl u-pt-fluid-3xl-6xl u-pb-fluid-3xl-6xl is-center is-center@md\">\n\t\t\t\t\t<div class=\"ams-open-house__intro l-stack l-stack-lg\">\n\t\t\t\t\t\n\t<h2\n\tclass=\"c-heading u-font-title-1 \"\n\tstyle=\"\">\n\t\t\n\t\t\t\t\t\u00d6ppet hus p\u00e5 Pysslingen Fryken\n\t\t\t\t\n\t<\/h2>\n\n\t\t\t\t\t\t\t\t\t<div class=\"c-text l-stack u-cs-xl u-font-body\">\n\t\t\t\t\t\t<p>Vid \u00f6ppet hus f\u00e5r ni tr\u00e4ffa v\u00e5ra pedagoger, se v\u00e5ra fina l\u00e4rmilj\u00f6er och h\u00f6ra mer om v\u00e5r verksamhet. V\u00e5r kock bjuder p\u00e5 hembakat!<\/p>\n\n\t\t\t\t\t<\/div>\n\t\t\t\t\t\t\t<\/div>\n\t\t\n\t\t\n\t\n\t    \n\t\n\t\n\t\t\n\t\t<ul\n\t\t\tid=\"ams-open-house-list-6a00a8df54aad\" class=\"ams-open-house__list l-grid u-gap-2xl u-justify-center js-results  \"\n\t\t\taria-label=\"\u00d6ppet hus\"\n\t\t\tdata-filter-animation=\"off\">\n\n\t\t\t\t\t\t\t\t\t\t\t\t\t\t\t\n\t\t\t\t\t\t\t\n\t\t\t\t\t\t\t<li class=\"l-col-6@md l-col-4@lg ams_module_filter_cards\">\n\t\t\t\t\t<article class=\"c-card \" data-style=\"rounded\" data-variant=\"default\">\n\t\t\t\t\t\t<div class=\"c-card__content\">\n\t\t\t\t\t\t\t<p class=\"c-card__text\">\n\t\t\t\t\t\t\t\tInga datum f\u00f6r \u00f6ppet hus inplanerade just nu. Kontakta v\u00e5r samordnare om du vill boka in en visning.\n\t\t\t\t\t\t\t<\/p>\n\t\t\t\t\t\t<\/div>\n\t\t\t\t\t<\/article>\n\t\t\t\t<\/li>\n\t\t\t\t\t<\/ul>\n\n\t\n\t<div class=\"no-results u-mt-0 u-hide\" data-filter-fallback-id=\"ams-open-house-list-6a00a8df54aad\">\n\t<p>Det finns inga resultat som matchar din filtrering.<\/p>\n<\/div>\n\n\t\n\n\t\t\n\t\t\t<\/div>\n\n\t\t\n\n<\/section>\n","protected":false},"excerpt":{"rendered":"","protected":false},"author":3,"featured_media":0,"parent":0,"menu_order":0,"comment_status":"closed","ping_status":"closed","template":"","meta":{"footnotes":""},"yoast_head":"<!-- This site is optimized with the Yoast SEO plugin v22.0 - https:\/\/yoast.com\/wordpress\/plugins\/seo\/ -->\n<title>V\u00e4lkommen att bes\u00f6ka oss p\u00e5 f\u00f6rskolan Fryken!<\/title>\n<meta name=\"description\" content=\"V\u00e4lkommen att bes\u00f6ka oss p\u00e5 f\u00f6rskolan Fryken! Kontakta oss f\u00f6r att komma p\u00e5 visning, uppleva v\u00e5r milj\u00f6 och tr\u00e4ffa v\u00e5ra pedagoger. L\u00e4s mer!\" \/>\n<meta name=\"robots\" content=\"index, follow, max-snippet:-1, max-image-preview:large, max-video-preview:-1\" \/>\n<link rel=\"canonical\" href=\"https:\/\/pysslingen.se\/fryken\/besok-oss\/\" \/>\n<meta property=\"og:locale\" content=\"sv_SE\" \/>\n<meta property=\"og:type\" content=\"article\" \/>\n<meta property=\"og:title\" content=\"V\u00e4lkommen att bes\u00f6ka oss p\u00e5 f\u00f6rskolan Fryken!\" \/>\n<meta property=\"og:description\" content=\"V\u00e4lkommen att bes\u00f6ka oss p\u00e5 f\u00f6rskolan Fryken! Kontakta oss f\u00f6r att komma p\u00e5 visning, uppleva v\u00e5r milj\u00f6 och tr\u00e4ffa v\u00e5ra pedagoger. L\u00e4s mer!\" \/>\n<meta property=\"og:url\" content=\"https:\/\/pysslingen.se\/fryken\/besok-oss\/\" \/>\n<meta property=\"og:site_name\" content=\"Fryken\" \/>\n<meta property=\"article:modified_time\" content=\"2026-05-08T07:40:50+00:00\" \/>\n<meta name=\"twitter:card\" content=\"summary_large_image\" \/>\n<meta name=\"twitter:title\" content=\"V\u00e4lkommen att bes\u00f6ka oss p\u00e5 f\u00f6rskolan Fryken!\" \/>\n<meta name=\"twitter:description\" content=\"V\u00e4lkommen att bes\u00f6ka oss p\u00e5 f\u00f6rskolan Fryken! Kontakta oss f\u00f6r att komma p\u00e5 visning, uppleva v\u00e5r milj\u00f6 och tr\u00e4ffa v\u00e5ra pedagoger. L\u00e4s mer!\" \/>\n<script type=\"application\/ld+json\" class=\"yoast-schema-graph\">{\"@context\":\"https:\/\/schema.org\",\"@graph\":[{\"@type\":\"WebPage\",\"@id\":\"https:\/\/pysslingen.se\/fryken\/besok-oss\/\",\"url\":\"https:\/\/pysslingen.se\/fryken\/besok-oss\/\",\"name\":\"V\u00e4lkommen att bes\u00f6ka oss p\u00e5 f\u00f6rskolan Fryken!\",\"isPartOf\":{\"@id\":\"https:\/\/pysslingen.se\/fryken\/#website\"},\"datePublished\":\"2020-10-16T12:33:05+00:00\",\"dateModified\":\"2026-05-08T07:40:50+00:00\",\"description\":\"V\u00e4lkommen att bes\u00f6ka oss p\u00e5 f\u00f6rskolan Fryken! Kontakta oss f\u00f6r att komma p\u00e5 visning, uppleva v\u00e5r milj\u00f6 och tr\u00e4ffa v\u00e5ra pedagoger. L\u00e4s mer!\",\"breadcrumb\":{\"@id\":\"https:\/\/pysslingen.se\/fryken\/besok-oss\/#breadcrumb\"},\"inLanguage\":\"sv-SE\",\"potentialAction\":[{\"@type\":\"ReadAction\",\"target\":[\"https:\/\/pysslingen.se\/fryken\/besok-oss\/\"]}]},{\"@type\":\"BreadcrumbList\",\"@id\":\"https:\/\/pysslingen.se\/fryken\/besok-oss\/#breadcrumb\",\"itemListElement\":[{\"@type\":\"ListItem\",\"position\":1,\"name\":\"Start\",\"item\":\"https:\/\/pysslingen.se\/fryken\/\"},{\"@type\":\"ListItem\",\"position\":2,\"name\":\"Bes\u00f6k oss\"}]},{\"@type\":\"WebSite\",\"@id\":\"https:\/\/pysslingen.se\/fryken\/#website\",\"url\":\"https:\/\/pysslingen.se\/fryken\/\",\"name\":\"Fryken\",\"description\":\"En trygg och stimulerande v\u00e4rld\",\"publisher\":{\"@id\":\"https:\/\/pysslingen.se\/fryken\/#organization\"},\"potentialAction\":[{\"@type\":\"SearchAction\",\"target\":{\"@type\":\"EntryPoint\",\"urlTemplate\":\"https:\/\/pysslingen.se\/fryken\/?s={search_term_string}\"},\"query-input\":\"required name=search_term_string\"}],\"inLanguage\":\"sv-SE\"},{\"@type\":\"Organization\",\"@id\":\"https:\/\/pysslingen.se\/fryken\/#organization\",\"name\":\"Pysslingen F\u00f6rskolor\",\"url\":\"https:\/\/pysslingen.se\/fryken\/\",\"logo\":{\"@type\":\"ImageObject\",\"inLanguage\":\"sv-SE\",\"@id\":\"https:\/\/pysslingen.se\/fryken\/#\/schema\/logo\/image\/\",\"url\":\"https:\/\/pysslingen.se\/wp-content\/uploads\/2021\/05\/pysslingen-forskolor.png\",\"contentUrl\":\"https:\/\/pysslingen.se\/wp-content\/uploads\/2021\/05\/pysslingen-forskolor.png\",\"width\":1120,\"height\":630,\"caption\":\"Pysslingen F\u00f6rskolor\"},\"image\":{\"@id\":\"https:\/\/pysslingen.se\/fryken\/#\/schema\/logo\/image\/\"}}]}<\/script>\n<!-- \/ Yoast SEO plugin. -->","yoast_head_json":{"title":"V\u00e4lkommen att bes\u00f6ka oss p\u00e5 f\u00f6rskolan Fryken!","description":"V\u00e4lkommen att bes\u00f6ka oss p\u00e5 f\u00f6rskolan Fryken! Kontakta oss f\u00f6r att komma p\u00e5 visning, uppleva v\u00e5r milj\u00f6 och tr\u00e4ffa v\u00e5ra pedagoger. L\u00e4s mer!","robots":{"index":"index","follow":"follow","max-snippet":"max-snippet:-1","max-image-preview":"max-image-preview:large","max-video-preview":"max-video-preview:-1"},"canonical":"https:\/\/pysslingen.se\/fryken\/besok-oss\/","og_locale":"sv_SE","og_type":"article","og_title":"V\u00e4lkommen att bes\u00f6ka oss p\u00e5 f\u00f6rskolan Fryken!","og_description":"V\u00e4lkommen att bes\u00f6ka oss p\u00e5 f\u00f6rskolan Fryken! Kontakta oss f\u00f6r att komma p\u00e5 visning, uppleva v\u00e5r milj\u00f6 och tr\u00e4ffa v\u00e5ra pedagoger. L\u00e4s mer!","og_url":"https:\/\/pysslingen.se\/fryken\/besok-oss\/","og_site_name":"Fryken","article_modified_time":"2026-05-08T07:40:50+00:00","twitter_card":"summary_large_image","twitter_title":"V\u00e4lkommen att bes\u00f6ka oss p\u00e5 f\u00f6rskolan Fryken!","twitter_description":"V\u00e4lkommen att bes\u00f6ka oss p\u00e5 f\u00f6rskolan Fryken! Kontakta oss f\u00f6r att komma p\u00e5 visning, uppleva v\u00e5r milj\u00f6 och tr\u00e4ffa v\u00e5ra pedagoger. L\u00e4s mer!","schema":{"@context":"https:\/\/schema.org","@graph":[{"@type":"WebPage","@id":"https:\/\/pysslingen.se\/fryken\/besok-oss\/","url":"https:\/\/pysslingen.se\/fryken\/besok-oss\/","name":"V\u00e4lkommen att bes\u00f6ka oss p\u00e5 f\u00f6rskolan Fryken!","isPartOf":{"@id":"https:\/\/pysslingen.se\/fryken\/#website"},"datePublished":"2020-10-16T12:33:05+00:00","dateModified":"2026-05-08T07:40:50+00:00","description":"V\u00e4lkommen att bes\u00f6ka oss p\u00e5 f\u00f6rskolan Fryken! Kontakta oss f\u00f6r att komma p\u00e5 visning, uppleva v\u00e5r milj\u00f6 och tr\u00e4ffa v\u00e5ra pedagoger. L\u00e4s mer!","breadcrumb":{"@id":"https:\/\/pysslingen.se\/fryken\/besok-oss\/#breadcrumb"},"inLanguage":"sv-SE","potentialAction":[{"@type":"ReadAction","target":["https:\/\/pysslingen.se\/fryken\/besok-oss\/"]}]},{"@type":"BreadcrumbList","@id":"https:\/\/pysslingen.se\/fryken\/besok-oss\/#breadcrumb","itemListElement":[{"@type":"ListItem","position":1,"name":"Start","item":"https:\/\/pysslingen.se\/fryken\/"},{"@type":"ListItem","position":2,"name":"Bes\u00f6k oss"}]},{"@type":"WebSite","@id":"https:\/\/pysslingen.se\/fryken\/#website","url":"https:\/\/pysslingen.se\/fryken\/","name":"Fryken","description":"En trygg och stimulerande v\u00e4rld","publisher":{"@id":"https:\/\/pysslingen.se\/fryken\/#organization"},"potentialAction":[{"@type":"SearchAction","target":{"@type":"EntryPoint","urlTemplate":"https:\/\/pysslingen.se\/fryken\/?s={search_term_string}"},"query-input":"required name=search_term_string"}],"inLanguage":"sv-SE"},{"@type":"Organization","@id":"https:\/\/pysslingen.se\/fryken\/#organization","name":"Pysslingen F\u00f6rskolor","url":"https:\/\/pysslingen.se\/fryken\/","logo":{"@type":"ImageObject","inLanguage":"sv-SE","@id":"https:\/\/pysslingen.se\/fryken\/#\/schema\/logo\/image\/","url":"https:\/\/pysslingen.se\/wp-content\/uploads\/2021\/05\/pysslingen-forskolor.png","contentUrl":"https:\/\/pysslingen.se\/wp-content\/uploads\/2021\/05\/pysslingen-forskolor.png","width":1120,"height":630,"caption":"Pysslingen F\u00f6rskolor"},"image":{"@id":"https:\/\/pysslingen.se\/fryken\/#\/schema\/logo\/image\/"}}]}},"_links":{"self":[{"href":"https:\/\/pysslingen.se\/fryken\/wp-json\/wp\/v2\/pages\/461"}],"collection":[{"href":"https:\/\/pysslingen.se\/fryken\/wp-json\/wp\/v2\/pages"}],"about":[{"href":"https:\/\/pysslingen.se\/fryken\/wp-json\/wp\/v2\/types\/page"}],"author":[{"embeddable":true,"href":"https:\/\/pysslingen.se\/fryken\/wp-json\/wp\/v2\/users\/3"}],"replies":[{"embeddable":true,"href":"https:\/\/pysslingen.se\/fryken\/wp-json\/wp\/v2\/comments?post=461"}],"version-history":[{"count":10,"href":"https:\/\/pysslingen.se\/fryken\/wp-json\/wp\/v2\/pages\/461\/revisions"}],"predecessor-version":[{"id":1745,"href":"https:\/\/pysslingen.se\/fryken\/wp-json\/wp\/v2\/pages\/461\/revisions\/1745"}],"wp:attachment":[{"href":"https:\/\/pysslingen.se\/fryken\/wp-json\/wp\/v2\/media?parent=461"}],"curies":[{"name":"wp","href":"https:\/\/api.w.org\/{rel}","templated":true}]}}