{"id":1374,"date":"2025-05-05T09:46:15","date_gmt":"2025-05-05T07:46:15","guid":{"rendered":"https:\/\/pysslingen.se\/flygaren\/?page_id=1374"},"modified":"2025-05-05T09:46:16","modified_gmt":"2025-05-05T07:46:16","slug":"simskola","status":"publish","type":"page","link":"https:\/\/pysslingen.se\/flygaren\/simskola\/","title":{"rendered":"Simskola"},"content":{"rendered":"\n\t\n\t\n\t\n\n\t\n\t\n\t\t\n<section  class=\"c-block l-stacked  \" data-color-scheme=\"nyans2_av_cta-hover-standard\">\n\t<div class=\"ams-fifty ams-fifty--container ams-fifty--right ams-fifty--bottom l-container u-pt-fluid-2xl-4xl u-pb-fluid-2xl-4xl\">\n\t\t<div class=\"ams-fifty__content l-stack l-stack-xl is-left is-left@lg\">\n\t\t\t<div class=\"ams-fifty__text l-stack l-stack-lg\">\n\t\t\t\t\t\n\t<h1\n\tclass=\"c-heading u-font-title-1 \"\n\tstyle=\"\">\n\t\t\n\t\t\t\t\t\t\t\t\tHur fungerar simskola p\u00e5 f\u00f6rskolan?\n\t\t\t\t<span class=\"c-heading__sub is-below u-font-title-3\">\n\t\t\t\t\tPysslingen Flygaren\n\t\t\t\t<\/span>\n\t\t\t\t\t\t\t\n\t<\/h1>\n\n\t\t\t\t\t\t\t\t\t<div class=\"text l-stack u-font-body\">\n\t\t\t\t\t\t<p>P\u00e5 Flygarens f\u00f6rskola i Halmstad erbjuder vi simskola f\u00f6r de \u00e4ldsta barnen, som en del av v\u00e5rt Sista \u00e5ret-koncept, d\u00e4r vi p\u00e5 ett lekfullt och pedagogiskt s\u00e4tt f\u00f6rbereder barnen inf\u00f6r skolstarten. Barnen f\u00e5r under flera tillf\u00e4llen l\u00e4ra sig simningens grunder under ledning av erfarna och utbildade instrukt\u00f6rer. M\u00e5let \u00e4r inte bara att utveckla barnens simkunnighet, utan \u00e4ven att st\u00e4rka barnens trygghet och s\u00e4kerhet i vattnet.<\/p>\n\n\t\t\t\t\t<\/div>\n\t\t\t\t\t\t\t<\/div>\n\n\t\t\t\t\t<\/div>\n\n\t\t <div class=\"ams-fifty__media u-ratio-landscape\">\n\t\t \t\t\t\t\t<img decoding=\"async\" width=\"600\" height=\"600\" src=\"https:\/\/pysslingen.se\/wp-content\/uploads\/sites\/51\/2025\/05\/bubblar-vatten-600x600.png\" class=\"attachment-md size-md\" alt=\"Pyss bubblar i vattnet.\" sizes=\"(min-width: 64em) 600px, calc(100vw - 160px)\" srcset=\"https:\/\/pysslingen.se\/wp-content\/uploads\/sites\/51\/2025\/05\/bubblar-vatten-600x600.png 600w, https:\/\/pysslingen.se\/wp-content\/uploads\/sites\/51\/2025\/05\/bubblar-vatten-150x150.png 150w, https:\/\/pysslingen.se\/wp-content\/uploads\/sites\/51\/2025\/05\/bubblar-vatten-300x300.png 300w, https:\/\/pysslingen.se\/wp-content\/uploads\/sites\/51\/2025\/05\/bubblar-vatten-400x400.png 400w, https:\/\/pysslingen.se\/wp-content\/uploads\/sites\/51\/2025\/05\/bubblar-vatten-800x800.png 800w, https:\/\/pysslingen.se\/wp-content\/uploads\/sites\/51\/2025\/05\/bubblar-vatten-1024x1024.png 1024w, https:\/\/pysslingen.se\/wp-content\/uploads\/sites\/51\/2025\/05\/bubblar-vatten-1200x1200.png 1200w\" \/>\n\t\t\t\n\t\t\t\n\t\t\t\t\t<\/div>\n\t<\/div>\n\n\t\t\n\n<\/section>\n\n\n\n\t\n\t\n\t\n\n\t\n\t\n\t\t\n<section  class=\"c-block l-stacked  \" data-color-scheme=\"nyans2_av_cta-hover-standard\">\n\t<div class=\"ams-fifty ams-fifty--container ams-fifty--left ams-fifty--bottom l-container u-pt-fluid-2xl-4xl u-pb-fluid-2xl-4xl\">\n\t\t<div class=\"ams-fifty__content l-stack l-stack-xl is-left is-left@lg\">\n\t\t\t<div class=\"ams-fifty__text l-stack l-stack-lg\">\n\t\t\t\t\t\n\t<h2\n\tclass=\"c-heading u-font-title-1 \"\n\tstyle=\"\">\n\t\t\n\t\t\t\t\tOm Pysslingen Flygaren i Halmstad\n\t\t\t\t\n\t<\/h2>\n\n\t\t\t\t\t\t\t\t\t<div class=\"text l-stack u-font-body\">\n\t\t\t\t\t\t<p>Flygaren \u00e4r bel\u00e4gen i de centrala delarna av Halmstad. Omr\u00e5det V\u00e4stra F\u00f6rstaden har n\u00e4ra till strand och skog och ger m\u00f6jligheter till varierande l\u00e4rmilj\u00f6er. Verksamheten genomsyras av v\u00e5r inriktning h\u00e4lsa och h\u00e5llbarhet.<\/p>\n<p>Vi anpassar v\u00e5ra l\u00e4rmilj\u00f6er efter de projekt som p\u00e5g\u00e5r och efter barnens intressen och behov. P\u00e5 v\u00e5r egen g\u00e5rd utmanas barnen till lek, r\u00f6relse och utforskande. H\u00e4r finns bland annat balansbana, sandl\u00e5dor och lekhus.<\/p>\n\n\t\t\t\t\t<\/div>\n\t\t\t\t\t\t\t<\/div>\n\n\t\t\t\t\t<\/div>\n\n\t\t <div class=\"ams-fifty__media u-ratio-landscape\">\n\t\t \t\t\t\t\t<img decoding=\"async\" width=\"600\" height=\"400\" src=\"https:\/\/pysslingen.se\/wp-content\/uploads\/sites\/51\/2020\/11\/flickor-skapar-pa-forskola-2.jpg\" class=\"attachment-md size-md\" alt=\"Flickor skapar p\u00e5 f\u00f6rskola\" sizes=\"(min-width: 64em) 600px, calc(100vw - 160px)\" srcset=\"https:\/\/pysslingen.se\/wp-content\/uploads\/sites\/51\/2020\/11\/flickor-skapar-pa-forskola-2.jpg 612w, https:\/\/pysslingen.se\/wp-content\/uploads\/sites\/51\/2020\/11\/flickor-skapar-pa-forskola-2-300x200.jpg 300w\" \/>\n\t\t\t\n\t\t\t\n\t\t\t\t\t<\/div>\n\t<\/div>\n\n\t\t\n\n<\/section>\n\n\n\n\n<section  class=\"ams-cta ams-cta--stacked c-block l-stacked\" data-color-scheme=\"usp-pink-background-blue-cards\">\n\t<div class=\"l-container l-stack l-stack-fluid-2xl u-pt-fluid-3xl-6xl u-pb-fluid-3xl-6xl is-center is-center@md\">\n\t\t\t\t\t<div class=\"ams-cta__intro l-stack l-stack-lg\">\n\t\t\t\t\t\n\t<h2\n\tclass=\"c-heading u-font-title-1 \"\n\tstyle=\"\">\n\t\t\n\t\t\t\t\tAns\u00f6k till f\u00f6rskolan Flygaren:\n\t\t\t\t\n\t<\/h2>\n\n\t\t\t\t\t\t\t\t\t<div class=\"c-text l-stack u-cs-xl u-font-body\">\n\t\t\t\t\t\t<p class=\"p1\">Vad roligt att du \u00e4r intresserad av en plats hos oss p\u00e5 Flygarens f\u00f6rskola!<\/p>\n<p class=\"p1\">F\u00f6rskolan ing\u00e5r i Halmstads kommuns gemensamma k\u00f6 och f\u00f6ljer samma regler. P\u00e5\u00a0<a href=\"https:\/\/www.halmstad.se\/barnochutbildning\/forskolaochpedagogiskomsorg.n6320.html\"><b>kommunens webb\u00a0<\/b><\/a><a href=\"https:\/\/www.halmstad.se\/barnochutbildning\/forskolaochpedagogiskomsorg.n6320.html\"><b>(\u00f6ppnas i nytt f\u00f6nster)<\/b><\/a>kan du l\u00e4sa mer.<\/p>\n<p class=\"p1\">Har du fr\u00e5gor, kontakta g\u00e4rna v\u00e5r intendent, <a href=\"https:\/\/pysslingen.se\/flygaren\/kontakt\/\">kontaktuppgifter hittar du\u00a0<b>h\u00e4r<\/b>.<\/a><\/p>\n\n\t\t\t\t\t<\/div>\n\t\t\t\t\t\t\t<\/div>\n\t\t\n\t\t\n\t\t\t<div class=\"ams-cta__action u-inline-items\">\n\t\t\t\t\t\t\t\n\n\n<a href=\"https:\/\/www.halmstad.se\/barnochutbildning\/forskolaochpedagogiskomsorg.n6320.html\"\n\t\n\tclass=\"c-btn \"\n\tdata-style=\"rounded\"\n\tdata-size=\"md\"\n\tdata-width=\"full-mobile\"\n\tdata-variant=\"default\"\n\ttarget=\"_blank\">\n\t\t\t<span class=\"label\"> Till k\u00f6anm\u00e4lan<\/span>\n\t\t\t<\/a>\n\t\t\t<\/div>\n\t<\/div>\n\n\t\t\n\n<\/section>\n\n\n\n<section \n\t\t class=\"\n\t\t ams-contact\n\t\t \n\t\t c-block l-stacked\n\t\t \n\t\t \n\t\t js-load-more\n\t\t \"\n\t\t data-color-scheme=\"\"\n\t\t\t\t\tdata-count=\"3\"\n\t\t\t\t\t\t\tdata-count-mobile=\"2\"\n\t\t\t\t>\n\t<div\n\t\t class=\"\n\t\t l-container\n\t\t l-stack l-stack-fluid-2xl\n\t\t u-pt-fluid-md-xl\n\t\t u-pb-fluid-md-xl\n\t\t is-center\n\t\t is-center@md\n\t\t \">\n\t\t\t\t\t<div class=\"ams-contact__intro l-stack l-stack-lg\">\n\t\t\t\t\t\n\t<h2\n\tclass=\"c-heading u-font-title-1 \"\n\tstyle=\"\">\n\t\t\n\t\t\t\t\tKontakta oss:\n\t\t\t\t\n\t<\/h2>\n\n\t\t\t\t\t\t\t\t\t<div class=\"c-text l-stack u-cs-xl u-font-body\">\n\t\t\t\t\t\t<p>Om du har n\u00e5gon fr\u00e5ga eller fundering om v\u00e5r f\u00f6rskola, tveka inte p\u00e5 att kontakta oss.<\/p>\n\n\t\t\t\t\t<\/div>\n\t\t\t\t\t\t\t<\/div>\n\t\t\n\t\t\n\t\t    \t\n\t\t\n\t\t<ul\n\t\t\tid=\"contact-grid-69f57357dd1c1\"\n\t\t\tclass=\"ams-contact__list l-grid u-gap-fluid-2xl-4xl u-justify-center js-results \"\n\t\t\taria-label=\"Kontakter\"\n\t\t\tdata-filter-animation=\"off\"\n\t\t\t>\n\t\t\t\t\t\t\t\t\t\t\t\n\t\t\t\t\n\t\t\t\t<li class=\"l-col-6@md l-col-4@lg \" data-filter=\"b\">\n\t\t\t\t\t<article class=\"c-card \" data-variant=\"neutral\">\n\t\t\t\t\t\t<div class=\"c-card__content u-text-center\">\n\t\t\t\t\t\t\t\t\t\t\t\t\t\t\t<h3 class=\"c-card__title u-font-title-3\">\n\t\t\t\t\t\t\t\t\tAnne Karlsson\n\t\t\t\t\t\t\t\t<\/h3>\n\t\t\t\t\t\t\t\n\t\t\t\t\t\t\t\t\t\t\t\t\t\t\t<p class=\"position u-font-body\">Rektor<\/p>\n\t\t\t\t\t\t\t\n\t\t\t\t\t\t\t\t\t\t\t\t\t\t\t<div class=\"contact-info u-font-body\">\n\t\t\t\t\t\t\t\t\t\t\t\t\t\t\t\t\t\t\t\t\t\t\t\t\t\t\t\t\t\t<p class=\"phone\"><a\n\t\t\t\t\t\t\t\t\t\t\t\t\thref=\"tel:0722016321\"\n\t\t\t\t\t\t\t\t\t\t\t\t\tclass=\"u-text-link\">072-201 63 21<\/a>\n\t\t\t\t\t\t\t\t\t\t\t<\/p>\n\t\t\t\t\t\t\t\t\t\t\t\t\t\t\t\t\t\t\t\n\t\t\t\t\t\t\t\t\t\t\t\t\t\t\t\t\t\t\t\t\t\t\t\t\t\t\t\t\t\t<p class=\"email\"><a\n\t\t\t\t\t\t\t\t\t\t\t\t\thref=\"ma&#105;&#108;&#116;&#111;&#058;&#097;nne.&#107;&#097;&#114;&#108;s&#115;o&#110;&#064;&#112;&#121;&#115;slin&#103;&#101;n&#046;&#115;e\"\n\t\t\t\t\t\t\t\t\t\t\t\t\tclass=\"u-text-link\">&#097;&#110;&#110;e&#046;&#107;&#097;r&#108;sson&#064;&#112;&#121;s&#115;&#108;&#105;ng&#101;n.&#115;&#101;<\/a>\n\t\t\t\t\t\t\t\t\t\t\t<\/p>\n\t\t\t\t\t\t\t\t\t\t\t\t\t\t\t\t\t\t\t\t\t\t\t\t\t\t\t<\/div>\n\t\t\t\t\t\t\t\n\t\t\t\t\t\t\t\t\t\t\t\t\t<\/div>\n\t\t\t\t\t\t<div class=\"c-card__media\">\n\t\t\t\t\t\t\t\t\t\t\t\t\t\t\t\t\t\t\t\t\t\t\t\t\t\t\t\t\t\t\t\t\t\t\t\t\t\t\t\t\t\t\t\t\t\t\t\t\t<img decoding=\"async\" width=\"400\" height=\"374\" src=\"https:\/\/pysslingen.se\/wp-content\/uploads\/sites\/51\/2020\/11\/profilbild-ak-400x374.jpg\" class=\"u-radius-rounded u-ratio-landscape  \" alt=\"Portr\u00e4ttbild rektor\" sizes=\"(max-width: 300px) 100vw, 300px\" srcset=\"https:\/\/pysslingen.se\/wp-content\/uploads\/sites\/51\/2020\/11\/profilbild-ak-400x374.jpg 400w, https:\/\/pysslingen.se\/wp-content\/uploads\/sites\/51\/2020\/11\/profilbild-ak-300x280.jpg 300w, https:\/\/pysslingen.se\/wp-content\/uploads\/sites\/51\/2020\/11\/profilbild-ak-600x560.jpg 600w, https:\/\/pysslingen.se\/wp-content\/uploads\/sites\/51\/2020\/11\/profilbild-ak-800x747.jpg 800w, https:\/\/pysslingen.se\/wp-content\/uploads\/sites\/51\/2020\/11\/profilbild-ak-1024x956.jpg 1024w, https:\/\/pysslingen.se\/wp-content\/uploads\/sites\/51\/2020\/11\/profilbild-ak-1200x1121.jpg 1200w, https:\/\/pysslingen.se\/wp-content\/uploads\/sites\/51\/2020\/11\/profilbild-ak.jpg 1468w\" \/>\n\t\t\t\t\t\t<\/div>\n\t\t\t\t\t<\/article>\n\t\t\t\t<\/li>\n\t\t\t\t\t<\/ul>\n\n\t\t\n\t\t    <div class=\"ams-contact__more u-inline-items js-load-more-btn\">\n        <button href=\"#\"\n                class=\"c-btn\"\n                data-style=\"rounded\"\n                data-size=\"md\"\n                data-width=\"full-mobile\"\n                data-variant=\"outline\">\n        \tVisa mer\n        <\/button>\n    <\/div>\n\n\t\t\t<\/div>\n\n\t\t\n\n<\/section>\n\n\n\n\n<section  class=\"ams-cta ams-cta--stacked c-block l-stacked\">\n\t<div class=\"l-container l-stack l-stack-fluid-2xl u-pt-fluid-md-xl u-pb-fluid-md-xl is-center is-center@md\">\n\t\t\t\t\t<div class=\"ams-cta__intro l-stack l-stack-lg\">\n\t\t\t\t\t\n\t<h2\n\tclass=\"c-heading u-font-title-1 \"\n\tstyle=\"\">\n\t\t\n\t\t\t\t\tL\u00e4s mer om v\u00e5r f\u00f6rskola Flygaren:\n\t\t\t\t\n\t<\/h2>\n\n\t\t\t\t\t\t\t<\/div>\n\t\t\n\t\t\n\t\t\t<div class=\"ams-cta__action u-inline-items\">\n\t\t\t\t\t\t\t\n\n\n<a href=\"https:\/\/pysslingen.se\/flygaren\/om-forskolan\/\"\n\t\n\tclass=\"c-btn \"\n\tdata-style=\"rounded\"\n\tdata-size=\"md\"\n\tdata-width=\"full-mobile\"\n\tdata-variant=\"default\"\n\ttarget=\"_self\">\n\t\t\t<span class=\"label\"> Info om v\u00e5r f\u00f6rskola<\/span>\n\t\t\t<\/a>\n\t\t\t<\/div>\n\t<\/div>\n\n\t\t\n\n<\/section>\n","protected":false},"excerpt":{"rendered":"","protected":false},"author":99,"featured_media":0,"parent":0,"menu_order":0,"comment_status":"closed","ping_status":"closed","template":"","meta":{"footnotes":""},"yoast_head":"<!-- This site is optimized with the Yoast SEO plugin v22.0 - https:\/\/yoast.com\/wordpress\/plugins\/seo\/ -->\n<title>Simskola - P\u00e5 f\u00f6rskolan Flygaren i Halmstad<\/title>\n<meta name=\"robots\" content=\"index, follow, max-snippet:-1, max-image-preview:large, max-video-preview:-1\" \/>\n<link rel=\"canonical\" href=\"https:\/\/pysslingen.se\/flygaren\/simskola\/\" \/>\n<meta property=\"og:locale\" content=\"sv_SE\" \/>\n<meta property=\"og:type\" content=\"article\" \/>\n<meta property=\"og:title\" content=\"Simskola - P\u00e5 f\u00f6rskolan Flygaren i Halmstad\" \/>\n<meta property=\"og:url\" content=\"https:\/\/pysslingen.se\/flygaren\/simskola\/\" \/>\n<meta property=\"og:site_name\" content=\"Flygaren\" \/>\n<meta property=\"article:modified_time\" content=\"2025-05-05T07:46:16+00:00\" \/>\n<meta name=\"twitter:card\" content=\"summary_large_image\" \/>\n<meta name=\"twitter:title\" content=\"Simskola - P\u00e5 f\u00f6rskolan Flygaren i Halmstad\" \/>\n<script type=\"application\/ld+json\" class=\"yoast-schema-graph\">{\"@context\":\"https:\/\/schema.org\",\"@graph\":[{\"@type\":\"WebPage\",\"@id\":\"https:\/\/pysslingen.se\/flygaren\/simskola\/\",\"url\":\"https:\/\/pysslingen.se\/flygaren\/simskola\/\",\"name\":\"Simskola - P\u00e5 f\u00f6rskolan Flygaren i Halmstad\",\"isPartOf\":{\"@id\":\"https:\/\/pysslingen.se\/flygaren\/#website\"},\"datePublished\":\"2025-05-05T07:46:15+00:00\",\"dateModified\":\"2025-05-05T07:46:16+00:00\",\"breadcrumb\":{\"@id\":\"https:\/\/pysslingen.se\/flygaren\/simskola\/#breadcrumb\"},\"inLanguage\":\"sv-SE\",\"potentialAction\":[{\"@type\":\"ReadAction\",\"target\":[\"https:\/\/pysslingen.se\/flygaren\/simskola\/\"]}]},{\"@type\":\"BreadcrumbList\",\"@id\":\"https:\/\/pysslingen.se\/flygaren\/simskola\/#breadcrumb\",\"itemListElement\":[{\"@type\":\"ListItem\",\"position\":1,\"name\":\"Start\",\"item\":\"https:\/\/pysslingen.se\/flygaren\/\"},{\"@type\":\"ListItem\",\"position\":2,\"name\":\"Simskola\"}]},{\"@type\":\"WebSite\",\"@id\":\"https:\/\/pysslingen.se\/flygaren\/#website\",\"url\":\"https:\/\/pysslingen.se\/flygaren\/\",\"name\":\"Flygaren\",\"description\":\"En trygg och stimulerande v\u00e4rld\",\"publisher\":{\"@id\":\"https:\/\/pysslingen.se\/flygaren\/#organization\"},\"potentialAction\":[{\"@type\":\"SearchAction\",\"target\":{\"@type\":\"EntryPoint\",\"urlTemplate\":\"https:\/\/pysslingen.se\/flygaren\/?s={search_term_string}\"},\"query-input\":\"required name=search_term_string\"}],\"inLanguage\":\"sv-SE\"},{\"@type\":\"Organization\",\"@id\":\"https:\/\/pysslingen.se\/flygaren\/#organization\",\"name\":\"Pysslingen F\u00f6rskolor\",\"url\":\"https:\/\/pysslingen.se\/flygaren\/\",\"logo\":{\"@type\":\"ImageObject\",\"inLanguage\":\"sv-SE\",\"@id\":\"https:\/\/pysslingen.se\/flygaren\/#\/schema\/logo\/image\/\",\"url\":\"https:\/\/pysslingen.se\/wp-content\/uploads\/2021\/05\/pysslingen-forskolor.png\",\"contentUrl\":\"https:\/\/pysslingen.se\/wp-content\/uploads\/2021\/05\/pysslingen-forskolor.png\",\"width\":1120,\"height\":630,\"caption\":\"Pysslingen F\u00f6rskolor\"},\"image\":{\"@id\":\"https:\/\/pysslingen.se\/flygaren\/#\/schema\/logo\/image\/\"}}]}<\/script>\n<!-- \/ Yoast SEO plugin. -->","yoast_head_json":{"title":"Simskola - P\u00e5 f\u00f6rskolan Flygaren i Halmstad","robots":{"index":"index","follow":"follow","max-snippet":"max-snippet:-1","max-image-preview":"max-image-preview:large","max-video-preview":"max-video-preview:-1"},"canonical":"https:\/\/pysslingen.se\/flygaren\/simskola\/","og_locale":"sv_SE","og_type":"article","og_title":"Simskola - P\u00e5 f\u00f6rskolan Flygaren i Halmstad","og_url":"https:\/\/pysslingen.se\/flygaren\/simskola\/","og_site_name":"Flygaren","article_modified_time":"2025-05-05T07:46:16+00:00","twitter_card":"summary_large_image","twitter_title":"Simskola - P\u00e5 f\u00f6rskolan Flygaren i Halmstad","schema":{"@context":"https:\/\/schema.org","@graph":[{"@type":"WebPage","@id":"https:\/\/pysslingen.se\/flygaren\/simskola\/","url":"https:\/\/pysslingen.se\/flygaren\/simskola\/","name":"Simskola - P\u00e5 f\u00f6rskolan Flygaren i Halmstad","isPartOf":{"@id":"https:\/\/pysslingen.se\/flygaren\/#website"},"datePublished":"2025-05-05T07:46:15+00:00","dateModified":"2025-05-05T07:46:16+00:00","breadcrumb":{"@id":"https:\/\/pysslingen.se\/flygaren\/simskola\/#breadcrumb"},"inLanguage":"sv-SE","potentialAction":[{"@type":"ReadAction","target":["https:\/\/pysslingen.se\/flygaren\/simskola\/"]}]},{"@type":"BreadcrumbList","@id":"https:\/\/pysslingen.se\/flygaren\/simskola\/#breadcrumb","itemListElement":[{"@type":"ListItem","position":1,"name":"Start","item":"https:\/\/pysslingen.se\/flygaren\/"},{"@type":"ListItem","position":2,"name":"Simskola"}]},{"@type":"WebSite","@id":"https:\/\/pysslingen.se\/flygaren\/#website","url":"https:\/\/pysslingen.se\/flygaren\/","name":"Flygaren","description":"En trygg och stimulerande v\u00e4rld","publisher":{"@id":"https:\/\/pysslingen.se\/flygaren\/#organization"},"potentialAction":[{"@type":"SearchAction","target":{"@type":"EntryPoint","urlTemplate":"https:\/\/pysslingen.se\/flygaren\/?s={search_term_string}"},"query-input":"required name=search_term_string"}],"inLanguage":"sv-SE"},{"@type":"Organization","@id":"https:\/\/pysslingen.se\/flygaren\/#organization","name":"Pysslingen F\u00f6rskolor","url":"https:\/\/pysslingen.se\/flygaren\/","logo":{"@type":"ImageObject","inLanguage":"sv-SE","@id":"https:\/\/pysslingen.se\/flygaren\/#\/schema\/logo\/image\/","url":"https:\/\/pysslingen.se\/wp-content\/uploads\/2021\/05\/pysslingen-forskolor.png","contentUrl":"https:\/\/pysslingen.se\/wp-content\/uploads\/2021\/05\/pysslingen-forskolor.png","width":1120,"height":630,"caption":"Pysslingen F\u00f6rskolor"},"image":{"@id":"https:\/\/pysslingen.se\/flygaren\/#\/schema\/logo\/image\/"}}]}},"_links":{"self":[{"href":"https:\/\/pysslingen.se\/flygaren\/wp-json\/wp\/v2\/pages\/1374"}],"collection":[{"href":"https:\/\/pysslingen.se\/flygaren\/wp-json\/wp\/v2\/pages"}],"about":[{"href":"https:\/\/pysslingen.se\/flygaren\/wp-json\/wp\/v2\/types\/page"}],"author":[{"embeddable":true,"href":"https:\/\/pysslingen.se\/flygaren\/wp-json\/wp\/v2\/users\/99"}],"replies":[{"embeddable":true,"href":"https:\/\/pysslingen.se\/flygaren\/wp-json\/wp\/v2\/comments?post=1374"}],"version-history":[{"count":2,"href":"https:\/\/pysslingen.se\/flygaren\/wp-json\/wp\/v2\/pages\/1374\/revisions"}],"predecessor-version":[{"id":1377,"href":"https:\/\/pysslingen.se\/flygaren\/wp-json\/wp\/v2\/pages\/1374\/revisions\/1377"}],"wp:attachment":[{"href":"https:\/\/pysslingen.se\/flygaren\/wp-json\/wp\/v2\/media?parent=1374"}],"curies":[{"name":"wp","href":"https:\/\/api.w.org\/{rel}","templated":true}]}}