{"id":20,"date":"2020-09-29T09:19:21","date_gmt":"2020-09-29T09:19:21","guid":{"rendered":"https:\/\/pysslingen.se\/fenix\/?page_id=20"},"modified":"2025-12-09T12:49:39","modified_gmt":"2025-12-09T11:49:39","slug":"maten","status":"publish","type":"page","link":"https:\/\/pysslingen.se\/fenix\/maten\/","title":{"rendered":"V\u00e5r mat"},"content":{"rendered":"\n\t\n\t\n\t\n\n\t\n\t\n\t\t\n<section  class=\"c-block l-stacked  \" data-color-scheme=\"nyans2_av_cta-dark-card-primar1-light-hover-standard_standard\">\n\t<div class=\"ams-fifty ams-fifty--container ams-fifty--right ams-fifty--bottom l-container u-pt-fluid-3xl-6xl u-pb-fluid-3xl-6xl\">\n\t\t<div class=\"ams-fifty__content l-stack l-stack-xl is-left is-left@lg\">\n\t\t\t<div class=\"ams-fifty__text l-stack l-stack-lg\">\n\t\t\t\t\t\n\t<h1\n\tclass=\"c-heading u-font-title-1 \"\n\tstyle=\"\">\n\t\t\n\t\t\t\t\tP\u00e5 Fenix serverar vi mat f\u00f6r aktiva barn\n\t\t\t\t\n\t<\/h1>\n\n\t\t\t\t\t\t\t\t\t<div class=\"text l-stack u-font-body\">\n\t\t\t\t\t\t<p>P\u00e5 Fenix f\u00f6rskola \u00e4ter vi mycket vegetarisk mat och s\u00e5 mycket ekologiska r\u00e5varor som m\u00f6jligt. De pedagogiska m\u00e5ltiderna \u00e4r en av de viktigaste stunderna vi har med barnen.<\/p>\n<p>H\u00e4r tar vi tillf\u00e4llet i akt att arbeta mycket med spr\u00e5k, socialt samspel, matematik och kultur. Vi erbjuder specialkost vid behov. Vid allergier beg\u00e4r vi l\u00e4karintyg f\u00f6r att barnet ska f\u00e5 den kost som hen m\u00e5r bra av.<\/p>\n\n\t\t\t\t\t<\/div>\n\t\t\t\t\t\t\t<\/div>\n\n\t\t\t\t\t<\/div>\n\n\t\t <div class=\"ams-fifty__media u-ratio-landscape\">\n\t\t \t\t\t\t\t<img decoding=\"async\" width=\"600\" height=\"900\" src=\"https:\/\/pysslingen.se\/wp-content\/uploads\/sites\/90\/2020\/11\/barn-och-mat-i-forskolan.jpg\" class=\"attachment-md size-md\" alt=\"Pasta f\u00f6r hungriga barn p\u00e5 Sol\u00e4ngens f\u00f6rskola\" sizes=\"(min-width: 64em) 600px, calc(100vw - 160px)\" srcset=\"https:\/\/pysslingen.se\/wp-content\/uploads\/sites\/90\/2020\/11\/barn-och-mat-i-forskolan.jpg 667w, https:\/\/pysslingen.se\/wp-content\/uploads\/sites\/90\/2020\/11\/barn-och-mat-i-forskolan-200x300.jpg 200w, https:\/\/pysslingen.se\/wp-content\/uploads\/sites\/90\/2020\/11\/barn-och-mat-i-forskolan-447x670.jpg 447w\" \/>\n\t\t\t\n\t\t\t\n\t\t\t\t\t<\/div>\n\t<\/div>\n\n\t\t\n\n<\/section>\n\n\n\n<div style=\"height:20px\" aria-hidden=\"true\" class=\"wp-block-spacer\"><\/div>\n\n\n\n<h2 class=\"wp-block-heading\">Under den pedagogiska m\u00e5ltiden f\u00e5r barnen uppleva och utmanas i:<\/h2>\n\n\n\n<p>\u2012 att bli sedd, h\u00f6rd och bekr\u00e4ftad<\/p>\n\n\n\n<p>\u2012 att utveckla sitt spr\u00e5k genom att reflektera \u00f6ver dagen, utbyta erfarenheter, tankar och kultur<\/p>\n\n\n\n<p>\u2012 att tr\u00e4na p\u00e5 turtagning<\/p>\n\n\n\n<p>\u2012 att m\u00f6ta varandra och k\u00e4nna sig trygg<\/p>\n\n\n\n<p>\u2012 att prova och uppleva nya smaker<\/p>\n\n\n\n<p>\u2012 matematik; m\u00e4ngd, antal, volym, form, storlek, addition, subtraktion och division<\/p>\n\n\n\n<div class=\"wp-block-group is-layout-flow wp-block-group-is-layout-flow\"><\/div>\n\n\n\n\n<section  class=\"ams-cta ams-cta--stacked c-block l-stacked\">\n\t<div class=\"l-container l-stack l-stack-fluid-2xl u-pt-fluid-3xl-6xl u-pb-fluid-3xl-6xl is-center is-center@md\">\n\t\t\t\t\t<div class=\"ams-cta__intro l-stack l-stack-lg\">\n\t\t\t\t\t\n\t<h2\n\tclass=\"c-heading u-font-title-1 \"\n\tstyle=\"\">\n\t\t\n\t\t\t\t\tPysslingen F\u00f6rskolor arbetar aktivt med att skapa h\u00e5llbara m\u00e5ltider\n\t\t\t\t\n\t<\/h2>\n\n\t\t\t\t\t\t\t<\/div>\n\t\t\n\t\t\n\t\t\t<div class=\"ams-cta__action u-inline-items\">\n\t\t\t\t\t\t\t\n\n\n<a href=\"https:\/\/pysslingen.se\/fenix\/hallbarhet\/\"\n\t\n\tclass=\"c-btn \"\n\tdata-style=\"rounded\"\n\tdata-size=\"md\"\n\tdata-width=\"full-mobile\"\n\tdata-variant=\"default\"\n\ttarget=\"_self\">\n\t\t\t<span class=\"label\"> L\u00e4s mer om h\u00e5llbarhet<\/span>\n\t\t\t<\/a>\n\t\t\t<\/div>\n\t<\/div>\n\n\t\t\n\n<\/section>\n","protected":false},"excerpt":{"rendered":"<p>Under den pedagogiska m\u00e5ltiden f\u00e5r barnen uppleva och utmanas i: \u2012 att bli sedd, h\u00f6rd och bekr\u00e4ftad \u2012 att utveckla sitt spr\u00e5k genom att reflektera \u00f6ver dagen, utbyta erfarenheter, tankar och kultur \u2012 att tr\u00e4na p\u00e5 turtagning \u2012 att m\u00f6ta varandra och k\u00e4nna sig trygg \u2012 att prova och uppleva nya smaker \u2012 matematik; m\u00e4ngd,&#8230;<\/p>\n","protected":false},"author":3,"featured_media":0,"parent":0,"menu_order":0,"comment_status":"closed","ping_status":"closed","template":"","meta":{"footnotes":""},"yoast_head":"<!-- This site is optimized with the Yoast SEO plugin v22.0 - https:\/\/yoast.com\/wordpress\/plugins\/seo\/ -->\n<title>P\u00e5 Fenix serverar vi mat f\u00f6r aktiva barn<\/title>\n<meta name=\"description\" content=\"M\u00e5ltiderna \u00e4r viktiga stunder p\u00e5 dagen. Bra mat beh\u00f6vs f\u00f6r att ditt barn ska f\u00e5 energi att leka och utvecklas varje dag.\" \/>\n<meta name=\"robots\" content=\"index, follow, max-snippet:-1, max-image-preview:large, max-video-preview:-1\" \/>\n<link rel=\"canonical\" href=\"https:\/\/pysslingen.se\/fenix\/maten\/\" \/>\n<meta property=\"og:locale\" content=\"sv_SE\" \/>\n<meta property=\"og:type\" content=\"article\" \/>\n<meta property=\"og:title\" content=\"P\u00e5 Fenix serverar vi mat f\u00f6r aktiva barn\" \/>\n<meta property=\"og:description\" content=\"M\u00e5ltiderna \u00e4r viktiga stunder p\u00e5 dagen. Bra mat beh\u00f6vs f\u00f6r att ditt barn ska f\u00e5 energi att leka och utvecklas varje dag.\" \/>\n<meta property=\"og:url\" content=\"https:\/\/pysslingen.se\/fenix\/maten\/\" \/>\n<meta property=\"og:site_name\" content=\"Fenix\" \/>\n<meta property=\"article:modified_time\" content=\"2025-12-09T11:49:39+00:00\" \/>\n<meta name=\"twitter:card\" content=\"summary_large_image\" \/>\n<meta name=\"twitter:title\" content=\"P\u00e5 Fenix serverar vi mat f\u00f6r aktiva barn\" \/>\n<meta name=\"twitter:description\" content=\"M\u00e5ltiderna \u00e4r viktiga stunder p\u00e5 dagen. Bra mat beh\u00f6vs f\u00f6r att ditt barn ska f\u00e5 energi att leka och utvecklas varje dag.\" \/>\n<meta name=\"twitter:label1\" content=\"Ber\u00e4knad l\u00e4stid\" \/>\n\t<meta name=\"twitter:data1\" content=\"1 minut\" \/>\n<script type=\"application\/ld+json\" class=\"yoast-schema-graph\">{\"@context\":\"https:\/\/schema.org\",\"@graph\":[{\"@type\":\"WebPage\",\"@id\":\"https:\/\/pysslingen.se\/fenix\/maten\/\",\"url\":\"https:\/\/pysslingen.se\/fenix\/maten\/\",\"name\":\"P\u00e5 Fenix serverar vi mat f\u00f6r aktiva barn\",\"isPartOf\":{\"@id\":\"https:\/\/pysslingen.se\/fenix\/#website\"},\"datePublished\":\"2020-09-29T09:19:21+00:00\",\"dateModified\":\"2025-12-09T11:49:39+00:00\",\"description\":\"M\u00e5ltiderna \u00e4r viktiga stunder p\u00e5 dagen. Bra mat beh\u00f6vs f\u00f6r att ditt barn ska f\u00e5 energi att leka och utvecklas varje dag.\",\"breadcrumb\":{\"@id\":\"https:\/\/pysslingen.se\/fenix\/maten\/#breadcrumb\"},\"inLanguage\":\"sv-SE\",\"potentialAction\":[{\"@type\":\"ReadAction\",\"target\":[\"https:\/\/pysslingen.se\/fenix\/maten\/\"]}]},{\"@type\":\"BreadcrumbList\",\"@id\":\"https:\/\/pysslingen.se\/fenix\/maten\/#breadcrumb\",\"itemListElement\":[{\"@type\":\"ListItem\",\"position\":1,\"name\":\"Start\",\"item\":\"https:\/\/pysslingen.se\/fenix\/\"},{\"@type\":\"ListItem\",\"position\":2,\"name\":\"V\u00e5r mat\"}]},{\"@type\":\"WebSite\",\"@id\":\"https:\/\/pysslingen.se\/fenix\/#website\",\"url\":\"https:\/\/pysslingen.se\/fenix\/\",\"name\":\"Fenix\",\"description\":\"En trygg och stimulerande v\u00e4rld\",\"publisher\":{\"@id\":\"https:\/\/pysslingen.se\/fenix\/#organization\"},\"potentialAction\":[{\"@type\":\"SearchAction\",\"target\":{\"@type\":\"EntryPoint\",\"urlTemplate\":\"https:\/\/pysslingen.se\/fenix\/?s={search_term_string}\"},\"query-input\":\"required name=search_term_string\"}],\"inLanguage\":\"sv-SE\"},{\"@type\":\"Organization\",\"@id\":\"https:\/\/pysslingen.se\/fenix\/#organization\",\"name\":\"Pysslingen F\u00f6rskolor\",\"url\":\"https:\/\/pysslingen.se\/fenix\/\",\"logo\":{\"@type\":\"ImageObject\",\"inLanguage\":\"sv-SE\",\"@id\":\"https:\/\/pysslingen.se\/fenix\/#\/schema\/logo\/image\/\",\"url\":\"https:\/\/pysslingen.se\/wp-content\/uploads\/2021\/05\/pysslingen-forskolor.png\",\"contentUrl\":\"https:\/\/pysslingen.se\/wp-content\/uploads\/2021\/05\/pysslingen-forskolor.png\",\"width\":1120,\"height\":630,\"caption\":\"Pysslingen F\u00f6rskolor\"},\"image\":{\"@id\":\"https:\/\/pysslingen.se\/fenix\/#\/schema\/logo\/image\/\"}}]}<\/script>\n<!-- \/ Yoast SEO plugin. -->","yoast_head_json":{"title":"P\u00e5 Fenix serverar vi mat f\u00f6r aktiva barn","description":"M\u00e5ltiderna \u00e4r viktiga stunder p\u00e5 dagen. Bra mat beh\u00f6vs f\u00f6r att ditt barn ska f\u00e5 energi att leka och utvecklas varje dag.","robots":{"index":"index","follow":"follow","max-snippet":"max-snippet:-1","max-image-preview":"max-image-preview:large","max-video-preview":"max-video-preview:-1"},"canonical":"https:\/\/pysslingen.se\/fenix\/maten\/","og_locale":"sv_SE","og_type":"article","og_title":"P\u00e5 Fenix serverar vi mat f\u00f6r aktiva barn","og_description":"M\u00e5ltiderna \u00e4r viktiga stunder p\u00e5 dagen. Bra mat beh\u00f6vs f\u00f6r att ditt barn ska f\u00e5 energi att leka och utvecklas varje dag.","og_url":"https:\/\/pysslingen.se\/fenix\/maten\/","og_site_name":"Fenix","article_modified_time":"2025-12-09T11:49:39+00:00","twitter_card":"summary_large_image","twitter_title":"P\u00e5 Fenix serverar vi mat f\u00f6r aktiva barn","twitter_description":"M\u00e5ltiderna \u00e4r viktiga stunder p\u00e5 dagen. Bra mat beh\u00f6vs f\u00f6r att ditt barn ska f\u00e5 energi att leka och utvecklas varje dag.","twitter_misc":{"Ber\u00e4knad l\u00e4stid":"1 minut"},"schema":{"@context":"https:\/\/schema.org","@graph":[{"@type":"WebPage","@id":"https:\/\/pysslingen.se\/fenix\/maten\/","url":"https:\/\/pysslingen.se\/fenix\/maten\/","name":"P\u00e5 Fenix serverar vi mat f\u00f6r aktiva barn","isPartOf":{"@id":"https:\/\/pysslingen.se\/fenix\/#website"},"datePublished":"2020-09-29T09:19:21+00:00","dateModified":"2025-12-09T11:49:39+00:00","description":"M\u00e5ltiderna \u00e4r viktiga stunder p\u00e5 dagen. Bra mat beh\u00f6vs f\u00f6r att ditt barn ska f\u00e5 energi att leka och utvecklas varje dag.","breadcrumb":{"@id":"https:\/\/pysslingen.se\/fenix\/maten\/#breadcrumb"},"inLanguage":"sv-SE","potentialAction":[{"@type":"ReadAction","target":["https:\/\/pysslingen.se\/fenix\/maten\/"]}]},{"@type":"BreadcrumbList","@id":"https:\/\/pysslingen.se\/fenix\/maten\/#breadcrumb","itemListElement":[{"@type":"ListItem","position":1,"name":"Start","item":"https:\/\/pysslingen.se\/fenix\/"},{"@type":"ListItem","position":2,"name":"V\u00e5r mat"}]},{"@type":"WebSite","@id":"https:\/\/pysslingen.se\/fenix\/#website","url":"https:\/\/pysslingen.se\/fenix\/","name":"Fenix","description":"En trygg och stimulerande v\u00e4rld","publisher":{"@id":"https:\/\/pysslingen.se\/fenix\/#organization"},"potentialAction":[{"@type":"SearchAction","target":{"@type":"EntryPoint","urlTemplate":"https:\/\/pysslingen.se\/fenix\/?s={search_term_string}"},"query-input":"required name=search_term_string"}],"inLanguage":"sv-SE"},{"@type":"Organization","@id":"https:\/\/pysslingen.se\/fenix\/#organization","name":"Pysslingen F\u00f6rskolor","url":"https:\/\/pysslingen.se\/fenix\/","logo":{"@type":"ImageObject","inLanguage":"sv-SE","@id":"https:\/\/pysslingen.se\/fenix\/#\/schema\/logo\/image\/","url":"https:\/\/pysslingen.se\/wp-content\/uploads\/2021\/05\/pysslingen-forskolor.png","contentUrl":"https:\/\/pysslingen.se\/wp-content\/uploads\/2021\/05\/pysslingen-forskolor.png","width":1120,"height":630,"caption":"Pysslingen F\u00f6rskolor"},"image":{"@id":"https:\/\/pysslingen.se\/fenix\/#\/schema\/logo\/image\/"}}]}},"_links":{"self":[{"href":"https:\/\/pysslingen.se\/fenix\/wp-json\/wp\/v2\/pages\/20"}],"collection":[{"href":"https:\/\/pysslingen.se\/fenix\/wp-json\/wp\/v2\/pages"}],"about":[{"href":"https:\/\/pysslingen.se\/fenix\/wp-json\/wp\/v2\/types\/page"}],"author":[{"embeddable":true,"href":"https:\/\/pysslingen.se\/fenix\/wp-json\/wp\/v2\/users\/3"}],"replies":[{"embeddable":true,"href":"https:\/\/pysslingen.se\/fenix\/wp-json\/wp\/v2\/comments?post=20"}],"version-history":[{"count":10,"href":"https:\/\/pysslingen.se\/fenix\/wp-json\/wp\/v2\/pages\/20\/revisions"}],"predecessor-version":[{"id":2367,"href":"https:\/\/pysslingen.se\/fenix\/wp-json\/wp\/v2\/pages\/20\/revisions\/2367"}],"wp:attachment":[{"href":"https:\/\/pysslingen.se\/fenix\/wp-json\/wp\/v2\/media?parent=20"}],"curies":[{"name":"wp","href":"https:\/\/api.w.org\/{rel}","templated":true}]}}