{"id":1625,"date":"2025-07-14T09:34:04","date_gmt":"2025-07-14T07:34:04","guid":{"rendered":"https:\/\/pysslingen.se\/farjan\/?page_id=1625"},"modified":"2025-07-14T09:34:05","modified_gmt":"2025-07-14T07:34:05","slug":"simskola","status":"publish","type":"page","link":"https:\/\/pysslingen.se\/farjan\/simskola\/","title":{"rendered":"Simskola"},"content":{"rendered":"\n\t\n\t\n\t\n\n\t\n\t\n\t\t\n<section  class=\"c-block l-stacked  \" data-color-scheme=\"nyans2_av_cta-hover-standard\">\n\t<div class=\"ams-fifty ams-fifty--container ams-fifty--right ams-fifty--bottom l-container u-pt-fluid-md-xl u-pb-fluid-md-xl\">\n\t\t<div class=\"ams-fifty__content l-stack l-stack-xl is-left is-left@lg\">\n\t\t\t<div class=\"ams-fifty__text l-stack l-stack-lg\">\n\t\t\t\t\t\n\t<h1\n\tclass=\"c-heading u-font-title-1 \"\n\tstyle=\"\">\n\t\t\n\t\t\t\t\t\t\t\t\tHur fungerar simskola p\u00e5 f\u00f6rskolan?\n\t\t\t\t<span class=\"c-heading__sub is-below u-font-title-3\">\n\t\t\t\t\tPysslingen F\u00e4rjan\n\t\t\t\t<\/span>\n\t\t\t\t\t\t\t\n\t<\/h1>\n\n\t\t\t\t\t\t\t\t\t<div class=\"text l-stack u-font-body\">\n\t\t\t\t\t\t<p>Pysslingen F\u00e4rjan erbjuder simskola f\u00f6r de \u00e4ldsta barnen, som en del av v\u00e5rt Sista \u00e5ret-koncept, d\u00e4r vi p\u00e5 ett lekfullt och pedagogiskt s\u00e4tt f\u00f6rbereder barnen inf\u00f6r skolstarten. Barnen f\u00e5r under \u00e5tta tillf\u00e4llen l\u00e4ra sig simningens grunder under ledning av erfarna och utbildade instrukt\u00f6rer. M\u00e5let \u00e4r inte bara att utveckla barnens simkunnighet, utan \u00e4ven att st\u00e4rka barnens trygghet och s\u00e4kerhet i vattnet.<\/p>\n\n\t\t\t\t\t<\/div>\n\t\t\t\t\t\t\t<\/div>\n\n\t\t\t\t\t<\/div>\n\n\t\t <div class=\"ams-fifty__media u-ratio-landscape\">\n\t\t \t\t\t\t\t<img decoding=\"async\" width=\"600\" height=\"450\" src=\"https:\/\/pysslingen.se\/wp-content\/uploads\/sites\/58\/2025\/07\/simma-600x450.jpg\" class=\"attachment-md size-md\" alt=\"Pojke simmar under vattnet.\" sizes=\"(min-width: 64em) 600px, calc(100vw - 160px)\" srcset=\"https:\/\/pysslingen.se\/wp-content\/uploads\/sites\/58\/2025\/07\/simma-600x450.jpg 600w, https:\/\/pysslingen.se\/wp-content\/uploads\/sites\/58\/2025\/07\/simma-300x225.jpg 300w, https:\/\/pysslingen.se\/wp-content\/uploads\/sites\/58\/2025\/07\/simma-400x300.jpg 400w, https:\/\/pysslingen.se\/wp-content\/uploads\/sites\/58\/2025\/07\/simma-800x600.jpg 800w, https:\/\/pysslingen.se\/wp-content\/uploads\/sites\/58\/2025\/07\/simma-1024x768.jpg 1024w, https:\/\/pysslingen.se\/wp-content\/uploads\/sites\/58\/2025\/07\/simma-1200x900.jpg 1200w, https:\/\/pysslingen.se\/wp-content\/uploads\/sites\/58\/2025\/07\/simma-768x576.jpg 768w, https:\/\/pysslingen.se\/wp-content\/uploads\/sites\/58\/2025\/07\/simma.jpg 1890w\" \/>\n\t\t\t\n\t\t\t\n\t\t\t\t\t<\/div>\n\t<\/div>\n\n\t\t\n\n<\/section>\n\n\n\n\t\n\t\n\t\n\n\t\n\t\n\t\t\n<section  class=\"c-block l-stacked  \" data-color-scheme=\"nyans2_av_cta-hover-standard\">\n\t<div class=\"ams-fifty ams-fifty--container ams-fifty--left ams-fifty--bottom l-container u-pt-fluid-md-xl u-pb-fluid-md-xl\">\n\t\t<div class=\"ams-fifty__content l-stack l-stack-xl is-left is-left@lg\">\n\t\t\t<div class=\"ams-fifty__text l-stack l-stack-lg\">\n\t\t\t\t\t\n\t<h2\n\tclass=\"c-heading u-font-title-1 \"\n\tstyle=\"\">\n\t\t\n\t\t\t\t\tMer om f\u00f6rskolan F\u00e4rjan i Bromma\n\t\t\t\t\n\t<\/h2>\n\n\t\t\t\t\t\t\t\t\t<div class=\"text l-stack u-font-body\">\n\t\t\t\t\t\t<p>Pysslingen F\u00e4rjan ligger centralt bel\u00e4get med n\u00e4rhet till skog, parker och kommunikationer. Ni hittar oss ofta utomhus! Det blir l\u00e4tt s\u00e5 n\u00e4r grinden vetter mot skogen och f\u00f6rskoleg\u00e5rden \u00e4r en arena f\u00f6r b\u00e5de lek och l\u00e4rande.<\/p>\n<p>St\u00f6djande l\u00e4rmilj\u00f6er \u00e4r en viktig del i v\u00e5rt m\u00f6te med barnen och tillsammans utformar vi v\u00e5ra rum, b\u00e5de inne och ute, efter barnens intressen och behov.<\/p>\n\n\t\t\t\t\t<\/div>\n\t\t\t\t\t\t\t<\/div>\n\n\t\t\t\t\t<\/div>\n\n\t\t <div class=\"ams-fifty__media u-ratio-landscape\">\n\t\t \t\t\t\t\t<img decoding=\"async\" width=\"600\" height=\"397\" src=\"https:\/\/pysslingen.se\/wp-content\/uploads\/sites\/58\/2025\/07\/fasad-2-1-600x397.jpg\" class=\"attachment-md size-md\" alt=\"Fasaden p\u00e5 F\u00e4rjans f\u00f6rskola.\" sizes=\"(min-width: 64em) 600px, calc(100vw - 160px)\" srcset=\"https:\/\/pysslingen.se\/wp-content\/uploads\/sites\/58\/2025\/07\/fasad-2-1-600x397.jpg 600w, https:\/\/pysslingen.se\/wp-content\/uploads\/sites\/58\/2025\/07\/fasad-2-1-300x199.jpg 300w, https:\/\/pysslingen.se\/wp-content\/uploads\/sites\/58\/2025\/07\/fasad-2-1-400x265.jpg 400w, https:\/\/pysslingen.se\/wp-content\/uploads\/sites\/58\/2025\/07\/fasad-2-1-800x530.jpg 800w, https:\/\/pysslingen.se\/wp-content\/uploads\/sites\/58\/2025\/07\/fasad-2-1-1024x678.jpg 1024w, https:\/\/pysslingen.se\/wp-content\/uploads\/sites\/58\/2025\/07\/fasad-2-1-1200x795.jpg 1200w, https:\/\/pysslingen.se\/wp-content\/uploads\/sites\/58\/2025\/07\/fasad-2-1.jpg 1928w\" \/>\n\t\t\t\n\t\t\t\n\t\t\t\t\t<\/div>\n\t<\/div>\n\n\t\t\n\n<\/section>\n\n\n\n\n<section  class=\"ams-cta ams-cta--stacked c-block l-stacked\" data-color-scheme=\"usp-pink-background-blue-cards\">\n\t<div class=\"l-container l-stack l-stack-fluid-2xl u-pt-fluid-md-xl u-pb-fluid-md-xl is-center is-center@md\">\n\t\t\t\t\t<div class=\"ams-cta__intro l-stack l-stack-lg\">\n\t\t\t\t\t\n\t<h2\n\tclass=\"c-heading u-font-title-1 \"\n\tstyle=\"\">\n\t\t\n\t\t\t\t\tVill du ans\u00f6ka till Pysslingen F\u00e4rjan?\n\t\t\t\t\n\t<\/h2>\n\n\t\t\t\t\t\t\t\t\t<div class=\"c-text l-stack u-cs-xl u-font-body\">\n\t\t\t\t\t\t<p>S\u00e5 roligt att du \u00e4r intresserad av F\u00e4rjans f\u00f6rskola! F\u00f6rskolan ing\u00e5r i Stockholms Stads gemensamma k\u00f6 och f\u00f6ljer samma regler. P\u00e5 <a href=\"https:\/\/forskola.stockholm\/\">Stadens webb<\/a>(\u00f6ppnas i nytt f\u00f6nster) kan du l\u00e4sa mer.<\/p>\n<p>Om du vill ha hj\u00e4lp med att st\u00e4lla ditt barn i k\u00f6 kan du kontakta Stadens Kontaktcenter p\u00e5 08-508 00 508. F\u00f6r \u00f6vriga fr\u00e5gor \u00e4r du v\u00e4lkommen att kontakta oss.<\/p>\n\n\t\t\t\t\t<\/div>\n\t\t\t\t\t\t\t<\/div>\n\t\t\n\t\t\n\t\t\t<div class=\"ams-cta__action u-inline-items\">\n\t\t\t\t\t\t\t\n\n\n<a href=\"https:\/\/forskola.stockholm\"\n\t\n\tclass=\"c-btn \"\n\tdata-style=\"rounded\"\n\tdata-size=\"md\"\n\tdata-width=\"full-mobile\"\n\tdata-variant=\"default\"\n\ttarget=\"_blank\">\n\t\t\t<span class=\"label\"> Till k\u00f6anm\u00e4lan<\/span>\n\t\t\t<\/a>\n\t\t\t<\/div>\n\t<\/div>\n\n\t\t\n\n<\/section>\n\n\n\n<section \n\t\t class=\"\n\t\t ams-contact\n\t\t \n\t\t c-block l-stacked\n\t\t \n\t\t \n\t\t js-load-more\n\t\t \"\n\t\t data-color-scheme=\"\"\n\t\t\t\t\tdata-count=\"3\"\n\t\t\t\t\t\t\tdata-count-mobile=\"2\"\n\t\t\t\t>\n\t<div\n\t\t class=\"\n\t\t l-container\n\t\t l-stack l-stack-fluid-2xl\n\t\t u-pt-fluid-md-xl\n\t\t u-pb-fluid-md-xl\n\t\t is-center\n\t\t is-center@md\n\t\t \">\n\t\t\t\t\t<div class=\"ams-contact__intro l-stack l-stack-lg\">\n\t\t\t\t\t\n\t<h2\n\tclass=\"c-heading u-font-title-1 \"\n\tstyle=\"\">\n\t\t\n\t\t\t\t\tKontakta oss:\n\t\t\t\t\n\t<\/h2>\n\n\t\t\t\t\t\t\t\t\t<div class=\"c-text l-stack u-cs-xl u-font-body\">\n\t\t\t\t\t\t<p>Har du fr\u00e5gor om f\u00f6rskolan \u00e4r du varmt v\u00e4lkommen att kontakta oss.<\/p>\n\n\t\t\t\t\t<\/div>\n\t\t\t\t\t\t\t<\/div>\n\t\t\n\t\t\n\t\t    \t\n\t\t\n\t\t<ul\n\t\t\tid=\"contact-grid-69e35fa9bfaca\"\n\t\t\tclass=\"ams-contact__list l-grid u-gap-fluid-2xl-4xl u-justify-center js-results \"\n\t\t\taria-label=\"Kontakter\"\n\t\t\tdata-filter-animation=\"off\"\n\t\t\t>\n\t\t\t\t\t\t\t\t\t\t\t\n\t\t\t\t\n\t\t\t\t<li class=\"l-col-6@md l-col-4@lg \" data-filter=\"samordnare\">\n\t\t\t\t\t<article class=\"c-card \" data-variant=\"neutral\">\n\t\t\t\t\t\t<div class=\"c-card__content u-text-center\">\n\t\t\t\t\t\t\t\t\t\t\t\t\t\t\t<h3 class=\"c-card__title u-font-title-3\">\n\t\t\t\t\t\t\t\t\tSamina Rahman\n\t\t\t\t\t\t\t\t<\/h3>\n\t\t\t\t\t\t\t\n\t\t\t\t\t\t\t\t\t\t\t\t\t\t\t<p class=\"position u-font-body\">Samordnare<\/p>\n\t\t\t\t\t\t\t\n\t\t\t\t\t\t\t\t\t\t\t\t\t\t\t<div class=\"contact-info u-font-body\">\n\t\t\t\t\t\t\t\t\t\t\t\t\t\t\t\t\t\t\t\t\t\t\t\t\t\t\t\t\t\t<p class=\"phone\"><a\n\t\t\t\t\t\t\t\t\t\t\t\t\thref=\"tel:0727289127\"\n\t\t\t\t\t\t\t\t\t\t\t\t\tclass=\"u-text-link\">072-728 91 27<\/a>\n\t\t\t\t\t\t\t\t\t\t\t<\/p>\n\t\t\t\t\t\t\t\t\t\t\t\t\t\t\t\t\t\t\t\n\t\t\t\t\t\t\t\t\t\t\t\t\t\t\t\t\t\t\t\t\t\t\t\t\t\t\t\t\t\t<p class=\"email\"><a\n\t\t\t\t\t\t\t\t\t\t\t\t\thref=\"&#109;&#097;&#105;lt&#111;:s&#097;&#109;i&#110;&#097;&#046;&#114;&#097;hman&#064;&#112;y&#115;s&#108;&#105;n&#103;&#101;&#110;&#046;&#115;&#101;\"\n\t\t\t\t\t\t\t\t\t\t\t\t\tclass=\"u-text-link\">&#115;&#097;mi&#110;a.r&#097;hman&#064;py&#115;s&#108;&#105;n&#103;&#101;&#110;.&#115;&#101;<\/a>\n\t\t\t\t\t\t\t\t\t\t\t<\/p>\n\t\t\t\t\t\t\t\t\t\t\t\t\t\t\t\t\t\t\t\t\t\t\t\t\t\t\t<\/div>\n\t\t\t\t\t\t\t\n\t\t\t\t\t\t\t\t\t\t\t\t\t<\/div>\n\t\t\t\t\t\t<div class=\"c-card__media\">\n\t\t\t\t\t\t\t\t\t\t\t\t\t\t\t\t\t\t\t\t\t\t\t\t\t\t\t\t\t\t\t\t\t\t\t\t\t\t\t\t\t\t\t\t\t\t\t\t\t<img decoding=\"async\" width=\"400\" height=\"533\" src=\"https:\/\/pysslingen.se\/wp-content\/uploads\/sites\/58\/2020\/11\/intervjuad-pedagog-samina-scaled.jpg\" class=\"u-radius-rounded u-ratio-landscape  \" alt=\"Portr\u00e4tt av medarbetare.\" sizes=\"(max-width: 300px) 100vw, 300px\" srcset=\"https:\/\/pysslingen.se\/wp-content\/uploads\/sites\/58\/2020\/11\/intervjuad-pedagog-samina-scaled.jpg 1920w, https:\/\/pysslingen.se\/wp-content\/uploads\/sites\/58\/2020\/11\/intervjuad-pedagog-samina-225x300.jpg 225w, https:\/\/pysslingen.se\/wp-content\/uploads\/sites\/58\/2020\/11\/intervjuad-pedagog-samina-768x1024.jpg 768w, https:\/\/pysslingen.se\/wp-content\/uploads\/sites\/58\/2020\/11\/intervjuad-pedagog-samina-1152x1536.jpg 1152w, https:\/\/pysslingen.se\/wp-content\/uploads\/sites\/58\/2020\/11\/intervjuad-pedagog-samina-1536x2048.jpg 1536w, https:\/\/pysslingen.se\/wp-content\/uploads\/sites\/58\/2020\/11\/intervjuad-pedagog-samina-1024x1365.jpg 1024w, https:\/\/pysslingen.se\/wp-content\/uploads\/sites\/58\/2020\/11\/intervjuad-pedagog-samina-1100x1467.jpg 1100w, https:\/\/pysslingen.se\/wp-content\/uploads\/sites\/58\/2020\/11\/intervjuad-pedagog-samina-503x670.jpg 503w\" \/>\n\t\t\t\t\t\t<\/div>\n\t\t\t\t\t<\/article>\n\t\t\t\t<\/li>\n\t\t\t\t\t<\/ul>\n\n\t\t\n\t\t    <div class=\"ams-contact__more u-inline-items js-load-more-btn\">\n        <button href=\"#\"\n                class=\"c-btn\"\n                data-style=\"rounded\"\n                data-size=\"md\"\n                data-width=\"full-mobile\"\n                data-variant=\"outline\">\n        \tVisa mer\n        <\/button>\n    <\/div>\n\n\t\t\t<\/div>\n\n\t\t\n\n<\/section>\n\n\n\n\n<section  class=\"ams-cta ams-cta--stacked c-block l-stacked\">\n\t<div class=\"l-container l-stack l-stack-fluid-2xl u-pt-fluid-md-xl u-pb-fluid-md-xl is-center is-center@md\">\n\t\t\t\t\t<div class=\"ams-cta__intro l-stack l-stack-lg\">\n\t\t\t\t\t\n\t<h2\n\tclass=\"c-heading u-font-title-1 \"\n\tstyle=\"\">\n\t\t\n\t\t\t\t\t\t\t\t\tVill du veta mer om v\u00e5r f\u00f6rskola?\n\t\t\t\t<span class=\"c-heading__sub is-below u-font-title-3\">\n\t\t\t\t\tPysslingen F\u00e4rjan\n\t\t\t\t<\/span>\n\t\t\t\t\t\t\t\n\t<\/h2>\n\n\t\t\t\t\t\t\t<\/div>\n\t\t\n\t\t\n\t\t\t<div class=\"ams-cta__action u-inline-items\">\n\t\t\t\t\t\t\t\n\n\n<a href=\"https:\/\/pysslingen.se\/farjan\/om-forskolan\/\"\n\t\n\tclass=\"c-btn \"\n\tdata-style=\"rounded\"\n\tdata-size=\"md\"\n\tdata-width=\"full-mobile\"\n\tdata-variant=\"default\"\n\ttarget=\"_self\">\n\t\t\t<span class=\"label\"> L\u00e4s mer om f\u00f6rskolan<\/span>\n\t\t\t<\/a>\n\t\t\t<\/div>\n\t<\/div>\n\n\t\t\n\n<\/section>\n","protected":false},"excerpt":{"rendered":"","protected":false},"author":99,"featured_media":0,"parent":0,"menu_order":0,"comment_status":"closed","ping_status":"closed","template":"","meta":{"footnotes":""},"yoast_head":"<!-- This site is optimized with the Yoast SEO plugin v22.0 - https:\/\/yoast.com\/wordpress\/plugins\/seo\/ -->\n<title>F\u00e4rjan<\/title>\n<meta name=\"robots\" content=\"index, follow, max-snippet:-1, max-image-preview:large, max-video-preview:-1\" \/>\n<link rel=\"canonical\" href=\"https:\/\/pysslingen.se\/farjan\/simskola\/\" \/>\n<meta property=\"og:locale\" content=\"sv_SE\" \/>\n<meta property=\"og:type\" content=\"article\" \/>\n<meta property=\"og:url\" content=\"https:\/\/pysslingen.se\/farjan\/simskola\/\" \/>\n<meta property=\"og:site_name\" content=\"F\u00e4rjan\" \/>\n<meta property=\"article:modified_time\" content=\"2025-07-14T07:34:05+00:00\" \/>\n<meta name=\"twitter:card\" content=\"summary_large_image\" \/>\n<script type=\"application\/ld+json\" class=\"yoast-schema-graph\">{\"@context\":\"https:\/\/schema.org\",\"@graph\":[{\"@type\":\"WebPage\",\"@id\":\"https:\/\/pysslingen.se\/farjan\/simskola\/\",\"url\":\"https:\/\/pysslingen.se\/farjan\/simskola\/\",\"name\":\"Simskola - F\u00e4rjan\",\"isPartOf\":{\"@id\":\"https:\/\/pysslingen.se\/farjan\/#website\"},\"datePublished\":\"2025-07-14T07:34:04+00:00\",\"dateModified\":\"2025-07-14T07:34:05+00:00\",\"breadcrumb\":{\"@id\":\"https:\/\/pysslingen.se\/farjan\/simskola\/#breadcrumb\"},\"inLanguage\":\"sv-SE\",\"potentialAction\":[{\"@type\":\"ReadAction\",\"target\":[\"https:\/\/pysslingen.se\/farjan\/simskola\/\"]}]},{\"@type\":\"BreadcrumbList\",\"@id\":\"https:\/\/pysslingen.se\/farjan\/simskola\/#breadcrumb\",\"itemListElement\":[{\"@type\":\"ListItem\",\"position\":1,\"name\":\"Start\",\"item\":\"https:\/\/pysslingen.se\/farjan\/\"},{\"@type\":\"ListItem\",\"position\":2,\"name\":\"Simskola\"}]},{\"@type\":\"WebSite\",\"@id\":\"https:\/\/pysslingen.se\/farjan\/#website\",\"url\":\"https:\/\/pysslingen.se\/farjan\/\",\"name\":\"F\u00e4rjan\",\"description\":\"En trygg och stimulerande v\u00e4rld\",\"publisher\":{\"@id\":\"https:\/\/pysslingen.se\/farjan\/#organization\"},\"potentialAction\":[{\"@type\":\"SearchAction\",\"target\":{\"@type\":\"EntryPoint\",\"urlTemplate\":\"https:\/\/pysslingen.se\/farjan\/?s={search_term_string}\"},\"query-input\":\"required name=search_term_string\"}],\"inLanguage\":\"sv-SE\"},{\"@type\":\"Organization\",\"@id\":\"https:\/\/pysslingen.se\/farjan\/#organization\",\"name\":\"Pysslingen F\u00f6rskolor\",\"url\":\"https:\/\/pysslingen.se\/farjan\/\",\"logo\":{\"@type\":\"ImageObject\",\"inLanguage\":\"sv-SE\",\"@id\":\"https:\/\/pysslingen.se\/farjan\/#\/schema\/logo\/image\/\",\"url\":\"https:\/\/pysslingen.se\/wp-content\/uploads\/2021\/05\/pysslingen-forskolor.png\",\"contentUrl\":\"https:\/\/pysslingen.se\/wp-content\/uploads\/2021\/05\/pysslingen-forskolor.png\",\"width\":1120,\"height\":630,\"caption\":\"Pysslingen F\u00f6rskolor\"},\"image\":{\"@id\":\"https:\/\/pysslingen.se\/farjan\/#\/schema\/logo\/image\/\"}}]}<\/script>\n<!-- \/ Yoast SEO plugin. -->","yoast_head_json":{"title":"F\u00e4rjan","robots":{"index":"index","follow":"follow","max-snippet":"max-snippet:-1","max-image-preview":"max-image-preview:large","max-video-preview":"max-video-preview:-1"},"canonical":"https:\/\/pysslingen.se\/farjan\/simskola\/","og_locale":"sv_SE","og_type":"article","og_url":"https:\/\/pysslingen.se\/farjan\/simskola\/","og_site_name":"F\u00e4rjan","article_modified_time":"2025-07-14T07:34:05+00:00","twitter_card":"summary_large_image","schema":{"@context":"https:\/\/schema.org","@graph":[{"@type":"WebPage","@id":"https:\/\/pysslingen.se\/farjan\/simskola\/","url":"https:\/\/pysslingen.se\/farjan\/simskola\/","name":"Simskola - F\u00e4rjan","isPartOf":{"@id":"https:\/\/pysslingen.se\/farjan\/#website"},"datePublished":"2025-07-14T07:34:04+00:00","dateModified":"2025-07-14T07:34:05+00:00","breadcrumb":{"@id":"https:\/\/pysslingen.se\/farjan\/simskola\/#breadcrumb"},"inLanguage":"sv-SE","potentialAction":[{"@type":"ReadAction","target":["https:\/\/pysslingen.se\/farjan\/simskola\/"]}]},{"@type":"BreadcrumbList","@id":"https:\/\/pysslingen.se\/farjan\/simskola\/#breadcrumb","itemListElement":[{"@type":"ListItem","position":1,"name":"Start","item":"https:\/\/pysslingen.se\/farjan\/"},{"@type":"ListItem","position":2,"name":"Simskola"}]},{"@type":"WebSite","@id":"https:\/\/pysslingen.se\/farjan\/#website","url":"https:\/\/pysslingen.se\/farjan\/","name":"F\u00e4rjan","description":"En trygg och stimulerande v\u00e4rld","publisher":{"@id":"https:\/\/pysslingen.se\/farjan\/#organization"},"potentialAction":[{"@type":"SearchAction","target":{"@type":"EntryPoint","urlTemplate":"https:\/\/pysslingen.se\/farjan\/?s={search_term_string}"},"query-input":"required name=search_term_string"}],"inLanguage":"sv-SE"},{"@type":"Organization","@id":"https:\/\/pysslingen.se\/farjan\/#organization","name":"Pysslingen F\u00f6rskolor","url":"https:\/\/pysslingen.se\/farjan\/","logo":{"@type":"ImageObject","inLanguage":"sv-SE","@id":"https:\/\/pysslingen.se\/farjan\/#\/schema\/logo\/image\/","url":"https:\/\/pysslingen.se\/wp-content\/uploads\/2021\/05\/pysslingen-forskolor.png","contentUrl":"https:\/\/pysslingen.se\/wp-content\/uploads\/2021\/05\/pysslingen-forskolor.png","width":1120,"height":630,"caption":"Pysslingen F\u00f6rskolor"},"image":{"@id":"https:\/\/pysslingen.se\/farjan\/#\/schema\/logo\/image\/"}}]}},"_links":{"self":[{"href":"https:\/\/pysslingen.se\/farjan\/wp-json\/wp\/v2\/pages\/1625"}],"collection":[{"href":"https:\/\/pysslingen.se\/farjan\/wp-json\/wp\/v2\/pages"}],"about":[{"href":"https:\/\/pysslingen.se\/farjan\/wp-json\/wp\/v2\/types\/page"}],"author":[{"embeddable":true,"href":"https:\/\/pysslingen.se\/farjan\/wp-json\/wp\/v2\/users\/99"}],"replies":[{"embeddable":true,"href":"https:\/\/pysslingen.se\/farjan\/wp-json\/wp\/v2\/comments?post=1625"}],"version-history":[{"count":2,"href":"https:\/\/pysslingen.se\/farjan\/wp-json\/wp\/v2\/pages\/1625\/revisions"}],"predecessor-version":[{"id":1629,"href":"https:\/\/pysslingen.se\/farjan\/wp-json\/wp\/v2\/pages\/1625\/revisions\/1629"}],"wp:attachment":[{"href":"https:\/\/pysslingen.se\/farjan\/wp-json\/wp\/v2\/media?parent=1625"}],"curies":[{"name":"wp","href":"https:\/\/api.w.org\/{rel}","templated":true}]}}