{"id":1114,"date":"2021-05-11T12:14:11","date_gmt":"2021-05-11T12:14:11","guid":{"rendered":"https:\/\/pysslingen.se\/farjan\/?page_id=1114"},"modified":"2022-11-10T09:52:22","modified_gmt":"2022-11-10T09:52:22","slug":"for-foraldrar","status":"publish","type":"page","link":"https:\/\/pysslingen.se\/farjan\/for-foraldrar\/","title":{"rendered":"F\u00f6r f\u00f6r\u00e4ldrar"},"content":{"rendered":"\n\t<div class=\"module_wrapper ams_remote_pages_module \">\n\t\t\n\n<section  class=\"ams-cta ams-cta--stacked c-block l-stacked\" data-color-scheme=\"usp-pink-background-blue-cards\">\n\t<div class=\"l-container l-stack l-stack-fluid-2xl u-pt-fluid-3xl-6xl u-pb-fluid-3xl-6xl is-center is-center@md\">\n\t\t\t\t\t<div class=\"ams-cta__intro l-stack l-stack-lg\">\n\t\t\t\t\t\n\t<h1\n\tclass=\"c-heading u-font-title-1 \"\n\tstyle=\"\">\n\t\t\n\t\t\t\t\tF\u00f6r f\u00f6r\u00e4ldrar\n\t\t\t\t\n\t<\/h1>\n\n\t\t\t\t\t\t\t\t\t<div class=\"c-text l-stack u-cs-xl u-font-body\">\n\t\t\t\t\t\t<p>H\u00e4r delar vi med oss av v\u00e5ra b\u00e4sta tips, lekar och recept f\u00f6r att inspirera dig och ditt barn till en enklare och roligare vardag. Vi hoppas att v\u00e5r erfarenhet och kunskap kan g\u00f6ra nytta p\u00e5 andra s\u00e4tt \u00e4n i det dagliga arbetet i v\u00e5ra f\u00f6rskolor. Mycket n\u00f6je!<\/p>\n\n\t\t\t\t\t<\/div>\n\t\t\t\t\t\t\t<\/div>\n\t\t\n\t\t\n\t\t\t<\/div>\n\n\t\t\n\n<\/section>\n\n\n\t<div class=\"module_wrapper video_module__bg container-fluid video_module  pt-5 pb-5 \"\n\t\t\t>\n\t\t<div class=\"container\">\n\t\t\t<div class=\"row \">\n\t\t\t\t<div class=\"col-md-6 order-md-2 px-0 pl-md-4 pr-md-2\">\n\t\t\t\t\t<div class=\"row\">\n\t\t\t\t\t\t<div class=\"col-md-12 text-left\">\n\t\t\t\t\t\t\t<h2 class=\"site__heading-size-2   site__text-color \">\n\t\t\t\t\t\t\t\tFix &#038; Trix\t\t\t\t\t\t\t<\/h2>\n\t\t\t\t\t\t<\/div>\n\t\t\t\t\t<\/div>\n\t\t\t\t\t<div class=\"row\">\n\t\t\t\t\t\t<div class=\"col-md-12 text-left  site__text-color--dark   site_default_a_wysiwyg pb-5 pb-md-0\">\n\t\t\t\t\t\t\t<div class=\"anchor_classes_div site__body_text-1\"\n\t\t\t\t\t\t\t\t data-cta=\" nostyle site__a_cta \"\n\t\t\t\t\t\t\t\t data-theme=\" nostyle site__a_text \"\n\t\t\t\t\t\t\t\t data-darklight=\" nostyle site__a_dark \">\n\t\t\t\t\t\t\t\t<p>Pyss &amp; Ling \u00e4r barnens b\u00e4sta v\u00e4nner hos oss p\u00e5 Pysslingen F\u00f6rskolor. De \u00e4r tv\u00e5 nyfikna och p\u00e5hittiga figurer som \u00e4r med oss hela tiden i v\u00e5r verksamhet, b\u00e5de i det pedagogiska arbetet ute p\u00e5 f\u00f6rskolorna och n\u00e4r vi arbetar med h\u00e4lsa och r\u00f6relse i fokus.<\/p>\n<p>Fix &amp; Trix \u00e4r en serie filmer med roliga lekar och andra uppt\u00e5g. I den h\u00e4r filmen f\u00e5r du g\u00e4rna dansa och sjunga med!<\/p>\n\t\t\t\t\t\t\t<\/div>\n\t\t\t\t\t\t<\/div>\n\t\t\t\t\t<\/div>\n\n\n\t\t\t\t\t\t\t\t\t\t\t<div class=\"row d-none d-md-block pt-md-3\">\n\t\t\t\t\t\t\t<div class=\"col-md-12 text-left  \">\n\t\t\t\t\t\t\t\t\t\t\t\t\t\t\t\t\t\t\t\t\t\t<a id=\"\"\n\t\t\t\tclass=\"btn text-center site__buttons-1 pt-2  btn-outline btn_outline__text-color_dark slightly-rounded-corners-btn-shape  slightly-rounded-corners-btn-shape position-relative ams_active_button_state_default\"\n\t\t\t\thref=\"https:\/\/www.youtube.com\/playlist?list=PLbaSAdNjEEYliytnkLvwNpFArM2VFw1RT\"\n\t\t\t\ttitle=\"Se mer fr\u00e5n Fix &amp; trix!\"\n\t\t\t\ttarget=\"_self\"\n\t\t\t\trole=\"link\" >Se mer fr\u00e5n Fix &amp; trix!\t\t\t<\/a>\n\t\t\t\t\t\t\t\t\t\t\t\t<\/div>\n\t\t\t\t\t\t<\/div>\n\t\t\t\t\t\n\n\t\t\t\t<\/div>\n\t\t\t\t<div class=\"col-md-6 order-md-1 px-0 pl-md-2 pr-md-3\">\n\t\t\t\t\t<div class=\"video_module__wrapper \">\n\t\t\t\t\t\t<div class=\"embed-responsive embed-responsive-16by9\">\n\t\t\t\t\t\t\t<iframe title=\"YouTube video player\" style=\"border-width:0px;\" class=\"embed-responsive-item\"  src=\"https:\/\/www.youtube.com\/embed\/sf9NHcwaVHg\" allow=\"accelerometer; autoplay; encrypted-media; gyroscope; picture-in-picture \" allowfullscreen><\/iframe>\t\t\t\t\t\t<\/div>\n\t\t\t\t\t<\/div>\n\t\t\t\t<\/div>\n\t\t\t<\/div>\n\n\t\t\t\t\t\t\t<div class=\"row d-md-none d-lg-none\">\n\t\t\t\t\t<div class=\"col-md-12 text-center mt-5 \">\n\t\t\t\t\t\t\t\t\t\t\t\t\t\t\t\t\t\t<a id=\"\"\n\t\t\t\tclass=\"btn text-center site__buttons-1 pt-2  btn-outline btn_outline__text-color_dark slightly-rounded-corners-btn-shape  slightly-rounded-corners-btn-shape position-relative ams_active_button_state_default\"\n\t\t\t\thref=\"https:\/\/www.youtube.com\/playlist?list=PLbaSAdNjEEYliytnkLvwNpFArM2VFw1RT\"\n\t\t\t\ttitle=\"Se mer fr\u00e5n Fix &amp; trix!\"\n\t\t\t\ttarget=\"_self\"\n\t\t\t\trole=\"link\" >Se mer fr\u00e5n Fix &amp; trix!\t\t\t<\/a>\n\t\t\t\t\t\t\t\t\t\t<\/div>\n\t\t\t\t<\/div>\n\t\t\t\n\t\t<\/div>\n\t<\/div>\n\n\n\n\n\t<div class=\"module_wrapper video_module__bg container-fluid video_module  site__secondary-bg--25  pt-5 pb-5\"\n\t\t\t>\n\t\t<div class=\"container\">\n\t\t\t<div class=\"row\">\n\t\t\t\t<div class=\"col-md-6 order-1 px-0 pl-md-2 pr-md-4\">\n\t\t\t\t\t<div class=\"row\">\n\t\t\t\t\t\t<div class=\"col-md-12 text-left\">\n\t\t\t\t\t\t\t\t\t\t\t\t\t<h2 class=\"site__heading-size-2   site__text-color \">\n\t\t\t\t\t\t\t\tPysslingen tipsar!\t\t\t\t\t\t\t<\/h2>\n\t\t\t\t\t\t\t\t\t\t\t\t<\/div>\n\t\t\t\t\t<\/div>\n\t\t\t\t\t<div class=\"row\">\n\t\t\t\t\t\t<div class=\"col-md-12 text-left  site__text-color--dark   site_default_a_wysiwyg pb-5 pb-md-0\">\n\t\t\t\t\t\t\t<div class=\"anchor_classes_div site__body_text-1\"\n\t\t\t\t\t\t\t\t data-cta=\" nostyle site__a_cta \"\n\t\t\t\t\t\t\t\t data-theme=\" nostyle site__a_text \"\n\t\t\t\t\t\t\t\t data-darklight=\" nostyle site__a_dark \">\n\t\t\t\t\t\t\t\t<p>Med 3 000 medarbetare och sammanlagt \u00f6ver 30 \u00e5rs erfarenhet av barn, v\u00e5gar vi p\u00e5st\u00e5 att vi p\u00e5 Pysslingen F\u00f6rskolor kan barn. Kanske kan v\u00e5ra erfarenheter bidra till ett smidigare samspel \u00e4ven i barnens hemmilj\u00f6? Vi hoppas det och delar h\u00e4r med oss av Pysslingen tipsar \u2013 filmer med praktiska r\u00e5d om hur du kan st\u00f6tta ditt barn i vardagen.<\/p>\n<p>I det h\u00e4r avsnittet tipsar v\u00e5r kvalitetsutvecklare Janos om att ge tv\u00e5 alternativ n\u00e4r du st\u00e4ller fr\u00e5gor.<\/p>\n\t\t\t\t\t\t\t<\/div>\n\t\t\t\t\t\t<\/div>\n\t\t\t\t\t<\/div>\n\t\t\t\t\t\t\t\t\t<\/div>\n\t\t\t\t<div class=\"col-md-6 order-2 px-0 pl-md-3 pr-md-2\">\n\t\t\t\t\t<div class=\"video_module__wrapper\">\n\t\t\t\t\t\t<div class=\"embed-responsive embed-responsive-16by9\">\n\t\t\t\t\t\t\t<iframe title=\"YouTube video player\" style=\"border-width:0px;\" class=\"embed-responsive-item\"  src=\"https:\/\/www.youtube.com\/embed\/_uK7xTFcGQw\" allow=\"accelerometer; autoplay; encrypted-media; gyroscope; picture-in-picture \" allowfullscreen><\/iframe>\t\t\t\t\t\t<\/div>\n\t\t\t\t\t<\/div>\n\t\t\t\t<\/div>\n\t\t\t<\/div>\n\n\t\t\t\n\t\t<\/div>\n\t<\/div>\n\n\n<section  class=\"ams-cta ams-cta--stacked c-block l-stacked\">\n\t<div class=\"l-container l-stack l-stack-fluid-2xl u-pt-fluid-3xl-6xl u-pb-fluid-3xl-6xl is-center is-center@md\">\n\t\t\t\t\t<div class=\"ams-cta__intro l-stack l-stack-lg\">\n\t\t\t\t\t\n\t<h2\n\tclass=\"c-heading u-font-title-1 \"\n\tstyle=\"\">\n\t\t\n\t\t\t\t\tTa del av fler tips\n\t\t\t\t\n\t<\/h2>\n\n\t\t\t\t\t\t\t<\/div>\n\t\t\n\t\t\n\t\t\t<div class=\"ams-cta__action u-inline-items\">\n\t\t\t\t\t\t\t\n\n\n<a href=\"https:\/\/www.youtube.com\/playlist?list=PLbaSAdNjEEYlH1ybmbEgsoa5Zo2p7zfNu\"\n\t\n\tclass=\"c-btn \"\n\tdata-style=\"rounded\"\n\tdata-size=\"md\"\n\tdata-width=\"full-mobile\"\n\tdata-variant=\"default\"\n\ttarget=\"_self\">\n\t\t\t<span class=\"label\"> Kolla in fler tips!<\/span>\n\t\t\t<\/a>\n\t\t\t<\/div>\n\t<\/div>\n\n\t\t\n\n<\/section>\n\t\t\t\t\t<div class=\"container core-columns\">\n\t\t\t\t\t\t<div class=\"row\">\n\t\t\t\t\t\t\t<div class=\"col-12\">\n\t\t\t\t\t\t\t\t\n<div class=\"wp-block-columns is-layout-flex wp-container-core-columns-layout-1 wp-block-columns-is-layout-flex\">\n<div class=\"wp-block-column is-layout-flow wp-block-column-is-layout-flow\">\n\t<style>\n\t\t.inner {\n\n\t\t\tmargin: 0 auto;\n\n\n\t\t}\n\t<\/style>\n\t<div\n\t\t class=\"container images-module\" >\n\t\t<div class=\"row images_module__slideshow\">\n\n\t\t\t<div\n\t\t\t\t\tclass=\"col-md-12 p-0 position-relative images_module__slideshow images_module__slideshow-container  \">\n\t\t\t\t<div class=\"images_module__slide\" data-slide=\"\"\n\t\t\t\t\t data-duration=\"\"><\/div>\n\t\t\t\t\t\t\t\t\t<div\n\t\t\t\t\t\t class=\"images_module__slides\n\n\t\t\t\t\t   \"\n\t\t\t\t\t>\n\n\t\t\t\t\t\t<div class=\"images__wrapper\" style=\"aspect-ratio: 851 \/ 851;\">\n\t\t\t\t\t\t\t<img decoding=\"async\" width=\"1000\" height=\"667\" src=\"https:\/\/pysslingen.se\/wp-content\/uploads\/2022\/03\/bakande-barn.jpg\" class=\"images__image_ratio  \" alt=\"bakande barn i f\u00f6rskolek\u00f6k\" style=\"aspect-ratio: 851 \/ 851;object-position: center center;\" srcset=\"https:\/\/pysslingen.se\/wp-content\/uploads\/2022\/03\/bakande-barn.jpg 1000w, https:\/\/pysslingen.se\/wp-content\/uploads\/2022\/03\/bakande-barn-300x200.jpg 300w, https:\/\/pysslingen.se\/wp-content\/uploads\/2022\/03\/bakande-barn-768x512.jpg 768w, https:\/\/pysslingen.se\/wp-content\/uploads\/2022\/03\/bakande-barn-500x334.jpg 500w, https:\/\/pysslingen.se\/wp-content\/uploads\/2022\/03\/bakande-barn-340x227.jpg 340w\" sizes=\"(max-width: 1000px) 100vw, 1000px\" \/>\t\t\t\t\t\t<\/div>\n\t\t\t\t\t\t\n\n\t\t\t\t\t\t\t\t\t\t\t<\/div>\n\t\t\t\t\n\t\t\t\t<div class=\"images_module__container_dot\">\n\t\t\t\t\t<div style=\"text-align:center\">\n\n\n\t\t\t\t\t\t\t\t\t\t\t\t\t<span   data-i=\"0\"\n\t\t\t\t\t\t\t\t  class=\"\n\t\t\t\t\t\t\timages_module__dot\n\t\t\t\t\t\t\t\t\t\t\t\t\t\t\"\n\t\t\t\t\t\t\t><\/span>\n\t\t\t\t\t\t\t\t\t\t\t<\/div>\n\t\t\t\t<\/div>\n\n\n\t\t\t<\/div>\n\t\t<\/div>\n\t<\/div>\n\n\t\n\n\n<script>\n\tvar images_display_descriptive_text = \"\";\n<\/script>\n<\/div>\n\n\n\n<div class=\"wp-block-column is-layout-flow wp-block-column-is-layout-flow\">\n<h2 class=\"wp-block-heading\">Skapa matgl\u00e4dje hemma med ditt barn<\/h2>\n\n\n\n<p   class=\"site__ingress container text-left  site__text-color--dark  site__free_text--ingress p-0\">\n\t&#8211; recept, lust och l\u00e4rande i v\u00e5r egen kokbok<\/p>\n\n\n\n\n\n<p>Mat kan g\u00f6ra mycket mer \u00e4n bara m\u00e4tta. Den kan bidra till ett h\u00e5llbart samh\u00e4lle, b\u00e4ttre h\u00e4lsa och kan dessutom anv\u00e4ndas till att l\u00e4ra ut helt andra saker \u00e4n matlagning. I Pysslingen F\u00f6rskolors egen kokbok<em> I v\u00e5rt k\u00f6k &#8211; med Pyss och Ling<\/em>, f\u00e5r du veta hur. Vi l\u00e4r ocks\u00e5 ut smarta knep hur du l\u00e4r barnet att gilla nya smaker.<\/p>\n\n\n\n<p>Smaklig m\u00e5ltid!<\/p>\n\n\n\n<div class=\"module_wrapper ams_single_button_module cpt-60 cpb-30\" >\n\t<div class=\"container\">\n\t\t<div class=\"row\">\n\t\t\t<div class=\"col-12\">\n\t\t\t\t\n\t\t\t\t\t<div class=\"text-center\">\n\t\t\t\t\t\t\t\t\t\t\t\t\t\t\t\t\t\t\t<!-- Please don't convert it to button from <a>. If we use javascript linking, it is not\n\t\t\t\t\t\ttracking correctly in Google Analytic. -->\n\t\t\t\t\t\t\t<a tabindex=\"0.01\"\n\t\t\t\t\t\t\t   id=\"69e19f5943baf\"\n\t\t\t\t\t\t\t   href=\"https:\/\/pysslingen.se\/for-foraldrar\/kokbok\/\"\n\t\t\t\t\t\t\t   target=\"_blank\"\n\t\t\t\t\t\t\t   class=\"btn text-center ams_active_button_state_default site__buttons-1 pt-2 site__cta-bg--100 site__text-color--light site__text-color--light slightly-rounded-corners-btn-shape \"\n\t\t\t\t\t\t\t   title=\"Ta mig till kokboken\"\n\t\t\t\t\t\t\t   role=\"button\">\n\t\t\t\t\t\t\t\tTa mig till kokboken\t\t\t\t\t\t\t<\/a>\n\n\t\t\t\t\t\t\t\t\t\t\t<\/div>\n\n\t\t\t\t\t\t\t<\/div>\n\t\t<\/div>\n\t<\/div>\n<\/div>\n\n\n\n<p><\/p>\n<\/div>\n<\/div>\n\t\t\t\t\t\t\t<\/div>\n\t\t\t\t\t\t<\/div>\n\t\t\t\t\t<\/div>\n\t\t\t\t\t\t<\/div>\n\n\t","protected":false},"excerpt":{"rendered":"","protected":false},"author":5,"featured_media":0,"parent":0,"menu_order":0,"comment_status":"closed","ping_status":"closed","template":"","meta":{"footnotes":""},"yoast_head":"<!-- This site is optimized with the Yoast SEO plugin v22.0 - https:\/\/yoast.com\/wordpress\/plugins\/seo\/ -->\n<title>F\u00e4rjan<\/title>\n<meta name=\"description\" content=\"H\u00e4r delar vi med oss av v\u00e5ra b\u00e4sta tips, lekar och recept f\u00f6r att inspirera dig och ditt barn till en enklare och roligare vardag.\" \/>\n<meta name=\"robots\" content=\"index, follow, max-snippet:-1, max-image-preview:large, max-video-preview:-1\" \/>\n<link rel=\"canonical\" href=\"https:\/\/pysslingen.se\/farjan\/for-foraldrar\/\" \/>\n<meta property=\"og:locale\" content=\"sv_SE\" \/>\n<meta property=\"og:type\" content=\"article\" \/>\n<meta property=\"og:description\" content=\"H\u00e4r delar vi med oss av v\u00e5ra b\u00e4sta tips, lekar och recept f\u00f6r att inspirera dig och ditt barn till en enklare och roligare vardag.\" \/>\n<meta property=\"og:url\" content=\"https:\/\/pysslingen.se\/farjan\/for-foraldrar\/\" \/>\n<meta property=\"og:site_name\" content=\"F\u00e4rjan\" \/>\n<meta property=\"article:modified_time\" content=\"2022-11-10T09:52:22+00:00\" \/>\n<meta name=\"twitter:card\" content=\"summary_large_image\" \/>\n<meta name=\"twitter:description\" content=\"H\u00e4r delar vi med oss av v\u00e5ra b\u00e4sta tips, lekar och recept f\u00f6r att inspirera dig och ditt barn till en enklare och roligare vardag.\" \/>\n<script type=\"application\/ld+json\" class=\"yoast-schema-graph\">{\"@context\":\"https:\/\/schema.org\",\"@graph\":[{\"@type\":\"WebPage\",\"@id\":\"https:\/\/pysslingen.se\/farjan\/for-foraldrar\/\",\"url\":\"https:\/\/pysslingen.se\/farjan\/for-foraldrar\/\",\"name\":\"F\u00f6r f\u00f6r\u00e4ldrar - F\u00e4rjan\",\"isPartOf\":{\"@id\":\"https:\/\/pysslingen.se\/farjan\/#website\"},\"datePublished\":\"2021-05-11T12:14:11+00:00\",\"dateModified\":\"2022-11-10T09:52:22+00:00\",\"description\":\"H\u00e4r delar vi med oss av v\u00e5ra b\u00e4sta tips, lekar och recept f\u00f6r att inspirera dig och ditt barn till en enklare och roligare vardag.\",\"breadcrumb\":{\"@id\":\"https:\/\/pysslingen.se\/farjan\/for-foraldrar\/#breadcrumb\"},\"inLanguage\":\"sv-SE\",\"potentialAction\":[{\"@type\":\"ReadAction\",\"target\":[\"https:\/\/pysslingen.se\/farjan\/for-foraldrar\/\"]}]},{\"@type\":\"BreadcrumbList\",\"@id\":\"https:\/\/pysslingen.se\/farjan\/for-foraldrar\/#breadcrumb\",\"itemListElement\":[{\"@type\":\"ListItem\",\"position\":1,\"name\":\"Start\",\"item\":\"https:\/\/pysslingen.se\/farjan\/\"},{\"@type\":\"ListItem\",\"position\":2,\"name\":\"F\u00f6r f\u00f6r\u00e4ldrar\"}]},{\"@type\":\"WebSite\",\"@id\":\"https:\/\/pysslingen.se\/farjan\/#website\",\"url\":\"https:\/\/pysslingen.se\/farjan\/\",\"name\":\"F\u00e4rjan\",\"description\":\"En trygg och stimulerande v\u00e4rld\",\"publisher\":{\"@id\":\"https:\/\/pysslingen.se\/farjan\/#organization\"},\"potentialAction\":[{\"@type\":\"SearchAction\",\"target\":{\"@type\":\"EntryPoint\",\"urlTemplate\":\"https:\/\/pysslingen.se\/farjan\/?s={search_term_string}\"},\"query-input\":\"required name=search_term_string\"}],\"inLanguage\":\"sv-SE\"},{\"@type\":\"Organization\",\"@id\":\"https:\/\/pysslingen.se\/farjan\/#organization\",\"name\":\"Pysslingen F\u00f6rskolor\",\"url\":\"https:\/\/pysslingen.se\/farjan\/\",\"logo\":{\"@type\":\"ImageObject\",\"inLanguage\":\"sv-SE\",\"@id\":\"https:\/\/pysslingen.se\/farjan\/#\/schema\/logo\/image\/\",\"url\":\"https:\/\/pysslingen.se\/wp-content\/uploads\/2021\/05\/pysslingen-forskolor.png\",\"contentUrl\":\"https:\/\/pysslingen.se\/wp-content\/uploads\/2021\/05\/pysslingen-forskolor.png\",\"width\":1120,\"height\":630,\"caption\":\"Pysslingen F\u00f6rskolor\"},\"image\":{\"@id\":\"https:\/\/pysslingen.se\/farjan\/#\/schema\/logo\/image\/\"}}]}<\/script>\n<!-- \/ Yoast SEO plugin. -->","yoast_head_json":{"title":"F\u00e4rjan","description":"H\u00e4r delar vi med oss av v\u00e5ra b\u00e4sta tips, lekar och recept f\u00f6r att inspirera dig och ditt barn till en enklare och roligare vardag.","robots":{"index":"index","follow":"follow","max-snippet":"max-snippet:-1","max-image-preview":"max-image-preview:large","max-video-preview":"max-video-preview:-1"},"canonical":"https:\/\/pysslingen.se\/farjan\/for-foraldrar\/","og_locale":"sv_SE","og_type":"article","og_description":"H\u00e4r delar vi med oss av v\u00e5ra b\u00e4sta tips, lekar och recept f\u00f6r att inspirera dig och ditt barn till en enklare och roligare vardag.","og_url":"https:\/\/pysslingen.se\/farjan\/for-foraldrar\/","og_site_name":"F\u00e4rjan","article_modified_time":"2022-11-10T09:52:22+00:00","twitter_card":"summary_large_image","twitter_description":"H\u00e4r delar vi med oss av v\u00e5ra b\u00e4sta tips, lekar och recept f\u00f6r att inspirera dig och ditt barn till en enklare och roligare vardag.","schema":{"@context":"https:\/\/schema.org","@graph":[{"@type":"WebPage","@id":"https:\/\/pysslingen.se\/farjan\/for-foraldrar\/","url":"https:\/\/pysslingen.se\/farjan\/for-foraldrar\/","name":"F\u00f6r f\u00f6r\u00e4ldrar - F\u00e4rjan","isPartOf":{"@id":"https:\/\/pysslingen.se\/farjan\/#website"},"datePublished":"2021-05-11T12:14:11+00:00","dateModified":"2022-11-10T09:52:22+00:00","description":"H\u00e4r delar vi med oss av v\u00e5ra b\u00e4sta tips, lekar och recept f\u00f6r att inspirera dig och ditt barn till en enklare och roligare vardag.","breadcrumb":{"@id":"https:\/\/pysslingen.se\/farjan\/for-foraldrar\/#breadcrumb"},"inLanguage":"sv-SE","potentialAction":[{"@type":"ReadAction","target":["https:\/\/pysslingen.se\/farjan\/for-foraldrar\/"]}]},{"@type":"BreadcrumbList","@id":"https:\/\/pysslingen.se\/farjan\/for-foraldrar\/#breadcrumb","itemListElement":[{"@type":"ListItem","position":1,"name":"Start","item":"https:\/\/pysslingen.se\/farjan\/"},{"@type":"ListItem","position":2,"name":"F\u00f6r f\u00f6r\u00e4ldrar"}]},{"@type":"WebSite","@id":"https:\/\/pysslingen.se\/farjan\/#website","url":"https:\/\/pysslingen.se\/farjan\/","name":"F\u00e4rjan","description":"En trygg och stimulerande v\u00e4rld","publisher":{"@id":"https:\/\/pysslingen.se\/farjan\/#organization"},"potentialAction":[{"@type":"SearchAction","target":{"@type":"EntryPoint","urlTemplate":"https:\/\/pysslingen.se\/farjan\/?s={search_term_string}"},"query-input":"required name=search_term_string"}],"inLanguage":"sv-SE"},{"@type":"Organization","@id":"https:\/\/pysslingen.se\/farjan\/#organization","name":"Pysslingen F\u00f6rskolor","url":"https:\/\/pysslingen.se\/farjan\/","logo":{"@type":"ImageObject","inLanguage":"sv-SE","@id":"https:\/\/pysslingen.se\/farjan\/#\/schema\/logo\/image\/","url":"https:\/\/pysslingen.se\/wp-content\/uploads\/2021\/05\/pysslingen-forskolor.png","contentUrl":"https:\/\/pysslingen.se\/wp-content\/uploads\/2021\/05\/pysslingen-forskolor.png","width":1120,"height":630,"caption":"Pysslingen F\u00f6rskolor"},"image":{"@id":"https:\/\/pysslingen.se\/farjan\/#\/schema\/logo\/image\/"}}]}},"_links":{"self":[{"href":"https:\/\/pysslingen.se\/farjan\/wp-json\/wp\/v2\/pages\/1114"}],"collection":[{"href":"https:\/\/pysslingen.se\/farjan\/wp-json\/wp\/v2\/pages"}],"about":[{"href":"https:\/\/pysslingen.se\/farjan\/wp-json\/wp\/v2\/types\/page"}],"author":[{"embeddable":true,"href":"https:\/\/pysslingen.se\/farjan\/wp-json\/wp\/v2\/users\/5"}],"replies":[{"embeddable":true,"href":"https:\/\/pysslingen.se\/farjan\/wp-json\/wp\/v2\/comments?post=1114"}],"version-history":[{"count":1,"href":"https:\/\/pysslingen.se\/farjan\/wp-json\/wp\/v2\/pages\/1114\/revisions"}],"predecessor-version":[{"id":1115,"href":"https:\/\/pysslingen.se\/farjan\/wp-json\/wp\/v2\/pages\/1114\/revisions\/1115"}],"wp:attachment":[{"href":"https:\/\/pysslingen.se\/farjan\/wp-json\/wp\/v2\/media?parent=1114"}],"curies":[{"name":"wp","href":"https:\/\/api.w.org\/{rel}","templated":true}]}}