{"id":209,"date":"2020-10-01T11:27:44","date_gmt":"2020-10-01T11:27:44","guid":{"rendered":"https:\/\/pysslingen.se\/djurgardsvyn\/?page_id=209"},"modified":"2024-12-12T16:35:48","modified_gmt":"2024-12-12T15:35:48","slug":"samverkan-med-hemmet","status":"publish","type":"page","link":"https:\/\/pysslingen.se\/djurgardsvyn\/samverkan-med-hemmet\/","title":{"rendered":"Samverkan med hemmet"},"content":{"rendered":"\t<div\n\t\t class=\"module_wrapper container-fluid images-module\" >\n\t\t<div class=\"row\">\n\t\t\t<div\n\t\t\t\t\tclass=\"col-12 m-0 p-0 position-relative images_module__slideshow images_module__slideshow-container module-expand \">\n\n\t\t\t\t<div class=\"images_module__slide \" data-slide=\"\"\n\t\t\t\t\t data-duration=\"\"><\/div>\n\t\t\t\t\t\t\t\t\t<div\n\t\t\t\t\t\t class=\"images_module__slides \">\n\n\n\t\t\t\t\t\t<div class=\"images__wrapper\"\n\t\t\t\t\t\t\t style=\"aspect-ratio: 1441 \/ 531;\">\n\t\t\t\t\t\t\t<img decoding=\"async\" width=\"2500\" height=\"1308\" src=\"https:\/\/pysslingen.se\/wp-content\/uploads\/sites\/34\/2020\/10\/1pysslingenannonsmateriall1200x628.png\" class=\"images__image_ratio  \" alt=\"Pyss kommer med sin pappa till f\u00f6rskolan Pysslingen\" style=\"aspect-ratio: 1441 \/ 531;object-position: _center-center;\" srcset=\"https:\/\/pysslingen.se\/wp-content\/uploads\/sites\/34\/2020\/10\/1pysslingenannonsmateriall1200x628.png 2500w, https:\/\/pysslingen.se\/wp-content\/uploads\/sites\/34\/2020\/10\/1pysslingenannonsmateriall1200x628-300x157.png 300w, https:\/\/pysslingen.se\/wp-content\/uploads\/sites\/34\/2020\/10\/1pysslingenannonsmateriall1200x628-1024x536.png 1024w, https:\/\/pysslingen.se\/wp-content\/uploads\/sites\/34\/2020\/10\/1pysslingenannonsmateriall1200x628-768x402.png 768w, https:\/\/pysslingen.se\/wp-content\/uploads\/sites\/34\/2020\/10\/1pysslingenannonsmateriall1200x628-1536x804.png 1536w, https:\/\/pysslingen.se\/wp-content\/uploads\/sites\/34\/2020\/10\/1pysslingenannonsmateriall1200x628-2048x1072.png 2048w, https:\/\/pysslingen.se\/wp-content\/uploads\/sites\/34\/2020\/10\/1pysslingenannonsmateriall1200x628-1920x1005.png 1920w, https:\/\/pysslingen.se\/wp-content\/uploads\/sites\/34\/2020\/10\/1pysslingenannonsmateriall1200x628-1100x576.png 1100w, https:\/\/pysslingen.se\/wp-content\/uploads\/sites\/34\/2020\/10\/1pysslingenannonsmateriall1200x628-1000x523.png 1000w\" sizes=\"(max-width: 2500px) 100vw, 2500px\" \/>\t\t\t\t\t\t<\/div>\n\n\t\t\t\t\t\t\n\t\t\t\t\t\t\t\t\t\t\t<\/div>\n\t\t\t\t\n\t\t\t\t<div class=\"images_module__container_dot \">\n\t\t\t\t\t<div style=\"text-align:center\">\n\t\t\t\t\t\t\t\t\t\t\t\t\t<span   data-i=\"0\"\n\t\t\t\t\t\t\t\t  class=\"images_module__dot\n\t\t\t\t\t\t\t\t\t\t\t\t\t  \"><\/span>\n\t\t\t\t\t\t\t\t\t\t\t<\/div>\n\t\t\t\t<\/div>\n\n\t\t\t<\/div>\n\t\t<\/div>\n\t<\/div>\n\n\n\t\n\n\n<script>\n\tvar images_display_descriptive_text = \"\";\n<\/script>\n\n\n\n<div style=\"height:20px\" aria-hidden=\"true\" class=\"wp-block-spacer\"><\/div>\n\n\n\n<div style=\"height:20px\" aria-hidden=\"true\" class=\"wp-block-spacer\"><\/div>\n\n\n\n<h1 class=\"wp-block-heading\">V\u00e5r kontakt med dig som v\u00e5rdnadshavare<\/h1>\n\n\n\n<h2 class=\"wp-block-heading\">Det dagliga m\u00f6tet<\/h2>\n\n\n\n<p>Det dagliga m\u00f6tet vid h\u00e4mtning och l\u00e4mning \u00e4r viktigt f\u00f6r oss. Det m\u00f6jligg\u00f6r f\u00f6r en dialog mellan f\u00f6rskolan och hemmet f\u00f6r att samverka kring barnets trivsel, utveckling och l\u00e4rande p\u00e5 f\u00f6rskolan. Barnen uppmuntras att sj\u00e4lva ber\u00e4tta om dagen med st\u00f6d av oss pedagoger som finns till hands om det beh\u00f6vs.&nbsp;<\/p>\n\n\n\n<h2 class=\"wp-block-heading\">Utvecklingssamtal<\/h2>\n\n\n\n<p>Vi erbjuder utvecklingssamtal tv\u00e5 g\u00e5nger per l\u00e4s\u00e5r. Som nyinskolad p\u00e5 f\u00f6rskolan f\u00f6ljer vi upp med ett inskolningssamtal.<\/p>\n\n\n\n<h2 class=\"wp-block-heading\">Mitt Pysslingen<\/h2>\n\n\n\n<p>Genom v\u00e5r digitala plattform f\u00e5r du som v\u00e5rdnadshavare l\u00f6pande uppdateringar om ditt barns utveckling och l\u00e4rande i form av bild och text. Informationen ligger till grund f\u00f6r utvecklingssamtalen. P\u00e5 Mitt Pysslingen bloggar vi ocks\u00e5 om vad avdelningen gjort under veckan som g\u00e5tt och vad som kommer att ske under kommande vecka.&nbsp;<\/p>\n\n\n\n<h2 class=\"wp-block-heading\">F\u00f6rskoler\u00e5d<\/h2>\n\n\n\n<p>F\u00f6rskoler\u00e5det \u00e4r ett forum d\u00e4r f\u00f6rskolan bjuder in v\u00e5rdnadshavare att delta i f\u00f6rskolans utveckling. D\u00e4r presenterar vi planer, id\u00e9er och nyheter och diskuterar fr\u00e5gor som r\u00f6r hela f\u00f6rskolan. Vi lyfter \u00e4ven aktuella fr\u00e5gor och funderingar kring utbildningen samt informerar om v\u00e5rt systematiska kvalitetsarbete.<\/p>\n\n\n\n<h2 class=\"wp-block-heading\">\u00c5rlig kundunders\u00f6kning<\/h2>\n\n\n\n<p>Varje \u00e5r f\u00e5r v\u00e5ra v\u00e5rdnadshavare svara p\u00e5 en enk\u00e4t om hur de upplever f\u00f6rskolans verksamhet. Det h\u00e4r \u00e4r ett viktigt verktyg f\u00f6r v\u00e5r utveckling och vi f\u00f6ljer alltid upp och analyserar v\u00e5ra <a href=\"https:\/\/pysslingen.se\/djurgardsvyn\/resultat\/\">resultat<\/a>.<\/p>\n\n\n\n<div style=\"height:20px\" aria-hidden=\"true\" class=\"wp-block-spacer\"><\/div>\n\n\n\n\n<section  class=\"ams-cta ams-cta--stacked c-block l-stacked\">\n\t<div class=\"l-container l-stack l-stack-fluid-2xl u-pt-fluid-3xl-6xl u-pb-fluid-3xl-6xl is-center is-center@md\">\n\t\t\t\t\t<div class=\"ams-cta__intro l-stack l-stack-lg\">\n\t\t\t\t\t\n\t<h2\n\tclass=\"c-heading u-font-title-1 \"\n\tstyle=\"\">\n\t\t\n\t\t\t\t\tDu som v\u00e5rdnadshavare spelar en viktig roll vid inskolningen\n\t\t\t\t\n\t<\/h2>\n\n\t\t\t\t\t\t\t<\/div>\n\t\t\n\t\t\n\t\t\t<div class=\"ams-cta__action u-inline-items\">\n\t\t\t\t\t\t\t\n\n\n<a href=\"https:\/\/pysslingen.se\/djurgardsvyn\/inskolning\/\"\n\t\n\tclass=\"c-btn \"\n\tdata-style=\"rounded\"\n\tdata-size=\"md\"\n\tdata-width=\"full-mobile\"\n\tdata-variant=\"default\"\n\ttarget=\"_self\">\n\t\t\t<span class=\"label\"> L\u00e4s mer om inskolning<\/span>\n\t\t\t<\/a>\n\t\t\t<\/div>\n\t<\/div>\n\n\t\t\n\n<\/section>\n","protected":false},"excerpt":{"rendered":"<p>V\u00e5r kontakt med dig som v\u00e5rdnadshavare Det dagliga m\u00f6tet Det dagliga m\u00f6tet vid h\u00e4mtning och l\u00e4mning \u00e4r viktigt f\u00f6r oss. Det m\u00f6jligg\u00f6r f\u00f6r en dialog mellan f\u00f6rskolan och hemmet f\u00f6r att samverka kring barnets trivsel, utveckling och l\u00e4rande p\u00e5 f\u00f6rskolan. Barnen uppmuntras att sj\u00e4lva ber\u00e4tta om dagen med st\u00f6d av oss pedagoger som finns till&#8230;<\/p>\n","protected":false},"author":5,"featured_media":0,"parent":0,"menu_order":0,"comment_status":"closed","ping_status":"closed","template":"","meta":{"footnotes":""},"yoast_head":"<!-- This site is optimized with the Yoast SEO plugin v22.0 - https:\/\/yoast.com\/wordpress\/plugins\/seo\/ -->\n<title>Djurg\u00e5rdsvyn<\/title>\n<meta name=\"description\" content=\"Genom en god och regelbunden kommunikation kan du vara med och p\u00e5verka ditt barns utveckling och l\u00e4rande p\u00e5 f\u00f6rskolan Djurg\u00e5rdsvyn.\" \/>\n<meta name=\"robots\" content=\"index, follow, max-snippet:-1, max-image-preview:large, max-video-preview:-1\" \/>\n<link rel=\"canonical\" href=\"https:\/\/pysslingen.se\/djurgardsvyn\/samverkan-med-hemmet\/\" \/>\n<meta property=\"og:locale\" content=\"sv_SE\" \/>\n<meta property=\"og:type\" content=\"article\" \/>\n<meta property=\"og:description\" content=\"Genom en god och regelbunden kommunikation kan du vara med och p\u00e5verka ditt barns utveckling och l\u00e4rande p\u00e5 f\u00f6rskolan Djurg\u00e5rdsvyn.\" \/>\n<meta property=\"og:url\" content=\"https:\/\/pysslingen.se\/djurgardsvyn\/samverkan-med-hemmet\/\" \/>\n<meta property=\"og:site_name\" content=\"Djurg\u00e5rdsvyn\" \/>\n<meta property=\"article:modified_time\" content=\"2024-12-12T15:35:48+00:00\" \/>\n<meta name=\"twitter:card\" content=\"summary_large_image\" \/>\n<meta name=\"twitter:description\" content=\"Genom en god och regelbunden kommunikation kan du vara med och p\u00e5verka ditt barns utveckling och l\u00e4rande p\u00e5 f\u00f6rskolan Djurg\u00e5rdsvyn.\" \/>\n<meta name=\"twitter:image\" content=\"https:\/\/pysslingen.se\/wp-content\/uploads\/sites\/34\/2020\/10\/1pysslingenannonsmateriall1200x628.png\" \/>\n<meta name=\"twitter:label1\" content=\"Ber\u00e4knad l\u00e4stid\" \/>\n\t<meta name=\"twitter:data1\" content=\"2 minuter\" \/>\n<script type=\"application\/ld+json\" class=\"yoast-schema-graph\">{\"@context\":\"https:\/\/schema.org\",\"@graph\":[{\"@type\":\"WebPage\",\"@id\":\"https:\/\/pysslingen.se\/djurgardsvyn\/samverkan-med-hemmet\/\",\"url\":\"https:\/\/pysslingen.se\/djurgardsvyn\/samverkan-med-hemmet\/\",\"name\":\"Samverkan med hemmet - Djurg\u00e5rdsvyn\",\"isPartOf\":{\"@id\":\"https:\/\/pysslingen.se\/djurgardsvyn\/#website\"},\"datePublished\":\"2020-10-01T11:27:44+00:00\",\"dateModified\":\"2024-12-12T15:35:48+00:00\",\"description\":\"Genom en god och regelbunden kommunikation kan du vara med och p\u00e5verka ditt barns utveckling och l\u00e4rande p\u00e5 f\u00f6rskolan Djurg\u00e5rdsvyn.\",\"breadcrumb\":{\"@id\":\"https:\/\/pysslingen.se\/djurgardsvyn\/samverkan-med-hemmet\/#breadcrumb\"},\"inLanguage\":\"sv-SE\",\"potentialAction\":[{\"@type\":\"ReadAction\",\"target\":[\"https:\/\/pysslingen.se\/djurgardsvyn\/samverkan-med-hemmet\/\"]}]},{\"@type\":\"BreadcrumbList\",\"@id\":\"https:\/\/pysslingen.se\/djurgardsvyn\/samverkan-med-hemmet\/#breadcrumb\",\"itemListElement\":[{\"@type\":\"ListItem\",\"position\":1,\"name\":\"Start\",\"item\":\"https:\/\/pysslingen.se\/djurgardsvyn\/\"},{\"@type\":\"ListItem\",\"position\":2,\"name\":\"Samverkan med hemmet\"}]},{\"@type\":\"WebSite\",\"@id\":\"https:\/\/pysslingen.se\/djurgardsvyn\/#website\",\"url\":\"https:\/\/pysslingen.se\/djurgardsvyn\/\",\"name\":\"Djurg\u00e5rdsvyn\",\"description\":\"En trygg och stimulerande v\u00e4rld\",\"publisher\":{\"@id\":\"https:\/\/pysslingen.se\/djurgardsvyn\/#organization\"},\"potentialAction\":[{\"@type\":\"SearchAction\",\"target\":{\"@type\":\"EntryPoint\",\"urlTemplate\":\"https:\/\/pysslingen.se\/djurgardsvyn\/?s={search_term_string}\"},\"query-input\":\"required name=search_term_string\"}],\"inLanguage\":\"sv-SE\"},{\"@type\":\"Organization\",\"@id\":\"https:\/\/pysslingen.se\/djurgardsvyn\/#organization\",\"name\":\"Pysslingen F\u00f6rskolor\",\"url\":\"https:\/\/pysslingen.se\/djurgardsvyn\/\",\"logo\":{\"@type\":\"ImageObject\",\"inLanguage\":\"sv-SE\",\"@id\":\"https:\/\/pysslingen.se\/djurgardsvyn\/#\/schema\/logo\/image\/\",\"url\":\"https:\/\/pysslingen.se\/wp-content\/uploads\/2021\/05\/pysslingen-forskolor.png\",\"contentUrl\":\"https:\/\/pysslingen.se\/wp-content\/uploads\/2021\/05\/pysslingen-forskolor.png\",\"width\":1120,\"height\":630,\"caption\":\"Pysslingen F\u00f6rskolor\"},\"image\":{\"@id\":\"https:\/\/pysslingen.se\/djurgardsvyn\/#\/schema\/logo\/image\/\"}}]}<\/script>\n<!-- \/ Yoast SEO plugin. -->","yoast_head_json":{"title":"Djurg\u00e5rdsvyn","description":"Genom en god och regelbunden kommunikation kan du vara med och p\u00e5verka ditt barns utveckling och l\u00e4rande p\u00e5 f\u00f6rskolan Djurg\u00e5rdsvyn.","robots":{"index":"index","follow":"follow","max-snippet":"max-snippet:-1","max-image-preview":"max-image-preview:large","max-video-preview":"max-video-preview:-1"},"canonical":"https:\/\/pysslingen.se\/djurgardsvyn\/samverkan-med-hemmet\/","og_locale":"sv_SE","og_type":"article","og_description":"Genom en god och regelbunden kommunikation kan du vara med och p\u00e5verka ditt barns utveckling och l\u00e4rande p\u00e5 f\u00f6rskolan Djurg\u00e5rdsvyn.","og_url":"https:\/\/pysslingen.se\/djurgardsvyn\/samverkan-med-hemmet\/","og_site_name":"Djurg\u00e5rdsvyn","article_modified_time":"2024-12-12T15:35:48+00:00","twitter_card":"summary_large_image","twitter_description":"Genom en god och regelbunden kommunikation kan du vara med och p\u00e5verka ditt barns utveckling och l\u00e4rande p\u00e5 f\u00f6rskolan Djurg\u00e5rdsvyn.","twitter_image":"https:\/\/pysslingen.se\/wp-content\/uploads\/sites\/34\/2020\/10\/1pysslingenannonsmateriall1200x628.png","twitter_misc":{"Ber\u00e4knad l\u00e4stid":"2 minuter"},"schema":{"@context":"https:\/\/schema.org","@graph":[{"@type":"WebPage","@id":"https:\/\/pysslingen.se\/djurgardsvyn\/samverkan-med-hemmet\/","url":"https:\/\/pysslingen.se\/djurgardsvyn\/samverkan-med-hemmet\/","name":"Samverkan med hemmet - Djurg\u00e5rdsvyn","isPartOf":{"@id":"https:\/\/pysslingen.se\/djurgardsvyn\/#website"},"datePublished":"2020-10-01T11:27:44+00:00","dateModified":"2024-12-12T15:35:48+00:00","description":"Genom en god och regelbunden kommunikation kan du vara med och p\u00e5verka ditt barns utveckling och l\u00e4rande p\u00e5 f\u00f6rskolan Djurg\u00e5rdsvyn.","breadcrumb":{"@id":"https:\/\/pysslingen.se\/djurgardsvyn\/samverkan-med-hemmet\/#breadcrumb"},"inLanguage":"sv-SE","potentialAction":[{"@type":"ReadAction","target":["https:\/\/pysslingen.se\/djurgardsvyn\/samverkan-med-hemmet\/"]}]},{"@type":"BreadcrumbList","@id":"https:\/\/pysslingen.se\/djurgardsvyn\/samverkan-med-hemmet\/#breadcrumb","itemListElement":[{"@type":"ListItem","position":1,"name":"Start","item":"https:\/\/pysslingen.se\/djurgardsvyn\/"},{"@type":"ListItem","position":2,"name":"Samverkan med hemmet"}]},{"@type":"WebSite","@id":"https:\/\/pysslingen.se\/djurgardsvyn\/#website","url":"https:\/\/pysslingen.se\/djurgardsvyn\/","name":"Djurg\u00e5rdsvyn","description":"En trygg och stimulerande v\u00e4rld","publisher":{"@id":"https:\/\/pysslingen.se\/djurgardsvyn\/#organization"},"potentialAction":[{"@type":"SearchAction","target":{"@type":"EntryPoint","urlTemplate":"https:\/\/pysslingen.se\/djurgardsvyn\/?s={search_term_string}"},"query-input":"required name=search_term_string"}],"inLanguage":"sv-SE"},{"@type":"Organization","@id":"https:\/\/pysslingen.se\/djurgardsvyn\/#organization","name":"Pysslingen F\u00f6rskolor","url":"https:\/\/pysslingen.se\/djurgardsvyn\/","logo":{"@type":"ImageObject","inLanguage":"sv-SE","@id":"https:\/\/pysslingen.se\/djurgardsvyn\/#\/schema\/logo\/image\/","url":"https:\/\/pysslingen.se\/wp-content\/uploads\/2021\/05\/pysslingen-forskolor.png","contentUrl":"https:\/\/pysslingen.se\/wp-content\/uploads\/2021\/05\/pysslingen-forskolor.png","width":1120,"height":630,"caption":"Pysslingen F\u00f6rskolor"},"image":{"@id":"https:\/\/pysslingen.se\/djurgardsvyn\/#\/schema\/logo\/image\/"}}]}},"_links":{"self":[{"href":"https:\/\/pysslingen.se\/djurgardsvyn\/wp-json\/wp\/v2\/pages\/209"}],"collection":[{"href":"https:\/\/pysslingen.se\/djurgardsvyn\/wp-json\/wp\/v2\/pages"}],"about":[{"href":"https:\/\/pysslingen.se\/djurgardsvyn\/wp-json\/wp\/v2\/types\/page"}],"author":[{"embeddable":true,"href":"https:\/\/pysslingen.se\/djurgardsvyn\/wp-json\/wp\/v2\/users\/5"}],"replies":[{"embeddable":true,"href":"https:\/\/pysslingen.se\/djurgardsvyn\/wp-json\/wp\/v2\/comments?post=209"}],"version-history":[{"count":10,"href":"https:\/\/pysslingen.se\/djurgardsvyn\/wp-json\/wp\/v2\/pages\/209\/revisions"}],"predecessor-version":[{"id":1446,"href":"https:\/\/pysslingen.se\/djurgardsvyn\/wp-json\/wp\/v2\/pages\/209\/revisions\/1446"}],"wp:attachment":[{"href":"https:\/\/pysslingen.se\/djurgardsvyn\/wp-json\/wp\/v2\/media?parent=209"}],"curies":[{"name":"wp","href":"https:\/\/api.w.org\/{rel}","templated":true}]}}